{"id":4836,"date":"2018-08-22T11:53:30","date_gmt":"2018-08-22T09:53:30","guid":{"rendered":"https:\/\/www.iskreni.net\/trgovina\/product\/boba-4g-copy\/"},"modified":"2023-07-27T07:26:54","modified_gmt":"2023-07-27T05:26:54","slug":"boba-x","status":"publish","type":"product","link":"https:\/\/www.iskreni.net\/trgovina\/product\/boba-x\/","title":{"rendered":"Boba X"},"content":{"rendered":"<h4>Opis:<\/h4>\n<p>Nova ergonomska nosilka <strong>Boba X<\/strong>\u00a0je\u00a0<strong>enostavna za uporabo<\/strong>\u00a0in ima\u00a0<strong>nastavljivo hrbti\u0161\u010de\u00a0<\/strong>in\u00a0<strong>sedi\u0161\u010de,\u00a0<\/strong>zato jo lahko uporabljate od prvih dni pa vse do vrtca. V nosilki <strong>Boba X\u00a0<\/strong>lahko\u00a0<strong>brez posebnega vstavka<\/strong> nosite tudi najmlaj\u0161e. Ker je nosilko mo\u017eno nastaviti, se <strong>povsem prilega telesu va\u0161ega otroka<\/strong> in mu<strong> nudi odli\u010dno oporo.<\/strong> Poleg tega lahko pri nosilki <strong>Boba X\u00a0<\/strong>najdete \u0161tevilne dodatke, ki bodo poskrbeli za ve\u010dje udobje in prakti\u010dnost:\u00a0<strong>hitro zaponko za dojenje<\/strong>,\u00a0<strong>pa\u0161\u010dek za pritrditev torbice<\/strong>,\u00a0<strong>dva skrita \u017eepka na zadrgo<\/strong>,\u00a0<strong>elasti\u010den udoben prsni pa\u0161\u010dek.<\/strong><\/p>\n<p>Nosilka\u00a0<strong>Boba X\u00a0<\/strong>je najbolj\u0161i na\u010din, kako nositi va\u0161ega otroka, potem ko preraste elasti\u010den trak.<\/p>\n<p>Zaradi <strong>oblazinjenih\u00a0naramnic<\/strong>,\u00a0<strong>strukturiranega pasu<\/strong>\u00a0in <strong>mo\u017enosti enostavnega no\u0161enja na hrbtu<\/strong>\u00a0bo nosilka <strong>Boba X\u00a0<\/strong>nudila\u00a0najvi\u0161jo mero udobja tudi pri no\u0161enju ve\u010djih otrok.\u00a0Vsi pa\u0161\u010dki so\u00a0<strong>nastavljivi<\/strong>, z elasti\u010dnimi gumicami pa jih preprosto zvijemo in pospravimo.<\/p>\n<p>Ker je nosilka<strong> Boba X <\/strong>povsem<strong> nastavljiva, <\/strong>lahko v njej<strong> brez nastavka <\/strong>nosite tudi<strong> novorojen\u010dka\u00a0<\/strong>in jo uporabljate\u00a0<strong>od rojstva oziroma od 3,2 kg pa vse do mal\u010dka te\u017ekega 20 kg.\u00a0 Dodatne blazinice<\/strong><strong>\u00a0za nogice<\/strong>\u00a0pa mal\u010dkom podprejo\u00a0 noge, ko so utrujene, jim nudijo dodatno oporo in omogo\u010dijo sedenje v polo\u017eaju \u017eabice, ergonomskem polo\u017eaju, ki podpira razvoj kolkov in hrbtenice.<\/p>\n<p>Nosilka <strong>Boba X <\/strong>ima na pasu manj\u0161i\u00a0<strong>\u017eep za shranjevanje<\/strong>\u00a0in\u00a0<strong>zaponke\u00a0<\/strong>na\u00a0naramnicah, na katere lahko pritrdimo svojo torbico ali\u00a0igra\u010dke za otroka.\u00a0<strong>K<\/strong><strong>apuca za varovanje glavice<\/strong>, ko otrok zaspi, diskretno dojenje ali za\u0161\u010dito pred vremenom, pa je <strong>snemljiva<\/strong> in <strong>nastavljiva.<\/strong><\/p>\n<p>&nbsp;<\/p>\n<h4><strong>Lastnosti nosilke Boba X:<\/strong><\/h4>\n<ul>\n<li>primerna za otroka od novorojen\u010dka (3,20 kg) do mal\u010dka (20 kg)<\/li>\n<li>priporo\u010damo, da z uporabo nosilke Boba X za\u010dnete po otrokovem 4. mesecu starosti (pred tem priporo\u010damo no\u0161enje v traku\u00a0<a href=\"https:\/\/www.iskreni.net\/trgovina\/product\/boba-wrap\/\">Boba Wrap<\/a>)<\/li>\n<li>omogo\u010da dva polo\u017eaja no\u0161enja &#8211; spredaj in na hrbtu<\/li>\n<li>za no\u0161enje novorojen\u010dka vstavek ni potreben<\/li>\n<li>odli\u010dna za mal\u010dke, (12-36 mesecev), saj vklju\u010duje odstranljive pa\u0161\u010dke za noge in blazinice, ki omogo\u010dajo \u0161irjenje sedi\u0161\u010da<\/li>\n<li>zdru\u017euje udobje in kompaktnost wrap trakov v mehko oblikovani nosilki<\/li>\n<li>nastavitev \u0161irine in vi\u0161ine, ki omogo\u010da, da boste nosilko lahko popolnoma prilagodili va\u0161emu otroku in tako zagotovili optimalno oporo<\/li>\n<li>sedalni del lahko prilagodite z enim gladkim potegom in zaprete na mestu s ploskim potiskom va\u0161e roke<\/li>\n<li>omogo\u010da hitro prilagajanje vi\u0161ine hrbti\u0161\u010da za roke dojen\u010dka, pomo\u010d pri dojenju in podporo glave\/vratu, ko otrok zaspi<\/li>\n<li>Priznana kot izdelek primeren za zdravje s strani Mednarodnega in\u0161tituta za displazijo kolkov<\/li>\n<\/ul>\n<p>&nbsp;<\/p>\n<h4><strong>Zna\u010dilnosti:<\/strong><\/h4>\n<h4><strong><img fetchpriority=\"high\" decoding=\"async\" class=\"wp-image-7682 alignright\" src=\"https:\/\/cdn.shopify.com\/s\/files\/1\/0675\/4851\/files\/Screen_Shot_2018-07-11_at_10.22.02_large.png?v=1531298080\" sizes=\"(max-width: 338px) 100vw, 338px\" srcset=\"https:\/\/mojskratek.si\/wp-content\/uploads\/2014\/05\/boba-4g-lastnosti-1-247x300.png 247w, https:\/\/mojskratek.si\/wp-content\/uploads\/2014\/05\/boba-4g-lastnosti-1.png 524w\" alt=\"\" width=\"338\" height=\"411\" \/><\/strong><\/h4>\n<p>1. Sedalni del je prilagodljiv po \u0161irini (20-53 cm).<\/p>\n<p>2. Jedro nosilke je prilagodljivo po vi\u0161ini (30-40 cm).<\/p>\n<p>3. Ramenski trakovi se podalj\u0161ujejo in kraj\u0161ajo. Prijazno nosa\u010dem manj\u0161e rasti.<\/p>\n<p>4. Oblazinjeni ramenski trakovi z mo\u017enostjo kri\u017enega no\u0161enja.<\/p>\n<p>5. Vklju\u010dene so blazinice za \u0161iritev sedalnega dela.<\/p>\n<p>6. Dodana je odstranljiva nastavljiva kapuca, ki je shranjena v skrivnem \u017eepu.<\/p>\n<p>7. Na pasi je name\u0161\u010den \u017eepek z zadrgo za pametni telefon.<\/p>\n<p>8. Trak za pritrditev torbice \u2013 premi\u0161ljen dodatek, ki bo obdr\u017eal va\u0161o torbico na mestu.<\/p>\n<p>9. Gladko nastavljiv prsni trak.<\/p>\n","protected":false},"excerpt":{"rendered":"<div class=\"product-tabs \">\n<div class=\"product-content product-tab-0 product-content-current\">\n<p>Nositi otroka v svojem naro\u010dju je ena najbolj prvinskih in preprostih stvari. Ne samo, da je no\u0161enje prakti\u010dno, ampak odgovarja na temeljne potrebe otroka po telesnem in \u010dustvenem stiku s star\u0161i.<\/p>\n<\/div>\n<\/div>\n<p>Nova nosilka\u00a0<strong>Boba X\u00a0<\/strong>je odli\u010dna izbira za vsakega otroka, saj je popolnoma nastavljiva, zato bo rasla skupaj z njim!<\/p>\n<p>V Zavodu Iskreni omogo\u010damo <strong>osebno svetovanje<\/strong>\u00a0ter\u00a0<strong>izposojo<\/strong> nosilk. Za informacijo pi\u0161ite na <a href=\"mailto:pisarna@iskreni.net\">pisarna@iskreni.net<\/a>.<\/p>\n","protected":false},"featured_media":4846,"comment_status":"open","ping_status":"closed","template":"","meta":[],"product_brand":[],"product_cat":[1837,77,79],"product_tag":[],"avtor":[],"zalozba":[],"vezava":[],"class_list":{"0":"post-4836","1":"product","2":"type-product","3":"status-publish","4":"has-post-thumbnail","6":"product_cat-akcija-in-odprodaja","7":"product_cat-nosilke-in-trakovi","8":"product_cat-ergonomske-nosilke","10":"first","11":"outofstock","12":"taxable","13":"shipping-taxable","14":"product-type-variable"},"yoast_head":"<!-- This site is optimized with the Yoast SEO plugin v26.3 - https:\/\/yoast.com\/wordpress\/plugins\/seo\/ -->\n<title>Nosilka Boba X - nova nosilka, ki raste z otrokom - trgovina Iskreni<\/title>\n<meta name=\"description\" content=\"Nova ergonomska nosilka Boba X je odli\u010dna izbira za no\u0161enje va\u0161ega otroka, saj bo z njim rasla, zato mu bo v vsakem trenutku kot po meri.\" \/>\n<meta name=\"robots\" content=\"index, follow, max-snippet:-1, max-image-preview:large, max-video-preview:-1\" \/>\n<link rel=\"canonical\" href=\"https:\/\/www.iskreni.net\/trgovina\/product\/boba-x\/\" \/>\n<meta property=\"og:locale\" content=\"sl_SI\" \/>\n<meta property=\"og:type\" content=\"article\" \/>\n<meta property=\"og:title\" content=\"Nosilka Boba X - nova nosilka, ki raste z otrokom - trgovina Iskreni\" \/>\n<meta property=\"og:description\" content=\"Nova ergonomska nosilka Boba X je odli\u010dna izbira za no\u0161enje va\u0161ega otroka, saj bo z njim rasla, zato mu bo v vsakem trenutku kot po meri.\" \/>\n<meta property=\"og:url\" content=\"https:\/\/www.iskreni.net\/trgovina\/product\/boba-x\/\" \/>\n<meta property=\"og:site_name\" content=\"Zavod Iskreni\" \/>\n<meta property=\"article:modified_time\" content=\"2023-07-27T05:26:54+00:00\" \/>\n<meta property=\"og:image\" content=\"https:\/\/www.iskreni.net\/trgovina\/wp-content\/uploads\/2018\/08\/boba-x-nosilka-za-otroke-ziggurat.jpg\" \/>\n\t<meta property=\"og:image:width\" content=\"400\" \/>\n\t<meta property=\"og:image:height\" content=\"400\" \/>\n\t<meta property=\"og:image:type\" content=\"image\/jpeg\" \/>\n<meta name=\"twitter:card\" content=\"summary_large_image\" \/>\n<meta name=\"twitter:label1\" content=\"Est. reading time\" \/>\n\t<meta name=\"twitter:data1\" content=\"3 minute\" \/>\n<script type=\"application\/ld+json\" class=\"yoast-schema-graph\">{\"@context\":\"https:\/\/schema.org\",\"@graph\":[{\"@type\":\"WebPage\",\"@id\":\"https:\/\/www.iskreni.net\/trgovina\/product\/boba-x\/\",\"url\":\"https:\/\/www.iskreni.net\/trgovina\/product\/boba-x\/\",\"name\":\"Nosilka Boba X - nova nosilka, ki raste z otrokom - trgovina Iskreni\",\"isPartOf\":{\"@id\":\"https:\/\/www.iskreni.net\/trgovina\/#website\"},\"primaryImageOfPage\":{\"@id\":\"https:\/\/www.iskreni.net\/trgovina\/product\/boba-x\/#primaryimage\"},\"image\":{\"@id\":\"https:\/\/www.iskreni.net\/trgovina\/product\/boba-x\/#primaryimage\"},\"thumbnailUrl\":\"https:\/\/www.iskreni.net\/trgovina\/wp-content\/uploads\/2018\/08\/boba-x-nosilka-za-otroke-ziggurat.jpg\",\"datePublished\":\"2018-08-22T09:53:30+00:00\",\"dateModified\":\"2023-07-27T05:26:54+00:00\",\"description\":\"Nova ergonomska nosilka Boba X je odli\u010dna izbira za no\u0161enje va\u0161ega otroka, saj bo z njim rasla, zato mu bo v vsakem trenutku kot po meri.\",\"breadcrumb\":{\"@id\":\"https:\/\/www.iskreni.net\/trgovina\/product\/boba-x\/#breadcrumb\"},\"inLanguage\":\"sl-SI\",\"potentialAction\":[{\"@type\":\"ReadAction\",\"target\":[\"https:\/\/www.iskreni.net\/trgovina\/product\/boba-x\/\"]}]},{\"@type\":\"ImageObject\",\"inLanguage\":\"sl-SI\",\"@id\":\"https:\/\/www.iskreni.net\/trgovina\/product\/boba-x\/#primaryimage\",\"url\":\"https:\/\/www.iskreni.net\/trgovina\/wp-content\/uploads\/2018\/08\/boba-x-nosilka-za-otroke-ziggurat.jpg\",\"contentUrl\":\"https:\/\/www.iskreni.net\/trgovina\/wp-content\/uploads\/2018\/08\/boba-x-nosilka-za-otroke-ziggurat.jpg\",\"width\":400,\"height\":400},{\"@type\":\"BreadcrumbList\",\"@id\":\"https:\/\/www.iskreni.net\/trgovina\/product\/boba-x\/#breadcrumb\",\"itemListElement\":[{\"@type\":\"ListItem\",\"position\":1,\"name\":\"Home\",\"item\":\"https:\/\/www.iskreni.net\/trgovina\/\"},{\"@type\":\"ListItem\",\"position\":2,\"name\":\"Trgovina\",\"item\":\"https:\/\/www.iskreni.net\/trgovina\/trgovina\/\"},{\"@type\":\"ListItem\",\"position\":3,\"name\":\"Boba X\"}]},{\"@type\":\"WebSite\",\"@id\":\"https:\/\/www.iskreni.net\/trgovina\/#website\",\"url\":\"https:\/\/www.iskreni.net\/trgovina\/\",\"name\":\"Zavod Iskreni\",\"description\":\"trgovina\",\"potentialAction\":[{\"@type\":\"SearchAction\",\"target\":{\"@type\":\"EntryPoint\",\"urlTemplate\":\"https:\/\/www.iskreni.net\/trgovina\/?s={search_term_string}\"},\"query-input\":{\"@type\":\"PropertyValueSpecification\",\"valueRequired\":true,\"valueName\":\"search_term_string\"}}],\"inLanguage\":\"sl-SI\"}]}<\/script>\n<!-- \/ Yoast SEO plugin. -->","yoast_head_json":{"title":"Nosilka Boba X - nova nosilka, ki raste z otrokom - trgovina Iskreni","description":"Nova ergonomska nosilka Boba X je odli\u010dna izbira za no\u0161enje va\u0161ega otroka, saj bo z njim rasla, zato mu bo v vsakem trenutku kot po meri.","robots":{"index":"index","follow":"follow","max-snippet":"max-snippet:-1","max-image-preview":"max-image-preview:large","max-video-preview":"max-video-preview:-1"},"canonical":"https:\/\/www.iskreni.net\/trgovina\/product\/boba-x\/","og_locale":"sl_SI","og_type":"article","og_title":"Nosilka Boba X - nova nosilka, ki raste z otrokom - trgovina Iskreni","og_description":"Nova ergonomska nosilka Boba X je odli\u010dna izbira za no\u0161enje va\u0161ega otroka, saj bo z njim rasla, zato mu bo v vsakem trenutku kot po meri.","og_url":"https:\/\/www.iskreni.net\/trgovina\/product\/boba-x\/","og_site_name":"Zavod Iskreni","article_modified_time":"2023-07-27T05:26:54+00:00","og_image":[{"width":400,"height":400,"url":"https:\/\/www.iskreni.net\/trgovina\/wp-content\/uploads\/2018\/08\/boba-x-nosilka-za-otroke-ziggurat.jpg","type":"image\/jpeg"}],"twitter_card":"summary_large_image","twitter_misc":{"Est. reading time":"3 minute"},"schema":{"@context":"https:\/\/schema.org","@graph":[{"@type":"WebPage","@id":"https:\/\/www.iskreni.net\/trgovina\/product\/boba-x\/","url":"https:\/\/www.iskreni.net\/trgovina\/product\/boba-x\/","name":"Nosilka Boba X - nova nosilka, ki raste z otrokom - trgovina Iskreni","isPartOf":{"@id":"https:\/\/www.iskreni.net\/trgovina\/#website"},"primaryImageOfPage":{"@id":"https:\/\/www.iskreni.net\/trgovina\/product\/boba-x\/#primaryimage"},"image":{"@id":"https:\/\/www.iskreni.net\/trgovina\/product\/boba-x\/#primaryimage"},"thumbnailUrl":"https:\/\/www.iskreni.net\/trgovina\/wp-content\/uploads\/2018\/08\/boba-x-nosilka-za-otroke-ziggurat.jpg","datePublished":"2018-08-22T09:53:30+00:00","dateModified":"2023-07-27T05:26:54+00:00","description":"Nova ergonomska nosilka Boba X je odli\u010dna izbira za no\u0161enje va\u0161ega otroka, saj bo z njim rasla, zato mu bo v vsakem trenutku kot po meri.","breadcrumb":{"@id":"https:\/\/www.iskreni.net\/trgovina\/product\/boba-x\/#breadcrumb"},"inLanguage":"sl-SI","potentialAction":[{"@type":"ReadAction","target":["https:\/\/www.iskreni.net\/trgovina\/product\/boba-x\/"]}]},{"@type":"ImageObject","inLanguage":"sl-SI","@id":"https:\/\/www.iskreni.net\/trgovina\/product\/boba-x\/#primaryimage","url":"https:\/\/www.iskreni.net\/trgovina\/wp-content\/uploads\/2018\/08\/boba-x-nosilka-za-otroke-ziggurat.jpg","contentUrl":"https:\/\/www.iskreni.net\/trgovina\/wp-content\/uploads\/2018\/08\/boba-x-nosilka-za-otroke-ziggurat.jpg","width":400,"height":400},{"@type":"BreadcrumbList","@id":"https:\/\/www.iskreni.net\/trgovina\/product\/boba-x\/#breadcrumb","itemListElement":[{"@type":"ListItem","position":1,"name":"Home","item":"https:\/\/www.iskreni.net\/trgovina\/"},{"@type":"ListItem","position":2,"name":"Trgovina","item":"https:\/\/www.iskreni.net\/trgovina\/trgovina\/"},{"@type":"ListItem","position":3,"name":"Boba X"}]},{"@type":"WebSite","@id":"https:\/\/www.iskreni.net\/trgovina\/#website","url":"https:\/\/www.iskreni.net\/trgovina\/","name":"Zavod Iskreni","description":"trgovina","potentialAction":[{"@type":"SearchAction","target":{"@type":"EntryPoint","urlTemplate":"https:\/\/www.iskreni.net\/trgovina\/?s={search_term_string}"},"query-input":{"@type":"PropertyValueSpecification","valueRequired":true,"valueName":"search_term_string"}}],"inLanguage":"sl-SI"}]}},"_links":{"self":[{"href":"https:\/\/www.iskreni.net\/trgovina\/wp-json\/wp\/v2\/product\/4836","targetHints":{"allow":["GET"]}}],"collection":[{"href":"https:\/\/www.iskreni.net\/trgovina\/wp-json\/wp\/v2\/product"}],"about":[{"href":"https:\/\/www.iskreni.net\/trgovina\/wp-json\/wp\/v2\/types\/product"}],"replies":[{"embeddable":true,"href":"https:\/\/www.iskreni.net\/trgovina\/wp-json\/wp\/v2\/comments?post=4836"}],"version-history":[{"count":9,"href":"https:\/\/www.iskreni.net\/trgovina\/wp-json\/wp\/v2\/product\/4836\/revisions"}],"predecessor-version":[{"id":68233,"href":"https:\/\/www.iskreni.net\/trgovina\/wp-json\/wp\/v2\/product\/4836\/revisions\/68233"}],"wp:featuredmedia":[{"embeddable":true,"href":"https:\/\/www.iskreni.net\/trgovina\/wp-json\/wp\/v2\/media\/4846"}],"wp:attachment":[{"href":"https:\/\/www.iskreni.net\/trgovina\/wp-json\/wp\/v2\/media?parent=4836"}],"wp:term":[{"taxonomy":"product_brand","embeddable":true,"href":"https:\/\/www.iskreni.net\/trgovina\/wp-json\/wp\/v2\/product_brand?post=4836"},{"taxonomy":"product_cat","embeddable":true,"href":"https:\/\/www.iskreni.net\/trgovina\/wp-json\/wp\/v2\/product_cat?post=4836"},{"taxonomy":"product_tag","embeddable":true,"href":"https:\/\/www.iskreni.net\/trgovina\/wp-json\/wp\/v2\/product_tag?post=4836"},{"taxonomy":"avtor","embeddable":true,"href":"https:\/\/www.iskreni.net\/trgovina\/wp-json\/wp\/v2\/avtor?post=4836"},{"taxonomy":"zalozba","embeddable":true,"href":"https:\/\/www.iskreni.net\/trgovina\/wp-json\/wp\/v2\/zalozba?post=4836"},{"taxonomy":"vezava","embeddable":true,"href":"https:\/\/www.iskreni.net\/trgovina\/wp-json\/wp\/v2\/vezava?post=4836"}],"curies":[{"name":"wp","href":"https:\/\/api.w.org\/{rel}","templated":true}]}}