{"id":47951,"date":"2021-11-30T12:25:19","date_gmt":"2021-11-30T11:25:19","guid":{"rendered":"https:\/\/www.iskreni.net\/trgovina\/?post_type=product&#038;p=47951"},"modified":"2025-11-28T11:35:43","modified_gmt":"2025-11-28T10:35:43","slug":"tvoja-pot-sopotnik-skozi-izkusnjo-zalovanja","status":"publish","type":"product","link":"https:\/\/www.iskreni.net\/trgovina\/product\/tvoja-pot-sopotnik-skozi-izkusnjo-zalovanja\/","title":{"rendered":"Tvoja pot: Sopotnik skozi izku\u0161njo \u017ealovanja"},"content":{"rendered":"<h3><strong>O knjigi:<\/strong><\/h3>\n<p>Izku\u0161nja smrti ljubljene osebe v nas povzro\u010di \u0161iroko paleto ob\u010dutkov in \u010dustev. Pogosto se zgodi, da smo izgubljeni in nemo\u010dni. Dragoceno je, \u010de imamo ob sebi spremljevalca, sopotnika v procesu \u017ealovanja, ki se odvija ob smrtih za nas pomembnih ljudi.<\/p>\n<p>V knjigi najdete napotke, nasvete, informacije, ki vam bodo morebiti pomagale na va\u0161i poti.<\/p>\n<p>Tako kot je odnos, va\u0161a vez z umrlo osebo nekaj edinstvenega, bo tudi va\u0161a pot slovesa od ljubljene osebe edinstvena. Prehodili jo boste skupaj s spomini nanjo.<\/p>\n<p>Naj bo knjiga va\u0161 spremljevalec, sopotnik in zaupnik.<\/p>\n<h3><strong>O avtorici:<\/strong><\/h3>\n<p><strong>Ur\u0161ka Petak<\/strong> je radovedna in neizmerno pogumna raziskovalka \u017eivljenja. Pre\u017eemajo jo \u017eivljenjska modrost, osebnostna \u010dvrstost in so\u010dutje, s katerim vedno znova sprejme in podpre ljudi okoli sebe. Je iskren in zanesljiv sopotnik, na katerega se lahko zanese\u0161. Je tudi iskrena in igriva ustvarjalka pronicljivega duha. Po poklici je psihosocialna svetovalka, edukantka psihoterapije. Skozi lastne izku\u0161nje poti \u017ealovanja in ob strokovnih izku\u0161njah tenko\u010dutno odpira prostor posameznikom, ki na svoji poti potrebujejo sopotnika. Deluje na podro\u010dju psihosocialnih stisk, zlasti na podro\u010dju \u017ealovanja otrok in mladostnikov.<\/p>\n","protected":false},"excerpt":{"rendered":"<p><strong>Avtor:<\/strong> Ur\u0161ka Petak<br \/>\n<strong>Ilustracije:<\/strong> Katarina Peterc<br \/>\n<strong>\u0160tevilo strani:<\/strong> 55<br \/>\n<strong>Leto izdaje:<\/strong> 2021<br \/>\n<strong>Zalo\u017eba:<\/strong> Zavod Iskreni<\/p>\n<p>&nbsp;<\/p>\n<p><a href=\"https:\/\/www.iskreni.net\/trgovina\/wp-content\/uploads\/2022\/07\/zalovanje-notranjost-1-13.pdf\"><span style=\"font-size: 14pt;\"><strong>Prelistaj knjigo<\/strong><\/span><\/a><\/p>\n","protected":false},"featured_media":48404,"comment_status":"open","ping_status":"closed","template":"","meta":[],"product_brand":[],"product_cat":[1667,1430,63],"product_tag":[2429,1554,1429],"avtor":[],"zalozba":[],"vezava":[],"class_list":{"0":"post-47951","1":"product","2":"type-product","3":"status-publish","4":"has-post-thumbnail","6":"product_cat-poletna-akcija","7":"product_cat-iz-nase-zalozbe","8":"product_cat-knjige","9":"product_tag-zalni-program","10":"product_tag-zalovanje","11":"product_tag-zavod-iskreni","13":"first","14":"instock","15":"taxable","16":"shipping-taxable","17":"purchasable","18":"product-type-simple"},"yoast_head":"<!-- This site is optimized with the Yoast SEO plugin v26.3 - https:\/\/yoast.com\/wordpress\/plugins\/seo\/ -->\n<title>Tvoja pot - Sopotnik skozi izku\u0161njo \u017ealovanja - trgovina Iskreni<\/title>\n<meta name=\"description\" content=\"Knjiga z napotki, nasveti, informacijami, ki osebi pomagajo na poti \u017ealovanja ob izku\u0161nji smrti ljubljene osebe.\" \/>\n<meta name=\"robots\" content=\"index, follow, max-snippet:-1, max-image-preview:large, max-video-preview:-1\" \/>\n<link rel=\"canonical\" href=\"https:\/\/www.iskreni.net\/trgovina\/product\/tvoja-pot-sopotnik-skozi-izkusnjo-zalovanja\/\" \/>\n<meta property=\"og:locale\" content=\"sl_SI\" \/>\n<meta property=\"og:type\" content=\"article\" \/>\n<meta property=\"og:title\" content=\"Tvoja pot - Sopotnik skozi izku\u0161njo \u017ealovanja - trgovina Iskreni\" \/>\n<meta property=\"og:description\" content=\"Knjiga z napotki, nasveti, informacijami, ki osebi pomagajo na poti \u017ealovanja ob izku\u0161nji smrti ljubljene osebe.\" \/>\n<meta property=\"og:url\" content=\"https:\/\/www.iskreni.net\/trgovina\/product\/tvoja-pot-sopotnik-skozi-izkusnjo-zalovanja\/\" \/>\n<meta property=\"og:site_name\" content=\"Zavod Iskreni\" \/>\n<meta property=\"article:modified_time\" content=\"2025-11-28T10:35:43+00:00\" \/>\n<meta property=\"og:image\" content=\"https:\/\/www.iskreni.net\/trgovina\/wp-content\/uploads\/2021\/11\/tvoja-pot-3d-mala.jpg\" \/>\n\t<meta property=\"og:image:width\" content=\"800\" \/>\n\t<meta property=\"og:image:height\" content=\"1005\" \/>\n\t<meta property=\"og:image:type\" content=\"image\/jpeg\" \/>\n<meta name=\"twitter:card\" content=\"summary_large_image\" \/>\n<meta name=\"twitter:label1\" content=\"Est. reading time\" \/>\n\t<meta name=\"twitter:data1\" content=\"2 minuti\" \/>\n<script type=\"application\/ld+json\" class=\"yoast-schema-graph\">{\"@context\":\"https:\/\/schema.org\",\"@graph\":[{\"@type\":\"WebPage\",\"@id\":\"https:\/\/www.iskreni.net\/trgovina\/product\/tvoja-pot-sopotnik-skozi-izkusnjo-zalovanja\/\",\"url\":\"https:\/\/www.iskreni.net\/trgovina\/product\/tvoja-pot-sopotnik-skozi-izkusnjo-zalovanja\/\",\"name\":\"Tvoja pot - Sopotnik skozi izku\u0161njo \u017ealovanja - trgovina Iskreni\",\"isPartOf\":{\"@id\":\"https:\/\/www.iskreni.net\/trgovina\/#website\"},\"primaryImageOfPage\":{\"@id\":\"https:\/\/www.iskreni.net\/trgovina\/product\/tvoja-pot-sopotnik-skozi-izkusnjo-zalovanja\/#primaryimage\"},\"image\":{\"@id\":\"https:\/\/www.iskreni.net\/trgovina\/product\/tvoja-pot-sopotnik-skozi-izkusnjo-zalovanja\/#primaryimage\"},\"thumbnailUrl\":\"https:\/\/www.iskreni.net\/trgovina\/wp-content\/uploads\/2021\/11\/tvoja-pot-3d-mala.jpg\",\"datePublished\":\"2021-11-30T11:25:19+00:00\",\"dateModified\":\"2025-11-28T10:35:43+00:00\",\"description\":\"Knjiga z napotki, nasveti, informacijami, ki osebi pomagajo na poti \u017ealovanja ob izku\u0161nji smrti ljubljene osebe.\",\"breadcrumb\":{\"@id\":\"https:\/\/www.iskreni.net\/trgovina\/product\/tvoja-pot-sopotnik-skozi-izkusnjo-zalovanja\/#breadcrumb\"},\"inLanguage\":\"sl-SI\",\"potentialAction\":[{\"@type\":\"ReadAction\",\"target\":[\"https:\/\/www.iskreni.net\/trgovina\/product\/tvoja-pot-sopotnik-skozi-izkusnjo-zalovanja\/\"]}]},{\"@type\":\"ImageObject\",\"inLanguage\":\"sl-SI\",\"@id\":\"https:\/\/www.iskreni.net\/trgovina\/product\/tvoja-pot-sopotnik-skozi-izkusnjo-zalovanja\/#primaryimage\",\"url\":\"https:\/\/www.iskreni.net\/trgovina\/wp-content\/uploads\/2021\/11\/tvoja-pot-3d-mala.jpg\",\"contentUrl\":\"https:\/\/www.iskreni.net\/trgovina\/wp-content\/uploads\/2021\/11\/tvoja-pot-3d-mala.jpg\",\"width\":800,\"height\":1005},{\"@type\":\"BreadcrumbList\",\"@id\":\"https:\/\/www.iskreni.net\/trgovina\/product\/tvoja-pot-sopotnik-skozi-izkusnjo-zalovanja\/#breadcrumb\",\"itemListElement\":[{\"@type\":\"ListItem\",\"position\":1,\"name\":\"Home\",\"item\":\"https:\/\/www.iskreni.net\/trgovina\/\"},{\"@type\":\"ListItem\",\"position\":2,\"name\":\"Trgovina\",\"item\":\"https:\/\/www.iskreni.net\/trgovina\/trgovina\/\"},{\"@type\":\"ListItem\",\"position\":3,\"name\":\"Tvoja pot: Sopotnik skozi izku\u0161njo \u017ealovanja\"}]},{\"@type\":\"WebSite\",\"@id\":\"https:\/\/www.iskreni.net\/trgovina\/#website\",\"url\":\"https:\/\/www.iskreni.net\/trgovina\/\",\"name\":\"Zavod Iskreni\",\"description\":\"trgovina\",\"potentialAction\":[{\"@type\":\"SearchAction\",\"target\":{\"@type\":\"EntryPoint\",\"urlTemplate\":\"https:\/\/www.iskreni.net\/trgovina\/?s={search_term_string}\"},\"query-input\":{\"@type\":\"PropertyValueSpecification\",\"valueRequired\":true,\"valueName\":\"search_term_string\"}}],\"inLanguage\":\"sl-SI\"}]}<\/script>\n<!-- \/ Yoast SEO plugin. -->","yoast_head_json":{"title":"Tvoja pot - Sopotnik skozi izku\u0161njo \u017ealovanja - trgovina Iskreni","description":"Knjiga z napotki, nasveti, informacijami, ki osebi pomagajo na poti \u017ealovanja ob izku\u0161nji smrti ljubljene osebe.","robots":{"index":"index","follow":"follow","max-snippet":"max-snippet:-1","max-image-preview":"max-image-preview:large","max-video-preview":"max-video-preview:-1"},"canonical":"https:\/\/www.iskreni.net\/trgovina\/product\/tvoja-pot-sopotnik-skozi-izkusnjo-zalovanja\/","og_locale":"sl_SI","og_type":"article","og_title":"Tvoja pot - Sopotnik skozi izku\u0161njo \u017ealovanja - trgovina Iskreni","og_description":"Knjiga z napotki, nasveti, informacijami, ki osebi pomagajo na poti \u017ealovanja ob izku\u0161nji smrti ljubljene osebe.","og_url":"https:\/\/www.iskreni.net\/trgovina\/product\/tvoja-pot-sopotnik-skozi-izkusnjo-zalovanja\/","og_site_name":"Zavod Iskreni","article_modified_time":"2025-11-28T10:35:43+00:00","og_image":[{"width":800,"height":1005,"url":"https:\/\/www.iskreni.net\/trgovina\/wp-content\/uploads\/2021\/11\/tvoja-pot-3d-mala.jpg","type":"image\/jpeg"}],"twitter_card":"summary_large_image","twitter_misc":{"Est. reading time":"2 minuti"},"schema":{"@context":"https:\/\/schema.org","@graph":[{"@type":"WebPage","@id":"https:\/\/www.iskreni.net\/trgovina\/product\/tvoja-pot-sopotnik-skozi-izkusnjo-zalovanja\/","url":"https:\/\/www.iskreni.net\/trgovina\/product\/tvoja-pot-sopotnik-skozi-izkusnjo-zalovanja\/","name":"Tvoja pot - Sopotnik skozi izku\u0161njo \u017ealovanja - trgovina Iskreni","isPartOf":{"@id":"https:\/\/www.iskreni.net\/trgovina\/#website"},"primaryImageOfPage":{"@id":"https:\/\/www.iskreni.net\/trgovina\/product\/tvoja-pot-sopotnik-skozi-izkusnjo-zalovanja\/#primaryimage"},"image":{"@id":"https:\/\/www.iskreni.net\/trgovina\/product\/tvoja-pot-sopotnik-skozi-izkusnjo-zalovanja\/#primaryimage"},"thumbnailUrl":"https:\/\/www.iskreni.net\/trgovina\/wp-content\/uploads\/2021\/11\/tvoja-pot-3d-mala.jpg","datePublished":"2021-11-30T11:25:19+00:00","dateModified":"2025-11-28T10:35:43+00:00","description":"Knjiga z napotki, nasveti, informacijami, ki osebi pomagajo na poti \u017ealovanja ob izku\u0161nji smrti ljubljene osebe.","breadcrumb":{"@id":"https:\/\/www.iskreni.net\/trgovina\/product\/tvoja-pot-sopotnik-skozi-izkusnjo-zalovanja\/#breadcrumb"},"inLanguage":"sl-SI","potentialAction":[{"@type":"ReadAction","target":["https:\/\/www.iskreni.net\/trgovina\/product\/tvoja-pot-sopotnik-skozi-izkusnjo-zalovanja\/"]}]},{"@type":"ImageObject","inLanguage":"sl-SI","@id":"https:\/\/www.iskreni.net\/trgovina\/product\/tvoja-pot-sopotnik-skozi-izkusnjo-zalovanja\/#primaryimage","url":"https:\/\/www.iskreni.net\/trgovina\/wp-content\/uploads\/2021\/11\/tvoja-pot-3d-mala.jpg","contentUrl":"https:\/\/www.iskreni.net\/trgovina\/wp-content\/uploads\/2021\/11\/tvoja-pot-3d-mala.jpg","width":800,"height":1005},{"@type":"BreadcrumbList","@id":"https:\/\/www.iskreni.net\/trgovina\/product\/tvoja-pot-sopotnik-skozi-izkusnjo-zalovanja\/#breadcrumb","itemListElement":[{"@type":"ListItem","position":1,"name":"Home","item":"https:\/\/www.iskreni.net\/trgovina\/"},{"@type":"ListItem","position":2,"name":"Trgovina","item":"https:\/\/www.iskreni.net\/trgovina\/trgovina\/"},{"@type":"ListItem","position":3,"name":"Tvoja pot: Sopotnik skozi izku\u0161njo \u017ealovanja"}]},{"@type":"WebSite","@id":"https:\/\/www.iskreni.net\/trgovina\/#website","url":"https:\/\/www.iskreni.net\/trgovina\/","name":"Zavod Iskreni","description":"trgovina","potentialAction":[{"@type":"SearchAction","target":{"@type":"EntryPoint","urlTemplate":"https:\/\/www.iskreni.net\/trgovina\/?s={search_term_string}"},"query-input":{"@type":"PropertyValueSpecification","valueRequired":true,"valueName":"search_term_string"}}],"inLanguage":"sl-SI"}]}},"_links":{"self":[{"href":"https:\/\/www.iskreni.net\/trgovina\/wp-json\/wp\/v2\/product\/47951","targetHints":{"allow":["GET"]}}],"collection":[{"href":"https:\/\/www.iskreni.net\/trgovina\/wp-json\/wp\/v2\/product"}],"about":[{"href":"https:\/\/www.iskreni.net\/trgovina\/wp-json\/wp\/v2\/types\/product"}],"replies":[{"embeddable":true,"href":"https:\/\/www.iskreni.net\/trgovina\/wp-json\/wp\/v2\/comments?post=47951"}],"version-history":[{"count":9,"href":"https:\/\/www.iskreni.net\/trgovina\/wp-json\/wp\/v2\/product\/47951\/revisions"}],"predecessor-version":[{"id":77464,"href":"https:\/\/www.iskreni.net\/trgovina\/wp-json\/wp\/v2\/product\/47951\/revisions\/77464"}],"wp:featuredmedia":[{"embeddable":true,"href":"https:\/\/www.iskreni.net\/trgovina\/wp-json\/wp\/v2\/media\/48404"}],"wp:attachment":[{"href":"https:\/\/www.iskreni.net\/trgovina\/wp-json\/wp\/v2\/media?parent=47951"}],"wp:term":[{"taxonomy":"product_brand","embeddable":true,"href":"https:\/\/www.iskreni.net\/trgovina\/wp-json\/wp\/v2\/product_brand?post=47951"},{"taxonomy":"product_cat","embeddable":true,"href":"https:\/\/www.iskreni.net\/trgovina\/wp-json\/wp\/v2\/product_cat?post=47951"},{"taxonomy":"product_tag","embeddable":true,"href":"https:\/\/www.iskreni.net\/trgovina\/wp-json\/wp\/v2\/product_tag?post=47951"},{"taxonomy":"avtor","embeddable":true,"href":"https:\/\/www.iskreni.net\/trgovina\/wp-json\/wp\/v2\/avtor?post=47951"},{"taxonomy":"zalozba","embeddable":true,"href":"https:\/\/www.iskreni.net\/trgovina\/wp-json\/wp\/v2\/zalozba?post=47951"},{"taxonomy":"vezava","embeddable":true,"href":"https:\/\/www.iskreni.net\/trgovina\/wp-json\/wp\/v2\/vezava?post=47951"}],"curies":[{"name":"wp","href":"https:\/\/api.w.org\/{rel}","templated":true}]}}