{"id":47313,"date":"2021-11-17T10:15:34","date_gmt":"2021-11-17T09:15:34","guid":{"rendered":"https:\/\/www.iskreni.net\/trgovina\/?post_type=product&#038;p=47313"},"modified":"2023-10-20T11:25:33","modified_gmt":"2023-10-20T09:25:33","slug":"moz-neuklonljivih-ramen","status":"publish","type":"product","link":"https:\/\/www.iskreni.net\/trgovina\/product\/moz-neuklonljivih-ramen\/","title":{"rendered":"Mo\u017e neuklonljivih ramen"},"content":{"rendered":"<h3><strong>O knjigi:<\/strong><\/h3>\n<p>Anton Drobni\u010d je najve\u010dji pe\u010dat v zgodovini slovenskega naroda pustil kot prvi generalni to\u017eilec v samostojni dr\u017eavi, med drugim pa je bil tudi soustanovitelj in predsednik Nove Slovenske zaveze. V pogovoru s Francetom Pibernikom se spominja \u0161tevilnih \u017eivljenjskih udarcev in izzivov.<\/p>\n<p>Pogovori z\u00a0<em>Antonom Drobni\u010dem\u00a0<\/em>(1928-2018) odkrivajo tisti del generacije, ki je do\u017eivela drugo svetovno vojno, komunisti\u010dno revolucijo in povojne poboje; ob\u010dutila teror totalitarnega komunisti\u010dnega re\u017eima in se borila za osamosvojitev slovenske dr\u017eave. Anton Drobni\u010d se je v vseh obdobjih z vsem \u017eitjem za\u00advzemal za domovino in kr\u0161\u010danske vrednote: med drugo svetov\u00adno vojno je sodeloval v domobranskih enotah, trpel politi\u010dni zapor in internacijo v komunisti\u010dnem koncentracijskem tabori\u0161\u010du; kot pravnik je deloval na zavarovalnici in v zasebni advokaturi, bil je soustanovitelj Nove Slovenske zaveze in njen predsednik. Najve\u010dji pe\u010dat je pustil kot prvi generalni to\u017eilec v samostojni Sloveniji.<\/p>\n<p><a href=\"https:\/\/www.iskreni.net\/trgovina\/wp-content\/uploads\/2023\/10\/Moz-neuklonljivih-ramen-pdf-splet.pdf\">Prelistajte knjigo<\/a><\/p>\n","protected":false},"excerpt":{"rendered":"<p><strong>\u0160tevilo strani:<\/strong> 320<br \/>\n<strong>Leto izdaje:<\/strong> 2021<\/p>\n<p><a href=\"https:\/\/www.iskreni.net\/trgovina\/wp-content\/uploads\/2023\/10\/Moz-neuklonljivih-ramen-pdf-splet.pdf\">Prelistajte knjigo<\/a><\/p>\n<p>&nbsp;<\/p>\n","protected":false},"featured_media":47316,"comment_status":"open","ping_status":"closed","template":"","meta":[],"product_brand":[],"product_cat":[2326,63],"product_tag":[1491,1000],"avtor":[2534],"zalozba":[2311],"vezava":[2306],"class_list":{"0":"post-47313","1":"product","2":"type-product","3":"status-publish","4":"has-post-thumbnail","6":"product_cat-druzbena-vprasanja-in-humanistika","7":"product_cat-knjige","8":"product_tag-osamosvojitev","9":"product_tag-slovenija","10":"avtor-anton-drobnic","11":"zalozba-druzina","12":"vezava-trda","14":"first","15":"instock","16":"taxable","17":"shipping-taxable","18":"purchasable","19":"product-type-simple"},"yoast_head":"<!-- This site is optimized with the Yoast SEO plugin v26.3 - https:\/\/yoast.com\/wordpress\/plugins\/seo\/ -->\n<title>Mo\u017e neuklonljivih ramen - trgovina Iskreni<\/title>\n<meta name=\"description\" content=\"Pogovori z Antonom Drobni\u010dem odkrivajo tisti del generacije, ki je do\u017eivela drugo svetovno vojno, komunisti\u010dno revolucijo in povojne poboje; ob\u010dutila teror totalitarnega komunisti\u010dnega re\u017eima in se borila za osamosvojitev slovenske dr\u017eave.\" \/>\n<meta name=\"robots\" content=\"index, follow, max-snippet:-1, max-image-preview:large, max-video-preview:-1\" \/>\n<link rel=\"canonical\" href=\"https:\/\/www.iskreni.net\/trgovina\/product\/moz-neuklonljivih-ramen\/\" \/>\n<meta property=\"og:locale\" content=\"sl_SI\" \/>\n<meta property=\"og:type\" content=\"article\" \/>\n<meta property=\"og:title\" content=\"Mo\u017e neuklonljivih ramen - trgovina Iskreni\" \/>\n<meta property=\"og:description\" content=\"Pogovori z Antonom Drobni\u010dem odkrivajo tisti del generacije, ki je do\u017eivela drugo svetovno vojno, komunisti\u010dno revolucijo in povojne poboje; ob\u010dutila teror totalitarnega komunisti\u010dnega re\u017eima in se borila za osamosvojitev slovenske dr\u017eave.\" \/>\n<meta property=\"og:url\" content=\"https:\/\/www.iskreni.net\/trgovina\/product\/moz-neuklonljivih-ramen\/\" \/>\n<meta property=\"og:site_name\" content=\"Zavod Iskreni\" \/>\n<meta property=\"article:modified_time\" content=\"2023-10-20T09:25:33+00:00\" \/>\n<meta property=\"og:image\" content=\"https:\/\/www.iskreni.net\/trgovina\/wp-content\/uploads\/2021\/11\/Moz-neuklonljivih-ramen.png\" \/>\n\t<meta property=\"og:image:width\" content=\"600\" \/>\n\t<meta property=\"og:image:height\" content=\"600\" \/>\n\t<meta property=\"og:image:type\" content=\"image\/png\" \/>\n<meta name=\"twitter:card\" content=\"summary_large_image\" \/>\n<meta name=\"twitter:label1\" content=\"Est. reading time\" \/>\n\t<meta name=\"twitter:data1\" content=\"1 minuta\" \/>\n<script type=\"application\/ld+json\" class=\"yoast-schema-graph\">{\"@context\":\"https:\/\/schema.org\",\"@graph\":[{\"@type\":\"WebPage\",\"@id\":\"https:\/\/www.iskreni.net\/trgovina\/product\/moz-neuklonljivih-ramen\/\",\"url\":\"https:\/\/www.iskreni.net\/trgovina\/product\/moz-neuklonljivih-ramen\/\",\"name\":\"Mo\u017e neuklonljivih ramen - trgovina Iskreni\",\"isPartOf\":{\"@id\":\"https:\/\/www.iskreni.net\/trgovina\/#website\"},\"primaryImageOfPage\":{\"@id\":\"https:\/\/www.iskreni.net\/trgovina\/product\/moz-neuklonljivih-ramen\/#primaryimage\"},\"image\":{\"@id\":\"https:\/\/www.iskreni.net\/trgovina\/product\/moz-neuklonljivih-ramen\/#primaryimage\"},\"thumbnailUrl\":\"https:\/\/www.iskreni.net\/trgovina\/wp-content\/uploads\/2021\/11\/Moz-neuklonljivih-ramen.png\",\"datePublished\":\"2021-11-17T09:15:34+00:00\",\"dateModified\":\"2023-10-20T09:25:33+00:00\",\"description\":\"Pogovori z Antonom Drobni\u010dem odkrivajo tisti del generacije, ki je do\u017eivela drugo svetovno vojno, komunisti\u010dno revolucijo in povojne poboje; ob\u010dutila teror totalitarnega komunisti\u010dnega re\u017eima in se borila za osamosvojitev slovenske dr\u017eave.\",\"breadcrumb\":{\"@id\":\"https:\/\/www.iskreni.net\/trgovina\/product\/moz-neuklonljivih-ramen\/#breadcrumb\"},\"inLanguage\":\"sl-SI\",\"potentialAction\":[{\"@type\":\"ReadAction\",\"target\":[\"https:\/\/www.iskreni.net\/trgovina\/product\/moz-neuklonljivih-ramen\/\"]}]},{\"@type\":\"ImageObject\",\"inLanguage\":\"sl-SI\",\"@id\":\"https:\/\/www.iskreni.net\/trgovina\/product\/moz-neuklonljivih-ramen\/#primaryimage\",\"url\":\"https:\/\/www.iskreni.net\/trgovina\/wp-content\/uploads\/2021\/11\/Moz-neuklonljivih-ramen.png\",\"contentUrl\":\"https:\/\/www.iskreni.net\/trgovina\/wp-content\/uploads\/2021\/11\/Moz-neuklonljivih-ramen.png\",\"width\":600,\"height\":600},{\"@type\":\"BreadcrumbList\",\"@id\":\"https:\/\/www.iskreni.net\/trgovina\/product\/moz-neuklonljivih-ramen\/#breadcrumb\",\"itemListElement\":[{\"@type\":\"ListItem\",\"position\":1,\"name\":\"Home\",\"item\":\"https:\/\/www.iskreni.net\/trgovina\/\"},{\"@type\":\"ListItem\",\"position\":2,\"name\":\"Trgovina\",\"item\":\"https:\/\/www.iskreni.net\/trgovina\/trgovina\/\"},{\"@type\":\"ListItem\",\"position\":3,\"name\":\"Mo\u017e neuklonljivih ramen\"}]},{\"@type\":\"WebSite\",\"@id\":\"https:\/\/www.iskreni.net\/trgovina\/#website\",\"url\":\"https:\/\/www.iskreni.net\/trgovina\/\",\"name\":\"Zavod Iskreni\",\"description\":\"trgovina\",\"potentialAction\":[{\"@type\":\"SearchAction\",\"target\":{\"@type\":\"EntryPoint\",\"urlTemplate\":\"https:\/\/www.iskreni.net\/trgovina\/?s={search_term_string}\"},\"query-input\":{\"@type\":\"PropertyValueSpecification\",\"valueRequired\":true,\"valueName\":\"search_term_string\"}}],\"inLanguage\":\"sl-SI\"}]}<\/script>\n<!-- \/ Yoast SEO plugin. -->","yoast_head_json":{"title":"Mo\u017e neuklonljivih ramen - trgovina Iskreni","description":"Pogovori z Antonom Drobni\u010dem odkrivajo tisti del generacije, ki je do\u017eivela drugo svetovno vojno, komunisti\u010dno revolucijo in povojne poboje; ob\u010dutila teror totalitarnega komunisti\u010dnega re\u017eima in se borila za osamosvojitev slovenske dr\u017eave.","robots":{"index":"index","follow":"follow","max-snippet":"max-snippet:-1","max-image-preview":"max-image-preview:large","max-video-preview":"max-video-preview:-1"},"canonical":"https:\/\/www.iskreni.net\/trgovina\/product\/moz-neuklonljivih-ramen\/","og_locale":"sl_SI","og_type":"article","og_title":"Mo\u017e neuklonljivih ramen - trgovina Iskreni","og_description":"Pogovori z Antonom Drobni\u010dem odkrivajo tisti del generacije, ki je do\u017eivela drugo svetovno vojno, komunisti\u010dno revolucijo in povojne poboje; ob\u010dutila teror totalitarnega komunisti\u010dnega re\u017eima in se borila za osamosvojitev slovenske dr\u017eave.","og_url":"https:\/\/www.iskreni.net\/trgovina\/product\/moz-neuklonljivih-ramen\/","og_site_name":"Zavod Iskreni","article_modified_time":"2023-10-20T09:25:33+00:00","og_image":[{"width":600,"height":600,"url":"https:\/\/www.iskreni.net\/trgovina\/wp-content\/uploads\/2021\/11\/Moz-neuklonljivih-ramen.png","type":"image\/png"}],"twitter_card":"summary_large_image","twitter_misc":{"Est. reading time":"1 minuta"},"schema":{"@context":"https:\/\/schema.org","@graph":[{"@type":"WebPage","@id":"https:\/\/www.iskreni.net\/trgovina\/product\/moz-neuklonljivih-ramen\/","url":"https:\/\/www.iskreni.net\/trgovina\/product\/moz-neuklonljivih-ramen\/","name":"Mo\u017e neuklonljivih ramen - trgovina Iskreni","isPartOf":{"@id":"https:\/\/www.iskreni.net\/trgovina\/#website"},"primaryImageOfPage":{"@id":"https:\/\/www.iskreni.net\/trgovina\/product\/moz-neuklonljivih-ramen\/#primaryimage"},"image":{"@id":"https:\/\/www.iskreni.net\/trgovina\/product\/moz-neuklonljivih-ramen\/#primaryimage"},"thumbnailUrl":"https:\/\/www.iskreni.net\/trgovina\/wp-content\/uploads\/2021\/11\/Moz-neuklonljivih-ramen.png","datePublished":"2021-11-17T09:15:34+00:00","dateModified":"2023-10-20T09:25:33+00:00","description":"Pogovori z Antonom Drobni\u010dem odkrivajo tisti del generacije, ki je do\u017eivela drugo svetovno vojno, komunisti\u010dno revolucijo in povojne poboje; ob\u010dutila teror totalitarnega komunisti\u010dnega re\u017eima in se borila za osamosvojitev slovenske dr\u017eave.","breadcrumb":{"@id":"https:\/\/www.iskreni.net\/trgovina\/product\/moz-neuklonljivih-ramen\/#breadcrumb"},"inLanguage":"sl-SI","potentialAction":[{"@type":"ReadAction","target":["https:\/\/www.iskreni.net\/trgovina\/product\/moz-neuklonljivih-ramen\/"]}]},{"@type":"ImageObject","inLanguage":"sl-SI","@id":"https:\/\/www.iskreni.net\/trgovina\/product\/moz-neuklonljivih-ramen\/#primaryimage","url":"https:\/\/www.iskreni.net\/trgovina\/wp-content\/uploads\/2021\/11\/Moz-neuklonljivih-ramen.png","contentUrl":"https:\/\/www.iskreni.net\/trgovina\/wp-content\/uploads\/2021\/11\/Moz-neuklonljivih-ramen.png","width":600,"height":600},{"@type":"BreadcrumbList","@id":"https:\/\/www.iskreni.net\/trgovina\/product\/moz-neuklonljivih-ramen\/#breadcrumb","itemListElement":[{"@type":"ListItem","position":1,"name":"Home","item":"https:\/\/www.iskreni.net\/trgovina\/"},{"@type":"ListItem","position":2,"name":"Trgovina","item":"https:\/\/www.iskreni.net\/trgovina\/trgovina\/"},{"@type":"ListItem","position":3,"name":"Mo\u017e neuklonljivih ramen"}]},{"@type":"WebSite","@id":"https:\/\/www.iskreni.net\/trgovina\/#website","url":"https:\/\/www.iskreni.net\/trgovina\/","name":"Zavod Iskreni","description":"trgovina","potentialAction":[{"@type":"SearchAction","target":{"@type":"EntryPoint","urlTemplate":"https:\/\/www.iskreni.net\/trgovina\/?s={search_term_string}"},"query-input":{"@type":"PropertyValueSpecification","valueRequired":true,"valueName":"search_term_string"}}],"inLanguage":"sl-SI"}]}},"_links":{"self":[{"href":"https:\/\/www.iskreni.net\/trgovina\/wp-json\/wp\/v2\/product\/47313","targetHints":{"allow":["GET"]}}],"collection":[{"href":"https:\/\/www.iskreni.net\/trgovina\/wp-json\/wp\/v2\/product"}],"about":[{"href":"https:\/\/www.iskreni.net\/trgovina\/wp-json\/wp\/v2\/types\/product"}],"replies":[{"embeddable":true,"href":"https:\/\/www.iskreni.net\/trgovina\/wp-json\/wp\/v2\/comments?post=47313"}],"version-history":[{"count":5,"href":"https:\/\/www.iskreni.net\/trgovina\/wp-json\/wp\/v2\/product\/47313\/revisions"}],"predecessor-version":[{"id":70225,"href":"https:\/\/www.iskreni.net\/trgovina\/wp-json\/wp\/v2\/product\/47313\/revisions\/70225"}],"wp:featuredmedia":[{"embeddable":true,"href":"https:\/\/www.iskreni.net\/trgovina\/wp-json\/wp\/v2\/media\/47316"}],"wp:attachment":[{"href":"https:\/\/www.iskreni.net\/trgovina\/wp-json\/wp\/v2\/media?parent=47313"}],"wp:term":[{"taxonomy":"product_brand","embeddable":true,"href":"https:\/\/www.iskreni.net\/trgovina\/wp-json\/wp\/v2\/product_brand?post=47313"},{"taxonomy":"product_cat","embeddable":true,"href":"https:\/\/www.iskreni.net\/trgovina\/wp-json\/wp\/v2\/product_cat?post=47313"},{"taxonomy":"product_tag","embeddable":true,"href":"https:\/\/www.iskreni.net\/trgovina\/wp-json\/wp\/v2\/product_tag?post=47313"},{"taxonomy":"avtor","embeddable":true,"href":"https:\/\/www.iskreni.net\/trgovina\/wp-json\/wp\/v2\/avtor?post=47313"},{"taxonomy":"zalozba","embeddable":true,"href":"https:\/\/www.iskreni.net\/trgovina\/wp-json\/wp\/v2\/zalozba?post=47313"},{"taxonomy":"vezava","embeddable":true,"href":"https:\/\/www.iskreni.net\/trgovina\/wp-json\/wp\/v2\/vezava?post=47313"}],"curies":[{"name":"wp","href":"https:\/\/api.w.org\/{rel}","templated":true}]}}