{"id":46632,"date":"2021-10-22T10:05:58","date_gmt":"2021-10-22T08:05:58","guid":{"rendered":"https:\/\/www.iskreni.net\/trgovina\/?post_type=product&#038;p=46632"},"modified":"2023-07-21T11:23:26","modified_gmt":"2023-07-21T09:23:26","slug":"na-pomoc-kako-naj-otroka-naucim-ravnati-z-denarjem","status":"publish","type":"product","link":"https:\/\/www.iskreni.net\/trgovina\/product\/na-pomoc-kako-naj-otroka-naucim-ravnati-z-denarjem\/","title":{"rendered":"Na pomo\u010d! Kako naj otroka nau\u010dim ravnati z denarjem?"},"content":{"rendered":"<h3><strong>O knjigi:<\/strong><\/h3>\n<p>\u017delite otrokom pomagati, da v \u017eivljenju ne bodo ob\u010dutili finan\u010dnega stresa? Potem zavihajte rokave in se lotite finan\u010dne vzgoje!<\/p>\n<p>V knjigi <em>Na pomo\u010d! Kako naj otroka nau\u010dim ravnati z denarjem?<\/em> boste izvedeli:<\/p>\n<ul>\n<li>kaj je pomembno, da otroci vedo o denarju (in kako jim to poveste)<\/li>\n<li>katera zmotna ravnanja in prepri\u010danja glede denarja nehote prena\u0161ate na otroke<\/li>\n<li>kdaj lahko otrok dobi \u017eepnino, kako ugotovimo, ali je nagnjen k zapravljanju ali var\u010devanju, kdaj je dovolj star za\u00a0 \u00bbfinan\u010dni pouk\u00ab, kako mu re\u010demo \u00bbne\u00ab, kako var\u010dujemo zanj, ali je denar dobro darilo, in \u0161e in \u0161e.<\/li>\n<\/ul>\n<p>V njej boste na\u0161li odgovore na 33 najpogostej\u0161ih vpra\u0161anj, povezanih s finan\u010dno vzgojo, mnenja otrok in u\u010diteljev o tej temi, nekaj \u00bbfinan\u010dnih\u00ab izku\u0161enj ter priporo\u010dil znanih in manj znanih star\u0161ev ter finan\u010dne recepte za otroke, ki jih je prispevala njihova vrstnica Rubi.<\/p>\n<p>Pravilnega ravnanja z denarjem se otroci ne morejo nau\u010diti sami od sebe, za to smo odgovorni star\u0161i. Za\u010dnimo pri sebi in poskrbimo, da jim bomo z dobrim zgledom pomagali postati finan\u010dno brezskrbni odrasli\u00a0 \u2013 kdo ve, morda pa bomo ob upo\u0161tevanju nasvetov iz knjige to mimogrede postali tudi mi.\u00a0<img decoding=\"async\" class=\"emoji\" role=\"img\" draggable=\"false\" src=\"https:\/\/s.w.org\/images\/core\/emoji\/13.1.0\/svg\/1f642.svg\" alt=\"?\" \/><\/p>\n<h3><strong>O avtorici:<\/strong><\/h3>\n<p>Ana Vezovi\u0161ek, finan\u010dna mentorica, specialistka za financiranje in osebni prora\u010dun, ki \u017ee ve\u010d kot 19 let uspe\u0161no deluje in svetuje o financah. V svetu ban\u010dni\u0161tva in poslovanja z osebnimi financami je namre\u010d dejavna vse od leta 1999. Leta 2009 je diplomirala na Fakulteti za management Koper z zaklju\u010dnim delom \u2018Vloga osebnega ban\u010dnika v Sloveniji\u2019. \u00a0Med visokokvalificirane specialiste jo uvr\u0161\u010dajo raznolike izku\u0161nje, visoka izobra\u017eenost in specializacija iz financiranja in svetovanja.<\/p>\n<p>Ana Vezovi\u0161ek \u017ee dolgo ni ve\u010d novo ime, ki se pojavlja v zvezi\u00a0z osebnim prora\u010dunom. V zadnjih letih jo lahko spremljamo prek \u0161tevilnih\u00a0avtorskih \u010dlankov, komentarjev in\u00a0intervjujev v medijih\u00a0in\u00a0pri izvajanju delavnic,\u00a0seminarjev in predavanj o\u00a0osebnih financah. \u017de vrsto let se uspe\u0161no uveljavlja kot zaupanja vredna svetovalka, ki se svojim strankam posve\u010da individualno. Zanje\u00a0izdela osebni na\u010drt\u00a0financiranja in jih varno, mimo pasti, vodi do realizacije njihovih ciljev. Slovi kot\u00a0odli\u010dna poznavalka ban\u010dnega sektorja z razvejano mre\u017eo povezav na celotnem finan\u010dnem trgu. Odlikuje pa se tudi\u00a0po izredno dobrih organizacijskih sposobnostih in komunikacijskih ve\u0161\u010dinah.<\/p>\n<p>V zadnjih letih se je \u0161e posebej uveljavila kot prvi finan\u010dni coach v Sloveniji, ki ljudem z individualnim pristopom pomaga poiskati pravi na\u010din ravnanja z denarjem, jim poka\u017ee \u010dim kraj\u0161o pot iz dolgov in jih opremi z znanjem o osebnem oziroma dru\u017einskem prora\u010dunu.<\/p>\n<p>Magistrski\u00a0\u0161tudij je zaklju\u010dila z nalogo z naslovom \u2018Vpliv finan\u010dne pismenosti na zadol\u017eenost posameznika v Republiki Sloveniji\u2019. S tem je svoje znanje \u0161e nadgradila in se v celoti posvetila iskanju optimalnih re\u0161itev financiranja svojih strank, prijateljev in znancev.\u00a0To je tudi glavni razlog, zakaj se je Ana Vezovi\u0161ek preselila v svet neodvisnega \u201cban\u010dni\u0161tva\u201d. Neodvisnost ji pomeni ustvarjalnost, samostojnost, zdru\u017eevanje razli\u010dnih svetov in kon\u010dno tudi nekaj novega, nekaj druga\u010dnega v finan\u010dnem poslovanju, nekaj \u010desar do zdaj\u00a0v Sloveniji \u0161e nismo poznali.<\/p>\n<p>Potrebujete dodatno financiranje ve\u010djega projekta oziroma nepremi\u010dnine in imate ob tem ne\u0161teto vpra\u0161anj? \u017delite vedeti, kje lahko dobite \u017eeleni znesek in koliko boste za to pla\u010dali? Ali res poznate svoje osebne finance, svoj mese\u010dni prora\u010dun?\u00a0\u010ce samo\u00a0pomislite, koliko ponudnikov financiranja je na tr\u017ei\u0161\u010du in koliko razli\u010dnih informacij je o tem \u2026 Kako naj se \u010dlovek znajde?\u00a0Tukaj vstopi Ana Vezovi\u0161ek s svojim znanjem in dolgoletnimi izku\u0161njami. Pomagala vam bo pripraviti individualni na\u010drt financiranja in\u00a0namesto vas\u00a0uspe\u0161no krmarila mimo finan\u010dnih \u010deri\u00a0ter poskrbela, da se boste zadol\u017eili varno in z najmanj\u0161imi\u00a0stro\u0161ki!<\/p>\n","protected":false},"excerpt":{"rendered":"<p><strong>Nau\u010dite otroka pravilnega ravnanja z denarjem!<\/strong><\/p>\n<p><strong>Avtor:<\/strong> Ana Vezovi\u0161ek<br \/>\n<strong>\u0160tevilo strani:<\/strong> 208<br \/>\n<strong>Leto izdaje:<\/strong> 2021<br \/>\n<strong>Zalo\u017eba:<\/strong> Vezovi\u0161ek &amp; Partnerji<\/p>\n<p>&nbsp;<\/p>\n","protected":false},"featured_media":46635,"comment_status":"open","ping_status":"closed","template":"","meta":[],"product_brand":[],"product_cat":[2323,63],"product_tag":[],"avtor":[],"zalozba":[],"vezava":[],"class_list":{"0":"post-46632","1":"product","2":"type-product","3":"status-publish","4":"has-post-thumbnail","6":"product_cat-vzgoja","7":"product_cat-knjige","9":"first","10":"instock","11":"taxable","12":"shipping-taxable","13":"purchasable","14":"product-type-simple"},"yoast_head":"<!-- This site is optimized with the Yoast SEO plugin v26.3 - https:\/\/yoast.com\/wordpress\/plugins\/seo\/ -->\n<title>Na pomo\u010d! Kako naj otroka nau\u010dim ravnati z denarjem - trgovina Iskreni<\/title>\n<meta name=\"description\" content=\"Knjiga, ki vam bo pokazala, kako s pravo finan\u010dno vzgojo otroku pomagati, da bo ob osamosvojitvi brez finan\u010dnih skrbi.\" \/>\n<meta name=\"robots\" content=\"index, follow, max-snippet:-1, max-image-preview:large, max-video-preview:-1\" \/>\n<link rel=\"canonical\" href=\"https:\/\/www.iskreni.net\/trgovina\/product\/na-pomoc-kako-naj-otroka-naucim-ravnati-z-denarjem\/\" \/>\n<meta property=\"og:locale\" content=\"sl_SI\" \/>\n<meta property=\"og:type\" content=\"article\" \/>\n<meta property=\"og:title\" content=\"Na pomo\u010d! Kako naj otroka nau\u010dim ravnati z denarjem - trgovina Iskreni\" \/>\n<meta property=\"og:description\" content=\"Knjiga, ki vam bo pokazala, kako s pravo finan\u010dno vzgojo otroku pomagati, da bo ob osamosvojitvi brez finan\u010dnih skrbi.\" \/>\n<meta property=\"og:url\" content=\"https:\/\/www.iskreni.net\/trgovina\/product\/na-pomoc-kako-naj-otroka-naucim-ravnati-z-denarjem\/\" \/>\n<meta property=\"og:site_name\" content=\"Zavod Iskreni\" \/>\n<meta property=\"article:modified_time\" content=\"2023-07-21T09:23:26+00:00\" \/>\n<meta property=\"og:image\" content=\"https:\/\/www.iskreni.net\/trgovina\/wp-content\/uploads\/2021\/10\/Na-pomoc-Kako-naj-otroka-naucim-ravnati-z-denarjem.jpg\" \/>\n\t<meta property=\"og:image:width\" content=\"600\" \/>\n\t<meta property=\"og:image:height\" content=\"600\" \/>\n\t<meta property=\"og:image:type\" content=\"image\/jpeg\" \/>\n<meta name=\"twitter:card\" content=\"summary_large_image\" \/>\n<meta name=\"twitter:label1\" content=\"Est. reading time\" \/>\n\t<meta name=\"twitter:data1\" content=\"3 minute\" \/>\n<script type=\"application\/ld+json\" class=\"yoast-schema-graph\">{\"@context\":\"https:\/\/schema.org\",\"@graph\":[{\"@type\":\"WebPage\",\"@id\":\"https:\/\/www.iskreni.net\/trgovina\/product\/na-pomoc-kako-naj-otroka-naucim-ravnati-z-denarjem\/\",\"url\":\"https:\/\/www.iskreni.net\/trgovina\/product\/na-pomoc-kako-naj-otroka-naucim-ravnati-z-denarjem\/\",\"name\":\"Na pomo\u010d! Kako naj otroka nau\u010dim ravnati z denarjem - trgovina Iskreni\",\"isPartOf\":{\"@id\":\"https:\/\/www.iskreni.net\/trgovina\/#website\"},\"primaryImageOfPage\":{\"@id\":\"https:\/\/www.iskreni.net\/trgovina\/product\/na-pomoc-kako-naj-otroka-naucim-ravnati-z-denarjem\/#primaryimage\"},\"image\":{\"@id\":\"https:\/\/www.iskreni.net\/trgovina\/product\/na-pomoc-kako-naj-otroka-naucim-ravnati-z-denarjem\/#primaryimage\"},\"thumbnailUrl\":\"https:\/\/www.iskreni.net\/trgovina\/wp-content\/uploads\/2021\/10\/Na-pomoc-Kako-naj-otroka-naucim-ravnati-z-denarjem.jpg\",\"datePublished\":\"2021-10-22T08:05:58+00:00\",\"dateModified\":\"2023-07-21T09:23:26+00:00\",\"description\":\"Knjiga, ki vam bo pokazala, kako s pravo finan\u010dno vzgojo otroku pomagati, da bo ob osamosvojitvi brez finan\u010dnih skrbi.\",\"breadcrumb\":{\"@id\":\"https:\/\/www.iskreni.net\/trgovina\/product\/na-pomoc-kako-naj-otroka-naucim-ravnati-z-denarjem\/#breadcrumb\"},\"inLanguage\":\"sl-SI\",\"potentialAction\":[{\"@type\":\"ReadAction\",\"target\":[\"https:\/\/www.iskreni.net\/trgovina\/product\/na-pomoc-kako-naj-otroka-naucim-ravnati-z-denarjem\/\"]}]},{\"@type\":\"ImageObject\",\"inLanguage\":\"sl-SI\",\"@id\":\"https:\/\/www.iskreni.net\/trgovina\/product\/na-pomoc-kako-naj-otroka-naucim-ravnati-z-denarjem\/#primaryimage\",\"url\":\"https:\/\/www.iskreni.net\/trgovina\/wp-content\/uploads\/2021\/10\/Na-pomoc-Kako-naj-otroka-naucim-ravnati-z-denarjem.jpg\",\"contentUrl\":\"https:\/\/www.iskreni.net\/trgovina\/wp-content\/uploads\/2021\/10\/Na-pomoc-Kako-naj-otroka-naucim-ravnati-z-denarjem.jpg\",\"width\":600,\"height\":600},{\"@type\":\"BreadcrumbList\",\"@id\":\"https:\/\/www.iskreni.net\/trgovina\/product\/na-pomoc-kako-naj-otroka-naucim-ravnati-z-denarjem\/#breadcrumb\",\"itemListElement\":[{\"@type\":\"ListItem\",\"position\":1,\"name\":\"Home\",\"item\":\"https:\/\/www.iskreni.net\/trgovina\/\"},{\"@type\":\"ListItem\",\"position\":2,\"name\":\"Trgovina\",\"item\":\"https:\/\/www.iskreni.net\/trgovina\/trgovina\/\"},{\"@type\":\"ListItem\",\"position\":3,\"name\":\"Na pomo\u010d! Kako naj otroka nau\u010dim ravnati z denarjem?\"}]},{\"@type\":\"WebSite\",\"@id\":\"https:\/\/www.iskreni.net\/trgovina\/#website\",\"url\":\"https:\/\/www.iskreni.net\/trgovina\/\",\"name\":\"Zavod Iskreni\",\"description\":\"trgovina\",\"potentialAction\":[{\"@type\":\"SearchAction\",\"target\":{\"@type\":\"EntryPoint\",\"urlTemplate\":\"https:\/\/www.iskreni.net\/trgovina\/?s={search_term_string}\"},\"query-input\":{\"@type\":\"PropertyValueSpecification\",\"valueRequired\":true,\"valueName\":\"search_term_string\"}}],\"inLanguage\":\"sl-SI\"}]}<\/script>\n<!-- \/ Yoast SEO plugin. -->","yoast_head_json":{"title":"Na pomo\u010d! Kako naj otroka nau\u010dim ravnati z denarjem - trgovina Iskreni","description":"Knjiga, ki vam bo pokazala, kako s pravo finan\u010dno vzgojo otroku pomagati, da bo ob osamosvojitvi brez finan\u010dnih skrbi.","robots":{"index":"index","follow":"follow","max-snippet":"max-snippet:-1","max-image-preview":"max-image-preview:large","max-video-preview":"max-video-preview:-1"},"canonical":"https:\/\/www.iskreni.net\/trgovina\/product\/na-pomoc-kako-naj-otroka-naucim-ravnati-z-denarjem\/","og_locale":"sl_SI","og_type":"article","og_title":"Na pomo\u010d! Kako naj otroka nau\u010dim ravnati z denarjem - trgovina Iskreni","og_description":"Knjiga, ki vam bo pokazala, kako s pravo finan\u010dno vzgojo otroku pomagati, da bo ob osamosvojitvi brez finan\u010dnih skrbi.","og_url":"https:\/\/www.iskreni.net\/trgovina\/product\/na-pomoc-kako-naj-otroka-naucim-ravnati-z-denarjem\/","og_site_name":"Zavod Iskreni","article_modified_time":"2023-07-21T09:23:26+00:00","og_image":[{"width":600,"height":600,"url":"https:\/\/www.iskreni.net\/trgovina\/wp-content\/uploads\/2021\/10\/Na-pomoc-Kako-naj-otroka-naucim-ravnati-z-denarjem.jpg","type":"image\/jpeg"}],"twitter_card":"summary_large_image","twitter_misc":{"Est. reading time":"3 minute"},"schema":{"@context":"https:\/\/schema.org","@graph":[{"@type":"WebPage","@id":"https:\/\/www.iskreni.net\/trgovina\/product\/na-pomoc-kako-naj-otroka-naucim-ravnati-z-denarjem\/","url":"https:\/\/www.iskreni.net\/trgovina\/product\/na-pomoc-kako-naj-otroka-naucim-ravnati-z-denarjem\/","name":"Na pomo\u010d! Kako naj otroka nau\u010dim ravnati z denarjem - trgovina Iskreni","isPartOf":{"@id":"https:\/\/www.iskreni.net\/trgovina\/#website"},"primaryImageOfPage":{"@id":"https:\/\/www.iskreni.net\/trgovina\/product\/na-pomoc-kako-naj-otroka-naucim-ravnati-z-denarjem\/#primaryimage"},"image":{"@id":"https:\/\/www.iskreni.net\/trgovina\/product\/na-pomoc-kako-naj-otroka-naucim-ravnati-z-denarjem\/#primaryimage"},"thumbnailUrl":"https:\/\/www.iskreni.net\/trgovina\/wp-content\/uploads\/2021\/10\/Na-pomoc-Kako-naj-otroka-naucim-ravnati-z-denarjem.jpg","datePublished":"2021-10-22T08:05:58+00:00","dateModified":"2023-07-21T09:23:26+00:00","description":"Knjiga, ki vam bo pokazala, kako s pravo finan\u010dno vzgojo otroku pomagati, da bo ob osamosvojitvi brez finan\u010dnih skrbi.","breadcrumb":{"@id":"https:\/\/www.iskreni.net\/trgovina\/product\/na-pomoc-kako-naj-otroka-naucim-ravnati-z-denarjem\/#breadcrumb"},"inLanguage":"sl-SI","potentialAction":[{"@type":"ReadAction","target":["https:\/\/www.iskreni.net\/trgovina\/product\/na-pomoc-kako-naj-otroka-naucim-ravnati-z-denarjem\/"]}]},{"@type":"ImageObject","inLanguage":"sl-SI","@id":"https:\/\/www.iskreni.net\/trgovina\/product\/na-pomoc-kako-naj-otroka-naucim-ravnati-z-denarjem\/#primaryimage","url":"https:\/\/www.iskreni.net\/trgovina\/wp-content\/uploads\/2021\/10\/Na-pomoc-Kako-naj-otroka-naucim-ravnati-z-denarjem.jpg","contentUrl":"https:\/\/www.iskreni.net\/trgovina\/wp-content\/uploads\/2021\/10\/Na-pomoc-Kako-naj-otroka-naucim-ravnati-z-denarjem.jpg","width":600,"height":600},{"@type":"BreadcrumbList","@id":"https:\/\/www.iskreni.net\/trgovina\/product\/na-pomoc-kako-naj-otroka-naucim-ravnati-z-denarjem\/#breadcrumb","itemListElement":[{"@type":"ListItem","position":1,"name":"Home","item":"https:\/\/www.iskreni.net\/trgovina\/"},{"@type":"ListItem","position":2,"name":"Trgovina","item":"https:\/\/www.iskreni.net\/trgovina\/trgovina\/"},{"@type":"ListItem","position":3,"name":"Na pomo\u010d! Kako naj otroka nau\u010dim ravnati z denarjem?"}]},{"@type":"WebSite","@id":"https:\/\/www.iskreni.net\/trgovina\/#website","url":"https:\/\/www.iskreni.net\/trgovina\/","name":"Zavod Iskreni","description":"trgovina","potentialAction":[{"@type":"SearchAction","target":{"@type":"EntryPoint","urlTemplate":"https:\/\/www.iskreni.net\/trgovina\/?s={search_term_string}"},"query-input":{"@type":"PropertyValueSpecification","valueRequired":true,"valueName":"search_term_string"}}],"inLanguage":"sl-SI"}]}},"_links":{"self":[{"href":"https:\/\/www.iskreni.net\/trgovina\/wp-json\/wp\/v2\/product\/46632","targetHints":{"allow":["GET"]}}],"collection":[{"href":"https:\/\/www.iskreni.net\/trgovina\/wp-json\/wp\/v2\/product"}],"about":[{"href":"https:\/\/www.iskreni.net\/trgovina\/wp-json\/wp\/v2\/types\/product"}],"replies":[{"embeddable":true,"href":"https:\/\/www.iskreni.net\/trgovina\/wp-json\/wp\/v2\/comments?post=46632"}],"version-history":[{"count":4,"href":"https:\/\/www.iskreni.net\/trgovina\/wp-json\/wp\/v2\/product\/46632\/revisions"}],"predecessor-version":[{"id":46639,"href":"https:\/\/www.iskreni.net\/trgovina\/wp-json\/wp\/v2\/product\/46632\/revisions\/46639"}],"wp:featuredmedia":[{"embeddable":true,"href":"https:\/\/www.iskreni.net\/trgovina\/wp-json\/wp\/v2\/media\/46635"}],"wp:attachment":[{"href":"https:\/\/www.iskreni.net\/trgovina\/wp-json\/wp\/v2\/media?parent=46632"}],"wp:term":[{"taxonomy":"product_brand","embeddable":true,"href":"https:\/\/www.iskreni.net\/trgovina\/wp-json\/wp\/v2\/product_brand?post=46632"},{"taxonomy":"product_cat","embeddable":true,"href":"https:\/\/www.iskreni.net\/trgovina\/wp-json\/wp\/v2\/product_cat?post=46632"},{"taxonomy":"product_tag","embeddable":true,"href":"https:\/\/www.iskreni.net\/trgovina\/wp-json\/wp\/v2\/product_tag?post=46632"},{"taxonomy":"avtor","embeddable":true,"href":"https:\/\/www.iskreni.net\/trgovina\/wp-json\/wp\/v2\/avtor?post=46632"},{"taxonomy":"zalozba","embeddable":true,"href":"https:\/\/www.iskreni.net\/trgovina\/wp-json\/wp\/v2\/zalozba?post=46632"},{"taxonomy":"vezava","embeddable":true,"href":"https:\/\/www.iskreni.net\/trgovina\/wp-json\/wp\/v2\/vezava?post=46632"}],"curies":[{"name":"wp","href":"https:\/\/api.w.org\/{rel}","templated":true}]}}