{"id":45981,"date":"2021-10-04T13:00:23","date_gmt":"2021-10-04T11:00:23","guid":{"rendered":"https:\/\/www.iskreni.net\/trgovina\/?post_type=product&#038;p=45981"},"modified":"2024-01-18T15:15:50","modified_gmt":"2024-01-18T14:15:50","slug":"na-skrivnem","status":"publish","type":"product","link":"https:\/\/www.iskreni.net\/trgovina\/product\/na-skrivnem\/","title":{"rendered":"Na skrivnem"},"content":{"rendered":"<p><strong>O knjigi Na skrivnem:<\/strong><\/p>\n<p>Pepi pre\u017eivlja po\u010ditnice pri babici in dedku skupaj s svojo sestrico, angle\u0161kim prijateljem Johnom in sestri\u010dno Arijano. Med po\u010ditni\u0161kimi dogodiv\u0161\u010dinami, kot so dirkanje s kolesi, taborjenje v hi\u0161ici na drevesu in na\u010drtovanje novih okusov \u017eve\u010dilnih gumijev, se najdejo tudi trenutki miru in ti\u0161ine. Takrat premi\u0161ljuje o svojih hrepenenjih in o tem, kaj bi rad postal, ko bo odrasel. Spokojnost gozdnega jutra in skrivnostno molitveno vzdu\u0161je v kapeli pode\u017eelskega samostana omogo\u010dita, da se njegove \u017eelje izoblikujejo v jasno misel.<\/p>\n<p>Zgodba<em><strong>\u00a0Na skrivnem<\/strong><\/em>\u00a0se dotika vpra\u0161anja\u00a0duhovni\u0161ke poklicanosti,\u00a0dodatek na koncu knjige pa ponuja izto\u010dnice za pogovor ob vsebini.<\/p>\n<p>Dogodiv\u0161\u010dine Pepija in Tinkare so mini romani izpod peresa\u00a0Oliviera Bonnewijna, ilustrirala jih je Amandine Wanert,\u00a0namenjene pa so otrokom med\u00a0<strong>sedmim in enajstim letom\u00a0starosti<\/strong>.<\/p>\n<p><em>Imprimatur. Nihil obstat.<\/em><\/p>\n<h4>Opis zbirke<\/h4>\n<p><strong>Dogodiv\u0161\u010dine Pepija in Tinkare<\/strong>\u00a0so mini romani izpod peresa Oliviera Bonnewijna, duhovnika Skupnosti Emanuel, ilustrirala jih je Amandine Wanert, namenjene pa so otrokom med\u00a0<b>sedmim<\/b>\u00a0<strong>in enajstim<\/strong>\u00a0letom starosti.<\/p>\n<p>Glavna junaka\u00a0zbirke\u00a0sta dvoj\u010dka Pepi in Tinkara. V svojih obi\u010dajnih dogodiv\u0161\u010dinah s pridihom neobi\u010dajnega se morata soo\u010diti\u00a0 z marsikatero preizku\u0161njo, konflikti in \u017eivljenjskimi vpra\u0161anji, ob tem pa postopoma odkrivata osebni odnos z Jezusom in zaupanje vanj. Avtor se v zgodbah loteva pomembnih \u017eivljenjskih tem, kot so npr. prijateljstvo, prepiri star\u0161ev, molitev, neozdravljiva bolezen otroka, praznovanje bo\u017ei\u010da, \u017ealost, ipd. Na koncu vsake zgodbe so dodana vpra\u0161anja, ki pomagajo k njenemu bolj\u0161emu razumevanju.<\/p>\n<p><strong>O avtorju:<\/strong><\/p>\n<p>Olivier Bonnewijn je od leta 1993 duhovnik v mechelensko-bruseljski \u0161kofiji. Je tudi \u010dlan skupnosti Emanuel. V semeni\u0161\u010du Na\u0161e Gospe upanja je rektor, na in\u0161titutu za teolo\u0161ke \u0161tudije v Bruslju pa pou\u010duje teologijo.<\/p>\n<p>Dogodiv\u0161\u010dine Pepija in Tinkare so nastale \u201cpo naklju\u010dju\u201d, iz prekipevajo\u010dega veselja med ve\u010ddnevnimi sre\u010danji za otroke. Napisane so po resni\u010dnih dogodkih, ki jim je bil avtor ve\u010dkrat o\u010darana pri\u010da.<\/p>\n<p><strong>Odlomek iz intervjuja z avtorjem:<\/strong><\/p>\n<p>Kaj \u017eelite sporo\u010diti po Pepiju in Tinkari?<br \/>\n<em>Na lepoto in globino \u017eivljenja \u017eelim pogledati z otro\u0161kimi o\u010dmi. Ta lepota in ta globina sta skriti v Bogu. Poleg tega \u017eelim povedati, da v \u017eivljenju ni preizku\u0161nje, ki je ne bi mogli premagati.<\/em><\/p>\n","protected":false},"excerpt":{"rendered":"<p><strong>Ilustracije:<\/strong> Amandine Wanert<br \/>\n<strong>\u0160tevilo strani:<\/strong> 46<br \/>\n<strong>Leto izdaje:<\/strong> 2021<\/p>\n","protected":false},"featured_media":45983,"comment_status":"open","ping_status":"closed","template":"","meta":[],"product_brand":[],"product_cat":[63,135],"product_tag":[1738],"avtor":[2380],"zalozba":[2335],"vezava":[2307],"class_list":{"0":"post-45981","1":"product","2":"type-product","3":"status-publish","4":"has-post-thumbnail","6":"product_cat-knjige","7":"product_cat-za-otroke","8":"product_tag-dogodivscine-pepija-in-tinkare","9":"avtor-olivier-bonnewijn","10":"zalozba-zalozba-emanuel","11":"vezava-mehka","13":"first","14":"instock","15":"taxable","16":"shipping-taxable","17":"purchasable","18":"product-type-simple"},"yoast_head":"<!-- This site is optimized with the Yoast SEO plugin v26.3 - https:\/\/yoast.com\/wordpress\/plugins\/seo\/ -->\n<title>Na skrivnem - dogodiv\u0161\u010dine Pepija &amp; Tinkare - trgovina Iskreni.net<\/title>\n<meta name=\"description\" content=\"Enajsta knji\u017eica iz zbirke Dogodiv\u0161\u010dine Pepija in Tinkare Na skrivnem se rahlo\u010dutno dotika vpra\u0161anja duhovni\u0161ke poklicanosti. Imprimatur. Nihil obstat.\" \/>\n<meta name=\"robots\" content=\"index, follow, max-snippet:-1, max-image-preview:large, max-video-preview:-1\" \/>\n<link rel=\"canonical\" href=\"https:\/\/www.iskreni.net\/trgovina\/product\/na-skrivnem\/\" \/>\n<meta property=\"og:locale\" content=\"sl_SI\" \/>\n<meta property=\"og:type\" content=\"article\" \/>\n<meta property=\"og:title\" content=\"Na skrivnem - dogodiv\u0161\u010dine Pepija &amp; Tinkare - trgovina Iskreni.net\" \/>\n<meta property=\"og:description\" content=\"Enajsta knji\u017eica iz zbirke Dogodiv\u0161\u010dine Pepija in Tinkare Na skrivnem se rahlo\u010dutno dotika vpra\u0161anja duhovni\u0161ke poklicanosti. Imprimatur. Nihil obstat.\" \/>\n<meta property=\"og:url\" content=\"https:\/\/www.iskreni.net\/trgovina\/product\/na-skrivnem\/\" \/>\n<meta property=\"og:site_name\" content=\"Zavod Iskreni\" \/>\n<meta property=\"article:modified_time\" content=\"2024-01-18T14:15:50+00:00\" \/>\n<meta property=\"og:image\" content=\"https:\/\/www.iskreni.net\/trgovina\/wp-content\/uploads\/2021\/10\/Na-skrivnem.jpg\" \/>\n\t<meta property=\"og:image:width\" content=\"600\" \/>\n\t<meta property=\"og:image:height\" content=\"600\" \/>\n\t<meta property=\"og:image:type\" content=\"image\/jpeg\" \/>\n<meta name=\"twitter:card\" content=\"summary_large_image\" \/>\n<meta name=\"twitter:label1\" content=\"Est. reading time\" \/>\n\t<meta name=\"twitter:data1\" content=\"2 minuti\" \/>\n<script type=\"application\/ld+json\" class=\"yoast-schema-graph\">{\"@context\":\"https:\/\/schema.org\",\"@graph\":[{\"@type\":\"WebPage\",\"@id\":\"https:\/\/www.iskreni.net\/trgovina\/product\/na-skrivnem\/\",\"url\":\"https:\/\/www.iskreni.net\/trgovina\/product\/na-skrivnem\/\",\"name\":\"Na skrivnem - dogodiv\u0161\u010dine Pepija & Tinkare - trgovina Iskreni.net\",\"isPartOf\":{\"@id\":\"https:\/\/www.iskreni.net\/trgovina\/#website\"},\"primaryImageOfPage\":{\"@id\":\"https:\/\/www.iskreni.net\/trgovina\/product\/na-skrivnem\/#primaryimage\"},\"image\":{\"@id\":\"https:\/\/www.iskreni.net\/trgovina\/product\/na-skrivnem\/#primaryimage\"},\"thumbnailUrl\":\"https:\/\/www.iskreni.net\/trgovina\/wp-content\/uploads\/2021\/10\/Na-skrivnem.jpg\",\"datePublished\":\"2021-10-04T11:00:23+00:00\",\"dateModified\":\"2024-01-18T14:15:50+00:00\",\"description\":\"Enajsta knji\u017eica iz zbirke Dogodiv\u0161\u010dine Pepija in Tinkare Na skrivnem se rahlo\u010dutno dotika vpra\u0161anja duhovni\u0161ke poklicanosti. Imprimatur. Nihil obstat.\",\"breadcrumb\":{\"@id\":\"https:\/\/www.iskreni.net\/trgovina\/product\/na-skrivnem\/#breadcrumb\"},\"inLanguage\":\"sl-SI\",\"potentialAction\":[{\"@type\":\"ReadAction\",\"target\":[\"https:\/\/www.iskreni.net\/trgovina\/product\/na-skrivnem\/\"]}]},{\"@type\":\"ImageObject\",\"inLanguage\":\"sl-SI\",\"@id\":\"https:\/\/www.iskreni.net\/trgovina\/product\/na-skrivnem\/#primaryimage\",\"url\":\"https:\/\/www.iskreni.net\/trgovina\/wp-content\/uploads\/2021\/10\/Na-skrivnem.jpg\",\"contentUrl\":\"https:\/\/www.iskreni.net\/trgovina\/wp-content\/uploads\/2021\/10\/Na-skrivnem.jpg\",\"width\":600,\"height\":600},{\"@type\":\"BreadcrumbList\",\"@id\":\"https:\/\/www.iskreni.net\/trgovina\/product\/na-skrivnem\/#breadcrumb\",\"itemListElement\":[{\"@type\":\"ListItem\",\"position\":1,\"name\":\"Home\",\"item\":\"https:\/\/www.iskreni.net\/trgovina\/\"},{\"@type\":\"ListItem\",\"position\":2,\"name\":\"Trgovina\",\"item\":\"https:\/\/www.iskreni.net\/trgovina\/trgovina\/\"},{\"@type\":\"ListItem\",\"position\":3,\"name\":\"Na skrivnem\"}]},{\"@type\":\"WebSite\",\"@id\":\"https:\/\/www.iskreni.net\/trgovina\/#website\",\"url\":\"https:\/\/www.iskreni.net\/trgovina\/\",\"name\":\"Zavod Iskreni\",\"description\":\"trgovina\",\"potentialAction\":[{\"@type\":\"SearchAction\",\"target\":{\"@type\":\"EntryPoint\",\"urlTemplate\":\"https:\/\/www.iskreni.net\/trgovina\/?s={search_term_string}\"},\"query-input\":{\"@type\":\"PropertyValueSpecification\",\"valueRequired\":true,\"valueName\":\"search_term_string\"}}],\"inLanguage\":\"sl-SI\"}]}<\/script>\n<!-- \/ Yoast SEO plugin. -->","yoast_head_json":{"title":"Na skrivnem - dogodiv\u0161\u010dine Pepija & Tinkare - trgovina Iskreni.net","description":"Enajsta knji\u017eica iz zbirke Dogodiv\u0161\u010dine Pepija in Tinkare Na skrivnem se rahlo\u010dutno dotika vpra\u0161anja duhovni\u0161ke poklicanosti. Imprimatur. Nihil obstat.","robots":{"index":"index","follow":"follow","max-snippet":"max-snippet:-1","max-image-preview":"max-image-preview:large","max-video-preview":"max-video-preview:-1"},"canonical":"https:\/\/www.iskreni.net\/trgovina\/product\/na-skrivnem\/","og_locale":"sl_SI","og_type":"article","og_title":"Na skrivnem - dogodiv\u0161\u010dine Pepija & Tinkare - trgovina Iskreni.net","og_description":"Enajsta knji\u017eica iz zbirke Dogodiv\u0161\u010dine Pepija in Tinkare Na skrivnem se rahlo\u010dutno dotika vpra\u0161anja duhovni\u0161ke poklicanosti. Imprimatur. Nihil obstat.","og_url":"https:\/\/www.iskreni.net\/trgovina\/product\/na-skrivnem\/","og_site_name":"Zavod Iskreni","article_modified_time":"2024-01-18T14:15:50+00:00","og_image":[{"width":600,"height":600,"url":"https:\/\/www.iskreni.net\/trgovina\/wp-content\/uploads\/2021\/10\/Na-skrivnem.jpg","type":"image\/jpeg"}],"twitter_card":"summary_large_image","twitter_misc":{"Est. reading time":"2 minuti"},"schema":{"@context":"https:\/\/schema.org","@graph":[{"@type":"WebPage","@id":"https:\/\/www.iskreni.net\/trgovina\/product\/na-skrivnem\/","url":"https:\/\/www.iskreni.net\/trgovina\/product\/na-skrivnem\/","name":"Na skrivnem - dogodiv\u0161\u010dine Pepija & Tinkare - trgovina Iskreni.net","isPartOf":{"@id":"https:\/\/www.iskreni.net\/trgovina\/#website"},"primaryImageOfPage":{"@id":"https:\/\/www.iskreni.net\/trgovina\/product\/na-skrivnem\/#primaryimage"},"image":{"@id":"https:\/\/www.iskreni.net\/trgovina\/product\/na-skrivnem\/#primaryimage"},"thumbnailUrl":"https:\/\/www.iskreni.net\/trgovina\/wp-content\/uploads\/2021\/10\/Na-skrivnem.jpg","datePublished":"2021-10-04T11:00:23+00:00","dateModified":"2024-01-18T14:15:50+00:00","description":"Enajsta knji\u017eica iz zbirke Dogodiv\u0161\u010dine Pepija in Tinkare Na skrivnem se rahlo\u010dutno dotika vpra\u0161anja duhovni\u0161ke poklicanosti. Imprimatur. Nihil obstat.","breadcrumb":{"@id":"https:\/\/www.iskreni.net\/trgovina\/product\/na-skrivnem\/#breadcrumb"},"inLanguage":"sl-SI","potentialAction":[{"@type":"ReadAction","target":["https:\/\/www.iskreni.net\/trgovina\/product\/na-skrivnem\/"]}]},{"@type":"ImageObject","inLanguage":"sl-SI","@id":"https:\/\/www.iskreni.net\/trgovina\/product\/na-skrivnem\/#primaryimage","url":"https:\/\/www.iskreni.net\/trgovina\/wp-content\/uploads\/2021\/10\/Na-skrivnem.jpg","contentUrl":"https:\/\/www.iskreni.net\/trgovina\/wp-content\/uploads\/2021\/10\/Na-skrivnem.jpg","width":600,"height":600},{"@type":"BreadcrumbList","@id":"https:\/\/www.iskreni.net\/trgovina\/product\/na-skrivnem\/#breadcrumb","itemListElement":[{"@type":"ListItem","position":1,"name":"Home","item":"https:\/\/www.iskreni.net\/trgovina\/"},{"@type":"ListItem","position":2,"name":"Trgovina","item":"https:\/\/www.iskreni.net\/trgovina\/trgovina\/"},{"@type":"ListItem","position":3,"name":"Na skrivnem"}]},{"@type":"WebSite","@id":"https:\/\/www.iskreni.net\/trgovina\/#website","url":"https:\/\/www.iskreni.net\/trgovina\/","name":"Zavod Iskreni","description":"trgovina","potentialAction":[{"@type":"SearchAction","target":{"@type":"EntryPoint","urlTemplate":"https:\/\/www.iskreni.net\/trgovina\/?s={search_term_string}"},"query-input":{"@type":"PropertyValueSpecification","valueRequired":true,"valueName":"search_term_string"}}],"inLanguage":"sl-SI"}]}},"_links":{"self":[{"href":"https:\/\/www.iskreni.net\/trgovina\/wp-json\/wp\/v2\/product\/45981","targetHints":{"allow":["GET"]}}],"collection":[{"href":"https:\/\/www.iskreni.net\/trgovina\/wp-json\/wp\/v2\/product"}],"about":[{"href":"https:\/\/www.iskreni.net\/trgovina\/wp-json\/wp\/v2\/types\/product"}],"replies":[{"embeddable":true,"href":"https:\/\/www.iskreni.net\/trgovina\/wp-json\/wp\/v2\/comments?post=45981"}],"version-history":[{"count":4,"href":"https:\/\/www.iskreni.net\/trgovina\/wp-json\/wp\/v2\/product\/45981\/revisions"}],"predecessor-version":[{"id":72771,"href":"https:\/\/www.iskreni.net\/trgovina\/wp-json\/wp\/v2\/product\/45981\/revisions\/72771"}],"wp:featuredmedia":[{"embeddable":true,"href":"https:\/\/www.iskreni.net\/trgovina\/wp-json\/wp\/v2\/media\/45983"}],"wp:attachment":[{"href":"https:\/\/www.iskreni.net\/trgovina\/wp-json\/wp\/v2\/media?parent=45981"}],"wp:term":[{"taxonomy":"product_brand","embeddable":true,"href":"https:\/\/www.iskreni.net\/trgovina\/wp-json\/wp\/v2\/product_brand?post=45981"},{"taxonomy":"product_cat","embeddable":true,"href":"https:\/\/www.iskreni.net\/trgovina\/wp-json\/wp\/v2\/product_cat?post=45981"},{"taxonomy":"product_tag","embeddable":true,"href":"https:\/\/www.iskreni.net\/trgovina\/wp-json\/wp\/v2\/product_tag?post=45981"},{"taxonomy":"avtor","embeddable":true,"href":"https:\/\/www.iskreni.net\/trgovina\/wp-json\/wp\/v2\/avtor?post=45981"},{"taxonomy":"zalozba","embeddable":true,"href":"https:\/\/www.iskreni.net\/trgovina\/wp-json\/wp\/v2\/zalozba?post=45981"},{"taxonomy":"vezava","embeddable":true,"href":"https:\/\/www.iskreni.net\/trgovina\/wp-json\/wp\/v2\/vezava?post=45981"}],"curies":[{"name":"wp","href":"https:\/\/api.w.org\/{rel}","templated":true}]}}