{"id":45946,"date":"2021-10-04T10:21:58","date_gmt":"2021-10-04T08:21:58","guid":{"rendered":"https:\/\/www.iskreni.net\/trgovina\/?post_type=product&#038;p=45946"},"modified":"2023-07-21T12:01:15","modified_gmt":"2023-07-21T10:01:15","slug":"vzporedni-mehanizem-globoke-drzave","status":"publish","type":"product","link":"https:\/\/www.iskreni.net\/trgovina\/product\/vzporedni-mehanizem-globoke-drzave\/","title":{"rendered":"Vzporedni mehanizem globoke dr\u017eave"},"content":{"rendered":"<p><strong>O knjigi:<\/strong><\/p>\n<p>Knjiga zajema obdobje med letoma 1945 in 2020 in razkriva delovanje doslej prikritega vzporednega mehanizma v slovenski ekonomiji. Avtor razkriva doslej neznan svet udbovske ekonomije in vzporednega ban\u010dni\u0161tva, ki se kot hobotnica razpreda po slovenski ekonomiji in se skriva po razli\u010dnih dav\u010dnih oazah vse dokler ne napo\u010di zlom sistema in se vrne v tranzicijo. V knjigi pa vas ne \u010daka samo tehnologija partijskega kapitalizma temve\u010d tudi podrobne analize ban\u010dne po\u0161asti, ki je v drugi ban\u010dni sanaciji implodirala z ve\u010d milijardno \u0161kodo. Lahko boste prebrali tudi kako se je konsolidiralo omre\u017eje, ki je postalo tranzicijski zmagovalec in vse o primeru Farrokh, najve\u010djemu finan\u010dnemu \u0161kandalu v slovenski zgodovini.<\/p>\n<p><strong>O avtorju:<\/strong><\/p>\n<p>Avtor knjige Rado Pezdir je ekonomist zaposlen na Univerzi na Primorskem, Fakulteti za matematiko, naravoslovje in informacijske tehnologije v Kopru in na Mednarodni fakulteti za dru\u017ebene in poslovne \u0161tudije v Celju. Poleg knjige Vzporedni mehanizem globoke dr\u017eave je tudi avtor knjige Slovenska tranzicija med Kardeljem in tajkuni in skupaj z Igorjem Omerzo soavtor knjige\u00a0Kriminalni temelji NLB in Teritorialne obrambe. Pezdir je kot finan\u010dni strokovnjak sodelavec Preiskovalni komisij Dr\u017eavnega zbora in avtor razli\u010dnih znanstvenih \u010dlankov s podro\u010dja ekonomike tranzicije. Podro\u010dje njegovega dela zajema tranzicijo, ekonomsko zgodovino, finan\u010dne trge in monetarni sistem.<\/p>\n","protected":false},"excerpt":{"rendered":"<p><strong>Avtor:<\/strong> Rado Pezdir<br \/>\n<strong>\u0160tevilo strani:<\/strong> 624<br \/>\n<strong>Leto izdaje:<\/strong> 2021<br \/>\n<strong>Zalo\u017eba:<\/strong> Podjetni\u0161ka analitika<\/p>\n","protected":false},"featured_media":45948,"comment_status":"open","ping_status":"closed","template":"","meta":[],"product_brand":[],"product_cat":[2326,63],"product_tag":[1501],"avtor":[],"zalozba":[],"vezava":[],"class_list":{"0":"post-45946","1":"product","2":"type-product","3":"status-publish","4":"has-post-thumbnail","6":"product_cat-druzbena-vprasanja-in-humanistika","7":"product_cat-knjige","8":"product_tag-komunizem","10":"first","11":"instock","12":"taxable","13":"shipping-taxable","14":"purchasable","15":"product-type-simple"},"yoast_head":"<!-- This site is optimized with the Yoast SEO plugin v26.3 - https:\/\/yoast.com\/wordpress\/plugins\/seo\/ -->\n<title>Vzporedni mehanizem globoke dr\u017eave - trgovina Iskreni<\/title>\n<meta name=\"description\" content=\"Knjiga zajema obdobje med letoma 1945 in 2020 in razkriva delovanje doslej prikritega vzporednega mehanizma v slovenski ekonomiji. Avtor razkriva doslej neznan svet udbovske ekonomije in vzporednega ban\u010dni\u0161tva.\" \/>\n<meta name=\"robots\" content=\"index, follow, max-snippet:-1, max-image-preview:large, max-video-preview:-1\" \/>\n<link rel=\"canonical\" href=\"https:\/\/www.iskreni.net\/trgovina\/product\/vzporedni-mehanizem-globoke-drzave\/\" \/>\n<meta property=\"og:locale\" content=\"sl_SI\" \/>\n<meta property=\"og:type\" content=\"article\" \/>\n<meta property=\"og:title\" content=\"Vzporedni mehanizem globoke dr\u017eave - trgovina Iskreni\" \/>\n<meta property=\"og:description\" content=\"Knjiga zajema obdobje med letoma 1945 in 2020 in razkriva delovanje doslej prikritega vzporednega mehanizma v slovenski ekonomiji. Avtor razkriva doslej neznan svet udbovske ekonomije in vzporednega ban\u010dni\u0161tva.\" \/>\n<meta property=\"og:url\" content=\"https:\/\/www.iskreni.net\/trgovina\/product\/vzporedni-mehanizem-globoke-drzave\/\" \/>\n<meta property=\"og:site_name\" content=\"Zavod Iskreni\" \/>\n<meta property=\"article:modified_time\" content=\"2023-07-21T10:01:15+00:00\" \/>\n<meta property=\"og:image\" content=\"https:\/\/www.iskreni.net\/trgovina\/wp-content\/uploads\/2021\/10\/Vzporedni-mehanizem-globoke-drzave.jpg\" \/>\n\t<meta property=\"og:image:width\" content=\"600\" \/>\n\t<meta property=\"og:image:height\" content=\"600\" \/>\n\t<meta property=\"og:image:type\" content=\"image\/jpeg\" \/>\n<meta name=\"twitter:card\" content=\"summary_large_image\" \/>\n<meta name=\"twitter:label1\" content=\"Est. reading time\" \/>\n\t<meta name=\"twitter:data1\" content=\"2 minuti\" \/>\n<script type=\"application\/ld+json\" class=\"yoast-schema-graph\">{\"@context\":\"https:\/\/schema.org\",\"@graph\":[{\"@type\":\"WebPage\",\"@id\":\"https:\/\/www.iskreni.net\/trgovina\/product\/vzporedni-mehanizem-globoke-drzave\/\",\"url\":\"https:\/\/www.iskreni.net\/trgovina\/product\/vzporedni-mehanizem-globoke-drzave\/\",\"name\":\"Vzporedni mehanizem globoke dr\u017eave - trgovina Iskreni\",\"isPartOf\":{\"@id\":\"https:\/\/www.iskreni.net\/trgovina\/#website\"},\"primaryImageOfPage\":{\"@id\":\"https:\/\/www.iskreni.net\/trgovina\/product\/vzporedni-mehanizem-globoke-drzave\/#primaryimage\"},\"image\":{\"@id\":\"https:\/\/www.iskreni.net\/trgovina\/product\/vzporedni-mehanizem-globoke-drzave\/#primaryimage\"},\"thumbnailUrl\":\"https:\/\/www.iskreni.net\/trgovina\/wp-content\/uploads\/2021\/10\/Vzporedni-mehanizem-globoke-drzave.jpg\",\"datePublished\":\"2021-10-04T08:21:58+00:00\",\"dateModified\":\"2023-07-21T10:01:15+00:00\",\"description\":\"Knjiga zajema obdobje med letoma 1945 in 2020 in razkriva delovanje doslej prikritega vzporednega mehanizma v slovenski ekonomiji. Avtor razkriva doslej neznan svet udbovske ekonomije in vzporednega ban\u010dni\u0161tva.\",\"breadcrumb\":{\"@id\":\"https:\/\/www.iskreni.net\/trgovina\/product\/vzporedni-mehanizem-globoke-drzave\/#breadcrumb\"},\"inLanguage\":\"sl-SI\",\"potentialAction\":[{\"@type\":\"ReadAction\",\"target\":[\"https:\/\/www.iskreni.net\/trgovina\/product\/vzporedni-mehanizem-globoke-drzave\/\"]}]},{\"@type\":\"ImageObject\",\"inLanguage\":\"sl-SI\",\"@id\":\"https:\/\/www.iskreni.net\/trgovina\/product\/vzporedni-mehanizem-globoke-drzave\/#primaryimage\",\"url\":\"https:\/\/www.iskreni.net\/trgovina\/wp-content\/uploads\/2021\/10\/Vzporedni-mehanizem-globoke-drzave.jpg\",\"contentUrl\":\"https:\/\/www.iskreni.net\/trgovina\/wp-content\/uploads\/2021\/10\/Vzporedni-mehanizem-globoke-drzave.jpg\",\"width\":600,\"height\":600},{\"@type\":\"BreadcrumbList\",\"@id\":\"https:\/\/www.iskreni.net\/trgovina\/product\/vzporedni-mehanizem-globoke-drzave\/#breadcrumb\",\"itemListElement\":[{\"@type\":\"ListItem\",\"position\":1,\"name\":\"Home\",\"item\":\"https:\/\/www.iskreni.net\/trgovina\/\"},{\"@type\":\"ListItem\",\"position\":2,\"name\":\"Trgovina\",\"item\":\"https:\/\/www.iskreni.net\/trgovina\/trgovina\/\"},{\"@type\":\"ListItem\",\"position\":3,\"name\":\"Vzporedni mehanizem globoke dr\u017eave\"}]},{\"@type\":\"WebSite\",\"@id\":\"https:\/\/www.iskreni.net\/trgovina\/#website\",\"url\":\"https:\/\/www.iskreni.net\/trgovina\/\",\"name\":\"Zavod Iskreni\",\"description\":\"trgovina\",\"potentialAction\":[{\"@type\":\"SearchAction\",\"target\":{\"@type\":\"EntryPoint\",\"urlTemplate\":\"https:\/\/www.iskreni.net\/trgovina\/?s={search_term_string}\"},\"query-input\":{\"@type\":\"PropertyValueSpecification\",\"valueRequired\":true,\"valueName\":\"search_term_string\"}}],\"inLanguage\":\"sl-SI\"}]}<\/script>\n<!-- \/ Yoast SEO plugin. -->","yoast_head_json":{"title":"Vzporedni mehanizem globoke dr\u017eave - trgovina Iskreni","description":"Knjiga zajema obdobje med letoma 1945 in 2020 in razkriva delovanje doslej prikritega vzporednega mehanizma v slovenski ekonomiji. Avtor razkriva doslej neznan svet udbovske ekonomije in vzporednega ban\u010dni\u0161tva.","robots":{"index":"index","follow":"follow","max-snippet":"max-snippet:-1","max-image-preview":"max-image-preview:large","max-video-preview":"max-video-preview:-1"},"canonical":"https:\/\/www.iskreni.net\/trgovina\/product\/vzporedni-mehanizem-globoke-drzave\/","og_locale":"sl_SI","og_type":"article","og_title":"Vzporedni mehanizem globoke dr\u017eave - trgovina Iskreni","og_description":"Knjiga zajema obdobje med letoma 1945 in 2020 in razkriva delovanje doslej prikritega vzporednega mehanizma v slovenski ekonomiji. Avtor razkriva doslej neznan svet udbovske ekonomije in vzporednega ban\u010dni\u0161tva.","og_url":"https:\/\/www.iskreni.net\/trgovina\/product\/vzporedni-mehanizem-globoke-drzave\/","og_site_name":"Zavod Iskreni","article_modified_time":"2023-07-21T10:01:15+00:00","og_image":[{"width":600,"height":600,"url":"https:\/\/www.iskreni.net\/trgovina\/wp-content\/uploads\/2021\/10\/Vzporedni-mehanizem-globoke-drzave.jpg","type":"image\/jpeg"}],"twitter_card":"summary_large_image","twitter_misc":{"Est. reading time":"2 minuti"},"schema":{"@context":"https:\/\/schema.org","@graph":[{"@type":"WebPage","@id":"https:\/\/www.iskreni.net\/trgovina\/product\/vzporedni-mehanizem-globoke-drzave\/","url":"https:\/\/www.iskreni.net\/trgovina\/product\/vzporedni-mehanizem-globoke-drzave\/","name":"Vzporedni mehanizem globoke dr\u017eave - trgovina Iskreni","isPartOf":{"@id":"https:\/\/www.iskreni.net\/trgovina\/#website"},"primaryImageOfPage":{"@id":"https:\/\/www.iskreni.net\/trgovina\/product\/vzporedni-mehanizem-globoke-drzave\/#primaryimage"},"image":{"@id":"https:\/\/www.iskreni.net\/trgovina\/product\/vzporedni-mehanizem-globoke-drzave\/#primaryimage"},"thumbnailUrl":"https:\/\/www.iskreni.net\/trgovina\/wp-content\/uploads\/2021\/10\/Vzporedni-mehanizem-globoke-drzave.jpg","datePublished":"2021-10-04T08:21:58+00:00","dateModified":"2023-07-21T10:01:15+00:00","description":"Knjiga zajema obdobje med letoma 1945 in 2020 in razkriva delovanje doslej prikritega vzporednega mehanizma v slovenski ekonomiji. Avtor razkriva doslej neznan svet udbovske ekonomije in vzporednega ban\u010dni\u0161tva.","breadcrumb":{"@id":"https:\/\/www.iskreni.net\/trgovina\/product\/vzporedni-mehanizem-globoke-drzave\/#breadcrumb"},"inLanguage":"sl-SI","potentialAction":[{"@type":"ReadAction","target":["https:\/\/www.iskreni.net\/trgovina\/product\/vzporedni-mehanizem-globoke-drzave\/"]}]},{"@type":"ImageObject","inLanguage":"sl-SI","@id":"https:\/\/www.iskreni.net\/trgovina\/product\/vzporedni-mehanizem-globoke-drzave\/#primaryimage","url":"https:\/\/www.iskreni.net\/trgovina\/wp-content\/uploads\/2021\/10\/Vzporedni-mehanizem-globoke-drzave.jpg","contentUrl":"https:\/\/www.iskreni.net\/trgovina\/wp-content\/uploads\/2021\/10\/Vzporedni-mehanizem-globoke-drzave.jpg","width":600,"height":600},{"@type":"BreadcrumbList","@id":"https:\/\/www.iskreni.net\/trgovina\/product\/vzporedni-mehanizem-globoke-drzave\/#breadcrumb","itemListElement":[{"@type":"ListItem","position":1,"name":"Home","item":"https:\/\/www.iskreni.net\/trgovina\/"},{"@type":"ListItem","position":2,"name":"Trgovina","item":"https:\/\/www.iskreni.net\/trgovina\/trgovina\/"},{"@type":"ListItem","position":3,"name":"Vzporedni mehanizem globoke dr\u017eave"}]},{"@type":"WebSite","@id":"https:\/\/www.iskreni.net\/trgovina\/#website","url":"https:\/\/www.iskreni.net\/trgovina\/","name":"Zavod Iskreni","description":"trgovina","potentialAction":[{"@type":"SearchAction","target":{"@type":"EntryPoint","urlTemplate":"https:\/\/www.iskreni.net\/trgovina\/?s={search_term_string}"},"query-input":{"@type":"PropertyValueSpecification","valueRequired":true,"valueName":"search_term_string"}}],"inLanguage":"sl-SI"}]}},"_links":{"self":[{"href":"https:\/\/www.iskreni.net\/trgovina\/wp-json\/wp\/v2\/product\/45946","targetHints":{"allow":["GET"]}}],"collection":[{"href":"https:\/\/www.iskreni.net\/trgovina\/wp-json\/wp\/v2\/product"}],"about":[{"href":"https:\/\/www.iskreni.net\/trgovina\/wp-json\/wp\/v2\/types\/product"}],"replies":[{"embeddable":true,"href":"https:\/\/www.iskreni.net\/trgovina\/wp-json\/wp\/v2\/comments?post=45946"}],"version-history":[{"count":12,"href":"https:\/\/www.iskreni.net\/trgovina\/wp-json\/wp\/v2\/product\/45946\/revisions"}],"predecessor-version":[{"id":52830,"href":"https:\/\/www.iskreni.net\/trgovina\/wp-json\/wp\/v2\/product\/45946\/revisions\/52830"}],"wp:featuredmedia":[{"embeddable":true,"href":"https:\/\/www.iskreni.net\/trgovina\/wp-json\/wp\/v2\/media\/45948"}],"wp:attachment":[{"href":"https:\/\/www.iskreni.net\/trgovina\/wp-json\/wp\/v2\/media?parent=45946"}],"wp:term":[{"taxonomy":"product_brand","embeddable":true,"href":"https:\/\/www.iskreni.net\/trgovina\/wp-json\/wp\/v2\/product_brand?post=45946"},{"taxonomy":"product_cat","embeddable":true,"href":"https:\/\/www.iskreni.net\/trgovina\/wp-json\/wp\/v2\/product_cat?post=45946"},{"taxonomy":"product_tag","embeddable":true,"href":"https:\/\/www.iskreni.net\/trgovina\/wp-json\/wp\/v2\/product_tag?post=45946"},{"taxonomy":"avtor","embeddable":true,"href":"https:\/\/www.iskreni.net\/trgovina\/wp-json\/wp\/v2\/avtor?post=45946"},{"taxonomy":"zalozba","embeddable":true,"href":"https:\/\/www.iskreni.net\/trgovina\/wp-json\/wp\/v2\/zalozba?post=45946"},{"taxonomy":"vezava","embeddable":true,"href":"https:\/\/www.iskreni.net\/trgovina\/wp-json\/wp\/v2\/vezava?post=45946"}],"curies":[{"name":"wp","href":"https:\/\/api.w.org\/{rel}","templated":true}]}}