{"id":45682,"date":"2021-09-29T20:24:38","date_gmt":"2021-09-29T18:24:38","guid":{"rendered":"https:\/\/www.iskreni.net\/trgovina\/?post_type=product&#038;p=45682"},"modified":"2026-04-16T15:40:18","modified_gmt":"2026-04-16T13:40:18","slug":"danasnji-vic-v-nasi-druzini","status":"publish","type":"product","link":"https:\/\/www.iskreni.net\/trgovina\/product\/danasnji-vic-v-nasi-druzini\/","title":{"rendered":"Dana\u0161nji vic v na\u0161i dru\u017eini"},"content":{"rendered":"<p>V knjigi so zbrane resni\u010dne anekdote, izjave in zabavni pripetljaji slovenskih otrok in dru\u017ein.<\/p>\n<p>Med drugim boste izvedeli:<\/p>\n<ul>\n<li>zakaj je Jezus izumitelj,<\/li>\n<li>kako stari so babice in dedki,<\/li>\n<li>kako telovadijo psi,<\/li>\n<li>kaj se zgodi, \u010de otrokom prinese\u0161 trojanske krofe.<\/li>\n<\/ul>\n<p>Upamo, da vici razvedrijo in nasmejejo tudi vas!<\/p>\n<p><strong>2 eur od vsakega prodanega izvoda bomo v sodelovanju z Zavodom \u017divim namenili za izbrano dru\u017eino v stiski.<\/strong><\/p>\n","protected":false},"excerpt":{"rendered":"<p><strong>Leto izdaje:<\/strong> 2021<\/p>\n<p><strong>Vici za vse generacije!<\/strong><\/p>\n<p><a href=\"https:\/\/www.iskreni.net\/trgovina\/wp-content\/uploads\/2022\/07\/druzinski-vici-notranjost-1-13.pdf\"><span style=\"font-size: 14pt;\"><strong>Prelistaj knjigo<\/strong><\/span><\/a><\/p>\n","protected":false},"featured_media":45689,"comment_status":"open","ping_status":"closed","template":"","meta":[],"product_brand":[],"product_cat":[2322,1667,1430,63],"product_tag":[1429],"avtor":[2577],"zalozba":[2305],"vezava":[2307],"class_list":{"0":"post-45682","1":"product","2":"type-product","3":"status-publish","4":"has-post-thumbnail","6":"product_cat-druzina-in-odnosi","7":"product_cat-poletna-akcija","8":"product_cat-iz-nase-zalozbe","9":"product_cat-knjige","10":"product_tag-zavod-iskreni","11":"avtor-vec-avtorjev","12":"zalozba-zavod-iskreni","13":"vezava-mehka","15":"first","16":"instock","17":"taxable","18":"shipping-taxable","19":"purchasable","20":"product-type-simple"},"yoast_head":"<!-- This site is optimized with the Yoast SEO plugin v26.3 - https:\/\/yoast.com\/wordpress\/plugins\/seo\/ -->\n<title>Dana\u0161nji vic v na\u0161i dru\u017eini - Zavod Iskreni<\/title>\n<meta name=\"description\" content=\"Dana\u0161nji vic v na\u0161i dru\u017eini je simpati\u010dna zbirka \u0161al in dru\u017einskih prigod, ki so jih mamice leta zbirale na listi Mamasem.\" \/>\n<meta name=\"robots\" content=\"index, follow, max-snippet:-1, max-image-preview:large, max-video-preview:-1\" \/>\n<link rel=\"canonical\" href=\"https:\/\/www.iskreni.net\/trgovina\/product\/danasnji-vic-v-nasi-druzini\/\" \/>\n<meta property=\"og:locale\" content=\"sl_SI\" \/>\n<meta property=\"og:type\" content=\"article\" \/>\n<meta property=\"og:title\" content=\"Dana\u0161nji vic v na\u0161i dru\u017eini - Zavod Iskreni\" \/>\n<meta property=\"og:description\" content=\"Dana\u0161nji vic v na\u0161i dru\u017eini je simpati\u010dna zbirka \u0161al in dru\u017einskih prigod, ki so jih mamice leta zbirale na listi Mamasem.\" \/>\n<meta property=\"og:url\" content=\"https:\/\/www.iskreni.net\/trgovina\/product\/danasnji-vic-v-nasi-druzini\/\" \/>\n<meta property=\"og:site_name\" content=\"Zavod Iskreni\" \/>\n<meta property=\"article:modified_time\" content=\"2026-04-16T13:40:18+00:00\" \/>\n<meta property=\"og:image\" content=\"https:\/\/www.iskreni.net\/trgovina\/wp-content\/uploads\/2021\/09\/danasnji-vic-naslovka-min.jpg\" \/>\n\t<meta property=\"og:image:width\" content=\"800\" \/>\n\t<meta property=\"og:image:height\" content=\"1090\" \/>\n\t<meta property=\"og:image:type\" content=\"image\/jpeg\" \/>\n<meta name=\"twitter:card\" content=\"summary_large_image\" \/>\n<meta name=\"twitter:label1\" content=\"Est. reading time\" \/>\n\t<meta name=\"twitter:data1\" content=\"1 minuta\" \/>\n<script type=\"application\/ld+json\" class=\"yoast-schema-graph\">{\"@context\":\"https:\/\/schema.org\",\"@graph\":[{\"@type\":\"WebPage\",\"@id\":\"https:\/\/www.iskreni.net\/trgovina\/product\/danasnji-vic-v-nasi-druzini\/\",\"url\":\"https:\/\/www.iskreni.net\/trgovina\/product\/danasnji-vic-v-nasi-druzini\/\",\"name\":\"Dana\u0161nji vic v na\u0161i dru\u017eini - Zavod Iskreni\",\"isPartOf\":{\"@id\":\"https:\/\/www.iskreni.net\/trgovina\/#website\"},\"primaryImageOfPage\":{\"@id\":\"https:\/\/www.iskreni.net\/trgovina\/product\/danasnji-vic-v-nasi-druzini\/#primaryimage\"},\"image\":{\"@id\":\"https:\/\/www.iskreni.net\/trgovina\/product\/danasnji-vic-v-nasi-druzini\/#primaryimage\"},\"thumbnailUrl\":\"https:\/\/www.iskreni.net\/trgovina\/wp-content\/uploads\/2021\/09\/danasnji-vic-naslovka-min.jpg\",\"datePublished\":\"2021-09-29T18:24:38+00:00\",\"dateModified\":\"2026-04-16T13:40:18+00:00\",\"description\":\"Dana\u0161nji vic v na\u0161i dru\u017eini je simpati\u010dna zbirka \u0161al in dru\u017einskih prigod, ki so jih mamice leta zbirale na listi Mamasem.\",\"breadcrumb\":{\"@id\":\"https:\/\/www.iskreni.net\/trgovina\/product\/danasnji-vic-v-nasi-druzini\/#breadcrumb\"},\"inLanguage\":\"sl-SI\",\"potentialAction\":[{\"@type\":\"ReadAction\",\"target\":[\"https:\/\/www.iskreni.net\/trgovina\/product\/danasnji-vic-v-nasi-druzini\/\"]}]},{\"@type\":\"ImageObject\",\"inLanguage\":\"sl-SI\",\"@id\":\"https:\/\/www.iskreni.net\/trgovina\/product\/danasnji-vic-v-nasi-druzini\/#primaryimage\",\"url\":\"https:\/\/www.iskreni.net\/trgovina\/wp-content\/uploads\/2021\/09\/danasnji-vic-naslovka-min.jpg\",\"contentUrl\":\"https:\/\/www.iskreni.net\/trgovina\/wp-content\/uploads\/2021\/09\/danasnji-vic-naslovka-min.jpg\",\"width\":800,\"height\":1090},{\"@type\":\"BreadcrumbList\",\"@id\":\"https:\/\/www.iskreni.net\/trgovina\/product\/danasnji-vic-v-nasi-druzini\/#breadcrumb\",\"itemListElement\":[{\"@type\":\"ListItem\",\"position\":1,\"name\":\"Home\",\"item\":\"https:\/\/www.iskreni.net\/trgovina\/\"},{\"@type\":\"ListItem\",\"position\":2,\"name\":\"Trgovina\",\"item\":\"https:\/\/www.iskreni.net\/trgovina\/trgovina\/\"},{\"@type\":\"ListItem\",\"position\":3,\"name\":\"Dana\u0161nji vic v na\u0161i dru\u017eini\"}]},{\"@type\":\"WebSite\",\"@id\":\"https:\/\/www.iskreni.net\/trgovina\/#website\",\"url\":\"https:\/\/www.iskreni.net\/trgovina\/\",\"name\":\"Zavod Iskreni\",\"description\":\"trgovina\",\"potentialAction\":[{\"@type\":\"SearchAction\",\"target\":{\"@type\":\"EntryPoint\",\"urlTemplate\":\"https:\/\/www.iskreni.net\/trgovina\/?s={search_term_string}\"},\"query-input\":{\"@type\":\"PropertyValueSpecification\",\"valueRequired\":true,\"valueName\":\"search_term_string\"}}],\"inLanguage\":\"sl-SI\"}]}<\/script>\n<!-- \/ Yoast SEO plugin. -->","yoast_head_json":{"title":"Dana\u0161nji vic v na\u0161i dru\u017eini - Zavod Iskreni","description":"Dana\u0161nji vic v na\u0161i dru\u017eini je simpati\u010dna zbirka \u0161al in dru\u017einskih prigod, ki so jih mamice leta zbirale na listi Mamasem.","robots":{"index":"index","follow":"follow","max-snippet":"max-snippet:-1","max-image-preview":"max-image-preview:large","max-video-preview":"max-video-preview:-1"},"canonical":"https:\/\/www.iskreni.net\/trgovina\/product\/danasnji-vic-v-nasi-druzini\/","og_locale":"sl_SI","og_type":"article","og_title":"Dana\u0161nji vic v na\u0161i dru\u017eini - Zavod Iskreni","og_description":"Dana\u0161nji vic v na\u0161i dru\u017eini je simpati\u010dna zbirka \u0161al in dru\u017einskih prigod, ki so jih mamice leta zbirale na listi Mamasem.","og_url":"https:\/\/www.iskreni.net\/trgovina\/product\/danasnji-vic-v-nasi-druzini\/","og_site_name":"Zavod Iskreni","article_modified_time":"2026-04-16T13:40:18+00:00","og_image":[{"width":800,"height":1090,"url":"https:\/\/www.iskreni.net\/trgovina\/wp-content\/uploads\/2021\/09\/danasnji-vic-naslovka-min.jpg","type":"image\/jpeg"}],"twitter_card":"summary_large_image","twitter_misc":{"Est. reading time":"1 minuta"},"schema":{"@context":"https:\/\/schema.org","@graph":[{"@type":"WebPage","@id":"https:\/\/www.iskreni.net\/trgovina\/product\/danasnji-vic-v-nasi-druzini\/","url":"https:\/\/www.iskreni.net\/trgovina\/product\/danasnji-vic-v-nasi-druzini\/","name":"Dana\u0161nji vic v na\u0161i dru\u017eini - Zavod Iskreni","isPartOf":{"@id":"https:\/\/www.iskreni.net\/trgovina\/#website"},"primaryImageOfPage":{"@id":"https:\/\/www.iskreni.net\/trgovina\/product\/danasnji-vic-v-nasi-druzini\/#primaryimage"},"image":{"@id":"https:\/\/www.iskreni.net\/trgovina\/product\/danasnji-vic-v-nasi-druzini\/#primaryimage"},"thumbnailUrl":"https:\/\/www.iskreni.net\/trgovina\/wp-content\/uploads\/2021\/09\/danasnji-vic-naslovka-min.jpg","datePublished":"2021-09-29T18:24:38+00:00","dateModified":"2026-04-16T13:40:18+00:00","description":"Dana\u0161nji vic v na\u0161i dru\u017eini je simpati\u010dna zbirka \u0161al in dru\u017einskih prigod, ki so jih mamice leta zbirale na listi Mamasem.","breadcrumb":{"@id":"https:\/\/www.iskreni.net\/trgovina\/product\/danasnji-vic-v-nasi-druzini\/#breadcrumb"},"inLanguage":"sl-SI","potentialAction":[{"@type":"ReadAction","target":["https:\/\/www.iskreni.net\/trgovina\/product\/danasnji-vic-v-nasi-druzini\/"]}]},{"@type":"ImageObject","inLanguage":"sl-SI","@id":"https:\/\/www.iskreni.net\/trgovina\/product\/danasnji-vic-v-nasi-druzini\/#primaryimage","url":"https:\/\/www.iskreni.net\/trgovina\/wp-content\/uploads\/2021\/09\/danasnji-vic-naslovka-min.jpg","contentUrl":"https:\/\/www.iskreni.net\/trgovina\/wp-content\/uploads\/2021\/09\/danasnji-vic-naslovka-min.jpg","width":800,"height":1090},{"@type":"BreadcrumbList","@id":"https:\/\/www.iskreni.net\/trgovina\/product\/danasnji-vic-v-nasi-druzini\/#breadcrumb","itemListElement":[{"@type":"ListItem","position":1,"name":"Home","item":"https:\/\/www.iskreni.net\/trgovina\/"},{"@type":"ListItem","position":2,"name":"Trgovina","item":"https:\/\/www.iskreni.net\/trgovina\/trgovina\/"},{"@type":"ListItem","position":3,"name":"Dana\u0161nji vic v na\u0161i dru\u017eini"}]},{"@type":"WebSite","@id":"https:\/\/www.iskreni.net\/trgovina\/#website","url":"https:\/\/www.iskreni.net\/trgovina\/","name":"Zavod Iskreni","description":"trgovina","potentialAction":[{"@type":"SearchAction","target":{"@type":"EntryPoint","urlTemplate":"https:\/\/www.iskreni.net\/trgovina\/?s={search_term_string}"},"query-input":{"@type":"PropertyValueSpecification","valueRequired":true,"valueName":"search_term_string"}}],"inLanguage":"sl-SI"}]}},"_links":{"self":[{"href":"https:\/\/www.iskreni.net\/trgovina\/wp-json\/wp\/v2\/product\/45682","targetHints":{"allow":["GET"]}}],"collection":[{"href":"https:\/\/www.iskreni.net\/trgovina\/wp-json\/wp\/v2\/product"}],"about":[{"href":"https:\/\/www.iskreni.net\/trgovina\/wp-json\/wp\/v2\/types\/product"}],"replies":[{"embeddable":true,"href":"https:\/\/www.iskreni.net\/trgovina\/wp-json\/wp\/v2\/comments?post=45682"}],"version-history":[{"count":10,"href":"https:\/\/www.iskreni.net\/trgovina\/wp-json\/wp\/v2\/product\/45682\/revisions"}],"predecessor-version":[{"id":70545,"href":"https:\/\/www.iskreni.net\/trgovina\/wp-json\/wp\/v2\/product\/45682\/revisions\/70545"}],"wp:featuredmedia":[{"embeddable":true,"href":"https:\/\/www.iskreni.net\/trgovina\/wp-json\/wp\/v2\/media\/45689"}],"wp:attachment":[{"href":"https:\/\/www.iskreni.net\/trgovina\/wp-json\/wp\/v2\/media?parent=45682"}],"wp:term":[{"taxonomy":"product_brand","embeddable":true,"href":"https:\/\/www.iskreni.net\/trgovina\/wp-json\/wp\/v2\/product_brand?post=45682"},{"taxonomy":"product_cat","embeddable":true,"href":"https:\/\/www.iskreni.net\/trgovina\/wp-json\/wp\/v2\/product_cat?post=45682"},{"taxonomy":"product_tag","embeddable":true,"href":"https:\/\/www.iskreni.net\/trgovina\/wp-json\/wp\/v2\/product_tag?post=45682"},{"taxonomy":"avtor","embeddable":true,"href":"https:\/\/www.iskreni.net\/trgovina\/wp-json\/wp\/v2\/avtor?post=45682"},{"taxonomy":"zalozba","embeddable":true,"href":"https:\/\/www.iskreni.net\/trgovina\/wp-json\/wp\/v2\/zalozba?post=45682"},{"taxonomy":"vezava","embeddable":true,"href":"https:\/\/www.iskreni.net\/trgovina\/wp-json\/wp\/v2\/vezava?post=45682"}],"curies":[{"name":"wp","href":"https:\/\/api.w.org\/{rel}","templated":true}]}}