{"id":45369,"date":"2021-08-27T10:47:36","date_gmt":"2021-08-27T08:47:36","guid":{"rendered":"https:\/\/www.iskreni.net\/trgovina\/?post_type=product&#038;p=45369"},"modified":"2023-10-20T11:04:12","modified_gmt":"2023-10-20T09:04:12","slug":"svetost-zakona","status":"publish","type":"product","link":"https:\/\/www.iskreni.net\/trgovina\/product\/svetost-zakona\/","title":{"rendered":"Svetost zakona"},"content":{"rendered":"<h4>O knjigi Svetost zakona<\/h4>\n<p>Kaj pa, \u010de bo\u017eji namen svetega zakona ni to, da vas osre\u010di &#8230;, ampak da postanete sveti? Kaj, \u010de pri va\u0161em odnos ne gre toliko za vas in va\u0161ega zakonca, temve\u010d za vas in Boga?<\/p>\n<p>Gary Thomas, avtor uspe\u0161nice, ki jo za\u010dne z odkritjem, da namen zakona presega osebno sre\u010do, vas vabi, da spoznate, kako lahko Bog zakrament zakona uporabi kot vzgojo in spodbudo, da bi Ga bolj ljubili in bolj odra\u017eali lik Njegovega Sina.<\/p>\n<p>Poleg globokih \u017eivljenjskih spoznanj in uvidov v Sveto pismo, zgodovino Cerkve in skozi stoletja preizku\u0161eno modrost kr\u0161\u010danskih velikanov, boste v knjigi na\u0161li prakti\u010dna orodja in tehnike, kako lahko zakon oplemenitite s tem, da sami postajate svetej\u0161i mo\u017eje in \u017eene. Zakrament zakona nas:<\/p>\n<p>\u2022 u\u010di ljubezni do Boga in bli\u017enjega,<\/p>\n<p>\u2022 spominja, da Bog deluje v na\u0161em \u017eivljenju,<\/p>\n<p>\u2022 spodbuja k molitvi,<\/p>\n<p>\u2022 ustvarja prostorje za spolnost, ki hrani duhovno \u017eivljenje.<\/p>\n<p>S provokativnimi vpra\u0161anji in izto\u010dnicami za razmislek v paru ali skupinah, vas bo ta knjiga zagotovo spremenila. Ne glede na to, ali je va\u0161 zakon nadvse prijeten ali pa te\u017eak, lahko postane vstopna to\u010dka za tesnej\u0161o povezanost z Bogom.<\/p>\n<p><a href=\"https:\/\/www.iskreni.net\/trgovina\/wp-content\/uploads\/2023\/10\/Sveti-zakon_prelom-za_SPLET.pdf\">Prelistajte knjigo<\/a><\/p>\n","protected":false},"excerpt":{"rendered":"<p><span class=\"author\"><strong>Prevedla:<\/strong> Ana Pavec<br \/>\n<\/span><strong>Leto izdaje:<\/strong> 2021<br \/>\n<strong>\u0160tevilo strani:<\/strong> 264<\/p>\n<p>Kaj, \u010de je Bog ustvaril zakon bolj za svetost kot za sre\u010do?<\/p>\n<p><a href=\"https:\/\/www.iskreni.net\/trgovina\/wp-content\/uploads\/2023\/10\/Sveti-zakon_prelom-za_SPLET.pdf\">Prelistajte knjigo<\/a><\/p>\n<p><i>\u00a0<\/i><\/p>\n","protected":false},"featured_media":45371,"comment_status":"open","ping_status":"closed","template":"","meta":[],"product_brand":[],"product_cat":[2324,63],"product_tag":[410],"avtor":[2533],"zalozba":[2311],"vezava":[2307],"class_list":{"0":"post-45369","1":"product","2":"type-product","3":"status-publish","4":"has-post-thumbnail","6":"product_cat-duhovnost-in-osebna-rast","7":"product_cat-knjige","8":"product_tag-poroka","9":"avtor-gary-thomas","10":"zalozba-druzina","11":"vezava-mehka","13":"first","14":"instock","15":"taxable","16":"shipping-taxable","17":"purchasable","18":"product-type-simple"},"yoast_head":"<!-- This site is optimized with the Yoast SEO plugin v26.3 - https:\/\/yoast.com\/wordpress\/plugins\/seo\/ -->\n<title>Gary Thomas - Svetost zakona - zalo\u017eba Dru\u017eina - trgovina Iskreni<\/title>\n<meta name=\"description\" content=\"Avtor vas v knjigi vabi, da spoznate, kako lahko Bog zakrament zakona uporabi kot vzgojo in spodbudo, da bi Ga bolj ljubili in bolj odra\u017eali lik Njegovega Sina.\" \/>\n<meta name=\"robots\" content=\"index, follow, max-snippet:-1, max-image-preview:large, max-video-preview:-1\" \/>\n<link rel=\"canonical\" href=\"https:\/\/www.iskreni.net\/trgovina\/product\/svetost-zakona\/\" \/>\n<meta property=\"og:locale\" content=\"sl_SI\" \/>\n<meta property=\"og:type\" content=\"article\" \/>\n<meta property=\"og:title\" content=\"Gary Thomas - Svetost zakona - zalo\u017eba Dru\u017eina - trgovina Iskreni\" \/>\n<meta property=\"og:description\" content=\"Avtor vas v knjigi vabi, da spoznate, kako lahko Bog zakrament zakona uporabi kot vzgojo in spodbudo, da bi Ga bolj ljubili in bolj odra\u017eali lik Njegovega Sina.\" \/>\n<meta property=\"og:url\" content=\"https:\/\/www.iskreni.net\/trgovina\/product\/svetost-zakona\/\" \/>\n<meta property=\"og:site_name\" content=\"Zavod Iskreni\" \/>\n<meta property=\"article:modified_time\" content=\"2023-10-20T09:04:12+00:00\" \/>\n<meta property=\"og:image\" content=\"https:\/\/www.iskreni.net\/trgovina\/wp-content\/uploads\/2021\/08\/Svetost-zakona.jpg\" \/>\n\t<meta property=\"og:image:width\" content=\"600\" \/>\n\t<meta property=\"og:image:height\" content=\"600\" \/>\n\t<meta property=\"og:image:type\" content=\"image\/jpeg\" \/>\n<meta name=\"twitter:card\" content=\"summary_large_image\" \/>\n<meta name=\"twitter:label1\" content=\"Est. reading time\" \/>\n\t<meta name=\"twitter:data1\" content=\"2 minuti\" \/>\n<script type=\"application\/ld+json\" class=\"yoast-schema-graph\">{\"@context\":\"https:\/\/schema.org\",\"@graph\":[{\"@type\":\"WebPage\",\"@id\":\"https:\/\/www.iskreni.net\/trgovina\/product\/svetost-zakona\/\",\"url\":\"https:\/\/www.iskreni.net\/trgovina\/product\/svetost-zakona\/\",\"name\":\"Gary Thomas - Svetost zakona - zalo\u017eba Dru\u017eina - trgovina Iskreni\",\"isPartOf\":{\"@id\":\"https:\/\/www.iskreni.net\/trgovina\/#website\"},\"primaryImageOfPage\":{\"@id\":\"https:\/\/www.iskreni.net\/trgovina\/product\/svetost-zakona\/#primaryimage\"},\"image\":{\"@id\":\"https:\/\/www.iskreni.net\/trgovina\/product\/svetost-zakona\/#primaryimage\"},\"thumbnailUrl\":\"https:\/\/www.iskreni.net\/trgovina\/wp-content\/uploads\/2021\/08\/Svetost-zakona.jpg\",\"datePublished\":\"2021-08-27T08:47:36+00:00\",\"dateModified\":\"2023-10-20T09:04:12+00:00\",\"description\":\"Avtor vas v knjigi vabi, da spoznate, kako lahko Bog zakrament zakona uporabi kot vzgojo in spodbudo, da bi Ga bolj ljubili in bolj odra\u017eali lik Njegovega Sina.\",\"breadcrumb\":{\"@id\":\"https:\/\/www.iskreni.net\/trgovina\/product\/svetost-zakona\/#breadcrumb\"},\"inLanguage\":\"sl-SI\",\"potentialAction\":[{\"@type\":\"ReadAction\",\"target\":[\"https:\/\/www.iskreni.net\/trgovina\/product\/svetost-zakona\/\"]}]},{\"@type\":\"ImageObject\",\"inLanguage\":\"sl-SI\",\"@id\":\"https:\/\/www.iskreni.net\/trgovina\/product\/svetost-zakona\/#primaryimage\",\"url\":\"https:\/\/www.iskreni.net\/trgovina\/wp-content\/uploads\/2021\/08\/Svetost-zakona.jpg\",\"contentUrl\":\"https:\/\/www.iskreni.net\/trgovina\/wp-content\/uploads\/2021\/08\/Svetost-zakona.jpg\",\"width\":600,\"height\":600},{\"@type\":\"BreadcrumbList\",\"@id\":\"https:\/\/www.iskreni.net\/trgovina\/product\/svetost-zakona\/#breadcrumb\",\"itemListElement\":[{\"@type\":\"ListItem\",\"position\":1,\"name\":\"Home\",\"item\":\"https:\/\/www.iskreni.net\/trgovina\/\"},{\"@type\":\"ListItem\",\"position\":2,\"name\":\"Trgovina\",\"item\":\"https:\/\/www.iskreni.net\/trgovina\/trgovina\/\"},{\"@type\":\"ListItem\",\"position\":3,\"name\":\"Svetost zakona\"}]},{\"@type\":\"WebSite\",\"@id\":\"https:\/\/www.iskreni.net\/trgovina\/#website\",\"url\":\"https:\/\/www.iskreni.net\/trgovina\/\",\"name\":\"Zavod Iskreni\",\"description\":\"trgovina\",\"potentialAction\":[{\"@type\":\"SearchAction\",\"target\":{\"@type\":\"EntryPoint\",\"urlTemplate\":\"https:\/\/www.iskreni.net\/trgovina\/?s={search_term_string}\"},\"query-input\":{\"@type\":\"PropertyValueSpecification\",\"valueRequired\":true,\"valueName\":\"search_term_string\"}}],\"inLanguage\":\"sl-SI\"}]}<\/script>\n<!-- \/ Yoast SEO plugin. -->","yoast_head_json":{"title":"Gary Thomas - Svetost zakona - zalo\u017eba Dru\u017eina - trgovina Iskreni","description":"Avtor vas v knjigi vabi, da spoznate, kako lahko Bog zakrament zakona uporabi kot vzgojo in spodbudo, da bi Ga bolj ljubili in bolj odra\u017eali lik Njegovega Sina.","robots":{"index":"index","follow":"follow","max-snippet":"max-snippet:-1","max-image-preview":"max-image-preview:large","max-video-preview":"max-video-preview:-1"},"canonical":"https:\/\/www.iskreni.net\/trgovina\/product\/svetost-zakona\/","og_locale":"sl_SI","og_type":"article","og_title":"Gary Thomas - Svetost zakona - zalo\u017eba Dru\u017eina - trgovina Iskreni","og_description":"Avtor vas v knjigi vabi, da spoznate, kako lahko Bog zakrament zakona uporabi kot vzgojo in spodbudo, da bi Ga bolj ljubili in bolj odra\u017eali lik Njegovega Sina.","og_url":"https:\/\/www.iskreni.net\/trgovina\/product\/svetost-zakona\/","og_site_name":"Zavod Iskreni","article_modified_time":"2023-10-20T09:04:12+00:00","og_image":[{"width":600,"height":600,"url":"https:\/\/www.iskreni.net\/trgovina\/wp-content\/uploads\/2021\/08\/Svetost-zakona.jpg","type":"image\/jpeg"}],"twitter_card":"summary_large_image","twitter_misc":{"Est. reading time":"2 minuti"},"schema":{"@context":"https:\/\/schema.org","@graph":[{"@type":"WebPage","@id":"https:\/\/www.iskreni.net\/trgovina\/product\/svetost-zakona\/","url":"https:\/\/www.iskreni.net\/trgovina\/product\/svetost-zakona\/","name":"Gary Thomas - Svetost zakona - zalo\u017eba Dru\u017eina - trgovina Iskreni","isPartOf":{"@id":"https:\/\/www.iskreni.net\/trgovina\/#website"},"primaryImageOfPage":{"@id":"https:\/\/www.iskreni.net\/trgovina\/product\/svetost-zakona\/#primaryimage"},"image":{"@id":"https:\/\/www.iskreni.net\/trgovina\/product\/svetost-zakona\/#primaryimage"},"thumbnailUrl":"https:\/\/www.iskreni.net\/trgovina\/wp-content\/uploads\/2021\/08\/Svetost-zakona.jpg","datePublished":"2021-08-27T08:47:36+00:00","dateModified":"2023-10-20T09:04:12+00:00","description":"Avtor vas v knjigi vabi, da spoznate, kako lahko Bog zakrament zakona uporabi kot vzgojo in spodbudo, da bi Ga bolj ljubili in bolj odra\u017eali lik Njegovega Sina.","breadcrumb":{"@id":"https:\/\/www.iskreni.net\/trgovina\/product\/svetost-zakona\/#breadcrumb"},"inLanguage":"sl-SI","potentialAction":[{"@type":"ReadAction","target":["https:\/\/www.iskreni.net\/trgovina\/product\/svetost-zakona\/"]}]},{"@type":"ImageObject","inLanguage":"sl-SI","@id":"https:\/\/www.iskreni.net\/trgovina\/product\/svetost-zakona\/#primaryimage","url":"https:\/\/www.iskreni.net\/trgovina\/wp-content\/uploads\/2021\/08\/Svetost-zakona.jpg","contentUrl":"https:\/\/www.iskreni.net\/trgovina\/wp-content\/uploads\/2021\/08\/Svetost-zakona.jpg","width":600,"height":600},{"@type":"BreadcrumbList","@id":"https:\/\/www.iskreni.net\/trgovina\/product\/svetost-zakona\/#breadcrumb","itemListElement":[{"@type":"ListItem","position":1,"name":"Home","item":"https:\/\/www.iskreni.net\/trgovina\/"},{"@type":"ListItem","position":2,"name":"Trgovina","item":"https:\/\/www.iskreni.net\/trgovina\/trgovina\/"},{"@type":"ListItem","position":3,"name":"Svetost zakona"}]},{"@type":"WebSite","@id":"https:\/\/www.iskreni.net\/trgovina\/#website","url":"https:\/\/www.iskreni.net\/trgovina\/","name":"Zavod Iskreni","description":"trgovina","potentialAction":[{"@type":"SearchAction","target":{"@type":"EntryPoint","urlTemplate":"https:\/\/www.iskreni.net\/trgovina\/?s={search_term_string}"},"query-input":{"@type":"PropertyValueSpecification","valueRequired":true,"valueName":"search_term_string"}}],"inLanguage":"sl-SI"}]}},"_links":{"self":[{"href":"https:\/\/www.iskreni.net\/trgovina\/wp-json\/wp\/v2\/product\/45369","targetHints":{"allow":["GET"]}}],"collection":[{"href":"https:\/\/www.iskreni.net\/trgovina\/wp-json\/wp\/v2\/product"}],"about":[{"href":"https:\/\/www.iskreni.net\/trgovina\/wp-json\/wp\/v2\/types\/product"}],"replies":[{"embeddable":true,"href":"https:\/\/www.iskreni.net\/trgovina\/wp-json\/wp\/v2\/comments?post=45369"}],"version-history":[{"count":4,"href":"https:\/\/www.iskreni.net\/trgovina\/wp-json\/wp\/v2\/product\/45369\/revisions"}],"predecessor-version":[{"id":70221,"href":"https:\/\/www.iskreni.net\/trgovina\/wp-json\/wp\/v2\/product\/45369\/revisions\/70221"}],"wp:featuredmedia":[{"embeddable":true,"href":"https:\/\/www.iskreni.net\/trgovina\/wp-json\/wp\/v2\/media\/45371"}],"wp:attachment":[{"href":"https:\/\/www.iskreni.net\/trgovina\/wp-json\/wp\/v2\/media?parent=45369"}],"wp:term":[{"taxonomy":"product_brand","embeddable":true,"href":"https:\/\/www.iskreni.net\/trgovina\/wp-json\/wp\/v2\/product_brand?post=45369"},{"taxonomy":"product_cat","embeddable":true,"href":"https:\/\/www.iskreni.net\/trgovina\/wp-json\/wp\/v2\/product_cat?post=45369"},{"taxonomy":"product_tag","embeddable":true,"href":"https:\/\/www.iskreni.net\/trgovina\/wp-json\/wp\/v2\/product_tag?post=45369"},{"taxonomy":"avtor","embeddable":true,"href":"https:\/\/www.iskreni.net\/trgovina\/wp-json\/wp\/v2\/avtor?post=45369"},{"taxonomy":"zalozba","embeddable":true,"href":"https:\/\/www.iskreni.net\/trgovina\/wp-json\/wp\/v2\/zalozba?post=45369"},{"taxonomy":"vezava","embeddable":true,"href":"https:\/\/www.iskreni.net\/trgovina\/wp-json\/wp\/v2\/vezava?post=45369"}],"curies":[{"name":"wp","href":"https:\/\/api.w.org\/{rel}","templated":true}]}}