{"id":45028,"date":"2021-07-23T15:26:32","date_gmt":"2021-07-23T13:26:32","guid":{"rendered":"https:\/\/www.iskreni.net\/trgovina\/?post_type=product&#038;p=45028"},"modified":"2026-02-20T11:12:45","modified_gmt":"2026-02-20T10:12:45","slug":"john-elderedge-pustolovec-bojevnik-kralj-trgovina-iskreni","status":"publish","type":"product","link":"https:\/\/www.iskreni.net\/trgovina\/product\/john-elderedge-pustolovec-bojevnik-kralj-trgovina-iskreni\/","title":{"rendered":"Pustolovec, bojevnik, kralj"},"content":{"rendered":"<h4>O knjigi Pustolovec, bojevnik, kralj:<\/h4>\n<p>\u010cudovita knjiga, ki opisuje vsa mo\u0161ka obdobja, za\u010den\u0161i od pustolovskega de\u010dka, najstnika, do ljubimca in kasneje do najzrelej\u0161ega mo\u0161kega, ki smo ga poimenovali modrec.<\/p>\n<p>\u017divimo v \u010dasu, ko ve\u010dina mo\u0161kih (in de\u010dkov) tako reko\u010d nima o\u010deta. Ne glede\u00a0na to, v kak\u0161nih okoli\u0161\u010dinah \u017eivijo, ob sebi nimajo mo\u0161kega, ki bi jih popeljal\u00a0skozi \u0161tevilne pustolov\u0161\u010dine, preizku\u0161nje, bitke in izkustva, ki jih fant mora\u00a0prestati, da bi se lahko v njem izoblikovalo srce mo\u0161kega. Pred izzivi \u0161irnega\u00a0sveta se znajde povsem sam; in to je lahko zelo samotna pot. Iz tega koti\u010dka\u00a0v njegovem srcu \u2013 koti\u010dka brez o\u010deta \u2013 vznikajo strahovi, jeza, dolgo\u010dasje in\u00a0\u0161tevilne oblike zasvojenosti; v globini njegove biti ostaja nekak\u0161na temeljna\u00a0negotovost.<\/p>\n<p>Vendar ni treba, da je tako.<\/p>\n<p>\u00bb\u010clovek ni ustvarjen tako, da bi moral v \u017eivljenju vse dognati sam,\u00ab je\u00a0prepri\u010dan John Eldredge. \u00bbBog nas \u017eeli o\u010detovsko ljubiti, vzgajati in varovati.\u00ab\u00a0V knjigi Pustolovec, bojevnik, kralj Eldredge prikazuje, kako Bog pristopi k\u00a0mo\u0161kemu in ga popelje na potovanje mo\u0161kosti; pri tem se lahko skoraj vsi dogodki\u00a0v \u017eivljenju mo\u0161kega pove\u017eejo v iniciacijo, ki je ni bil dele\u017een v mladosti.\u00a0Pisec nam poka\u017ee tudi, kako lahko star\u0161i dejavno poskrbijo za iniciacijo sinov.\u00a0Ni pomembno, koliko ste stari \u2013 O\u010de vas \u017eeli popeljati na potovanje mo\u0161kosti;\u00a0vi ste namre\u010d njegovi sinovi.<\/p>\n<h4>O avtorju:<\/h4>\n<p><strong>JOHN ELDREDGE<\/strong> je direktor Ransomed Heart\u2122 Ministries v Colorado Springs v Koloradu v ZDA, skupnosti, ki ljudem pomaga najti Bo\u017eje srce. John je avtor \u0161tevilnih knjig, med katere sodijo tudi Hoja z Bogom, Bo\u017eja posvojitev, Prebujanje mrtvih, \u017delja ter Ljubezen &amp; vojna (skupaj z \u017eeno Stasi).<\/p>\n","protected":false},"excerpt":{"rendered":"<p><strong>Prevod:<\/strong> \u017diva Hren<br \/>\n<strong>Leto izdaje:<\/strong> 2021<br \/>\n<strong>\u0160tevilo strani:<\/strong> 303<\/p>\n<p><strong>To je knjiga o dozorevanju de\u010dka &#8211; in mo\u0161kega &#8211; v pravega mo\u0161kega.\u00a0<\/strong><\/p>\n<p>&nbsp;<\/p>\n","protected":false},"featured_media":45030,"comment_status":"open","ping_status":"closed","template":"","meta":[],"product_brand":[],"product_cat":[2324,2327,63],"product_tag":[1507],"avtor":[2694],"zalozba":[2343],"vezava":[2306],"class_list":{"0":"post-45028","1":"product","2":"type-product","3":"status-publish","4":"has-post-thumbnail","6":"product_cat-duhovnost-in-osebna-rast","7":"product_cat-prirocniki-in-vodniki","8":"product_cat-knjige","9":"product_tag-za-moske","10":"avtor-john-eldredge","11":"zalozba-zazivi-zivljenje","12":"vezava-trda","14":"first","15":"instock","16":"taxable","17":"shipping-taxable","18":"purchasable","19":"product-type-simple"},"yoast_head":"<!-- This site is optimized with the Yoast SEO plugin v26.3 - https:\/\/yoast.com\/wordpress\/plugins\/seo\/ -->\n<title>Pustolovec, bojevnik, kralj - Zavod Iskreni<\/title>\n<meta name=\"description\" content=\"Pustolovec, bojevnik, kralj - knjiga, ki opisuje vsa mo\u0161ka obdobja - od pustolovskega de\u010dka, najstnika, do ljubimca in najzrelej\u0161ega mo\u0161kega - modreca.\" \/>\n<meta name=\"robots\" content=\"index, follow, max-snippet:-1, max-image-preview:large, max-video-preview:-1\" \/>\n<link rel=\"canonical\" href=\"https:\/\/www.iskreni.net\/trgovina\/product\/john-elderedge-pustolovec-bojevnik-kralj-trgovina-iskreni\/\" \/>\n<meta property=\"og:locale\" content=\"sl_SI\" \/>\n<meta property=\"og:type\" content=\"article\" \/>\n<meta property=\"og:title\" content=\"Pustolovec, bojevnik, kralj\" \/>\n<meta property=\"og:description\" content=\"Pustolovec, bojevnik, kralj - knjiga, ki opisuje vsa mo\u0161ka obdobja - od pustolovskega de\u010dka, najstnika, do ljubimca in najzrelej\u0161ega mo\u0161kega - modreca.\" \/>\n<meta property=\"og:url\" content=\"https:\/\/www.iskreni.net\/trgovina\/product\/john-elderedge-pustolovec-bojevnik-kralj-trgovina-iskreni\/\" \/>\n<meta property=\"og:site_name\" content=\"Zavod Iskreni\" \/>\n<meta property=\"article:modified_time\" content=\"2026-02-20T10:12:45+00:00\" \/>\n<meta property=\"og:image\" content=\"https:\/\/www.iskreni.net\/trgovina\/wp-content\/uploads\/2021\/07\/Pustolovec.jpg\" \/>\n\t<meta property=\"og:image:width\" content=\"600\" \/>\n\t<meta property=\"og:image:height\" content=\"600\" \/>\n\t<meta property=\"og:image:type\" content=\"image\/jpeg\" \/>\n<meta name=\"twitter:card\" content=\"summary_large_image\" \/>\n<meta name=\"twitter:label1\" content=\"Est. reading time\" \/>\n\t<meta name=\"twitter:data1\" content=\"2 minuti\" \/>\n<script type=\"application\/ld+json\" class=\"yoast-schema-graph\">{\"@context\":\"https:\/\/schema.org\",\"@graph\":[{\"@type\":\"WebPage\",\"@id\":\"https:\/\/www.iskreni.net\/trgovina\/product\/john-elderedge-pustolovec-bojevnik-kralj-trgovina-iskreni\/\",\"url\":\"https:\/\/www.iskreni.net\/trgovina\/product\/john-elderedge-pustolovec-bojevnik-kralj-trgovina-iskreni\/\",\"name\":\"Pustolovec, bojevnik, kralj - Zavod Iskreni\",\"isPartOf\":{\"@id\":\"https:\/\/www.iskreni.net\/trgovina\/#website\"},\"primaryImageOfPage\":{\"@id\":\"https:\/\/www.iskreni.net\/trgovina\/product\/john-elderedge-pustolovec-bojevnik-kralj-trgovina-iskreni\/#primaryimage\"},\"image\":{\"@id\":\"https:\/\/www.iskreni.net\/trgovina\/product\/john-elderedge-pustolovec-bojevnik-kralj-trgovina-iskreni\/#primaryimage\"},\"thumbnailUrl\":\"https:\/\/www.iskreni.net\/trgovina\/wp-content\/uploads\/2021\/07\/Pustolovec.jpg\",\"datePublished\":\"2021-07-23T13:26:32+00:00\",\"dateModified\":\"2026-02-20T10:12:45+00:00\",\"description\":\"Pustolovec, bojevnik, kralj - knjiga, ki opisuje vsa mo\u0161ka obdobja - od pustolovskega de\u010dka, najstnika, do ljubimca in najzrelej\u0161ega mo\u0161kega - modreca.\",\"breadcrumb\":{\"@id\":\"https:\/\/www.iskreni.net\/trgovina\/product\/john-elderedge-pustolovec-bojevnik-kralj-trgovina-iskreni\/#breadcrumb\"},\"inLanguage\":\"sl-SI\",\"potentialAction\":[{\"@type\":\"ReadAction\",\"target\":[\"https:\/\/www.iskreni.net\/trgovina\/product\/john-elderedge-pustolovec-bojevnik-kralj-trgovina-iskreni\/\"]}]},{\"@type\":\"ImageObject\",\"inLanguage\":\"sl-SI\",\"@id\":\"https:\/\/www.iskreni.net\/trgovina\/product\/john-elderedge-pustolovec-bojevnik-kralj-trgovina-iskreni\/#primaryimage\",\"url\":\"https:\/\/www.iskreni.net\/trgovina\/wp-content\/uploads\/2021\/07\/Pustolovec.jpg\",\"contentUrl\":\"https:\/\/www.iskreni.net\/trgovina\/wp-content\/uploads\/2021\/07\/Pustolovec.jpg\",\"width\":600,\"height\":600},{\"@type\":\"BreadcrumbList\",\"@id\":\"https:\/\/www.iskreni.net\/trgovina\/product\/john-elderedge-pustolovec-bojevnik-kralj-trgovina-iskreni\/#breadcrumb\",\"itemListElement\":[{\"@type\":\"ListItem\",\"position\":1,\"name\":\"Home\",\"item\":\"https:\/\/www.iskreni.net\/trgovina\/\"},{\"@type\":\"ListItem\",\"position\":2,\"name\":\"Trgovina\",\"item\":\"https:\/\/www.iskreni.net\/trgovina\/trgovina\/\"},{\"@type\":\"ListItem\",\"position\":3,\"name\":\"Pustolovec, bojevnik, kralj\"}]},{\"@type\":\"WebSite\",\"@id\":\"https:\/\/www.iskreni.net\/trgovina\/#website\",\"url\":\"https:\/\/www.iskreni.net\/trgovina\/\",\"name\":\"Zavod Iskreni\",\"description\":\"trgovina\",\"potentialAction\":[{\"@type\":\"SearchAction\",\"target\":{\"@type\":\"EntryPoint\",\"urlTemplate\":\"https:\/\/www.iskreni.net\/trgovina\/?s={search_term_string}\"},\"query-input\":{\"@type\":\"PropertyValueSpecification\",\"valueRequired\":true,\"valueName\":\"search_term_string\"}}],\"inLanguage\":\"sl-SI\"}]}<\/script>\n<!-- \/ Yoast SEO plugin. -->","yoast_head_json":{"title":"Pustolovec, bojevnik, kralj - Zavod Iskreni","description":"Pustolovec, bojevnik, kralj - knjiga, ki opisuje vsa mo\u0161ka obdobja - od pustolovskega de\u010dka, najstnika, do ljubimca in najzrelej\u0161ega mo\u0161kega - modreca.","robots":{"index":"index","follow":"follow","max-snippet":"max-snippet:-1","max-image-preview":"max-image-preview:large","max-video-preview":"max-video-preview:-1"},"canonical":"https:\/\/www.iskreni.net\/trgovina\/product\/john-elderedge-pustolovec-bojevnik-kralj-trgovina-iskreni\/","og_locale":"sl_SI","og_type":"article","og_title":"Pustolovec, bojevnik, kralj","og_description":"Pustolovec, bojevnik, kralj - knjiga, ki opisuje vsa mo\u0161ka obdobja - od pustolovskega de\u010dka, najstnika, do ljubimca in najzrelej\u0161ega mo\u0161kega - modreca.","og_url":"https:\/\/www.iskreni.net\/trgovina\/product\/john-elderedge-pustolovec-bojevnik-kralj-trgovina-iskreni\/","og_site_name":"Zavod Iskreni","article_modified_time":"2026-02-20T10:12:45+00:00","og_image":[{"width":600,"height":600,"url":"https:\/\/www.iskreni.net\/trgovina\/wp-content\/uploads\/2021\/07\/Pustolovec.jpg","type":"image\/jpeg"}],"twitter_card":"summary_large_image","twitter_misc":{"Est. reading time":"2 minuti"},"schema":{"@context":"https:\/\/schema.org","@graph":[{"@type":"WebPage","@id":"https:\/\/www.iskreni.net\/trgovina\/product\/john-elderedge-pustolovec-bojevnik-kralj-trgovina-iskreni\/","url":"https:\/\/www.iskreni.net\/trgovina\/product\/john-elderedge-pustolovec-bojevnik-kralj-trgovina-iskreni\/","name":"Pustolovec, bojevnik, kralj - Zavod Iskreni","isPartOf":{"@id":"https:\/\/www.iskreni.net\/trgovina\/#website"},"primaryImageOfPage":{"@id":"https:\/\/www.iskreni.net\/trgovina\/product\/john-elderedge-pustolovec-bojevnik-kralj-trgovina-iskreni\/#primaryimage"},"image":{"@id":"https:\/\/www.iskreni.net\/trgovina\/product\/john-elderedge-pustolovec-bojevnik-kralj-trgovina-iskreni\/#primaryimage"},"thumbnailUrl":"https:\/\/www.iskreni.net\/trgovina\/wp-content\/uploads\/2021\/07\/Pustolovec.jpg","datePublished":"2021-07-23T13:26:32+00:00","dateModified":"2026-02-20T10:12:45+00:00","description":"Pustolovec, bojevnik, kralj - knjiga, ki opisuje vsa mo\u0161ka obdobja - od pustolovskega de\u010dka, najstnika, do ljubimca in najzrelej\u0161ega mo\u0161kega - modreca.","breadcrumb":{"@id":"https:\/\/www.iskreni.net\/trgovina\/product\/john-elderedge-pustolovec-bojevnik-kralj-trgovina-iskreni\/#breadcrumb"},"inLanguage":"sl-SI","potentialAction":[{"@type":"ReadAction","target":["https:\/\/www.iskreni.net\/trgovina\/product\/john-elderedge-pustolovec-bojevnik-kralj-trgovina-iskreni\/"]}]},{"@type":"ImageObject","inLanguage":"sl-SI","@id":"https:\/\/www.iskreni.net\/trgovina\/product\/john-elderedge-pustolovec-bojevnik-kralj-trgovina-iskreni\/#primaryimage","url":"https:\/\/www.iskreni.net\/trgovina\/wp-content\/uploads\/2021\/07\/Pustolovec.jpg","contentUrl":"https:\/\/www.iskreni.net\/trgovina\/wp-content\/uploads\/2021\/07\/Pustolovec.jpg","width":600,"height":600},{"@type":"BreadcrumbList","@id":"https:\/\/www.iskreni.net\/trgovina\/product\/john-elderedge-pustolovec-bojevnik-kralj-trgovina-iskreni\/#breadcrumb","itemListElement":[{"@type":"ListItem","position":1,"name":"Home","item":"https:\/\/www.iskreni.net\/trgovina\/"},{"@type":"ListItem","position":2,"name":"Trgovina","item":"https:\/\/www.iskreni.net\/trgovina\/trgovina\/"},{"@type":"ListItem","position":3,"name":"Pustolovec, bojevnik, kralj"}]},{"@type":"WebSite","@id":"https:\/\/www.iskreni.net\/trgovina\/#website","url":"https:\/\/www.iskreni.net\/trgovina\/","name":"Zavod Iskreni","description":"trgovina","potentialAction":[{"@type":"SearchAction","target":{"@type":"EntryPoint","urlTemplate":"https:\/\/www.iskreni.net\/trgovina\/?s={search_term_string}"},"query-input":{"@type":"PropertyValueSpecification","valueRequired":true,"valueName":"search_term_string"}}],"inLanguage":"sl-SI"}]}},"_links":{"self":[{"href":"https:\/\/www.iskreni.net\/trgovina\/wp-json\/wp\/v2\/product\/45028","targetHints":{"allow":["GET"]}}],"collection":[{"href":"https:\/\/www.iskreni.net\/trgovina\/wp-json\/wp\/v2\/product"}],"about":[{"href":"https:\/\/www.iskreni.net\/trgovina\/wp-json\/wp\/v2\/types\/product"}],"replies":[{"embeddable":true,"href":"https:\/\/www.iskreni.net\/trgovina\/wp-json\/wp\/v2\/comments?post=45028"}],"version-history":[{"count":6,"href":"https:\/\/www.iskreni.net\/trgovina\/wp-json\/wp\/v2\/product\/45028\/revisions"}],"predecessor-version":[{"id":72704,"href":"https:\/\/www.iskreni.net\/trgovina\/wp-json\/wp\/v2\/product\/45028\/revisions\/72704"}],"wp:featuredmedia":[{"embeddable":true,"href":"https:\/\/www.iskreni.net\/trgovina\/wp-json\/wp\/v2\/media\/45030"}],"wp:attachment":[{"href":"https:\/\/www.iskreni.net\/trgovina\/wp-json\/wp\/v2\/media?parent=45028"}],"wp:term":[{"taxonomy":"product_brand","embeddable":true,"href":"https:\/\/www.iskreni.net\/trgovina\/wp-json\/wp\/v2\/product_brand?post=45028"},{"taxonomy":"product_cat","embeddable":true,"href":"https:\/\/www.iskreni.net\/trgovina\/wp-json\/wp\/v2\/product_cat?post=45028"},{"taxonomy":"product_tag","embeddable":true,"href":"https:\/\/www.iskreni.net\/trgovina\/wp-json\/wp\/v2\/product_tag?post=45028"},{"taxonomy":"avtor","embeddable":true,"href":"https:\/\/www.iskreni.net\/trgovina\/wp-json\/wp\/v2\/avtor?post=45028"},{"taxonomy":"zalozba","embeddable":true,"href":"https:\/\/www.iskreni.net\/trgovina\/wp-json\/wp\/v2\/zalozba?post=45028"},{"taxonomy":"vezava","embeddable":true,"href":"https:\/\/www.iskreni.net\/trgovina\/wp-json\/wp\/v2\/vezava?post=45028"}],"curies":[{"name":"wp","href":"https:\/\/api.w.org\/{rel}","templated":true}]}}