{"id":44893,"date":"2021-07-08T11:02:55","date_gmt":"2021-07-08T09:02:55","guid":{"rendered":"https:\/\/www.iskreni.net\/trgovina\/?post_type=product&#038;p=44893"},"modified":"2023-10-20T11:02:12","modified_gmt":"2023-10-20T09:02:12","slug":"ne-zivite-od-lazi","status":"publish","type":"product","link":"https:\/\/www.iskreni.net\/trgovina\/product\/ne-zivite-od-lazi\/","title":{"rendered":"Ne \u017eivite od la\u017ei"},"content":{"rendered":"<h4>O knjigi Ne \u017eivite od la\u017ei<\/h4>\n<p>Zakaj trenutno dogajanje ameri\u0161ke priseljence iz dr\u017eav nekdanjega sovjetskega bloka spominja na \u010das, ko se je komunizem prvi\u010d pojavil na \u010ce\u0161koslova\u0161kem?<\/p>\n<p>Rod Dreher, ameri\u0161ki pisatelj, publicist, urednik in novinar, je v tej odmevni knjigi zbral pri\u010devanja kr\u0161\u010danskih pri\u010devalcev in disidentov iz vzhodne Evrope, ki so trdno vztrajali ob preganjanju totalitarnih re\u017eimov sovjetskega tipa in pre\u017eiveli. Naslov knjige je navdihnil poziv Aleksandra Sol\u017eenicina, ruskega pisatelja, Nobelovca in disidenta, ruskemu narodu \u2013 tik pred izgonom iz Sovjetske zveze je svoje sodr\u017eavljane namre\u010d pozval, naj \u00bbne \u017eivijo od la\u017ei\u00ab.<\/p>\n<p>Toda kaj pomeni \u017eiveti od la\u017ei? To pomeni, je zapisal Sol\u017eenicin, \u00bbsprejemati brez ugovarjanja vse neresnice (in vso propagando), za katere je dr\u017eava svoje dr\u017eavljane prisilila, da so nanje pristali (ali vsaj, da jim niso nasprotovali), \u010de so le hoteli mirno pre\u017eiveti v totalitarnem re\u017eimu.\u00ab Trdi totalitarizem nas s terorjem primora, da se odpovemo svobodi svoje vesti; orodje\u00a0<strong>mehkega totalitarizma<\/strong>, ki se dandanes \u0161iri po zahodnem svetu, pa so obljube zabave, u\u017eitka in udobja. Avtor kristjane ob teh izzivih spodbuja k utrditvi stali\u0161\u010d po na\u010delu GLEJ (prepoznaj resnost polo\u017eaja), PRESODI (glede na svoje kr\u0161\u010dansko prepri\u010danje), DELUJ (za obrambo resnice).<\/p>\n<p><a href=\"https:\/\/www.iskreni.net\/trgovina\/wp-content\/uploads\/2023\/10\/NE-ZIVITE-OD-LAZI_za-SPLET.pdf\">Prelistajte knjigo<\/a><\/p>\n","protected":false},"excerpt":{"rendered":"<p><strong>Leto izdaje:<\/strong> 2021<br \/>\n<strong>\u0160tevilo strani:<\/strong> 232<\/p>\n<p>Priro\u010dnik za kr\u0161\u010danske disidente.<\/p>\n<p><a href=\"https:\/\/www.iskreni.net\/trgovina\/wp-content\/uploads\/2023\/10\/NE-ZIVITE-OD-LAZI_za-SPLET.pdf\">Prelistajte knjigo<\/a><\/p>\n<p><i>\u00a0<\/i><\/p>\n","protected":false},"featured_media":44896,"comment_status":"open","ping_status":"closed","template":"","meta":[],"product_brand":[],"product_cat":[2326,63],"product_tag":[1501,758],"avtor":[2532],"zalozba":[2311],"vezava":[2306],"class_list":{"0":"post-44893","1":"product","2":"type-product","3":"status-publish","4":"has-post-thumbnail","6":"product_cat-druzbena-vprasanja-in-humanistika","7":"product_cat-knjige","8":"product_tag-komunizem","9":"product_tag-pricevanje","10":"avtor-rod-dreher","11":"zalozba-druzina","12":"vezava-trda","14":"first","15":"instock","16":"taxable","17":"shipping-taxable","18":"purchasable","19":"product-type-simple"},"yoast_head":"<!-- This site is optimized with the Yoast SEO plugin v26.3 - https:\/\/yoast.com\/wordpress\/plugins\/seo\/ -->\n<title>Rod Dreher - Ne \u017eivite od la\u017ei - zalo\u017eba Dru\u017eina - trgovina Iskreni<\/title>\n<meta name=\"description\" content=\"V knjigi so zbrana pri\u010devanja kr\u0161\u010danskih pri\u010devalcev in disidentov iz vzhodne Evrope, ki so trdno vztrajali ob preganjanju totalitarnih re\u017eimov sovjetskega tipa in pre\u017eiveli.\" \/>\n<meta name=\"robots\" content=\"index, follow, max-snippet:-1, max-image-preview:large, max-video-preview:-1\" \/>\n<link rel=\"canonical\" href=\"https:\/\/www.iskreni.net\/trgovina\/product\/ne-zivite-od-lazi\/\" \/>\n<meta property=\"og:locale\" content=\"sl_SI\" \/>\n<meta property=\"og:type\" content=\"article\" \/>\n<meta property=\"og:title\" content=\"Rod Dreher - Ne \u017eivite od la\u017ei - zalo\u017eba Dru\u017eina - trgovina Iskreni\" \/>\n<meta property=\"og:description\" content=\"V knjigi so zbrana pri\u010devanja kr\u0161\u010danskih pri\u010devalcev in disidentov iz vzhodne Evrope, ki so trdno vztrajali ob preganjanju totalitarnih re\u017eimov sovjetskega tipa in pre\u017eiveli.\" \/>\n<meta property=\"og:url\" content=\"https:\/\/www.iskreni.net\/trgovina\/product\/ne-zivite-od-lazi\/\" \/>\n<meta property=\"og:site_name\" content=\"Zavod Iskreni\" \/>\n<meta property=\"article:modified_time\" content=\"2023-10-20T09:02:12+00:00\" \/>\n<meta property=\"og:image\" content=\"https:\/\/www.iskreni.net\/trgovina\/wp-content\/uploads\/2021\/07\/Ne-zivite-od-lazi.jpg\" \/>\n\t<meta property=\"og:image:width\" content=\"600\" \/>\n\t<meta property=\"og:image:height\" content=\"600\" \/>\n\t<meta property=\"og:image:type\" content=\"image\/jpeg\" \/>\n<meta name=\"twitter:card\" content=\"summary_large_image\" \/>\n<meta name=\"twitter:label1\" content=\"Est. reading time\" \/>\n\t<meta name=\"twitter:data1\" content=\"2 minuti\" \/>\n<script type=\"application\/ld+json\" class=\"yoast-schema-graph\">{\"@context\":\"https:\/\/schema.org\",\"@graph\":[{\"@type\":\"WebPage\",\"@id\":\"https:\/\/www.iskreni.net\/trgovina\/product\/ne-zivite-od-lazi\/\",\"url\":\"https:\/\/www.iskreni.net\/trgovina\/product\/ne-zivite-od-lazi\/\",\"name\":\"Rod Dreher - Ne \u017eivite od la\u017ei - zalo\u017eba Dru\u017eina - trgovina Iskreni\",\"isPartOf\":{\"@id\":\"https:\/\/www.iskreni.net\/trgovina\/#website\"},\"primaryImageOfPage\":{\"@id\":\"https:\/\/www.iskreni.net\/trgovina\/product\/ne-zivite-od-lazi\/#primaryimage\"},\"image\":{\"@id\":\"https:\/\/www.iskreni.net\/trgovina\/product\/ne-zivite-od-lazi\/#primaryimage\"},\"thumbnailUrl\":\"https:\/\/www.iskreni.net\/trgovina\/wp-content\/uploads\/2021\/07\/Ne-zivite-od-lazi.jpg\",\"datePublished\":\"2021-07-08T09:02:55+00:00\",\"dateModified\":\"2023-10-20T09:02:12+00:00\",\"description\":\"V knjigi so zbrana pri\u010devanja kr\u0161\u010danskih pri\u010devalcev in disidentov iz vzhodne Evrope, ki so trdno vztrajali ob preganjanju totalitarnih re\u017eimov sovjetskega tipa in pre\u017eiveli.\",\"breadcrumb\":{\"@id\":\"https:\/\/www.iskreni.net\/trgovina\/product\/ne-zivite-od-lazi\/#breadcrumb\"},\"inLanguage\":\"sl-SI\",\"potentialAction\":[{\"@type\":\"ReadAction\",\"target\":[\"https:\/\/www.iskreni.net\/trgovina\/product\/ne-zivite-od-lazi\/\"]}]},{\"@type\":\"ImageObject\",\"inLanguage\":\"sl-SI\",\"@id\":\"https:\/\/www.iskreni.net\/trgovina\/product\/ne-zivite-od-lazi\/#primaryimage\",\"url\":\"https:\/\/www.iskreni.net\/trgovina\/wp-content\/uploads\/2021\/07\/Ne-zivite-od-lazi.jpg\",\"contentUrl\":\"https:\/\/www.iskreni.net\/trgovina\/wp-content\/uploads\/2021\/07\/Ne-zivite-od-lazi.jpg\",\"width\":600,\"height\":600},{\"@type\":\"BreadcrumbList\",\"@id\":\"https:\/\/www.iskreni.net\/trgovina\/product\/ne-zivite-od-lazi\/#breadcrumb\",\"itemListElement\":[{\"@type\":\"ListItem\",\"position\":1,\"name\":\"Home\",\"item\":\"https:\/\/www.iskreni.net\/trgovina\/\"},{\"@type\":\"ListItem\",\"position\":2,\"name\":\"Trgovina\",\"item\":\"https:\/\/www.iskreni.net\/trgovina\/trgovina\/\"},{\"@type\":\"ListItem\",\"position\":3,\"name\":\"Ne \u017eivite od la\u017ei\"}]},{\"@type\":\"WebSite\",\"@id\":\"https:\/\/www.iskreni.net\/trgovina\/#website\",\"url\":\"https:\/\/www.iskreni.net\/trgovina\/\",\"name\":\"Zavod Iskreni\",\"description\":\"trgovina\",\"potentialAction\":[{\"@type\":\"SearchAction\",\"target\":{\"@type\":\"EntryPoint\",\"urlTemplate\":\"https:\/\/www.iskreni.net\/trgovina\/?s={search_term_string}\"},\"query-input\":{\"@type\":\"PropertyValueSpecification\",\"valueRequired\":true,\"valueName\":\"search_term_string\"}}],\"inLanguage\":\"sl-SI\"}]}<\/script>\n<!-- \/ Yoast SEO plugin. -->","yoast_head_json":{"title":"Rod Dreher - Ne \u017eivite od la\u017ei - zalo\u017eba Dru\u017eina - trgovina Iskreni","description":"V knjigi so zbrana pri\u010devanja kr\u0161\u010danskih pri\u010devalcev in disidentov iz vzhodne Evrope, ki so trdno vztrajali ob preganjanju totalitarnih re\u017eimov sovjetskega tipa in pre\u017eiveli.","robots":{"index":"index","follow":"follow","max-snippet":"max-snippet:-1","max-image-preview":"max-image-preview:large","max-video-preview":"max-video-preview:-1"},"canonical":"https:\/\/www.iskreni.net\/trgovina\/product\/ne-zivite-od-lazi\/","og_locale":"sl_SI","og_type":"article","og_title":"Rod Dreher - Ne \u017eivite od la\u017ei - zalo\u017eba Dru\u017eina - trgovina Iskreni","og_description":"V knjigi so zbrana pri\u010devanja kr\u0161\u010danskih pri\u010devalcev in disidentov iz vzhodne Evrope, ki so trdno vztrajali ob preganjanju totalitarnih re\u017eimov sovjetskega tipa in pre\u017eiveli.","og_url":"https:\/\/www.iskreni.net\/trgovina\/product\/ne-zivite-od-lazi\/","og_site_name":"Zavod Iskreni","article_modified_time":"2023-10-20T09:02:12+00:00","og_image":[{"width":600,"height":600,"url":"https:\/\/www.iskreni.net\/trgovina\/wp-content\/uploads\/2021\/07\/Ne-zivite-od-lazi.jpg","type":"image\/jpeg"}],"twitter_card":"summary_large_image","twitter_misc":{"Est. reading time":"2 minuti"},"schema":{"@context":"https:\/\/schema.org","@graph":[{"@type":"WebPage","@id":"https:\/\/www.iskreni.net\/trgovina\/product\/ne-zivite-od-lazi\/","url":"https:\/\/www.iskreni.net\/trgovina\/product\/ne-zivite-od-lazi\/","name":"Rod Dreher - Ne \u017eivite od la\u017ei - zalo\u017eba Dru\u017eina - trgovina Iskreni","isPartOf":{"@id":"https:\/\/www.iskreni.net\/trgovina\/#website"},"primaryImageOfPage":{"@id":"https:\/\/www.iskreni.net\/trgovina\/product\/ne-zivite-od-lazi\/#primaryimage"},"image":{"@id":"https:\/\/www.iskreni.net\/trgovina\/product\/ne-zivite-od-lazi\/#primaryimage"},"thumbnailUrl":"https:\/\/www.iskreni.net\/trgovina\/wp-content\/uploads\/2021\/07\/Ne-zivite-od-lazi.jpg","datePublished":"2021-07-08T09:02:55+00:00","dateModified":"2023-10-20T09:02:12+00:00","description":"V knjigi so zbrana pri\u010devanja kr\u0161\u010danskih pri\u010devalcev in disidentov iz vzhodne Evrope, ki so trdno vztrajali ob preganjanju totalitarnih re\u017eimov sovjetskega tipa in pre\u017eiveli.","breadcrumb":{"@id":"https:\/\/www.iskreni.net\/trgovina\/product\/ne-zivite-od-lazi\/#breadcrumb"},"inLanguage":"sl-SI","potentialAction":[{"@type":"ReadAction","target":["https:\/\/www.iskreni.net\/trgovina\/product\/ne-zivite-od-lazi\/"]}]},{"@type":"ImageObject","inLanguage":"sl-SI","@id":"https:\/\/www.iskreni.net\/trgovina\/product\/ne-zivite-od-lazi\/#primaryimage","url":"https:\/\/www.iskreni.net\/trgovina\/wp-content\/uploads\/2021\/07\/Ne-zivite-od-lazi.jpg","contentUrl":"https:\/\/www.iskreni.net\/trgovina\/wp-content\/uploads\/2021\/07\/Ne-zivite-od-lazi.jpg","width":600,"height":600},{"@type":"BreadcrumbList","@id":"https:\/\/www.iskreni.net\/trgovina\/product\/ne-zivite-od-lazi\/#breadcrumb","itemListElement":[{"@type":"ListItem","position":1,"name":"Home","item":"https:\/\/www.iskreni.net\/trgovina\/"},{"@type":"ListItem","position":2,"name":"Trgovina","item":"https:\/\/www.iskreni.net\/trgovina\/trgovina\/"},{"@type":"ListItem","position":3,"name":"Ne \u017eivite od la\u017ei"}]},{"@type":"WebSite","@id":"https:\/\/www.iskreni.net\/trgovina\/#website","url":"https:\/\/www.iskreni.net\/trgovina\/","name":"Zavod Iskreni","description":"trgovina","potentialAction":[{"@type":"SearchAction","target":{"@type":"EntryPoint","urlTemplate":"https:\/\/www.iskreni.net\/trgovina\/?s={search_term_string}"},"query-input":{"@type":"PropertyValueSpecification","valueRequired":true,"valueName":"search_term_string"}}],"inLanguage":"sl-SI"}]}},"_links":{"self":[{"href":"https:\/\/www.iskreni.net\/trgovina\/wp-json\/wp\/v2\/product\/44893","targetHints":{"allow":["GET"]}}],"collection":[{"href":"https:\/\/www.iskreni.net\/trgovina\/wp-json\/wp\/v2\/product"}],"about":[{"href":"https:\/\/www.iskreni.net\/trgovina\/wp-json\/wp\/v2\/types\/product"}],"replies":[{"embeddable":true,"href":"https:\/\/www.iskreni.net\/trgovina\/wp-json\/wp\/v2\/comments?post=44893"}],"version-history":[{"count":4,"href":"https:\/\/www.iskreni.net\/trgovina\/wp-json\/wp\/v2\/product\/44893\/revisions"}],"predecessor-version":[{"id":70218,"href":"https:\/\/www.iskreni.net\/trgovina\/wp-json\/wp\/v2\/product\/44893\/revisions\/70218"}],"wp:featuredmedia":[{"embeddable":true,"href":"https:\/\/www.iskreni.net\/trgovina\/wp-json\/wp\/v2\/media\/44896"}],"wp:attachment":[{"href":"https:\/\/www.iskreni.net\/trgovina\/wp-json\/wp\/v2\/media?parent=44893"}],"wp:term":[{"taxonomy":"product_brand","embeddable":true,"href":"https:\/\/www.iskreni.net\/trgovina\/wp-json\/wp\/v2\/product_brand?post=44893"},{"taxonomy":"product_cat","embeddable":true,"href":"https:\/\/www.iskreni.net\/trgovina\/wp-json\/wp\/v2\/product_cat?post=44893"},{"taxonomy":"product_tag","embeddable":true,"href":"https:\/\/www.iskreni.net\/trgovina\/wp-json\/wp\/v2\/product_tag?post=44893"},{"taxonomy":"avtor","embeddable":true,"href":"https:\/\/www.iskreni.net\/trgovina\/wp-json\/wp\/v2\/avtor?post=44893"},{"taxonomy":"zalozba","embeddable":true,"href":"https:\/\/www.iskreni.net\/trgovina\/wp-json\/wp\/v2\/zalozba?post=44893"},{"taxonomy":"vezava","embeddable":true,"href":"https:\/\/www.iskreni.net\/trgovina\/wp-json\/wp\/v2\/vezava?post=44893"}],"curies":[{"name":"wp","href":"https:\/\/api.w.org\/{rel}","templated":true}]}}