{"id":44731,"date":"2021-06-23T06:14:37","date_gmt":"2021-06-23T04:14:37","guid":{"rendered":"https:\/\/www.iskreni.net\/trgovina\/?post_type=product&#038;p=44731"},"modified":"2025-07-09T13:56:48","modified_gmt":"2025-07-09T11:56:48","slug":"velikani-slovenske-osamosvojitve-in-udba-ciril-zebot-peter-1-del","status":"publish","type":"product","link":"https:\/\/www.iskreni.net\/trgovina\/product\/velikani-slovenske-osamosvojitve-in-udba-ciril-zebot-peter-1-del\/","title":{"rendered":"Velikani slovenske osamosvojitve in Udba: Ciril \u017debot &#8211; Peter, 1. del"},"content":{"rendered":"<h4>O knjigi:<\/h4>\n<p>Ob jubileju na\u0161e dr\u017eave prihaja med bralce prva knjiga v seriji Velikani slovenske osamosvojitve in Udba, avtorja Igorja Omerze. Prva knjiga ima podnaslov Ciril \u017debot \u2013 Peter. Tej knjigi o Udbi in \u017debotu (trije deli) bodo sledile \u0161e knjige o naslednjih \u201cudbovsko\u201d zalezovanih osamosvojiteljih (navajamo po abecednem vrstnem redu): Igor Bav\u010dar, France Bu\u010dar, Niko Grafenauer, Spomenka in Tine Hribar, Janez Jan\u0161a, Franc Jeza, Jo\u017ee Pu\u010dnik, Dimitrij Rupel in Janez Topli\u0161ek.<\/p>\n<p>Neverjetno fascinanten je Prolog v to knjigo, kjer pisatelj z anatomsko natan\u010dnostjo prvi\u010d pred slovensko javnostjo razkriva vse podrobnosti najve\u010djega politi\u010dnega umora v slovenski zgodovini. Gre za zahrbtni vosovski umor prof. Lamberta Ehrlicha, velikega slovenskega rodoljuba in o\u010deta ideje o samostojni in zedinjeni Sloveniji, ki ga je Edvard Kardelj ukazal umoriti, ker je bil odlo\u010den nasprotnik stalinizma in hkrati pomembna osebnost v slovenskem katoli\u0161kem taboru. Skupaj s prof. Ehrlichom bi moral pasti tudi Ciril \u017debot, a ga je sre\u010dno naklju\u010dje re\u0161ilo gotove smrti.<\/p>\n<p>Vse to in \u0161e veliko ve\u010d si lahko preberete v novi knjigi Igorja Omerze, tega neutrudnega popisovalca temnega in skrivnostnega udbovskega kraljestva!<\/p>\n<h4>Kdo je bil Ciril \u017debot?<\/h4>\n<div class=\"wpb_text_column wpb_content_element \">\n<div class=\"wpb_wrapper\">\n<p>Najpomembnej\u0161i slovenski politi\u010dni emigrant dr. Ciril \u017debot je bil rojen 8. aprila 1914 v Mariboru in je doktoriral na ljubljanski Pravni fakulteti 1. maja 1937. Med vojno ga je sku\u0161ala umoriti VOS, po vojni pa sta ga vneto zalezovala tako OZNA kot kasneje Udba, ki mu je tudi nadela tajno \u201czalezovalno\u201d ime Peter.<\/p>\n<p>Leta 1943 je od\u0161el iz Ljubljane v Rim in od tod leta 1947 v ZDA, kjer je januarja 1989 tudi preminil. Vseskozi je s \u0161tevilnimi \u010dlanki, resolucijami, spomenicami, knjigami vplival na politi\u010dne razmere v domovini. \u010ceprav je njegove \u201cizdelke\u201d biv\u0161i in propadli socialisti\u010dni re\u017eim prepovedal in plenil, kjerkoli jih je na\u0161el, so njegove ideje o demokrati\u010dni, samostojni in zedinjeni Sloveniji (matica plus zamejstvo) vseskozi pronicale v njemu tako ljubo domovino.<\/p>\n<h4>Kdo so bili ostali velikani osamosvojitev zalezovani po Udbi?<\/h4>\n<p>Ja pa tako za \u017debota kot za ostalo pomembno \u201cosamosvojitveno\u201d politi\u010dno emigracijo \u2013 France Dolinar, Mirko Javornik, Ruda Jur\u010dec, Janez Topli\u0161ek, Franc Jeza, Branko Pistiv\u0161ek, morda bi lahko \u0161e koga dodal \u2013 dejstvo, da so njihova \u0161tevilna \u010dasopisna in knji\u017ena osamosvojitvena razmi\u0161ljanja ter letaki, kljub hudi zapori na jugoslovanski meji, pronicala v Slovenijo in imela mo\u010dan vpliv (matemati\u010dno natan\u010dno se seveda velikosti tega vpliva ne da dolo\u010diti) na kasnej\u0161e dejanske procese nastajanja samostojne slovenske dr\u017eave.<\/p>\n<p>Zato tudi tiste pomembne emigrantske posameznike, ki niso sodelovali v operativnem slovenskem osamosvajanju, razen Pistiv\u0161ka so itak bili takrat \u017ee vsi mrtvi, navkljub temu pisatelj opredeljuje kot velikane slovenske osamosvojitve. Ker pa je od zgoraj na\u0161tetih ohranjenega dovolj udbovskega gradiva za \u0161ir\u0161i prikaz le za Cirila \u017debota (udbovsko ime nadzora Peter), Franca Jezo (udbovsko ime nadzora Separatist) in Janeza Topli\u0161ka (udbovsko ime nadzora Potres), se je moral pisatelj v prikazovanju odnosa Udbe do \u201cemigrantskih\u201d velikanov osamosvojitve omejiti le na tri pravkar omenjene. \u017debotu je posve\u010dena celotna knjiga, katere prvi del (od treh) je sedaj pred vami, dragi bralci. Topli\u0161ek in Jeza pa bosta skupaj nastopila v pisateljevem naslednjem \u201cosamosvojitveno-udbovskem\u201d delu. Sledile bodo \u0161e knjige o \u201cdoma\u010dih\u201d po Udbi zalezovanih velikih osamosvojiteljih, navajamo po abecednem vrstnem redu: Igor Bav\u010dar, France Bu\u010dar, Niko Grafenauer, Spomenka in Tine Hribar, Janez Jan\u0161a, Jo\u017ee Pu\u010dnik in Dimitrij Rupel.<\/p>\n<\/div>\n<h4>Pisatelj vam razkriva:<\/h4>\n<p>V prvem delu knjige pisatelj najprej in predvsem razkriva, kako so potekale priprave na medvojni umor prof. Lamberta Ehrlicha in Cirila \u017debota, kako je bil umor izveden in zakaj se je \u017debot izognil usmrtitvi. Poleg tega tudi odkriva, kaj se je dogajalo po umoru in zakaj se je Kardelj odlo\u010dil za to gnusno dejanje.<\/p>\n<p>V nadaljevanju na anatomsko-dokumentarni na\u010din pisatelj razkriva kako, s kom in kdaj so VOS, OZNA in Udba zalezovali Cirila \u017debota in njegovo dru\u017eino. Zgodba o \u017debotu in Udbi se v prvem delu knjige kon\u010da konec leta 1970.<\/p>\n<p>V drugem delu, ki je \u0161e v pripravi, bodo opisana leta udbovskega zalezovanja \u017debota, ki kronolo\u0161ko spadajo v svin\u010dena leta socialiti\u010dne Slovenije (1970\u20131980).<\/p>\n<p>V tretjem in zadnjem delu knjige o \u017debotu in Udbi pa bo opisano zadnje desetletje njegovega \u017eivljenja, predvsem v tem okviru neprestani udbovski napori, da bi se dokopali do tipkopisa njegovega \u017eivljenskega dela, to je knjige Spomini v vrtincu, v kon\u010dni obliki imenovani Neminljiva Slovenija.<\/p>\n<\/div>\n<h4>O avtorju:<\/h4>\n<div class=\"column\">Igor Omerza, rojen v Ljubljani, magister ekonomskih znanosti, je bil \u010dlan vodstva opore\u010dni\u0161kega Odbora za varstvo \u010dlovekovih pravic in aktiven politik po propadu socializma v Sloveniji. Takoj po osamosvojitvi je bil generalni direktor SDK, nato poslanec v parlamentu in ljubljanski pod\u017eupan.<\/div>\n<div><\/div>\n<div class=\"column\">Zadnja leta se posve\u010da predvsem pisanju knjig. Do sedaj je objavil 14 knjig, nekatere je mo\u017eno brati tudi v nem\u0161kem, hrva\u0161kem in angle\u0161kem jeziku. Ve\u010dinoma pi\u0161e o na\u0161i tajni komunisti\u010dni politi\u010dni policiji. Z novinarjem Bojanom Po\u017earjem je leta 2016 izdal elektronsko knjigo Melania Trump \u2013 The Inside Story.<\/div>\n","protected":false},"excerpt":{"rendered":"<p><strong>Leto izdaje:<\/strong> 2021<br \/>\n<strong>\u0160tevilo strani:<\/strong> 272 strani + 54 strani faksimilov arhivskih dokumentov in fotografij<\/p>\n<p><i>\u00a0<\/i><\/p>\n","protected":false},"featured_media":44735,"comment_status":"open","ping_status":"closed","template":"","meta":[],"product_brand":[],"product_cat":[2326,63],"product_tag":[1491,1000,1492],"avtor":[2358],"zalozba":[2338],"vezava":[2307],"class_list":{"0":"post-44731","1":"product","2":"type-product","3":"status-publish","4":"has-post-thumbnail","6":"product_cat-druzbena-vprasanja-in-humanistika","7":"product_cat-knjige","8":"product_tag-osamosvojitev","9":"product_tag-slovenija","10":"product_tag-udba","11":"avtor-igor-omerza","12":"zalozba-dobra-knjiga","13":"vezava-mehka","15":"first","16":"onbackorder","17":"taxable","18":"shipping-taxable","19":"purchasable","20":"product-type-simple"},"yoast_head":"<!-- This site is optimized with the Yoast SEO plugin v26.3 - https:\/\/yoast.com\/wordpress\/plugins\/seo\/ -->\n<title>Igor Omerza - Velikani slovenske osamosvojitve in Udba - trgovina Iskreni<\/title>\n<meta name=\"description\" content=\"Prva knjiga v seriji Velikani slovenske osamosvojitve in Udba. V knjigi pisatelj prvi\u010d pred slovensko javnostjo razkriva vse podrobnosti najve\u010djega politi\u010dnega umora v slovenski zgodovini.\" \/>\n<meta name=\"robots\" content=\"index, follow, max-snippet:-1, max-image-preview:large, max-video-preview:-1\" \/>\n<link rel=\"canonical\" href=\"https:\/\/www.iskreni.net\/trgovina\/product\/velikani-slovenske-osamosvojitve-in-udba-ciril-zebot-peter-1-del\/\" \/>\n<meta property=\"og:locale\" content=\"sl_SI\" \/>\n<meta property=\"og:type\" content=\"article\" \/>\n<meta property=\"og:title\" content=\"Igor Omerza - Velikani slovenske osamosvojitve in Udba - trgovina Iskreni\" \/>\n<meta property=\"og:description\" content=\"Prva knjiga v seriji Velikani slovenske osamosvojitve in Udba. V knjigi pisatelj prvi\u010d pred slovensko javnostjo razkriva vse podrobnosti najve\u010djega politi\u010dnega umora v slovenski zgodovini.\" \/>\n<meta property=\"og:url\" content=\"https:\/\/www.iskreni.net\/trgovina\/product\/velikani-slovenske-osamosvojitve-in-udba-ciril-zebot-peter-1-del\/\" \/>\n<meta property=\"og:site_name\" content=\"Zavod Iskreni\" \/>\n<meta property=\"article:modified_time\" content=\"2025-07-09T11:56:48+00:00\" \/>\n<meta property=\"og:image\" content=\"https:\/\/www.iskreni.net\/trgovina\/wp-content\/uploads\/2021\/06\/Velikani-slovenske-osamosvojitve-in-Udba.jpg\" \/>\n\t<meta property=\"og:image:width\" content=\"600\" \/>\n\t<meta property=\"og:image:height\" content=\"600\" \/>\n\t<meta property=\"og:image:type\" content=\"image\/jpeg\" \/>\n<meta name=\"twitter:card\" content=\"summary_large_image\" \/>\n<meta name=\"twitter:label1\" content=\"Est. reading time\" \/>\n\t<meta name=\"twitter:data1\" content=\"5 minut\" \/>\n<script type=\"application\/ld+json\" class=\"yoast-schema-graph\">{\"@context\":\"https:\/\/schema.org\",\"@graph\":[{\"@type\":\"WebPage\",\"@id\":\"https:\/\/www.iskreni.net\/trgovina\/product\/velikani-slovenske-osamosvojitve-in-udba-ciril-zebot-peter-1-del\/\",\"url\":\"https:\/\/www.iskreni.net\/trgovina\/product\/velikani-slovenske-osamosvojitve-in-udba-ciril-zebot-peter-1-del\/\",\"name\":\"Igor Omerza - Velikani slovenske osamosvojitve in Udba - trgovina Iskreni\",\"isPartOf\":{\"@id\":\"https:\/\/www.iskreni.net\/trgovina\/#website\"},\"primaryImageOfPage\":{\"@id\":\"https:\/\/www.iskreni.net\/trgovina\/product\/velikani-slovenske-osamosvojitve-in-udba-ciril-zebot-peter-1-del\/#primaryimage\"},\"image\":{\"@id\":\"https:\/\/www.iskreni.net\/trgovina\/product\/velikani-slovenske-osamosvojitve-in-udba-ciril-zebot-peter-1-del\/#primaryimage\"},\"thumbnailUrl\":\"https:\/\/www.iskreni.net\/trgovina\/wp-content\/uploads\/2021\/06\/Velikani-slovenske-osamosvojitve-in-Udba.jpg\",\"datePublished\":\"2021-06-23T04:14:37+00:00\",\"dateModified\":\"2025-07-09T11:56:48+00:00\",\"description\":\"Prva knjiga v seriji Velikani slovenske osamosvojitve in Udba. V knjigi pisatelj prvi\u010d pred slovensko javnostjo razkriva vse podrobnosti najve\u010djega politi\u010dnega umora v slovenski zgodovini.\",\"breadcrumb\":{\"@id\":\"https:\/\/www.iskreni.net\/trgovina\/product\/velikani-slovenske-osamosvojitve-in-udba-ciril-zebot-peter-1-del\/#breadcrumb\"},\"inLanguage\":\"sl-SI\",\"potentialAction\":[{\"@type\":\"ReadAction\",\"target\":[\"https:\/\/www.iskreni.net\/trgovina\/product\/velikani-slovenske-osamosvojitve-in-udba-ciril-zebot-peter-1-del\/\"]}]},{\"@type\":\"ImageObject\",\"inLanguage\":\"sl-SI\",\"@id\":\"https:\/\/www.iskreni.net\/trgovina\/product\/velikani-slovenske-osamosvojitve-in-udba-ciril-zebot-peter-1-del\/#primaryimage\",\"url\":\"https:\/\/www.iskreni.net\/trgovina\/wp-content\/uploads\/2021\/06\/Velikani-slovenske-osamosvojitve-in-Udba.jpg\",\"contentUrl\":\"https:\/\/www.iskreni.net\/trgovina\/wp-content\/uploads\/2021\/06\/Velikani-slovenske-osamosvojitve-in-Udba.jpg\",\"width\":600,\"height\":600},{\"@type\":\"BreadcrumbList\",\"@id\":\"https:\/\/www.iskreni.net\/trgovina\/product\/velikani-slovenske-osamosvojitve-in-udba-ciril-zebot-peter-1-del\/#breadcrumb\",\"itemListElement\":[{\"@type\":\"ListItem\",\"position\":1,\"name\":\"Home\",\"item\":\"https:\/\/www.iskreni.net\/trgovina\/\"},{\"@type\":\"ListItem\",\"position\":2,\"name\":\"Trgovina\",\"item\":\"https:\/\/www.iskreni.net\/trgovina\/trgovina\/\"},{\"@type\":\"ListItem\",\"position\":3,\"name\":\"Velikani slovenske osamosvojitve in Udba: Ciril \u017debot &#8211; Peter, 1. del\"}]},{\"@type\":\"WebSite\",\"@id\":\"https:\/\/www.iskreni.net\/trgovina\/#website\",\"url\":\"https:\/\/www.iskreni.net\/trgovina\/\",\"name\":\"Zavod Iskreni\",\"description\":\"trgovina\",\"potentialAction\":[{\"@type\":\"SearchAction\",\"target\":{\"@type\":\"EntryPoint\",\"urlTemplate\":\"https:\/\/www.iskreni.net\/trgovina\/?s={search_term_string}\"},\"query-input\":{\"@type\":\"PropertyValueSpecification\",\"valueRequired\":true,\"valueName\":\"search_term_string\"}}],\"inLanguage\":\"sl-SI\"}]}<\/script>\n<!-- \/ Yoast SEO plugin. -->","yoast_head_json":{"title":"Igor Omerza - Velikani slovenske osamosvojitve in Udba - trgovina Iskreni","description":"Prva knjiga v seriji Velikani slovenske osamosvojitve in Udba. V knjigi pisatelj prvi\u010d pred slovensko javnostjo razkriva vse podrobnosti najve\u010djega politi\u010dnega umora v slovenski zgodovini.","robots":{"index":"index","follow":"follow","max-snippet":"max-snippet:-1","max-image-preview":"max-image-preview:large","max-video-preview":"max-video-preview:-1"},"canonical":"https:\/\/www.iskreni.net\/trgovina\/product\/velikani-slovenske-osamosvojitve-in-udba-ciril-zebot-peter-1-del\/","og_locale":"sl_SI","og_type":"article","og_title":"Igor Omerza - Velikani slovenske osamosvojitve in Udba - trgovina Iskreni","og_description":"Prva knjiga v seriji Velikani slovenske osamosvojitve in Udba. V knjigi pisatelj prvi\u010d pred slovensko javnostjo razkriva vse podrobnosti najve\u010djega politi\u010dnega umora v slovenski zgodovini.","og_url":"https:\/\/www.iskreni.net\/trgovina\/product\/velikani-slovenske-osamosvojitve-in-udba-ciril-zebot-peter-1-del\/","og_site_name":"Zavod Iskreni","article_modified_time":"2025-07-09T11:56:48+00:00","og_image":[{"width":600,"height":600,"url":"https:\/\/www.iskreni.net\/trgovina\/wp-content\/uploads\/2021\/06\/Velikani-slovenske-osamosvojitve-in-Udba.jpg","type":"image\/jpeg"}],"twitter_card":"summary_large_image","twitter_misc":{"Est. reading time":"5 minut"},"schema":{"@context":"https:\/\/schema.org","@graph":[{"@type":"WebPage","@id":"https:\/\/www.iskreni.net\/trgovina\/product\/velikani-slovenske-osamosvojitve-in-udba-ciril-zebot-peter-1-del\/","url":"https:\/\/www.iskreni.net\/trgovina\/product\/velikani-slovenske-osamosvojitve-in-udba-ciril-zebot-peter-1-del\/","name":"Igor Omerza - Velikani slovenske osamosvojitve in Udba - trgovina Iskreni","isPartOf":{"@id":"https:\/\/www.iskreni.net\/trgovina\/#website"},"primaryImageOfPage":{"@id":"https:\/\/www.iskreni.net\/trgovina\/product\/velikani-slovenske-osamosvojitve-in-udba-ciril-zebot-peter-1-del\/#primaryimage"},"image":{"@id":"https:\/\/www.iskreni.net\/trgovina\/product\/velikani-slovenske-osamosvojitve-in-udba-ciril-zebot-peter-1-del\/#primaryimage"},"thumbnailUrl":"https:\/\/www.iskreni.net\/trgovina\/wp-content\/uploads\/2021\/06\/Velikani-slovenske-osamosvojitve-in-Udba.jpg","datePublished":"2021-06-23T04:14:37+00:00","dateModified":"2025-07-09T11:56:48+00:00","description":"Prva knjiga v seriji Velikani slovenske osamosvojitve in Udba. V knjigi pisatelj prvi\u010d pred slovensko javnostjo razkriva vse podrobnosti najve\u010djega politi\u010dnega umora v slovenski zgodovini.","breadcrumb":{"@id":"https:\/\/www.iskreni.net\/trgovina\/product\/velikani-slovenske-osamosvojitve-in-udba-ciril-zebot-peter-1-del\/#breadcrumb"},"inLanguage":"sl-SI","potentialAction":[{"@type":"ReadAction","target":["https:\/\/www.iskreni.net\/trgovina\/product\/velikani-slovenske-osamosvojitve-in-udba-ciril-zebot-peter-1-del\/"]}]},{"@type":"ImageObject","inLanguage":"sl-SI","@id":"https:\/\/www.iskreni.net\/trgovina\/product\/velikani-slovenske-osamosvojitve-in-udba-ciril-zebot-peter-1-del\/#primaryimage","url":"https:\/\/www.iskreni.net\/trgovina\/wp-content\/uploads\/2021\/06\/Velikani-slovenske-osamosvojitve-in-Udba.jpg","contentUrl":"https:\/\/www.iskreni.net\/trgovina\/wp-content\/uploads\/2021\/06\/Velikani-slovenske-osamosvojitve-in-Udba.jpg","width":600,"height":600},{"@type":"BreadcrumbList","@id":"https:\/\/www.iskreni.net\/trgovina\/product\/velikani-slovenske-osamosvojitve-in-udba-ciril-zebot-peter-1-del\/#breadcrumb","itemListElement":[{"@type":"ListItem","position":1,"name":"Home","item":"https:\/\/www.iskreni.net\/trgovina\/"},{"@type":"ListItem","position":2,"name":"Trgovina","item":"https:\/\/www.iskreni.net\/trgovina\/trgovina\/"},{"@type":"ListItem","position":3,"name":"Velikani slovenske osamosvojitve in Udba: Ciril \u017debot &#8211; Peter, 1. del"}]},{"@type":"WebSite","@id":"https:\/\/www.iskreni.net\/trgovina\/#website","url":"https:\/\/www.iskreni.net\/trgovina\/","name":"Zavod Iskreni","description":"trgovina","potentialAction":[{"@type":"SearchAction","target":{"@type":"EntryPoint","urlTemplate":"https:\/\/www.iskreni.net\/trgovina\/?s={search_term_string}"},"query-input":{"@type":"PropertyValueSpecification","valueRequired":true,"valueName":"search_term_string"}}],"inLanguage":"sl-SI"}]}},"_links":{"self":[{"href":"https:\/\/www.iskreni.net\/trgovina\/wp-json\/wp\/v2\/product\/44731","targetHints":{"allow":["GET"]}}],"collection":[{"href":"https:\/\/www.iskreni.net\/trgovina\/wp-json\/wp\/v2\/product"}],"about":[{"href":"https:\/\/www.iskreni.net\/trgovina\/wp-json\/wp\/v2\/types\/product"}],"replies":[{"embeddable":true,"href":"https:\/\/www.iskreni.net\/trgovina\/wp-json\/wp\/v2\/comments?post=44731"}],"version-history":[{"count":7,"href":"https:\/\/www.iskreni.net\/trgovina\/wp-json\/wp\/v2\/product\/44731\/revisions"}],"predecessor-version":[{"id":72412,"href":"https:\/\/www.iskreni.net\/trgovina\/wp-json\/wp\/v2\/product\/44731\/revisions\/72412"}],"wp:featuredmedia":[{"embeddable":true,"href":"https:\/\/www.iskreni.net\/trgovina\/wp-json\/wp\/v2\/media\/44735"}],"wp:attachment":[{"href":"https:\/\/www.iskreni.net\/trgovina\/wp-json\/wp\/v2\/media?parent=44731"}],"wp:term":[{"taxonomy":"product_brand","embeddable":true,"href":"https:\/\/www.iskreni.net\/trgovina\/wp-json\/wp\/v2\/product_brand?post=44731"},{"taxonomy":"product_cat","embeddable":true,"href":"https:\/\/www.iskreni.net\/trgovina\/wp-json\/wp\/v2\/product_cat?post=44731"},{"taxonomy":"product_tag","embeddable":true,"href":"https:\/\/www.iskreni.net\/trgovina\/wp-json\/wp\/v2\/product_tag?post=44731"},{"taxonomy":"avtor","embeddable":true,"href":"https:\/\/www.iskreni.net\/trgovina\/wp-json\/wp\/v2\/avtor?post=44731"},{"taxonomy":"zalozba","embeddable":true,"href":"https:\/\/www.iskreni.net\/trgovina\/wp-json\/wp\/v2\/zalozba?post=44731"},{"taxonomy":"vezava","embeddable":true,"href":"https:\/\/www.iskreni.net\/trgovina\/wp-json\/wp\/v2\/vezava?post=44731"}],"curies":[{"name":"wp","href":"https:\/\/api.w.org\/{rel}","templated":true}]}}