{"id":4438,"date":"2018-04-11T14:47:36","date_gmt":"2018-04-11T12:47:36","guid":{"rendered":"https:\/\/www.iskreni.net\/trgovina\/product\/voscilnica-abeceda\/"},"modified":"2023-07-19T15:09:36","modified_gmt":"2023-07-19T13:09:36","slug":"voscilnica-abeceda","status":"publish","type":"product","link":"https:\/\/www.iskreni.net\/trgovina\/product\/voscilnica-abeceda\/","title":{"rendered":"Vo\u0161\u010dilnica Abeceda"},"content":{"rendered":"","protected":false},"excerpt":{"rendered":"<p>Vo\u0161\u010dilnica z motivom abecede.<\/p>\n<p>145 x 145 mm, s kuverto.<\/p>\n","protected":false},"featured_media":4439,"comment_status":"open","ping_status":"closed","template":"","meta":[],"product_brand":[],"product_cat":[668,499],"product_tag":[500],"avtor":[],"zalozba":[],"vezava":[],"class_list":{"0":"post-4438","1":"product","2":"type-product","3":"status-publish","4":"has-post-thumbnail","6":"product_cat-darilni-program","7":"product_cat-voscilnice","8":"product_tag-voscilnica","10":"first","11":"instock","12":"taxable","13":"shipping-taxable","14":"purchasable","15":"product-type-simple"},"yoast_head":"<!-- This site is optimized with the Yoast SEO plugin v26.3 - https:\/\/yoast.com\/wordpress\/plugins\/seo\/ -->\n<title>Vo\u0161\u010dilnica Abeceda - trgovina Iskreni.net<\/title>\n<meta name=\"robots\" content=\"index, follow, max-snippet:-1, max-image-preview:large, max-video-preview:-1\" \/>\n<link rel=\"canonical\" href=\"https:\/\/www.iskreni.net\/trgovina\/product\/voscilnica-abeceda\/\" \/>\n<meta property=\"og:locale\" content=\"sl_SI\" \/>\n<meta property=\"og:type\" content=\"article\" \/>\n<meta property=\"og:title\" content=\"Vo\u0161\u010dilnica Abeceda - trgovina Iskreni.net\" \/>\n<meta property=\"og:description\" content=\"Vo\u0161\u010dilnica z motivom abecede.  145 x 145 mm, s kuverto.\" \/>\n<meta property=\"og:url\" content=\"https:\/\/www.iskreni.net\/trgovina\/product\/voscilnica-abeceda\/\" \/>\n<meta property=\"og:site_name\" content=\"Zavod Iskreni\" \/>\n<meta property=\"article:modified_time\" content=\"2023-07-19T13:09:36+00:00\" \/>\n<meta property=\"og:image\" content=\"https:\/\/www.iskreni.net\/trgovina\/wp-content\/uploads\/2018\/04\/IMG_20180411_133258_357.jpg\" \/>\n\t<meta property=\"og:image:width\" content=\"724\" \/>\n\t<meta property=\"og:image:height\" content=\"624\" \/>\n\t<meta property=\"og:image:type\" content=\"image\/jpeg\" \/>\n<meta name=\"twitter:card\" content=\"summary_large_image\" \/>\n<script type=\"application\/ld+json\" class=\"yoast-schema-graph\">{\"@context\":\"https:\/\/schema.org\",\"@graph\":[{\"@type\":\"WebPage\",\"@id\":\"https:\/\/www.iskreni.net\/trgovina\/product\/voscilnica-abeceda\/\",\"url\":\"https:\/\/www.iskreni.net\/trgovina\/product\/voscilnica-abeceda\/\",\"name\":\"Vo\u0161\u010dilnica Abeceda - trgovina Iskreni.net\",\"isPartOf\":{\"@id\":\"https:\/\/www.iskreni.net\/trgovina\/#website\"},\"primaryImageOfPage\":{\"@id\":\"https:\/\/www.iskreni.net\/trgovina\/product\/voscilnica-abeceda\/#primaryimage\"},\"image\":{\"@id\":\"https:\/\/www.iskreni.net\/trgovina\/product\/voscilnica-abeceda\/#primaryimage\"},\"thumbnailUrl\":\"https:\/\/www.iskreni.net\/trgovina\/wp-content\/uploads\/2018\/04\/IMG_20180411_133258_357.jpg\",\"datePublished\":\"2018-04-11T12:47:36+00:00\",\"dateModified\":\"2023-07-19T13:09:36+00:00\",\"breadcrumb\":{\"@id\":\"https:\/\/www.iskreni.net\/trgovina\/product\/voscilnica-abeceda\/#breadcrumb\"},\"inLanguage\":\"sl-SI\",\"potentialAction\":[{\"@type\":\"ReadAction\",\"target\":[\"https:\/\/www.iskreni.net\/trgovina\/product\/voscilnica-abeceda\/\"]}]},{\"@type\":\"ImageObject\",\"inLanguage\":\"sl-SI\",\"@id\":\"https:\/\/www.iskreni.net\/trgovina\/product\/voscilnica-abeceda\/#primaryimage\",\"url\":\"https:\/\/www.iskreni.net\/trgovina\/wp-content\/uploads\/2018\/04\/IMG_20180411_133258_357.jpg\",\"contentUrl\":\"https:\/\/www.iskreni.net\/trgovina\/wp-content\/uploads\/2018\/04\/IMG_20180411_133258_357.jpg\",\"width\":724,\"height\":624},{\"@type\":\"BreadcrumbList\",\"@id\":\"https:\/\/www.iskreni.net\/trgovina\/product\/voscilnica-abeceda\/#breadcrumb\",\"itemListElement\":[{\"@type\":\"ListItem\",\"position\":1,\"name\":\"Home\",\"item\":\"https:\/\/www.iskreni.net\/trgovina\/\"},{\"@type\":\"ListItem\",\"position\":2,\"name\":\"Trgovina\",\"item\":\"https:\/\/www.iskreni.net\/trgovina\/trgovina\/\"},{\"@type\":\"ListItem\",\"position\":3,\"name\":\"Vo\u0161\u010dilnica Abeceda\"}]},{\"@type\":\"WebSite\",\"@id\":\"https:\/\/www.iskreni.net\/trgovina\/#website\",\"url\":\"https:\/\/www.iskreni.net\/trgovina\/\",\"name\":\"Zavod Iskreni\",\"description\":\"trgovina\",\"potentialAction\":[{\"@type\":\"SearchAction\",\"target\":{\"@type\":\"EntryPoint\",\"urlTemplate\":\"https:\/\/www.iskreni.net\/trgovina\/?s={search_term_string}\"},\"query-input\":{\"@type\":\"PropertyValueSpecification\",\"valueRequired\":true,\"valueName\":\"search_term_string\"}}],\"inLanguage\":\"sl-SI\"}]}<\/script>\n<!-- \/ Yoast SEO plugin. -->","yoast_head_json":{"title":"Vo\u0161\u010dilnica Abeceda - trgovina Iskreni.net","robots":{"index":"index","follow":"follow","max-snippet":"max-snippet:-1","max-image-preview":"max-image-preview:large","max-video-preview":"max-video-preview:-1"},"canonical":"https:\/\/www.iskreni.net\/trgovina\/product\/voscilnica-abeceda\/","og_locale":"sl_SI","og_type":"article","og_title":"Vo\u0161\u010dilnica Abeceda - trgovina Iskreni.net","og_description":"Vo\u0161\u010dilnica z motivom abecede.  145 x 145 mm, s kuverto.","og_url":"https:\/\/www.iskreni.net\/trgovina\/product\/voscilnica-abeceda\/","og_site_name":"Zavod Iskreni","article_modified_time":"2023-07-19T13:09:36+00:00","og_image":[{"width":724,"height":624,"url":"https:\/\/www.iskreni.net\/trgovina\/wp-content\/uploads\/2018\/04\/IMG_20180411_133258_357.jpg","type":"image\/jpeg"}],"twitter_card":"summary_large_image","schema":{"@context":"https:\/\/schema.org","@graph":[{"@type":"WebPage","@id":"https:\/\/www.iskreni.net\/trgovina\/product\/voscilnica-abeceda\/","url":"https:\/\/www.iskreni.net\/trgovina\/product\/voscilnica-abeceda\/","name":"Vo\u0161\u010dilnica Abeceda - trgovina Iskreni.net","isPartOf":{"@id":"https:\/\/www.iskreni.net\/trgovina\/#website"},"primaryImageOfPage":{"@id":"https:\/\/www.iskreni.net\/trgovina\/product\/voscilnica-abeceda\/#primaryimage"},"image":{"@id":"https:\/\/www.iskreni.net\/trgovina\/product\/voscilnica-abeceda\/#primaryimage"},"thumbnailUrl":"https:\/\/www.iskreni.net\/trgovina\/wp-content\/uploads\/2018\/04\/IMG_20180411_133258_357.jpg","datePublished":"2018-04-11T12:47:36+00:00","dateModified":"2023-07-19T13:09:36+00:00","breadcrumb":{"@id":"https:\/\/www.iskreni.net\/trgovina\/product\/voscilnica-abeceda\/#breadcrumb"},"inLanguage":"sl-SI","potentialAction":[{"@type":"ReadAction","target":["https:\/\/www.iskreni.net\/trgovina\/product\/voscilnica-abeceda\/"]}]},{"@type":"ImageObject","inLanguage":"sl-SI","@id":"https:\/\/www.iskreni.net\/trgovina\/product\/voscilnica-abeceda\/#primaryimage","url":"https:\/\/www.iskreni.net\/trgovina\/wp-content\/uploads\/2018\/04\/IMG_20180411_133258_357.jpg","contentUrl":"https:\/\/www.iskreni.net\/trgovina\/wp-content\/uploads\/2018\/04\/IMG_20180411_133258_357.jpg","width":724,"height":624},{"@type":"BreadcrumbList","@id":"https:\/\/www.iskreni.net\/trgovina\/product\/voscilnica-abeceda\/#breadcrumb","itemListElement":[{"@type":"ListItem","position":1,"name":"Home","item":"https:\/\/www.iskreni.net\/trgovina\/"},{"@type":"ListItem","position":2,"name":"Trgovina","item":"https:\/\/www.iskreni.net\/trgovina\/trgovina\/"},{"@type":"ListItem","position":3,"name":"Vo\u0161\u010dilnica Abeceda"}]},{"@type":"WebSite","@id":"https:\/\/www.iskreni.net\/trgovina\/#website","url":"https:\/\/www.iskreni.net\/trgovina\/","name":"Zavod Iskreni","description":"trgovina","potentialAction":[{"@type":"SearchAction","target":{"@type":"EntryPoint","urlTemplate":"https:\/\/www.iskreni.net\/trgovina\/?s={search_term_string}"},"query-input":{"@type":"PropertyValueSpecification","valueRequired":true,"valueName":"search_term_string"}}],"inLanguage":"sl-SI"}]}},"_links":{"self":[{"href":"https:\/\/www.iskreni.net\/trgovina\/wp-json\/wp\/v2\/product\/4438","targetHints":{"allow":["GET"]}}],"collection":[{"href":"https:\/\/www.iskreni.net\/trgovina\/wp-json\/wp\/v2\/product"}],"about":[{"href":"https:\/\/www.iskreni.net\/trgovina\/wp-json\/wp\/v2\/types\/product"}],"replies":[{"embeddable":true,"href":"https:\/\/www.iskreni.net\/trgovina\/wp-json\/wp\/v2\/comments?post=4438"}],"version-history":[{"count":1,"href":"https:\/\/www.iskreni.net\/trgovina\/wp-json\/wp\/v2\/product\/4438\/revisions"}],"predecessor-version":[{"id":68334,"href":"https:\/\/www.iskreni.net\/trgovina\/wp-json\/wp\/v2\/product\/4438\/revisions\/68334"}],"wp:featuredmedia":[{"embeddable":true,"href":"https:\/\/www.iskreni.net\/trgovina\/wp-json\/wp\/v2\/media\/4439"}],"wp:attachment":[{"href":"https:\/\/www.iskreni.net\/trgovina\/wp-json\/wp\/v2\/media?parent=4438"}],"wp:term":[{"taxonomy":"product_brand","embeddable":true,"href":"https:\/\/www.iskreni.net\/trgovina\/wp-json\/wp\/v2\/product_brand?post=4438"},{"taxonomy":"product_cat","embeddable":true,"href":"https:\/\/www.iskreni.net\/trgovina\/wp-json\/wp\/v2\/product_cat?post=4438"},{"taxonomy":"product_tag","embeddable":true,"href":"https:\/\/www.iskreni.net\/trgovina\/wp-json\/wp\/v2\/product_tag?post=4438"},{"taxonomy":"avtor","embeddable":true,"href":"https:\/\/www.iskreni.net\/trgovina\/wp-json\/wp\/v2\/avtor?post=4438"},{"taxonomy":"zalozba","embeddable":true,"href":"https:\/\/www.iskreni.net\/trgovina\/wp-json\/wp\/v2\/zalozba?post=4438"},{"taxonomy":"vezava","embeddable":true,"href":"https:\/\/www.iskreni.net\/trgovina\/wp-json\/wp\/v2\/vezava?post=4438"}],"curies":[{"name":"wp","href":"https:\/\/api.w.org\/{rel}","templated":true}]}}