{"id":4279,"date":"2018-03-22T10:55:54","date_gmt":"2018-03-22T09:55:54","guid":{"rendered":"https:\/\/www.iskreni.net\/trgovina\/product\/mati-in-sin\/"},"modified":"2026-03-24T21:35:36","modified_gmt":"2026-03-24T20:35:36","slug":"mati-in-sin","status":"publish","type":"product","link":"https:\/\/www.iskreni.net\/trgovina\/product\/mati-in-sin\/","title":{"rendered":"Mati in sin"},"content":{"rendered":"<h4><strong>O knjigi:<\/strong><\/h4>\n<p>Knjiga\u00a0<strong>Mati in sin<\/strong> obravnava razli\u010dna starostna obdobja fanta in razli\u010dne na\u010dine, kako mu lahko mati izrazi spo\u0161tovanje, po katerem sin v svojem bistvu hrepeni. <strong>Mati in sin<\/strong>\u00a0pomaga materam prebroditi tudi tiste spremembe v fantovem odzivanju, ki se za\u010dnejo po tretjem ali \u010detrtem letu, ko se sin za\u010denja odzivati na ljubkovanje nekoliko druga\u010de, kot takrat, ko je bil \u0161e manj\u0161i. To je \u010das, ki mnoge mame postavi pred vpra\u0161anje: Kaj delam narobe, kako se lahko sinu bolje pribli\u017eam \u2026? Ta knjiga vam bo odgovorila na vsa ta vpra\u0161anja in\u00a0vam pomagala postati mama, ki bo znala sina podpreti, da bo postal zadovoljen in uspe\u0161en de\u010dek, mladostnik ter kasneje mo\u017e in o\u010de. Nenazadnje vam bo knjiga<strong> Mati in sin<\/strong>\u00a0pomagala razumeti tudi hrepenenja va\u0161ega partnerja in drugih mo\u0161kih, \u010de so odra\u0161\u010dali v\u00a0okolju, kjer niso bili dele\u017eni\u00a0ustrezno spo\u0161tovanja.<\/p>\n<p><strong>Dr. Emerson Eggerichs<\/strong>\u00a0je s svetopisemskim razumevanjem ljubezni in spo\u0161tovanja spremenil na milijone zakonskih zvez, zdaj pa ta na\u010dela prena\u0161a na enega najpomembnej\u0161ih odnosov: na odnos med materjo in sinom.\u00a0Knjiga <strong>Mati in sin\u00a0<\/strong>nam tako ka\u017ee, kako uporabljati jezik spo\u0161tovanja ter predstavlja pri\u010devanja mater, ki so ga \u017ee preizkusile.\u00a0Avtor nam ponudi na\u010drt igre, s\u00a0pomo\u010djo katere v fantu ne boste prepoznali le mo\u0161kega, temve\u010d tudi njegove \u017eelje po osvajanju, hierarhiji, oblasti, spoznanju, odnosu in spolnosti.\u00a0Predstavi pa tudi zgodbe, v katerih se je mamam spremenilo \u017eivljenje, potem ko so za\u010dele upo\u0161tevati nekatera preprosta pravila.<\/p>\n<p>Knjiga\u00a0<strong>Mati in sin<\/strong> je\u00a0knjiga o materi, ki bi rada \u0161e poglobila svojo ljubezen in s pomo\u010djo spo\u0161tovanja osvojila\u00a0srce svojega sina.<\/p>\n<h4><strong>Pri\u010devanja:<\/strong><\/h4>\n<p><em>\u00bbDobil sem stotine elektronskih pisem od \u017eensk, ki so uporabile sporo\u010dilo SPO\u0160TOVANJA pri svojih sinovih. Bile so \u0161okirane. Matere so rekle, da to sporo\u010dilo spreminja \u017eivljenja. Nekatere so rekle: moj odnos s sinom se je \u010dez no\u010d izbolj\u0161al. Zaradi tega sporo\u010dila se moj sin smehlja,kot ga \u0161e nikoli nisem videla smehljati \u2026\u00ab<br \/>\n<\/em>(dr. Emerson Eggerich)<\/p>\n<p><em>\u00bbKot mati lahko re\u010dem, da ni nikoli prepozno uporabiti sporo\u010dil spo\u0161tovanja. Fant ni nikoli premlad in nikoli prestar.\u00ab<\/em><br \/>\n(Sara Eggerichs)<\/p>\n<h4><strong>O avtorju:<\/strong><\/h4>\n<p>Dr. Emerson Eggerichs je mednarodno priznan govorec\u00a0 o <strong>mo\u0161ko-\u017eenskih odnosih<\/strong>. Na\u00a0podlagi svetovalnih izku\u0161enj (s svetovanjem se ukvarja \u017ee ve\u010d kot trideset let) in znanstvenih ter\u00a0svetopisemskih raziskav sta dr. Eggerichs in njegova \u017eena Sarah za\u010dela s konferencami &#8220;Ljubezen in spo\u0161tovanje&#8221;, ki jih izvajata v \u017eivo po\u00a0vseh ZDA.\u00a0Njuna\u00a0dinami\u010dna sre\u010danja, ki spreminjajo\u00a0\u017eivljenja, pa vplivajo\u00a0na svet tudi\u00a0preko posnetih nagovorov\u00a0in interneta. Z njuno pomo\u010djo je bil ozdravljen in re\u0161en \u017ee marsikateri odnos.<\/p>\n<p>Dr. Eggerichs je avtor ve\u010d knjig. Poleg knjige <strong>Mati in sin\u00a0<\/strong>tudi uspe\u0161nice <strong>Ljubezen in spo\u0161tovanje,<\/strong> ki je bila prodana v ve\u010d kot 1,3 milijona izvodih.<\/p>\n<p>S soprogo Sarah\u00a0sta poro\u010dena ve\u010d kot 30 let, \u017eivita v Grand Rapids v Michiganu in imata tri odrasle otroke.<\/p>\n<p>&nbsp;<\/p>\n","protected":false},"excerpt":{"rendered":"<p><strong>Avtor:<\/strong> Emerson Eggerichs<br \/>\n<strong>Prevod:\u00a0<\/strong>Nina Petelin\u0161ek Munoz<br \/>\n<strong>Zalo\u017eba:<\/strong> Dru\u0161tvo Za\u017eivi \u017eivljenje<br \/>\n<strong>Leto izdaje:<\/strong> 2018<br \/>\n<strong>\u0160tevilo strani:\u00a0<\/strong>279<\/p>\n<p>&nbsp;<\/p>\n<p><strong>Kako s spo\u0161tovanjem prese\u010di odnos s sinom?<\/strong><\/p>\n<p>Res je: sinovi in h\u010dere v enaki meri potrebujejo ljubezen in spo\u0161tovanje. Toda raziskave so pokazale, da se v stresnem in konfliktnem trenutku pri mo\u0161kih in \u017eenskah ta potreba razlikuje. Mo\u0161ki svoj svet presojajo bolj skozi sito spo\u0161tovanja. <em>\u010ce ste mati in imate sina, potem je knjiga <strong>Mati in sin\u00a0<\/strong>prav\u00a0za vas!<\/em><\/p>\n<p>&nbsp;<\/p>\n","protected":false},"featured_media":4280,"comment_status":"open","ping_status":"closed","template":"","meta":[],"product_brand":[254],"product_cat":[63],"product_tag":[3046,2948,3047],"avtor":[],"zalozba":[2343],"vezava":[2307],"class_list":{"0":"post-4279","1":"product","2":"type-product","3":"status-publish","4":"has-post-thumbnail","6":"product_brand-zazivi-zivljenje","7":"product_cat-knjige","8":"product_tag-mati","9":"product_tag-odnosi","10":"product_tag-sin","11":"zalozba-zazivi-zivljenje","12":"vezava-mehka","14":"first","15":"instock","16":"taxable","17":"shipping-taxable","18":"purchasable","19":"product-type-simple"},"yoast_head":"<!-- This site is optimized with the Yoast SEO plugin v26.3 - https:\/\/yoast.com\/wordpress\/plugins\/seo\/ -->\n<title>Emerson Eggerichs: Mati in sin - trgovina Iskreni<\/title>\n<meta name=\"description\" content=\"Nova knjiga dr. Eggerichsa, ki spregovori o spo\u0161tovanju v odnosu med materjo in sinom. \u010ce ste mati in imate sina, potem je knjiga Mati in sin prav za vas!\" \/>\n<meta name=\"robots\" content=\"index, follow, max-snippet:-1, max-image-preview:large, max-video-preview:-1\" \/>\n<link rel=\"canonical\" href=\"https:\/\/www.iskreni.net\/trgovina\/product\/mati-in-sin\/\" \/>\n<meta property=\"og:locale\" content=\"sl_SI\" \/>\n<meta property=\"og:type\" content=\"article\" \/>\n<meta property=\"og:title\" content=\"Emerson Eggerichs: Mati in sin - trgovina Iskreni\" \/>\n<meta property=\"og:description\" content=\"Nova knjiga dr. Eggerichsa, ki spregovori o spo\u0161tovanju v odnosu med materjo in sinom. \u010ce ste mati in imate sina, potem je knjiga Mati in sin prav za vas!\" \/>\n<meta property=\"og:url\" content=\"https:\/\/www.iskreni.net\/trgovina\/product\/mati-in-sin\/\" \/>\n<meta property=\"og:site_name\" content=\"Zavod Iskreni\" \/>\n<meta property=\"article:modified_time\" content=\"2026-03-24T20:35:36+00:00\" \/>\n<meta property=\"og:image\" content=\"https:\/\/www.iskreni.net\/trgovina\/wp-content\/uploads\/2018\/03\/mati_in_sin_3_1-600x600.jpg\" \/>\n\t<meta property=\"og:image:width\" content=\"600\" \/>\n\t<meta property=\"og:image:height\" content=\"600\" \/>\n\t<meta property=\"og:image:type\" content=\"image\/jpeg\" \/>\n<meta name=\"twitter:card\" content=\"summary_large_image\" \/>\n<meta name=\"twitter:label1\" content=\"Est. reading time\" \/>\n\t<meta name=\"twitter:data1\" content=\"3 minute\" \/>\n<script type=\"application\/ld+json\" class=\"yoast-schema-graph\">{\"@context\":\"https:\/\/schema.org\",\"@graph\":[{\"@type\":\"WebPage\",\"@id\":\"https:\/\/www.iskreni.net\/trgovina\/product\/mati-in-sin\/\",\"url\":\"https:\/\/www.iskreni.net\/trgovina\/product\/mati-in-sin\/\",\"name\":\"Emerson Eggerichs: Mati in sin - trgovina Iskreni\",\"isPartOf\":{\"@id\":\"https:\/\/www.iskreni.net\/trgovina\/#website\"},\"primaryImageOfPage\":{\"@id\":\"https:\/\/www.iskreni.net\/trgovina\/product\/mati-in-sin\/#primaryimage\"},\"image\":{\"@id\":\"https:\/\/www.iskreni.net\/trgovina\/product\/mati-in-sin\/#primaryimage\"},\"thumbnailUrl\":\"https:\/\/www.iskreni.net\/trgovina\/wp-content\/uploads\/2018\/03\/mati_in_sin_3_1-600x600.jpg\",\"datePublished\":\"2018-03-22T09:55:54+00:00\",\"dateModified\":\"2026-03-24T20:35:36+00:00\",\"description\":\"Nova knjiga dr. Eggerichsa, ki spregovori o spo\u0161tovanju v odnosu med materjo in sinom. \u010ce ste mati in imate sina, potem je knjiga Mati in sin prav za vas!\",\"breadcrumb\":{\"@id\":\"https:\/\/www.iskreni.net\/trgovina\/product\/mati-in-sin\/#breadcrumb\"},\"inLanguage\":\"sl-SI\",\"potentialAction\":[{\"@type\":\"ReadAction\",\"target\":[\"https:\/\/www.iskreni.net\/trgovina\/product\/mati-in-sin\/\"]}]},{\"@type\":\"ImageObject\",\"inLanguage\":\"sl-SI\",\"@id\":\"https:\/\/www.iskreni.net\/trgovina\/product\/mati-in-sin\/#primaryimage\",\"url\":\"https:\/\/www.iskreni.net\/trgovina\/wp-content\/uploads\/2018\/03\/mati_in_sin_3_1-600x600.jpg\",\"contentUrl\":\"https:\/\/www.iskreni.net\/trgovina\/wp-content\/uploads\/2018\/03\/mati_in_sin_3_1-600x600.jpg\",\"width\":600,\"height\":600},{\"@type\":\"BreadcrumbList\",\"@id\":\"https:\/\/www.iskreni.net\/trgovina\/product\/mati-in-sin\/#breadcrumb\",\"itemListElement\":[{\"@type\":\"ListItem\",\"position\":1,\"name\":\"Home\",\"item\":\"https:\/\/www.iskreni.net\/trgovina\/\"},{\"@type\":\"ListItem\",\"position\":2,\"name\":\"Trgovina\",\"item\":\"https:\/\/www.iskreni.net\/trgovina\/trgovina\/\"},{\"@type\":\"ListItem\",\"position\":3,\"name\":\"Mati in sin\"}]},{\"@type\":\"WebSite\",\"@id\":\"https:\/\/www.iskreni.net\/trgovina\/#website\",\"url\":\"https:\/\/www.iskreni.net\/trgovina\/\",\"name\":\"Zavod Iskreni\",\"description\":\"trgovina\",\"potentialAction\":[{\"@type\":\"SearchAction\",\"target\":{\"@type\":\"EntryPoint\",\"urlTemplate\":\"https:\/\/www.iskreni.net\/trgovina\/?s={search_term_string}\"},\"query-input\":{\"@type\":\"PropertyValueSpecification\",\"valueRequired\":true,\"valueName\":\"search_term_string\"}}],\"inLanguage\":\"sl-SI\"}]}<\/script>\n<!-- \/ Yoast SEO plugin. -->","yoast_head_json":{"title":"Emerson Eggerichs: Mati in sin - trgovina Iskreni","description":"Nova knjiga dr. Eggerichsa, ki spregovori o spo\u0161tovanju v odnosu med materjo in sinom. \u010ce ste mati in imate sina, potem je knjiga Mati in sin prav za vas!","robots":{"index":"index","follow":"follow","max-snippet":"max-snippet:-1","max-image-preview":"max-image-preview:large","max-video-preview":"max-video-preview:-1"},"canonical":"https:\/\/www.iskreni.net\/trgovina\/product\/mati-in-sin\/","og_locale":"sl_SI","og_type":"article","og_title":"Emerson Eggerichs: Mati in sin - trgovina Iskreni","og_description":"Nova knjiga dr. Eggerichsa, ki spregovori o spo\u0161tovanju v odnosu med materjo in sinom. \u010ce ste mati in imate sina, potem je knjiga Mati in sin prav za vas!","og_url":"https:\/\/www.iskreni.net\/trgovina\/product\/mati-in-sin\/","og_site_name":"Zavod Iskreni","article_modified_time":"2026-03-24T20:35:36+00:00","og_image":[{"width":600,"height":600,"url":"https:\/\/www.iskreni.net\/trgovina\/wp-content\/uploads\/2018\/03\/mati_in_sin_3_1-600x600.jpg","type":"image\/jpeg"}],"twitter_card":"summary_large_image","twitter_misc":{"Est. reading time":"3 minute"},"schema":{"@context":"https:\/\/schema.org","@graph":[{"@type":"WebPage","@id":"https:\/\/www.iskreni.net\/trgovina\/product\/mati-in-sin\/","url":"https:\/\/www.iskreni.net\/trgovina\/product\/mati-in-sin\/","name":"Emerson Eggerichs: Mati in sin - trgovina Iskreni","isPartOf":{"@id":"https:\/\/www.iskreni.net\/trgovina\/#website"},"primaryImageOfPage":{"@id":"https:\/\/www.iskreni.net\/trgovina\/product\/mati-in-sin\/#primaryimage"},"image":{"@id":"https:\/\/www.iskreni.net\/trgovina\/product\/mati-in-sin\/#primaryimage"},"thumbnailUrl":"https:\/\/www.iskreni.net\/trgovina\/wp-content\/uploads\/2018\/03\/mati_in_sin_3_1-600x600.jpg","datePublished":"2018-03-22T09:55:54+00:00","dateModified":"2026-03-24T20:35:36+00:00","description":"Nova knjiga dr. Eggerichsa, ki spregovori o spo\u0161tovanju v odnosu med materjo in sinom. \u010ce ste mati in imate sina, potem je knjiga Mati in sin prav za vas!","breadcrumb":{"@id":"https:\/\/www.iskreni.net\/trgovina\/product\/mati-in-sin\/#breadcrumb"},"inLanguage":"sl-SI","potentialAction":[{"@type":"ReadAction","target":["https:\/\/www.iskreni.net\/trgovina\/product\/mati-in-sin\/"]}]},{"@type":"ImageObject","inLanguage":"sl-SI","@id":"https:\/\/www.iskreni.net\/trgovina\/product\/mati-in-sin\/#primaryimage","url":"https:\/\/www.iskreni.net\/trgovina\/wp-content\/uploads\/2018\/03\/mati_in_sin_3_1-600x600.jpg","contentUrl":"https:\/\/www.iskreni.net\/trgovina\/wp-content\/uploads\/2018\/03\/mati_in_sin_3_1-600x600.jpg","width":600,"height":600},{"@type":"BreadcrumbList","@id":"https:\/\/www.iskreni.net\/trgovina\/product\/mati-in-sin\/#breadcrumb","itemListElement":[{"@type":"ListItem","position":1,"name":"Home","item":"https:\/\/www.iskreni.net\/trgovina\/"},{"@type":"ListItem","position":2,"name":"Trgovina","item":"https:\/\/www.iskreni.net\/trgovina\/trgovina\/"},{"@type":"ListItem","position":3,"name":"Mati in sin"}]},{"@type":"WebSite","@id":"https:\/\/www.iskreni.net\/trgovina\/#website","url":"https:\/\/www.iskreni.net\/trgovina\/","name":"Zavod Iskreni","description":"trgovina","potentialAction":[{"@type":"SearchAction","target":{"@type":"EntryPoint","urlTemplate":"https:\/\/www.iskreni.net\/trgovina\/?s={search_term_string}"},"query-input":{"@type":"PropertyValueSpecification","valueRequired":true,"valueName":"search_term_string"}}],"inLanguage":"sl-SI"}]}},"_links":{"self":[{"href":"https:\/\/www.iskreni.net\/trgovina\/wp-json\/wp\/v2\/product\/4279","targetHints":{"allow":["GET"]}}],"collection":[{"href":"https:\/\/www.iskreni.net\/trgovina\/wp-json\/wp\/v2\/product"}],"about":[{"href":"https:\/\/www.iskreni.net\/trgovina\/wp-json\/wp\/v2\/types\/product"}],"replies":[{"embeddable":true,"href":"https:\/\/www.iskreni.net\/trgovina\/wp-json\/wp\/v2\/comments?post=4279"}],"version-history":[{"count":4,"href":"https:\/\/www.iskreni.net\/trgovina\/wp-json\/wp\/v2\/product\/4279\/revisions"}],"predecessor-version":[{"id":56583,"href":"https:\/\/www.iskreni.net\/trgovina\/wp-json\/wp\/v2\/product\/4279\/revisions\/56583"}],"wp:featuredmedia":[{"embeddable":true,"href":"https:\/\/www.iskreni.net\/trgovina\/wp-json\/wp\/v2\/media\/4280"}],"wp:attachment":[{"href":"https:\/\/www.iskreni.net\/trgovina\/wp-json\/wp\/v2\/media?parent=4279"}],"wp:term":[{"taxonomy":"product_brand","embeddable":true,"href":"https:\/\/www.iskreni.net\/trgovina\/wp-json\/wp\/v2\/product_brand?post=4279"},{"taxonomy":"product_cat","embeddable":true,"href":"https:\/\/www.iskreni.net\/trgovina\/wp-json\/wp\/v2\/product_cat?post=4279"},{"taxonomy":"product_tag","embeddable":true,"href":"https:\/\/www.iskreni.net\/trgovina\/wp-json\/wp\/v2\/product_tag?post=4279"},{"taxonomy":"avtor","embeddable":true,"href":"https:\/\/www.iskreni.net\/trgovina\/wp-json\/wp\/v2\/avtor?post=4279"},{"taxonomy":"zalozba","embeddable":true,"href":"https:\/\/www.iskreni.net\/trgovina\/wp-json\/wp\/v2\/zalozba?post=4279"},{"taxonomy":"vezava","embeddable":true,"href":"https:\/\/www.iskreni.net\/trgovina\/wp-json\/wp\/v2\/vezava?post=4279"}],"curies":[{"name":"wp","href":"https:\/\/api.w.org\/{rel}","templated":true}]}}