{"id":4137,"date":"2018-03-01T11:00:02","date_gmt":"2018-03-01T10:00:02","guid":{"rendered":"https:\/\/www.iskreni.net\/trgovina\/product\/nepremocljiva-dvodelna-torbica-za-vlozke-s\/"},"modified":"2026-04-21T09:39:21","modified_gmt":"2026-04-21T07:39:21","slug":"nepremocljiva-dvodelna-torbica-za-vlozke-s","status":"publish","type":"product","link":"https:\/\/www.iskreni.net\/trgovina\/product\/nepremocljiva-dvodelna-torbica-za-vlozke-s\/","title":{"rendered":"Nepremo\u010dljiva dvodelna torbica za vlo\u017eke S"},"content":{"rendered":"<ul>\n<li>ima dva \u017eepa, ki se enostavno zapreta na prepogib in dodatno s pritiska\u010di<\/li>\n<li>oba \u017eepa sta iz nepremo\u010dljivega materiala, kar omogo\u010da isto\u010dasno hranjenje \u010distega in umazanega vlo\u017eka<\/li>\n<li>velikost: 17 x 11,5 cm<\/li>\n<li>velikost torbice zado\u0161\u010da za 2 vlo\u017eka<\/li>\n<li>vre\u010da ima trak za obe\u0161anje vre\u010de, ki ga lahko uporabite tudi samostojno za su\u0161enje vlo\u017ekov<\/li>\n<li>spodaj v tabeli primerjava torbic in vre\u010d iz nepremo\u010dljivega materiala:<\/li>\n<\/ul>\n<p>Material:<\/p>\n<ul>\n<li><strong>zunanja plast:\u00a0<\/strong>95 % bomba\u017e, 5 % elastan (za motiv eko je ta material ekolo\u0161ko pridelan)<\/li>\n<li><strong>notranje plasti:<\/strong>\u00a070 % bomba\u017e, 30 % poliester, poliuretanski premaz (material izdelan v Nem\u010diji in ima certifikat Oeko-Tex\u00ae Standard 100, razred 1; neprepustnost vode po DIN 208011: 3000 mm; propustnost vodne pare po DIN 53122\/klima B: pribl. 500 g\/m2d, brez PVC in formaldehida)<\/li>\n<\/ul>\n<p>Uporaba:<\/p>\n<ul>\n<li>za prena\u0161anje \u010distih in\/ali umazanih vlo\u017ekov<\/li>\n<li>umazane vlo\u017eke \u010dimprej dati iz vre\u010de v mrzlo vodo<\/li>\n<\/ul>\n<p>Primerno za pranje pri 95 \u00b0C.<\/p>\n<p>Izdelano v Sloveniji.<\/p>\n","protected":false},"excerpt":{"rendered":"<div class=\"lead\">\n<p>Za prena\u0161anje ali hranjenje \u010distih in umazanih vlo\u017ekov&#8230; Primerna tudi za kopalke!<\/p>\n<\/div>\n<p>&nbsp;<\/p>\n<p>&nbsp;<\/p>\n","protected":false},"featured_media":7516,"comment_status":"open","ping_status":"closed","template":"","meta":[],"product_brand":[],"product_cat":[83,956],"product_tag":[],"avtor":[],"zalozba":[],"vezava":[],"class_list":{"0":"post-4137","1":"product","2":"type-product","3":"status-publish","4":"has-post-thumbnail","6":"product_cat-izdelki-za-menstruacijo","7":"product_cat-dodatki-izdelki-za-menstruacijo","9":"first","10":"instock","11":"taxable","12":"shipping-taxable","13":"purchasable","14":"product-type-simple"},"yoast_head":"<!-- This site is optimized with the Yoast SEO plugin v26.3 - https:\/\/yoast.com\/wordpress\/plugins\/seo\/ -->\n<title>Nepremo\u010dljiva dvodelna torbica za vlo\u017eke S - trgovina Iskreni<\/title>\n<meta name=\"description\" content=\"Nepremo\u010dljiva dvodelna torbica za vlo\u017eke S je namenjena prena\u0161anje ali hranjenje \u010distih in umazanih vlo\u017ekov ... Primerna tudi za kopalke!\" \/>\n<meta name=\"robots\" content=\"index, follow, max-snippet:-1, max-image-preview:large, max-video-preview:-1\" \/>\n<link rel=\"canonical\" href=\"https:\/\/www.iskreni.net\/trgovina\/product\/nepremocljiva-dvodelna-torbica-za-vlozke-s\/\" \/>\n<meta property=\"og:locale\" content=\"sl_SI\" \/>\n<meta property=\"og:type\" content=\"article\" \/>\n<meta property=\"og:title\" content=\"Nepremo\u010dljiva dvodelna torbica za vlo\u017eke S - trgovina Iskreni\" \/>\n<meta property=\"og:description\" content=\"Nepremo\u010dljiva dvodelna torbica za vlo\u017eke S je namenjena prena\u0161anje ali hranjenje \u010distih in umazanih vlo\u017ekov ... Primerna tudi za kopalke!\" \/>\n<meta property=\"og:url\" content=\"https:\/\/www.iskreni.net\/trgovina\/product\/nepremocljiva-dvodelna-torbica-za-vlozke-s\/\" \/>\n<meta property=\"og:site_name\" content=\"Zavod Iskreni\" \/>\n<meta property=\"article:modified_time\" content=\"2026-04-21T07:39:21+00:00\" \/>\n<meta property=\"og:image\" content=\"https:\/\/www.iskreni.net\/trgovina\/wp-content\/uploads\/2020\/03\/686-456-img_7996_clipped_rev_1-535d1fb1da142e3d.jpeg\" \/>\n\t<meta property=\"og:image:width\" content=\"505\" \/>\n\t<meta property=\"og:image:height\" content=\"370\" \/>\n\t<meta property=\"og:image:type\" content=\"image\/jpeg\" \/>\n<meta name=\"twitter:card\" content=\"summary_large_image\" \/>\n<meta name=\"twitter:label1\" content=\"Est. reading time\" \/>\n\t<meta name=\"twitter:data1\" content=\"2 minuti\" \/>\n<script type=\"application\/ld+json\" class=\"yoast-schema-graph\">{\"@context\":\"https:\/\/schema.org\",\"@graph\":[{\"@type\":\"WebPage\",\"@id\":\"https:\/\/www.iskreni.net\/trgovina\/product\/nepremocljiva-dvodelna-torbica-za-vlozke-s\/\",\"url\":\"https:\/\/www.iskreni.net\/trgovina\/product\/nepremocljiva-dvodelna-torbica-za-vlozke-s\/\",\"name\":\"Nepremo\u010dljiva dvodelna torbica za vlo\u017eke S - trgovina Iskreni\",\"isPartOf\":{\"@id\":\"https:\/\/www.iskreni.net\/trgovina\/#website\"},\"primaryImageOfPage\":{\"@id\":\"https:\/\/www.iskreni.net\/trgovina\/product\/nepremocljiva-dvodelna-torbica-za-vlozke-s\/#primaryimage\"},\"image\":{\"@id\":\"https:\/\/www.iskreni.net\/trgovina\/product\/nepremocljiva-dvodelna-torbica-za-vlozke-s\/#primaryimage\"},\"thumbnailUrl\":\"https:\/\/www.iskreni.net\/trgovina\/wp-content\/uploads\/2020\/03\/686-456-img_7996_clipped_rev_1-535d1fb1da142e3d.jpeg\",\"datePublished\":\"2018-03-01T10:00:02+00:00\",\"dateModified\":\"2026-04-21T07:39:21+00:00\",\"description\":\"Nepremo\u010dljiva dvodelna torbica za vlo\u017eke S je namenjena prena\u0161anje ali hranjenje \u010distih in umazanih vlo\u017ekov ... Primerna tudi za kopalke!\",\"breadcrumb\":{\"@id\":\"https:\/\/www.iskreni.net\/trgovina\/product\/nepremocljiva-dvodelna-torbica-za-vlozke-s\/#breadcrumb\"},\"inLanguage\":\"sl-SI\",\"potentialAction\":[{\"@type\":\"ReadAction\",\"target\":[\"https:\/\/www.iskreni.net\/trgovina\/product\/nepremocljiva-dvodelna-torbica-za-vlozke-s\/\"]}]},{\"@type\":\"ImageObject\",\"inLanguage\":\"sl-SI\",\"@id\":\"https:\/\/www.iskreni.net\/trgovina\/product\/nepremocljiva-dvodelna-torbica-za-vlozke-s\/#primaryimage\",\"url\":\"https:\/\/www.iskreni.net\/trgovina\/wp-content\/uploads\/2020\/03\/686-456-img_7996_clipped_rev_1-535d1fb1da142e3d.jpeg\",\"contentUrl\":\"https:\/\/www.iskreni.net\/trgovina\/wp-content\/uploads\/2020\/03\/686-456-img_7996_clipped_rev_1-535d1fb1da142e3d.jpeg\",\"width\":505,\"height\":370,\"caption\":\"dvodelna torbica S\"},{\"@type\":\"BreadcrumbList\",\"@id\":\"https:\/\/www.iskreni.net\/trgovina\/product\/nepremocljiva-dvodelna-torbica-za-vlozke-s\/#breadcrumb\",\"itemListElement\":[{\"@type\":\"ListItem\",\"position\":1,\"name\":\"Home\",\"item\":\"https:\/\/www.iskreni.net\/trgovina\/\"},{\"@type\":\"ListItem\",\"position\":2,\"name\":\"Trgovina\",\"item\":\"https:\/\/www.iskreni.net\/trgovina\/trgovina\/\"},{\"@type\":\"ListItem\",\"position\":3,\"name\":\"Nepremo\u010dljiva dvodelna torbica za vlo\u017eke S\"}]},{\"@type\":\"WebSite\",\"@id\":\"https:\/\/www.iskreni.net\/trgovina\/#website\",\"url\":\"https:\/\/www.iskreni.net\/trgovina\/\",\"name\":\"Zavod Iskreni\",\"description\":\"trgovina\",\"potentialAction\":[{\"@type\":\"SearchAction\",\"target\":{\"@type\":\"EntryPoint\",\"urlTemplate\":\"https:\/\/www.iskreni.net\/trgovina\/?s={search_term_string}\"},\"query-input\":{\"@type\":\"PropertyValueSpecification\",\"valueRequired\":true,\"valueName\":\"search_term_string\"}}],\"inLanguage\":\"sl-SI\"}]}<\/script>\n<!-- \/ Yoast SEO plugin. -->","yoast_head_json":{"title":"Nepremo\u010dljiva dvodelna torbica za vlo\u017eke S - trgovina Iskreni","description":"Nepremo\u010dljiva dvodelna torbica za vlo\u017eke S je namenjena prena\u0161anje ali hranjenje \u010distih in umazanih vlo\u017ekov ... Primerna tudi za kopalke!","robots":{"index":"index","follow":"follow","max-snippet":"max-snippet:-1","max-image-preview":"max-image-preview:large","max-video-preview":"max-video-preview:-1"},"canonical":"https:\/\/www.iskreni.net\/trgovina\/product\/nepremocljiva-dvodelna-torbica-za-vlozke-s\/","og_locale":"sl_SI","og_type":"article","og_title":"Nepremo\u010dljiva dvodelna torbica za vlo\u017eke S - trgovina Iskreni","og_description":"Nepremo\u010dljiva dvodelna torbica za vlo\u017eke S je namenjena prena\u0161anje ali hranjenje \u010distih in umazanih vlo\u017ekov ... Primerna tudi za kopalke!","og_url":"https:\/\/www.iskreni.net\/trgovina\/product\/nepremocljiva-dvodelna-torbica-za-vlozke-s\/","og_site_name":"Zavod Iskreni","article_modified_time":"2026-04-21T07:39:21+00:00","og_image":[{"width":505,"height":370,"url":"https:\/\/www.iskreni.net\/trgovina\/wp-content\/uploads\/2020\/03\/686-456-img_7996_clipped_rev_1-535d1fb1da142e3d.jpeg","type":"image\/jpeg"}],"twitter_card":"summary_large_image","twitter_misc":{"Est. reading time":"2 minuti"},"schema":{"@context":"https:\/\/schema.org","@graph":[{"@type":"WebPage","@id":"https:\/\/www.iskreni.net\/trgovina\/product\/nepremocljiva-dvodelna-torbica-za-vlozke-s\/","url":"https:\/\/www.iskreni.net\/trgovina\/product\/nepremocljiva-dvodelna-torbica-za-vlozke-s\/","name":"Nepremo\u010dljiva dvodelna torbica za vlo\u017eke S - trgovina Iskreni","isPartOf":{"@id":"https:\/\/www.iskreni.net\/trgovina\/#website"},"primaryImageOfPage":{"@id":"https:\/\/www.iskreni.net\/trgovina\/product\/nepremocljiva-dvodelna-torbica-za-vlozke-s\/#primaryimage"},"image":{"@id":"https:\/\/www.iskreni.net\/trgovina\/product\/nepremocljiva-dvodelna-torbica-za-vlozke-s\/#primaryimage"},"thumbnailUrl":"https:\/\/www.iskreni.net\/trgovina\/wp-content\/uploads\/2020\/03\/686-456-img_7996_clipped_rev_1-535d1fb1da142e3d.jpeg","datePublished":"2018-03-01T10:00:02+00:00","dateModified":"2026-04-21T07:39:21+00:00","description":"Nepremo\u010dljiva dvodelna torbica za vlo\u017eke S je namenjena prena\u0161anje ali hranjenje \u010distih in umazanih vlo\u017ekov ... Primerna tudi za kopalke!","breadcrumb":{"@id":"https:\/\/www.iskreni.net\/trgovina\/product\/nepremocljiva-dvodelna-torbica-za-vlozke-s\/#breadcrumb"},"inLanguage":"sl-SI","potentialAction":[{"@type":"ReadAction","target":["https:\/\/www.iskreni.net\/trgovina\/product\/nepremocljiva-dvodelna-torbica-za-vlozke-s\/"]}]},{"@type":"ImageObject","inLanguage":"sl-SI","@id":"https:\/\/www.iskreni.net\/trgovina\/product\/nepremocljiva-dvodelna-torbica-za-vlozke-s\/#primaryimage","url":"https:\/\/www.iskreni.net\/trgovina\/wp-content\/uploads\/2020\/03\/686-456-img_7996_clipped_rev_1-535d1fb1da142e3d.jpeg","contentUrl":"https:\/\/www.iskreni.net\/trgovina\/wp-content\/uploads\/2020\/03\/686-456-img_7996_clipped_rev_1-535d1fb1da142e3d.jpeg","width":505,"height":370,"caption":"dvodelna torbica S"},{"@type":"BreadcrumbList","@id":"https:\/\/www.iskreni.net\/trgovina\/product\/nepremocljiva-dvodelna-torbica-za-vlozke-s\/#breadcrumb","itemListElement":[{"@type":"ListItem","position":1,"name":"Home","item":"https:\/\/www.iskreni.net\/trgovina\/"},{"@type":"ListItem","position":2,"name":"Trgovina","item":"https:\/\/www.iskreni.net\/trgovina\/trgovina\/"},{"@type":"ListItem","position":3,"name":"Nepremo\u010dljiva dvodelna torbica za vlo\u017eke S"}]},{"@type":"WebSite","@id":"https:\/\/www.iskreni.net\/trgovina\/#website","url":"https:\/\/www.iskreni.net\/trgovina\/","name":"Zavod Iskreni","description":"trgovina","potentialAction":[{"@type":"SearchAction","target":{"@type":"EntryPoint","urlTemplate":"https:\/\/www.iskreni.net\/trgovina\/?s={search_term_string}"},"query-input":{"@type":"PropertyValueSpecification","valueRequired":true,"valueName":"search_term_string"}}],"inLanguage":"sl-SI"}]}},"_links":{"self":[{"href":"https:\/\/www.iskreni.net\/trgovina\/wp-json\/wp\/v2\/product\/4137","targetHints":{"allow":["GET"]}}],"collection":[{"href":"https:\/\/www.iskreni.net\/trgovina\/wp-json\/wp\/v2\/product"}],"about":[{"href":"https:\/\/www.iskreni.net\/trgovina\/wp-json\/wp\/v2\/types\/product"}],"replies":[{"embeddable":true,"href":"https:\/\/www.iskreni.net\/trgovina\/wp-json\/wp\/v2\/comments?post=4137"}],"version-history":[{"count":3,"href":"https:\/\/www.iskreni.net\/trgovina\/wp-json\/wp\/v2\/product\/4137\/revisions"}],"predecessor-version":[{"id":64909,"href":"https:\/\/www.iskreni.net\/trgovina\/wp-json\/wp\/v2\/product\/4137\/revisions\/64909"}],"wp:featuredmedia":[{"embeddable":true,"href":"https:\/\/www.iskreni.net\/trgovina\/wp-json\/wp\/v2\/media\/7516"}],"wp:attachment":[{"href":"https:\/\/www.iskreni.net\/trgovina\/wp-json\/wp\/v2\/media?parent=4137"}],"wp:term":[{"taxonomy":"product_brand","embeddable":true,"href":"https:\/\/www.iskreni.net\/trgovina\/wp-json\/wp\/v2\/product_brand?post=4137"},{"taxonomy":"product_cat","embeddable":true,"href":"https:\/\/www.iskreni.net\/trgovina\/wp-json\/wp\/v2\/product_cat?post=4137"},{"taxonomy":"product_tag","embeddable":true,"href":"https:\/\/www.iskreni.net\/trgovina\/wp-json\/wp\/v2\/product_tag?post=4137"},{"taxonomy":"avtor","embeddable":true,"href":"https:\/\/www.iskreni.net\/trgovina\/wp-json\/wp\/v2\/avtor?post=4137"},{"taxonomy":"zalozba","embeddable":true,"href":"https:\/\/www.iskreni.net\/trgovina\/wp-json\/wp\/v2\/zalozba?post=4137"},{"taxonomy":"vezava","embeddable":true,"href":"https:\/\/www.iskreni.net\/trgovina\/wp-json\/wp\/v2\/vezava?post=4137"}],"curies":[{"name":"wp","href":"https:\/\/api.w.org\/{rel}","templated":true}]}}