{"id":41050,"date":"2021-05-08T05:55:53","date_gmt":"2021-05-08T03:55:53","guid":{"rendered":"https:\/\/www.iskreni.net\/trgovina\/?post_type=product&#038;p=41050"},"modified":"2023-10-19T10:59:28","modified_gmt":"2023-10-19T08:59:28","slug":"velika-knjiga-babic-in-dedkov","status":"publish","type":"product","link":"https:\/\/www.iskreni.net\/trgovina\/product\/velika-knjiga-babic-in-dedkov\/","title":{"rendered":"Velika knjiga babic in dedkov"},"content":{"rendered":"<h3>O knjigi<\/h3>\n<p>Kako postanemo super babice in super dedki?<\/p>\n<p>Priro\u010dnik za vse stare star\u0161e in tiste, ki boste to \u0161ele postali. Obogaten z interaktivnimi deli, kamor dopi\u0161emo svoje izku\u0161nje in nalepimo lastne fotografije, postane na\u0161 individualizirani dnevnik neprecenljive \u017eivljenjske izku\u0161nje, ki bo duhovno bogata, hkrati pa tudi zelo zabavna. S subtilno merico humorja in \u010dlove\u0161kosti je Velika knjiga babic in dedkov nepogre\u0161ljiv sopotnik ob na\u0161i novi, vznemirljivi vlogi starih star\u0161ev.<\/p>\n<p>Svet, ki postaja vse hitrej\u0161i in vse bolj tehnolo\u0161ki, je klju\u010dno spremenil ne samo vlogo, temve\u010d tudi podobo starih star\u0161ev. \u010ce smo jih \u0161e pred nekaj desetletji do\u017eivljali kot zelo stereotipne ostarele, danes stari star\u0161i velikokrat postanemo, ko smo \u0161e povsem vitalni, \u017eivljenjsko aktivni posamezniki. Knjiga, ki bi prav lahko nosila naslov Kako postanemo super stari star\u0161i, nas popelje od pri\u010dakovanja prvega vnuka do takrat, ko so vnu\u010dki \u017ee starej\u0161i in ne potrebujejo ve\u010d primarne nege, pa\u010d pa tudi zaveznika v igri in odra\u0161\u010danju! Zaveznica postane tudi pri\u010dujo\u010da knjiga \u2013 pomislite namre\u010d, koliko materiala je spisanega o star\u0161evstvu, koliko te\u010dajev in digitalnih vsebin, ki nas u\u010dijo, kako postati dobri star\u0161i. Zakaj naj bi bilo ob tem povsem samoumevno, da vsi znamo biti tudi dobri stari star\u0161i?<\/p>\n<p>Knjiga se dotakne \u0161tevilnih tem, s katerimi se sre\u010dajo stari star\u0161i: igra, prehrana, odnosi s snaho in z zetom \u2026 Opozarja nas na meje, ki jih zavoljo dobrih odnosov ne smemo prekora\u010diti, obenem pa na skrite pribolj\u0161ke, ki pa jih vnu\u010dku vendarle lahko namenimo. \u010cudovito branje za vse, celo za dedke in babice, ki se s svojimi vnu\u010dki sre\u010dujejo samo \u00bbna daljavo\u00ab, \u010de denimo \u017eivijo v drugi dr\u017eavi. Kon\u010dno lahko zares razumemo, da \u00bbna daljavo\u00ab ne pomeni tudi \u00bbdale\u010d od srca\u00ab. Ob pridnem izpolnjevanju vseh interaktivnih delov priro\u010dnika pa bo knjiga ostala tudi kot \u010dudovit spomin za vnu\u010dka, ko ta nekoliko odraste.<\/p>\n<h3>O avtorici<\/h3>\n<p>Annalisa Pomilo (1956) je napisala ve\u010d knjig za otroke (in tudi tiste, ki niso ve\u010d otroci), sodeluje z nekaterimi revijami in dela na podro\u010dju mladinskega zalo\u017eni\u0161tva, kjer je zadol\u017eena predvsem za \u0161olske knjige.<br \/>\nJe avtorica italijanskega spleti\u0161\u010da Noi Nonni, ki je namenjeno starim star\u0161em in dru\u017einam. Spletna stran je do\u017eivela velik uspeh in je postala spletni &#8220;glasnik&#8221; mnogih babic in dedkov, ki se tam sre\u010dujejo ter si izmenjujejo mnenja in izku\u0161nje; tistih dedkov in babic, ki so dejavni in se zavedajo svoje vloge, sedaj tako druga\u010dne od vloge njihovih starih star\u0161ev. To jih postavlja za &#8220;steber&#8221; v dru\u017eini in jim pomaga pri skrbi za vnuke.<\/p>\n<h3>O ilustratorki<\/h3>\n<p>Natalia Berezina je ruska ilustratorka in grafi\u010dna oblikovalka, \u0161tudentka Akademije za vizualne umetnosti AVA. Zaklju\u010dila je moskovsko fakulteto za dizajn in vrsto let opravljala poklic razvojne mened\u017eerke. Leta 2014 se je odlo\u010dila za korenito spremembo in se povsem posvetila razvijanju svojega skritega talenta &#8211; risanja. \u017divi in ustvarja v Ljubljani.<\/p>\n<p>&nbsp;<\/p>\n","protected":false},"excerpt":{"rendered":"<p><strong>Ilustracije: <\/strong>Natalia Berezina<strong><br \/>\nPrevod:<\/strong> Mateja Gomboc<br \/>\n<strong>\u0160tevilo strani:<\/strong> 228<br \/>\n<strong>Leto izdaje:<\/strong> 2021<\/p>\n<p>Nasveti, ideje in dejavnosti, ki jih lahko po\u010dnete z vnu\u010dki.<\/p>\n","protected":false},"featured_media":41056,"comment_status":"open","ping_status":"closed","template":"","meta":[],"product_brand":[],"product_cat":[2322,2323,63],"product_tag":[],"avtor":[2477],"zalozba":[2337],"vezava":[2307],"class_list":{"0":"post-41050","1":"product","2":"type-product","3":"status-publish","4":"has-post-thumbnail","6":"product_cat-druzina-in-odnosi","7":"product_cat-vzgoja","8":"product_cat-knjige","9":"avtor-annalisa-pomilio","10":"zalozba-celjska-mohorjeva-druzba","11":"vezava-mehka","13":"first","14":"instock","15":"taxable","16":"shipping-taxable","17":"purchasable","18":"product-type-simple"},"yoast_head":"<!-- This site is optimized with the Yoast SEO plugin v26.3 - https:\/\/yoast.com\/wordpress\/plugins\/seo\/ -->\n<title>Velika knjiga babic in dedkov - nasveti, ideje in dejavnosti za \u010das z vnu\u010dki<\/title>\n<meta name=\"description\" content=\"Nasveti, ideje in dejavnosti, ki jih lahko po\u010dnete z vnu\u010dki. Priro\u010dnik za vse stare star\u0161e in tiste, ki boste to \u0161ele postali.\" \/>\n<meta name=\"robots\" content=\"index, follow, max-snippet:-1, max-image-preview:large, max-video-preview:-1\" \/>\n<link rel=\"canonical\" href=\"https:\/\/www.iskreni.net\/trgovina\/product\/velika-knjiga-babic-in-dedkov\/\" \/>\n<meta property=\"og:locale\" content=\"sl_SI\" \/>\n<meta property=\"og:type\" content=\"article\" \/>\n<meta property=\"og:title\" content=\"Velika knjiga babic in dedkov - nasveti, ideje in dejavnosti za \u010das z vnu\u010dki\" \/>\n<meta property=\"og:description\" content=\"Nasveti, ideje in dejavnosti, ki jih lahko po\u010dnete z vnu\u010dki. Priro\u010dnik za vse stare star\u0161e in tiste, ki boste to \u0161ele postali.\" \/>\n<meta property=\"og:url\" content=\"https:\/\/www.iskreni.net\/trgovina\/product\/velika-knjiga-babic-in-dedkov\/\" \/>\n<meta property=\"og:site_name\" content=\"Zavod Iskreni\" \/>\n<meta property=\"article:modified_time\" content=\"2023-10-19T08:59:28+00:00\" \/>\n<meta property=\"og:image\" content=\"https:\/\/www.iskreni.net\/trgovina\/wp-content\/uploads\/2021\/05\/Velika-knjiga-babic-in-dedkov.jpg\" \/>\n\t<meta property=\"og:image:width\" content=\"600\" \/>\n\t<meta property=\"og:image:height\" content=\"600\" \/>\n\t<meta property=\"og:image:type\" content=\"image\/jpeg\" \/>\n<meta name=\"twitter:card\" content=\"summary_large_image\" \/>\n<meta name=\"twitter:label1\" content=\"Est. reading time\" \/>\n\t<meta name=\"twitter:data1\" content=\"3 minute\" \/>\n<script type=\"application\/ld+json\" class=\"yoast-schema-graph\">{\"@context\":\"https:\/\/schema.org\",\"@graph\":[{\"@type\":\"WebPage\",\"@id\":\"https:\/\/www.iskreni.net\/trgovina\/product\/velika-knjiga-babic-in-dedkov\/\",\"url\":\"https:\/\/www.iskreni.net\/trgovina\/product\/velika-knjiga-babic-in-dedkov\/\",\"name\":\"Velika knjiga babic in dedkov - nasveti, ideje in dejavnosti za \u010das z vnu\u010dki\",\"isPartOf\":{\"@id\":\"https:\/\/www.iskreni.net\/trgovina\/#website\"},\"primaryImageOfPage\":{\"@id\":\"https:\/\/www.iskreni.net\/trgovina\/product\/velika-knjiga-babic-in-dedkov\/#primaryimage\"},\"image\":{\"@id\":\"https:\/\/www.iskreni.net\/trgovina\/product\/velika-knjiga-babic-in-dedkov\/#primaryimage\"},\"thumbnailUrl\":\"https:\/\/www.iskreni.net\/trgovina\/wp-content\/uploads\/2021\/05\/Velika-knjiga-babic-in-dedkov.jpg\",\"datePublished\":\"2021-05-08T03:55:53+00:00\",\"dateModified\":\"2023-10-19T08:59:28+00:00\",\"description\":\"Nasveti, ideje in dejavnosti, ki jih lahko po\u010dnete z vnu\u010dki. Priro\u010dnik za vse stare star\u0161e in tiste, ki boste to \u0161ele postali.\",\"breadcrumb\":{\"@id\":\"https:\/\/www.iskreni.net\/trgovina\/product\/velika-knjiga-babic-in-dedkov\/#breadcrumb\"},\"inLanguage\":\"sl-SI\",\"potentialAction\":[{\"@type\":\"ReadAction\",\"target\":[\"https:\/\/www.iskreni.net\/trgovina\/product\/velika-knjiga-babic-in-dedkov\/\"]}]},{\"@type\":\"ImageObject\",\"inLanguage\":\"sl-SI\",\"@id\":\"https:\/\/www.iskreni.net\/trgovina\/product\/velika-knjiga-babic-in-dedkov\/#primaryimage\",\"url\":\"https:\/\/www.iskreni.net\/trgovina\/wp-content\/uploads\/2021\/05\/Velika-knjiga-babic-in-dedkov.jpg\",\"contentUrl\":\"https:\/\/www.iskreni.net\/trgovina\/wp-content\/uploads\/2021\/05\/Velika-knjiga-babic-in-dedkov.jpg\",\"width\":600,\"height\":600},{\"@type\":\"BreadcrumbList\",\"@id\":\"https:\/\/www.iskreni.net\/trgovina\/product\/velika-knjiga-babic-in-dedkov\/#breadcrumb\",\"itemListElement\":[{\"@type\":\"ListItem\",\"position\":1,\"name\":\"Home\",\"item\":\"https:\/\/www.iskreni.net\/trgovina\/\"},{\"@type\":\"ListItem\",\"position\":2,\"name\":\"Trgovina\",\"item\":\"https:\/\/www.iskreni.net\/trgovina\/trgovina\/\"},{\"@type\":\"ListItem\",\"position\":3,\"name\":\"Velika knjiga babic in dedkov\"}]},{\"@type\":\"WebSite\",\"@id\":\"https:\/\/www.iskreni.net\/trgovina\/#website\",\"url\":\"https:\/\/www.iskreni.net\/trgovina\/\",\"name\":\"Zavod Iskreni\",\"description\":\"trgovina\",\"potentialAction\":[{\"@type\":\"SearchAction\",\"target\":{\"@type\":\"EntryPoint\",\"urlTemplate\":\"https:\/\/www.iskreni.net\/trgovina\/?s={search_term_string}\"},\"query-input\":{\"@type\":\"PropertyValueSpecification\",\"valueRequired\":true,\"valueName\":\"search_term_string\"}}],\"inLanguage\":\"sl-SI\"}]}<\/script>\n<!-- \/ Yoast SEO plugin. -->","yoast_head_json":{"title":"Velika knjiga babic in dedkov - nasveti, ideje in dejavnosti za \u010das z vnu\u010dki","description":"Nasveti, ideje in dejavnosti, ki jih lahko po\u010dnete z vnu\u010dki. Priro\u010dnik za vse stare star\u0161e in tiste, ki boste to \u0161ele postali.","robots":{"index":"index","follow":"follow","max-snippet":"max-snippet:-1","max-image-preview":"max-image-preview:large","max-video-preview":"max-video-preview:-1"},"canonical":"https:\/\/www.iskreni.net\/trgovina\/product\/velika-knjiga-babic-in-dedkov\/","og_locale":"sl_SI","og_type":"article","og_title":"Velika knjiga babic in dedkov - nasveti, ideje in dejavnosti za \u010das z vnu\u010dki","og_description":"Nasveti, ideje in dejavnosti, ki jih lahko po\u010dnete z vnu\u010dki. Priro\u010dnik za vse stare star\u0161e in tiste, ki boste to \u0161ele postali.","og_url":"https:\/\/www.iskreni.net\/trgovina\/product\/velika-knjiga-babic-in-dedkov\/","og_site_name":"Zavod Iskreni","article_modified_time":"2023-10-19T08:59:28+00:00","og_image":[{"width":600,"height":600,"url":"https:\/\/www.iskreni.net\/trgovina\/wp-content\/uploads\/2021\/05\/Velika-knjiga-babic-in-dedkov.jpg","type":"image\/jpeg"}],"twitter_card":"summary_large_image","twitter_misc":{"Est. reading time":"3 minute"},"schema":{"@context":"https:\/\/schema.org","@graph":[{"@type":"WebPage","@id":"https:\/\/www.iskreni.net\/trgovina\/product\/velika-knjiga-babic-in-dedkov\/","url":"https:\/\/www.iskreni.net\/trgovina\/product\/velika-knjiga-babic-in-dedkov\/","name":"Velika knjiga babic in dedkov - nasveti, ideje in dejavnosti za \u010das z vnu\u010dki","isPartOf":{"@id":"https:\/\/www.iskreni.net\/trgovina\/#website"},"primaryImageOfPage":{"@id":"https:\/\/www.iskreni.net\/trgovina\/product\/velika-knjiga-babic-in-dedkov\/#primaryimage"},"image":{"@id":"https:\/\/www.iskreni.net\/trgovina\/product\/velika-knjiga-babic-in-dedkov\/#primaryimage"},"thumbnailUrl":"https:\/\/www.iskreni.net\/trgovina\/wp-content\/uploads\/2021\/05\/Velika-knjiga-babic-in-dedkov.jpg","datePublished":"2021-05-08T03:55:53+00:00","dateModified":"2023-10-19T08:59:28+00:00","description":"Nasveti, ideje in dejavnosti, ki jih lahko po\u010dnete z vnu\u010dki. Priro\u010dnik za vse stare star\u0161e in tiste, ki boste to \u0161ele postali.","breadcrumb":{"@id":"https:\/\/www.iskreni.net\/trgovina\/product\/velika-knjiga-babic-in-dedkov\/#breadcrumb"},"inLanguage":"sl-SI","potentialAction":[{"@type":"ReadAction","target":["https:\/\/www.iskreni.net\/trgovina\/product\/velika-knjiga-babic-in-dedkov\/"]}]},{"@type":"ImageObject","inLanguage":"sl-SI","@id":"https:\/\/www.iskreni.net\/trgovina\/product\/velika-knjiga-babic-in-dedkov\/#primaryimage","url":"https:\/\/www.iskreni.net\/trgovina\/wp-content\/uploads\/2021\/05\/Velika-knjiga-babic-in-dedkov.jpg","contentUrl":"https:\/\/www.iskreni.net\/trgovina\/wp-content\/uploads\/2021\/05\/Velika-knjiga-babic-in-dedkov.jpg","width":600,"height":600},{"@type":"BreadcrumbList","@id":"https:\/\/www.iskreni.net\/trgovina\/product\/velika-knjiga-babic-in-dedkov\/#breadcrumb","itemListElement":[{"@type":"ListItem","position":1,"name":"Home","item":"https:\/\/www.iskreni.net\/trgovina\/"},{"@type":"ListItem","position":2,"name":"Trgovina","item":"https:\/\/www.iskreni.net\/trgovina\/trgovina\/"},{"@type":"ListItem","position":3,"name":"Velika knjiga babic in dedkov"}]},{"@type":"WebSite","@id":"https:\/\/www.iskreni.net\/trgovina\/#website","url":"https:\/\/www.iskreni.net\/trgovina\/","name":"Zavod Iskreni","description":"trgovina","potentialAction":[{"@type":"SearchAction","target":{"@type":"EntryPoint","urlTemplate":"https:\/\/www.iskreni.net\/trgovina\/?s={search_term_string}"},"query-input":{"@type":"PropertyValueSpecification","valueRequired":true,"valueName":"search_term_string"}}],"inLanguage":"sl-SI"}]}},"_links":{"self":[{"href":"https:\/\/www.iskreni.net\/trgovina\/wp-json\/wp\/v2\/product\/41050","targetHints":{"allow":["GET"]}}],"collection":[{"href":"https:\/\/www.iskreni.net\/trgovina\/wp-json\/wp\/v2\/product"}],"about":[{"href":"https:\/\/www.iskreni.net\/trgovina\/wp-json\/wp\/v2\/types\/product"}],"replies":[{"embeddable":true,"href":"https:\/\/www.iskreni.net\/trgovina\/wp-json\/wp\/v2\/comments?post=41050"}],"version-history":[{"count":3,"href":"https:\/\/www.iskreni.net\/trgovina\/wp-json\/wp\/v2\/product\/41050\/revisions"}],"predecessor-version":[{"id":70074,"href":"https:\/\/www.iskreni.net\/trgovina\/wp-json\/wp\/v2\/product\/41050\/revisions\/70074"}],"wp:featuredmedia":[{"embeddable":true,"href":"https:\/\/www.iskreni.net\/trgovina\/wp-json\/wp\/v2\/media\/41056"}],"wp:attachment":[{"href":"https:\/\/www.iskreni.net\/trgovina\/wp-json\/wp\/v2\/media?parent=41050"}],"wp:term":[{"taxonomy":"product_brand","embeddable":true,"href":"https:\/\/www.iskreni.net\/trgovina\/wp-json\/wp\/v2\/product_brand?post=41050"},{"taxonomy":"product_cat","embeddable":true,"href":"https:\/\/www.iskreni.net\/trgovina\/wp-json\/wp\/v2\/product_cat?post=41050"},{"taxonomy":"product_tag","embeddable":true,"href":"https:\/\/www.iskreni.net\/trgovina\/wp-json\/wp\/v2\/product_tag?post=41050"},{"taxonomy":"avtor","embeddable":true,"href":"https:\/\/www.iskreni.net\/trgovina\/wp-json\/wp\/v2\/avtor?post=41050"},{"taxonomy":"zalozba","embeddable":true,"href":"https:\/\/www.iskreni.net\/trgovina\/wp-json\/wp\/v2\/zalozba?post=41050"},{"taxonomy":"vezava","embeddable":true,"href":"https:\/\/www.iskreni.net\/trgovina\/wp-json\/wp\/v2\/vezava?post=41050"}],"curies":[{"name":"wp","href":"https:\/\/api.w.org\/{rel}","templated":true}]}}