{"id":40215,"date":"2021-04-08T15:53:46","date_gmt":"2021-04-08T13:53:46","guid":{"rendered":"https:\/\/www.iskreni.net\/trgovina\/?post_type=product&#038;p=40215"},"modified":"2024-01-18T10:12:50","modified_gmt":"2024-01-18T09:12:50","slug":"epidemija-pametnih-telefonov","status":"publish","type":"product","link":"https:\/\/www.iskreni.net\/trgovina\/product\/epidemija-pametnih-telefonov\/","title":{"rendered":"Epidemija pametnih telefonov"},"content":{"rendered":"<div class=\"module clearfix\">\n<section class=\"magazine_single\">\n<article>\n<div class=\"article-content\"><span style=\"color: #2f2f2f;\">Pametni telefoni so v preteklem desetletju mo\u010dno spremenili \u017eivljenje za skoraj \u0161tiri milijarde ljudi. Ve\u010dina ljudi vidi v tem tehni\u010dnem izumu predvsem pozitivne u\u010dinke, saj si komaj kdo lahko \u0161e predstavlja \u017eivljenje brez teh malih \u201e\u010dude\u017enih\u201c naprav. <\/span><span style=\"color: #2f2f2f;\">Le redki opozarjajo na negativne posledice prekomernega uporabljanja pametnih telefonov zlasti za otroke in mladino. <\/span><\/div>\n<div><\/div>\n<div class=\"article-content\"><span style=\"color: #2f2f2f;\">Manfred Spitzer v svoji knjigi s pomo\u010djo znanstvenih raziskav dokazuje, da nebrzdano uporabljanje pametnih telefonov \u0161koduje zdravju, ovira izobra\u017eevanje otrok in mladine ter ima hude posledice tudi za na\u0161o dru\u017ebo. Kriti\u010dno raz\u010dlenjuje tako imenovano \u00bbdigitalizacijo\u00ab, ki ima, kakor vsak pojav, tudi slabe posledice, v tem primeru zlasti za na\u0161e otroke in mladostnike.<\/span><\/div>\n<\/article>\n<\/section>\n<\/div>\n","protected":false},"excerpt":{"rendered":"<p><strong>Prevod:<\/strong> Ale\u0161 U\u010dakar<br \/>\n<strong>\u0160tevilo strani:<\/strong> 264<br \/>\n<strong>Velikost:<\/strong> 150 x 220 mm<br \/>\n<strong>Leto izdaje:<\/strong> 2021<\/p>\n<p><b>Nevarnosti za zdravje, izobra\u017eevanje in dru\u017ebo.<\/b><\/p>\n","protected":false},"featured_media":40219,"comment_status":"open","ping_status":"closed","template":"","meta":[],"product_brand":[],"product_cat":[2326,63],"product_tag":[],"avtor":[2683],"zalozba":[2684,2356],"vezava":[2306],"class_list":{"0":"post-40215","1":"product","2":"type-product","3":"status-publish","4":"has-post-thumbnail","6":"product_cat-druzbena-vprasanja-in-humanistika","7":"product_cat-knjige","8":"avtor-manfred-spitzer","9":"zalozba-mladinska-knjiga","10":"zalozba-mohorjeva-celovec","11":"vezava-trda","13":"first","14":"instock","15":"taxable","16":"shipping-taxable","17":"purchasable","18":"product-type-simple"},"yoast_head":"<!-- This site is optimized with the Yoast SEO plugin v26.3 - https:\/\/yoast.com\/wordpress\/plugins\/seo\/ -->\n<title>Epidemija pametnih telefonov<\/title>\n<meta name=\"description\" content=\"Knjiga o tem, kako neomejeno uporabljanje pametnih telefonov \u0161koduje zdravju, ovira izobra\u017eevanje otrok ter ima hude posledice za dru\u017ebo.\" \/>\n<meta name=\"robots\" content=\"index, follow, max-snippet:-1, max-image-preview:large, max-video-preview:-1\" \/>\n<link rel=\"canonical\" href=\"https:\/\/www.iskreni.net\/trgovina\/product\/epidemija-pametnih-telefonov\/\" \/>\n<meta property=\"og:locale\" content=\"sl_SI\" \/>\n<meta property=\"og:type\" content=\"article\" \/>\n<meta property=\"og:title\" content=\"Epidemija pametnih telefonov\" \/>\n<meta property=\"og:description\" content=\"Knjiga o tem, kako neomejeno uporabljanje pametnih telefonov \u0161koduje zdravju, ovira izobra\u017eevanje otrok ter ima hude posledice za dru\u017ebo.\" \/>\n<meta property=\"og:url\" content=\"https:\/\/www.iskreni.net\/trgovina\/product\/epidemija-pametnih-telefonov\/\" \/>\n<meta property=\"og:site_name\" content=\"Zavod Iskreni\" \/>\n<meta property=\"article:modified_time\" content=\"2024-01-18T09:12:50+00:00\" \/>\n<meta property=\"og:image\" content=\"https:\/\/www.iskreni.net\/trgovina\/wp-content\/uploads\/2021\/04\/Izdelek-brez-naslova-3.jpg\" \/>\n\t<meta property=\"og:image:width\" content=\"600\" \/>\n\t<meta property=\"og:image:height\" content=\"600\" \/>\n\t<meta property=\"og:image:type\" content=\"image\/jpeg\" \/>\n<meta name=\"twitter:card\" content=\"summary_large_image\" \/>\n<meta name=\"twitter:label1\" content=\"Est. reading time\" \/>\n\t<meta name=\"twitter:data1\" content=\"1 minuta\" \/>\n<script type=\"application\/ld+json\" class=\"yoast-schema-graph\">{\"@context\":\"https:\/\/schema.org\",\"@graph\":[{\"@type\":\"WebPage\",\"@id\":\"https:\/\/www.iskreni.net\/trgovina\/product\/epidemija-pametnih-telefonov\/\",\"url\":\"https:\/\/www.iskreni.net\/trgovina\/product\/epidemija-pametnih-telefonov\/\",\"name\":\"Epidemija pametnih telefonov\",\"isPartOf\":{\"@id\":\"https:\/\/www.iskreni.net\/trgovina\/#website\"},\"primaryImageOfPage\":{\"@id\":\"https:\/\/www.iskreni.net\/trgovina\/product\/epidemija-pametnih-telefonov\/#primaryimage\"},\"image\":{\"@id\":\"https:\/\/www.iskreni.net\/trgovina\/product\/epidemija-pametnih-telefonov\/#primaryimage\"},\"thumbnailUrl\":\"https:\/\/www.iskreni.net\/trgovina\/wp-content\/uploads\/2021\/04\/Izdelek-brez-naslova-3.jpg\",\"datePublished\":\"2021-04-08T13:53:46+00:00\",\"dateModified\":\"2024-01-18T09:12:50+00:00\",\"description\":\"Knjiga o tem, kako neomejeno uporabljanje pametnih telefonov \u0161koduje zdravju, ovira izobra\u017eevanje otrok ter ima hude posledice za dru\u017ebo.\",\"breadcrumb\":{\"@id\":\"https:\/\/www.iskreni.net\/trgovina\/product\/epidemija-pametnih-telefonov\/#breadcrumb\"},\"inLanguage\":\"sl-SI\",\"potentialAction\":[{\"@type\":\"ReadAction\",\"target\":[\"https:\/\/www.iskreni.net\/trgovina\/product\/epidemija-pametnih-telefonov\/\"]}]},{\"@type\":\"ImageObject\",\"inLanguage\":\"sl-SI\",\"@id\":\"https:\/\/www.iskreni.net\/trgovina\/product\/epidemija-pametnih-telefonov\/#primaryimage\",\"url\":\"https:\/\/www.iskreni.net\/trgovina\/wp-content\/uploads\/2021\/04\/Izdelek-brez-naslova-3.jpg\",\"contentUrl\":\"https:\/\/www.iskreni.net\/trgovina\/wp-content\/uploads\/2021\/04\/Izdelek-brez-naslova-3.jpg\",\"width\":600,\"height\":600},{\"@type\":\"BreadcrumbList\",\"@id\":\"https:\/\/www.iskreni.net\/trgovina\/product\/epidemija-pametnih-telefonov\/#breadcrumb\",\"itemListElement\":[{\"@type\":\"ListItem\",\"position\":1,\"name\":\"Home\",\"item\":\"https:\/\/www.iskreni.net\/trgovina\/\"},{\"@type\":\"ListItem\",\"position\":2,\"name\":\"Trgovina\",\"item\":\"https:\/\/www.iskreni.net\/trgovina\/trgovina\/\"},{\"@type\":\"ListItem\",\"position\":3,\"name\":\"Epidemija pametnih telefonov\"}]},{\"@type\":\"WebSite\",\"@id\":\"https:\/\/www.iskreni.net\/trgovina\/#website\",\"url\":\"https:\/\/www.iskreni.net\/trgovina\/\",\"name\":\"Zavod Iskreni\",\"description\":\"trgovina\",\"potentialAction\":[{\"@type\":\"SearchAction\",\"target\":{\"@type\":\"EntryPoint\",\"urlTemplate\":\"https:\/\/www.iskreni.net\/trgovina\/?s={search_term_string}\"},\"query-input\":{\"@type\":\"PropertyValueSpecification\",\"valueRequired\":true,\"valueName\":\"search_term_string\"}}],\"inLanguage\":\"sl-SI\"}]}<\/script>\n<!-- \/ Yoast SEO plugin. -->","yoast_head_json":{"title":"Epidemija pametnih telefonov","description":"Knjiga o tem, kako neomejeno uporabljanje pametnih telefonov \u0161koduje zdravju, ovira izobra\u017eevanje otrok ter ima hude posledice za dru\u017ebo.","robots":{"index":"index","follow":"follow","max-snippet":"max-snippet:-1","max-image-preview":"max-image-preview:large","max-video-preview":"max-video-preview:-1"},"canonical":"https:\/\/www.iskreni.net\/trgovina\/product\/epidemija-pametnih-telefonov\/","og_locale":"sl_SI","og_type":"article","og_title":"Epidemija pametnih telefonov","og_description":"Knjiga o tem, kako neomejeno uporabljanje pametnih telefonov \u0161koduje zdravju, ovira izobra\u017eevanje otrok ter ima hude posledice za dru\u017ebo.","og_url":"https:\/\/www.iskreni.net\/trgovina\/product\/epidemija-pametnih-telefonov\/","og_site_name":"Zavod Iskreni","article_modified_time":"2024-01-18T09:12:50+00:00","og_image":[{"width":600,"height":600,"url":"https:\/\/www.iskreni.net\/trgovina\/wp-content\/uploads\/2021\/04\/Izdelek-brez-naslova-3.jpg","type":"image\/jpeg"}],"twitter_card":"summary_large_image","twitter_misc":{"Est. reading time":"1 minuta"},"schema":{"@context":"https:\/\/schema.org","@graph":[{"@type":"WebPage","@id":"https:\/\/www.iskreni.net\/trgovina\/product\/epidemija-pametnih-telefonov\/","url":"https:\/\/www.iskreni.net\/trgovina\/product\/epidemija-pametnih-telefonov\/","name":"Epidemija pametnih telefonov","isPartOf":{"@id":"https:\/\/www.iskreni.net\/trgovina\/#website"},"primaryImageOfPage":{"@id":"https:\/\/www.iskreni.net\/trgovina\/product\/epidemija-pametnih-telefonov\/#primaryimage"},"image":{"@id":"https:\/\/www.iskreni.net\/trgovina\/product\/epidemija-pametnih-telefonov\/#primaryimage"},"thumbnailUrl":"https:\/\/www.iskreni.net\/trgovina\/wp-content\/uploads\/2021\/04\/Izdelek-brez-naslova-3.jpg","datePublished":"2021-04-08T13:53:46+00:00","dateModified":"2024-01-18T09:12:50+00:00","description":"Knjiga o tem, kako neomejeno uporabljanje pametnih telefonov \u0161koduje zdravju, ovira izobra\u017eevanje otrok ter ima hude posledice za dru\u017ebo.","breadcrumb":{"@id":"https:\/\/www.iskreni.net\/trgovina\/product\/epidemija-pametnih-telefonov\/#breadcrumb"},"inLanguage":"sl-SI","potentialAction":[{"@type":"ReadAction","target":["https:\/\/www.iskreni.net\/trgovina\/product\/epidemija-pametnih-telefonov\/"]}]},{"@type":"ImageObject","inLanguage":"sl-SI","@id":"https:\/\/www.iskreni.net\/trgovina\/product\/epidemija-pametnih-telefonov\/#primaryimage","url":"https:\/\/www.iskreni.net\/trgovina\/wp-content\/uploads\/2021\/04\/Izdelek-brez-naslova-3.jpg","contentUrl":"https:\/\/www.iskreni.net\/trgovina\/wp-content\/uploads\/2021\/04\/Izdelek-brez-naslova-3.jpg","width":600,"height":600},{"@type":"BreadcrumbList","@id":"https:\/\/www.iskreni.net\/trgovina\/product\/epidemija-pametnih-telefonov\/#breadcrumb","itemListElement":[{"@type":"ListItem","position":1,"name":"Home","item":"https:\/\/www.iskreni.net\/trgovina\/"},{"@type":"ListItem","position":2,"name":"Trgovina","item":"https:\/\/www.iskreni.net\/trgovina\/trgovina\/"},{"@type":"ListItem","position":3,"name":"Epidemija pametnih telefonov"}]},{"@type":"WebSite","@id":"https:\/\/www.iskreni.net\/trgovina\/#website","url":"https:\/\/www.iskreni.net\/trgovina\/","name":"Zavod Iskreni","description":"trgovina","potentialAction":[{"@type":"SearchAction","target":{"@type":"EntryPoint","urlTemplate":"https:\/\/www.iskreni.net\/trgovina\/?s={search_term_string}"},"query-input":{"@type":"PropertyValueSpecification","valueRequired":true,"valueName":"search_term_string"}}],"inLanguage":"sl-SI"}]}},"_links":{"self":[{"href":"https:\/\/www.iskreni.net\/trgovina\/wp-json\/wp\/v2\/product\/40215","targetHints":{"allow":["GET"]}}],"collection":[{"href":"https:\/\/www.iskreni.net\/trgovina\/wp-json\/wp\/v2\/product"}],"about":[{"href":"https:\/\/www.iskreni.net\/trgovina\/wp-json\/wp\/v2\/types\/product"}],"replies":[{"embeddable":true,"href":"https:\/\/www.iskreni.net\/trgovina\/wp-json\/wp\/v2\/comments?post=40215"}],"version-history":[{"count":3,"href":"https:\/\/www.iskreni.net\/trgovina\/wp-json\/wp\/v2\/product\/40215\/revisions"}],"predecessor-version":[{"id":72665,"href":"https:\/\/www.iskreni.net\/trgovina\/wp-json\/wp\/v2\/product\/40215\/revisions\/72665"}],"wp:featuredmedia":[{"embeddable":true,"href":"https:\/\/www.iskreni.net\/trgovina\/wp-json\/wp\/v2\/media\/40219"}],"wp:attachment":[{"href":"https:\/\/www.iskreni.net\/trgovina\/wp-json\/wp\/v2\/media?parent=40215"}],"wp:term":[{"taxonomy":"product_brand","embeddable":true,"href":"https:\/\/www.iskreni.net\/trgovina\/wp-json\/wp\/v2\/product_brand?post=40215"},{"taxonomy":"product_cat","embeddable":true,"href":"https:\/\/www.iskreni.net\/trgovina\/wp-json\/wp\/v2\/product_cat?post=40215"},{"taxonomy":"product_tag","embeddable":true,"href":"https:\/\/www.iskreni.net\/trgovina\/wp-json\/wp\/v2\/product_tag?post=40215"},{"taxonomy":"avtor","embeddable":true,"href":"https:\/\/www.iskreni.net\/trgovina\/wp-json\/wp\/v2\/avtor?post=40215"},{"taxonomy":"zalozba","embeddable":true,"href":"https:\/\/www.iskreni.net\/trgovina\/wp-json\/wp\/v2\/zalozba?post=40215"},{"taxonomy":"vezava","embeddable":true,"href":"https:\/\/www.iskreni.net\/trgovina\/wp-json\/wp\/v2\/vezava?post=40215"}],"curies":[{"name":"wp","href":"https:\/\/api.w.org\/{rel}","templated":true}]}}