{"id":40073,"date":"2021-03-30T12:34:03","date_gmt":"2021-03-30T10:34:03","guid":{"rendered":"https:\/\/www.iskreni.net\/trgovina\/?post_type=product&#038;p=40073"},"modified":"2024-05-09T11:07:32","modified_gmt":"2024-05-09T09:07:32","slug":"drozomanija-knjiga-o-peki-kruha-in-peciva-z-drozmi","status":"publish","type":"product","link":"https:\/\/www.iskreni.net\/trgovina\/product\/drozomanija-knjiga-o-peki-kruha-in-peciva-z-drozmi\/","title":{"rendered":"Dro\u017eomanija: knjiga o peki kruha in peciva z dro\u017emi"},"content":{"rendered":"<p>S 304 stranmi je Dro\u017eomanija najobse\u017enej\u0161a in prva slovenska knjiga o peki z dro\u017emi, edinstvena tudi zato, ker v njej najdete tudi ideje za kuho z dro\u017emi. Navdu\u0161uje tako za\u010detnike kot tudi bolj izku\u0161ene peke z dro\u017emi. Zaradi dro\u017ei ali doma\u010dega kvasa so pekovski izdelki la\u017eje prebavljivi, dolgo obstojni, imajo ni\u017eji glikemi\u010dni indeks, so okusnej\u0161i in nas hitreje nasitijo.<\/p>\n<p>Na ve\u010d kot 300 straneh boste lahko prebrali:<\/p>\n<ul>\n<li aria-level=\"2\">dragocene informacije o razli\u010dnih \u017eitih in nasvete za uporabo razli\u010dnih vrst mok,<\/li>\n<li aria-level=\"2\">navodila, kako pripraviti in skrbeti za dro\u017ei, kako gnesti in okrepiti testo ter kako ga oblikovati,<\/li>\n<li aria-level=\"2\">ve\u010d kot 45 receptov za kruh in kru\u0161ne dobrote (npr. najla\u017eji r\u017eenko, osnovni beli p\u0161eni\u010dnik, dro\u017epica, ajdov&#8217;c z orehi, koruznik, bagetke, 100-% pirin kruh), pa tudi za sladke dro\u017easte dobrote, kot je na primer potica,<\/li>\n<li aria-level=\"2\">recepte za porabo vi\u0161ka dro\u017ei,<\/li>\n<li aria-level=\"2\">SOS za dro\u017ei (najpogostej\u0161a vpra\u0161anja in odgovori, ki se porajajo ob skrbi za dro\u017ei in med pripravo testa),<\/li>\n<li aria-level=\"2\">pregleden slikoviti diagram peke, slovar\u010dek izrazov, prostor za bele\u017eke in za lastne recepte.<\/li>\n<\/ul>\n<h4>O avtorici:<\/h4>\n<p>Anita \u0160umer je univerzitetna diplomirana prevajalka in profesorica angle\u0161kega jezika, a to je samo njena formalna izobrazba. Od nekdaj je rada ustvarjala in se ukvarjala s \u0161portom.<\/p>\n<p>Ker sta oba z mo\u017eem velika ljubitelja kruha, sta po odstranitvi njegovega \u017eol\u010da iskala na\u010din, kako je \u0161e mogo\u010de pe\u010di kruh z mehko sredico in hrustljavo skorjico. Priprava testa za kruh s sodo, pecilnim pra\u0161kom in vinskim kamnom je mo\u017eu \u0161e vedno povzro\u010dala zdravstvene te\u017eave, zato je za\u010dela iskati druge mo\u017enosti. Pregledovala je \u0161tevilne spletne strani, dnevnike in knjige in se spomnila, da je tudi njena babica pekla kruh na druga\u010den na\u010din, z dro\u017emi.<\/p>\n<p>Po \u0161estih letih raziskovanja in poglabljanja peke z dro\u017emi in ne\u0161teto spe\u010denih hleb\u010dkih kruha je za\u010dela svoje znanje deliti na delavnicah, najprej v Sloveniji, nato pa \u0161e po svetu, kamor jo vse pogosteje vabijo.<\/p>\n<p>Samo sebe je na\u0161la v peki z dro\u017emi. To je njena meditacija, sprostitev, mo\u017enost, da se umetni\u0161ko izra\u017ea in hkrati deli svojo strast in navdu\u0161enje do te zdrave in slastne peke z drugimi.<\/p>\n<h4>Kaj o knjigi pravijo bralci?<\/h4>\n<p>Vojka Cijan, Mladinska knjiga:\u00a0<i>\u201cKdor \u010daka, do\u010daka \u2026 prvo, hitro listanje ti \u017ee da tisti vau efekt \u2026 ko ve\u0161, da je to to. \u010cestitam, Anita \u0160umer in ekipa, kapo dol pred takim ob\u0161irnim delom, prekrasne fotografije, postopki, te prav vle\u010de, da si spe\u010de\u0161 kruh, pico, sladico. Naj knjiga najde pot do dro\u017eoljubcev!\u201d<\/i><\/p>\n<p>prof. dr. Janez Bogataj: \u201cNe bomo delali kruha na \u00bbstar na\u010din\u00ab, ampak nam bodo \u0161tevilni stari na\u010dini odpirali sodobne ustvarjalne mo\u017enosti na prehranskem podro\u010dju.<\/p>\n<p><i>Navsezadnje potrjuje pravilnost takega pogleda tudi ta knjiga Anite \u0160umer, ki uporabo dro\u017ei raz\u0161irja od posameznih vrst kruha do pekovskega peciva in poga\u010d. Torej je knjiga izziv na\u0161im sodobnim prizadevanjem na podro\u010dju prehrane, naslonitev na kulturno dedi\u0161\u010dino s tega podro\u010dja pa omogo\u010da lokalno in regionalno prepoznavnost in istovetnost tudi v prihodnje.\u201d<\/i><\/p>\n","protected":false},"excerpt":{"rendered":"<p>Nagrajena, ve\u010dkrat razprodana in najobse\u017enej\u0161a slovenska knjiga o peki z dro\u017emi.<\/p>\n<p><strong>Avtor:<\/strong> Anita \u0160umer<br \/>\n<strong>Zalo\u017eba:<\/strong> ARS Verbi<br \/>\n<strong>\u0160tevilo strani:<\/strong> 304<br \/>\n<strong>Leto izdaje:<\/strong> 2020<\/p>\n","protected":false},"featured_media":40078,"comment_status":"open","ping_status":"closed","template":"","meta":[],"product_brand":[],"product_cat":[2327,63],"product_tag":[468,410,1663],"avtor":[],"zalozba":[],"vezava":[],"class_list":{"0":"post-40073","1":"product","2":"type-product","3":"status-publish","4":"has-post-thumbnail","6":"product_cat-prirocniki-in-vodniki","7":"product_cat-knjige","8":"product_tag-hrana","9":"product_tag-poroka","10":"product_tag-recepti","12":"first","13":"instock","14":"taxable","15":"shipping-taxable","16":"purchasable","17":"product-type-simple"},"yoast_head":"<!-- This site is optimized with the Yoast SEO plugin v26.3 - https:\/\/yoast.com\/wordpress\/plugins\/seo\/ -->\n<title>Dro\u017eomanija - knjiga o peki kruha in peciva z dro\u017emi - Iskreni<\/title>\n<meta name=\"description\" content=\"Najobse\u017enej\u0161a in prva slovenska knjiga o peki z dro\u017emi, kjer najdete tudi ideje, kako dro\u017ei uporabiti pri kuhanju.\" \/>\n<meta name=\"robots\" content=\"index, follow, max-snippet:-1, max-image-preview:large, max-video-preview:-1\" \/>\n<link rel=\"canonical\" href=\"https:\/\/www.iskreni.net\/trgovina\/product\/drozomanija-knjiga-o-peki-kruha-in-peciva-z-drozmi\/\" \/>\n<meta property=\"og:locale\" content=\"sl_SI\" \/>\n<meta property=\"og:type\" content=\"article\" \/>\n<meta property=\"og:title\" content=\"Dro\u017eomanija - knjiga o peki kruha in peciva z dro\u017emi - Iskreni\" \/>\n<meta property=\"og:description\" content=\"Najobse\u017enej\u0161a in prva slovenska knjiga o peki z dro\u017emi, kjer najdete tudi ideje, kako dro\u017ei uporabiti pri kuhanju.\" \/>\n<meta property=\"og:url\" content=\"https:\/\/www.iskreni.net\/trgovina\/product\/drozomanija-knjiga-o-peki-kruha-in-peciva-z-drozmi\/\" \/>\n<meta property=\"og:site_name\" content=\"Zavod Iskreni\" \/>\n<meta property=\"article:modified_time\" content=\"2024-05-09T09:07:32+00:00\" \/>\n<meta property=\"og:image\" content=\"https:\/\/www.iskreni.net\/trgovina\/wp-content\/uploads\/2021\/03\/Drozomanija_4_r8vo-86.jpg\" \/>\n\t<meta property=\"og:image:width\" content=\"821\" \/>\n\t<meta property=\"og:image:height\" content=\"957\" \/>\n\t<meta property=\"og:image:type\" content=\"image\/jpeg\" \/>\n<meta name=\"twitter:card\" content=\"summary_large_image\" \/>\n<meta name=\"twitter:label1\" content=\"Est. reading time\" \/>\n\t<meta name=\"twitter:data1\" content=\"3 minute\" \/>\n<script type=\"application\/ld+json\" class=\"yoast-schema-graph\">{\"@context\":\"https:\/\/schema.org\",\"@graph\":[{\"@type\":\"WebPage\",\"@id\":\"https:\/\/www.iskreni.net\/trgovina\/product\/drozomanija-knjiga-o-peki-kruha-in-peciva-z-drozmi\/\",\"url\":\"https:\/\/www.iskreni.net\/trgovina\/product\/drozomanija-knjiga-o-peki-kruha-in-peciva-z-drozmi\/\",\"name\":\"Dro\u017eomanija - knjiga o peki kruha in peciva z dro\u017emi - Iskreni\",\"isPartOf\":{\"@id\":\"https:\/\/www.iskreni.net\/trgovina\/#website\"},\"primaryImageOfPage\":{\"@id\":\"https:\/\/www.iskreni.net\/trgovina\/product\/drozomanija-knjiga-o-peki-kruha-in-peciva-z-drozmi\/#primaryimage\"},\"image\":{\"@id\":\"https:\/\/www.iskreni.net\/trgovina\/product\/drozomanija-knjiga-o-peki-kruha-in-peciva-z-drozmi\/#primaryimage\"},\"thumbnailUrl\":\"https:\/\/www.iskreni.net\/trgovina\/wp-content\/uploads\/2021\/03\/Drozomanija_4_r8vo-86.jpg\",\"datePublished\":\"2021-03-30T10:34:03+00:00\",\"dateModified\":\"2024-05-09T09:07:32+00:00\",\"description\":\"Najobse\u017enej\u0161a in prva slovenska knjiga o peki z dro\u017emi, kjer najdete tudi ideje, kako dro\u017ei uporabiti pri kuhanju.\",\"breadcrumb\":{\"@id\":\"https:\/\/www.iskreni.net\/trgovina\/product\/drozomanija-knjiga-o-peki-kruha-in-peciva-z-drozmi\/#breadcrumb\"},\"inLanguage\":\"sl-SI\",\"potentialAction\":[{\"@type\":\"ReadAction\",\"target\":[\"https:\/\/www.iskreni.net\/trgovina\/product\/drozomanija-knjiga-o-peki-kruha-in-peciva-z-drozmi\/\"]}]},{\"@type\":\"ImageObject\",\"inLanguage\":\"sl-SI\",\"@id\":\"https:\/\/www.iskreni.net\/trgovina\/product\/drozomanija-knjiga-o-peki-kruha-in-peciva-z-drozmi\/#primaryimage\",\"url\":\"https:\/\/www.iskreni.net\/trgovina\/wp-content\/uploads\/2021\/03\/Drozomanija_4_r8vo-86.jpg\",\"contentUrl\":\"https:\/\/www.iskreni.net\/trgovina\/wp-content\/uploads\/2021\/03\/Drozomanija_4_r8vo-86.jpg\",\"width\":821,\"height\":957},{\"@type\":\"BreadcrumbList\",\"@id\":\"https:\/\/www.iskreni.net\/trgovina\/product\/drozomanija-knjiga-o-peki-kruha-in-peciva-z-drozmi\/#breadcrumb\",\"itemListElement\":[{\"@type\":\"ListItem\",\"position\":1,\"name\":\"Home\",\"item\":\"https:\/\/www.iskreni.net\/trgovina\/\"},{\"@type\":\"ListItem\",\"position\":2,\"name\":\"Trgovina\",\"item\":\"https:\/\/www.iskreni.net\/trgovina\/trgovina\/\"},{\"@type\":\"ListItem\",\"position\":3,\"name\":\"Dro\u017eomanija: knjiga o peki kruha in peciva z dro\u017emi\"}]},{\"@type\":\"WebSite\",\"@id\":\"https:\/\/www.iskreni.net\/trgovina\/#website\",\"url\":\"https:\/\/www.iskreni.net\/trgovina\/\",\"name\":\"Zavod Iskreni\",\"description\":\"trgovina\",\"potentialAction\":[{\"@type\":\"SearchAction\",\"target\":{\"@type\":\"EntryPoint\",\"urlTemplate\":\"https:\/\/www.iskreni.net\/trgovina\/?s={search_term_string}\"},\"query-input\":{\"@type\":\"PropertyValueSpecification\",\"valueRequired\":true,\"valueName\":\"search_term_string\"}}],\"inLanguage\":\"sl-SI\"}]}<\/script>\n<!-- \/ Yoast SEO plugin. -->","yoast_head_json":{"title":"Dro\u017eomanija - knjiga o peki kruha in peciva z dro\u017emi - Iskreni","description":"Najobse\u017enej\u0161a in prva slovenska knjiga o peki z dro\u017emi, kjer najdete tudi ideje, kako dro\u017ei uporabiti pri kuhanju.","robots":{"index":"index","follow":"follow","max-snippet":"max-snippet:-1","max-image-preview":"max-image-preview:large","max-video-preview":"max-video-preview:-1"},"canonical":"https:\/\/www.iskreni.net\/trgovina\/product\/drozomanija-knjiga-o-peki-kruha-in-peciva-z-drozmi\/","og_locale":"sl_SI","og_type":"article","og_title":"Dro\u017eomanija - knjiga o peki kruha in peciva z dro\u017emi - Iskreni","og_description":"Najobse\u017enej\u0161a in prva slovenska knjiga o peki z dro\u017emi, kjer najdete tudi ideje, kako dro\u017ei uporabiti pri kuhanju.","og_url":"https:\/\/www.iskreni.net\/trgovina\/product\/drozomanija-knjiga-o-peki-kruha-in-peciva-z-drozmi\/","og_site_name":"Zavod Iskreni","article_modified_time":"2024-05-09T09:07:32+00:00","og_image":[{"width":821,"height":957,"url":"https:\/\/www.iskreni.net\/trgovina\/wp-content\/uploads\/2021\/03\/Drozomanija_4_r8vo-86.jpg","type":"image\/jpeg"}],"twitter_card":"summary_large_image","twitter_misc":{"Est. reading time":"3 minute"},"schema":{"@context":"https:\/\/schema.org","@graph":[{"@type":"WebPage","@id":"https:\/\/www.iskreni.net\/trgovina\/product\/drozomanija-knjiga-o-peki-kruha-in-peciva-z-drozmi\/","url":"https:\/\/www.iskreni.net\/trgovina\/product\/drozomanija-knjiga-o-peki-kruha-in-peciva-z-drozmi\/","name":"Dro\u017eomanija - knjiga o peki kruha in peciva z dro\u017emi - Iskreni","isPartOf":{"@id":"https:\/\/www.iskreni.net\/trgovina\/#website"},"primaryImageOfPage":{"@id":"https:\/\/www.iskreni.net\/trgovina\/product\/drozomanija-knjiga-o-peki-kruha-in-peciva-z-drozmi\/#primaryimage"},"image":{"@id":"https:\/\/www.iskreni.net\/trgovina\/product\/drozomanija-knjiga-o-peki-kruha-in-peciva-z-drozmi\/#primaryimage"},"thumbnailUrl":"https:\/\/www.iskreni.net\/trgovina\/wp-content\/uploads\/2021\/03\/Drozomanija_4_r8vo-86.jpg","datePublished":"2021-03-30T10:34:03+00:00","dateModified":"2024-05-09T09:07:32+00:00","description":"Najobse\u017enej\u0161a in prva slovenska knjiga o peki z dro\u017emi, kjer najdete tudi ideje, kako dro\u017ei uporabiti pri kuhanju.","breadcrumb":{"@id":"https:\/\/www.iskreni.net\/trgovina\/product\/drozomanija-knjiga-o-peki-kruha-in-peciva-z-drozmi\/#breadcrumb"},"inLanguage":"sl-SI","potentialAction":[{"@type":"ReadAction","target":["https:\/\/www.iskreni.net\/trgovina\/product\/drozomanija-knjiga-o-peki-kruha-in-peciva-z-drozmi\/"]}]},{"@type":"ImageObject","inLanguage":"sl-SI","@id":"https:\/\/www.iskreni.net\/trgovina\/product\/drozomanija-knjiga-o-peki-kruha-in-peciva-z-drozmi\/#primaryimage","url":"https:\/\/www.iskreni.net\/trgovina\/wp-content\/uploads\/2021\/03\/Drozomanija_4_r8vo-86.jpg","contentUrl":"https:\/\/www.iskreni.net\/trgovina\/wp-content\/uploads\/2021\/03\/Drozomanija_4_r8vo-86.jpg","width":821,"height":957},{"@type":"BreadcrumbList","@id":"https:\/\/www.iskreni.net\/trgovina\/product\/drozomanija-knjiga-o-peki-kruha-in-peciva-z-drozmi\/#breadcrumb","itemListElement":[{"@type":"ListItem","position":1,"name":"Home","item":"https:\/\/www.iskreni.net\/trgovina\/"},{"@type":"ListItem","position":2,"name":"Trgovina","item":"https:\/\/www.iskreni.net\/trgovina\/trgovina\/"},{"@type":"ListItem","position":3,"name":"Dro\u017eomanija: knjiga o peki kruha in peciva z dro\u017emi"}]},{"@type":"WebSite","@id":"https:\/\/www.iskreni.net\/trgovina\/#website","url":"https:\/\/www.iskreni.net\/trgovina\/","name":"Zavod Iskreni","description":"trgovina","potentialAction":[{"@type":"SearchAction","target":{"@type":"EntryPoint","urlTemplate":"https:\/\/www.iskreni.net\/trgovina\/?s={search_term_string}"},"query-input":{"@type":"PropertyValueSpecification","valueRequired":true,"valueName":"search_term_string"}}],"inLanguage":"sl-SI"}]}},"_links":{"self":[{"href":"https:\/\/www.iskreni.net\/trgovina\/wp-json\/wp\/v2\/product\/40073","targetHints":{"allow":["GET"]}}],"collection":[{"href":"https:\/\/www.iskreni.net\/trgovina\/wp-json\/wp\/v2\/product"}],"about":[{"href":"https:\/\/www.iskreni.net\/trgovina\/wp-json\/wp\/v2\/types\/product"}],"replies":[{"embeddable":true,"href":"https:\/\/www.iskreni.net\/trgovina\/wp-json\/wp\/v2\/comments?post=40073"}],"version-history":[{"count":3,"href":"https:\/\/www.iskreni.net\/trgovina\/wp-json\/wp\/v2\/product\/40073\/revisions"}],"predecessor-version":[{"id":40077,"href":"https:\/\/www.iskreni.net\/trgovina\/wp-json\/wp\/v2\/product\/40073\/revisions\/40077"}],"wp:featuredmedia":[{"embeddable":true,"href":"https:\/\/www.iskreni.net\/trgovina\/wp-json\/wp\/v2\/media\/40078"}],"wp:attachment":[{"href":"https:\/\/www.iskreni.net\/trgovina\/wp-json\/wp\/v2\/media?parent=40073"}],"wp:term":[{"taxonomy":"product_brand","embeddable":true,"href":"https:\/\/www.iskreni.net\/trgovina\/wp-json\/wp\/v2\/product_brand?post=40073"},{"taxonomy":"product_cat","embeddable":true,"href":"https:\/\/www.iskreni.net\/trgovina\/wp-json\/wp\/v2\/product_cat?post=40073"},{"taxonomy":"product_tag","embeddable":true,"href":"https:\/\/www.iskreni.net\/trgovina\/wp-json\/wp\/v2\/product_tag?post=40073"},{"taxonomy":"avtor","embeddable":true,"href":"https:\/\/www.iskreni.net\/trgovina\/wp-json\/wp\/v2\/avtor?post=40073"},{"taxonomy":"zalozba","embeddable":true,"href":"https:\/\/www.iskreni.net\/trgovina\/wp-json\/wp\/v2\/zalozba?post=40073"},{"taxonomy":"vezava","embeddable":true,"href":"https:\/\/www.iskreni.net\/trgovina\/wp-json\/wp\/v2\/vezava?post=40073"}],"curies":[{"name":"wp","href":"https:\/\/api.w.org\/{rel}","templated":true}]}}