{"id":39755,"date":"2021-03-18T09:41:27","date_gmt":"2021-03-18T08:41:27","guid":{"rendered":"https:\/\/www.iskreni.net\/trgovina\/?post_type=product&#038;p=39755"},"modified":"2023-10-20T10:58:46","modified_gmt":"2023-10-20T08:58:46","slug":"onkraj-reda","status":"publish","type":"product","link":"https:\/\/www.iskreni.net\/trgovina\/product\/onkraj-reda\/","title":{"rendered":"Onkraj reda &#8211; \u0160e 12 pravil za \u017eivljenje"},"content":{"rendered":"<h4>O knjigi Onkraj reda &#8211; \u0160e 12 pravil za \u017eivljenje<\/h4>\n<p>\u00bbV nasprotju s prej\u0161njo knjigo, Onkraj reda raziskuje, kako se je mogo\u010de izogniti nevarnostim, ki jih prina\u0161a preve\u010d varnosti in nadzora. Ker je to, kar razumemo, nezadostno (kot ugotovimo, ko gredo stvari, ki si jih prizadevamo nadzorovati, vseeno narobe), moramo ostati z eno nogo v redu, obenem pa z drugo previdno stopiti \u010dez njegovo mejo.\u00ab<\/p>\n<p>V knjigi 12 pravil za \u017eivljenje je priznani klini\u010dni psiholog in slavni profesor Jordan B. Peterson milijonom bralcev pomagal uvesti red v kaosu svojega \u017eivljenja. V te\u017eko pri\u010dakovanem nadaljevanju ponuja \u0161e dvanajst na\u010del za upiranje iz\u010drpanosti, ki jo neizogibno zahteva na\u0161a \u017eelja po urejanju sveta. Onkraj reda nas kli\u010de k uravnote\u017eenju dveh temeljnih na\u010del resni\u010dnosti \u2013 reda in kaosa \u2013, kajti Peterson opozarja, da je preve\u010d varnosti \u2013 nevarno. Medtem ko nas kaos ogro\u017ea s slutnjo nestabilnosti in tesnobe, nas lahko red, \u010de je pretiran, otopi, da se odpovemo radovednosti, kreativnosti, \u017eivljenjski energiji in se podredimo. \u0160e ve\u010d: Peterson nam ponuja strategijo za premagovanje sil, zaradi katerih se nagibamo k tiraniji, in nas u\u010di, kako se zana\u0161ati na svoj instinkt, da najdemo smisel tudi &#8211; in \u0161e posebej &#8211; kadar se znajdemo nemo\u010dni.<\/p>\n<p><a href=\"https:\/\/www.iskreni.net\/trgovina\/wp-content\/uploads\/2023\/10\/onkraj-reda-se-12-pravil-za-zivljenje.pdf\">Prelistajte knjigo<\/a><\/p>\n<h4>O avtorju<\/h4>\n<p>Jordan\u00a0B.\u00a0Peterson\u00a0(1962) je odra\u0161\u010dal in se utrdil v ledenih goli\u010davah severne Alberte v Kanadi. S kaskaderskim letalom iz karbonskih vlaken je izvedel sod\u010dek z lupingom, z astronavti\u00a0pa raziskoval meteoritski krater v Arizoni. V prvem nadstropju svojega doma v Torontu postavil tradicionalno obredno kolibo kanadskega plemena Kwagu&#8217;l, potem ko so ga ti sprejeli v svojo sredo in mu dali indijansko ime.<\/p>\n<p>O mitologiji je predaval odvetnikom, zdravnikom in poslovne\u017eem in svetoval je generalnemu sekretarju OZN. Svojim klini\u010dnim pacientom je pomagal obvladati depresijo, obsesivno-kompulzivno motnjo, anksioznost in shizofrenijo. Bil je svetovalec vi\u0161jim partnerjem velikih kanadskih odvetni\u0161kih dru\u017eb in je ogromno predaval po Severni Ameriki in Evropi.<\/p>\n<p>S \u0161tudenti in kolegi na Harvardu in Univerzi v Torontu je objavil ve\u010d kot sto znanstvenih \u010dlankov, spremenil moderno razumevanje osebnosti, njegova knjiga\u00a0<i>Maps of Meaning: The Architecture of Belief<\/i>\u00a0(Zemljevidi pomena: Arhitektura verovanja) pa je revolucionarno spremenila psihologijo religije. Avtor \u017eivi v Torontu v Kanadi.<\/p>\n","protected":false},"excerpt":{"rendered":"<p><strong>Leto izdaje:<\/strong> 2021<br \/>\n<strong>\u0160tevilo strani:<\/strong> 328<br \/>\n<strong>Mere:<\/strong> 153 x 228 mm<\/p>\n<p><em>\u00bbV nasprotju s prej\u0161njo knjigo, Onkraj reda raziskuje, kako se je mogo\u010de izogniti nevarnostim, ki jih prina\u0161a preve\u010d varnosti in nadzora.&#8221;<\/em><\/p>\n<p><a href=\"https:\/\/www.iskreni.net\/trgovina\/wp-content\/uploads\/2023\/10\/onkraj-reda-se-12-pravil-za-zivljenje.pdf\">Prelistajte knjigo<\/a><\/p>\n<p>&nbsp;<\/p>\n","protected":false},"featured_media":39786,"comment_status":"open","ping_status":"closed","template":"","meta":[],"product_brand":[],"product_cat":[2326,63],"product_tag":[],"avtor":[2334],"zalozba":[2311],"vezava":[2306],"class_list":{"0":"post-39755","1":"product","2":"type-product","3":"status-publish","4":"has-post-thumbnail","6":"product_cat-druzbena-vprasanja-in-humanistika","7":"product_cat-knjige","8":"avtor-jordan-peterson","9":"zalozba-druzina","10":"vezava-trda","12":"first","13":"instock","14":"taxable","15":"shipping-taxable","16":"purchasable","17":"product-type-simple"},"yoast_head":"<!-- This site is optimized with the Yoast SEO plugin v26.3 - https:\/\/yoast.com\/wordpress\/plugins\/seo\/ -->\n<title>Onkraj reda - \u0160e 12 pravil za \u017eivljenje - Iskreni<\/title>\n<meta name=\"description\" content=\"Onkraj reda je nadaljevanje knjige 12 pravil za \u017eivljenje enega najbolj vplivnih intelektualcev zahodnega sveta Jordana B. Petersona.\" \/>\n<meta name=\"robots\" content=\"index, follow, max-snippet:-1, max-image-preview:large, max-video-preview:-1\" \/>\n<link rel=\"canonical\" href=\"https:\/\/www.iskreni.net\/trgovina\/product\/onkraj-reda\/\" \/>\n<meta property=\"og:locale\" content=\"sl_SI\" \/>\n<meta property=\"og:type\" content=\"article\" \/>\n<meta property=\"og:title\" content=\"Onkraj reda - \u0160e 12 pravil za \u017eivljenje - Iskreni\" \/>\n<meta property=\"og:description\" content=\"Onkraj reda je nadaljevanje knjige 12 pravil za \u017eivljenje enega najbolj vplivnih intelektualcev zahodnega sveta Jordana B. Petersona.\" \/>\n<meta property=\"og:url\" content=\"https:\/\/www.iskreni.net\/trgovina\/product\/onkraj-reda\/\" \/>\n<meta property=\"og:site_name\" content=\"Zavod Iskreni\" \/>\n<meta property=\"article:modified_time\" content=\"2023-10-20T08:58:46+00:00\" \/>\n<meta property=\"og:image\" content=\"https:\/\/www.iskreni.net\/trgovina\/wp-content\/uploads\/2021\/03\/Peterson-II.jpg\" \/>\n\t<meta property=\"og:image:width\" content=\"1000\" \/>\n\t<meta property=\"og:image:height\" content=\"1000\" \/>\n\t<meta property=\"og:image:type\" content=\"image\/jpeg\" \/>\n<meta name=\"twitter:card\" content=\"summary_large_image\" \/>\n<meta name=\"twitter:label1\" content=\"Est. reading time\" \/>\n\t<meta name=\"twitter:data1\" content=\"2 minuti\" \/>\n<script type=\"application\/ld+json\" class=\"yoast-schema-graph\">{\"@context\":\"https:\/\/schema.org\",\"@graph\":[{\"@type\":\"WebPage\",\"@id\":\"https:\/\/www.iskreni.net\/trgovina\/product\/onkraj-reda\/\",\"url\":\"https:\/\/www.iskreni.net\/trgovina\/product\/onkraj-reda\/\",\"name\":\"Onkraj reda - \u0160e 12 pravil za \u017eivljenje - Iskreni\",\"isPartOf\":{\"@id\":\"https:\/\/www.iskreni.net\/trgovina\/#website\"},\"primaryImageOfPage\":{\"@id\":\"https:\/\/www.iskreni.net\/trgovina\/product\/onkraj-reda\/#primaryimage\"},\"image\":{\"@id\":\"https:\/\/www.iskreni.net\/trgovina\/product\/onkraj-reda\/#primaryimage\"},\"thumbnailUrl\":\"https:\/\/www.iskreni.net\/trgovina\/wp-content\/uploads\/2021\/03\/Peterson-II.jpg\",\"datePublished\":\"2021-03-18T08:41:27+00:00\",\"dateModified\":\"2023-10-20T08:58:46+00:00\",\"description\":\"Onkraj reda je nadaljevanje knjige 12 pravil za \u017eivljenje enega najbolj vplivnih intelektualcev zahodnega sveta Jordana B. Petersona.\",\"breadcrumb\":{\"@id\":\"https:\/\/www.iskreni.net\/trgovina\/product\/onkraj-reda\/#breadcrumb\"},\"inLanguage\":\"sl-SI\",\"potentialAction\":[{\"@type\":\"ReadAction\",\"target\":[\"https:\/\/www.iskreni.net\/trgovina\/product\/onkraj-reda\/\"]}]},{\"@type\":\"ImageObject\",\"inLanguage\":\"sl-SI\",\"@id\":\"https:\/\/www.iskreni.net\/trgovina\/product\/onkraj-reda\/#primaryimage\",\"url\":\"https:\/\/www.iskreni.net\/trgovina\/wp-content\/uploads\/2021\/03\/Peterson-II.jpg\",\"contentUrl\":\"https:\/\/www.iskreni.net\/trgovina\/wp-content\/uploads\/2021\/03\/Peterson-II.jpg\",\"width\":1000,\"height\":1000,\"caption\":\"Onkraj reda\"},{\"@type\":\"BreadcrumbList\",\"@id\":\"https:\/\/www.iskreni.net\/trgovina\/product\/onkraj-reda\/#breadcrumb\",\"itemListElement\":[{\"@type\":\"ListItem\",\"position\":1,\"name\":\"Home\",\"item\":\"https:\/\/www.iskreni.net\/trgovina\/\"},{\"@type\":\"ListItem\",\"position\":2,\"name\":\"Trgovina\",\"item\":\"https:\/\/www.iskreni.net\/trgovina\/trgovina\/\"},{\"@type\":\"ListItem\",\"position\":3,\"name\":\"Onkraj reda &#8211; \u0160e 12 pravil za \u017eivljenje\"}]},{\"@type\":\"WebSite\",\"@id\":\"https:\/\/www.iskreni.net\/trgovina\/#website\",\"url\":\"https:\/\/www.iskreni.net\/trgovina\/\",\"name\":\"Zavod Iskreni\",\"description\":\"trgovina\",\"potentialAction\":[{\"@type\":\"SearchAction\",\"target\":{\"@type\":\"EntryPoint\",\"urlTemplate\":\"https:\/\/www.iskreni.net\/trgovina\/?s={search_term_string}\"},\"query-input\":{\"@type\":\"PropertyValueSpecification\",\"valueRequired\":true,\"valueName\":\"search_term_string\"}}],\"inLanguage\":\"sl-SI\"}]}<\/script>\n<!-- \/ Yoast SEO plugin. -->","yoast_head_json":{"title":"Onkraj reda - \u0160e 12 pravil za \u017eivljenje - Iskreni","description":"Onkraj reda je nadaljevanje knjige 12 pravil za \u017eivljenje enega najbolj vplivnih intelektualcev zahodnega sveta Jordana B. Petersona.","robots":{"index":"index","follow":"follow","max-snippet":"max-snippet:-1","max-image-preview":"max-image-preview:large","max-video-preview":"max-video-preview:-1"},"canonical":"https:\/\/www.iskreni.net\/trgovina\/product\/onkraj-reda\/","og_locale":"sl_SI","og_type":"article","og_title":"Onkraj reda - \u0160e 12 pravil za \u017eivljenje - Iskreni","og_description":"Onkraj reda je nadaljevanje knjige 12 pravil za \u017eivljenje enega najbolj vplivnih intelektualcev zahodnega sveta Jordana B. Petersona.","og_url":"https:\/\/www.iskreni.net\/trgovina\/product\/onkraj-reda\/","og_site_name":"Zavod Iskreni","article_modified_time":"2023-10-20T08:58:46+00:00","og_image":[{"width":1000,"height":1000,"url":"https:\/\/www.iskreni.net\/trgovina\/wp-content\/uploads\/2021\/03\/Peterson-II.jpg","type":"image\/jpeg"}],"twitter_card":"summary_large_image","twitter_misc":{"Est. reading time":"2 minuti"},"schema":{"@context":"https:\/\/schema.org","@graph":[{"@type":"WebPage","@id":"https:\/\/www.iskreni.net\/trgovina\/product\/onkraj-reda\/","url":"https:\/\/www.iskreni.net\/trgovina\/product\/onkraj-reda\/","name":"Onkraj reda - \u0160e 12 pravil za \u017eivljenje - Iskreni","isPartOf":{"@id":"https:\/\/www.iskreni.net\/trgovina\/#website"},"primaryImageOfPage":{"@id":"https:\/\/www.iskreni.net\/trgovina\/product\/onkraj-reda\/#primaryimage"},"image":{"@id":"https:\/\/www.iskreni.net\/trgovina\/product\/onkraj-reda\/#primaryimage"},"thumbnailUrl":"https:\/\/www.iskreni.net\/trgovina\/wp-content\/uploads\/2021\/03\/Peterson-II.jpg","datePublished":"2021-03-18T08:41:27+00:00","dateModified":"2023-10-20T08:58:46+00:00","description":"Onkraj reda je nadaljevanje knjige 12 pravil za \u017eivljenje enega najbolj vplivnih intelektualcev zahodnega sveta Jordana B. Petersona.","breadcrumb":{"@id":"https:\/\/www.iskreni.net\/trgovina\/product\/onkraj-reda\/#breadcrumb"},"inLanguage":"sl-SI","potentialAction":[{"@type":"ReadAction","target":["https:\/\/www.iskreni.net\/trgovina\/product\/onkraj-reda\/"]}]},{"@type":"ImageObject","inLanguage":"sl-SI","@id":"https:\/\/www.iskreni.net\/trgovina\/product\/onkraj-reda\/#primaryimage","url":"https:\/\/www.iskreni.net\/trgovina\/wp-content\/uploads\/2021\/03\/Peterson-II.jpg","contentUrl":"https:\/\/www.iskreni.net\/trgovina\/wp-content\/uploads\/2021\/03\/Peterson-II.jpg","width":1000,"height":1000,"caption":"Onkraj reda"},{"@type":"BreadcrumbList","@id":"https:\/\/www.iskreni.net\/trgovina\/product\/onkraj-reda\/#breadcrumb","itemListElement":[{"@type":"ListItem","position":1,"name":"Home","item":"https:\/\/www.iskreni.net\/trgovina\/"},{"@type":"ListItem","position":2,"name":"Trgovina","item":"https:\/\/www.iskreni.net\/trgovina\/trgovina\/"},{"@type":"ListItem","position":3,"name":"Onkraj reda &#8211; \u0160e 12 pravil za \u017eivljenje"}]},{"@type":"WebSite","@id":"https:\/\/www.iskreni.net\/trgovina\/#website","url":"https:\/\/www.iskreni.net\/trgovina\/","name":"Zavod Iskreni","description":"trgovina","potentialAction":[{"@type":"SearchAction","target":{"@type":"EntryPoint","urlTemplate":"https:\/\/www.iskreni.net\/trgovina\/?s={search_term_string}"},"query-input":{"@type":"PropertyValueSpecification","valueRequired":true,"valueName":"search_term_string"}}],"inLanguage":"sl-SI"}]}},"_links":{"self":[{"href":"https:\/\/www.iskreni.net\/trgovina\/wp-json\/wp\/v2\/product\/39755","targetHints":{"allow":["GET"]}}],"collection":[{"href":"https:\/\/www.iskreni.net\/trgovina\/wp-json\/wp\/v2\/product"}],"about":[{"href":"https:\/\/www.iskreni.net\/trgovina\/wp-json\/wp\/v2\/types\/product"}],"replies":[{"embeddable":true,"href":"https:\/\/www.iskreni.net\/trgovina\/wp-json\/wp\/v2\/comments?post=39755"}],"version-history":[{"count":5,"href":"https:\/\/www.iskreni.net\/trgovina\/wp-json\/wp\/v2\/product\/39755\/revisions"}],"predecessor-version":[{"id":70211,"href":"https:\/\/www.iskreni.net\/trgovina\/wp-json\/wp\/v2\/product\/39755\/revisions\/70211"}],"wp:featuredmedia":[{"embeddable":true,"href":"https:\/\/www.iskreni.net\/trgovina\/wp-json\/wp\/v2\/media\/39786"}],"wp:attachment":[{"href":"https:\/\/www.iskreni.net\/trgovina\/wp-json\/wp\/v2\/media?parent=39755"}],"wp:term":[{"taxonomy":"product_brand","embeddable":true,"href":"https:\/\/www.iskreni.net\/trgovina\/wp-json\/wp\/v2\/product_brand?post=39755"},{"taxonomy":"product_cat","embeddable":true,"href":"https:\/\/www.iskreni.net\/trgovina\/wp-json\/wp\/v2\/product_cat?post=39755"},{"taxonomy":"product_tag","embeddable":true,"href":"https:\/\/www.iskreni.net\/trgovina\/wp-json\/wp\/v2\/product_tag?post=39755"},{"taxonomy":"avtor","embeddable":true,"href":"https:\/\/www.iskreni.net\/trgovina\/wp-json\/wp\/v2\/avtor?post=39755"},{"taxonomy":"zalozba","embeddable":true,"href":"https:\/\/www.iskreni.net\/trgovina\/wp-json\/wp\/v2\/zalozba?post=39755"},{"taxonomy":"vezava","embeddable":true,"href":"https:\/\/www.iskreni.net\/trgovina\/wp-json\/wp\/v2\/vezava?post=39755"}],"curies":[{"name":"wp","href":"https:\/\/api.w.org\/{rel}","templated":true}]}}