{"id":3800,"date":"2017-11-23T13:47:39","date_gmt":"2017-11-23T12:47:39","guid":{"rendered":"https:\/\/www.iskreni.net\/trgovina\/product\/jezusove-prilike\/"},"modified":"2023-10-18T14:16:37","modified_gmt":"2023-10-18T12:16:37","slug":"jezusove-prilike","status":"publish","type":"product","link":"https:\/\/www.iskreni.net\/trgovina\/product\/jezusove-prilike\/","title":{"rendered":"Jezusove prilike"},"content":{"rendered":"<h4>O knjigi <em>Jezusove prilike<\/em><\/h4>\n<p><em>Evangeljske prilike so preproste zgodbe, ki jih je Jezus pripovedoval\u00a0<\/em><em>svojim prijateljem, da bi jim pomagal bolje razumeti,\u00a0<\/em><em>kdo je Bog. V zgodbah je Jezus uporabil prispodobe iz vsakdanjega\u00a0<\/em><em>\u017eivljenja ljudi tistega \u010dasa. Danes pa za nas te prilike\u00a0<\/em><em>niso vselej tako preprosto razumljive. Svet se je spremenil in\u00a0<\/em><em>podobe, ki jih uporablja Jezus, se nam v\u010dasih zdijo oddaljene.\u00a0<\/em><em>V prikupni slikanici so najlep\u0161e evangeljske prilike povedane\u00a0<\/em><em>na otrokom razumljiv na\u010din.<\/em><\/p>\n<p>Prilika je zgodba, povedana v jeziku, polnem prispodob, ki\u00a0jih ljudje lahko razumejo. V prilikah so uporabljene preproste\u00a0besede \u2013 besede in dogodki iz vsakdanjega \u017eivljenja. Vendar\u00a0prilike nikakor niso nekak\u0161ne zgodbice za lahko no\u010d! Ljudem,\u00a0ki jih poslu\u0161ajo, pojasnjujejo precej zapletene re\u010di. Spodbujajo\u00a0nas k razmi\u0161ljanju o ne\u010dem globljem. Evangeljske pripovedi\u00a0so Bo\u017eja beseda, ki se pred nami odpira kot zaklad!<\/p>\n<p>Jezusove prilike tudi otroke vabijo k razmi\u0161ljanju. Ob prebiranju\u00a0zgodb, ki vsakomur na prav poseben na\u010din govorijo o Bogu\u00a0in njegovi ljubezni, bodo v\u010dasih presene\u010deni, za\u010dudeni, jezni\u00a0in nato pomirjeni. Prilike nas vabijo na pot: najpomembnej\u0161e\u00a0je namre\u010d spoznanje, da je v vsaki zgodbi, ki jo pripoveduje\u00a0Jezus, nekaj nas, nekaj drugih in veliko Boga.<\/p>\n<p>Avtorji so sodelavci francoske katoli\u0161ke revije Filot\u00e9o, namenjene otrokom, in\u00a0so strokovnjaki razli\u010dnih humanisti\u010dnih smeri. Tokrat\u00a0so se poglobili v Jezusove prilike in jih prikazali tako, da\u00a0nagovarjajo tudi dana\u0161nje otroke.<\/p>\n<p>&nbsp;<\/p>\n","protected":false},"excerpt":{"rendered":"<p><strong>Ilustrator:<\/strong> Clotilde Perrin<br \/>\n<strong>Prevajalec:<\/strong> Tadeja Petrov\u010di\u010d Jerina<br \/>\n<strong>Leto izdaje:<\/strong> 2017<br \/>\n<strong>\u0160tevilo strani:<\/strong> 64<\/p>\n<p>&nbsp;<\/p>\n","protected":false},"featured_media":3801,"comment_status":"open","ping_status":"closed","template":"","meta":[],"product_brand":[247],"product_cat":[63,135],"product_tag":[391,390],"avtor":[2465],"zalozba":[2337],"vezava":[2306],"class_list":{"0":"post-3800","1":"product","2":"type-product","3":"status-publish","4":"has-post-thumbnail","6":"product_brand-mohorjeva-druzba","7":"product_cat-knjige","8":"product_cat-za-otroke","9":"product_tag-jezus","10":"product_tag-sveto-pismo","11":"avtor-marie-aubinais","12":"zalozba-celjska-mohorjeva-druzba","13":"vezava-trda","15":"first","16":"instock","17":"taxable","18":"shipping-taxable","19":"purchasable","20":"product-type-simple"},"yoast_head":"<!-- This site is optimized with the Yoast SEO plugin v26.3 - https:\/\/yoast.com\/wordpress\/plugins\/seo\/ -->\n<title>Jezusove prilike - Zavod Iskreni<\/title>\n<meta name=\"description\" content=\"Jezusove prilike na poseben na\u010din vabijo otroke k spoznavanju, da je v vsaki priliki nekaj nas, nekaj drugih in veliko Boga.\" \/>\n<meta name=\"robots\" content=\"index, follow, max-snippet:-1, max-image-preview:large, max-video-preview:-1\" \/>\n<link rel=\"canonical\" href=\"https:\/\/www.iskreni.net\/trgovina\/product\/jezusove-prilike\/\" \/>\n<meta property=\"og:locale\" content=\"sl_SI\" \/>\n<meta property=\"og:type\" content=\"article\" \/>\n<meta property=\"og:title\" content=\"Jezusove prilike - Zavod Iskreni\" \/>\n<meta property=\"og:description\" content=\"Jezusove prilike na poseben na\u010din vabijo otroke k spoznavanju, da je v vsaki priliki nekaj nas, nekaj drugih in veliko Boga.\" \/>\n<meta property=\"og:url\" content=\"https:\/\/www.iskreni.net\/trgovina\/product\/jezusove-prilike\/\" \/>\n<meta property=\"og:site_name\" content=\"Zavod Iskreni\" \/>\n<meta property=\"article:modified_time\" content=\"2023-10-18T12:16:37+00:00\" \/>\n<meta property=\"og:image\" content=\"https:\/\/www.iskreni.net\/trgovina\/wp-content\/uploads\/2017\/11\/Jezusove-prilike.jpg\" \/>\n\t<meta property=\"og:image:width\" content=\"250\" \/>\n\t<meta property=\"og:image:height\" content=\"330\" \/>\n\t<meta property=\"og:image:type\" content=\"image\/jpeg\" \/>\n<meta name=\"twitter:card\" content=\"summary_large_image\" \/>\n<meta name=\"twitter:label1\" content=\"Est. reading time\" \/>\n\t<meta name=\"twitter:data1\" content=\"2 minuti\" \/>\n<script type=\"application\/ld+json\" class=\"yoast-schema-graph\">{\"@context\":\"https:\/\/schema.org\",\"@graph\":[{\"@type\":\"WebPage\",\"@id\":\"https:\/\/www.iskreni.net\/trgovina\/product\/jezusove-prilike\/\",\"url\":\"https:\/\/www.iskreni.net\/trgovina\/product\/jezusove-prilike\/\",\"name\":\"Jezusove prilike - Zavod Iskreni\",\"isPartOf\":{\"@id\":\"https:\/\/www.iskreni.net\/trgovina\/#website\"},\"primaryImageOfPage\":{\"@id\":\"https:\/\/www.iskreni.net\/trgovina\/product\/jezusove-prilike\/#primaryimage\"},\"image\":{\"@id\":\"https:\/\/www.iskreni.net\/trgovina\/product\/jezusove-prilike\/#primaryimage\"},\"thumbnailUrl\":\"https:\/\/www.iskreni.net\/trgovina\/wp-content\/uploads\/2017\/11\/Jezusove-prilike.jpg\",\"datePublished\":\"2017-11-23T12:47:39+00:00\",\"dateModified\":\"2023-10-18T12:16:37+00:00\",\"description\":\"Jezusove prilike na poseben na\u010din vabijo otroke k spoznavanju, da je v vsaki priliki nekaj nas, nekaj drugih in veliko Boga.\",\"breadcrumb\":{\"@id\":\"https:\/\/www.iskreni.net\/trgovina\/product\/jezusove-prilike\/#breadcrumb\"},\"inLanguage\":\"sl-SI\",\"potentialAction\":[{\"@type\":\"ReadAction\",\"target\":[\"https:\/\/www.iskreni.net\/trgovina\/product\/jezusove-prilike\/\"]}]},{\"@type\":\"ImageObject\",\"inLanguage\":\"sl-SI\",\"@id\":\"https:\/\/www.iskreni.net\/trgovina\/product\/jezusove-prilike\/#primaryimage\",\"url\":\"https:\/\/www.iskreni.net\/trgovina\/wp-content\/uploads\/2017\/11\/Jezusove-prilike.jpg\",\"contentUrl\":\"https:\/\/www.iskreni.net\/trgovina\/wp-content\/uploads\/2017\/11\/Jezusove-prilike.jpg\",\"width\":250,\"height\":330},{\"@type\":\"BreadcrumbList\",\"@id\":\"https:\/\/www.iskreni.net\/trgovina\/product\/jezusove-prilike\/#breadcrumb\",\"itemListElement\":[{\"@type\":\"ListItem\",\"position\":1,\"name\":\"Home\",\"item\":\"https:\/\/www.iskreni.net\/trgovina\/\"},{\"@type\":\"ListItem\",\"position\":2,\"name\":\"Trgovina\",\"item\":\"https:\/\/www.iskreni.net\/trgovina\/trgovina\/\"},{\"@type\":\"ListItem\",\"position\":3,\"name\":\"Jezusove prilike\"}]},{\"@type\":\"WebSite\",\"@id\":\"https:\/\/www.iskreni.net\/trgovina\/#website\",\"url\":\"https:\/\/www.iskreni.net\/trgovina\/\",\"name\":\"Zavod Iskreni\",\"description\":\"trgovina\",\"potentialAction\":[{\"@type\":\"SearchAction\",\"target\":{\"@type\":\"EntryPoint\",\"urlTemplate\":\"https:\/\/www.iskreni.net\/trgovina\/?s={search_term_string}\"},\"query-input\":{\"@type\":\"PropertyValueSpecification\",\"valueRequired\":true,\"valueName\":\"search_term_string\"}}],\"inLanguage\":\"sl-SI\"}]}<\/script>\n<!-- \/ Yoast SEO plugin. -->","yoast_head_json":{"title":"Jezusove prilike - Zavod Iskreni","description":"Jezusove prilike na poseben na\u010din vabijo otroke k spoznavanju, da je v vsaki priliki nekaj nas, nekaj drugih in veliko Boga.","robots":{"index":"index","follow":"follow","max-snippet":"max-snippet:-1","max-image-preview":"max-image-preview:large","max-video-preview":"max-video-preview:-1"},"canonical":"https:\/\/www.iskreni.net\/trgovina\/product\/jezusove-prilike\/","og_locale":"sl_SI","og_type":"article","og_title":"Jezusove prilike - Zavod Iskreni","og_description":"Jezusove prilike na poseben na\u010din vabijo otroke k spoznavanju, da je v vsaki priliki nekaj nas, nekaj drugih in veliko Boga.","og_url":"https:\/\/www.iskreni.net\/trgovina\/product\/jezusove-prilike\/","og_site_name":"Zavod Iskreni","article_modified_time":"2023-10-18T12:16:37+00:00","og_image":[{"width":250,"height":330,"url":"https:\/\/www.iskreni.net\/trgovina\/wp-content\/uploads\/2017\/11\/Jezusove-prilike.jpg","type":"image\/jpeg"}],"twitter_card":"summary_large_image","twitter_misc":{"Est. reading time":"2 minuti"},"schema":{"@context":"https:\/\/schema.org","@graph":[{"@type":"WebPage","@id":"https:\/\/www.iskreni.net\/trgovina\/product\/jezusove-prilike\/","url":"https:\/\/www.iskreni.net\/trgovina\/product\/jezusove-prilike\/","name":"Jezusove prilike - Zavod Iskreni","isPartOf":{"@id":"https:\/\/www.iskreni.net\/trgovina\/#website"},"primaryImageOfPage":{"@id":"https:\/\/www.iskreni.net\/trgovina\/product\/jezusove-prilike\/#primaryimage"},"image":{"@id":"https:\/\/www.iskreni.net\/trgovina\/product\/jezusove-prilike\/#primaryimage"},"thumbnailUrl":"https:\/\/www.iskreni.net\/trgovina\/wp-content\/uploads\/2017\/11\/Jezusove-prilike.jpg","datePublished":"2017-11-23T12:47:39+00:00","dateModified":"2023-10-18T12:16:37+00:00","description":"Jezusove prilike na poseben na\u010din vabijo otroke k spoznavanju, da je v vsaki priliki nekaj nas, nekaj drugih in veliko Boga.","breadcrumb":{"@id":"https:\/\/www.iskreni.net\/trgovina\/product\/jezusove-prilike\/#breadcrumb"},"inLanguage":"sl-SI","potentialAction":[{"@type":"ReadAction","target":["https:\/\/www.iskreni.net\/trgovina\/product\/jezusove-prilike\/"]}]},{"@type":"ImageObject","inLanguage":"sl-SI","@id":"https:\/\/www.iskreni.net\/trgovina\/product\/jezusove-prilike\/#primaryimage","url":"https:\/\/www.iskreni.net\/trgovina\/wp-content\/uploads\/2017\/11\/Jezusove-prilike.jpg","contentUrl":"https:\/\/www.iskreni.net\/trgovina\/wp-content\/uploads\/2017\/11\/Jezusove-prilike.jpg","width":250,"height":330},{"@type":"BreadcrumbList","@id":"https:\/\/www.iskreni.net\/trgovina\/product\/jezusove-prilike\/#breadcrumb","itemListElement":[{"@type":"ListItem","position":1,"name":"Home","item":"https:\/\/www.iskreni.net\/trgovina\/"},{"@type":"ListItem","position":2,"name":"Trgovina","item":"https:\/\/www.iskreni.net\/trgovina\/trgovina\/"},{"@type":"ListItem","position":3,"name":"Jezusove prilike"}]},{"@type":"WebSite","@id":"https:\/\/www.iskreni.net\/trgovina\/#website","url":"https:\/\/www.iskreni.net\/trgovina\/","name":"Zavod Iskreni","description":"trgovina","potentialAction":[{"@type":"SearchAction","target":{"@type":"EntryPoint","urlTemplate":"https:\/\/www.iskreni.net\/trgovina\/?s={search_term_string}"},"query-input":{"@type":"PropertyValueSpecification","valueRequired":true,"valueName":"search_term_string"}}],"inLanguage":"sl-SI"}]}},"_links":{"self":[{"href":"https:\/\/www.iskreni.net\/trgovina\/wp-json\/wp\/v2\/product\/3800","targetHints":{"allow":["GET"]}}],"collection":[{"href":"https:\/\/www.iskreni.net\/trgovina\/wp-json\/wp\/v2\/product"}],"about":[{"href":"https:\/\/www.iskreni.net\/trgovina\/wp-json\/wp\/v2\/types\/product"}],"replies":[{"embeddable":true,"href":"https:\/\/www.iskreni.net\/trgovina\/wp-json\/wp\/v2\/comments?post=3800"}],"version-history":[{"count":3,"href":"https:\/\/www.iskreni.net\/trgovina\/wp-json\/wp\/v2\/product\/3800\/revisions"}],"predecessor-version":[{"id":70048,"href":"https:\/\/www.iskreni.net\/trgovina\/wp-json\/wp\/v2\/product\/3800\/revisions\/70048"}],"wp:featuredmedia":[{"embeddable":true,"href":"https:\/\/www.iskreni.net\/trgovina\/wp-json\/wp\/v2\/media\/3801"}],"wp:attachment":[{"href":"https:\/\/www.iskreni.net\/trgovina\/wp-json\/wp\/v2\/media?parent=3800"}],"wp:term":[{"taxonomy":"product_brand","embeddable":true,"href":"https:\/\/www.iskreni.net\/trgovina\/wp-json\/wp\/v2\/product_brand?post=3800"},{"taxonomy":"product_cat","embeddable":true,"href":"https:\/\/www.iskreni.net\/trgovina\/wp-json\/wp\/v2\/product_cat?post=3800"},{"taxonomy":"product_tag","embeddable":true,"href":"https:\/\/www.iskreni.net\/trgovina\/wp-json\/wp\/v2\/product_tag?post=3800"},{"taxonomy":"avtor","embeddable":true,"href":"https:\/\/www.iskreni.net\/trgovina\/wp-json\/wp\/v2\/avtor?post=3800"},{"taxonomy":"zalozba","embeddable":true,"href":"https:\/\/www.iskreni.net\/trgovina\/wp-json\/wp\/v2\/zalozba?post=3800"},{"taxonomy":"vezava","embeddable":true,"href":"https:\/\/www.iskreni.net\/trgovina\/wp-json\/wp\/v2\/vezava?post=3800"}],"curies":[{"name":"wp","href":"https:\/\/api.w.org\/{rel}","templated":true}]}}