{"id":3743,"date":"2017-10-24T10:54:25","date_gmt":"2017-10-24T08:54:25","guid":{"rendered":"https:\/\/www.iskreni.net\/trgovina\/product\/moja-prva\/"},"modified":"2026-04-21T09:36:08","modified_gmt":"2026-04-21T07:36:08","slug":"moja-prva","status":"publish","type":"product","link":"https:\/\/www.iskreni.net\/trgovina\/product\/moja-prva\/","title":{"rendered":"Komplet Moja prva"},"content":{"rendered":"<h4>Opis:<\/h4>\n<ul>\n<li>komplet vsebuje 2 vlo\u017eka s krilci (S in M) in nepremo\u010dljivo dvodelno torbico S<\/li>\n<li>vlo\u017eki in torbica so simpati\u010dnih dekli\u0161kih motivov<\/li>\n<li>pakirano v prosojni darilni vre\u010dki<\/li>\n<li><strong>idealno dekli\u0161ko darilo, \u0161e posebej za dekle ob prvi menstruaciji<\/strong><\/li>\n<\/ul>\n<h4>Material:<\/h4>\n<ul>\n<li><strong>Sestava vlo\u017ekov:\u00a0<\/strong>zgornja plast 95 % bomba\u017e, 5 % elastan; vmesne plasti 77 %\u00a0viskoza (bambus), 23 % poliester; spodnja nepremo\u010dljiva plast 70 % bomba\u017e, 30 % poliester, poliuretanski premaz.<\/li>\n<li><strong>Sestava torbice:<\/strong>\u00a0zunanja plast: 95 % bomba\u017e, 5 % elastan, notranje nepremo\u010dljive plasti: 70 % bomba\u017e, 30 % poliester, poliuretanski premaz<\/li>\n<li>material za nepremo\u010dljivo plast je izdelan v Nem\u010diji, ima certifikat Ekotex 100 razred 1 in je brez PVC in formaldehida<\/li>\n<\/ul>\n<h4>Vzdr\u017eevanje:<\/h4>\n<ul>\n<li>deklarirano za temperaturo pranja pri 95 <sup>o<\/sup>C<\/li>\n<li>lahko se su\u0161i v su\u0161ilnem stroju<\/li>\n<li>tudi barvni vlo\u017eki ne obarvajo belega perila<\/li>\n<\/ul>\n<h4>Uporaba:<\/h4>\n<ul>\n<li>srednji vlo\u017eek je namenjen v dneh mo\u010dnej\u0161e menstruacije, manj\u0161i pa v zadnjih dneh<\/li>\n<\/ul>\n<ul>\n<li style=\"list-style-type: none;\"><\/li>\n<\/ul>\n","protected":false},"excerpt":{"rendered":"<p>Li\u010den darilni paket za prvo menstruacijo. Vrednost izdelkov: 18,40 \u20ac.<\/p>\n<p>Paket\u00a0vsebuje\u00a0<strong>1 vlo\u017eek M,<\/strong>\u00a0(5,82 \u20ac), <strong>1<\/strong><strong>\u00a0vlo\u017eek <\/strong>S (5,59 \u20ac) in<strong> nepremo\u010dljivo dvodelno torbico S<\/strong>\u00a0(6,99 \u20ac) v <strong>prosojni darilni vre\u010dki.<\/strong><strong>\u00a0<\/strong><\/p>\n<p><strong>Idealno darilo za dekle ob prvi menstruaciji.<\/strong><\/p>\n","protected":false},"featured_media":3886,"comment_status":"open","ping_status":"closed","template":"","meta":[],"product_brand":[],"product_cat":[83,955],"product_tag":[],"avtor":[],"zalozba":[],"vezava":[],"class_list":{"0":"post-3743","1":"product","2":"type-product","3":"status-publish","4":"has-post-thumbnail","6":"product_cat-izdelki-za-menstruacijo","7":"product_cat-kompleti-vlozkov","9":"first","10":"instock","11":"taxable","12":"shipping-taxable","13":"purchasable","14":"product-type-simple"},"yoast_head":"<!-- This site is optimized with the Yoast SEO plugin v26.3 - https:\/\/yoast.com\/wordpress\/plugins\/seo\/ -->\n<title>Moja prva - darilni komplet za prvo menstruacijo - trgovina Iskreni<\/title>\n<meta name=\"description\" content=\"Moja prva je li\u010den darilni paket za prvo menstruacijo. Paket\u00a0vsebuje\u00a01 vlo\u017eek M, 1\u00a0vlo\u017eek S in nepremo\u010dljivo dvodelno torbico S\u00a0 v prosojni darilni vre\u010dki.\u00a0\" \/>\n<meta name=\"robots\" content=\"index, follow, max-snippet:-1, max-image-preview:large, max-video-preview:-1\" \/>\n<link rel=\"canonical\" href=\"https:\/\/www.iskreni.net\/trgovina\/product\/moja-prva\/\" \/>\n<meta property=\"og:locale\" content=\"sl_SI\" \/>\n<meta property=\"og:type\" content=\"article\" \/>\n<meta property=\"og:title\" content=\"Moja prva - darilni komplet za prvo menstruacijo - trgovina Iskreni\" \/>\n<meta property=\"og:description\" content=\"Moja prva je li\u010den darilni paket za prvo menstruacijo. Paket\u00a0vsebuje\u00a01 vlo\u017eek M, 1\u00a0vlo\u017eek S in nepremo\u010dljivo dvodelno torbico S\u00a0 v prosojni darilni vre\u010dki.\u00a0\" \/>\n<meta property=\"og:url\" content=\"https:\/\/www.iskreni.net\/trgovina\/product\/moja-prva\/\" \/>\n<meta property=\"og:site_name\" content=\"Zavod Iskreni\" \/>\n<meta property=\"article:modified_time\" content=\"2026-04-21T07:36:08+00:00\" \/>\n<meta property=\"og:image\" content=\"https:\/\/www.iskreni.net\/trgovina\/wp-content\/uploads\/2017\/12\/pralni-vlozki.jpeg\" \/>\n\t<meta property=\"og:image:width\" content=\"600\" \/>\n\t<meta property=\"og:image:height\" content=\"440\" \/>\n\t<meta property=\"og:image:type\" content=\"image\/jpeg\" \/>\n<meta name=\"twitter:card\" content=\"summary_large_image\" \/>\n<meta name=\"twitter:label1\" content=\"Est. reading time\" \/>\n\t<meta name=\"twitter:data1\" content=\"2 minuti\" \/>\n<script type=\"application\/ld+json\" class=\"yoast-schema-graph\">{\"@context\":\"https:\/\/schema.org\",\"@graph\":[{\"@type\":\"WebPage\",\"@id\":\"https:\/\/www.iskreni.net\/trgovina\/product\/moja-prva\/\",\"url\":\"https:\/\/www.iskreni.net\/trgovina\/product\/moja-prva\/\",\"name\":\"Moja prva - darilni komplet za prvo menstruacijo - trgovina Iskreni\",\"isPartOf\":{\"@id\":\"https:\/\/www.iskreni.net\/trgovina\/#website\"},\"primaryImageOfPage\":{\"@id\":\"https:\/\/www.iskreni.net\/trgovina\/product\/moja-prva\/#primaryimage\"},\"image\":{\"@id\":\"https:\/\/www.iskreni.net\/trgovina\/product\/moja-prva\/#primaryimage\"},\"thumbnailUrl\":\"https:\/\/www.iskreni.net\/trgovina\/wp-content\/uploads\/2017\/12\/pralni-vlozki.jpeg\",\"datePublished\":\"2017-10-24T08:54:25+00:00\",\"dateModified\":\"2026-04-21T07:36:08+00:00\",\"description\":\"Moja prva je li\u010den darilni paket za prvo menstruacijo. Paket\u00a0vsebuje\u00a01 vlo\u017eek M, 1\u00a0vlo\u017eek S in nepremo\u010dljivo dvodelno torbico S\u00a0 v prosojni darilni vre\u010dki.\u00a0\",\"breadcrumb\":{\"@id\":\"https:\/\/www.iskreni.net\/trgovina\/product\/moja-prva\/#breadcrumb\"},\"inLanguage\":\"sl-SI\",\"potentialAction\":[{\"@type\":\"ReadAction\",\"target\":[\"https:\/\/www.iskreni.net\/trgovina\/product\/moja-prva\/\"]}]},{\"@type\":\"ImageObject\",\"inLanguage\":\"sl-SI\",\"@id\":\"https:\/\/www.iskreni.net\/trgovina\/product\/moja-prva\/#primaryimage\",\"url\":\"https:\/\/www.iskreni.net\/trgovina\/wp-content\/uploads\/2017\/12\/pralni-vlozki.jpeg\",\"contentUrl\":\"https:\/\/www.iskreni.net\/trgovina\/wp-content\/uploads\/2017\/12\/pralni-vlozki.jpeg\",\"width\":600,\"height\":440},{\"@type\":\"BreadcrumbList\",\"@id\":\"https:\/\/www.iskreni.net\/trgovina\/product\/moja-prva\/#breadcrumb\",\"itemListElement\":[{\"@type\":\"ListItem\",\"position\":1,\"name\":\"Home\",\"item\":\"https:\/\/www.iskreni.net\/trgovina\/\"},{\"@type\":\"ListItem\",\"position\":2,\"name\":\"Trgovina\",\"item\":\"https:\/\/www.iskreni.net\/trgovina\/trgovina\/\"},{\"@type\":\"ListItem\",\"position\":3,\"name\":\"Komplet Moja prva\"}]},{\"@type\":\"WebSite\",\"@id\":\"https:\/\/www.iskreni.net\/trgovina\/#website\",\"url\":\"https:\/\/www.iskreni.net\/trgovina\/\",\"name\":\"Zavod Iskreni\",\"description\":\"trgovina\",\"potentialAction\":[{\"@type\":\"SearchAction\",\"target\":{\"@type\":\"EntryPoint\",\"urlTemplate\":\"https:\/\/www.iskreni.net\/trgovina\/?s={search_term_string}\"},\"query-input\":{\"@type\":\"PropertyValueSpecification\",\"valueRequired\":true,\"valueName\":\"search_term_string\"}}],\"inLanguage\":\"sl-SI\"}]}<\/script>\n<!-- \/ Yoast SEO plugin. -->","yoast_head_json":{"title":"Moja prva - darilni komplet za prvo menstruacijo - trgovina Iskreni","description":"Moja prva je li\u010den darilni paket za prvo menstruacijo. Paket\u00a0vsebuje\u00a01 vlo\u017eek M, 1\u00a0vlo\u017eek S in nepremo\u010dljivo dvodelno torbico S\u00a0 v prosojni darilni vre\u010dki.\u00a0","robots":{"index":"index","follow":"follow","max-snippet":"max-snippet:-1","max-image-preview":"max-image-preview:large","max-video-preview":"max-video-preview:-1"},"canonical":"https:\/\/www.iskreni.net\/trgovina\/product\/moja-prva\/","og_locale":"sl_SI","og_type":"article","og_title":"Moja prva - darilni komplet za prvo menstruacijo - trgovina Iskreni","og_description":"Moja prva je li\u010den darilni paket za prvo menstruacijo. Paket\u00a0vsebuje\u00a01 vlo\u017eek M, 1\u00a0vlo\u017eek S in nepremo\u010dljivo dvodelno torbico S\u00a0 v prosojni darilni vre\u010dki.\u00a0","og_url":"https:\/\/www.iskreni.net\/trgovina\/product\/moja-prva\/","og_site_name":"Zavod Iskreni","article_modified_time":"2026-04-21T07:36:08+00:00","og_image":[{"width":600,"height":440,"url":"https:\/\/www.iskreni.net\/trgovina\/wp-content\/uploads\/2017\/12\/pralni-vlozki.jpeg","type":"image\/jpeg"}],"twitter_card":"summary_large_image","twitter_misc":{"Est. reading time":"2 minuti"},"schema":{"@context":"https:\/\/schema.org","@graph":[{"@type":"WebPage","@id":"https:\/\/www.iskreni.net\/trgovina\/product\/moja-prva\/","url":"https:\/\/www.iskreni.net\/trgovina\/product\/moja-prva\/","name":"Moja prva - darilni komplet za prvo menstruacijo - trgovina Iskreni","isPartOf":{"@id":"https:\/\/www.iskreni.net\/trgovina\/#website"},"primaryImageOfPage":{"@id":"https:\/\/www.iskreni.net\/trgovina\/product\/moja-prva\/#primaryimage"},"image":{"@id":"https:\/\/www.iskreni.net\/trgovina\/product\/moja-prva\/#primaryimage"},"thumbnailUrl":"https:\/\/www.iskreni.net\/trgovina\/wp-content\/uploads\/2017\/12\/pralni-vlozki.jpeg","datePublished":"2017-10-24T08:54:25+00:00","dateModified":"2026-04-21T07:36:08+00:00","description":"Moja prva je li\u010den darilni paket za prvo menstruacijo. Paket\u00a0vsebuje\u00a01 vlo\u017eek M, 1\u00a0vlo\u017eek S in nepremo\u010dljivo dvodelno torbico S\u00a0 v prosojni darilni vre\u010dki.\u00a0","breadcrumb":{"@id":"https:\/\/www.iskreni.net\/trgovina\/product\/moja-prva\/#breadcrumb"},"inLanguage":"sl-SI","potentialAction":[{"@type":"ReadAction","target":["https:\/\/www.iskreni.net\/trgovina\/product\/moja-prva\/"]}]},{"@type":"ImageObject","inLanguage":"sl-SI","@id":"https:\/\/www.iskreni.net\/trgovina\/product\/moja-prva\/#primaryimage","url":"https:\/\/www.iskreni.net\/trgovina\/wp-content\/uploads\/2017\/12\/pralni-vlozki.jpeg","contentUrl":"https:\/\/www.iskreni.net\/trgovina\/wp-content\/uploads\/2017\/12\/pralni-vlozki.jpeg","width":600,"height":440},{"@type":"BreadcrumbList","@id":"https:\/\/www.iskreni.net\/trgovina\/product\/moja-prva\/#breadcrumb","itemListElement":[{"@type":"ListItem","position":1,"name":"Home","item":"https:\/\/www.iskreni.net\/trgovina\/"},{"@type":"ListItem","position":2,"name":"Trgovina","item":"https:\/\/www.iskreni.net\/trgovina\/trgovina\/"},{"@type":"ListItem","position":3,"name":"Komplet Moja prva"}]},{"@type":"WebSite","@id":"https:\/\/www.iskreni.net\/trgovina\/#website","url":"https:\/\/www.iskreni.net\/trgovina\/","name":"Zavod Iskreni","description":"trgovina","potentialAction":[{"@type":"SearchAction","target":{"@type":"EntryPoint","urlTemplate":"https:\/\/www.iskreni.net\/trgovina\/?s={search_term_string}"},"query-input":{"@type":"PropertyValueSpecification","valueRequired":true,"valueName":"search_term_string"}}],"inLanguage":"sl-SI"}]}},"_links":{"self":[{"href":"https:\/\/www.iskreni.net\/trgovina\/wp-json\/wp\/v2\/product\/3743","targetHints":{"allow":["GET"]}}],"collection":[{"href":"https:\/\/www.iskreni.net\/trgovina\/wp-json\/wp\/v2\/product"}],"about":[{"href":"https:\/\/www.iskreni.net\/trgovina\/wp-json\/wp\/v2\/types\/product"}],"replies":[{"embeddable":true,"href":"https:\/\/www.iskreni.net\/trgovina\/wp-json\/wp\/v2\/comments?post=3743"}],"version-history":[{"count":6,"href":"https:\/\/www.iskreni.net\/trgovina\/wp-json\/wp\/v2\/product\/3743\/revisions"}],"predecessor-version":[{"id":88948,"href":"https:\/\/www.iskreni.net\/trgovina\/wp-json\/wp\/v2\/product\/3743\/revisions\/88948"}],"wp:featuredmedia":[{"embeddable":true,"href":"https:\/\/www.iskreni.net\/trgovina\/wp-json\/wp\/v2\/media\/3886"}],"wp:attachment":[{"href":"https:\/\/www.iskreni.net\/trgovina\/wp-json\/wp\/v2\/media?parent=3743"}],"wp:term":[{"taxonomy":"product_brand","embeddable":true,"href":"https:\/\/www.iskreni.net\/trgovina\/wp-json\/wp\/v2\/product_brand?post=3743"},{"taxonomy":"product_cat","embeddable":true,"href":"https:\/\/www.iskreni.net\/trgovina\/wp-json\/wp\/v2\/product_cat?post=3743"},{"taxonomy":"product_tag","embeddable":true,"href":"https:\/\/www.iskreni.net\/trgovina\/wp-json\/wp\/v2\/product_tag?post=3743"},{"taxonomy":"avtor","embeddable":true,"href":"https:\/\/www.iskreni.net\/trgovina\/wp-json\/wp\/v2\/avtor?post=3743"},{"taxonomy":"zalozba","embeddable":true,"href":"https:\/\/www.iskreni.net\/trgovina\/wp-json\/wp\/v2\/zalozba?post=3743"},{"taxonomy":"vezava","embeddable":true,"href":"https:\/\/www.iskreni.net\/trgovina\/wp-json\/wp\/v2\/vezava?post=3743"}],"curies":[{"name":"wp","href":"https:\/\/api.w.org\/{rel}","templated":true}]}}