{"id":3695,"date":"2017-10-04T12:55:28","date_gmt":"2017-10-04T10:55:28","guid":{"rendered":"https:\/\/www.iskreni.net\/trgovina\/product\/poroci-se-z-njo-umri-zanjo\/"},"modified":"2026-02-20T10:47:30","modified_gmt":"2026-02-20T09:47:30","slug":"poroci-se-z-njo-umri-zanjo","status":"publish","type":"product","link":"https:\/\/www.iskreni.net\/trgovina\/product\/poroci-se-z-njo-umri-zanjo\/","title":{"rendered":"Poro\u010di se z njo in umri zanjo"},"content":{"rendered":"<div>\n<h4>O knjigi <em>Poro\u010di se z njo in umri zanjo:<\/em><\/h4>\n<p><em>\u201cVeli\u010dina poro\u010denega mo\u0161kega ni odvisna od veli\u010dine njegove \u017eene, medtem ko se njej lahko zgodi, da najde svojo veli\u010dino tudi blizu mo\u0161kega, ki ni zelo plemenit, in prav s porabo sebe, ko mu pomaga postati velik.<\/em><\/p>\n<p><em>Ho\u010demo mo\u0161ke, vedno bolj sposobne dajati \u017eivljenje, in da bi jim to lahko rekle, predlagam, da govorimo s konkretnimi dejanji, se pravi z darili; ki morajo biti, kot vsa darila, svobodna, zastonjska in mi\u0161ljena za tistega, ki jih prejme. Sposobna vzbuditi njihovo srce. Darila, ponujena z ne\u017enostjo, ne kot kletke, ki ho\u010dejo prisiliti. Ne z domi\u0161ljavostjo koga, ki ve, kaj drugi potrebuje. Darila, ki sku\u0161ajo uganiti \u017eelje, in \u010de je mogo\u010de, jih tudi prese\u010di. Ki pa morejo biti v nasprotnem primeru tudi zavrnjena. Darila, skratka.\u201d<\/em> (avtori\u010dine besede iz uvoda)<\/p>\n<h4>O avtorici<\/h4>\n<p>Costanza Miriano se je rodila v Perugi leta 1970, kjer je tudi diplomirala iz klasi\u010dne knji\u017eevnosti. \u0160tudirala je \u0161e novinarstvo, se preselila v Rim in za\u010dela delo na javni italijanski televiziji RAI. Petnajst let je urejala dnevnik na tretjem programu, sedaj pa je odgovorna za verski program RAI Vaticano. Sodeluje tudi s \u010dasopisi Avvenire, Il Timone, Credere in Il Foglio. Je gore\u010da katoli\u010danka, prepri\u010dana, da se pride v nebesa le po priporo\u010danju, zato prednostno izbira poti, ki vodijo k nebe\u0161kemu vladarju. Med temi sta obisk svete ma\u0161e in molitev ro\u017enega venca. Je poro\u010dena in ima \u0161tiri otroke, dva sinova in dve h\u010deri (in enega mo\u017ea). Pi\u0161e pono\u010di, \u010dez dan po\u010dne tiso\u010d drugih stvari, predvsem pa je mama. \u017deli si najti ve\u010d \u010dasa za svoj najljub\u0161i hobi \u2013 tek. Sodelovala je v raznih maratonskih tekih, njen osebni rekord je 3 ure in 15 minut. Bila je \u010dlanica odbora Za\u0161\u010ditimo na\u0161e otroke, ki je organiziral odmevna Family Day v Rimu 20. junija 2015 in 30. januarja 2016. Napisala je tudi uspe\u0161nico <a href=\"https:\/\/www.iskreni.net\/trgovina\/product\/poroci-se-bodi-podrejena\/\">Poro\u010di se in bodi podrejena.<\/a><\/p>\n<\/div>\n<p><a href=\"https:\/\/www.iskreni.net\/trgovina\/wp-content\/uploads\/2022\/09\/Poroci_se_z_njo_VSEBINA.pdf\">POGLED V KNJIGO<\/a><\/p>\n<div>\n<div>\n<div><\/div>\n<\/div>\n<\/div>\n","protected":false},"excerpt":{"rendered":"<div><strong>Prevedla:<\/strong>\u00a0Kristina \u0160kibin<br \/>\n<strong>Leto izdaje:<\/strong> 2017<br \/>\n<strong>\u0160tevilo strani:<\/strong> 189<\/div>\n<div><i>\u00a0<\/i><\/div>\n<div>\n<h4>Mednarodna uspe\u0161nica!<\/h4>\n<\/div>\n<div><a href=\"https:\/\/www.iskreni.net\/trgovina\/wp-content\/uploads\/2022\/09\/Poroci_se_z_njo_VSEBINA.pdf\">POGLED V KNJIGO<\/a><\/div>\n<div><\/div>\n","protected":false},"featured_media":3701,"comment_status":"open","ping_status":"closed","template":"","meta":[],"product_brand":[258],"product_cat":[2322,2324,63],"product_tag":[410,1507],"avtor":[2626],"zalozba":[2336],"vezava":[2635],"class_list":{"0":"post-3695","1":"product","2":"type-product","3":"status-publish","4":"has-post-thumbnail","6":"product_brand-druge-zalozbe","7":"product_cat-druzina-in-odnosi","8":"product_cat-duhovnost-in-osebna-rast","9":"product_cat-knjige","10":"product_tag-poroka","11":"product_tag-za-moske","12":"avtor-costanza-miriano","13":"zalozba-salve","14":"vezava-mehka-z-zavihki","16":"first","17":"instock","18":"taxable","19":"shipping-taxable","20":"purchasable","21":"product-type-simple"},"yoast_head":"<!-- This site is optimized with the Yoast SEO plugin v26.3 - https:\/\/yoast.com\/wordpress\/plugins\/seo\/ -->\n<title>Poro\u010di se z njo in umri zanjo - Zavod Iskreni<\/title>\n<meta name=\"description\" content=\"Poro\u010di se z njo in umri zanjo vabi mo\u0161ke na pot k pravi mo\u0161kosti: neustra\u0161nemu dajanju in prejemanju v \u017eivljenju v dru\u017eini.\" \/>\n<meta name=\"robots\" content=\"index, follow, max-snippet:-1, max-image-preview:large, max-video-preview:-1\" \/>\n<link rel=\"canonical\" href=\"https:\/\/www.iskreni.net\/trgovina\/product\/poroci-se-z-njo-umri-zanjo\/\" \/>\n<meta property=\"og:locale\" content=\"sl_SI\" \/>\n<meta property=\"og:type\" content=\"article\" \/>\n<meta property=\"og:title\" content=\"Poro\u010di se z njo in umri zanjo - Zavod Iskreni\" \/>\n<meta property=\"og:description\" content=\"Poro\u010di se z njo in umri zanjo vabi mo\u0161ke na pot k pravi mo\u0161kosti: neustra\u0161nemu dajanju in prejemanju v \u017eivljenju v dru\u017eini.\" \/>\n<meta property=\"og:url\" content=\"https:\/\/www.iskreni.net\/trgovina\/product\/poroci-se-z-njo-umri-zanjo\/\" \/>\n<meta property=\"og:site_name\" content=\"Zavod Iskreni\" \/>\n<meta property=\"article:modified_time\" content=\"2026-02-20T09:47:30+00:00\" \/>\n<meta property=\"og:image\" content=\"https:\/\/www.iskreni.net\/trgovina\/wp-content\/uploads\/2017\/10\/Miriano.jpg\" \/>\n\t<meta property=\"og:image:width\" content=\"530\" \/>\n\t<meta property=\"og:image:height\" content=\"831\" \/>\n\t<meta property=\"og:image:type\" content=\"image\/jpeg\" \/>\n<meta name=\"twitter:card\" content=\"summary_large_image\" \/>\n<meta name=\"twitter:label1\" content=\"Est. reading time\" \/>\n\t<meta name=\"twitter:data1\" content=\"2 minuti\" \/>\n<script type=\"application\/ld+json\" class=\"yoast-schema-graph\">{\"@context\":\"https:\/\/schema.org\",\"@graph\":[{\"@type\":\"WebPage\",\"@id\":\"https:\/\/www.iskreni.net\/trgovina\/product\/poroci-se-z-njo-umri-zanjo\/\",\"url\":\"https:\/\/www.iskreni.net\/trgovina\/product\/poroci-se-z-njo-umri-zanjo\/\",\"name\":\"Poro\u010di se z njo in umri zanjo - Zavod Iskreni\",\"isPartOf\":{\"@id\":\"https:\/\/www.iskreni.net\/trgovina\/#website\"},\"primaryImageOfPage\":{\"@id\":\"https:\/\/www.iskreni.net\/trgovina\/product\/poroci-se-z-njo-umri-zanjo\/#primaryimage\"},\"image\":{\"@id\":\"https:\/\/www.iskreni.net\/trgovina\/product\/poroci-se-z-njo-umri-zanjo\/#primaryimage\"},\"thumbnailUrl\":\"https:\/\/www.iskreni.net\/trgovina\/wp-content\/uploads\/2017\/10\/Miriano.jpg\",\"datePublished\":\"2017-10-04T10:55:28+00:00\",\"dateModified\":\"2026-02-20T09:47:30+00:00\",\"description\":\"Poro\u010di se z njo in umri zanjo vabi mo\u0161ke na pot k pravi mo\u0161kosti: neustra\u0161nemu dajanju in prejemanju v \u017eivljenju v dru\u017eini.\",\"breadcrumb\":{\"@id\":\"https:\/\/www.iskreni.net\/trgovina\/product\/poroci-se-z-njo-umri-zanjo\/#breadcrumb\"},\"inLanguage\":\"sl-SI\",\"potentialAction\":[{\"@type\":\"ReadAction\",\"target\":[\"https:\/\/www.iskreni.net\/trgovina\/product\/poroci-se-z-njo-umri-zanjo\/\"]}]},{\"@type\":\"ImageObject\",\"inLanguage\":\"sl-SI\",\"@id\":\"https:\/\/www.iskreni.net\/trgovina\/product\/poroci-se-z-njo-umri-zanjo\/#primaryimage\",\"url\":\"https:\/\/www.iskreni.net\/trgovina\/wp-content\/uploads\/2017\/10\/Miriano.jpg\",\"contentUrl\":\"https:\/\/www.iskreni.net\/trgovina\/wp-content\/uploads\/2017\/10\/Miriano.jpg\",\"width\":530,\"height\":831},{\"@type\":\"BreadcrumbList\",\"@id\":\"https:\/\/www.iskreni.net\/trgovina\/product\/poroci-se-z-njo-umri-zanjo\/#breadcrumb\",\"itemListElement\":[{\"@type\":\"ListItem\",\"position\":1,\"name\":\"Home\",\"item\":\"https:\/\/www.iskreni.net\/trgovina\/\"},{\"@type\":\"ListItem\",\"position\":2,\"name\":\"Trgovina\",\"item\":\"https:\/\/www.iskreni.net\/trgovina\/trgovina\/\"},{\"@type\":\"ListItem\",\"position\":3,\"name\":\"Poro\u010di se z njo in umri zanjo\"}]},{\"@type\":\"WebSite\",\"@id\":\"https:\/\/www.iskreni.net\/trgovina\/#website\",\"url\":\"https:\/\/www.iskreni.net\/trgovina\/\",\"name\":\"Zavod Iskreni\",\"description\":\"trgovina\",\"potentialAction\":[{\"@type\":\"SearchAction\",\"target\":{\"@type\":\"EntryPoint\",\"urlTemplate\":\"https:\/\/www.iskreni.net\/trgovina\/?s={search_term_string}\"},\"query-input\":{\"@type\":\"PropertyValueSpecification\",\"valueRequired\":true,\"valueName\":\"search_term_string\"}}],\"inLanguage\":\"sl-SI\"}]}<\/script>\n<!-- \/ Yoast SEO plugin. -->","yoast_head_json":{"title":"Poro\u010di se z njo in umri zanjo - Zavod Iskreni","description":"Poro\u010di se z njo in umri zanjo vabi mo\u0161ke na pot k pravi mo\u0161kosti: neustra\u0161nemu dajanju in prejemanju v \u017eivljenju v dru\u017eini.","robots":{"index":"index","follow":"follow","max-snippet":"max-snippet:-1","max-image-preview":"max-image-preview:large","max-video-preview":"max-video-preview:-1"},"canonical":"https:\/\/www.iskreni.net\/trgovina\/product\/poroci-se-z-njo-umri-zanjo\/","og_locale":"sl_SI","og_type":"article","og_title":"Poro\u010di se z njo in umri zanjo - Zavod Iskreni","og_description":"Poro\u010di se z njo in umri zanjo vabi mo\u0161ke na pot k pravi mo\u0161kosti: neustra\u0161nemu dajanju in prejemanju v \u017eivljenju v dru\u017eini.","og_url":"https:\/\/www.iskreni.net\/trgovina\/product\/poroci-se-z-njo-umri-zanjo\/","og_site_name":"Zavod Iskreni","article_modified_time":"2026-02-20T09:47:30+00:00","og_image":[{"width":530,"height":831,"url":"https:\/\/www.iskreni.net\/trgovina\/wp-content\/uploads\/2017\/10\/Miriano.jpg","type":"image\/jpeg"}],"twitter_card":"summary_large_image","twitter_misc":{"Est. reading time":"2 minuti"},"schema":{"@context":"https:\/\/schema.org","@graph":[{"@type":"WebPage","@id":"https:\/\/www.iskreni.net\/trgovina\/product\/poroci-se-z-njo-umri-zanjo\/","url":"https:\/\/www.iskreni.net\/trgovina\/product\/poroci-se-z-njo-umri-zanjo\/","name":"Poro\u010di se z njo in umri zanjo - Zavod Iskreni","isPartOf":{"@id":"https:\/\/www.iskreni.net\/trgovina\/#website"},"primaryImageOfPage":{"@id":"https:\/\/www.iskreni.net\/trgovina\/product\/poroci-se-z-njo-umri-zanjo\/#primaryimage"},"image":{"@id":"https:\/\/www.iskreni.net\/trgovina\/product\/poroci-se-z-njo-umri-zanjo\/#primaryimage"},"thumbnailUrl":"https:\/\/www.iskreni.net\/trgovina\/wp-content\/uploads\/2017\/10\/Miriano.jpg","datePublished":"2017-10-04T10:55:28+00:00","dateModified":"2026-02-20T09:47:30+00:00","description":"Poro\u010di se z njo in umri zanjo vabi mo\u0161ke na pot k pravi mo\u0161kosti: neustra\u0161nemu dajanju in prejemanju v \u017eivljenju v dru\u017eini.","breadcrumb":{"@id":"https:\/\/www.iskreni.net\/trgovina\/product\/poroci-se-z-njo-umri-zanjo\/#breadcrumb"},"inLanguage":"sl-SI","potentialAction":[{"@type":"ReadAction","target":["https:\/\/www.iskreni.net\/trgovina\/product\/poroci-se-z-njo-umri-zanjo\/"]}]},{"@type":"ImageObject","inLanguage":"sl-SI","@id":"https:\/\/www.iskreni.net\/trgovina\/product\/poroci-se-z-njo-umri-zanjo\/#primaryimage","url":"https:\/\/www.iskreni.net\/trgovina\/wp-content\/uploads\/2017\/10\/Miriano.jpg","contentUrl":"https:\/\/www.iskreni.net\/trgovina\/wp-content\/uploads\/2017\/10\/Miriano.jpg","width":530,"height":831},{"@type":"BreadcrumbList","@id":"https:\/\/www.iskreni.net\/trgovina\/product\/poroci-se-z-njo-umri-zanjo\/#breadcrumb","itemListElement":[{"@type":"ListItem","position":1,"name":"Home","item":"https:\/\/www.iskreni.net\/trgovina\/"},{"@type":"ListItem","position":2,"name":"Trgovina","item":"https:\/\/www.iskreni.net\/trgovina\/trgovina\/"},{"@type":"ListItem","position":3,"name":"Poro\u010di se z njo in umri zanjo"}]},{"@type":"WebSite","@id":"https:\/\/www.iskreni.net\/trgovina\/#website","url":"https:\/\/www.iskreni.net\/trgovina\/","name":"Zavod Iskreni","description":"trgovina","potentialAction":[{"@type":"SearchAction","target":{"@type":"EntryPoint","urlTemplate":"https:\/\/www.iskreni.net\/trgovina\/?s={search_term_string}"},"query-input":{"@type":"PropertyValueSpecification","valueRequired":true,"valueName":"search_term_string"}}],"inLanguage":"sl-SI"}]}},"_links":{"self":[{"href":"https:\/\/www.iskreni.net\/trgovina\/wp-json\/wp\/v2\/product\/3695","targetHints":{"allow":["GET"]}}],"collection":[{"href":"https:\/\/www.iskreni.net\/trgovina\/wp-json\/wp\/v2\/product"}],"about":[{"href":"https:\/\/www.iskreni.net\/trgovina\/wp-json\/wp\/v2\/types\/product"}],"replies":[{"embeddable":true,"href":"https:\/\/www.iskreni.net\/trgovina\/wp-json\/wp\/v2\/comments?post=3695"}],"version-history":[{"count":5,"href":"https:\/\/www.iskreni.net\/trgovina\/wp-json\/wp\/v2\/product\/3695\/revisions"}],"predecessor-version":[{"id":72717,"href":"https:\/\/www.iskreni.net\/trgovina\/wp-json\/wp\/v2\/product\/3695\/revisions\/72717"}],"wp:featuredmedia":[{"embeddable":true,"href":"https:\/\/www.iskreni.net\/trgovina\/wp-json\/wp\/v2\/media\/3701"}],"wp:attachment":[{"href":"https:\/\/www.iskreni.net\/trgovina\/wp-json\/wp\/v2\/media?parent=3695"}],"wp:term":[{"taxonomy":"product_brand","embeddable":true,"href":"https:\/\/www.iskreni.net\/trgovina\/wp-json\/wp\/v2\/product_brand?post=3695"},{"taxonomy":"product_cat","embeddable":true,"href":"https:\/\/www.iskreni.net\/trgovina\/wp-json\/wp\/v2\/product_cat?post=3695"},{"taxonomy":"product_tag","embeddable":true,"href":"https:\/\/www.iskreni.net\/trgovina\/wp-json\/wp\/v2\/product_tag?post=3695"},{"taxonomy":"avtor","embeddable":true,"href":"https:\/\/www.iskreni.net\/trgovina\/wp-json\/wp\/v2\/avtor?post=3695"},{"taxonomy":"zalozba","embeddable":true,"href":"https:\/\/www.iskreni.net\/trgovina\/wp-json\/wp\/v2\/zalozba?post=3695"},{"taxonomy":"vezava","embeddable":true,"href":"https:\/\/www.iskreni.net\/trgovina\/wp-json\/wp\/v2\/vezava?post=3695"}],"curies":[{"name":"wp","href":"https:\/\/api.w.org\/{rel}","templated":true}]}}