{"id":36833,"date":"2020-12-15T07:05:03","date_gmt":"2020-12-15T06:05:03","guid":{"rendered":"https:\/\/www.iskreni.net\/trgovina\/?post_type=product&#038;p=36833"},"modified":"2025-07-09T13:29:11","modified_gmt":"2025-07-09T11:29:11","slug":"vzgajanje-strastnih-bralcev-5-preprostih-korakov-do-uspeha-v-soli-in-v-zivljenju","status":"publish","type":"product","link":"https:\/\/www.iskreni.net\/trgovina\/product\/vzgajanje-strastnih-bralcev-5-preprostih-korakov-do-uspeha-v-soli-in-v-zivljenju\/","title":{"rendered":"Vzgajanje strastnih bralcev: 5 preprostih korakov do uspeha v \u0161oli in v \u017eivljenju"},"content":{"rendered":"<h4>O knjigi:<\/h4>\n<p>Vzgajati bralca je la\u017eje, kot si mislite! Prakti\u010dni, strokovno utemeljeni nasveti in informacije za star\u0161e, ki jih preganja \u010das. \u0160tudije ka\u017eejo, da imajo star\u0161i klju\u010dno vlogo v bralnem procesu otrok vse od prvih mesecev pa do konca \u0161ole.<\/p>\n<p>V priro\u010dniku\u00a0<em>Vzgajanje strastnih bralcev<\/em> avtorica Nancy Newman najnovej\u0161e znanstvene raziskave povezuje s svojimi izku\u0161njami, ki jih je pridobila kot u\u010diteljica in mati, ter ponuja realisti\u010dne, zabavne, vsakdanje strategije, ki spodbujajo razvoj otrokove bralne zmo\u017enosti in mu vcepljajo veselje do branja.<\/p>\n<h4>O knjigi so dejali:<\/h4>\n<p><em>\u00bbBrati s strastjo je ena od najdragocenej\u0161ih ve\u0161\u010din v \u017eivljenju in Nancy Newman genialno predstavi preproste napotke, ki so uporabni \u017ee od otrokovega rojstva.\u00ab &#8211; H. Carl McCall, predsednik \u0161olskega sveta, State University NY<\/em><\/p>\n<p><em>\u00bbKon\u010dno genialno preprost, izvedljiv in zabaven pristop k vzgajanju vse\u017eivljenjskih bralcev. Ta knjiga bo va\u0161emu otroku spremenila \u017eivljenje!\u00ab &#8211; Ann Pleshette Murphy, predsednica uprave centra za razvoj dojen\u010dkov in otrok Zero to Three ter avtorica priro\u010dnika The 7 Stages of Motherhood: Loving Your Life without Losing Your Mind<\/em><\/p>\n<p><em>\u00bbVzgajanje strastnih bralcev je neverjetno u\u010dinkovit in edinstveno verodostojen priro\u010dnik zaradi kombinacije razli\u010dnih vidikov in pristopov. Avtorica je bodisi v vlogi strokovnjakinje, u\u010diteljice ali pa matere, toda vse njene strategije stremijo k poudarjanju u\u010denja, ki bo zabavno tako za star\u0161e kot tudi za otroka.\u00ab &#8211; Dr. Thomas de Zengotita, strokovni sodelavec revije Harper&#8217;s Magazine<\/em><\/p>\n<p><em>\u00bbKak\u0161no darilo! Knjiga, polna preprostih zamisli, ki jih lahko uporabite v vsakdanjem \u017eivljenju in tako pomagate dojen\u010dkom, prvim bralcem in bralcem s te\u017eavami, da res vzljubijo knjige. Te \u010dudovite napotke bi najraje takoj posredovala svojim otrokom za njihove otroke!\u00ab &#8211; Ellen Stein, ravnateljica, Dalton School, NY<\/em><\/p>\n<p>&nbsp;<\/p>\n","protected":false},"excerpt":{"rendered":"<p>Vzgajati bralca je la\u017eje, kot si mislite!<\/p>\n<p><strong>Avtor:<\/strong>Nancy Newman<br \/>\n<strong>Prevod: <\/strong>Anja Bakan\u00a0<strong><br \/>\nZalo\u017eba: <\/strong>Hi\u0161a Knjig, Zalo\u017eba Km\u0161<br \/>\n<strong>\u0160tevilo strani:<\/strong> 191<br \/>\n<strong>Leto izdaje:<\/strong> 2017<br \/>\n<strong>Format:<\/strong> 14 x 20,5 cm<\/p>\n","protected":false},"featured_media":36871,"comment_status":"open","ping_status":"closed","template":"","meta":[],"product_brand":[],"product_cat":[2323,63],"product_tag":[1633],"avtor":[],"zalozba":[],"vezava":[],"class_list":{"0":"post-36833","1":"product","2":"type-product","3":"status-publish","4":"has-post-thumbnail","6":"product_cat-vzgoja","7":"product_cat-knjige","8":"product_tag-prirocnik","10":"first","11":"onbackorder","12":"taxable","13":"shipping-taxable","14":"purchasable","15":"product-type-simple"},"yoast_head":"<!-- This site is optimized with the Yoast SEO plugin v26.3 - https:\/\/yoast.com\/wordpress\/plugins\/seo\/ -->\n<title>Vzgajanje strastnih bralcev - 5 korakov do uspeha v \u0161oli in doma - Iskreni<\/title>\n<meta name=\"description\" content=\"Brati s strastjo je ena od najdragocenej\u0161ih ve\u0161\u010din v \u017eivljenju. Avtorica predstavi preproste napotke, ki so uporabni od otrokovega rojstva.\" \/>\n<meta name=\"robots\" content=\"index, follow, max-snippet:-1, max-image-preview:large, max-video-preview:-1\" \/>\n<link rel=\"canonical\" href=\"https:\/\/www.iskreni.net\/trgovina\/product\/vzgajanje-strastnih-bralcev-5-preprostih-korakov-do-uspeha-v-soli-in-v-zivljenju\/\" \/>\n<meta property=\"og:locale\" content=\"sl_SI\" \/>\n<meta property=\"og:type\" content=\"article\" \/>\n<meta property=\"og:title\" content=\"Vzgajanje strastnih bralcev - 5 korakov do uspeha v \u0161oli in doma - Iskreni\" \/>\n<meta property=\"og:description\" content=\"Brati s strastjo je ena od najdragocenej\u0161ih ve\u0161\u010din v \u017eivljenju. Avtorica predstavi preproste napotke, ki so uporabni od otrokovega rojstva.\" \/>\n<meta property=\"og:url\" content=\"https:\/\/www.iskreni.net\/trgovina\/product\/vzgajanje-strastnih-bralcev-5-preprostih-korakov-do-uspeha-v-soli-in-v-zivljenju\/\" \/>\n<meta property=\"og:site_name\" content=\"Zavod Iskreni\" \/>\n<meta property=\"article:modified_time\" content=\"2025-07-09T11:29:11+00:00\" \/>\n<meta property=\"og:image\" content=\"https:\/\/www.iskreni.net\/trgovina\/wp-content\/uploads\/2020\/12\/Vzgajanje-strastnih-bralcev.jpg\" \/>\n\t<meta property=\"og:image:width\" content=\"616\" \/>\n\t<meta property=\"og:image:height\" content=\"618\" \/>\n\t<meta property=\"og:image:type\" content=\"image\/jpeg\" \/>\n<meta name=\"twitter:card\" content=\"summary_large_image\" \/>\n<meta name=\"twitter:label1\" content=\"Est. reading time\" \/>\n\t<meta name=\"twitter:data1\" content=\"2 minuti\" \/>\n<script type=\"application\/ld+json\" class=\"yoast-schema-graph\">{\"@context\":\"https:\/\/schema.org\",\"@graph\":[{\"@type\":\"WebPage\",\"@id\":\"https:\/\/www.iskreni.net\/trgovina\/product\/vzgajanje-strastnih-bralcev-5-preprostih-korakov-do-uspeha-v-soli-in-v-zivljenju\/\",\"url\":\"https:\/\/www.iskreni.net\/trgovina\/product\/vzgajanje-strastnih-bralcev-5-preprostih-korakov-do-uspeha-v-soli-in-v-zivljenju\/\",\"name\":\"Vzgajanje strastnih bralcev - 5 korakov do uspeha v \u0161oli in doma - Iskreni\",\"isPartOf\":{\"@id\":\"https:\/\/www.iskreni.net\/trgovina\/#website\"},\"primaryImageOfPage\":{\"@id\":\"https:\/\/www.iskreni.net\/trgovina\/product\/vzgajanje-strastnih-bralcev-5-preprostih-korakov-do-uspeha-v-soli-in-v-zivljenju\/#primaryimage\"},\"image\":{\"@id\":\"https:\/\/www.iskreni.net\/trgovina\/product\/vzgajanje-strastnih-bralcev-5-preprostih-korakov-do-uspeha-v-soli-in-v-zivljenju\/#primaryimage\"},\"thumbnailUrl\":\"https:\/\/www.iskreni.net\/trgovina\/wp-content\/uploads\/2020\/12\/Vzgajanje-strastnih-bralcev.jpg\",\"datePublished\":\"2020-12-15T06:05:03+00:00\",\"dateModified\":\"2025-07-09T11:29:11+00:00\",\"description\":\"Brati s strastjo je ena od najdragocenej\u0161ih ve\u0161\u010din v \u017eivljenju. Avtorica predstavi preproste napotke, ki so uporabni od otrokovega rojstva.\",\"breadcrumb\":{\"@id\":\"https:\/\/www.iskreni.net\/trgovina\/product\/vzgajanje-strastnih-bralcev-5-preprostih-korakov-do-uspeha-v-soli-in-v-zivljenju\/#breadcrumb\"},\"inLanguage\":\"sl-SI\",\"potentialAction\":[{\"@type\":\"ReadAction\",\"target\":[\"https:\/\/www.iskreni.net\/trgovina\/product\/vzgajanje-strastnih-bralcev-5-preprostih-korakov-do-uspeha-v-soli-in-v-zivljenju\/\"]}]},{\"@type\":\"ImageObject\",\"inLanguage\":\"sl-SI\",\"@id\":\"https:\/\/www.iskreni.net\/trgovina\/product\/vzgajanje-strastnih-bralcev-5-preprostih-korakov-do-uspeha-v-soli-in-v-zivljenju\/#primaryimage\",\"url\":\"https:\/\/www.iskreni.net\/trgovina\/wp-content\/uploads\/2020\/12\/Vzgajanje-strastnih-bralcev.jpg\",\"contentUrl\":\"https:\/\/www.iskreni.net\/trgovina\/wp-content\/uploads\/2020\/12\/Vzgajanje-strastnih-bralcev.jpg\",\"width\":616,\"height\":618},{\"@type\":\"BreadcrumbList\",\"@id\":\"https:\/\/www.iskreni.net\/trgovina\/product\/vzgajanje-strastnih-bralcev-5-preprostih-korakov-do-uspeha-v-soli-in-v-zivljenju\/#breadcrumb\",\"itemListElement\":[{\"@type\":\"ListItem\",\"position\":1,\"name\":\"Home\",\"item\":\"https:\/\/www.iskreni.net\/trgovina\/\"},{\"@type\":\"ListItem\",\"position\":2,\"name\":\"Trgovina\",\"item\":\"https:\/\/www.iskreni.net\/trgovina\/trgovina\/\"},{\"@type\":\"ListItem\",\"position\":3,\"name\":\"Vzgajanje strastnih bralcev: 5 preprostih korakov do uspeha v \u0161oli in v \u017eivljenju\"}]},{\"@type\":\"WebSite\",\"@id\":\"https:\/\/www.iskreni.net\/trgovina\/#website\",\"url\":\"https:\/\/www.iskreni.net\/trgovina\/\",\"name\":\"Zavod Iskreni\",\"description\":\"trgovina\",\"potentialAction\":[{\"@type\":\"SearchAction\",\"target\":{\"@type\":\"EntryPoint\",\"urlTemplate\":\"https:\/\/www.iskreni.net\/trgovina\/?s={search_term_string}\"},\"query-input\":{\"@type\":\"PropertyValueSpecification\",\"valueRequired\":true,\"valueName\":\"search_term_string\"}}],\"inLanguage\":\"sl-SI\"}]}<\/script>\n<!-- \/ Yoast SEO plugin. -->","yoast_head_json":{"title":"Vzgajanje strastnih bralcev - 5 korakov do uspeha v \u0161oli in doma - Iskreni","description":"Brati s strastjo je ena od najdragocenej\u0161ih ve\u0161\u010din v \u017eivljenju. Avtorica predstavi preproste napotke, ki so uporabni od otrokovega rojstva.","robots":{"index":"index","follow":"follow","max-snippet":"max-snippet:-1","max-image-preview":"max-image-preview:large","max-video-preview":"max-video-preview:-1"},"canonical":"https:\/\/www.iskreni.net\/trgovina\/product\/vzgajanje-strastnih-bralcev-5-preprostih-korakov-do-uspeha-v-soli-in-v-zivljenju\/","og_locale":"sl_SI","og_type":"article","og_title":"Vzgajanje strastnih bralcev - 5 korakov do uspeha v \u0161oli in doma - Iskreni","og_description":"Brati s strastjo je ena od najdragocenej\u0161ih ve\u0161\u010din v \u017eivljenju. Avtorica predstavi preproste napotke, ki so uporabni od otrokovega rojstva.","og_url":"https:\/\/www.iskreni.net\/trgovina\/product\/vzgajanje-strastnih-bralcev-5-preprostih-korakov-do-uspeha-v-soli-in-v-zivljenju\/","og_site_name":"Zavod Iskreni","article_modified_time":"2025-07-09T11:29:11+00:00","og_image":[{"width":616,"height":618,"url":"https:\/\/www.iskreni.net\/trgovina\/wp-content\/uploads\/2020\/12\/Vzgajanje-strastnih-bralcev.jpg","type":"image\/jpeg"}],"twitter_card":"summary_large_image","twitter_misc":{"Est. reading time":"2 minuti"},"schema":{"@context":"https:\/\/schema.org","@graph":[{"@type":"WebPage","@id":"https:\/\/www.iskreni.net\/trgovina\/product\/vzgajanje-strastnih-bralcev-5-preprostih-korakov-do-uspeha-v-soli-in-v-zivljenju\/","url":"https:\/\/www.iskreni.net\/trgovina\/product\/vzgajanje-strastnih-bralcev-5-preprostih-korakov-do-uspeha-v-soli-in-v-zivljenju\/","name":"Vzgajanje strastnih bralcev - 5 korakov do uspeha v \u0161oli in doma - Iskreni","isPartOf":{"@id":"https:\/\/www.iskreni.net\/trgovina\/#website"},"primaryImageOfPage":{"@id":"https:\/\/www.iskreni.net\/trgovina\/product\/vzgajanje-strastnih-bralcev-5-preprostih-korakov-do-uspeha-v-soli-in-v-zivljenju\/#primaryimage"},"image":{"@id":"https:\/\/www.iskreni.net\/trgovina\/product\/vzgajanje-strastnih-bralcev-5-preprostih-korakov-do-uspeha-v-soli-in-v-zivljenju\/#primaryimage"},"thumbnailUrl":"https:\/\/www.iskreni.net\/trgovina\/wp-content\/uploads\/2020\/12\/Vzgajanje-strastnih-bralcev.jpg","datePublished":"2020-12-15T06:05:03+00:00","dateModified":"2025-07-09T11:29:11+00:00","description":"Brati s strastjo je ena od najdragocenej\u0161ih ve\u0161\u010din v \u017eivljenju. Avtorica predstavi preproste napotke, ki so uporabni od otrokovega rojstva.","breadcrumb":{"@id":"https:\/\/www.iskreni.net\/trgovina\/product\/vzgajanje-strastnih-bralcev-5-preprostih-korakov-do-uspeha-v-soli-in-v-zivljenju\/#breadcrumb"},"inLanguage":"sl-SI","potentialAction":[{"@type":"ReadAction","target":["https:\/\/www.iskreni.net\/trgovina\/product\/vzgajanje-strastnih-bralcev-5-preprostih-korakov-do-uspeha-v-soli-in-v-zivljenju\/"]}]},{"@type":"ImageObject","inLanguage":"sl-SI","@id":"https:\/\/www.iskreni.net\/trgovina\/product\/vzgajanje-strastnih-bralcev-5-preprostih-korakov-do-uspeha-v-soli-in-v-zivljenju\/#primaryimage","url":"https:\/\/www.iskreni.net\/trgovina\/wp-content\/uploads\/2020\/12\/Vzgajanje-strastnih-bralcev.jpg","contentUrl":"https:\/\/www.iskreni.net\/trgovina\/wp-content\/uploads\/2020\/12\/Vzgajanje-strastnih-bralcev.jpg","width":616,"height":618},{"@type":"BreadcrumbList","@id":"https:\/\/www.iskreni.net\/trgovina\/product\/vzgajanje-strastnih-bralcev-5-preprostih-korakov-do-uspeha-v-soli-in-v-zivljenju\/#breadcrumb","itemListElement":[{"@type":"ListItem","position":1,"name":"Home","item":"https:\/\/www.iskreni.net\/trgovina\/"},{"@type":"ListItem","position":2,"name":"Trgovina","item":"https:\/\/www.iskreni.net\/trgovina\/trgovina\/"},{"@type":"ListItem","position":3,"name":"Vzgajanje strastnih bralcev: 5 preprostih korakov do uspeha v \u0161oli in v \u017eivljenju"}]},{"@type":"WebSite","@id":"https:\/\/www.iskreni.net\/trgovina\/#website","url":"https:\/\/www.iskreni.net\/trgovina\/","name":"Zavod Iskreni","description":"trgovina","potentialAction":[{"@type":"SearchAction","target":{"@type":"EntryPoint","urlTemplate":"https:\/\/www.iskreni.net\/trgovina\/?s={search_term_string}"},"query-input":{"@type":"PropertyValueSpecification","valueRequired":true,"valueName":"search_term_string"}}],"inLanguage":"sl-SI"}]}},"_links":{"self":[{"href":"https:\/\/www.iskreni.net\/trgovina\/wp-json\/wp\/v2\/product\/36833","targetHints":{"allow":["GET"]}}],"collection":[{"href":"https:\/\/www.iskreni.net\/trgovina\/wp-json\/wp\/v2\/product"}],"about":[{"href":"https:\/\/www.iskreni.net\/trgovina\/wp-json\/wp\/v2\/types\/product"}],"replies":[{"embeddable":true,"href":"https:\/\/www.iskreni.net\/trgovina\/wp-json\/wp\/v2\/comments?post=36833"}],"version-history":[{"count":2,"href":"https:\/\/www.iskreni.net\/trgovina\/wp-json\/wp\/v2\/product\/36833\/revisions"}],"predecessor-version":[{"id":36872,"href":"https:\/\/www.iskreni.net\/trgovina\/wp-json\/wp\/v2\/product\/36833\/revisions\/36872"}],"wp:featuredmedia":[{"embeddable":true,"href":"https:\/\/www.iskreni.net\/trgovina\/wp-json\/wp\/v2\/media\/36871"}],"wp:attachment":[{"href":"https:\/\/www.iskreni.net\/trgovina\/wp-json\/wp\/v2\/media?parent=36833"}],"wp:term":[{"taxonomy":"product_brand","embeddable":true,"href":"https:\/\/www.iskreni.net\/trgovina\/wp-json\/wp\/v2\/product_brand?post=36833"},{"taxonomy":"product_cat","embeddable":true,"href":"https:\/\/www.iskreni.net\/trgovina\/wp-json\/wp\/v2\/product_cat?post=36833"},{"taxonomy":"product_tag","embeddable":true,"href":"https:\/\/www.iskreni.net\/trgovina\/wp-json\/wp\/v2\/product_tag?post=36833"},{"taxonomy":"avtor","embeddable":true,"href":"https:\/\/www.iskreni.net\/trgovina\/wp-json\/wp\/v2\/avtor?post=36833"},{"taxonomy":"zalozba","embeddable":true,"href":"https:\/\/www.iskreni.net\/trgovina\/wp-json\/wp\/v2\/zalozba?post=36833"},{"taxonomy":"vezava","embeddable":true,"href":"https:\/\/www.iskreni.net\/trgovina\/wp-json\/wp\/v2\/vezava?post=36833"}],"curies":[{"name":"wp","href":"https:\/\/api.w.org\/{rel}","templated":true}]}}