{"id":36827,"date":"2020-12-15T06:48:10","date_gmt":"2020-12-15T05:48:10","guid":{"rendered":"https:\/\/www.iskreni.net\/trgovina\/?post_type=product&#038;p=36827"},"modified":"2025-07-09T13:16:42","modified_gmt":"2025-07-09T11:16:42","slug":"zastrupljeno-otrostvo-kako-sodobni-svet-vpliva-na-nase-otroke-in-kaj-lahko-storimo","status":"publish","type":"product","link":"https:\/\/www.iskreni.net\/trgovina\/product\/zastrupljeno-otrostvo-kako-sodobni-svet-vpliva-na-nase-otroke-in-kaj-lahko-storimo\/","title":{"rendered":"Zastrupljeno otro\u0161tvo: kako sodobni svet vpliva na na\u0161e otroke in kaj lahko storimo"},"content":{"rendered":"<h4>O knjigi:<\/h4>\n<p>Sue Palmer v knjigi Zastrupljeno otro\u0161tvo na podlagi raziskav \u0161tevilnih nevrologov, psihologov, ekonomistov, ogla\u0161evalcev in lastnih intervjujev z mnogimi znanstveniki, star\u0161i, u\u010ditelji in otroki opozarja na delovanje \u00bbtoksi\u010dnega koktajla\u00ab \u2013 strupene me\u0161anice vplivov sodobne dru\u017ebe.<\/p>\n<p>Po poglavjih iz\u010drpno predstavi dejavnike, ki negativno vplivajo na \u010dustveni, socialni in kognitivni razvoj otrok:<\/p>\n<ul>\n<li>nara\u0161\u010dajo\u010do potro\u0161njo hitre hrane<\/li>\n<li>spremenjen odnos do proste igre v naravi<\/li>\n<li>upadanje zavedanja o pomembnosti spanja in po\u010ditka otrok<\/li>\n<li>pove\u010dano nestabilnost dru\u017einskega \u017eivljenja in spremenjeno vlogo \u017eenske<\/li>\n<li>razpadanje klasi\u010dnih dru\u017ein ter zmanj\u0161ano vrednost odraslih vzornikov<\/li>\n<li>poglabljanje prepada med revnimi in bogatimi<\/li>\n<li>vedno bolj vsiljivo ogla\u0161evanje in tr\u017eenje<\/li>\n<li>vdor elektronskih naprav v otro\u0161ko \u017eivljenje.<\/li>\n<\/ul>\n<p>Toda Sue Palmer ne ostaja le pri tem: z nasveti \u00bbrazstrupljanja\u00ab za vsako od podro\u010dij nam pomaga v primerih, ko je \u0161lo \u017ee predale\u010d \u2013 ko se nemo\u010dni soo\u010damo z razli\u010dnimi simptomi \u00bbzastrupljenega\u00ab otro\u0161tva; s primeri dobre prakse, s prikazom ugotovitev strokovnjakov in s konkretnimi izku\u0161njami pa nas prepri\u010da, da je mo\u017eno \u017eiveti, delovati in vzgajati tudi bolj zdravo, bolj celostno, bolj \u010dlove\u0161ko!<\/p>\n","protected":false},"excerpt":{"rendered":"<p><strong>Avtor:<\/strong> Sue Palmer<strong><br \/>\n<\/strong><strong>Zalo\u017eba: <\/strong>Zavod RW\u0160V Slovenije<br \/>\n<strong>\u0160tevilo strani:<\/strong> 430<br \/>\n<strong>Leto izdaje:<\/strong> 2019<br \/>\n<strong>Format:<\/strong> 15,6 x 22,2 cm<\/p>\n","protected":false},"featured_media":36875,"comment_status":"open","ping_status":"closed","template":"","meta":[],"product_brand":[],"product_cat":[2323,63],"product_tag":[],"avtor":[],"zalozba":[],"vezava":[],"class_list":{"0":"post-36827","1":"product","2":"type-product","3":"status-publish","4":"has-post-thumbnail","6":"product_cat-vzgoja","7":"product_cat-knjige","9":"first","10":"onbackorder","11":"taxable","12":"shipping-taxable","13":"purchasable","14":"product-type-simple"},"yoast_head":"<!-- This site is optimized with the Yoast SEO plugin v26.3 - https:\/\/yoast.com\/wordpress\/plugins\/seo\/ -->\n<title>Zastrupljeno otro\u0161tvo - vpliv sodobnega sveta na na\u0161e otroke - Iskreni<\/title>\n<meta name=\"description\" content=\"Avtorica v knjigi opozarja na dejavnike, ki negativno vplivajo na \u010dustveni, socialni in kognitivni razvoj otrok.\" \/>\n<meta name=\"robots\" content=\"index, follow, max-snippet:-1, max-image-preview:large, max-video-preview:-1\" \/>\n<link rel=\"canonical\" href=\"https:\/\/www.iskreni.net\/trgovina\/product\/zastrupljeno-otrostvo-kako-sodobni-svet-vpliva-na-nase-otroke-in-kaj-lahko-storimo\/\" \/>\n<meta property=\"og:locale\" content=\"sl_SI\" \/>\n<meta property=\"og:type\" content=\"article\" \/>\n<meta property=\"og:title\" content=\"Zastrupljeno otro\u0161tvo - vpliv sodobnega sveta na na\u0161e otroke - Iskreni\" \/>\n<meta property=\"og:description\" content=\"Avtorica v knjigi opozarja na dejavnike, ki negativno vplivajo na \u010dustveni, socialni in kognitivni razvoj otrok.\" \/>\n<meta property=\"og:url\" content=\"https:\/\/www.iskreni.net\/trgovina\/product\/zastrupljeno-otrostvo-kako-sodobni-svet-vpliva-na-nase-otroke-in-kaj-lahko-storimo\/\" \/>\n<meta property=\"og:site_name\" content=\"Zavod Iskreni\" \/>\n<meta property=\"article:modified_time\" content=\"2025-07-09T11:16:42+00:00\" \/>\n<meta property=\"og:image\" content=\"https:\/\/www.iskreni.net\/trgovina\/wp-content\/uploads\/2020\/12\/Zastrupljeno-otrostvo.jpg\" \/>\n\t<meta property=\"og:image:width\" content=\"606\" \/>\n\t<meta property=\"og:image:height\" content=\"606\" \/>\n\t<meta property=\"og:image:type\" content=\"image\/jpeg\" \/>\n<meta name=\"twitter:card\" content=\"summary_large_image\" \/>\n<meta name=\"twitter:label1\" content=\"Est. reading time\" \/>\n\t<meta name=\"twitter:data1\" content=\"2 minuti\" \/>\n<script type=\"application\/ld+json\" class=\"yoast-schema-graph\">{\"@context\":\"https:\/\/schema.org\",\"@graph\":[{\"@type\":\"WebPage\",\"@id\":\"https:\/\/www.iskreni.net\/trgovina\/product\/zastrupljeno-otrostvo-kako-sodobni-svet-vpliva-na-nase-otroke-in-kaj-lahko-storimo\/\",\"url\":\"https:\/\/www.iskreni.net\/trgovina\/product\/zastrupljeno-otrostvo-kako-sodobni-svet-vpliva-na-nase-otroke-in-kaj-lahko-storimo\/\",\"name\":\"Zastrupljeno otro\u0161tvo - vpliv sodobnega sveta na na\u0161e otroke - Iskreni\",\"isPartOf\":{\"@id\":\"https:\/\/www.iskreni.net\/trgovina\/#website\"},\"primaryImageOfPage\":{\"@id\":\"https:\/\/www.iskreni.net\/trgovina\/product\/zastrupljeno-otrostvo-kako-sodobni-svet-vpliva-na-nase-otroke-in-kaj-lahko-storimo\/#primaryimage\"},\"image\":{\"@id\":\"https:\/\/www.iskreni.net\/trgovina\/product\/zastrupljeno-otrostvo-kako-sodobni-svet-vpliva-na-nase-otroke-in-kaj-lahko-storimo\/#primaryimage\"},\"thumbnailUrl\":\"https:\/\/www.iskreni.net\/trgovina\/wp-content\/uploads\/2020\/12\/Zastrupljeno-otrostvo.jpg\",\"datePublished\":\"2020-12-15T05:48:10+00:00\",\"dateModified\":\"2025-07-09T11:16:42+00:00\",\"description\":\"Avtorica v knjigi opozarja na dejavnike, ki negativno vplivajo na \u010dustveni, socialni in kognitivni razvoj otrok.\",\"breadcrumb\":{\"@id\":\"https:\/\/www.iskreni.net\/trgovina\/product\/zastrupljeno-otrostvo-kako-sodobni-svet-vpliva-na-nase-otroke-in-kaj-lahko-storimo\/#breadcrumb\"},\"inLanguage\":\"sl-SI\",\"potentialAction\":[{\"@type\":\"ReadAction\",\"target\":[\"https:\/\/www.iskreni.net\/trgovina\/product\/zastrupljeno-otrostvo-kako-sodobni-svet-vpliva-na-nase-otroke-in-kaj-lahko-storimo\/\"]}]},{\"@type\":\"ImageObject\",\"inLanguage\":\"sl-SI\",\"@id\":\"https:\/\/www.iskreni.net\/trgovina\/product\/zastrupljeno-otrostvo-kako-sodobni-svet-vpliva-na-nase-otroke-in-kaj-lahko-storimo\/#primaryimage\",\"url\":\"https:\/\/www.iskreni.net\/trgovina\/wp-content\/uploads\/2020\/12\/Zastrupljeno-otrostvo.jpg\",\"contentUrl\":\"https:\/\/www.iskreni.net\/trgovina\/wp-content\/uploads\/2020\/12\/Zastrupljeno-otrostvo.jpg\",\"width\":606,\"height\":606},{\"@type\":\"BreadcrumbList\",\"@id\":\"https:\/\/www.iskreni.net\/trgovina\/product\/zastrupljeno-otrostvo-kako-sodobni-svet-vpliva-na-nase-otroke-in-kaj-lahko-storimo\/#breadcrumb\",\"itemListElement\":[{\"@type\":\"ListItem\",\"position\":1,\"name\":\"Home\",\"item\":\"https:\/\/www.iskreni.net\/trgovina\/\"},{\"@type\":\"ListItem\",\"position\":2,\"name\":\"Trgovina\",\"item\":\"https:\/\/www.iskreni.net\/trgovina\/trgovina\/\"},{\"@type\":\"ListItem\",\"position\":3,\"name\":\"Zastrupljeno otro\u0161tvo: kako sodobni svet vpliva na na\u0161e otroke in kaj lahko storimo\"}]},{\"@type\":\"WebSite\",\"@id\":\"https:\/\/www.iskreni.net\/trgovina\/#website\",\"url\":\"https:\/\/www.iskreni.net\/trgovina\/\",\"name\":\"Zavod Iskreni\",\"description\":\"trgovina\",\"potentialAction\":[{\"@type\":\"SearchAction\",\"target\":{\"@type\":\"EntryPoint\",\"urlTemplate\":\"https:\/\/www.iskreni.net\/trgovina\/?s={search_term_string}\"},\"query-input\":{\"@type\":\"PropertyValueSpecification\",\"valueRequired\":true,\"valueName\":\"search_term_string\"}}],\"inLanguage\":\"sl-SI\"}]}<\/script>\n<!-- \/ Yoast SEO plugin. -->","yoast_head_json":{"title":"Zastrupljeno otro\u0161tvo - vpliv sodobnega sveta na na\u0161e otroke - Iskreni","description":"Avtorica v knjigi opozarja na dejavnike, ki negativno vplivajo na \u010dustveni, socialni in kognitivni razvoj otrok.","robots":{"index":"index","follow":"follow","max-snippet":"max-snippet:-1","max-image-preview":"max-image-preview:large","max-video-preview":"max-video-preview:-1"},"canonical":"https:\/\/www.iskreni.net\/trgovina\/product\/zastrupljeno-otrostvo-kako-sodobni-svet-vpliva-na-nase-otroke-in-kaj-lahko-storimo\/","og_locale":"sl_SI","og_type":"article","og_title":"Zastrupljeno otro\u0161tvo - vpliv sodobnega sveta na na\u0161e otroke - Iskreni","og_description":"Avtorica v knjigi opozarja na dejavnike, ki negativno vplivajo na \u010dustveni, socialni in kognitivni razvoj otrok.","og_url":"https:\/\/www.iskreni.net\/trgovina\/product\/zastrupljeno-otrostvo-kako-sodobni-svet-vpliva-na-nase-otroke-in-kaj-lahko-storimo\/","og_site_name":"Zavod Iskreni","article_modified_time":"2025-07-09T11:16:42+00:00","og_image":[{"width":606,"height":606,"url":"https:\/\/www.iskreni.net\/trgovina\/wp-content\/uploads\/2020\/12\/Zastrupljeno-otrostvo.jpg","type":"image\/jpeg"}],"twitter_card":"summary_large_image","twitter_misc":{"Est. reading time":"2 minuti"},"schema":{"@context":"https:\/\/schema.org","@graph":[{"@type":"WebPage","@id":"https:\/\/www.iskreni.net\/trgovina\/product\/zastrupljeno-otrostvo-kako-sodobni-svet-vpliva-na-nase-otroke-in-kaj-lahko-storimo\/","url":"https:\/\/www.iskreni.net\/trgovina\/product\/zastrupljeno-otrostvo-kako-sodobni-svet-vpliva-na-nase-otroke-in-kaj-lahko-storimo\/","name":"Zastrupljeno otro\u0161tvo - vpliv sodobnega sveta na na\u0161e otroke - Iskreni","isPartOf":{"@id":"https:\/\/www.iskreni.net\/trgovina\/#website"},"primaryImageOfPage":{"@id":"https:\/\/www.iskreni.net\/trgovina\/product\/zastrupljeno-otrostvo-kako-sodobni-svet-vpliva-na-nase-otroke-in-kaj-lahko-storimo\/#primaryimage"},"image":{"@id":"https:\/\/www.iskreni.net\/trgovina\/product\/zastrupljeno-otrostvo-kako-sodobni-svet-vpliva-na-nase-otroke-in-kaj-lahko-storimo\/#primaryimage"},"thumbnailUrl":"https:\/\/www.iskreni.net\/trgovina\/wp-content\/uploads\/2020\/12\/Zastrupljeno-otrostvo.jpg","datePublished":"2020-12-15T05:48:10+00:00","dateModified":"2025-07-09T11:16:42+00:00","description":"Avtorica v knjigi opozarja na dejavnike, ki negativno vplivajo na \u010dustveni, socialni in kognitivni razvoj otrok.","breadcrumb":{"@id":"https:\/\/www.iskreni.net\/trgovina\/product\/zastrupljeno-otrostvo-kako-sodobni-svet-vpliva-na-nase-otroke-in-kaj-lahko-storimo\/#breadcrumb"},"inLanguage":"sl-SI","potentialAction":[{"@type":"ReadAction","target":["https:\/\/www.iskreni.net\/trgovina\/product\/zastrupljeno-otrostvo-kako-sodobni-svet-vpliva-na-nase-otroke-in-kaj-lahko-storimo\/"]}]},{"@type":"ImageObject","inLanguage":"sl-SI","@id":"https:\/\/www.iskreni.net\/trgovina\/product\/zastrupljeno-otrostvo-kako-sodobni-svet-vpliva-na-nase-otroke-in-kaj-lahko-storimo\/#primaryimage","url":"https:\/\/www.iskreni.net\/trgovina\/wp-content\/uploads\/2020\/12\/Zastrupljeno-otrostvo.jpg","contentUrl":"https:\/\/www.iskreni.net\/trgovina\/wp-content\/uploads\/2020\/12\/Zastrupljeno-otrostvo.jpg","width":606,"height":606},{"@type":"BreadcrumbList","@id":"https:\/\/www.iskreni.net\/trgovina\/product\/zastrupljeno-otrostvo-kako-sodobni-svet-vpliva-na-nase-otroke-in-kaj-lahko-storimo\/#breadcrumb","itemListElement":[{"@type":"ListItem","position":1,"name":"Home","item":"https:\/\/www.iskreni.net\/trgovina\/"},{"@type":"ListItem","position":2,"name":"Trgovina","item":"https:\/\/www.iskreni.net\/trgovina\/trgovina\/"},{"@type":"ListItem","position":3,"name":"Zastrupljeno otro\u0161tvo: kako sodobni svet vpliva na na\u0161e otroke in kaj lahko storimo"}]},{"@type":"WebSite","@id":"https:\/\/www.iskreni.net\/trgovina\/#website","url":"https:\/\/www.iskreni.net\/trgovina\/","name":"Zavod Iskreni","description":"trgovina","potentialAction":[{"@type":"SearchAction","target":{"@type":"EntryPoint","urlTemplate":"https:\/\/www.iskreni.net\/trgovina\/?s={search_term_string}"},"query-input":{"@type":"PropertyValueSpecification","valueRequired":true,"valueName":"search_term_string"}}],"inLanguage":"sl-SI"}]}},"_links":{"self":[{"href":"https:\/\/www.iskreni.net\/trgovina\/wp-json\/wp\/v2\/product\/36827","targetHints":{"allow":["GET"]}}],"collection":[{"href":"https:\/\/www.iskreni.net\/trgovina\/wp-json\/wp\/v2\/product"}],"about":[{"href":"https:\/\/www.iskreni.net\/trgovina\/wp-json\/wp\/v2\/types\/product"}],"replies":[{"embeddable":true,"href":"https:\/\/www.iskreni.net\/trgovina\/wp-json\/wp\/v2\/comments?post=36827"}],"version-history":[{"count":3,"href":"https:\/\/www.iskreni.net\/trgovina\/wp-json\/wp\/v2\/product\/36827\/revisions"}],"predecessor-version":[{"id":36877,"href":"https:\/\/www.iskreni.net\/trgovina\/wp-json\/wp\/v2\/product\/36827\/revisions\/36877"}],"wp:featuredmedia":[{"embeddable":true,"href":"https:\/\/www.iskreni.net\/trgovina\/wp-json\/wp\/v2\/media\/36875"}],"wp:attachment":[{"href":"https:\/\/www.iskreni.net\/trgovina\/wp-json\/wp\/v2\/media?parent=36827"}],"wp:term":[{"taxonomy":"product_brand","embeddable":true,"href":"https:\/\/www.iskreni.net\/trgovina\/wp-json\/wp\/v2\/product_brand?post=36827"},{"taxonomy":"product_cat","embeddable":true,"href":"https:\/\/www.iskreni.net\/trgovina\/wp-json\/wp\/v2\/product_cat?post=36827"},{"taxonomy":"product_tag","embeddable":true,"href":"https:\/\/www.iskreni.net\/trgovina\/wp-json\/wp\/v2\/product_tag?post=36827"},{"taxonomy":"avtor","embeddable":true,"href":"https:\/\/www.iskreni.net\/trgovina\/wp-json\/wp\/v2\/avtor?post=36827"},{"taxonomy":"zalozba","embeddable":true,"href":"https:\/\/www.iskreni.net\/trgovina\/wp-json\/wp\/v2\/zalozba?post=36827"},{"taxonomy":"vezava","embeddable":true,"href":"https:\/\/www.iskreni.net\/trgovina\/wp-json\/wp\/v2\/vezava?post=36827"}],"curies":[{"name":"wp","href":"https:\/\/api.w.org\/{rel}","templated":true}]}}