{"id":36791,"date":"2020-12-14T17:59:03","date_gmt":"2020-12-14T16:59:03","guid":{"rendered":"https:\/\/www.iskreni.net\/trgovina\/?post_type=product&#038;p=36791"},"modified":"2023-10-19T10:40:56","modified_gmt":"2023-10-19T08:40:56","slug":"drobtinice-veselja-s-predgovorom-papeza-franciska","status":"publish","type":"product","link":"https:\/\/www.iskreni.net\/trgovina\/product\/drobtinice-veselja-s-predgovorom-papeza-franciska\/","title":{"rendered":"Drobtinice veselja: s predgovorom pape\u017ea Fran\u010di\u0161ka"},"content":{"rendered":"<h4>O knjigi:<\/h4>\n<p>Knji\u017eica s predgovorom pape\u017ea Fran\u010di\u0161ka pripoveduje o pravem, resni\u010dnem veselju, ki nas celo v najte\u017ejih trenutkih dviga in nas vzpodbuja, da \u017eivimo pristno in izpolnjeno \u017eivljenje v skladu s Kristusovim naukom. Duhovnik Maurizio Mirilli v knjigi govori o ne\u010dem, kar i\u0161\u010demo vsi: o pravem veselju. Pri tem opozori na pravi izvor veselja, to je Bo\u017eje usmiljenje, ki nas napolnjuje, ko se osvobodimo svojih grehov in se vrnemo h Gospodu ter se ponovno zdru\u017eimo z Njim.<\/p>\n<p>Govori o polnosti veselja, ki pripada vsakomur, tudi tistim, ki so obi\u010dajno odrinjeni iz dru\u017ebe. Pripoveduje nam tudi o veselju, ko se pustimo presenetiti tej osvobajajo\u010di mo\u010di Bo\u017ejega odpu\u0161\u010danja, ki nam je vedno podarjeno v najte\u017ejih trenutkih, ko se nam zdi, da smo izgubili pravo pot. S to knjigo, polno prave sre\u010de in upanja, duhovnik Maurizio Mirilli bralca vzpodbuja, da bi \u017eivel izpolnjeno in pristno \u017eivljenje, po drugi strani pa opustil la\u017ene zadovoljitve, zna\u010dilne za ta na\u0161 svet, ki nas sili k takoj\u0161njim, kratkotrajnim pote\u0161itvam lastnih potreb.<\/p>\n<p>S predgovorom pape\u017ea Fran\u010di\u0161ka.<\/p>\n<h4>O avtorju:<\/h4>\n<p>Maurizio Mirilli se je rodil leta 1970 v italijanskem mestecu Mesagne blizu Brescie. Leta 1994 je zaklju\u010dil \u0161tudij statisti\u010dnih in matemati\u010dnih ved na univerzi La Sapienza v Rimu. Po zaklju\u010denem \u0161tudiju filozofije in teologije na Pape\u0161ki lateranski univerzi je opravil specializacijo iz moralne teologije na Pape\u0161ki akademiji Alfonsiana. 2. maja 2004 je bil imenovan za \u017eupnika v rimski \u0161kofiji ter se posvetil pastorali mladih. Od leta 2009 je vodja ustanove za mladinsko pastoralo v rimski \u0161kofiji. Pri zalo\u017ebi Edizioni San Paolo je izdal \u0161tevilne publikacije. Ena od njih je tudi ta knjiga.<\/p>\n<h4>Iz knjige:<\/h4>\n<p><em>Vsi si v \u017eivljenju \u017eelimo biti sre\u010dni in vsi i\u0161\u010demo pravo veselje. \u010clove\u0161ko bitje, ki ga ne vodi tak\u0161na\u00a0<\/em>\u017eelja, po mojem mnenju nima dobre motiviranosti\u00a0<em>za \u017eivljenje. Kljub vsemu je vsepovsod po svetu mogo\u010de najti veliko \u017ealostnih, nesre\u010dnih, depresivnih, jeznih ljudi, po drugi strani pa navidezno zadovoljnih, omamljenih z za\u010dasnimi veselji, kakr\u0161na ponuja potro\u0161ni\u0161ka dru\u017eba, ki nas obdaja. Prav vsi se zavedamo, kako nas ta svet sili v minljive u\u017eitke, ki nas pu\u0161\u010dajo prazne. To vemo \u017ee od najzgodnej\u0161ih otro\u0161kih let, ko smo dobili prvo igra\u010do, ki nas je razo\u010darala, ker ni ustrezala na\u0161emu pri\u010dakovanju sre\u010de, in smo jo zato zdolgo\u010daseni odvrgli. Prav vsi pa po drugi strani globoko v svoji du\u0161i upamo, da bomo dosegli veselje v vsej polnosti, tisto pravo veselje, ki nas napolnjuje in se resni\u010dno naseli v nas<\/em>.<\/p>\n<p>(<em>Str. 9, 10<\/em>)<\/p>\n<p class=\"text-small\">\n","protected":false},"excerpt":{"rendered":"<p><strong>\u0160tevilo strani:<\/strong> 104<br \/>\n<strong>Leto izdaje:<\/strong> 2020<br \/>\n<strong>Format:<\/strong> 11 x 18 cm<\/p>\n<p>Polnost veselja, ki pripada vsakomur!<\/p>\n","protected":false},"featured_media":36885,"comment_status":"open","ping_status":"closed","template":"","meta":[],"product_brand":[],"product_cat":[2324,63],"product_tag":[1376],"avtor":[2470],"zalozba":[2337],"vezava":[2307],"class_list":{"0":"post-36791","1":"product","2":"type-product","3":"status-publish","4":"has-post-thumbnail","6":"product_cat-duhovnost-in-osebna-rast","7":"product_cat-knjige","8":"product_tag-papez-francisek","9":"avtor-maurizio-mirilli","10":"zalozba-celjska-mohorjeva-druzba","11":"vezava-mehka","13":"first","14":"instock","15":"taxable","16":"shipping-taxable","17":"purchasable","18":"product-type-simple"},"yoast_head":"<!-- This site is optimized with the Yoast SEO plugin v26.3 - https:\/\/yoast.com\/wordpress\/plugins\/seo\/ -->\n<title>Drobtinice veselja: s predgovorom pape\u017ea Fran\u010di\u0161ka - Iskreni<\/title>\n<meta name=\"description\" content=\"Knjiga o pravem, resni\u010dnem veselju, ki nas dviga in vzpodbuja, da \u017eivimo pristno in izpolnjeno \u017eivljenje v skladu s Kristusovim naukom.\" \/>\n<meta name=\"robots\" content=\"index, follow, max-snippet:-1, max-image-preview:large, max-video-preview:-1\" \/>\n<link rel=\"canonical\" href=\"https:\/\/www.iskreni.net\/trgovina\/product\/drobtinice-veselja-s-predgovorom-papeza-franciska\/\" \/>\n<meta property=\"og:locale\" content=\"sl_SI\" \/>\n<meta property=\"og:type\" content=\"article\" \/>\n<meta property=\"og:title\" content=\"Drobtinice veselja: s predgovorom pape\u017ea Fran\u010di\u0161ka - Iskreni\" \/>\n<meta property=\"og:description\" content=\"Knjiga o pravem, resni\u010dnem veselju, ki nas dviga in vzpodbuja, da \u017eivimo pristno in izpolnjeno \u017eivljenje v skladu s Kristusovim naukom.\" \/>\n<meta property=\"og:url\" content=\"https:\/\/www.iskreni.net\/trgovina\/product\/drobtinice-veselja-s-predgovorom-papeza-franciska\/\" \/>\n<meta property=\"og:site_name\" content=\"Zavod Iskreni\" \/>\n<meta property=\"article:modified_time\" content=\"2023-10-19T08:40:56+00:00\" \/>\n<meta property=\"og:image\" content=\"https:\/\/www.iskreni.net\/trgovina\/wp-content\/uploads\/2020\/12\/Drobtinice-veselja.jpg\" \/>\n\t<meta property=\"og:image:width\" content=\"575\" \/>\n\t<meta property=\"og:image:height\" content=\"575\" \/>\n\t<meta property=\"og:image:type\" content=\"image\/jpeg\" \/>\n<meta name=\"twitter:card\" content=\"summary_large_image\" \/>\n<meta name=\"twitter:label1\" content=\"Est. reading time\" \/>\n\t<meta name=\"twitter:data1\" content=\"3 minute\" \/>\n<script type=\"application\/ld+json\" class=\"yoast-schema-graph\">{\"@context\":\"https:\/\/schema.org\",\"@graph\":[{\"@type\":\"WebPage\",\"@id\":\"https:\/\/www.iskreni.net\/trgovina\/product\/drobtinice-veselja-s-predgovorom-papeza-franciska\/\",\"url\":\"https:\/\/www.iskreni.net\/trgovina\/product\/drobtinice-veselja-s-predgovorom-papeza-franciska\/\",\"name\":\"Drobtinice veselja: s predgovorom pape\u017ea Fran\u010di\u0161ka - Iskreni\",\"isPartOf\":{\"@id\":\"https:\/\/www.iskreni.net\/trgovina\/#website\"},\"primaryImageOfPage\":{\"@id\":\"https:\/\/www.iskreni.net\/trgovina\/product\/drobtinice-veselja-s-predgovorom-papeza-franciska\/#primaryimage\"},\"image\":{\"@id\":\"https:\/\/www.iskreni.net\/trgovina\/product\/drobtinice-veselja-s-predgovorom-papeza-franciska\/#primaryimage\"},\"thumbnailUrl\":\"https:\/\/www.iskreni.net\/trgovina\/wp-content\/uploads\/2020\/12\/Drobtinice-veselja.jpg\",\"datePublished\":\"2020-12-14T16:59:03+00:00\",\"dateModified\":\"2023-10-19T08:40:56+00:00\",\"description\":\"Knjiga o pravem, resni\u010dnem veselju, ki nas dviga in vzpodbuja, da \u017eivimo pristno in izpolnjeno \u017eivljenje v skladu s Kristusovim naukom.\",\"breadcrumb\":{\"@id\":\"https:\/\/www.iskreni.net\/trgovina\/product\/drobtinice-veselja-s-predgovorom-papeza-franciska\/#breadcrumb\"},\"inLanguage\":\"sl-SI\",\"potentialAction\":[{\"@type\":\"ReadAction\",\"target\":[\"https:\/\/www.iskreni.net\/trgovina\/product\/drobtinice-veselja-s-predgovorom-papeza-franciska\/\"]}]},{\"@type\":\"ImageObject\",\"inLanguage\":\"sl-SI\",\"@id\":\"https:\/\/www.iskreni.net\/trgovina\/product\/drobtinice-veselja-s-predgovorom-papeza-franciska\/#primaryimage\",\"url\":\"https:\/\/www.iskreni.net\/trgovina\/wp-content\/uploads\/2020\/12\/Drobtinice-veselja.jpg\",\"contentUrl\":\"https:\/\/www.iskreni.net\/trgovina\/wp-content\/uploads\/2020\/12\/Drobtinice-veselja.jpg\",\"width\":575,\"height\":575},{\"@type\":\"BreadcrumbList\",\"@id\":\"https:\/\/www.iskreni.net\/trgovina\/product\/drobtinice-veselja-s-predgovorom-papeza-franciska\/#breadcrumb\",\"itemListElement\":[{\"@type\":\"ListItem\",\"position\":1,\"name\":\"Home\",\"item\":\"https:\/\/www.iskreni.net\/trgovina\/\"},{\"@type\":\"ListItem\",\"position\":2,\"name\":\"Trgovina\",\"item\":\"https:\/\/www.iskreni.net\/trgovina\/trgovina\/\"},{\"@type\":\"ListItem\",\"position\":3,\"name\":\"Drobtinice veselja: s predgovorom pape\u017ea Fran\u010di\u0161ka\"}]},{\"@type\":\"WebSite\",\"@id\":\"https:\/\/www.iskreni.net\/trgovina\/#website\",\"url\":\"https:\/\/www.iskreni.net\/trgovina\/\",\"name\":\"Zavod Iskreni\",\"description\":\"trgovina\",\"potentialAction\":[{\"@type\":\"SearchAction\",\"target\":{\"@type\":\"EntryPoint\",\"urlTemplate\":\"https:\/\/www.iskreni.net\/trgovina\/?s={search_term_string}\"},\"query-input\":{\"@type\":\"PropertyValueSpecification\",\"valueRequired\":true,\"valueName\":\"search_term_string\"}}],\"inLanguage\":\"sl-SI\"}]}<\/script>\n<!-- \/ Yoast SEO plugin. -->","yoast_head_json":{"title":"Drobtinice veselja: s predgovorom pape\u017ea Fran\u010di\u0161ka - Iskreni","description":"Knjiga o pravem, resni\u010dnem veselju, ki nas dviga in vzpodbuja, da \u017eivimo pristno in izpolnjeno \u017eivljenje v skladu s Kristusovim naukom.","robots":{"index":"index","follow":"follow","max-snippet":"max-snippet:-1","max-image-preview":"max-image-preview:large","max-video-preview":"max-video-preview:-1"},"canonical":"https:\/\/www.iskreni.net\/trgovina\/product\/drobtinice-veselja-s-predgovorom-papeza-franciska\/","og_locale":"sl_SI","og_type":"article","og_title":"Drobtinice veselja: s predgovorom pape\u017ea Fran\u010di\u0161ka - Iskreni","og_description":"Knjiga o pravem, resni\u010dnem veselju, ki nas dviga in vzpodbuja, da \u017eivimo pristno in izpolnjeno \u017eivljenje v skladu s Kristusovim naukom.","og_url":"https:\/\/www.iskreni.net\/trgovina\/product\/drobtinice-veselja-s-predgovorom-papeza-franciska\/","og_site_name":"Zavod Iskreni","article_modified_time":"2023-10-19T08:40:56+00:00","og_image":[{"width":575,"height":575,"url":"https:\/\/www.iskreni.net\/trgovina\/wp-content\/uploads\/2020\/12\/Drobtinice-veselja.jpg","type":"image\/jpeg"}],"twitter_card":"summary_large_image","twitter_misc":{"Est. reading time":"3 minute"},"schema":{"@context":"https:\/\/schema.org","@graph":[{"@type":"WebPage","@id":"https:\/\/www.iskreni.net\/trgovina\/product\/drobtinice-veselja-s-predgovorom-papeza-franciska\/","url":"https:\/\/www.iskreni.net\/trgovina\/product\/drobtinice-veselja-s-predgovorom-papeza-franciska\/","name":"Drobtinice veselja: s predgovorom pape\u017ea Fran\u010di\u0161ka - Iskreni","isPartOf":{"@id":"https:\/\/www.iskreni.net\/trgovina\/#website"},"primaryImageOfPage":{"@id":"https:\/\/www.iskreni.net\/trgovina\/product\/drobtinice-veselja-s-predgovorom-papeza-franciska\/#primaryimage"},"image":{"@id":"https:\/\/www.iskreni.net\/trgovina\/product\/drobtinice-veselja-s-predgovorom-papeza-franciska\/#primaryimage"},"thumbnailUrl":"https:\/\/www.iskreni.net\/trgovina\/wp-content\/uploads\/2020\/12\/Drobtinice-veselja.jpg","datePublished":"2020-12-14T16:59:03+00:00","dateModified":"2023-10-19T08:40:56+00:00","description":"Knjiga o pravem, resni\u010dnem veselju, ki nas dviga in vzpodbuja, da \u017eivimo pristno in izpolnjeno \u017eivljenje v skladu s Kristusovim naukom.","breadcrumb":{"@id":"https:\/\/www.iskreni.net\/trgovina\/product\/drobtinice-veselja-s-predgovorom-papeza-franciska\/#breadcrumb"},"inLanguage":"sl-SI","potentialAction":[{"@type":"ReadAction","target":["https:\/\/www.iskreni.net\/trgovina\/product\/drobtinice-veselja-s-predgovorom-papeza-franciska\/"]}]},{"@type":"ImageObject","inLanguage":"sl-SI","@id":"https:\/\/www.iskreni.net\/trgovina\/product\/drobtinice-veselja-s-predgovorom-papeza-franciska\/#primaryimage","url":"https:\/\/www.iskreni.net\/trgovina\/wp-content\/uploads\/2020\/12\/Drobtinice-veselja.jpg","contentUrl":"https:\/\/www.iskreni.net\/trgovina\/wp-content\/uploads\/2020\/12\/Drobtinice-veselja.jpg","width":575,"height":575},{"@type":"BreadcrumbList","@id":"https:\/\/www.iskreni.net\/trgovina\/product\/drobtinice-veselja-s-predgovorom-papeza-franciska\/#breadcrumb","itemListElement":[{"@type":"ListItem","position":1,"name":"Home","item":"https:\/\/www.iskreni.net\/trgovina\/"},{"@type":"ListItem","position":2,"name":"Trgovina","item":"https:\/\/www.iskreni.net\/trgovina\/trgovina\/"},{"@type":"ListItem","position":3,"name":"Drobtinice veselja: s predgovorom pape\u017ea Fran\u010di\u0161ka"}]},{"@type":"WebSite","@id":"https:\/\/www.iskreni.net\/trgovina\/#website","url":"https:\/\/www.iskreni.net\/trgovina\/","name":"Zavod Iskreni","description":"trgovina","potentialAction":[{"@type":"SearchAction","target":{"@type":"EntryPoint","urlTemplate":"https:\/\/www.iskreni.net\/trgovina\/?s={search_term_string}"},"query-input":{"@type":"PropertyValueSpecification","valueRequired":true,"valueName":"search_term_string"}}],"inLanguage":"sl-SI"}]}},"_links":{"self":[{"href":"https:\/\/www.iskreni.net\/trgovina\/wp-json\/wp\/v2\/product\/36791","targetHints":{"allow":["GET"]}}],"collection":[{"href":"https:\/\/www.iskreni.net\/trgovina\/wp-json\/wp\/v2\/product"}],"about":[{"href":"https:\/\/www.iskreni.net\/trgovina\/wp-json\/wp\/v2\/types\/product"}],"replies":[{"embeddable":true,"href":"https:\/\/www.iskreni.net\/trgovina\/wp-json\/wp\/v2\/comments?post=36791"}],"version-history":[{"count":3,"href":"https:\/\/www.iskreni.net\/trgovina\/wp-json\/wp\/v2\/product\/36791\/revisions"}],"predecessor-version":[{"id":70064,"href":"https:\/\/www.iskreni.net\/trgovina\/wp-json\/wp\/v2\/product\/36791\/revisions\/70064"}],"wp:featuredmedia":[{"embeddable":true,"href":"https:\/\/www.iskreni.net\/trgovina\/wp-json\/wp\/v2\/media\/36885"}],"wp:attachment":[{"href":"https:\/\/www.iskreni.net\/trgovina\/wp-json\/wp\/v2\/media?parent=36791"}],"wp:term":[{"taxonomy":"product_brand","embeddable":true,"href":"https:\/\/www.iskreni.net\/trgovina\/wp-json\/wp\/v2\/product_brand?post=36791"},{"taxonomy":"product_cat","embeddable":true,"href":"https:\/\/www.iskreni.net\/trgovina\/wp-json\/wp\/v2\/product_cat?post=36791"},{"taxonomy":"product_tag","embeddable":true,"href":"https:\/\/www.iskreni.net\/trgovina\/wp-json\/wp\/v2\/product_tag?post=36791"},{"taxonomy":"avtor","embeddable":true,"href":"https:\/\/www.iskreni.net\/trgovina\/wp-json\/wp\/v2\/avtor?post=36791"},{"taxonomy":"zalozba","embeddable":true,"href":"https:\/\/www.iskreni.net\/trgovina\/wp-json\/wp\/v2\/zalozba?post=36791"},{"taxonomy":"vezava","embeddable":true,"href":"https:\/\/www.iskreni.net\/trgovina\/wp-json\/wp\/v2\/vezava?post=36791"}],"curies":[{"name":"wp","href":"https:\/\/api.w.org\/{rel}","templated":true}]}}