{"id":36727,"date":"2020-12-14T07:58:21","date_gmt":"2020-12-14T06:58:21","guid":{"rendered":"https:\/\/www.iskreni.net\/trgovina\/?post_type=product&#038;p=36727"},"modified":"2023-07-25T14:37:06","modified_gmt":"2023-07-25T12:37:06","slug":"srkajoci-um","status":"publish","type":"product","link":"https:\/\/www.iskreni.net\/trgovina\/product\/srkajoci-um\/","title":{"rendered":"Srkajo\u010di um"},"content":{"rendered":"<h4>O knjigi:<\/h4>\n<p>Delo izjemne italijanske pedagoginje, zdravnice in antropologinje smo v Sloveniji spoznali dokaj pozno, \u0161ele v zadnjih desetletjih je za\u010delo nekaj vrtcev in osnovnih \u0161ol delovati po na\u010delih njene pedagogike.<\/p>\n<p>Maria Montessori je med prvimi opozorila na razvojno izredno pomembno \u00bbpred\u0161olsko\u00ab obdobje v \u010dasu do \u0161estega leta, ki ga zaznamuje otrokov \u00bbsrkajo\u010di um\u00ab, o \u010demer govori ta knjiga. Mal\u010dki so v tem obdobju izjemno u\u010dljivi, ne le v faktografskem pomnenju, temve\u010d predvsem v razvijanju nastavkov za \u017eivljenjske spretnosti (gibanje, spoznavanje jezika, socializacija itd.) in intelektualne sposobnosti v kasnej\u0161ih obdobjih. Poleg tega je pedagoginja ugotovila, da je \u017ee v otro\u0161ki naravi velika motiviranost k delu, redu in urejenosti, \u010de jim le ponudimo ustrezne pogoje.<\/p>\n<p>Naloga star\u0161ev in drugih odraslih je, da otroku pripravijo ustrezne pogoje in \u00bbmateriale\u00ab, s pomo\u010djo katerih bo otrok sam poiskal tisto smer, ki ga v danem trenutku najbolj privla\u010di in mu omogo\u010da optimalen razvoj. V idealnih razmerah bi se star\u0161i zavedali te pomembne naloge in pripravili otroku tak\u0161no vsakodnevno okolje, v kateri se bo kar najbolje razvil. \u010ceprav pri tej metodi otrok sam izbira svojo dejavnost, to \u0161e zdale\u010d ne pomeni permisivne vzgoje.<\/p>\n<p>Knjiga<strong>\u00a0Srkajo\u010di um<\/strong>\u00a0je eno izmed klju\u010dnih del Marie Montessori in zato tudi osnova za poznavanje njene pedagogike.<\/p>\n<h4>O avtorici:<\/h4>\n<p>Maria Tecla Artemisia Montessori je bila italijanska zdravnica, u\u010diteljica, filozofinja in dobrodelnica. Najbolj je\u00a0prepoznavna po svoji <em>Montessori metodi pou\u010devanja otrok od rojstva do mladostni\u0161tva<\/em>. Njena metoda se \u0161e dandanes uveljavlja v \u0161olah po vsem svetu.<\/p>\n<p>Metoda Montessori je nastala iz opazovanja otrok. Spontano po\u010detje otrok jo je pripeljalo do novih spoznanj o otro\u0161kem vedenju in u\u010denju. Ugotovila je, da otroci \u010dutijo potrebo po ponavljanju, saj jim daje ob\u010dutek varnosti. Otrok v \u0161oli Montessori ima potrebo po redu in \u010disto\u010di, saj predmet, ki ga je uporabljal, lepo pospravi na svoje mesto na polici. V u\u010dilnici torej vladata red in mir.<\/p>\n<p><i>\u00bbPomagaj mi, da naredim sam\u00ab<\/i>\u00a0je glavni in vodilni motiv pedagogike Montessori.<\/p>\n<h4>Iz knjige:<\/h4>\n<p><em>&#8220;Prou\u010devanje psihologije otroka v njegovih prvih letih pred na\u0161imi o\u010dmi razgrne taka \u010dudesa, da nih\u010de, ki jih vidi in doume, ne more ostati neprizadet. Naloga odraslih je, ne da u\u010dimo, ampak da pomagamo umu otroka pri njegovem delu izgradnje in razvoja. Kako \u010dudovito bi bilo, \u010de bi lahko otroku pomagali tako, da bi \u010dakali pripravljeni in z njim razumno ravnali, da bi razumeli njegove osnovne \u017eivljenje potrebe, da bi lahko podalj\u0161ali obdobje, v katerem ima sposobnost vsrkavanja.&#8221;<\/em><\/p>\n","protected":false},"excerpt":{"rendered":"<p><i>\u00bbPomagaj mi, da naredim sam!\u00ab<\/i><\/p>\n<p><strong>Avtor: <\/strong>Maria Montessori<br \/>\n<strong>Zalo\u017eba: <\/strong>Ur\u0161ulinski zavod<br \/>\n<strong>\u0160tevilo strani:<\/strong> 305<br \/>\n<strong>Leto izdaje:<\/strong> 2018<\/p>\n","protected":false},"featured_media":36890,"comment_status":"open","ping_status":"closed","template":"","meta":[],"product_brand":[],"product_cat":[2323,63],"product_tag":[],"avtor":[2375],"zalozba":[],"vezava":[2307],"class_list":{"0":"post-36727","1":"product","2":"type-product","3":"status-publish","4":"has-post-thumbnail","6":"product_cat-vzgoja","7":"product_cat-knjige","8":"avtor-maria-montessori","9":"vezava-mehka","11":"first","12":"instock","13":"taxable","14":"shipping-taxable","15":"purchasable","16":"product-type-simple"},"yoast_head":"<!-- This site is optimized with the Yoast SEO plugin v26.3 - https:\/\/yoast.com\/wordpress\/plugins\/seo\/ -->\n<title>Srkajo\u010di um - Maria Montessori - trgovina iskreni.net<\/title>\n<meta name=\"description\" content=\"Knjiga Srkajo\u010di um je eno klju\u010dnih del Marie Montessori in zato tudi osnova za poznavanje njene pedagogike.\" \/>\n<meta name=\"robots\" content=\"index, follow, max-snippet:-1, max-image-preview:large, max-video-preview:-1\" \/>\n<link rel=\"canonical\" href=\"https:\/\/www.iskreni.net\/trgovina\/product\/srkajoci-um\/\" \/>\n<meta property=\"og:locale\" content=\"sl_SI\" \/>\n<meta property=\"og:type\" content=\"article\" \/>\n<meta property=\"og:title\" content=\"Srkajo\u010di um - Maria Montessori - trgovina iskreni.net\" \/>\n<meta property=\"og:description\" content=\"Knjiga Srkajo\u010di um je eno klju\u010dnih del Marie Montessori in zato tudi osnova za poznavanje njene pedagogike.\" \/>\n<meta property=\"og:url\" content=\"https:\/\/www.iskreni.net\/trgovina\/product\/srkajoci-um\/\" \/>\n<meta property=\"og:site_name\" content=\"Zavod Iskreni\" \/>\n<meta property=\"article:modified_time\" content=\"2023-07-25T12:37:06+00:00\" \/>\n<meta property=\"og:image\" content=\"https:\/\/www.iskreni.net\/trgovina\/wp-content\/uploads\/2020\/12\/Srkajoc\u030ci-um.jpg\" \/>\n\t<meta property=\"og:image:width\" content=\"617\" \/>\n\t<meta property=\"og:image:height\" content=\"615\" \/>\n\t<meta property=\"og:image:type\" content=\"image\/jpeg\" \/>\n<meta name=\"twitter:card\" content=\"summary_large_image\" \/>\n<meta name=\"twitter:label1\" content=\"Est. reading time\" \/>\n\t<meta name=\"twitter:data1\" content=\"2 minuti\" \/>\n<script type=\"application\/ld+json\" class=\"yoast-schema-graph\">{\"@context\":\"https:\/\/schema.org\",\"@graph\":[{\"@type\":\"WebPage\",\"@id\":\"https:\/\/www.iskreni.net\/trgovina\/product\/srkajoci-um\/\",\"url\":\"https:\/\/www.iskreni.net\/trgovina\/product\/srkajoci-um\/\",\"name\":\"Srkajo\u010di um - Maria Montessori - trgovina iskreni.net\",\"isPartOf\":{\"@id\":\"https:\/\/www.iskreni.net\/trgovina\/#website\"},\"primaryImageOfPage\":{\"@id\":\"https:\/\/www.iskreni.net\/trgovina\/product\/srkajoci-um\/#primaryimage\"},\"image\":{\"@id\":\"https:\/\/www.iskreni.net\/trgovina\/product\/srkajoci-um\/#primaryimage\"},\"thumbnailUrl\":\"https:\/\/www.iskreni.net\/trgovina\/wp-content\/uploads\/2020\/12\/Srkajoc\u030ci-um.jpg\",\"datePublished\":\"2020-12-14T06:58:21+00:00\",\"dateModified\":\"2023-07-25T12:37:06+00:00\",\"description\":\"Knjiga Srkajo\u010di um je eno klju\u010dnih del Marie Montessori in zato tudi osnova za poznavanje njene pedagogike.\",\"breadcrumb\":{\"@id\":\"https:\/\/www.iskreni.net\/trgovina\/product\/srkajoci-um\/#breadcrumb\"},\"inLanguage\":\"sl-SI\",\"potentialAction\":[{\"@type\":\"ReadAction\",\"target\":[\"https:\/\/www.iskreni.net\/trgovina\/product\/srkajoci-um\/\"]}]},{\"@type\":\"ImageObject\",\"inLanguage\":\"sl-SI\",\"@id\":\"https:\/\/www.iskreni.net\/trgovina\/product\/srkajoci-um\/#primaryimage\",\"url\":\"https:\/\/www.iskreni.net\/trgovina\/wp-content\/uploads\/2020\/12\/Srkajoc\u030ci-um.jpg\",\"contentUrl\":\"https:\/\/www.iskreni.net\/trgovina\/wp-content\/uploads\/2020\/12\/Srkajoc\u030ci-um.jpg\",\"width\":617,\"height\":615},{\"@type\":\"BreadcrumbList\",\"@id\":\"https:\/\/www.iskreni.net\/trgovina\/product\/srkajoci-um\/#breadcrumb\",\"itemListElement\":[{\"@type\":\"ListItem\",\"position\":1,\"name\":\"Home\",\"item\":\"https:\/\/www.iskreni.net\/trgovina\/\"},{\"@type\":\"ListItem\",\"position\":2,\"name\":\"Trgovina\",\"item\":\"https:\/\/www.iskreni.net\/trgovina\/trgovina\/\"},{\"@type\":\"ListItem\",\"position\":3,\"name\":\"Srkajo\u010di um\"}]},{\"@type\":\"WebSite\",\"@id\":\"https:\/\/www.iskreni.net\/trgovina\/#website\",\"url\":\"https:\/\/www.iskreni.net\/trgovina\/\",\"name\":\"Zavod Iskreni\",\"description\":\"trgovina\",\"potentialAction\":[{\"@type\":\"SearchAction\",\"target\":{\"@type\":\"EntryPoint\",\"urlTemplate\":\"https:\/\/www.iskreni.net\/trgovina\/?s={search_term_string}\"},\"query-input\":{\"@type\":\"PropertyValueSpecification\",\"valueRequired\":true,\"valueName\":\"search_term_string\"}}],\"inLanguage\":\"sl-SI\"}]}<\/script>\n<!-- \/ Yoast SEO plugin. -->","yoast_head_json":{"title":"Srkajo\u010di um - Maria Montessori - trgovina iskreni.net","description":"Knjiga Srkajo\u010di um je eno klju\u010dnih del Marie Montessori in zato tudi osnova za poznavanje njene pedagogike.","robots":{"index":"index","follow":"follow","max-snippet":"max-snippet:-1","max-image-preview":"max-image-preview:large","max-video-preview":"max-video-preview:-1"},"canonical":"https:\/\/www.iskreni.net\/trgovina\/product\/srkajoci-um\/","og_locale":"sl_SI","og_type":"article","og_title":"Srkajo\u010di um - Maria Montessori - trgovina iskreni.net","og_description":"Knjiga Srkajo\u010di um je eno klju\u010dnih del Marie Montessori in zato tudi osnova za poznavanje njene pedagogike.","og_url":"https:\/\/www.iskreni.net\/trgovina\/product\/srkajoci-um\/","og_site_name":"Zavod Iskreni","article_modified_time":"2023-07-25T12:37:06+00:00","og_image":[{"width":617,"height":615,"url":"https:\/\/www.iskreni.net\/trgovina\/wp-content\/uploads\/2020\/12\/Srkajoc\u030ci-um.jpg","type":"image\/jpeg"}],"twitter_card":"summary_large_image","twitter_misc":{"Est. reading time":"2 minuti"},"schema":{"@context":"https:\/\/schema.org","@graph":[{"@type":"WebPage","@id":"https:\/\/www.iskreni.net\/trgovina\/product\/srkajoci-um\/","url":"https:\/\/www.iskreni.net\/trgovina\/product\/srkajoci-um\/","name":"Srkajo\u010di um - Maria Montessori - trgovina iskreni.net","isPartOf":{"@id":"https:\/\/www.iskreni.net\/trgovina\/#website"},"primaryImageOfPage":{"@id":"https:\/\/www.iskreni.net\/trgovina\/product\/srkajoci-um\/#primaryimage"},"image":{"@id":"https:\/\/www.iskreni.net\/trgovina\/product\/srkajoci-um\/#primaryimage"},"thumbnailUrl":"https:\/\/www.iskreni.net\/trgovina\/wp-content\/uploads\/2020\/12\/Srkajoc\u030ci-um.jpg","datePublished":"2020-12-14T06:58:21+00:00","dateModified":"2023-07-25T12:37:06+00:00","description":"Knjiga Srkajo\u010di um je eno klju\u010dnih del Marie Montessori in zato tudi osnova za poznavanje njene pedagogike.","breadcrumb":{"@id":"https:\/\/www.iskreni.net\/trgovina\/product\/srkajoci-um\/#breadcrumb"},"inLanguage":"sl-SI","potentialAction":[{"@type":"ReadAction","target":["https:\/\/www.iskreni.net\/trgovina\/product\/srkajoci-um\/"]}]},{"@type":"ImageObject","inLanguage":"sl-SI","@id":"https:\/\/www.iskreni.net\/trgovina\/product\/srkajoci-um\/#primaryimage","url":"https:\/\/www.iskreni.net\/trgovina\/wp-content\/uploads\/2020\/12\/Srkajoc\u030ci-um.jpg","contentUrl":"https:\/\/www.iskreni.net\/trgovina\/wp-content\/uploads\/2020\/12\/Srkajoc\u030ci-um.jpg","width":617,"height":615},{"@type":"BreadcrumbList","@id":"https:\/\/www.iskreni.net\/trgovina\/product\/srkajoci-um\/#breadcrumb","itemListElement":[{"@type":"ListItem","position":1,"name":"Home","item":"https:\/\/www.iskreni.net\/trgovina\/"},{"@type":"ListItem","position":2,"name":"Trgovina","item":"https:\/\/www.iskreni.net\/trgovina\/trgovina\/"},{"@type":"ListItem","position":3,"name":"Srkajo\u010di um"}]},{"@type":"WebSite","@id":"https:\/\/www.iskreni.net\/trgovina\/#website","url":"https:\/\/www.iskreni.net\/trgovina\/","name":"Zavod Iskreni","description":"trgovina","potentialAction":[{"@type":"SearchAction","target":{"@type":"EntryPoint","urlTemplate":"https:\/\/www.iskreni.net\/trgovina\/?s={search_term_string}"},"query-input":{"@type":"PropertyValueSpecification","valueRequired":true,"valueName":"search_term_string"}}],"inLanguage":"sl-SI"}]}},"_links":{"self":[{"href":"https:\/\/www.iskreni.net\/trgovina\/wp-json\/wp\/v2\/product\/36727","targetHints":{"allow":["GET"]}}],"collection":[{"href":"https:\/\/www.iskreni.net\/trgovina\/wp-json\/wp\/v2\/product"}],"about":[{"href":"https:\/\/www.iskreni.net\/trgovina\/wp-json\/wp\/v2\/types\/product"}],"replies":[{"embeddable":true,"href":"https:\/\/www.iskreni.net\/trgovina\/wp-json\/wp\/v2\/comments?post=36727"}],"version-history":[{"count":3,"href":"https:\/\/www.iskreni.net\/trgovina\/wp-json\/wp\/v2\/product\/36727\/revisions"}],"predecessor-version":[{"id":53441,"href":"https:\/\/www.iskreni.net\/trgovina\/wp-json\/wp\/v2\/product\/36727\/revisions\/53441"}],"wp:featuredmedia":[{"embeddable":true,"href":"https:\/\/www.iskreni.net\/trgovina\/wp-json\/wp\/v2\/media\/36890"}],"wp:attachment":[{"href":"https:\/\/www.iskreni.net\/trgovina\/wp-json\/wp\/v2\/media?parent=36727"}],"wp:term":[{"taxonomy":"product_brand","embeddable":true,"href":"https:\/\/www.iskreni.net\/trgovina\/wp-json\/wp\/v2\/product_brand?post=36727"},{"taxonomy":"product_cat","embeddable":true,"href":"https:\/\/www.iskreni.net\/trgovina\/wp-json\/wp\/v2\/product_cat?post=36727"},{"taxonomy":"product_tag","embeddable":true,"href":"https:\/\/www.iskreni.net\/trgovina\/wp-json\/wp\/v2\/product_tag?post=36727"},{"taxonomy":"avtor","embeddable":true,"href":"https:\/\/www.iskreni.net\/trgovina\/wp-json\/wp\/v2\/avtor?post=36727"},{"taxonomy":"zalozba","embeddable":true,"href":"https:\/\/www.iskreni.net\/trgovina\/wp-json\/wp\/v2\/zalozba?post=36727"},{"taxonomy":"vezava","embeddable":true,"href":"https:\/\/www.iskreni.net\/trgovina\/wp-json\/wp\/v2\/vezava?post=36727"}],"curies":[{"name":"wp","href":"https:\/\/api.w.org\/{rel}","templated":true}]}}