{"id":3644,"date":"2017-09-20T14:26:22","date_gmt":"2017-09-20T12:26:22","guid":{"rendered":"https:\/\/www.iskreni.net\/trgovina\/product\/izposoja-slinga-z-obroci\/"},"modified":"2023-07-19T13:08:50","modified_gmt":"2023-07-19T11:08:50","slug":"izposoja-slinga-z-obroci","status":"publish","type":"product","link":"https:\/\/www.iskreni.net\/trgovina\/product\/izposoja-slinga-z-obroci\/","title":{"rendered":"Izposoja slinga z obro\u010di (10 \u20ac izposojnina + 40 \u20ac kavcija)"},"content":{"rendered":"<p>Gre za kraj\u0161i tkan trak, ki pa ima ne enem koncu name\u0161\u010dena\u00a0<strong>dva kovinska obro\u010dka<\/strong>. Sling z obro\u010di je dokaj\u00a0<strong>enostaven za name\u0161\u010danje<\/strong>, je kratek in tako prakti\u010den za situacije, ko otroka velikokrat prestavljamo ven iz nosilke in nazaj v njo.<\/p>\n<p>Slingi z obro\u010di so namenjeni predvsem no\u0161enju<strong>\u00a0na boku<\/strong>, \u010deprav je mo\u017eno tudi no\u0161enje spredaj (manj\u0161i otroci) in pogojno na hrbtu (ve\u010dji otroci).<\/p>\n<p>Sling z obro\u010di lahko nosimo le tako, da je\u00a0<strong>vsa te\u017ea na eni rami<\/strong>, kar je po dolo\u010denem \u010dasu no\u0161enja (in te\u017ei) lahko naporno za tistega, ki nosi.<\/p>\n<p>&nbsp;<\/p>\n<p><strong>Podrobnej\u0161i opis nosilk in trakov, <\/strong>ki vam bom pomagal tudi pri odlo\u010ditvi, katera je za vas najprimernej\u0161a,\u00a0najdete na\u00a0<a href=\"https:\/\/www.iskreni.net\/spoznajte-razlicne-vrste-nosilk\/\">tej povezavi<\/a>.<\/p>\n","protected":false},"excerpt":{"rendered":"<p>Na iskreni.net omogo\u010damo\u00a0<strong>osebno svetovanje<\/strong>\u00a0ter\u00a0<strong>izposojo<\/strong>\u00a0trakov in nosilk.<\/p>\n<p><strong>Cena za izposojo slinga:<\/strong>\u00a010 \u20ac za 2 tedna (+ 40 \u20ac kavcije). <strong>Ob vra\u010dilu nepo\u0161kodovanega slinga vam kavcijo v celoti povrnemo.<\/strong><\/p>\n<p>V trgovini iskreni.net je\u00a0<a href=\"https:\/\/www.iskreni.net\/trgovina\/product-category\/rad-bi-se-nosil\/\"><strong>mo\u017een tudi nakup<\/strong><\/a>\u00a0kakovostnih nosilk in trakov znamk Boba, Fidella in Lenny Lamb.\u00a0V primeru predhodne izposoje v izposojevalnici vam pri nakupu nudimo\u00a0<strong>7 % popusta<\/strong>. \u010ce \u017eelite uveljavljati popust pri nakupu nosilke ali traku preko spletne trgovine, nam to sporo\u010dite na info@iskreni.net.<\/p>\n<p>\u010ce boste izposojo pla\u010dali s kreditno kartico, vas prosimo, da nam na elektronski naslov info@iskreni.net sporo\u010dite \u0161tevilko svojega TRR, da vam bomo po vra\u010dilu nosilke vrnili kavcijo.<\/p>\n<p>V Zavodu Iskreni omogo\u010damo <strong>osebno svetovanje<\/strong>\u00a0ter\u00a0<strong>izposojo<\/strong> nosilk. Za informacijo pi\u0161ite na <a href=\"mailto:pisarna@iskreni.net\">pisarna@iskreni.net<\/a>.<\/p>\n","protected":false},"featured_media":3649,"comment_status":"open","ping_status":"closed","template":"","meta":[],"product_brand":[],"product_cat":[2320,320],"product_tag":[],"avtor":[],"zalozba":[],"vezava":[],"class_list":{"0":"post-3644","1":"product","2":"type-product","3":"status-publish","4":"has-post-thumbnail","6":"product_cat-dodatna-ponudba","7":"product_cat-izposoja-nosilk-in-trakov","9":"first","10":"instock","11":"taxable","12":"shipping-taxable","13":"purchasable","14":"product-type-simple"},"yoast_head":"<!-- This site is optimized with the Yoast SEO plugin v26.3 - https:\/\/yoast.com\/wordpress\/plugins\/seo\/ -->\n<title>Izposoja slinga z obro\u010di (10 \u20ac izposojnina + 40 \u20ac kavcija) - Zavod Iskreni<\/title>\n<meta name=\"robots\" content=\"index, follow, max-snippet:-1, max-image-preview:large, max-video-preview:-1\" \/>\n<link rel=\"canonical\" href=\"https:\/\/www.iskreni.net\/trgovina\/product\/izposoja-slinga-z-obroci\/\" \/>\n<meta property=\"og:locale\" content=\"sl_SI\" \/>\n<meta property=\"og:type\" content=\"article\" \/>\n<meta property=\"og:title\" content=\"Izposoja slinga z obro\u010di (10 \u20ac izposojnina + 40 \u20ac kavcija) - Zavod Iskreni\" \/>\n<meta property=\"og:description\" content=\"Na iskreni.net omogo\u010damo\u00a0osebno svetovanje\u00a0ter\u00a0izposojo\u00a0trakov in nosilk.  Cena za izposojo slinga:\u00a010 \u20ac za 2 tedna (+ 40 \u20ac kavcije). Ob vra\u010dilu nepo\u0161kodovanega slinga vam kavcijo v celoti povrnemo.  V trgovini iskreni.net je\u00a0mo\u017een tudi nakup\u00a0kakovostnih nosilk in trakov znamk Boba, Fidella in Lenny Lamb.\u00a0V primeru predhodne izposoje v izposojevalnici vam pri nakupu nudimo\u00a07 % popusta. \u010ce \u017eelite uveljavljati popust pri nakupu nosilke ali traku preko spletne trgovine, nam to sporo\u010dite na info@iskreni.net.  \u010ce boste izposojo pla\u010dali s kreditno kartico, vas prosimo, da nam na elektronski naslov info@iskreni.net sporo\u010dite \u0161tevilko svojega TRR, da vam bomo po vra\u010dilu nosilke vrnili kavcijo.  V Zavodu Iskreni omogo\u010damo osebno svetovanje\u00a0ter\u00a0izposojo nosilk. Za informacijo pi\u0161ite na pisarna@iskreni.net.\" \/>\n<meta property=\"og:url\" content=\"https:\/\/www.iskreni.net\/trgovina\/product\/izposoja-slinga-z-obroci\/\" \/>\n<meta property=\"og:site_name\" content=\"Zavod Iskreni\" \/>\n<meta property=\"article:modified_time\" content=\"2023-07-19T11:08:50+00:00\" \/>\n<meta property=\"og:image\" content=\"https:\/\/www.iskreni.net\/trgovina\/wp-content\/uploads\/2017\/09\/RS3.jpg\" \/>\n\t<meta property=\"og:image:width\" content=\"678\" \/>\n\t<meta property=\"og:image:height\" content=\"1024\" \/>\n\t<meta property=\"og:image:type\" content=\"image\/jpeg\" \/>\n<meta name=\"twitter:card\" content=\"summary_large_image\" \/>\n<meta name=\"twitter:label1\" content=\"Est. reading time\" \/>\n\t<meta name=\"twitter:data1\" content=\"1 minuta\" \/>\n<script type=\"application\/ld+json\" class=\"yoast-schema-graph\">{\"@context\":\"https:\/\/schema.org\",\"@graph\":[{\"@type\":\"WebPage\",\"@id\":\"https:\/\/www.iskreni.net\/trgovina\/product\/izposoja-slinga-z-obroci\/\",\"url\":\"https:\/\/www.iskreni.net\/trgovina\/product\/izposoja-slinga-z-obroci\/\",\"name\":\"Izposoja slinga z obro\u010di (10 \u20ac izposojnina + 40 \u20ac kavcija) - Zavod Iskreni\",\"isPartOf\":{\"@id\":\"https:\/\/www.iskreni.net\/trgovina\/#website\"},\"primaryImageOfPage\":{\"@id\":\"https:\/\/www.iskreni.net\/trgovina\/product\/izposoja-slinga-z-obroci\/#primaryimage\"},\"image\":{\"@id\":\"https:\/\/www.iskreni.net\/trgovina\/product\/izposoja-slinga-z-obroci\/#primaryimage\"},\"thumbnailUrl\":\"https:\/\/www.iskreni.net\/trgovina\/wp-content\/uploads\/2017\/09\/RS3.jpg\",\"datePublished\":\"2017-09-20T12:26:22+00:00\",\"dateModified\":\"2023-07-19T11:08:50+00:00\",\"breadcrumb\":{\"@id\":\"https:\/\/www.iskreni.net\/trgovina\/product\/izposoja-slinga-z-obroci\/#breadcrumb\"},\"inLanguage\":\"sl-SI\",\"potentialAction\":[{\"@type\":\"ReadAction\",\"target\":[\"https:\/\/www.iskreni.net\/trgovina\/product\/izposoja-slinga-z-obroci\/\"]}]},{\"@type\":\"ImageObject\",\"inLanguage\":\"sl-SI\",\"@id\":\"https:\/\/www.iskreni.net\/trgovina\/product\/izposoja-slinga-z-obroci\/#primaryimage\",\"url\":\"https:\/\/www.iskreni.net\/trgovina\/wp-content\/uploads\/2017\/09\/RS3.jpg\",\"contentUrl\":\"https:\/\/www.iskreni.net\/trgovina\/wp-content\/uploads\/2017\/09\/RS3.jpg\",\"width\":678,\"height\":1024},{\"@type\":\"BreadcrumbList\",\"@id\":\"https:\/\/www.iskreni.net\/trgovina\/product\/izposoja-slinga-z-obroci\/#breadcrumb\",\"itemListElement\":[{\"@type\":\"ListItem\",\"position\":1,\"name\":\"Home\",\"item\":\"https:\/\/www.iskreni.net\/trgovina\/\"},{\"@type\":\"ListItem\",\"position\":2,\"name\":\"Trgovina\",\"item\":\"https:\/\/www.iskreni.net\/trgovina\/trgovina\/\"},{\"@type\":\"ListItem\",\"position\":3,\"name\":\"Izposoja slinga z obro\u010di (10 \u20ac izposojnina + 40 \u20ac kavcija)\"}]},{\"@type\":\"WebSite\",\"@id\":\"https:\/\/www.iskreni.net\/trgovina\/#website\",\"url\":\"https:\/\/www.iskreni.net\/trgovina\/\",\"name\":\"Zavod Iskreni\",\"description\":\"trgovina\",\"potentialAction\":[{\"@type\":\"SearchAction\",\"target\":{\"@type\":\"EntryPoint\",\"urlTemplate\":\"https:\/\/www.iskreni.net\/trgovina\/?s={search_term_string}\"},\"query-input\":{\"@type\":\"PropertyValueSpecification\",\"valueRequired\":true,\"valueName\":\"search_term_string\"}}],\"inLanguage\":\"sl-SI\"}]}<\/script>\n<!-- \/ Yoast SEO plugin. -->","yoast_head_json":{"title":"Izposoja slinga z obro\u010di (10 \u20ac izposojnina + 40 \u20ac kavcija) - Zavod Iskreni","robots":{"index":"index","follow":"follow","max-snippet":"max-snippet:-1","max-image-preview":"max-image-preview:large","max-video-preview":"max-video-preview:-1"},"canonical":"https:\/\/www.iskreni.net\/trgovina\/product\/izposoja-slinga-z-obroci\/","og_locale":"sl_SI","og_type":"article","og_title":"Izposoja slinga z obro\u010di (10 \u20ac izposojnina + 40 \u20ac kavcija) - Zavod Iskreni","og_description":"Na iskreni.net omogo\u010damo\u00a0osebno svetovanje\u00a0ter\u00a0izposojo\u00a0trakov in nosilk.  Cena za izposojo slinga:\u00a010 \u20ac za 2 tedna (+ 40 \u20ac kavcije). Ob vra\u010dilu nepo\u0161kodovanega slinga vam kavcijo v celoti povrnemo.  V trgovini iskreni.net je\u00a0mo\u017een tudi nakup\u00a0kakovostnih nosilk in trakov znamk Boba, Fidella in Lenny Lamb.\u00a0V primeru predhodne izposoje v izposojevalnici vam pri nakupu nudimo\u00a07 % popusta. \u010ce \u017eelite uveljavljati popust pri nakupu nosilke ali traku preko spletne trgovine, nam to sporo\u010dite na info@iskreni.net.  \u010ce boste izposojo pla\u010dali s kreditno kartico, vas prosimo, da nam na elektronski naslov info@iskreni.net sporo\u010dite \u0161tevilko svojega TRR, da vam bomo po vra\u010dilu nosilke vrnili kavcijo.  V Zavodu Iskreni omogo\u010damo osebno svetovanje\u00a0ter\u00a0izposojo nosilk. Za informacijo pi\u0161ite na pisarna@iskreni.net.","og_url":"https:\/\/www.iskreni.net\/trgovina\/product\/izposoja-slinga-z-obroci\/","og_site_name":"Zavod Iskreni","article_modified_time":"2023-07-19T11:08:50+00:00","og_image":[{"width":678,"height":1024,"url":"https:\/\/www.iskreni.net\/trgovina\/wp-content\/uploads\/2017\/09\/RS3.jpg","type":"image\/jpeg"}],"twitter_card":"summary_large_image","twitter_misc":{"Est. reading time":"1 minuta"},"schema":{"@context":"https:\/\/schema.org","@graph":[{"@type":"WebPage","@id":"https:\/\/www.iskreni.net\/trgovina\/product\/izposoja-slinga-z-obroci\/","url":"https:\/\/www.iskreni.net\/trgovina\/product\/izposoja-slinga-z-obroci\/","name":"Izposoja slinga z obro\u010di (10 \u20ac izposojnina + 40 \u20ac kavcija) - Zavod Iskreni","isPartOf":{"@id":"https:\/\/www.iskreni.net\/trgovina\/#website"},"primaryImageOfPage":{"@id":"https:\/\/www.iskreni.net\/trgovina\/product\/izposoja-slinga-z-obroci\/#primaryimage"},"image":{"@id":"https:\/\/www.iskreni.net\/trgovina\/product\/izposoja-slinga-z-obroci\/#primaryimage"},"thumbnailUrl":"https:\/\/www.iskreni.net\/trgovina\/wp-content\/uploads\/2017\/09\/RS3.jpg","datePublished":"2017-09-20T12:26:22+00:00","dateModified":"2023-07-19T11:08:50+00:00","breadcrumb":{"@id":"https:\/\/www.iskreni.net\/trgovina\/product\/izposoja-slinga-z-obroci\/#breadcrumb"},"inLanguage":"sl-SI","potentialAction":[{"@type":"ReadAction","target":["https:\/\/www.iskreni.net\/trgovina\/product\/izposoja-slinga-z-obroci\/"]}]},{"@type":"ImageObject","inLanguage":"sl-SI","@id":"https:\/\/www.iskreni.net\/trgovina\/product\/izposoja-slinga-z-obroci\/#primaryimage","url":"https:\/\/www.iskreni.net\/trgovina\/wp-content\/uploads\/2017\/09\/RS3.jpg","contentUrl":"https:\/\/www.iskreni.net\/trgovina\/wp-content\/uploads\/2017\/09\/RS3.jpg","width":678,"height":1024},{"@type":"BreadcrumbList","@id":"https:\/\/www.iskreni.net\/trgovina\/product\/izposoja-slinga-z-obroci\/#breadcrumb","itemListElement":[{"@type":"ListItem","position":1,"name":"Home","item":"https:\/\/www.iskreni.net\/trgovina\/"},{"@type":"ListItem","position":2,"name":"Trgovina","item":"https:\/\/www.iskreni.net\/trgovina\/trgovina\/"},{"@type":"ListItem","position":3,"name":"Izposoja slinga z obro\u010di (10 \u20ac izposojnina + 40 \u20ac kavcija)"}]},{"@type":"WebSite","@id":"https:\/\/www.iskreni.net\/trgovina\/#website","url":"https:\/\/www.iskreni.net\/trgovina\/","name":"Zavod Iskreni","description":"trgovina","potentialAction":[{"@type":"SearchAction","target":{"@type":"EntryPoint","urlTemplate":"https:\/\/www.iskreni.net\/trgovina\/?s={search_term_string}"},"query-input":{"@type":"PropertyValueSpecification","valueRequired":true,"valueName":"search_term_string"}}],"inLanguage":"sl-SI"}]}},"_links":{"self":[{"href":"https:\/\/www.iskreni.net\/trgovina\/wp-json\/wp\/v2\/product\/3644","targetHints":{"allow":["GET"]}}],"collection":[{"href":"https:\/\/www.iskreni.net\/trgovina\/wp-json\/wp\/v2\/product"}],"about":[{"href":"https:\/\/www.iskreni.net\/trgovina\/wp-json\/wp\/v2\/types\/product"}],"replies":[{"embeddable":true,"href":"https:\/\/www.iskreni.net\/trgovina\/wp-json\/wp\/v2\/comments?post=3644"}],"version-history":[{"count":1,"href":"https:\/\/www.iskreni.net\/trgovina\/wp-json\/wp\/v2\/product\/3644\/revisions"}],"predecessor-version":[{"id":44573,"href":"https:\/\/www.iskreni.net\/trgovina\/wp-json\/wp\/v2\/product\/3644\/revisions\/44573"}],"wp:featuredmedia":[{"embeddable":true,"href":"https:\/\/www.iskreni.net\/trgovina\/wp-json\/wp\/v2\/media\/3649"}],"wp:attachment":[{"href":"https:\/\/www.iskreni.net\/trgovina\/wp-json\/wp\/v2\/media?parent=3644"}],"wp:term":[{"taxonomy":"product_brand","embeddable":true,"href":"https:\/\/www.iskreni.net\/trgovina\/wp-json\/wp\/v2\/product_brand?post=3644"},{"taxonomy":"product_cat","embeddable":true,"href":"https:\/\/www.iskreni.net\/trgovina\/wp-json\/wp\/v2\/product_cat?post=3644"},{"taxonomy":"product_tag","embeddable":true,"href":"https:\/\/www.iskreni.net\/trgovina\/wp-json\/wp\/v2\/product_tag?post=3644"},{"taxonomy":"avtor","embeddable":true,"href":"https:\/\/www.iskreni.net\/trgovina\/wp-json\/wp\/v2\/avtor?post=3644"},{"taxonomy":"zalozba","embeddable":true,"href":"https:\/\/www.iskreni.net\/trgovina\/wp-json\/wp\/v2\/zalozba?post=3644"},{"taxonomy":"vezava","embeddable":true,"href":"https:\/\/www.iskreni.net\/trgovina\/wp-json\/wp\/v2\/vezava?post=3644"}],"curies":[{"name":"wp","href":"https:\/\/api.w.org\/{rel}","templated":true}]}}