{"id":36383,"date":"2020-12-07T13:40:59","date_gmt":"2020-12-07T12:40:59","guid":{"rendered":"https:\/\/www.iskreni.net\/trgovina\/?post_type=product&#038;p=36383"},"modified":"2025-11-18T11:36:07","modified_gmt":"2025-11-18T10:36:07","slug":"od-vzgoje-do-odnosa-avtenticni-starsi-kompetentni-otroci","status":"publish","type":"product","link":"https:\/\/www.iskreni.net\/trgovina\/product\/od-vzgoje-do-odnosa-avtenticni-starsi-kompetentni-otroci\/","title":{"rendered":"Od vzgoje do odnosa: avtenti\u010dni star\u0161i &#8211; kompetentni otroci"},"content":{"rendered":"<h4><strong>O knjigi:<\/strong><\/h4>\n<p>Jesper Juul sku\u0161a star\u0161em in vzgojiteljem predati naslednje: odrasli se moramo nau\u010diti vzgajati otroke na nov, ob\u010dutljivej\u0161i na\u010din, jih jemati resno in tudi v njihovem mote\u010dem vedenju videti sporo\u010dilo.<\/p>\n<p>V tej knjigi s \u0161tevilnimi primeri prika\u017ee, kako lahko otroci in odrasli za\u010dnejo iskren dialog, ki je pravzaprav temeljni kamen vzgoje. Jesper Juul poka\u017ee, kaj je pri tem pomembno, kako konkretno in v kak\u0161nih razmerah je mogo\u010de to udejanjiti, koliko vpliva na splo\u0161no delovanje posameznika v dru\u017ebi in kako je spremenil tudi njegovo \u017eivljenje. Bralec lahko vidi, kako lahko uresni\u010dimo kakovosten dialog v tipi\u010dnih vsakdanjih konfliktih, kot so jutranje vstajanje, obroki, \u0161ola, obla\u010denje, \u017eepnina, izhodi, odhod v posteljo in podobno &#8230;<\/p>\n<h4><strong>O avtorju:<\/strong><\/h4>\n<p>Jesper Juul je ve\u010d kot tri desetletja organiziral delavnice za star\u0161e. S sodelavci iz razli\u010dnih evropskih dr\u017eav je na podlagi svojih znanj in izku\u0161enj ustanovil Familylab, mednarodno organizacijo, ki dru\u017einam ponuja podporo, svetovanje in pomo\u010d pri razvoju star\u0161evske kompetentosti. S poletjem 2008 se je za\u010del projekt Familylab tudi v Sloveniji. Del projekta je tudi izdaja knjig Jesperja Juula v slovenskem jeziku. Pri zalo\u017ebi Didakta so iz\u0161le tudi naslednje knjige Jesperja Juula: To sem jaz. Kdo si pa ti?, Dru\u017einske vrednote, Od poslu\u0161nosti do odgovornosti, Dru\u017eine z najstniki, Hura, gremo jest in Reci NE brez slabe vesti.<\/p>\n<h4>Vsebina knjige Od vzgoje do odnosa:<\/h4>\n<ul>\n<li>Vzgoja kot tema<\/li>\n<li>Biografsko ozadje<\/li>\n<li>Biti terapevt<\/li>\n<li>Poznavanje samega sebe in osebna odgovornost<\/li>\n<li>\u017diveti odgovorno<\/li>\n<li>Postavljanje meja samemu sebi<\/li>\n<li>Biti svoboden &#8211; biti \u010dlovek<\/li>\n<li>Prevzemanje odgovornosti<\/li>\n<li>Pretirana odgovornost<\/li>\n<li>Osebni dialog<\/li>\n<li>Dialog med \u0161olo in dru\u017eino<\/li>\n<li>Dialog v mejnih situacijah<\/li>\n<li>Samozavest in samospo\u0161tovanje<\/li>\n<li>Biti ljubljen in te\u017enja po osebni spremembi<\/li>\n<li>Negativni ob\u010dutki in konfrontacije<\/li>\n<li>Re\u010di ne<\/li>\n<li>Skupaj v jutri\u0161nji svet<\/li>\n<\/ul>\n<p>&nbsp;<\/p>\n","protected":false},"excerpt":{"rendered":"<p><strong>\u0160tevilo strani:<\/strong> 182<br \/>\n<strong>Leto izdaje:<\/strong> 2018<br \/>\n<strong>Mere:<\/strong> 230 x 150 mm<\/p>\n<p><em>&#8220;Gre za to, da doumemo govorico otrok in jo vzamemo resno, tudi \u010de to pomeni, da mora odrasli spremeniti svoje ravnanje &#8230;&#8221;<\/em><\/p>\n<p>&nbsp;<\/p>\n","protected":false},"featured_media":36900,"comment_status":"open","ping_status":"closed","template":"","meta":[],"product_brand":[],"product_cat":[2323,63],"product_tag":[460],"avtor":[2372],"zalozba":[2316],"vezava":[2307],"class_list":{"0":"post-36383","1":"product","2":"type-product","3":"status-publish","4":"has-post-thumbnail","6":"product_cat-vzgoja","7":"product_cat-knjige","8":"product_tag-starsevstvo","9":"avtor-jesper-juul","10":"zalozba-didakta","11":"vezava-mehka","13":"first","14":"outofstock","15":"taxable","16":"shipping-taxable","17":"purchasable","18":"product-type-simple"},"yoast_head":"<!-- This site is optimized with the Yoast SEO plugin v26.3 - https:\/\/yoast.com\/wordpress\/plugins\/seo\/ -->\n<title>Od vzgoje do odnosa - avtenti\u010dni star\u0161i - kompetentni otroci - Jesper Juul<\/title>\n<meta name=\"description\" content=\"V tej knjigi avtor s \u0161tevilnimi primeri prika\u017ee, kako lahko otroci in odrasli za\u010dnejo iskren dialog, ki je pravzaparav temeljni kamen vzgoje.\" \/>\n<meta name=\"robots\" content=\"index, follow, max-snippet:-1, max-image-preview:large, max-video-preview:-1\" \/>\n<link rel=\"canonical\" href=\"https:\/\/www.iskreni.net\/trgovina\/product\/od-vzgoje-do-odnosa-avtenticni-starsi-kompetentni-otroci\/\" \/>\n<meta property=\"og:locale\" content=\"sl_SI\" \/>\n<meta property=\"og:type\" content=\"article\" \/>\n<meta property=\"og:title\" content=\"Od vzgoje do odnosa - avtenti\u010dni star\u0161i - kompetentni otroci - Jesper Juul\" \/>\n<meta property=\"og:description\" content=\"V tej knjigi avtor s \u0161tevilnimi primeri prika\u017ee, kako lahko otroci in odrasli za\u010dnejo iskren dialog, ki je pravzaparav temeljni kamen vzgoje.\" \/>\n<meta property=\"og:url\" content=\"https:\/\/www.iskreni.net\/trgovina\/product\/od-vzgoje-do-odnosa-avtenticni-starsi-kompetentni-otroci\/\" \/>\n<meta property=\"og:site_name\" content=\"Zavod Iskreni\" \/>\n<meta property=\"article:modified_time\" content=\"2025-11-18T10:36:07+00:00\" \/>\n<meta property=\"og:image\" content=\"https:\/\/www.iskreni.net\/trgovina\/wp-content\/uploads\/2020\/12\/Od-vzgoje-do-odnosa.jpg\" \/>\n\t<meta property=\"og:image:width\" content=\"618\" \/>\n\t<meta property=\"og:image:height\" content=\"618\" \/>\n\t<meta property=\"og:image:type\" content=\"image\/jpeg\" \/>\n<meta name=\"twitter:card\" content=\"summary_large_image\" \/>\n<meta name=\"twitter:label1\" content=\"Est. reading time\" \/>\n\t<meta name=\"twitter:data1\" content=\"2 minuti\" \/>\n<script type=\"application\/ld+json\" class=\"yoast-schema-graph\">{\"@context\":\"https:\/\/schema.org\",\"@graph\":[{\"@type\":\"WebPage\",\"@id\":\"https:\/\/www.iskreni.net\/trgovina\/product\/od-vzgoje-do-odnosa-avtenticni-starsi-kompetentni-otroci\/\",\"url\":\"https:\/\/www.iskreni.net\/trgovina\/product\/od-vzgoje-do-odnosa-avtenticni-starsi-kompetentni-otroci\/\",\"name\":\"Od vzgoje do odnosa - avtenti\u010dni star\u0161i - kompetentni otroci - Jesper Juul\",\"isPartOf\":{\"@id\":\"https:\/\/www.iskreni.net\/trgovina\/#website\"},\"primaryImageOfPage\":{\"@id\":\"https:\/\/www.iskreni.net\/trgovina\/product\/od-vzgoje-do-odnosa-avtenticni-starsi-kompetentni-otroci\/#primaryimage\"},\"image\":{\"@id\":\"https:\/\/www.iskreni.net\/trgovina\/product\/od-vzgoje-do-odnosa-avtenticni-starsi-kompetentni-otroci\/#primaryimage\"},\"thumbnailUrl\":\"https:\/\/www.iskreni.net\/trgovina\/wp-content\/uploads\/2020\/12\/Od-vzgoje-do-odnosa.jpg\",\"datePublished\":\"2020-12-07T12:40:59+00:00\",\"dateModified\":\"2025-11-18T10:36:07+00:00\",\"description\":\"V tej knjigi avtor s \u0161tevilnimi primeri prika\u017ee, kako lahko otroci in odrasli za\u010dnejo iskren dialog, ki je pravzaparav temeljni kamen vzgoje.\",\"breadcrumb\":{\"@id\":\"https:\/\/www.iskreni.net\/trgovina\/product\/od-vzgoje-do-odnosa-avtenticni-starsi-kompetentni-otroci\/#breadcrumb\"},\"inLanguage\":\"sl-SI\",\"potentialAction\":[{\"@type\":\"ReadAction\",\"target\":[\"https:\/\/www.iskreni.net\/trgovina\/product\/od-vzgoje-do-odnosa-avtenticni-starsi-kompetentni-otroci\/\"]}]},{\"@type\":\"ImageObject\",\"inLanguage\":\"sl-SI\",\"@id\":\"https:\/\/www.iskreni.net\/trgovina\/product\/od-vzgoje-do-odnosa-avtenticni-starsi-kompetentni-otroci\/#primaryimage\",\"url\":\"https:\/\/www.iskreni.net\/trgovina\/wp-content\/uploads\/2020\/12\/Od-vzgoje-do-odnosa.jpg\",\"contentUrl\":\"https:\/\/www.iskreni.net\/trgovina\/wp-content\/uploads\/2020\/12\/Od-vzgoje-do-odnosa.jpg\",\"width\":618,\"height\":618},{\"@type\":\"BreadcrumbList\",\"@id\":\"https:\/\/www.iskreni.net\/trgovina\/product\/od-vzgoje-do-odnosa-avtenticni-starsi-kompetentni-otroci\/#breadcrumb\",\"itemListElement\":[{\"@type\":\"ListItem\",\"position\":1,\"name\":\"Home\",\"item\":\"https:\/\/www.iskreni.net\/trgovina\/\"},{\"@type\":\"ListItem\",\"position\":2,\"name\":\"Trgovina\",\"item\":\"https:\/\/www.iskreni.net\/trgovina\/trgovina\/\"},{\"@type\":\"ListItem\",\"position\":3,\"name\":\"Od vzgoje do odnosa: avtenti\u010dni star\u0161i &#8211; kompetentni otroci\"}]},{\"@type\":\"WebSite\",\"@id\":\"https:\/\/www.iskreni.net\/trgovina\/#website\",\"url\":\"https:\/\/www.iskreni.net\/trgovina\/\",\"name\":\"Zavod Iskreni\",\"description\":\"trgovina\",\"potentialAction\":[{\"@type\":\"SearchAction\",\"target\":{\"@type\":\"EntryPoint\",\"urlTemplate\":\"https:\/\/www.iskreni.net\/trgovina\/?s={search_term_string}\"},\"query-input\":{\"@type\":\"PropertyValueSpecification\",\"valueRequired\":true,\"valueName\":\"search_term_string\"}}],\"inLanguage\":\"sl-SI\"}]}<\/script>\n<!-- \/ Yoast SEO plugin. -->","yoast_head_json":{"title":"Od vzgoje do odnosa - avtenti\u010dni star\u0161i - kompetentni otroci - Jesper Juul","description":"V tej knjigi avtor s \u0161tevilnimi primeri prika\u017ee, kako lahko otroci in odrasli za\u010dnejo iskren dialog, ki je pravzaparav temeljni kamen vzgoje.","robots":{"index":"index","follow":"follow","max-snippet":"max-snippet:-1","max-image-preview":"max-image-preview:large","max-video-preview":"max-video-preview:-1"},"canonical":"https:\/\/www.iskreni.net\/trgovina\/product\/od-vzgoje-do-odnosa-avtenticni-starsi-kompetentni-otroci\/","og_locale":"sl_SI","og_type":"article","og_title":"Od vzgoje do odnosa - avtenti\u010dni star\u0161i - kompetentni otroci - Jesper Juul","og_description":"V tej knjigi avtor s \u0161tevilnimi primeri prika\u017ee, kako lahko otroci in odrasli za\u010dnejo iskren dialog, ki je pravzaparav temeljni kamen vzgoje.","og_url":"https:\/\/www.iskreni.net\/trgovina\/product\/od-vzgoje-do-odnosa-avtenticni-starsi-kompetentni-otroci\/","og_site_name":"Zavod Iskreni","article_modified_time":"2025-11-18T10:36:07+00:00","og_image":[{"width":618,"height":618,"url":"https:\/\/www.iskreni.net\/trgovina\/wp-content\/uploads\/2020\/12\/Od-vzgoje-do-odnosa.jpg","type":"image\/jpeg"}],"twitter_card":"summary_large_image","twitter_misc":{"Est. reading time":"2 minuti"},"schema":{"@context":"https:\/\/schema.org","@graph":[{"@type":"WebPage","@id":"https:\/\/www.iskreni.net\/trgovina\/product\/od-vzgoje-do-odnosa-avtenticni-starsi-kompetentni-otroci\/","url":"https:\/\/www.iskreni.net\/trgovina\/product\/od-vzgoje-do-odnosa-avtenticni-starsi-kompetentni-otroci\/","name":"Od vzgoje do odnosa - avtenti\u010dni star\u0161i - kompetentni otroci - Jesper Juul","isPartOf":{"@id":"https:\/\/www.iskreni.net\/trgovina\/#website"},"primaryImageOfPage":{"@id":"https:\/\/www.iskreni.net\/trgovina\/product\/od-vzgoje-do-odnosa-avtenticni-starsi-kompetentni-otroci\/#primaryimage"},"image":{"@id":"https:\/\/www.iskreni.net\/trgovina\/product\/od-vzgoje-do-odnosa-avtenticni-starsi-kompetentni-otroci\/#primaryimage"},"thumbnailUrl":"https:\/\/www.iskreni.net\/trgovina\/wp-content\/uploads\/2020\/12\/Od-vzgoje-do-odnosa.jpg","datePublished":"2020-12-07T12:40:59+00:00","dateModified":"2025-11-18T10:36:07+00:00","description":"V tej knjigi avtor s \u0161tevilnimi primeri prika\u017ee, kako lahko otroci in odrasli za\u010dnejo iskren dialog, ki je pravzaparav temeljni kamen vzgoje.","breadcrumb":{"@id":"https:\/\/www.iskreni.net\/trgovina\/product\/od-vzgoje-do-odnosa-avtenticni-starsi-kompetentni-otroci\/#breadcrumb"},"inLanguage":"sl-SI","potentialAction":[{"@type":"ReadAction","target":["https:\/\/www.iskreni.net\/trgovina\/product\/od-vzgoje-do-odnosa-avtenticni-starsi-kompetentni-otroci\/"]}]},{"@type":"ImageObject","inLanguage":"sl-SI","@id":"https:\/\/www.iskreni.net\/trgovina\/product\/od-vzgoje-do-odnosa-avtenticni-starsi-kompetentni-otroci\/#primaryimage","url":"https:\/\/www.iskreni.net\/trgovina\/wp-content\/uploads\/2020\/12\/Od-vzgoje-do-odnosa.jpg","contentUrl":"https:\/\/www.iskreni.net\/trgovina\/wp-content\/uploads\/2020\/12\/Od-vzgoje-do-odnosa.jpg","width":618,"height":618},{"@type":"BreadcrumbList","@id":"https:\/\/www.iskreni.net\/trgovina\/product\/od-vzgoje-do-odnosa-avtenticni-starsi-kompetentni-otroci\/#breadcrumb","itemListElement":[{"@type":"ListItem","position":1,"name":"Home","item":"https:\/\/www.iskreni.net\/trgovina\/"},{"@type":"ListItem","position":2,"name":"Trgovina","item":"https:\/\/www.iskreni.net\/trgovina\/trgovina\/"},{"@type":"ListItem","position":3,"name":"Od vzgoje do odnosa: avtenti\u010dni star\u0161i &#8211; kompetentni otroci"}]},{"@type":"WebSite","@id":"https:\/\/www.iskreni.net\/trgovina\/#website","url":"https:\/\/www.iskreni.net\/trgovina\/","name":"Zavod Iskreni","description":"trgovina","potentialAction":[{"@type":"SearchAction","target":{"@type":"EntryPoint","urlTemplate":"https:\/\/www.iskreni.net\/trgovina\/?s={search_term_string}"},"query-input":{"@type":"PropertyValueSpecification","valueRequired":true,"valueName":"search_term_string"}}],"inLanguage":"sl-SI"}]}},"_links":{"self":[{"href":"https:\/\/www.iskreni.net\/trgovina\/wp-json\/wp\/v2\/product\/36383","targetHints":{"allow":["GET"]}}],"collection":[{"href":"https:\/\/www.iskreni.net\/trgovina\/wp-json\/wp\/v2\/product"}],"about":[{"href":"https:\/\/www.iskreni.net\/trgovina\/wp-json\/wp\/v2\/types\/product"}],"replies":[{"embeddable":true,"href":"https:\/\/www.iskreni.net\/trgovina\/wp-json\/wp\/v2\/comments?post=36383"}],"version-history":[{"count":7,"href":"https:\/\/www.iskreni.net\/trgovina\/wp-json\/wp\/v2\/product\/36383\/revisions"}],"predecessor-version":[{"id":72661,"href":"https:\/\/www.iskreni.net\/trgovina\/wp-json\/wp\/v2\/product\/36383\/revisions\/72661"}],"wp:featuredmedia":[{"embeddable":true,"href":"https:\/\/www.iskreni.net\/trgovina\/wp-json\/wp\/v2\/media\/36900"}],"wp:attachment":[{"href":"https:\/\/www.iskreni.net\/trgovina\/wp-json\/wp\/v2\/media?parent=36383"}],"wp:term":[{"taxonomy":"product_brand","embeddable":true,"href":"https:\/\/www.iskreni.net\/trgovina\/wp-json\/wp\/v2\/product_brand?post=36383"},{"taxonomy":"product_cat","embeddable":true,"href":"https:\/\/www.iskreni.net\/trgovina\/wp-json\/wp\/v2\/product_cat?post=36383"},{"taxonomy":"product_tag","embeddable":true,"href":"https:\/\/www.iskreni.net\/trgovina\/wp-json\/wp\/v2\/product_tag?post=36383"},{"taxonomy":"avtor","embeddable":true,"href":"https:\/\/www.iskreni.net\/trgovina\/wp-json\/wp\/v2\/avtor?post=36383"},{"taxonomy":"zalozba","embeddable":true,"href":"https:\/\/www.iskreni.net\/trgovina\/wp-json\/wp\/v2\/zalozba?post=36383"},{"taxonomy":"vezava","embeddable":true,"href":"https:\/\/www.iskreni.net\/trgovina\/wp-json\/wp\/v2\/vezava?post=36383"}],"curies":[{"name":"wp","href":"https:\/\/api.w.org\/{rel}","templated":true}]}}