{"id":3619,"date":"2017-09-19T15:00:00","date_gmt":"2017-09-19T13:00:00","guid":{"rendered":"https:\/\/www.iskreni.net\/trgovina\/product\/izposoja-nosilke-isara\/"},"modified":"2023-07-19T13:07:57","modified_gmt":"2023-07-19T11:07:57","slug":"izposoja-nosilke-isara","status":"publish","type":"product","link":"https:\/\/www.iskreni.net\/trgovina\/product\/izposoja-nosilke-isara\/","title":{"rendered":"Izposoja nosilke Isara  (15 \u20ac izposojnina + 60 \u20ac kavcija)"},"content":{"rendered":"<p>Gre za nosilko, ki je zelo enostavna za uporabo in omogo\u010da\u00a0<strong>hitro name\u0161\u010danje<\/strong>, saj ima nastavljive naramnice in ledveni pas, zapenja se z zaponkami. Posebno\u00a0<strong>u\u010denje zato ni potrebno<\/strong>.<\/p>\n<p>Je nekoliko\u00a0<strong>manj prilagodljiva<\/strong>\u00a0od recimo trakov, zato ni priporo\u010dljiva za uporabo pri majhnih dojen\u010dkih (v prvih mesecih), saj jim ne nudi optimalne podpore z vseh strani.<\/p>\n<p>Obi\u010dajno imajo pri\u0161ito dodatno\u00a0<strong>kapuco<\/strong>, ki slu\u017ei predvsem dodatni opori za glavico pri spe\u010dem otroku, lahko tudi za\u0161\u010diti pred soncem.<\/p>\n<p>Nosilka Isara je v primerjavi z Bobo 4G bolj nastavljiva, v primerjavi s Fidello Fusion pa bolje oblazinjena, zato predstavlja nekak\u0161no kombinacijo obeh.<\/p>\n<p>Od nekaterih podobnih pripomo\u010dkov, kot so na primer t. i. \u00bbkenguruj\u010dki\u00ab, se razlikujejo predvsem po tem, da omogo\u010dajo\u00a0<strong>anatomsko ustrezen polo\u017eaj otroka<\/strong>\u00a0\u2013 z raz\u0161irjenimi in navzgor pokr\u010denimi nogicami, ki imajo oporo do pod kolena (ne bingljajo navzdol).<\/p>\n<p><strong>Podrobnej\u0161i opis nosilk, <\/strong>ki vam bom pomagal tudi pri odlo\u010ditvi, katera je za vas najprimernej\u0161a,\u00a0najdete na\u00a0<a href=\"https:\/\/www.iskreni.net\/spoznajte-razlicne-vrste-nosilk\/\">tej povezavi<\/a>.<\/p>\n","protected":false},"excerpt":{"rendered":"<p>V Zavodu Iskreni omogo\u010damo <strong>osebno svetovanje<\/strong>\u00a0ter\u00a0<strong>izposojo<\/strong> nosilk. Za informacijo pi\u0161ite na <a href=\"mailto:pisarna@iskreni.net\">pisarna@iskreni.net<\/a>.<\/p>\n<p><strong>Cena za izposojo ergonomske nosilke:<\/strong>\u00a015 \u20ac za 2 tedna (+ 60 \u20ac kavcije). <strong>Ob vra\u010dilu nepo\u0161kodovane nosilke vam kavcijo v celoti povrnemo.<\/strong><\/p>\n<p>V trgovini iskreni.net je\u00a0<a href=\"https:\/\/www.iskreni.net\/trgovina\/product-category\/rad-bi-se-nosil\/\"><strong>mo\u017een tudi nakup<\/strong><\/a>\u00a0kakovostnih nosilk in trakov znamk Boba, Fidella in Lenny Lamb.\u00a0V primeru predhodne izposoje nosilke v izposojevalnici vam pri nakupu nosilke nudimo\u00a0<strong>7 % popusta<\/strong>. \u010ce \u017eelite uveljavljati popust pri nakupu nosilke ali traku preko spletne trgovine, nam to sporo\u010dite na info@iskreni.net.<\/p>\n<p>\u010ce boste izposojo pla\u010dali s kreditno kartico, vas prosimo, da nam na elektronski naslov info@iskreni.net sporo\u010dite \u0161tevilko svojega TRR, da vam bomo po vra\u010dilu nosilke vrnili kavcijo.<\/p>\n<p>&nbsp;<\/p>\n","protected":false},"featured_media":3623,"comment_status":"open","ping_status":"closed","template":"","meta":[],"product_brand":[],"product_cat":[2320,320],"product_tag":[],"avtor":[],"zalozba":[],"vezava":[],"class_list":{"0":"post-3619","1":"product","2":"type-product","3":"status-publish","4":"has-post-thumbnail","6":"product_cat-dodatna-ponudba","7":"product_cat-izposoja-nosilk-in-trakov","9":"first","10":"instock","11":"taxable","12":"shipping-taxable","13":"purchasable","14":"product-type-simple"},"yoast_head":"<!-- This site is optimized with the Yoast SEO plugin v26.3 - https:\/\/yoast.com\/wordpress\/plugins\/seo\/ -->\n<title>Izposoja nosilke Isara (15 \u20ac izposojnina + 60 \u20ac kavcija) - Zavod Iskreni<\/title>\n<meta name=\"robots\" content=\"index, follow, max-snippet:-1, max-image-preview:large, max-video-preview:-1\" \/>\n<link rel=\"canonical\" href=\"https:\/\/www.iskreni.net\/trgovina\/product\/izposoja-nosilke-isara\/\" \/>\n<meta property=\"og:locale\" content=\"sl_SI\" \/>\n<meta property=\"og:type\" content=\"article\" \/>\n<meta property=\"og:title\" content=\"Izposoja nosilke Isara (15 \u20ac izposojnina + 60 \u20ac kavcija) - Zavod Iskreni\" \/>\n<meta property=\"og:description\" content=\"V Zavodu Iskreni omogo\u010damo osebno svetovanje\u00a0ter\u00a0izposojo nosilk. Za informacijo pi\u0161ite na pisarna@iskreni.net.  Cena za izposojo ergonomske nosilke:\u00a015 \u20ac za 2 tedna (+ 60 \u20ac kavcije). Ob vra\u010dilu nepo\u0161kodovane nosilke vam kavcijo v celoti povrnemo.  V trgovini iskreni.net je\u00a0mo\u017een tudi nakup\u00a0kakovostnih nosilk in trakov znamk Boba, Fidella in Lenny Lamb.\u00a0V primeru predhodne izposoje nosilke v izposojevalnici vam pri nakupu nosilke nudimo\u00a07 % popusta. \u010ce \u017eelite uveljavljati popust pri nakupu nosilke ali traku preko spletne trgovine, nam to sporo\u010dite na info@iskreni.net.  \u010ce boste izposojo pla\u010dali s kreditno kartico, vas prosimo, da nam na elektronski naslov info@iskreni.net sporo\u010dite \u0161tevilko svojega TRR, da vam bomo po vra\u010dilu nosilke vrnili kavcijo.  &nbsp;\" \/>\n<meta property=\"og:url\" content=\"https:\/\/www.iskreni.net\/trgovina\/product\/izposoja-nosilke-isara\/\" \/>\n<meta property=\"og:site_name\" content=\"Zavod Iskreni\" \/>\n<meta property=\"article:modified_time\" content=\"2023-07-19T11:07:57+00:00\" \/>\n<meta property=\"og:image\" content=\"https:\/\/www.iskreni.net\/trgovina\/wp-content\/uploads\/2017\/09\/Isara1.jpg\" \/>\n\t<meta property=\"og:image:width\" content=\"600\" \/>\n\t<meta property=\"og:image:height\" content=\"600\" \/>\n\t<meta property=\"og:image:type\" content=\"image\/jpeg\" \/>\n<meta name=\"twitter:card\" content=\"summary_large_image\" \/>\n<meta name=\"twitter:label1\" content=\"Est. reading time\" \/>\n\t<meta name=\"twitter:data1\" content=\"1 minuta\" \/>\n<script type=\"application\/ld+json\" class=\"yoast-schema-graph\">{\"@context\":\"https:\/\/schema.org\",\"@graph\":[{\"@type\":\"WebPage\",\"@id\":\"https:\/\/www.iskreni.net\/trgovina\/product\/izposoja-nosilke-isara\/\",\"url\":\"https:\/\/www.iskreni.net\/trgovina\/product\/izposoja-nosilke-isara\/\",\"name\":\"Izposoja nosilke Isara (15 \u20ac izposojnina + 60 \u20ac kavcija) - Zavod Iskreni\",\"isPartOf\":{\"@id\":\"https:\/\/www.iskreni.net\/trgovina\/#website\"},\"primaryImageOfPage\":{\"@id\":\"https:\/\/www.iskreni.net\/trgovina\/product\/izposoja-nosilke-isara\/#primaryimage\"},\"image\":{\"@id\":\"https:\/\/www.iskreni.net\/trgovina\/product\/izposoja-nosilke-isara\/#primaryimage\"},\"thumbnailUrl\":\"https:\/\/www.iskreni.net\/trgovina\/wp-content\/uploads\/2017\/09\/Isara1.jpg\",\"datePublished\":\"2017-09-19T13:00:00+00:00\",\"dateModified\":\"2023-07-19T11:07:57+00:00\",\"breadcrumb\":{\"@id\":\"https:\/\/www.iskreni.net\/trgovina\/product\/izposoja-nosilke-isara\/#breadcrumb\"},\"inLanguage\":\"sl-SI\",\"potentialAction\":[{\"@type\":\"ReadAction\",\"target\":[\"https:\/\/www.iskreni.net\/trgovina\/product\/izposoja-nosilke-isara\/\"]}]},{\"@type\":\"ImageObject\",\"inLanguage\":\"sl-SI\",\"@id\":\"https:\/\/www.iskreni.net\/trgovina\/product\/izposoja-nosilke-isara\/#primaryimage\",\"url\":\"https:\/\/www.iskreni.net\/trgovina\/wp-content\/uploads\/2017\/09\/Isara1.jpg\",\"contentUrl\":\"https:\/\/www.iskreni.net\/trgovina\/wp-content\/uploads\/2017\/09\/Isara1.jpg\",\"width\":600,\"height\":600},{\"@type\":\"BreadcrumbList\",\"@id\":\"https:\/\/www.iskreni.net\/trgovina\/product\/izposoja-nosilke-isara\/#breadcrumb\",\"itemListElement\":[{\"@type\":\"ListItem\",\"position\":1,\"name\":\"Home\",\"item\":\"https:\/\/www.iskreni.net\/trgovina\/\"},{\"@type\":\"ListItem\",\"position\":2,\"name\":\"Trgovina\",\"item\":\"https:\/\/www.iskreni.net\/trgovina\/trgovina\/\"},{\"@type\":\"ListItem\",\"position\":3,\"name\":\"Izposoja nosilke Isara (15 \u20ac izposojnina + 60 \u20ac kavcija)\"}]},{\"@type\":\"WebSite\",\"@id\":\"https:\/\/www.iskreni.net\/trgovina\/#website\",\"url\":\"https:\/\/www.iskreni.net\/trgovina\/\",\"name\":\"Zavod Iskreni\",\"description\":\"trgovina\",\"potentialAction\":[{\"@type\":\"SearchAction\",\"target\":{\"@type\":\"EntryPoint\",\"urlTemplate\":\"https:\/\/www.iskreni.net\/trgovina\/?s={search_term_string}\"},\"query-input\":{\"@type\":\"PropertyValueSpecification\",\"valueRequired\":true,\"valueName\":\"search_term_string\"}}],\"inLanguage\":\"sl-SI\"}]}<\/script>\n<!-- \/ Yoast SEO plugin. -->","yoast_head_json":{"title":"Izposoja nosilke Isara (15 \u20ac izposojnina + 60 \u20ac kavcija) - Zavod Iskreni","robots":{"index":"index","follow":"follow","max-snippet":"max-snippet:-1","max-image-preview":"max-image-preview:large","max-video-preview":"max-video-preview:-1"},"canonical":"https:\/\/www.iskreni.net\/trgovina\/product\/izposoja-nosilke-isara\/","og_locale":"sl_SI","og_type":"article","og_title":"Izposoja nosilke Isara (15 \u20ac izposojnina + 60 \u20ac kavcija) - Zavod Iskreni","og_description":"V Zavodu Iskreni omogo\u010damo osebno svetovanje\u00a0ter\u00a0izposojo nosilk. Za informacijo pi\u0161ite na pisarna@iskreni.net.  Cena za izposojo ergonomske nosilke:\u00a015 \u20ac za 2 tedna (+ 60 \u20ac kavcije). Ob vra\u010dilu nepo\u0161kodovane nosilke vam kavcijo v celoti povrnemo.  V trgovini iskreni.net je\u00a0mo\u017een tudi nakup\u00a0kakovostnih nosilk in trakov znamk Boba, Fidella in Lenny Lamb.\u00a0V primeru predhodne izposoje nosilke v izposojevalnici vam pri nakupu nosilke nudimo\u00a07 % popusta. \u010ce \u017eelite uveljavljati popust pri nakupu nosilke ali traku preko spletne trgovine, nam to sporo\u010dite na info@iskreni.net.  \u010ce boste izposojo pla\u010dali s kreditno kartico, vas prosimo, da nam na elektronski naslov info@iskreni.net sporo\u010dite \u0161tevilko svojega TRR, da vam bomo po vra\u010dilu nosilke vrnili kavcijo.  &nbsp;","og_url":"https:\/\/www.iskreni.net\/trgovina\/product\/izposoja-nosilke-isara\/","og_site_name":"Zavod Iskreni","article_modified_time":"2023-07-19T11:07:57+00:00","og_image":[{"width":600,"height":600,"url":"https:\/\/www.iskreni.net\/trgovina\/wp-content\/uploads\/2017\/09\/Isara1.jpg","type":"image\/jpeg"}],"twitter_card":"summary_large_image","twitter_misc":{"Est. reading time":"1 minuta"},"schema":{"@context":"https:\/\/schema.org","@graph":[{"@type":"WebPage","@id":"https:\/\/www.iskreni.net\/trgovina\/product\/izposoja-nosilke-isara\/","url":"https:\/\/www.iskreni.net\/trgovina\/product\/izposoja-nosilke-isara\/","name":"Izposoja nosilke Isara (15 \u20ac izposojnina + 60 \u20ac kavcija) - Zavod Iskreni","isPartOf":{"@id":"https:\/\/www.iskreni.net\/trgovina\/#website"},"primaryImageOfPage":{"@id":"https:\/\/www.iskreni.net\/trgovina\/product\/izposoja-nosilke-isara\/#primaryimage"},"image":{"@id":"https:\/\/www.iskreni.net\/trgovina\/product\/izposoja-nosilke-isara\/#primaryimage"},"thumbnailUrl":"https:\/\/www.iskreni.net\/trgovina\/wp-content\/uploads\/2017\/09\/Isara1.jpg","datePublished":"2017-09-19T13:00:00+00:00","dateModified":"2023-07-19T11:07:57+00:00","breadcrumb":{"@id":"https:\/\/www.iskreni.net\/trgovina\/product\/izposoja-nosilke-isara\/#breadcrumb"},"inLanguage":"sl-SI","potentialAction":[{"@type":"ReadAction","target":["https:\/\/www.iskreni.net\/trgovina\/product\/izposoja-nosilke-isara\/"]}]},{"@type":"ImageObject","inLanguage":"sl-SI","@id":"https:\/\/www.iskreni.net\/trgovina\/product\/izposoja-nosilke-isara\/#primaryimage","url":"https:\/\/www.iskreni.net\/trgovina\/wp-content\/uploads\/2017\/09\/Isara1.jpg","contentUrl":"https:\/\/www.iskreni.net\/trgovina\/wp-content\/uploads\/2017\/09\/Isara1.jpg","width":600,"height":600},{"@type":"BreadcrumbList","@id":"https:\/\/www.iskreni.net\/trgovina\/product\/izposoja-nosilke-isara\/#breadcrumb","itemListElement":[{"@type":"ListItem","position":1,"name":"Home","item":"https:\/\/www.iskreni.net\/trgovina\/"},{"@type":"ListItem","position":2,"name":"Trgovina","item":"https:\/\/www.iskreni.net\/trgovina\/trgovina\/"},{"@type":"ListItem","position":3,"name":"Izposoja nosilke Isara (15 \u20ac izposojnina + 60 \u20ac kavcija)"}]},{"@type":"WebSite","@id":"https:\/\/www.iskreni.net\/trgovina\/#website","url":"https:\/\/www.iskreni.net\/trgovina\/","name":"Zavod Iskreni","description":"trgovina","potentialAction":[{"@type":"SearchAction","target":{"@type":"EntryPoint","urlTemplate":"https:\/\/www.iskreni.net\/trgovina\/?s={search_term_string}"},"query-input":{"@type":"PropertyValueSpecification","valueRequired":true,"valueName":"search_term_string"}}],"inLanguage":"sl-SI"}]}},"_links":{"self":[{"href":"https:\/\/www.iskreni.net\/trgovina\/wp-json\/wp\/v2\/product\/3619","targetHints":{"allow":["GET"]}}],"collection":[{"href":"https:\/\/www.iskreni.net\/trgovina\/wp-json\/wp\/v2\/product"}],"about":[{"href":"https:\/\/www.iskreni.net\/trgovina\/wp-json\/wp\/v2\/types\/product"}],"replies":[{"embeddable":true,"href":"https:\/\/www.iskreni.net\/trgovina\/wp-json\/wp\/v2\/comments?post=3619"}],"version-history":[{"count":1,"href":"https:\/\/www.iskreni.net\/trgovina\/wp-json\/wp\/v2\/product\/3619\/revisions"}],"predecessor-version":[{"id":44571,"href":"https:\/\/www.iskreni.net\/trgovina\/wp-json\/wp\/v2\/product\/3619\/revisions\/44571"}],"wp:featuredmedia":[{"embeddable":true,"href":"https:\/\/www.iskreni.net\/trgovina\/wp-json\/wp\/v2\/media\/3623"}],"wp:attachment":[{"href":"https:\/\/www.iskreni.net\/trgovina\/wp-json\/wp\/v2\/media?parent=3619"}],"wp:term":[{"taxonomy":"product_brand","embeddable":true,"href":"https:\/\/www.iskreni.net\/trgovina\/wp-json\/wp\/v2\/product_brand?post=3619"},{"taxonomy":"product_cat","embeddable":true,"href":"https:\/\/www.iskreni.net\/trgovina\/wp-json\/wp\/v2\/product_cat?post=3619"},{"taxonomy":"product_tag","embeddable":true,"href":"https:\/\/www.iskreni.net\/trgovina\/wp-json\/wp\/v2\/product_tag?post=3619"},{"taxonomy":"avtor","embeddable":true,"href":"https:\/\/www.iskreni.net\/trgovina\/wp-json\/wp\/v2\/avtor?post=3619"},{"taxonomy":"zalozba","embeddable":true,"href":"https:\/\/www.iskreni.net\/trgovina\/wp-json\/wp\/v2\/zalozba?post=3619"},{"taxonomy":"vezava","embeddable":true,"href":"https:\/\/www.iskreni.net\/trgovina\/wp-json\/wp\/v2\/vezava?post=3619"}],"curies":[{"name":"wp","href":"https:\/\/api.w.org\/{rel}","templated":true}]}}