{"id":36095,"date":"2020-12-03T14:00:28","date_gmt":"2020-12-03T13:00:28","guid":{"rendered":"https:\/\/www.iskreni.net\/trgovina\/?post_type=product&#038;p=36095"},"modified":"2026-01-27T10:06:37","modified_gmt":"2026-01-27T09:06:37","slug":"obesek-bozicno-drevo-komplet","status":"publish","type":"product","link":"https:\/\/www.iskreni.net\/trgovina\/product\/obesek-bozicno-drevo-komplet\/","title":{"rendered":"Obesek bo\u017ei\u010dno drevo &#8211; komplet"},"content":{"rendered":"<p>Obesek bo\u017ei\u010dno drevo je komplet obeskov 3 razli\u010dnih velikosti. Najve\u010dji 8 cm velik. Komplet vsebuje 18 obeskov. Okraske lahko otoci sami pobarvajo.<\/p>\n<p>Izdelek je narejen iz lesa \u2013 topol (vezana plo\u0161\u010da), zato je izdelek prijazen okolju in prijeten za igro. Izdelki so debeline 3 ali 4 mm.<\/p>\n<p><em>Vsak izdelek je unikaten.<\/em><br \/>\n<em>Les je naravni material, barve in izdelki lahko odstopajo od izdelkov na sliki in niso razlog za reklamacijo.<\/em><br \/>\n<em>Leseni izdelki niso primerni za uporabo v vodi.<\/em><br \/>\n<em>Rok dobave 3-5 delovnih dni.<\/em><\/p>\n","protected":false},"excerpt":{"rendered":"<p style=\"font-weight: 400;\">Obesek bo\u017ei\u010dno drevo je komplet obeskov 3 razli\u010dnih velikosti.<\/p>\n","protected":false},"featured_media":36097,"comment_status":"open","ping_status":"closed","template":"","meta":[],"product_brand":[],"product_cat":[861],"product_tag":[1344,1342],"avtor":[],"zalozba":[],"vezava":[],"class_list":{"0":"post-36095","1":"product","2":"type-product","3":"status-publish","4":"has-post-thumbnail","6":"product_cat-jaslice-in-bozicni-okraski-2","7":"product_tag-advent-in-bozic","8":"product_tag-leseni-izdelki","10":"first","11":"instock","12":"taxable","13":"shipping-taxable","14":"purchasable","15":"product-type-simple"},"yoast_head":"<!-- This site is optimized with the Yoast SEO plugin v26.3 - https:\/\/yoast.com\/wordpress\/plugins\/seo\/ -->\n<title>Obesek bo\u017ei\u010dno drevo - komplet - lesen bo\u017ei\u010dni okrasek - trgovina Iskreni<\/title>\n<meta name=\"description\" content=\"Obesek bo\u017ei\u010dno drevo je komplet lesenih obeskov 3 razli\u010dnih velikosti.\" \/>\n<meta name=\"robots\" content=\"index, follow, max-snippet:-1, max-image-preview:large, max-video-preview:-1\" \/>\n<link rel=\"canonical\" href=\"https:\/\/www.iskreni.net\/trgovina\/product\/obesek-bozicno-drevo-komplet\/\" \/>\n<meta property=\"og:locale\" content=\"sl_SI\" \/>\n<meta property=\"og:type\" content=\"article\" \/>\n<meta property=\"og:title\" content=\"Obesek bo\u017ei\u010dno drevo - komplet - lesen bo\u017ei\u010dni okrasek - trgovina Iskreni\" \/>\n<meta property=\"og:description\" content=\"Obesek bo\u017ei\u010dno drevo je komplet lesenih obeskov 3 razli\u010dnih velikosti.\" \/>\n<meta property=\"og:url\" content=\"https:\/\/www.iskreni.net\/trgovina\/product\/obesek-bozicno-drevo-komplet\/\" \/>\n<meta property=\"og:site_name\" content=\"Zavod Iskreni\" \/>\n<meta property=\"article:modified_time\" content=\"2026-01-27T09:06:37+00:00\" \/>\n<meta property=\"og:image\" content=\"https:\/\/www.iskreni.net\/trgovina\/wp-content\/uploads\/2020\/12\/image-6.jpeg\" \/>\n\t<meta property=\"og:image:width\" content=\"1080\" \/>\n\t<meta property=\"og:image:height\" content=\"1080\" \/>\n\t<meta property=\"og:image:type\" content=\"image\/jpeg\" \/>\n<meta name=\"twitter:card\" content=\"summary_large_image\" \/>\n<meta name=\"twitter:label1\" content=\"Est. reading time\" \/>\n\t<meta name=\"twitter:data1\" content=\"1 minuta\" \/>\n<script type=\"application\/ld+json\" class=\"yoast-schema-graph\">{\"@context\":\"https:\/\/schema.org\",\"@graph\":[{\"@type\":\"WebPage\",\"@id\":\"https:\/\/www.iskreni.net\/trgovina\/product\/obesek-bozicno-drevo-komplet\/\",\"url\":\"https:\/\/www.iskreni.net\/trgovina\/product\/obesek-bozicno-drevo-komplet\/\",\"name\":\"Obesek bo\u017ei\u010dno drevo - komplet - lesen bo\u017ei\u010dni okrasek - trgovina Iskreni\",\"isPartOf\":{\"@id\":\"https:\/\/www.iskreni.net\/trgovina\/#website\"},\"primaryImageOfPage\":{\"@id\":\"https:\/\/www.iskreni.net\/trgovina\/product\/obesek-bozicno-drevo-komplet\/#primaryimage\"},\"image\":{\"@id\":\"https:\/\/www.iskreni.net\/trgovina\/product\/obesek-bozicno-drevo-komplet\/#primaryimage\"},\"thumbnailUrl\":\"https:\/\/www.iskreni.net\/trgovina\/wp-content\/uploads\/2020\/12\/image-6.jpeg\",\"datePublished\":\"2020-12-03T13:00:28+00:00\",\"dateModified\":\"2026-01-27T09:06:37+00:00\",\"description\":\"Obesek bo\u017ei\u010dno drevo je komplet lesenih obeskov 3 razli\u010dnih velikosti.\",\"breadcrumb\":{\"@id\":\"https:\/\/www.iskreni.net\/trgovina\/product\/obesek-bozicno-drevo-komplet\/#breadcrumb\"},\"inLanguage\":\"sl-SI\",\"potentialAction\":[{\"@type\":\"ReadAction\",\"target\":[\"https:\/\/www.iskreni.net\/trgovina\/product\/obesek-bozicno-drevo-komplet\/\"]}]},{\"@type\":\"ImageObject\",\"inLanguage\":\"sl-SI\",\"@id\":\"https:\/\/www.iskreni.net\/trgovina\/product\/obesek-bozicno-drevo-komplet\/#primaryimage\",\"url\":\"https:\/\/www.iskreni.net\/trgovina\/wp-content\/uploads\/2020\/12\/image-6.jpeg\",\"contentUrl\":\"https:\/\/www.iskreni.net\/trgovina\/wp-content\/uploads\/2020\/12\/image-6.jpeg\",\"width\":1080,\"height\":1080},{\"@type\":\"BreadcrumbList\",\"@id\":\"https:\/\/www.iskreni.net\/trgovina\/product\/obesek-bozicno-drevo-komplet\/#breadcrumb\",\"itemListElement\":[{\"@type\":\"ListItem\",\"position\":1,\"name\":\"Home\",\"item\":\"https:\/\/www.iskreni.net\/trgovina\/\"},{\"@type\":\"ListItem\",\"position\":2,\"name\":\"Trgovina\",\"item\":\"https:\/\/www.iskreni.net\/trgovina\/trgovina\/\"},{\"@type\":\"ListItem\",\"position\":3,\"name\":\"Obesek bo\u017ei\u010dno drevo &#8211; komplet\"}]},{\"@type\":\"WebSite\",\"@id\":\"https:\/\/www.iskreni.net\/trgovina\/#website\",\"url\":\"https:\/\/www.iskreni.net\/trgovina\/\",\"name\":\"Zavod Iskreni\",\"description\":\"trgovina\",\"potentialAction\":[{\"@type\":\"SearchAction\",\"target\":{\"@type\":\"EntryPoint\",\"urlTemplate\":\"https:\/\/www.iskreni.net\/trgovina\/?s={search_term_string}\"},\"query-input\":{\"@type\":\"PropertyValueSpecification\",\"valueRequired\":true,\"valueName\":\"search_term_string\"}}],\"inLanguage\":\"sl-SI\"}]}<\/script>\n<!-- \/ Yoast SEO plugin. -->","yoast_head_json":{"title":"Obesek bo\u017ei\u010dno drevo - komplet - lesen bo\u017ei\u010dni okrasek - trgovina Iskreni","description":"Obesek bo\u017ei\u010dno drevo je komplet lesenih obeskov 3 razli\u010dnih velikosti.","robots":{"index":"index","follow":"follow","max-snippet":"max-snippet:-1","max-image-preview":"max-image-preview:large","max-video-preview":"max-video-preview:-1"},"canonical":"https:\/\/www.iskreni.net\/trgovina\/product\/obesek-bozicno-drevo-komplet\/","og_locale":"sl_SI","og_type":"article","og_title":"Obesek bo\u017ei\u010dno drevo - komplet - lesen bo\u017ei\u010dni okrasek - trgovina Iskreni","og_description":"Obesek bo\u017ei\u010dno drevo je komplet lesenih obeskov 3 razli\u010dnih velikosti.","og_url":"https:\/\/www.iskreni.net\/trgovina\/product\/obesek-bozicno-drevo-komplet\/","og_site_name":"Zavod Iskreni","article_modified_time":"2026-01-27T09:06:37+00:00","og_image":[{"width":1080,"height":1080,"url":"https:\/\/www.iskreni.net\/trgovina\/wp-content\/uploads\/2020\/12\/image-6.jpeg","type":"image\/jpeg"}],"twitter_card":"summary_large_image","twitter_misc":{"Est. reading time":"1 minuta"},"schema":{"@context":"https:\/\/schema.org","@graph":[{"@type":"WebPage","@id":"https:\/\/www.iskreni.net\/trgovina\/product\/obesek-bozicno-drevo-komplet\/","url":"https:\/\/www.iskreni.net\/trgovina\/product\/obesek-bozicno-drevo-komplet\/","name":"Obesek bo\u017ei\u010dno drevo - komplet - lesen bo\u017ei\u010dni okrasek - trgovina Iskreni","isPartOf":{"@id":"https:\/\/www.iskreni.net\/trgovina\/#website"},"primaryImageOfPage":{"@id":"https:\/\/www.iskreni.net\/trgovina\/product\/obesek-bozicno-drevo-komplet\/#primaryimage"},"image":{"@id":"https:\/\/www.iskreni.net\/trgovina\/product\/obesek-bozicno-drevo-komplet\/#primaryimage"},"thumbnailUrl":"https:\/\/www.iskreni.net\/trgovina\/wp-content\/uploads\/2020\/12\/image-6.jpeg","datePublished":"2020-12-03T13:00:28+00:00","dateModified":"2026-01-27T09:06:37+00:00","description":"Obesek bo\u017ei\u010dno drevo je komplet lesenih obeskov 3 razli\u010dnih velikosti.","breadcrumb":{"@id":"https:\/\/www.iskreni.net\/trgovina\/product\/obesek-bozicno-drevo-komplet\/#breadcrumb"},"inLanguage":"sl-SI","potentialAction":[{"@type":"ReadAction","target":["https:\/\/www.iskreni.net\/trgovina\/product\/obesek-bozicno-drevo-komplet\/"]}]},{"@type":"ImageObject","inLanguage":"sl-SI","@id":"https:\/\/www.iskreni.net\/trgovina\/product\/obesek-bozicno-drevo-komplet\/#primaryimage","url":"https:\/\/www.iskreni.net\/trgovina\/wp-content\/uploads\/2020\/12\/image-6.jpeg","contentUrl":"https:\/\/www.iskreni.net\/trgovina\/wp-content\/uploads\/2020\/12\/image-6.jpeg","width":1080,"height":1080},{"@type":"BreadcrumbList","@id":"https:\/\/www.iskreni.net\/trgovina\/product\/obesek-bozicno-drevo-komplet\/#breadcrumb","itemListElement":[{"@type":"ListItem","position":1,"name":"Home","item":"https:\/\/www.iskreni.net\/trgovina\/"},{"@type":"ListItem","position":2,"name":"Trgovina","item":"https:\/\/www.iskreni.net\/trgovina\/trgovina\/"},{"@type":"ListItem","position":3,"name":"Obesek bo\u017ei\u010dno drevo &#8211; komplet"}]},{"@type":"WebSite","@id":"https:\/\/www.iskreni.net\/trgovina\/#website","url":"https:\/\/www.iskreni.net\/trgovina\/","name":"Zavod Iskreni","description":"trgovina","potentialAction":[{"@type":"SearchAction","target":{"@type":"EntryPoint","urlTemplate":"https:\/\/www.iskreni.net\/trgovina\/?s={search_term_string}"},"query-input":{"@type":"PropertyValueSpecification","valueRequired":true,"valueName":"search_term_string"}}],"inLanguage":"sl-SI"}]}},"_links":{"self":[{"href":"https:\/\/www.iskreni.net\/trgovina\/wp-json\/wp\/v2\/product\/36095","targetHints":{"allow":["GET"]}}],"collection":[{"href":"https:\/\/www.iskreni.net\/trgovina\/wp-json\/wp\/v2\/product"}],"about":[{"href":"https:\/\/www.iskreni.net\/trgovina\/wp-json\/wp\/v2\/types\/product"}],"replies":[{"embeddable":true,"href":"https:\/\/www.iskreni.net\/trgovina\/wp-json\/wp\/v2\/comments?post=36095"}],"version-history":[{"count":2,"href":"https:\/\/www.iskreni.net\/trgovina\/wp-json\/wp\/v2\/product\/36095\/revisions"}],"predecessor-version":[{"id":53188,"href":"https:\/\/www.iskreni.net\/trgovina\/wp-json\/wp\/v2\/product\/36095\/revisions\/53188"}],"wp:featuredmedia":[{"embeddable":true,"href":"https:\/\/www.iskreni.net\/trgovina\/wp-json\/wp\/v2\/media\/36097"}],"wp:attachment":[{"href":"https:\/\/www.iskreni.net\/trgovina\/wp-json\/wp\/v2\/media?parent=36095"}],"wp:term":[{"taxonomy":"product_brand","embeddable":true,"href":"https:\/\/www.iskreni.net\/trgovina\/wp-json\/wp\/v2\/product_brand?post=36095"},{"taxonomy":"product_cat","embeddable":true,"href":"https:\/\/www.iskreni.net\/trgovina\/wp-json\/wp\/v2\/product_cat?post=36095"},{"taxonomy":"product_tag","embeddable":true,"href":"https:\/\/www.iskreni.net\/trgovina\/wp-json\/wp\/v2\/product_tag?post=36095"},{"taxonomy":"avtor","embeddable":true,"href":"https:\/\/www.iskreni.net\/trgovina\/wp-json\/wp\/v2\/avtor?post=36095"},{"taxonomy":"zalozba","embeddable":true,"href":"https:\/\/www.iskreni.net\/trgovina\/wp-json\/wp\/v2\/zalozba?post=36095"},{"taxonomy":"vezava","embeddable":true,"href":"https:\/\/www.iskreni.net\/trgovina\/wp-json\/wp\/v2\/vezava?post=36095"}],"curies":[{"name":"wp","href":"https:\/\/api.w.org\/{rel}","templated":true}]}}