{"id":36091,"date":"2020-12-03T13:55:56","date_gmt":"2020-12-03T12:55:56","guid":{"rendered":"https:\/\/www.iskreni.net\/trgovina\/?post_type=product&#038;p=36091"},"modified":"2023-12-15T11:12:18","modified_gmt":"2023-12-15T10:12:18","slug":"bozicni-kriz","status":"publish","type":"product","link":"https:\/\/www.iskreni.net\/trgovina\/product\/bozicni-kriz\/","title":{"rendered":"Bo\u017ei\u010dni kri\u017e"},"content":{"rendered":"<p>Bo\u017ei\u010dni stenski kri\u017e s simboliko jaslic velikosti 20 cm. Izdelek je iz treh plasti razli\u010dnih barv.<\/p>\n<p>Izdelek je narejen iz lesa \u2013 topol (vezana plo\u0161\u010da), zato je izdelek prijazen okolju in prijeten za igro. Izdelki so debeline 3 ali 4 mm.<\/p>\n<p><em>Vsak izdelek je unikaten.<\/em><br \/>\n<em>Les je naravni material, barve in izdelki lahko odstopajo od izdelkov na sliki in niso razlog za reklamacijo.<\/em><br \/>\n<em>Leseni izdelki niso primerni za uporabo v vodi.<\/em><br \/>\n<em>Pri naro\u010dilu z dodatnimi \u017eeljami, vas pred izdelavo kontaktirava.<\/em><br \/>\n<em>Rok dobave 3-5 delovnih dni.<\/em><\/p>\n","protected":false},"excerpt":{"rendered":"<p style=\"font-weight: 400;\">Bo\u017ei\u010dni stenski kri\u017e s simboliko jaslic velikosti 20 cm. Izdelek je iz treh plasti razli\u010dnih barv in ga lahko otroci tudi pobarvajo.<\/p>\n","protected":false},"featured_media":36093,"comment_status":"open","ping_status":"closed","template":"","meta":[],"product_brand":[],"product_cat":[421,861],"product_tag":[1344,1347,1342],"avtor":[],"zalozba":[],"vezava":[],"class_list":{"0":"post-36091","1":"product","2":"type-product","3":"status-publish","4":"has-post-thumbnail","6":"product_cat-spominki-in-drobni-predmeti","7":"product_cat-jaslice-in-bozicni-okraski-2","8":"product_tag-advent-in-bozic","9":"product_tag-kriz","10":"product_tag-leseni-izdelki","12":"first","13":"instock","14":"taxable","15":"shipping-taxable","16":"purchasable","17":"product-type-simple"},"yoast_head":"<!-- This site is optimized with the Yoast SEO plugin v26.3 - https:\/\/yoast.com\/wordpress\/plugins\/seo\/ -->\n<title>Bo\u017ei\u010dni kri\u017e - lesen stenski bo\u017ei\u010dni kri\u017e - trgovina Iskreni<\/title>\n<meta name=\"description\" content=\"Lesen bo\u017ei\u010dni stenski kri\u017e s simboliko jaslic velikosti 20 cm. Izdelek je iz treh plasti razli\u010dnih barv.\" \/>\n<meta name=\"robots\" content=\"index, follow, max-snippet:-1, max-image-preview:large, max-video-preview:-1\" \/>\n<link rel=\"canonical\" href=\"https:\/\/www.iskreni.net\/trgovina\/product\/bozicni-kriz\/\" \/>\n<meta property=\"og:locale\" content=\"sl_SI\" \/>\n<meta property=\"og:type\" content=\"article\" \/>\n<meta property=\"og:title\" content=\"Bo\u017ei\u010dni kri\u017e - lesen stenski bo\u017ei\u010dni kri\u017e - trgovina Iskreni\" \/>\n<meta property=\"og:description\" content=\"Lesen bo\u017ei\u010dni stenski kri\u017e s simboliko jaslic velikosti 20 cm. Izdelek je iz treh plasti razli\u010dnih barv.\" \/>\n<meta property=\"og:url\" content=\"https:\/\/www.iskreni.net\/trgovina\/product\/bozicni-kriz\/\" \/>\n<meta property=\"og:site_name\" content=\"Zavod Iskreni\" \/>\n<meta property=\"article:modified_time\" content=\"2023-12-15T10:12:18+00:00\" \/>\n<meta property=\"og:image\" content=\"https:\/\/www.iskreni.net\/trgovina\/wp-content\/uploads\/2020\/12\/image-5.jpeg\" \/>\n\t<meta property=\"og:image:width\" content=\"1024\" \/>\n\t<meta property=\"og:image:height\" content=\"1024\" \/>\n\t<meta property=\"og:image:type\" content=\"image\/jpeg\" \/>\n<meta name=\"twitter:card\" content=\"summary_large_image\" \/>\n<script type=\"application\/ld+json\" class=\"yoast-schema-graph\">{\"@context\":\"https:\/\/schema.org\",\"@graph\":[{\"@type\":\"WebPage\",\"@id\":\"https:\/\/www.iskreni.net\/trgovina\/product\/bozicni-kriz\/\",\"url\":\"https:\/\/www.iskreni.net\/trgovina\/product\/bozicni-kriz\/\",\"name\":\"Bo\u017ei\u010dni kri\u017e - lesen stenski bo\u017ei\u010dni kri\u017e - trgovina Iskreni\",\"isPartOf\":{\"@id\":\"https:\/\/www.iskreni.net\/trgovina\/#website\"},\"primaryImageOfPage\":{\"@id\":\"https:\/\/www.iskreni.net\/trgovina\/product\/bozicni-kriz\/#primaryimage\"},\"image\":{\"@id\":\"https:\/\/www.iskreni.net\/trgovina\/product\/bozicni-kriz\/#primaryimage\"},\"thumbnailUrl\":\"https:\/\/www.iskreni.net\/trgovina\/wp-content\/uploads\/2020\/12\/image-5.jpeg\",\"datePublished\":\"2020-12-03T12:55:56+00:00\",\"dateModified\":\"2023-12-15T10:12:18+00:00\",\"description\":\"Lesen bo\u017ei\u010dni stenski kri\u017e s simboliko jaslic velikosti 20 cm. Izdelek je iz treh plasti razli\u010dnih barv.\",\"breadcrumb\":{\"@id\":\"https:\/\/www.iskreni.net\/trgovina\/product\/bozicni-kriz\/#breadcrumb\"},\"inLanguage\":\"sl-SI\",\"potentialAction\":[{\"@type\":\"ReadAction\",\"target\":[\"https:\/\/www.iskreni.net\/trgovina\/product\/bozicni-kriz\/\"]}]},{\"@type\":\"ImageObject\",\"inLanguage\":\"sl-SI\",\"@id\":\"https:\/\/www.iskreni.net\/trgovina\/product\/bozicni-kriz\/#primaryimage\",\"url\":\"https:\/\/www.iskreni.net\/trgovina\/wp-content\/uploads\/2020\/12\/image-5.jpeg\",\"contentUrl\":\"https:\/\/www.iskreni.net\/trgovina\/wp-content\/uploads\/2020\/12\/image-5.jpeg\",\"width\":1024,\"height\":1024},{\"@type\":\"BreadcrumbList\",\"@id\":\"https:\/\/www.iskreni.net\/trgovina\/product\/bozicni-kriz\/#breadcrumb\",\"itemListElement\":[{\"@type\":\"ListItem\",\"position\":1,\"name\":\"Home\",\"item\":\"https:\/\/www.iskreni.net\/trgovina\/\"},{\"@type\":\"ListItem\",\"position\":2,\"name\":\"Trgovina\",\"item\":\"https:\/\/www.iskreni.net\/trgovina\/trgovina\/\"},{\"@type\":\"ListItem\",\"position\":3,\"name\":\"Bo\u017ei\u010dni kri\u017e\"}]},{\"@type\":\"WebSite\",\"@id\":\"https:\/\/www.iskreni.net\/trgovina\/#website\",\"url\":\"https:\/\/www.iskreni.net\/trgovina\/\",\"name\":\"Zavod Iskreni\",\"description\":\"trgovina\",\"potentialAction\":[{\"@type\":\"SearchAction\",\"target\":{\"@type\":\"EntryPoint\",\"urlTemplate\":\"https:\/\/www.iskreni.net\/trgovina\/?s={search_term_string}\"},\"query-input\":{\"@type\":\"PropertyValueSpecification\",\"valueRequired\":true,\"valueName\":\"search_term_string\"}}],\"inLanguage\":\"sl-SI\"}]}<\/script>\n<!-- \/ Yoast SEO plugin. -->","yoast_head_json":{"title":"Bo\u017ei\u010dni kri\u017e - lesen stenski bo\u017ei\u010dni kri\u017e - trgovina Iskreni","description":"Lesen bo\u017ei\u010dni stenski kri\u017e s simboliko jaslic velikosti 20 cm. Izdelek je iz treh plasti razli\u010dnih barv.","robots":{"index":"index","follow":"follow","max-snippet":"max-snippet:-1","max-image-preview":"max-image-preview:large","max-video-preview":"max-video-preview:-1"},"canonical":"https:\/\/www.iskreni.net\/trgovina\/product\/bozicni-kriz\/","og_locale":"sl_SI","og_type":"article","og_title":"Bo\u017ei\u010dni kri\u017e - lesen stenski bo\u017ei\u010dni kri\u017e - trgovina Iskreni","og_description":"Lesen bo\u017ei\u010dni stenski kri\u017e s simboliko jaslic velikosti 20 cm. Izdelek je iz treh plasti razli\u010dnih barv.","og_url":"https:\/\/www.iskreni.net\/trgovina\/product\/bozicni-kriz\/","og_site_name":"Zavod Iskreni","article_modified_time":"2023-12-15T10:12:18+00:00","og_image":[{"width":1024,"height":1024,"url":"https:\/\/www.iskreni.net\/trgovina\/wp-content\/uploads\/2020\/12\/image-5.jpeg","type":"image\/jpeg"}],"twitter_card":"summary_large_image","schema":{"@context":"https:\/\/schema.org","@graph":[{"@type":"WebPage","@id":"https:\/\/www.iskreni.net\/trgovina\/product\/bozicni-kriz\/","url":"https:\/\/www.iskreni.net\/trgovina\/product\/bozicni-kriz\/","name":"Bo\u017ei\u010dni kri\u017e - lesen stenski bo\u017ei\u010dni kri\u017e - trgovina Iskreni","isPartOf":{"@id":"https:\/\/www.iskreni.net\/trgovina\/#website"},"primaryImageOfPage":{"@id":"https:\/\/www.iskreni.net\/trgovina\/product\/bozicni-kriz\/#primaryimage"},"image":{"@id":"https:\/\/www.iskreni.net\/trgovina\/product\/bozicni-kriz\/#primaryimage"},"thumbnailUrl":"https:\/\/www.iskreni.net\/trgovina\/wp-content\/uploads\/2020\/12\/image-5.jpeg","datePublished":"2020-12-03T12:55:56+00:00","dateModified":"2023-12-15T10:12:18+00:00","description":"Lesen bo\u017ei\u010dni stenski kri\u017e s simboliko jaslic velikosti 20 cm. Izdelek je iz treh plasti razli\u010dnih barv.","breadcrumb":{"@id":"https:\/\/www.iskreni.net\/trgovina\/product\/bozicni-kriz\/#breadcrumb"},"inLanguage":"sl-SI","potentialAction":[{"@type":"ReadAction","target":["https:\/\/www.iskreni.net\/trgovina\/product\/bozicni-kriz\/"]}]},{"@type":"ImageObject","inLanguage":"sl-SI","@id":"https:\/\/www.iskreni.net\/trgovina\/product\/bozicni-kriz\/#primaryimage","url":"https:\/\/www.iskreni.net\/trgovina\/wp-content\/uploads\/2020\/12\/image-5.jpeg","contentUrl":"https:\/\/www.iskreni.net\/trgovina\/wp-content\/uploads\/2020\/12\/image-5.jpeg","width":1024,"height":1024},{"@type":"BreadcrumbList","@id":"https:\/\/www.iskreni.net\/trgovina\/product\/bozicni-kriz\/#breadcrumb","itemListElement":[{"@type":"ListItem","position":1,"name":"Home","item":"https:\/\/www.iskreni.net\/trgovina\/"},{"@type":"ListItem","position":2,"name":"Trgovina","item":"https:\/\/www.iskreni.net\/trgovina\/trgovina\/"},{"@type":"ListItem","position":3,"name":"Bo\u017ei\u010dni kri\u017e"}]},{"@type":"WebSite","@id":"https:\/\/www.iskreni.net\/trgovina\/#website","url":"https:\/\/www.iskreni.net\/trgovina\/","name":"Zavod Iskreni","description":"trgovina","potentialAction":[{"@type":"SearchAction","target":{"@type":"EntryPoint","urlTemplate":"https:\/\/www.iskreni.net\/trgovina\/?s={search_term_string}"},"query-input":{"@type":"PropertyValueSpecification","valueRequired":true,"valueName":"search_term_string"}}],"inLanguage":"sl-SI"}]}},"_links":{"self":[{"href":"https:\/\/www.iskreni.net\/trgovina\/wp-json\/wp\/v2\/product\/36091","targetHints":{"allow":["GET"]}}],"collection":[{"href":"https:\/\/www.iskreni.net\/trgovina\/wp-json\/wp\/v2\/product"}],"about":[{"href":"https:\/\/www.iskreni.net\/trgovina\/wp-json\/wp\/v2\/types\/product"}],"replies":[{"embeddable":true,"href":"https:\/\/www.iskreni.net\/trgovina\/wp-json\/wp\/v2\/comments?post=36091"}],"version-history":[{"count":1,"href":"https:\/\/www.iskreni.net\/trgovina\/wp-json\/wp\/v2\/product\/36091\/revisions"}],"predecessor-version":[{"id":36341,"href":"https:\/\/www.iskreni.net\/trgovina\/wp-json\/wp\/v2\/product\/36091\/revisions\/36341"}],"wp:featuredmedia":[{"embeddable":true,"href":"https:\/\/www.iskreni.net\/trgovina\/wp-json\/wp\/v2\/media\/36093"}],"wp:attachment":[{"href":"https:\/\/www.iskreni.net\/trgovina\/wp-json\/wp\/v2\/media?parent=36091"}],"wp:term":[{"taxonomy":"product_brand","embeddable":true,"href":"https:\/\/www.iskreni.net\/trgovina\/wp-json\/wp\/v2\/product_brand?post=36091"},{"taxonomy":"product_cat","embeddable":true,"href":"https:\/\/www.iskreni.net\/trgovina\/wp-json\/wp\/v2\/product_cat?post=36091"},{"taxonomy":"product_tag","embeddable":true,"href":"https:\/\/www.iskreni.net\/trgovina\/wp-json\/wp\/v2\/product_tag?post=36091"},{"taxonomy":"avtor","embeddable":true,"href":"https:\/\/www.iskreni.net\/trgovina\/wp-json\/wp\/v2\/avtor?post=36091"},{"taxonomy":"zalozba","embeddable":true,"href":"https:\/\/www.iskreni.net\/trgovina\/wp-json\/wp\/v2\/zalozba?post=36091"},{"taxonomy":"vezava","embeddable":true,"href":"https:\/\/www.iskreni.net\/trgovina\/wp-json\/wp\/v2\/vezava?post=36091"}],"curies":[{"name":"wp","href":"https:\/\/api.w.org\/{rel}","templated":true}]}}