{"id":35863,"date":"2020-12-02T10:18:54","date_gmt":"2020-12-02T09:18:54","guid":{"rendered":"https:\/\/www.iskreni.net\/trgovina\/?post_type=product&#038;p=35863"},"modified":"2023-10-20T10:41:24","modified_gmt":"2023-10-20T08:41:24","slug":"mulc-odkriva-sveto-pismo","status":"publish","type":"product","link":"https:\/\/www.iskreni.net\/trgovina\/product\/mulc-odkriva-sveto-pismo\/","title":{"rendered":"Mulc odkriva Sveto pismo"},"content":{"rendered":"<h4>O knjigi Mulc odkriva Sveto pismo:<\/h4>\n<p>Mulc, ki ga mladi bralci poznajo iz revije Mavrica, se bli\u017ea birmi. Odra\u0161\u010da \u2013 a ostaja navihan, njegova domi\u0161ljija pa neustavljiva. V prvi knji\u017eni izdaji stripa o Mulcu bomo pri\u010da enkratnim domislicam o svetopisemskih zgodbah, kakr\u0161ne bi te lahko bile, \u010de bi se po kak\u0161nem \u010dudnem naklju\u010dju v njih zna\u0161li \u010dlani Mul\u010deve dru\u017eine. Z vsakim obrnjenim listom se bodo vrstili zabavni zapleti: v rajskem vrtu z Adamom in Evo, v Noetovi barki, v kitovem trebuhu z Jonom, v levnjaku z Danijelom, pri frizerju s Samsonom in Dalilo, z Mojzesom v egiptovski pu\u0161\u010davi \u2026 Bo Mulc v vsej tej zme\u0161njavi v Svetem pismu na\u0161el tudi Jezusa in si tako odprl vrata k birmi?<\/p>\n<p>Strip odlikujejo zna\u010dilni kratki dialogi in neskon\u010dna presene\u010denja.<\/p>\n<h4>O avtorju:<\/h4>\n<div class=\"row margin-true shadow\">\n<div id=\"SLOT_longDescription\" class=\"acol12\" data-slot-id=\"10\">\n<div id=\"MKProductLongDescription\">\n<p>Gregor \u010cu\u0161in je \u0161tudiral dramsko igro na AGRFT. Po \u0161tudiju se je zaposlil v MGL, kjer je s kraj\u0161o prekinitvijo ostal vse do leta 2018, ko se je podal na samostojno pot. V ljubiteljskih in polprofesionalnih gledali\u0161\u010dih se pogosto loteva tudi re\u017eije predstav. Izjemno odmevne so njegove avtorske monodrame Hagada, Evangelij po \u010cu\u0161inu, Pe\u0161ec in Jona, besni prerok, kjer se ukvarja s kr\u0161\u010danskimi temami.<\/p>\n<p>Kot eden najbolj ustvarjalnih umetnikov je s svojimi predstavami redni gost pred polnimi dvoranami po vsej dr\u017eavi. V svojih besedilih na edinstven na\u010din spaja kr\u0161\u010danske in druge dru\u017ebene teme z umetni\u0161ko besedo, ki je v\u010dasih humorna, \u017ee naslednji trenutek pa smrtno resna in zadane naravnost v srce. \u010clovek tako lahko gleda eno in isto predstavo tudi trikrat, pa se je ne naveli\u010da \u2013 vsebina je namre\u010d vsaki\u010d malce druga\u010dna, besedilo pa ima toliko sporo\u010dil, da jih z enkratnim ogledom niti ne opazi\u0161 vseh.<\/p>\n<h4>O ilustratorju:<\/h4>\n<p>Ilustrator Damijan Stepan\u010di\u010d (1969) je diplomiral na Akademiji za likovno umetnost v Ljubljani. Pri ilustraciji si prizadeva, da tako literarni kot tudi likovni del delujeta homogeno in kvalitetno ter tvorita celoto in s tem zadovoljita vse bolj zahtevne mlade bralce. Leta 2006 je sodeloval na Hrva\u0161kem bienalu ilustracije v Zagrebu, prav tako pa je bil vsakokrat izbran tudi na Slovenski bienale v Ljubljani. \u010ceprav mlad, je za svoja dela prejel pomembne nagrade: 1999 nagrado za izvirne zamisli na Bienalu ilustracije v Ljubljani, 2000 in 2002 Smrekarjevo plaketo na Bienalu ilustracije v Ljubljani, 2003 in 2011 Levstikovo nagrado, 2010 uvrstitev na \u010dastno listo IBBY, 2010 Priznanje Hinka Smrekarja, 2011 priznanje zlata hru\u0161ka kar za dve knjigi (za izvirno literarno in za pou\u010dno delo), 2012 nagrada Kristine Brenkove za izvirno slovensko slikanico.<\/p>\n<\/div>\n<\/div>\n<\/div>\n<div class=\"row margin-true shadow\">\n<div id=\"SLOT_AuthorPdp\" class=\"acol12 col12\" data-slot-id=\"11\">\n<div class=\"authorWidgetPDP\">\n<div class=\"about-author\"><a href=\"https:\/\/www.iskreni.net\/trgovina\/wp-content\/uploads\/2023\/10\/mulc-odkriva-sveto-pismo.pdf\">Prelistajte knjigo<\/a><\/div>\n<\/div>\n<\/div>\n<\/div>\n","protected":false},"excerpt":{"rendered":"<p><strong>Avtor:<\/strong><br \/>\n<strong>Ilustriral:<\/strong> Damijan Stepan\u010di\u010d<br \/>\n<strong>Zalo\u017eba:<\/strong> Dru\u017eina<br \/>\n<strong>\u0160tevilo strani:<\/strong> 88<br \/>\n<strong>Leto izdaje:<\/strong> 2017<\/p>\n<p><a href=\"https:\/\/www.iskreni.net\/trgovina\/wp-content\/uploads\/2023\/10\/mulc-odkriva-sveto-pismo.pdf\">Prelistajte knjigo<\/a><\/p>\n","protected":false},"featured_media":36906,"comment_status":"open","ping_status":"closed","template":"","meta":[],"product_brand":[],"product_cat":[2324,63,135],"product_tag":[1318,390],"avtor":[2341],"zalozba":[2311],"vezava":[2306],"class_list":{"0":"post-35863","1":"product","2":"type-product","3":"status-publish","4":"has-post-thumbnail","6":"product_cat-duhovnost-in-osebna-rast","7":"product_cat-knjige","8":"product_cat-za-otroke","9":"product_tag-birma","10":"product_tag-sveto-pismo","11":"avtor-gregor-cusin","12":"zalozba-druzina","13":"vezava-trda","15":"first","16":"instock","17":"taxable","18":"shipping-taxable","19":"purchasable","20":"product-type-simple"},"yoast_head":"<!-- This site is optimized with the Yoast SEO plugin v26.3 - https:\/\/yoast.com\/wordpress\/plugins\/seo\/ -->\n<title>Mulc odkriva Sveto pismo - svetopisemske zgodbe - trgovina IskreniNET<\/title>\n<meta name=\"description\" content=\"Mulc odra\u0161\u010da - a ostaja navihan, njegova domi\u0161ljija pa neustavljiva. Bo Mulc v vsej tej zme\u0161njavi v Svetem pismu na\u0161el tudi Jezusa in si tako odprl vrata k birmi?\" \/>\n<meta name=\"robots\" content=\"index, follow, max-snippet:-1, max-image-preview:large, max-video-preview:-1\" \/>\n<link rel=\"canonical\" href=\"https:\/\/www.iskreni.net\/trgovina\/product\/mulc-odkriva-sveto-pismo\/\" \/>\n<meta property=\"og:locale\" content=\"sl_SI\" \/>\n<meta property=\"og:type\" content=\"article\" \/>\n<meta property=\"og:title\" content=\"Mulc odkriva Sveto pismo - svetopisemske zgodbe - trgovina IskreniNET\" \/>\n<meta property=\"og:description\" content=\"Mulc odra\u0161\u010da - a ostaja navihan, njegova domi\u0161ljija pa neustavljiva. Bo Mulc v vsej tej zme\u0161njavi v Svetem pismu na\u0161el tudi Jezusa in si tako odprl vrata k birmi?\" \/>\n<meta property=\"og:url\" content=\"https:\/\/www.iskreni.net\/trgovina\/product\/mulc-odkriva-sveto-pismo\/\" \/>\n<meta property=\"og:site_name\" content=\"Zavod Iskreni\" \/>\n<meta property=\"article:modified_time\" content=\"2023-10-20T08:41:24+00:00\" \/>\n<meta property=\"og:image\" content=\"https:\/\/www.iskreni.net\/trgovina\/wp-content\/uploads\/2020\/12\/Mulc-odkriva-Sveto-Pismo-1.jpg\" \/>\n\t<meta property=\"og:image:width\" content=\"615\" \/>\n\t<meta property=\"og:image:height\" content=\"617\" \/>\n\t<meta property=\"og:image:type\" content=\"image\/jpeg\" \/>\n<meta name=\"twitter:card\" content=\"summary_large_image\" \/>\n<meta name=\"twitter:label1\" content=\"Est. reading time\" \/>\n\t<meta name=\"twitter:data1\" content=\"3 minute\" \/>\n<script type=\"application\/ld+json\" class=\"yoast-schema-graph\">{\"@context\":\"https:\/\/schema.org\",\"@graph\":[{\"@type\":\"WebPage\",\"@id\":\"https:\/\/www.iskreni.net\/trgovina\/product\/mulc-odkriva-sveto-pismo\/\",\"url\":\"https:\/\/www.iskreni.net\/trgovina\/product\/mulc-odkriva-sveto-pismo\/\",\"name\":\"Mulc odkriva Sveto pismo - svetopisemske zgodbe - trgovina IskreniNET\",\"isPartOf\":{\"@id\":\"https:\/\/www.iskreni.net\/trgovina\/#website\"},\"primaryImageOfPage\":{\"@id\":\"https:\/\/www.iskreni.net\/trgovina\/product\/mulc-odkriva-sveto-pismo\/#primaryimage\"},\"image\":{\"@id\":\"https:\/\/www.iskreni.net\/trgovina\/product\/mulc-odkriva-sveto-pismo\/#primaryimage\"},\"thumbnailUrl\":\"https:\/\/www.iskreni.net\/trgovina\/wp-content\/uploads\/2020\/12\/Mulc-odkriva-Sveto-Pismo-1.jpg\",\"datePublished\":\"2020-12-02T09:18:54+00:00\",\"dateModified\":\"2023-10-20T08:41:24+00:00\",\"description\":\"Mulc odra\u0161\u010da - a ostaja navihan, njegova domi\u0161ljija pa neustavljiva. Bo Mulc v vsej tej zme\u0161njavi v Svetem pismu na\u0161el tudi Jezusa in si tako odprl vrata k birmi?\",\"breadcrumb\":{\"@id\":\"https:\/\/www.iskreni.net\/trgovina\/product\/mulc-odkriva-sveto-pismo\/#breadcrumb\"},\"inLanguage\":\"sl-SI\",\"potentialAction\":[{\"@type\":\"ReadAction\",\"target\":[\"https:\/\/www.iskreni.net\/trgovina\/product\/mulc-odkriva-sveto-pismo\/\"]}]},{\"@type\":\"ImageObject\",\"inLanguage\":\"sl-SI\",\"@id\":\"https:\/\/www.iskreni.net\/trgovina\/product\/mulc-odkriva-sveto-pismo\/#primaryimage\",\"url\":\"https:\/\/www.iskreni.net\/trgovina\/wp-content\/uploads\/2020\/12\/Mulc-odkriva-Sveto-Pismo-1.jpg\",\"contentUrl\":\"https:\/\/www.iskreni.net\/trgovina\/wp-content\/uploads\/2020\/12\/Mulc-odkriva-Sveto-Pismo-1.jpg\",\"width\":615,\"height\":617},{\"@type\":\"BreadcrumbList\",\"@id\":\"https:\/\/www.iskreni.net\/trgovina\/product\/mulc-odkriva-sveto-pismo\/#breadcrumb\",\"itemListElement\":[{\"@type\":\"ListItem\",\"position\":1,\"name\":\"Home\",\"item\":\"https:\/\/www.iskreni.net\/trgovina\/\"},{\"@type\":\"ListItem\",\"position\":2,\"name\":\"Trgovina\",\"item\":\"https:\/\/www.iskreni.net\/trgovina\/trgovina\/\"},{\"@type\":\"ListItem\",\"position\":3,\"name\":\"Mulc odkriva Sveto pismo\"}]},{\"@type\":\"WebSite\",\"@id\":\"https:\/\/www.iskreni.net\/trgovina\/#website\",\"url\":\"https:\/\/www.iskreni.net\/trgovina\/\",\"name\":\"Zavod Iskreni\",\"description\":\"trgovina\",\"potentialAction\":[{\"@type\":\"SearchAction\",\"target\":{\"@type\":\"EntryPoint\",\"urlTemplate\":\"https:\/\/www.iskreni.net\/trgovina\/?s={search_term_string}\"},\"query-input\":{\"@type\":\"PropertyValueSpecification\",\"valueRequired\":true,\"valueName\":\"search_term_string\"}}],\"inLanguage\":\"sl-SI\"}]}<\/script>\n<!-- \/ Yoast SEO plugin. -->","yoast_head_json":{"title":"Mulc odkriva Sveto pismo - svetopisemske zgodbe - trgovina IskreniNET","description":"Mulc odra\u0161\u010da - a ostaja navihan, njegova domi\u0161ljija pa neustavljiva. Bo Mulc v vsej tej zme\u0161njavi v Svetem pismu na\u0161el tudi Jezusa in si tako odprl vrata k birmi?","robots":{"index":"index","follow":"follow","max-snippet":"max-snippet:-1","max-image-preview":"max-image-preview:large","max-video-preview":"max-video-preview:-1"},"canonical":"https:\/\/www.iskreni.net\/trgovina\/product\/mulc-odkriva-sveto-pismo\/","og_locale":"sl_SI","og_type":"article","og_title":"Mulc odkriva Sveto pismo - svetopisemske zgodbe - trgovina IskreniNET","og_description":"Mulc odra\u0161\u010da - a ostaja navihan, njegova domi\u0161ljija pa neustavljiva. Bo Mulc v vsej tej zme\u0161njavi v Svetem pismu na\u0161el tudi Jezusa in si tako odprl vrata k birmi?","og_url":"https:\/\/www.iskreni.net\/trgovina\/product\/mulc-odkriva-sveto-pismo\/","og_site_name":"Zavod Iskreni","article_modified_time":"2023-10-20T08:41:24+00:00","og_image":[{"width":615,"height":617,"url":"https:\/\/www.iskreni.net\/trgovina\/wp-content\/uploads\/2020\/12\/Mulc-odkriva-Sveto-Pismo-1.jpg","type":"image\/jpeg"}],"twitter_card":"summary_large_image","twitter_misc":{"Est. reading time":"3 minute"},"schema":{"@context":"https:\/\/schema.org","@graph":[{"@type":"WebPage","@id":"https:\/\/www.iskreni.net\/trgovina\/product\/mulc-odkriva-sveto-pismo\/","url":"https:\/\/www.iskreni.net\/trgovina\/product\/mulc-odkriva-sveto-pismo\/","name":"Mulc odkriva Sveto pismo - svetopisemske zgodbe - trgovina IskreniNET","isPartOf":{"@id":"https:\/\/www.iskreni.net\/trgovina\/#website"},"primaryImageOfPage":{"@id":"https:\/\/www.iskreni.net\/trgovina\/product\/mulc-odkriva-sveto-pismo\/#primaryimage"},"image":{"@id":"https:\/\/www.iskreni.net\/trgovina\/product\/mulc-odkriva-sveto-pismo\/#primaryimage"},"thumbnailUrl":"https:\/\/www.iskreni.net\/trgovina\/wp-content\/uploads\/2020\/12\/Mulc-odkriva-Sveto-Pismo-1.jpg","datePublished":"2020-12-02T09:18:54+00:00","dateModified":"2023-10-20T08:41:24+00:00","description":"Mulc odra\u0161\u010da - a ostaja navihan, njegova domi\u0161ljija pa neustavljiva. Bo Mulc v vsej tej zme\u0161njavi v Svetem pismu na\u0161el tudi Jezusa in si tako odprl vrata k birmi?","breadcrumb":{"@id":"https:\/\/www.iskreni.net\/trgovina\/product\/mulc-odkriva-sveto-pismo\/#breadcrumb"},"inLanguage":"sl-SI","potentialAction":[{"@type":"ReadAction","target":["https:\/\/www.iskreni.net\/trgovina\/product\/mulc-odkriva-sveto-pismo\/"]}]},{"@type":"ImageObject","inLanguage":"sl-SI","@id":"https:\/\/www.iskreni.net\/trgovina\/product\/mulc-odkriva-sveto-pismo\/#primaryimage","url":"https:\/\/www.iskreni.net\/trgovina\/wp-content\/uploads\/2020\/12\/Mulc-odkriva-Sveto-Pismo-1.jpg","contentUrl":"https:\/\/www.iskreni.net\/trgovina\/wp-content\/uploads\/2020\/12\/Mulc-odkriva-Sveto-Pismo-1.jpg","width":615,"height":617},{"@type":"BreadcrumbList","@id":"https:\/\/www.iskreni.net\/trgovina\/product\/mulc-odkriva-sveto-pismo\/#breadcrumb","itemListElement":[{"@type":"ListItem","position":1,"name":"Home","item":"https:\/\/www.iskreni.net\/trgovina\/"},{"@type":"ListItem","position":2,"name":"Trgovina","item":"https:\/\/www.iskreni.net\/trgovina\/trgovina\/"},{"@type":"ListItem","position":3,"name":"Mulc odkriva Sveto pismo"}]},{"@type":"WebSite","@id":"https:\/\/www.iskreni.net\/trgovina\/#website","url":"https:\/\/www.iskreni.net\/trgovina\/","name":"Zavod Iskreni","description":"trgovina","potentialAction":[{"@type":"SearchAction","target":{"@type":"EntryPoint","urlTemplate":"https:\/\/www.iskreni.net\/trgovina\/?s={search_term_string}"},"query-input":{"@type":"PropertyValueSpecification","valueRequired":true,"valueName":"search_term_string"}}],"inLanguage":"sl-SI"}]}},"_links":{"self":[{"href":"https:\/\/www.iskreni.net\/trgovina\/wp-json\/wp\/v2\/product\/35863","targetHints":{"allow":["GET"]}}],"collection":[{"href":"https:\/\/www.iskreni.net\/trgovina\/wp-json\/wp\/v2\/product"}],"about":[{"href":"https:\/\/www.iskreni.net\/trgovina\/wp-json\/wp\/v2\/types\/product"}],"replies":[{"embeddable":true,"href":"https:\/\/www.iskreni.net\/trgovina\/wp-json\/wp\/v2\/comments?post=35863"}],"version-history":[{"count":3,"href":"https:\/\/www.iskreni.net\/trgovina\/wp-json\/wp\/v2\/product\/35863\/revisions"}],"predecessor-version":[{"id":70202,"href":"https:\/\/www.iskreni.net\/trgovina\/wp-json\/wp\/v2\/product\/35863\/revisions\/70202"}],"wp:featuredmedia":[{"embeddable":true,"href":"https:\/\/www.iskreni.net\/trgovina\/wp-json\/wp\/v2\/media\/36906"}],"wp:attachment":[{"href":"https:\/\/www.iskreni.net\/trgovina\/wp-json\/wp\/v2\/media?parent=35863"}],"wp:term":[{"taxonomy":"product_brand","embeddable":true,"href":"https:\/\/www.iskreni.net\/trgovina\/wp-json\/wp\/v2\/product_brand?post=35863"},{"taxonomy":"product_cat","embeddable":true,"href":"https:\/\/www.iskreni.net\/trgovina\/wp-json\/wp\/v2\/product_cat?post=35863"},{"taxonomy":"product_tag","embeddable":true,"href":"https:\/\/www.iskreni.net\/trgovina\/wp-json\/wp\/v2\/product_tag?post=35863"},{"taxonomy":"avtor","embeddable":true,"href":"https:\/\/www.iskreni.net\/trgovina\/wp-json\/wp\/v2\/avtor?post=35863"},{"taxonomy":"zalozba","embeddable":true,"href":"https:\/\/www.iskreni.net\/trgovina\/wp-json\/wp\/v2\/zalozba?post=35863"},{"taxonomy":"vezava","embeddable":true,"href":"https:\/\/www.iskreni.net\/trgovina\/wp-json\/wp\/v2\/vezava?post=35863"}],"curies":[{"name":"wp","href":"https:\/\/api.w.org\/{rel}","templated":true}]}}