{"id":35858,"date":"2020-12-02T09:45:18","date_gmt":"2020-12-02T08:45:18","guid":{"rendered":"https:\/\/www.iskreni.net\/trgovina\/?post_type=product&#038;p=35858"},"modified":"2024-01-18T11:04:50","modified_gmt":"2024-01-18T10:04:50","slug":"z-lepilom-na-podplatih","status":"publish","type":"product","link":"https:\/\/www.iskreni.net\/trgovina\/product\/z-lepilom-na-podplatih\/","title":{"rendered":"Z lepilom na podplatih"},"content":{"rendered":"<h4>O knjigi Z lepilom na podokatih:<\/h4>\n<p>Pred tridesetimi leti smo Slovenci kot narod po\u017eeli tisto, kar so na\u0161i predniki vztrajno sejali skozi stoletja. Do\u017eiveli smo dru\u017ebeni prelom med nekdanjim totalitarnim in novim demokrati\u010dnim redom. A ko se demokrati\u010dni principi delovanja dru\u017ebe zatikajo ob staro miselnost in sistemske ostanke nekdanjega re\u017eima, korak zastane. Napredujemo po\u010dasneje in z ve\u010d te\u017eavami. Kot bi imeli lepilo na podplatih.\u0160tevilni ugledni avtorji z najrazli\u010dnej\u0161ih podro\u010dij v knjigi ne le opozorijo na te\u017eave, ampak zanje ponudijo tudi re\u0161itve.<\/p>\n<p>Pred tremi desetletji smo dosegli samostojno dr\u017eavo, o kateri so sanjali, pisali, govorili in si zanjo v danih okoli\u0161\u010dinah prizadevali na\u0161i predniki. V zgodovino bomo \u0161li kot milostna generacija. Mnogi so takrat verjeli in upali, da bo prehod v demokrati\u010dno in pluralno dru\u017ebo la\u017eji, hitrej\u0161i in celovitej\u0161i. Danes se realnost zdi druga\u010dna. Za vzpostavitev pristne demokracije bo o\u010ditno potrebno \u0161e veliko truda in trdega dela. Demokrati\u010dna dru\u017eba je namre\u010d odprta dru\u017eba, ki se mora ves \u010das odrekati vsemu, kar ne slu\u017ei materialni in duhovni blaginji dru\u017ebe ter vsakega posameznika. Svet, Evropa in Slovenija smo znova pred zgodovinskimi izzivi. Ni\u010d ni enkrat za vselej pridobljeno in zagotovljeno, zato je tudi vsako eksperimentiranje z dr\u017eavo in njenimi podsistemi nevarno in odtujeno \u010dlovekovi resni\u010dnosti.<\/p>\n<p>Pri\u010dujo\u010da publikacija predstavlja enega od poklonov vsem, ki so kakor koli prispevali k lastni dr\u017eavi, hkrati pa slu\u017ei kot spodbuda za nadaljnje delo in razvoj slovenske dru\u017ebe, dr\u017eave in vsakega posameznika, ki dobro misli in deluje za skupno dobro.<\/p>\n<h4><strong>Avtorji:<\/strong><\/h4>\n<p>Spremna beseda \u2013 dr. Ivan Janez \u0160tuhec<br \/>\nJanez Jan\u0161a: Slovenci, Evropa in svet ob 30. obletnici razglasitve in obrambe samostojne Slovenije<br \/>\nDr. Janko Kos: Slovenska osamosvojitvena ideja in temeljni politi\u010dni problemi poosamosvojitvene Slovenije<br \/>\nDr. Stane Granda: Pot v samoslovenstvo<br \/>\nDr. Matija Ogrin: Notranja vez slovenske prenove: spomin na \u017ertve revolucije<br \/>\nDr. Ale\u0161 Maver: Politi\u010dne stranke in volitve v Sloveniji od leta 1990 do danes<br \/>\nDDr. Klemen Jakli\u010d: Ustavni razvoj Republike Slovenije<br \/>\nDr. Dimitrij Rupel: Mednarodna uveljavitev RS in njena zunanja politika danes (s posebnim ozirom na EU)<br \/>\nTone Krkovi\u010d: Nastanek slovenske vojske, vojna za Slovenijo in njen polo\u017eaj po treh desetletjih<br \/>\nDdr. Igor Grdina: Znanost in visoko \u0161olstvo<br \/>\nMojca \u0160krinjar: \u0160olstvo v samostojni Sloveniji<br \/>\nDr. Matev\u017e Tom\u0161i\u010d: Medijska politika in \u00bbavtonomna\u00ab odvisnost medijev<br \/>\nDr. Ignacija Fridl Jarc: Kulturna politika in njena identiteta<br \/>\nDr. Ivan Janez \u0160tuhec: Verska svoboda in Katoli\u0161ka cerkev v Sloveniji<br \/>\nDr. Andrej Umek: Gospodarstvo in infrastruktura<br \/>\nMatej Kova\u010d: Ekonomska tranzicija v Sloveniji 1990\u20132020<br \/>\nJanez Podobnik: Trajnostni razvoj Slovenije kot ekolo\u0161ko vpra\u0161anje<br \/>\nDr. Ivan \u017dagar: Lokalna samouprava in demokracija<br \/>\nDr. Drago \u010cepar: Demografsko vpra\u0161anje kot klju\u010d za prihodnost<br \/>\nRomana Tomc: Socialna dr\u017eava in nesocialne razmere iz evropske perspektive<br \/>\nFrance Cukjati: Slovensko zdravstvo pod bremenom prej\u0161njega stoletja<br \/>\nJanez Rem\u0161kar: Resnica o zdravstvu<br \/>\nJan Zobec: Tri Slovenije \u2013 ena identiteta<br \/>\nDr. Helena Jaklitsch: Slovenci po svetu in njihov doprinos k osamosvojitvi ter razo\u010daranja po njej<br \/>\nErika Jazbar: Kaj je ostalo od enotnega kulturnega prostora in kaj je iz njega nastalo<\/p>\n<p>&nbsp;<\/p>\n","protected":false},"excerpt":{"rendered":"<div><strong>Uredil:<\/strong> Ivan Janez \u0160tuhec<br \/>\n<strong>Leto izdaje: <\/strong>2020<br \/>\n<strong>\u0160tevilo strani:<\/strong> 408<\/div>\n<div><\/div>\n<div><\/div>\n<div>Pri\u010dujo\u010da publikacija predstavlja enega od poklonov vsem, ki so kakor koli prispevali k lastni dr\u017eavi, hkrati pa slu\u017ei kot spodbuda za nadaljnje delo in razvoj slovenske dru\u017ebe, dr\u017eave in vsakega posameznika, ki dobro misli in deluje za skupno dobro.<\/div>\n","protected":false},"featured_media":35861,"comment_status":"open","ping_status":"closed","template":"","meta":[],"product_brand":[],"product_cat":[2326,63],"product_tag":[1000],"avtor":[],"zalozba":[2337],"vezava":[2306],"class_list":{"0":"post-35858","1":"product","2":"type-product","3":"status-publish","4":"has-post-thumbnail","6":"product_cat-druzbena-vprasanja-in-humanistika","7":"product_cat-knjige","8":"product_tag-slovenija","9":"zalozba-celjska-mohorjeva-druzba","10":"vezava-trda","12":"first","13":"instock","14":"taxable","15":"shipping-taxable","16":"purchasable","17":"product-type-simple"},"yoast_head":"<!-- This site is optimized with the Yoast SEO plugin v26.3 - https:\/\/yoast.com\/wordpress\/plugins\/seo\/ -->\n<title>Z lepilom na podplatih - Trideset let slovenske dr\u017eave - trgovina IskreniNET<\/title>\n<meta name=\"description\" content=\"Pri\u010dujo\u010da publikacija predstavlja enega od poklonov vsem, ki so kakor koli prispevali k lastni dr\u017eavi, hkrati pa slu\u017ei kot spodbuda za nadaljnje delo in razvoj slovenske dru\u017ebe, dr\u017eave in vsakega posameznika, ki dobro misli in deluje za skupno dobro.\" \/>\n<meta name=\"robots\" content=\"index, follow, max-snippet:-1, max-image-preview:large, max-video-preview:-1\" \/>\n<link rel=\"canonical\" href=\"https:\/\/www.iskreni.net\/trgovina\/product\/z-lepilom-na-podplatih\/\" \/>\n<meta property=\"og:locale\" content=\"sl_SI\" \/>\n<meta property=\"og:type\" content=\"article\" \/>\n<meta property=\"og:title\" content=\"Z lepilom na podplatih - Trideset let slovenske dr\u017eave - trgovina IskreniNET\" \/>\n<meta property=\"og:description\" content=\"Pri\u010dujo\u010da publikacija predstavlja enega od poklonov vsem, ki so kakor koli prispevali k lastni dr\u017eavi, hkrati pa slu\u017ei kot spodbuda za nadaljnje delo in razvoj slovenske dru\u017ebe, dr\u017eave in vsakega posameznika, ki dobro misli in deluje za skupno dobro.\" \/>\n<meta property=\"og:url\" content=\"https:\/\/www.iskreni.net\/trgovina\/product\/z-lepilom-na-podplatih\/\" \/>\n<meta property=\"og:site_name\" content=\"Zavod Iskreni\" \/>\n<meta property=\"article:modified_time\" content=\"2024-01-18T10:04:50+00:00\" \/>\n<meta property=\"og:image\" content=\"https:\/\/www.iskreni.net\/trgovina\/wp-content\/uploads\/2020\/12\/splet-z-lepilom-na-podplatih.jpg\" \/>\n\t<meta property=\"og:image:width\" content=\"800\" \/>\n\t<meta property=\"og:image:height\" content=\"533\" \/>\n\t<meta property=\"og:image:type\" content=\"image\/jpeg\" \/>\n<meta name=\"twitter:card\" content=\"summary_large_image\" \/>\n<meta name=\"twitter:label1\" content=\"Est. reading time\" \/>\n\t<meta name=\"twitter:data1\" content=\"3 minute\" \/>\n<script type=\"application\/ld+json\" class=\"yoast-schema-graph\">{\"@context\":\"https:\/\/schema.org\",\"@graph\":[{\"@type\":\"WebPage\",\"@id\":\"https:\/\/www.iskreni.net\/trgovina\/product\/z-lepilom-na-podplatih\/\",\"url\":\"https:\/\/www.iskreni.net\/trgovina\/product\/z-lepilom-na-podplatih\/\",\"name\":\"Z lepilom na podplatih - Trideset let slovenske dr\u017eave - trgovina IskreniNET\",\"isPartOf\":{\"@id\":\"https:\/\/www.iskreni.net\/trgovina\/#website\"},\"primaryImageOfPage\":{\"@id\":\"https:\/\/www.iskreni.net\/trgovina\/product\/z-lepilom-na-podplatih\/#primaryimage\"},\"image\":{\"@id\":\"https:\/\/www.iskreni.net\/trgovina\/product\/z-lepilom-na-podplatih\/#primaryimage\"},\"thumbnailUrl\":\"https:\/\/www.iskreni.net\/trgovina\/wp-content\/uploads\/2020\/12\/splet-z-lepilom-na-podplatih.jpg\",\"datePublished\":\"2020-12-02T08:45:18+00:00\",\"dateModified\":\"2024-01-18T10:04:50+00:00\",\"description\":\"Pri\u010dujo\u010da publikacija predstavlja enega od poklonov vsem, ki so kakor koli prispevali k lastni dr\u017eavi, hkrati pa slu\u017ei kot spodbuda za nadaljnje delo in razvoj slovenske dru\u017ebe, dr\u017eave in vsakega posameznika, ki dobro misli in deluje za skupno dobro.\",\"breadcrumb\":{\"@id\":\"https:\/\/www.iskreni.net\/trgovina\/product\/z-lepilom-na-podplatih\/#breadcrumb\"},\"inLanguage\":\"sl-SI\",\"potentialAction\":[{\"@type\":\"ReadAction\",\"target\":[\"https:\/\/www.iskreni.net\/trgovina\/product\/z-lepilom-na-podplatih\/\"]}]},{\"@type\":\"ImageObject\",\"inLanguage\":\"sl-SI\",\"@id\":\"https:\/\/www.iskreni.net\/trgovina\/product\/z-lepilom-na-podplatih\/#primaryimage\",\"url\":\"https:\/\/www.iskreni.net\/trgovina\/wp-content\/uploads\/2020\/12\/splet-z-lepilom-na-podplatih.jpg\",\"contentUrl\":\"https:\/\/www.iskreni.net\/trgovina\/wp-content\/uploads\/2020\/12\/splet-z-lepilom-na-podplatih.jpg\",\"width\":800,\"height\":533},{\"@type\":\"BreadcrumbList\",\"@id\":\"https:\/\/www.iskreni.net\/trgovina\/product\/z-lepilom-na-podplatih\/#breadcrumb\",\"itemListElement\":[{\"@type\":\"ListItem\",\"position\":1,\"name\":\"Home\",\"item\":\"https:\/\/www.iskreni.net\/trgovina\/\"},{\"@type\":\"ListItem\",\"position\":2,\"name\":\"Trgovina\",\"item\":\"https:\/\/www.iskreni.net\/trgovina\/trgovina\/\"},{\"@type\":\"ListItem\",\"position\":3,\"name\":\"Z lepilom na podplatih\"}]},{\"@type\":\"WebSite\",\"@id\":\"https:\/\/www.iskreni.net\/trgovina\/#website\",\"url\":\"https:\/\/www.iskreni.net\/trgovina\/\",\"name\":\"Zavod Iskreni\",\"description\":\"trgovina\",\"potentialAction\":[{\"@type\":\"SearchAction\",\"target\":{\"@type\":\"EntryPoint\",\"urlTemplate\":\"https:\/\/www.iskreni.net\/trgovina\/?s={search_term_string}\"},\"query-input\":{\"@type\":\"PropertyValueSpecification\",\"valueRequired\":true,\"valueName\":\"search_term_string\"}}],\"inLanguage\":\"sl-SI\"}]}<\/script>\n<!-- \/ Yoast SEO plugin. -->","yoast_head_json":{"title":"Z lepilom na podplatih - Trideset let slovenske dr\u017eave - trgovina IskreniNET","description":"Pri\u010dujo\u010da publikacija predstavlja enega od poklonov vsem, ki so kakor koli prispevali k lastni dr\u017eavi, hkrati pa slu\u017ei kot spodbuda za nadaljnje delo in razvoj slovenske dru\u017ebe, dr\u017eave in vsakega posameznika, ki dobro misli in deluje za skupno dobro.","robots":{"index":"index","follow":"follow","max-snippet":"max-snippet:-1","max-image-preview":"max-image-preview:large","max-video-preview":"max-video-preview:-1"},"canonical":"https:\/\/www.iskreni.net\/trgovina\/product\/z-lepilom-na-podplatih\/","og_locale":"sl_SI","og_type":"article","og_title":"Z lepilom na podplatih - Trideset let slovenske dr\u017eave - trgovina IskreniNET","og_description":"Pri\u010dujo\u010da publikacija predstavlja enega od poklonov vsem, ki so kakor koli prispevali k lastni dr\u017eavi, hkrati pa slu\u017ei kot spodbuda za nadaljnje delo in razvoj slovenske dru\u017ebe, dr\u017eave in vsakega posameznika, ki dobro misli in deluje za skupno dobro.","og_url":"https:\/\/www.iskreni.net\/trgovina\/product\/z-lepilom-na-podplatih\/","og_site_name":"Zavod Iskreni","article_modified_time":"2024-01-18T10:04:50+00:00","og_image":[{"width":800,"height":533,"url":"https:\/\/www.iskreni.net\/trgovina\/wp-content\/uploads\/2020\/12\/splet-z-lepilom-na-podplatih.jpg","type":"image\/jpeg"}],"twitter_card":"summary_large_image","twitter_misc":{"Est. reading time":"3 minute"},"schema":{"@context":"https:\/\/schema.org","@graph":[{"@type":"WebPage","@id":"https:\/\/www.iskreni.net\/trgovina\/product\/z-lepilom-na-podplatih\/","url":"https:\/\/www.iskreni.net\/trgovina\/product\/z-lepilom-na-podplatih\/","name":"Z lepilom na podplatih - Trideset let slovenske dr\u017eave - trgovina IskreniNET","isPartOf":{"@id":"https:\/\/www.iskreni.net\/trgovina\/#website"},"primaryImageOfPage":{"@id":"https:\/\/www.iskreni.net\/trgovina\/product\/z-lepilom-na-podplatih\/#primaryimage"},"image":{"@id":"https:\/\/www.iskreni.net\/trgovina\/product\/z-lepilom-na-podplatih\/#primaryimage"},"thumbnailUrl":"https:\/\/www.iskreni.net\/trgovina\/wp-content\/uploads\/2020\/12\/splet-z-lepilom-na-podplatih.jpg","datePublished":"2020-12-02T08:45:18+00:00","dateModified":"2024-01-18T10:04:50+00:00","description":"Pri\u010dujo\u010da publikacija predstavlja enega od poklonov vsem, ki so kakor koli prispevali k lastni dr\u017eavi, hkrati pa slu\u017ei kot spodbuda za nadaljnje delo in razvoj slovenske dru\u017ebe, dr\u017eave in vsakega posameznika, ki dobro misli in deluje za skupno dobro.","breadcrumb":{"@id":"https:\/\/www.iskreni.net\/trgovina\/product\/z-lepilom-na-podplatih\/#breadcrumb"},"inLanguage":"sl-SI","potentialAction":[{"@type":"ReadAction","target":["https:\/\/www.iskreni.net\/trgovina\/product\/z-lepilom-na-podplatih\/"]}]},{"@type":"ImageObject","inLanguage":"sl-SI","@id":"https:\/\/www.iskreni.net\/trgovina\/product\/z-lepilom-na-podplatih\/#primaryimage","url":"https:\/\/www.iskreni.net\/trgovina\/wp-content\/uploads\/2020\/12\/splet-z-lepilom-na-podplatih.jpg","contentUrl":"https:\/\/www.iskreni.net\/trgovina\/wp-content\/uploads\/2020\/12\/splet-z-lepilom-na-podplatih.jpg","width":800,"height":533},{"@type":"BreadcrumbList","@id":"https:\/\/www.iskreni.net\/trgovina\/product\/z-lepilom-na-podplatih\/#breadcrumb","itemListElement":[{"@type":"ListItem","position":1,"name":"Home","item":"https:\/\/www.iskreni.net\/trgovina\/"},{"@type":"ListItem","position":2,"name":"Trgovina","item":"https:\/\/www.iskreni.net\/trgovina\/trgovina\/"},{"@type":"ListItem","position":3,"name":"Z lepilom na podplatih"}]},{"@type":"WebSite","@id":"https:\/\/www.iskreni.net\/trgovina\/#website","url":"https:\/\/www.iskreni.net\/trgovina\/","name":"Zavod Iskreni","description":"trgovina","potentialAction":[{"@type":"SearchAction","target":{"@type":"EntryPoint","urlTemplate":"https:\/\/www.iskreni.net\/trgovina\/?s={search_term_string}"},"query-input":{"@type":"PropertyValueSpecification","valueRequired":true,"valueName":"search_term_string"}}],"inLanguage":"sl-SI"}]}},"_links":{"self":[{"href":"https:\/\/www.iskreni.net\/trgovina\/wp-json\/wp\/v2\/product\/35858","targetHints":{"allow":["GET"]}}],"collection":[{"href":"https:\/\/www.iskreni.net\/trgovina\/wp-json\/wp\/v2\/product"}],"about":[{"href":"https:\/\/www.iskreni.net\/trgovina\/wp-json\/wp\/v2\/types\/product"}],"replies":[{"embeddable":true,"href":"https:\/\/www.iskreni.net\/trgovina\/wp-json\/wp\/v2\/comments?post=35858"}],"version-history":[{"count":3,"href":"https:\/\/www.iskreni.net\/trgovina\/wp-json\/wp\/v2\/product\/35858\/revisions"}],"predecessor-version":[{"id":72690,"href":"https:\/\/www.iskreni.net\/trgovina\/wp-json\/wp\/v2\/product\/35858\/revisions\/72690"}],"wp:featuredmedia":[{"embeddable":true,"href":"https:\/\/www.iskreni.net\/trgovina\/wp-json\/wp\/v2\/media\/35861"}],"wp:attachment":[{"href":"https:\/\/www.iskreni.net\/trgovina\/wp-json\/wp\/v2\/media?parent=35858"}],"wp:term":[{"taxonomy":"product_brand","embeddable":true,"href":"https:\/\/www.iskreni.net\/trgovina\/wp-json\/wp\/v2\/product_brand?post=35858"},{"taxonomy":"product_cat","embeddable":true,"href":"https:\/\/www.iskreni.net\/trgovina\/wp-json\/wp\/v2\/product_cat?post=35858"},{"taxonomy":"product_tag","embeddable":true,"href":"https:\/\/www.iskreni.net\/trgovina\/wp-json\/wp\/v2\/product_tag?post=35858"},{"taxonomy":"avtor","embeddable":true,"href":"https:\/\/www.iskreni.net\/trgovina\/wp-json\/wp\/v2\/avtor?post=35858"},{"taxonomy":"zalozba","embeddable":true,"href":"https:\/\/www.iskreni.net\/trgovina\/wp-json\/wp\/v2\/zalozba?post=35858"},{"taxonomy":"vezava","embeddable":true,"href":"https:\/\/www.iskreni.net\/trgovina\/wp-json\/wp\/v2\/vezava?post=35858"}],"curies":[{"name":"wp","href":"https:\/\/api.w.org\/{rel}","templated":true}]}}