{"id":3562,"date":"2017-08-17T14:34:40","date_gmt":"2017-08-17T12:34:40","guid":{"rendered":"https:\/\/www.iskreni.net\/trgovina\/?post_type=product&#038;p=3562"},"modified":"2026-03-22T17:29:10","modified_gmt":"2026-03-22T16:29:10","slug":"v-tvoji-navzocnosti","status":"publish","type":"product","link":"https:\/\/www.iskreni.net\/trgovina\/product\/v-tvoji-navzocnosti\/","title":{"rendered":"V tvoji navzo\u010dnosti"},"content":{"rendered":"<p>Misli za vsak dan v letu<\/p>\n","protected":false},"excerpt":{"rendered":"<p><strong>Leto izdaje:<\/strong> 2017<br \/>\n<strong>\u0160tevilo strani<\/strong>: 400<\/p>\n<p>Vsi vemo, da nam je Bog blizu, da od zakramenta svetega krsta po<strong>\u00a0<\/strong>Svetem Duhu\u00a0\u017eivi v nas in z nami. Vemo, da lahko oku\u0161amo njegovo navzo\u010dnost, ljubezen, mir, radost, skrbnost &#8230;<\/p>\n<p>Od v\u00e9denja lahko preidemo k oku\u0161anju, ko si vzamemo \u010das in ga v miru in ti\u0161ini pre\u017eivimo z Bogom, ko se hvale\u017eni zavemo njegove navzo\u010dnosti.<\/p>\n<p>Sami se moramo odlo\u010diti, koliko \u010dasa in v katerih \u017eivljenjskih situacijah se \u017eelimo zavedati Jezusove bli\u017eine. On je ves \u010das z nami, mi pa smo z njim le tedaj, ko si tega zavestno \u017eelimo.<\/p>\n<p>Ta knjiga je vzbudila to \u017eeljo v srcih milijonov ljudi.<\/p>\n","protected":false},"featured_media":3563,"comment_status":"open","ping_status":"closed","template":"","meta":[],"product_brand":[258],"product_cat":[2324,63],"product_tag":[391,1896,390],"avtor":[2377],"zalozba":[2686],"vezava":[],"class_list":{"0":"post-3562","1":"product","2":"type-product","3":"status-publish","4":"has-post-thumbnail","6":"product_brand-druge-zalozbe","7":"product_cat-duhovnost-in-osebna-rast","8":"product_cat-knjige","9":"product_tag-jezus","10":"product_tag-molitev","11":"product_tag-sveto-pismo","12":"avtor-sarah-young","13":"zalozba-slowatch","15":"first","16":"instock","17":"taxable","18":"shipping-taxable","19":"purchasable","20":"product-type-simple"},"yoast_head":"<!-- This site is optimized with the Yoast SEO plugin v26.3 - https:\/\/yoast.com\/wordpress\/plugins\/seo\/ -->\n<title>V tvoji navzo\u010dnosti - Zavod Iskreni<\/title>\n<meta name=\"robots\" content=\"index, follow, max-snippet:-1, max-image-preview:large, max-video-preview:-1\" \/>\n<link rel=\"canonical\" href=\"https:\/\/www.iskreni.net\/trgovina\/product\/v-tvoji-navzocnosti\/\" \/>\n<meta property=\"og:locale\" content=\"sl_SI\" \/>\n<meta property=\"og:type\" content=\"article\" \/>\n<meta property=\"og:title\" content=\"V tvoji navzo\u010dnosti - Zavod Iskreni\" \/>\n<meta property=\"og:description\" content=\"Leto izdaje: 2017 \u0160tevilo strani: 400  Vsi vemo, da nam je Bog blizu, da od zakramenta svetega krsta po\u00a0Svetem Duhu\u00a0\u017eivi v nas in z nami. Vemo, da lahko oku\u0161amo njegovo navzo\u010dnost, ljubezen, mir, radost, skrbnost ...  Od v\u00e9denja lahko preidemo k oku\u0161anju, ko si vzamemo \u010das in ga v miru in ti\u0161ini pre\u017eivimo z Bogom, ko se hvale\u017eni zavemo njegove navzo\u010dnosti.  Sami se moramo odlo\u010diti, koliko \u010dasa in v katerih \u017eivljenjskih situacijah se \u017eelimo zavedati Jezusove bli\u017eine. On je ves \u010das z nami, mi pa smo z njim le tedaj, ko si tega zavestno \u017eelimo.  Ta knjiga je vzbudila to \u017eeljo v srcih milijonov ljudi.\" \/>\n<meta property=\"og:url\" content=\"https:\/\/www.iskreni.net\/trgovina\/product\/v-tvoji-navzocnosti\/\" \/>\n<meta property=\"og:site_name\" content=\"Zavod Iskreni\" \/>\n<meta property=\"article:modified_time\" content=\"2026-03-22T16:29:10+00:00\" \/>\n<meta property=\"og:image\" content=\"https:\/\/www.iskreni.net\/trgovina\/wp-content\/uploads\/2017\/08\/v_tvoji_navzocnosti.jpg\" \/>\n\t<meta property=\"og:image:width\" content=\"400\" \/>\n\t<meta property=\"og:image:height\" content=\"400\" \/>\n\t<meta property=\"og:image:type\" content=\"image\/jpeg\" \/>\n<meta name=\"twitter:card\" content=\"summary_large_image\" \/>\n<meta name=\"twitter:label1\" content=\"Est. reading time\" \/>\n\t<meta name=\"twitter:data1\" content=\"1 minuta\" \/>\n<script type=\"application\/ld+json\" class=\"yoast-schema-graph\">{\"@context\":\"https:\/\/schema.org\",\"@graph\":[{\"@type\":\"WebPage\",\"@id\":\"https:\/\/www.iskreni.net\/trgovina\/product\/v-tvoji-navzocnosti\/\",\"url\":\"https:\/\/www.iskreni.net\/trgovina\/product\/v-tvoji-navzocnosti\/\",\"name\":\"V tvoji navzo\u010dnosti - Zavod Iskreni\",\"isPartOf\":{\"@id\":\"https:\/\/www.iskreni.net\/trgovina\/#website\"},\"primaryImageOfPage\":{\"@id\":\"https:\/\/www.iskreni.net\/trgovina\/product\/v-tvoji-navzocnosti\/#primaryimage\"},\"image\":{\"@id\":\"https:\/\/www.iskreni.net\/trgovina\/product\/v-tvoji-navzocnosti\/#primaryimage\"},\"thumbnailUrl\":\"https:\/\/www.iskreni.net\/trgovina\/wp-content\/uploads\/2017\/08\/v_tvoji_navzocnosti.jpg\",\"datePublished\":\"2017-08-17T12:34:40+00:00\",\"dateModified\":\"2026-03-22T16:29:10+00:00\",\"breadcrumb\":{\"@id\":\"https:\/\/www.iskreni.net\/trgovina\/product\/v-tvoji-navzocnosti\/#breadcrumb\"},\"inLanguage\":\"sl-SI\",\"potentialAction\":[{\"@type\":\"ReadAction\",\"target\":[\"https:\/\/www.iskreni.net\/trgovina\/product\/v-tvoji-navzocnosti\/\"]}]},{\"@type\":\"ImageObject\",\"inLanguage\":\"sl-SI\",\"@id\":\"https:\/\/www.iskreni.net\/trgovina\/product\/v-tvoji-navzocnosti\/#primaryimage\",\"url\":\"https:\/\/www.iskreni.net\/trgovina\/wp-content\/uploads\/2017\/08\/v_tvoji_navzocnosti.jpg\",\"contentUrl\":\"https:\/\/www.iskreni.net\/trgovina\/wp-content\/uploads\/2017\/08\/v_tvoji_navzocnosti.jpg\",\"width\":400,\"height\":400},{\"@type\":\"BreadcrumbList\",\"@id\":\"https:\/\/www.iskreni.net\/trgovina\/product\/v-tvoji-navzocnosti\/#breadcrumb\",\"itemListElement\":[{\"@type\":\"ListItem\",\"position\":1,\"name\":\"Home\",\"item\":\"https:\/\/www.iskreni.net\/trgovina\/\"},{\"@type\":\"ListItem\",\"position\":2,\"name\":\"Trgovina\",\"item\":\"https:\/\/www.iskreni.net\/trgovina\/trgovina\/\"},{\"@type\":\"ListItem\",\"position\":3,\"name\":\"V tvoji navzo\u010dnosti\"}]},{\"@type\":\"WebSite\",\"@id\":\"https:\/\/www.iskreni.net\/trgovina\/#website\",\"url\":\"https:\/\/www.iskreni.net\/trgovina\/\",\"name\":\"Zavod Iskreni\",\"description\":\"trgovina\",\"potentialAction\":[{\"@type\":\"SearchAction\",\"target\":{\"@type\":\"EntryPoint\",\"urlTemplate\":\"https:\/\/www.iskreni.net\/trgovina\/?s={search_term_string}\"},\"query-input\":{\"@type\":\"PropertyValueSpecification\",\"valueRequired\":true,\"valueName\":\"search_term_string\"}}],\"inLanguage\":\"sl-SI\"}]}<\/script>\n<!-- \/ Yoast SEO plugin. -->","yoast_head_json":{"title":"V tvoji navzo\u010dnosti - Zavod Iskreni","robots":{"index":"index","follow":"follow","max-snippet":"max-snippet:-1","max-image-preview":"max-image-preview:large","max-video-preview":"max-video-preview:-1"},"canonical":"https:\/\/www.iskreni.net\/trgovina\/product\/v-tvoji-navzocnosti\/","og_locale":"sl_SI","og_type":"article","og_title":"V tvoji navzo\u010dnosti - Zavod Iskreni","og_description":"Leto izdaje: 2017 \u0160tevilo strani: 400  Vsi vemo, da nam je Bog blizu, da od zakramenta svetega krsta po\u00a0Svetem Duhu\u00a0\u017eivi v nas in z nami. Vemo, da lahko oku\u0161amo njegovo navzo\u010dnost, ljubezen, mir, radost, skrbnost ...  Od v\u00e9denja lahko preidemo k oku\u0161anju, ko si vzamemo \u010das in ga v miru in ti\u0161ini pre\u017eivimo z Bogom, ko se hvale\u017eni zavemo njegove navzo\u010dnosti.  Sami se moramo odlo\u010diti, koliko \u010dasa in v katerih \u017eivljenjskih situacijah se \u017eelimo zavedati Jezusove bli\u017eine. On je ves \u010das z nami, mi pa smo z njim le tedaj, ko si tega zavestno \u017eelimo.  Ta knjiga je vzbudila to \u017eeljo v srcih milijonov ljudi.","og_url":"https:\/\/www.iskreni.net\/trgovina\/product\/v-tvoji-navzocnosti\/","og_site_name":"Zavod Iskreni","article_modified_time":"2026-03-22T16:29:10+00:00","og_image":[{"width":400,"height":400,"url":"https:\/\/www.iskreni.net\/trgovina\/wp-content\/uploads\/2017\/08\/v_tvoji_navzocnosti.jpg","type":"image\/jpeg"}],"twitter_card":"summary_large_image","twitter_misc":{"Est. reading time":"1 minuta"},"schema":{"@context":"https:\/\/schema.org","@graph":[{"@type":"WebPage","@id":"https:\/\/www.iskreni.net\/trgovina\/product\/v-tvoji-navzocnosti\/","url":"https:\/\/www.iskreni.net\/trgovina\/product\/v-tvoji-navzocnosti\/","name":"V tvoji navzo\u010dnosti - Zavod Iskreni","isPartOf":{"@id":"https:\/\/www.iskreni.net\/trgovina\/#website"},"primaryImageOfPage":{"@id":"https:\/\/www.iskreni.net\/trgovina\/product\/v-tvoji-navzocnosti\/#primaryimage"},"image":{"@id":"https:\/\/www.iskreni.net\/trgovina\/product\/v-tvoji-navzocnosti\/#primaryimage"},"thumbnailUrl":"https:\/\/www.iskreni.net\/trgovina\/wp-content\/uploads\/2017\/08\/v_tvoji_navzocnosti.jpg","datePublished":"2017-08-17T12:34:40+00:00","dateModified":"2026-03-22T16:29:10+00:00","breadcrumb":{"@id":"https:\/\/www.iskreni.net\/trgovina\/product\/v-tvoji-navzocnosti\/#breadcrumb"},"inLanguage":"sl-SI","potentialAction":[{"@type":"ReadAction","target":["https:\/\/www.iskreni.net\/trgovina\/product\/v-tvoji-navzocnosti\/"]}]},{"@type":"ImageObject","inLanguage":"sl-SI","@id":"https:\/\/www.iskreni.net\/trgovina\/product\/v-tvoji-navzocnosti\/#primaryimage","url":"https:\/\/www.iskreni.net\/trgovina\/wp-content\/uploads\/2017\/08\/v_tvoji_navzocnosti.jpg","contentUrl":"https:\/\/www.iskreni.net\/trgovina\/wp-content\/uploads\/2017\/08\/v_tvoji_navzocnosti.jpg","width":400,"height":400},{"@type":"BreadcrumbList","@id":"https:\/\/www.iskreni.net\/trgovina\/product\/v-tvoji-navzocnosti\/#breadcrumb","itemListElement":[{"@type":"ListItem","position":1,"name":"Home","item":"https:\/\/www.iskreni.net\/trgovina\/"},{"@type":"ListItem","position":2,"name":"Trgovina","item":"https:\/\/www.iskreni.net\/trgovina\/trgovina\/"},{"@type":"ListItem","position":3,"name":"V tvoji navzo\u010dnosti"}]},{"@type":"WebSite","@id":"https:\/\/www.iskreni.net\/trgovina\/#website","url":"https:\/\/www.iskreni.net\/trgovina\/","name":"Zavod Iskreni","description":"trgovina","potentialAction":[{"@type":"SearchAction","target":{"@type":"EntryPoint","urlTemplate":"https:\/\/www.iskreni.net\/trgovina\/?s={search_term_string}"},"query-input":{"@type":"PropertyValueSpecification","valueRequired":true,"valueName":"search_term_string"}}],"inLanguage":"sl-SI"}]}},"_links":{"self":[{"href":"https:\/\/www.iskreni.net\/trgovina\/wp-json\/wp\/v2\/product\/3562","targetHints":{"allow":["GET"]}}],"collection":[{"href":"https:\/\/www.iskreni.net\/trgovina\/wp-json\/wp\/v2\/product"}],"about":[{"href":"https:\/\/www.iskreni.net\/trgovina\/wp-json\/wp\/v2\/types\/product"}],"replies":[{"embeddable":true,"href":"https:\/\/www.iskreni.net\/trgovina\/wp-json\/wp\/v2\/comments?post=3562"}],"version-history":[{"count":3,"href":"https:\/\/www.iskreni.net\/trgovina\/wp-json\/wp\/v2\/product\/3562\/revisions"}],"predecessor-version":[{"id":72668,"href":"https:\/\/www.iskreni.net\/trgovina\/wp-json\/wp\/v2\/product\/3562\/revisions\/72668"}],"wp:featuredmedia":[{"embeddable":true,"href":"https:\/\/www.iskreni.net\/trgovina\/wp-json\/wp\/v2\/media\/3563"}],"wp:attachment":[{"href":"https:\/\/www.iskreni.net\/trgovina\/wp-json\/wp\/v2\/media?parent=3562"}],"wp:term":[{"taxonomy":"product_brand","embeddable":true,"href":"https:\/\/www.iskreni.net\/trgovina\/wp-json\/wp\/v2\/product_brand?post=3562"},{"taxonomy":"product_cat","embeddable":true,"href":"https:\/\/www.iskreni.net\/trgovina\/wp-json\/wp\/v2\/product_cat?post=3562"},{"taxonomy":"product_tag","embeddable":true,"href":"https:\/\/www.iskreni.net\/trgovina\/wp-json\/wp\/v2\/product_tag?post=3562"},{"taxonomy":"avtor","embeddable":true,"href":"https:\/\/www.iskreni.net\/trgovina\/wp-json\/wp\/v2\/avtor?post=3562"},{"taxonomy":"zalozba","embeddable":true,"href":"https:\/\/www.iskreni.net\/trgovina\/wp-json\/wp\/v2\/zalozba?post=3562"},{"taxonomy":"vezava","embeddable":true,"href":"https:\/\/www.iskreni.net\/trgovina\/wp-json\/wp\/v2\/vezava?post=3562"}],"curies":[{"name":"wp","href":"https:\/\/api.w.org\/{rel}","templated":true}]}}