{"id":3203,"date":"2017-04-07T11:00:32","date_gmt":"2017-04-07T09:00:32","guid":{"rendered":"https:\/\/www.iskreni.net\/trgovina\/?post_type=product&#038;p=3203"},"modified":"2025-11-27T14:06:40","modified_gmt":"2025-11-27T13:06:40","slug":"moja-mala-velikonocna-zgodba","status":"publish","type":"product","link":"https:\/\/www.iskreni.net\/trgovina\/product\/moja-mala-velikonocna-zgodba\/","title":{"rendered":"Moja mala velikono\u010dna zgodba"},"content":{"rendered":"<h4>O knjigi Moja mala velikono\u010dna zgodba<\/h4>\n<p><strong>Velikono\u010dna zgodba za najmlaj\u0161e<\/strong><\/p>\n<p>Slikanica malega formata, ki najmlaj\u0161im razkriva\u00a0pomen in globino praznika velike no\u010di.<\/p>\n<p>Skrivnost na\u0161e vere, popisana tako, da se boste o njej\u00a0lahko pogovarjali tudi z najmlaj\u0161imi, je v knji\u017eici v\u00a0vseh glavnih potezah predstavljena z zgovornimi,\u00a0otrokom prijaznimi ilustracijami. Vabi nas k ljubezni\u00a0in odpu\u0161\u010danju kot vodilu na\u0161ega veselega oznanila!<\/p>\n","protected":false},"excerpt":{"rendered":"<p><strong>Avtor prevoda:<\/strong> Tadeja Petrov\u010di\u010d Jerina<br \/>\n<strong>Ilustracije:<\/strong> Claudine G\u00e9vry<br \/>\n<strong>Leto izdaje:<\/strong> 2016<br \/>\n<strong>Strani:<\/strong> 28<\/p>\n<p>&nbsp;<\/p>\n<p>&nbsp;<\/p>\n","protected":false},"featured_media":3204,"comment_status":"open","ping_status":"closed","template":"","meta":[],"product_brand":[],"product_cat":[63,135],"product_tag":[],"avtor":[2464],"zalozba":[2337],"vezava":[2306],"class_list":{"0":"post-3203","1":"product","2":"type-product","3":"status-publish","4":"has-post-thumbnail","6":"product_cat-knjige","7":"product_cat-za-otroke","8":"avtor-christina-goodings","9":"zalozba-celjska-mohorjeva-druzba","10":"vezava-trda","12":"first","13":"instock","14":"taxable","15":"shipping-taxable","16":"purchasable","17":"product-type-simple"},"yoast_head":"<!-- This site is optimized with the Yoast SEO plugin v26.3 - https:\/\/yoast.com\/wordpress\/plugins\/seo\/ -->\n<title>Moja mala velikono\u010dna zgodba - Zavod Iskreni<\/title>\n<meta name=\"description\" content=\"Moja mala velikono\u010dna zgodba je slikanica malega formata, ki najmlaj\u0161im razkriva\u00a0pomen in globino praznika velike no\u010di.\" \/>\n<meta name=\"robots\" content=\"index, follow, max-snippet:-1, max-image-preview:large, max-video-preview:-1\" \/>\n<link rel=\"canonical\" href=\"https:\/\/www.iskreni.net\/trgovina\/product\/moja-mala-velikonocna-zgodba\/\" \/>\n<meta property=\"og:locale\" content=\"sl_SI\" \/>\n<meta property=\"og:type\" content=\"article\" \/>\n<meta property=\"og:title\" content=\"Moja mala velikono\u010dna zgodba\" \/>\n<meta property=\"og:description\" content=\"Moja mala velikono\u010dna zgodba je slikanica malega formata, ki najmlaj\u0161im razkriva\u00a0pomen in globino praznika velike no\u010di.\" \/>\n<meta property=\"og:url\" content=\"https:\/\/www.iskreni.net\/trgovina\/product\/moja-mala-velikonocna-zgodba\/\" \/>\n<meta property=\"og:site_name\" content=\"Zavod Iskreni\" \/>\n<meta property=\"article:modified_time\" content=\"2025-11-27T13:06:40+00:00\" \/>\n<meta property=\"og:image\" content=\"https:\/\/www.iskreni.net\/trgovina\/wp-content\/uploads\/2017\/04\/Mmvz.jpg\" \/>\n\t<meta property=\"og:image:width\" content=\"1500\" \/>\n\t<meta property=\"og:image:height\" content=\"1606\" \/>\n\t<meta property=\"og:image:type\" content=\"image\/jpeg\" \/>\n<meta name=\"twitter:card\" content=\"summary_large_image\" \/>\n<meta name=\"twitter:label1\" content=\"Est. reading time\" \/>\n\t<meta name=\"twitter:data1\" content=\"1 minuta\" \/>\n<script type=\"application\/ld+json\" class=\"yoast-schema-graph\">{\"@context\":\"https:\/\/schema.org\",\"@graph\":[{\"@type\":\"WebPage\",\"@id\":\"https:\/\/www.iskreni.net\/trgovina\/product\/moja-mala-velikonocna-zgodba\/\",\"url\":\"https:\/\/www.iskreni.net\/trgovina\/product\/moja-mala-velikonocna-zgodba\/\",\"name\":\"Moja mala velikono\u010dna zgodba - Zavod Iskreni\",\"isPartOf\":{\"@id\":\"https:\/\/www.iskreni.net\/trgovina\/#website\"},\"primaryImageOfPage\":{\"@id\":\"https:\/\/www.iskreni.net\/trgovina\/product\/moja-mala-velikonocna-zgodba\/#primaryimage\"},\"image\":{\"@id\":\"https:\/\/www.iskreni.net\/trgovina\/product\/moja-mala-velikonocna-zgodba\/#primaryimage\"},\"thumbnailUrl\":\"https:\/\/www.iskreni.net\/trgovina\/wp-content\/uploads\/2017\/04\/Mmvz.jpg\",\"datePublished\":\"2017-04-07T09:00:32+00:00\",\"dateModified\":\"2025-11-27T13:06:40+00:00\",\"description\":\"Moja mala velikono\u010dna zgodba je slikanica malega formata, ki najmlaj\u0161im razkriva\u00a0pomen in globino praznika velike no\u010di.\",\"breadcrumb\":{\"@id\":\"https:\/\/www.iskreni.net\/trgovina\/product\/moja-mala-velikonocna-zgodba\/#breadcrumb\"},\"inLanguage\":\"sl-SI\",\"potentialAction\":[{\"@type\":\"ReadAction\",\"target\":[\"https:\/\/www.iskreni.net\/trgovina\/product\/moja-mala-velikonocna-zgodba\/\"]}]},{\"@type\":\"ImageObject\",\"inLanguage\":\"sl-SI\",\"@id\":\"https:\/\/www.iskreni.net\/trgovina\/product\/moja-mala-velikonocna-zgodba\/#primaryimage\",\"url\":\"https:\/\/www.iskreni.net\/trgovina\/wp-content\/uploads\/2017\/04\/Mmvz.jpg\",\"contentUrl\":\"https:\/\/www.iskreni.net\/trgovina\/wp-content\/uploads\/2017\/04\/Mmvz.jpg\",\"width\":1500,\"height\":1606},{\"@type\":\"BreadcrumbList\",\"@id\":\"https:\/\/www.iskreni.net\/trgovina\/product\/moja-mala-velikonocna-zgodba\/#breadcrumb\",\"itemListElement\":[{\"@type\":\"ListItem\",\"position\":1,\"name\":\"Home\",\"item\":\"https:\/\/www.iskreni.net\/trgovina\/\"},{\"@type\":\"ListItem\",\"position\":2,\"name\":\"Trgovina\",\"item\":\"https:\/\/www.iskreni.net\/trgovina\/trgovina\/\"},{\"@type\":\"ListItem\",\"position\":3,\"name\":\"Moja mala velikono\u010dna zgodba\"}]},{\"@type\":\"WebSite\",\"@id\":\"https:\/\/www.iskreni.net\/trgovina\/#website\",\"url\":\"https:\/\/www.iskreni.net\/trgovina\/\",\"name\":\"Zavod Iskreni\",\"description\":\"trgovina\",\"potentialAction\":[{\"@type\":\"SearchAction\",\"target\":{\"@type\":\"EntryPoint\",\"urlTemplate\":\"https:\/\/www.iskreni.net\/trgovina\/?s={search_term_string}\"},\"query-input\":{\"@type\":\"PropertyValueSpecification\",\"valueRequired\":true,\"valueName\":\"search_term_string\"}}],\"inLanguage\":\"sl-SI\"}]}<\/script>\n<!-- \/ Yoast SEO plugin. -->","yoast_head_json":{"title":"Moja mala velikono\u010dna zgodba - Zavod Iskreni","description":"Moja mala velikono\u010dna zgodba je slikanica malega formata, ki najmlaj\u0161im razkriva\u00a0pomen in globino praznika velike no\u010di.","robots":{"index":"index","follow":"follow","max-snippet":"max-snippet:-1","max-image-preview":"max-image-preview:large","max-video-preview":"max-video-preview:-1"},"canonical":"https:\/\/www.iskreni.net\/trgovina\/product\/moja-mala-velikonocna-zgodba\/","og_locale":"sl_SI","og_type":"article","og_title":"Moja mala velikono\u010dna zgodba","og_description":"Moja mala velikono\u010dna zgodba je slikanica malega formata, ki najmlaj\u0161im razkriva\u00a0pomen in globino praznika velike no\u010di.","og_url":"https:\/\/www.iskreni.net\/trgovina\/product\/moja-mala-velikonocna-zgodba\/","og_site_name":"Zavod Iskreni","article_modified_time":"2025-11-27T13:06:40+00:00","og_image":[{"width":1500,"height":1606,"url":"https:\/\/www.iskreni.net\/trgovina\/wp-content\/uploads\/2017\/04\/Mmvz.jpg","type":"image\/jpeg"}],"twitter_card":"summary_large_image","twitter_misc":{"Est. reading time":"1 minuta"},"schema":{"@context":"https:\/\/schema.org","@graph":[{"@type":"WebPage","@id":"https:\/\/www.iskreni.net\/trgovina\/product\/moja-mala-velikonocna-zgodba\/","url":"https:\/\/www.iskreni.net\/trgovina\/product\/moja-mala-velikonocna-zgodba\/","name":"Moja mala velikono\u010dna zgodba - Zavod Iskreni","isPartOf":{"@id":"https:\/\/www.iskreni.net\/trgovina\/#website"},"primaryImageOfPage":{"@id":"https:\/\/www.iskreni.net\/trgovina\/product\/moja-mala-velikonocna-zgodba\/#primaryimage"},"image":{"@id":"https:\/\/www.iskreni.net\/trgovina\/product\/moja-mala-velikonocna-zgodba\/#primaryimage"},"thumbnailUrl":"https:\/\/www.iskreni.net\/trgovina\/wp-content\/uploads\/2017\/04\/Mmvz.jpg","datePublished":"2017-04-07T09:00:32+00:00","dateModified":"2025-11-27T13:06:40+00:00","description":"Moja mala velikono\u010dna zgodba je slikanica malega formata, ki najmlaj\u0161im razkriva\u00a0pomen in globino praznika velike no\u010di.","breadcrumb":{"@id":"https:\/\/www.iskreni.net\/trgovina\/product\/moja-mala-velikonocna-zgodba\/#breadcrumb"},"inLanguage":"sl-SI","potentialAction":[{"@type":"ReadAction","target":["https:\/\/www.iskreni.net\/trgovina\/product\/moja-mala-velikonocna-zgodba\/"]}]},{"@type":"ImageObject","inLanguage":"sl-SI","@id":"https:\/\/www.iskreni.net\/trgovina\/product\/moja-mala-velikonocna-zgodba\/#primaryimage","url":"https:\/\/www.iskreni.net\/trgovina\/wp-content\/uploads\/2017\/04\/Mmvz.jpg","contentUrl":"https:\/\/www.iskreni.net\/trgovina\/wp-content\/uploads\/2017\/04\/Mmvz.jpg","width":1500,"height":1606},{"@type":"BreadcrumbList","@id":"https:\/\/www.iskreni.net\/trgovina\/product\/moja-mala-velikonocna-zgodba\/#breadcrumb","itemListElement":[{"@type":"ListItem","position":1,"name":"Home","item":"https:\/\/www.iskreni.net\/trgovina\/"},{"@type":"ListItem","position":2,"name":"Trgovina","item":"https:\/\/www.iskreni.net\/trgovina\/trgovina\/"},{"@type":"ListItem","position":3,"name":"Moja mala velikono\u010dna zgodba"}]},{"@type":"WebSite","@id":"https:\/\/www.iskreni.net\/trgovina\/#website","url":"https:\/\/www.iskreni.net\/trgovina\/","name":"Zavod Iskreni","description":"trgovina","potentialAction":[{"@type":"SearchAction","target":{"@type":"EntryPoint","urlTemplate":"https:\/\/www.iskreni.net\/trgovina\/?s={search_term_string}"},"query-input":{"@type":"PropertyValueSpecification","valueRequired":true,"valueName":"search_term_string"}}],"inLanguage":"sl-SI"}]}},"_links":{"self":[{"href":"https:\/\/www.iskreni.net\/trgovina\/wp-json\/wp\/v2\/product\/3203","targetHints":{"allow":["GET"]}}],"collection":[{"href":"https:\/\/www.iskreni.net\/trgovina\/wp-json\/wp\/v2\/product"}],"about":[{"href":"https:\/\/www.iskreni.net\/trgovina\/wp-json\/wp\/v2\/types\/product"}],"replies":[{"embeddable":true,"href":"https:\/\/www.iskreni.net\/trgovina\/wp-json\/wp\/v2\/comments?post=3203"}],"version-history":[{"count":3,"href":"https:\/\/www.iskreni.net\/trgovina\/wp-json\/wp\/v2\/product\/3203\/revisions"}],"predecessor-version":[{"id":70047,"href":"https:\/\/www.iskreni.net\/trgovina\/wp-json\/wp\/v2\/product\/3203\/revisions\/70047"}],"wp:featuredmedia":[{"embeddable":true,"href":"https:\/\/www.iskreni.net\/trgovina\/wp-json\/wp\/v2\/media\/3204"}],"wp:attachment":[{"href":"https:\/\/www.iskreni.net\/trgovina\/wp-json\/wp\/v2\/media?parent=3203"}],"wp:term":[{"taxonomy":"product_brand","embeddable":true,"href":"https:\/\/www.iskreni.net\/trgovina\/wp-json\/wp\/v2\/product_brand?post=3203"},{"taxonomy":"product_cat","embeddable":true,"href":"https:\/\/www.iskreni.net\/trgovina\/wp-json\/wp\/v2\/product_cat?post=3203"},{"taxonomy":"product_tag","embeddable":true,"href":"https:\/\/www.iskreni.net\/trgovina\/wp-json\/wp\/v2\/product_tag?post=3203"},{"taxonomy":"avtor","embeddable":true,"href":"https:\/\/www.iskreni.net\/trgovina\/wp-json\/wp\/v2\/avtor?post=3203"},{"taxonomy":"zalozba","embeddable":true,"href":"https:\/\/www.iskreni.net\/trgovina\/wp-json\/wp\/v2\/zalozba?post=3203"},{"taxonomy":"vezava","embeddable":true,"href":"https:\/\/www.iskreni.net\/trgovina\/wp-json\/wp\/v2\/vezava?post=3203"}],"curies":[{"name":"wp","href":"https:\/\/api.w.org\/{rel}","templated":true}]}}