{"id":3005,"date":"2017-02-17T09:15:26","date_gmt":"2017-02-17T08:15:26","guid":{"rendered":"https:\/\/www.iskreni.net\/trgovina\/?post_type=product&#038;p=3005"},"modified":"2026-01-28T11:49:41","modified_gmt":"2026-01-28T10:49:41","slug":"protestantino-kolumne-izpod-cavna","status":"publish","type":"product","link":"https:\/\/www.iskreni.net\/trgovina\/product\/protestantino-kolumne-izpod-cavna\/","title":{"rendered":"Protestantino, kolumne izpod \u010cavna"},"content":{"rendered":"<p><strong>O avtorju\u00a0<\/strong><\/p>\n<p>Tino Mami\u0107 (1972) je profesor zgodovine in diplomirani novinar. Za seboj ima \u010detrt stoletja novinarskega in uredni\u0161kega dela doma in v tujini. Za svoje delo je leta 2012 prejel novinarsko Me\u0161kovo nagrado.<\/p>\n<p><em>Njegova zna\u010dilnost je neuklonljiva dr\u017ea, ki ga je oblikovala v neprera\u010dunljivega intelektualca, \u010dloveka, ki ob krivici in la\u017ei ni tiho.<\/em><br \/>\nJo\u017ee Mo\u017eina, re\u017eiser in novinar TV Slovenija<\/p>\n<p><em>V \u010dasu \u201cteko\u010de dru\u017ebe, teko\u010dih, izmuzljivih, nedore\u010denih, la\u017enih in polresni\u010dnih odnosov\u201d nam Tino Mami\u0107 ponuja trdna in varna sidri\u0161\u010da, oprijemljive odnose in jasne misli, saj se nikdar ne spreneveda in nikdar ne la\u017ee, to je pa tudi vse, kar nekdo potrebuje, \u010de ima seveda slikovit slog, ki ga Tino ima, da postane odli\u010den \u010dasnikar, da, tudi \u201copinion maker\u201d na Slovenskem danes.<\/em><br \/>\nJurij Paljk, pesnik in urednik gori\u0161kega tednika Novi Glas<\/p>\n","protected":false},"excerpt":{"rendered":"<div class=\"product-description\">\n<p>Avtor: Tino Mami\u0107<br \/>\nZalo\u017eba:\u00a0Adam<br \/>\nLeto izdaje: 2014<br \/>\n\u0160tevilo strani: 184<\/p>\n<p>Knjiga kolumen primorskega publicista in zgodovinarja <strong>Tina Mami\u0107a<\/strong>.<\/p>\n<p>Gre za izbor najbolj odmevnih besedil iz razli\u010dnih slovenskih medijev (Bonbon, Primorske novice, Demokracija, Ampak \u2026). Ve\u010dina besedil je nastalo v razli\u010dnih \u017eivljenjskih situacijah slehernika. Obi\u010dajni problemi so opisani s \u0161\u010depcem humorja.<\/p>\n<\/div>\n","protected":false},"featured_media":3006,"comment_status":"open","ping_status":"closed","template":"","meta":[],"product_brand":[258],"product_cat":[2326,63],"product_tag":[],"avtor":[],"zalozba":[],"vezava":[],"class_list":{"0":"post-3005","1":"product","2":"type-product","3":"status-publish","4":"has-post-thumbnail","6":"product_brand-druge-zalozbe","7":"product_cat-druzbena-vprasanja-in-humanistika","8":"product_cat-knjige","10":"first","11":"outofstock","12":"taxable","13":"shipping-taxable","14":"purchasable","15":"product-type-simple"},"yoast_head":"<!-- This site is optimized with the Yoast SEO plugin v26.3 - https:\/\/yoast.com\/wordpress\/plugins\/seo\/ -->\n<title>Protestantino, kolumne izpod \u010cavna - Zavod Iskreni<\/title>\n<meta name=\"robots\" content=\"index, follow, max-snippet:-1, max-image-preview:large, max-video-preview:-1\" \/>\n<link rel=\"canonical\" href=\"https:\/\/www.iskreni.net\/trgovina\/product\/protestantino-kolumne-izpod-cavna\/\" \/>\n<meta property=\"og:locale\" content=\"sl_SI\" \/>\n<meta property=\"og:type\" content=\"article\" \/>\n<meta property=\"og:title\" content=\"Protestantino, kolumne izpod \u010cavna - Zavod Iskreni\" \/>\n<meta property=\"og:description\" content=\"Avtor: Tino Mami\u0107 Zalo\u017eba:\u00a0Adam Leto izdaje: 2014 \u0160tevilo strani: 184  Knjiga kolumen primorskega publicista in zgodovinarja Tina Mami\u0107a.  Gre za izbor najbolj odmevnih besedil iz razli\u010dnih slovenskih medijev (Bonbon, Primorske novice, Demokracija, Ampak \u2026). Ve\u010dina besedil je nastalo v razli\u010dnih \u017eivljenjskih situacijah slehernika. Obi\u010dajni problemi so opisani s \u0161\u010depcem humorja.\" \/>\n<meta property=\"og:url\" content=\"https:\/\/www.iskreni.net\/trgovina\/product\/protestantino-kolumne-izpod-cavna\/\" \/>\n<meta property=\"og:site_name\" content=\"Zavod Iskreni\" \/>\n<meta property=\"article:modified_time\" content=\"2026-01-28T10:49:41+00:00\" \/>\n<meta property=\"og:image\" content=\"https:\/\/www.iskreni.net\/trgovina\/wp-content\/uploads\/2017\/02\/Protestantino-e1487319651643.jpg\" \/>\n\t<meta property=\"og:image:width\" content=\"600\" \/>\n\t<meta property=\"og:image:height\" content=\"800\" \/>\n\t<meta property=\"og:image:type\" content=\"image\/jpeg\" \/>\n<meta name=\"twitter:card\" content=\"summary_large_image\" \/>\n<meta name=\"twitter:label1\" content=\"Est. reading time\" \/>\n\t<meta name=\"twitter:data1\" content=\"1 minuta\" \/>\n<script type=\"application\/ld+json\" class=\"yoast-schema-graph\">{\"@context\":\"https:\/\/schema.org\",\"@graph\":[{\"@type\":\"WebPage\",\"@id\":\"https:\/\/www.iskreni.net\/trgovina\/product\/protestantino-kolumne-izpod-cavna\/\",\"url\":\"https:\/\/www.iskreni.net\/trgovina\/product\/protestantino-kolumne-izpod-cavna\/\",\"name\":\"Protestantino, kolumne izpod \u010cavna - Zavod Iskreni\",\"isPartOf\":{\"@id\":\"https:\/\/www.iskreni.net\/trgovina\/#website\"},\"primaryImageOfPage\":{\"@id\":\"https:\/\/www.iskreni.net\/trgovina\/product\/protestantino-kolumne-izpod-cavna\/#primaryimage\"},\"image\":{\"@id\":\"https:\/\/www.iskreni.net\/trgovina\/product\/protestantino-kolumne-izpod-cavna\/#primaryimage\"},\"thumbnailUrl\":\"https:\/\/www.iskreni.net\/trgovina\/wp-content\/uploads\/2017\/02\/Protestantino-e1487319651643.jpg\",\"datePublished\":\"2017-02-17T08:15:26+00:00\",\"dateModified\":\"2026-01-28T10:49:41+00:00\",\"breadcrumb\":{\"@id\":\"https:\/\/www.iskreni.net\/trgovina\/product\/protestantino-kolumne-izpod-cavna\/#breadcrumb\"},\"inLanguage\":\"sl-SI\",\"potentialAction\":[{\"@type\":\"ReadAction\",\"target\":[\"https:\/\/www.iskreni.net\/trgovina\/product\/protestantino-kolumne-izpod-cavna\/\"]}]},{\"@type\":\"ImageObject\",\"inLanguage\":\"sl-SI\",\"@id\":\"https:\/\/www.iskreni.net\/trgovina\/product\/protestantino-kolumne-izpod-cavna\/#primaryimage\",\"url\":\"https:\/\/www.iskreni.net\/trgovina\/wp-content\/uploads\/2017\/02\/Protestantino-e1487319651643.jpg\",\"contentUrl\":\"https:\/\/www.iskreni.net\/trgovina\/wp-content\/uploads\/2017\/02\/Protestantino-e1487319651643.jpg\",\"width\":600,\"height\":800},{\"@type\":\"BreadcrumbList\",\"@id\":\"https:\/\/www.iskreni.net\/trgovina\/product\/protestantino-kolumne-izpod-cavna\/#breadcrumb\",\"itemListElement\":[{\"@type\":\"ListItem\",\"position\":1,\"name\":\"Home\",\"item\":\"https:\/\/www.iskreni.net\/trgovina\/\"},{\"@type\":\"ListItem\",\"position\":2,\"name\":\"Trgovina\",\"item\":\"https:\/\/www.iskreni.net\/trgovina\/trgovina\/\"},{\"@type\":\"ListItem\",\"position\":3,\"name\":\"Protestantino, kolumne izpod \u010cavna\"}]},{\"@type\":\"WebSite\",\"@id\":\"https:\/\/www.iskreni.net\/trgovina\/#website\",\"url\":\"https:\/\/www.iskreni.net\/trgovina\/\",\"name\":\"Zavod Iskreni\",\"description\":\"trgovina\",\"potentialAction\":[{\"@type\":\"SearchAction\",\"target\":{\"@type\":\"EntryPoint\",\"urlTemplate\":\"https:\/\/www.iskreni.net\/trgovina\/?s={search_term_string}\"},\"query-input\":{\"@type\":\"PropertyValueSpecification\",\"valueRequired\":true,\"valueName\":\"search_term_string\"}}],\"inLanguage\":\"sl-SI\"}]}<\/script>\n<!-- \/ Yoast SEO plugin. -->","yoast_head_json":{"title":"Protestantino, kolumne izpod \u010cavna - Zavod Iskreni","robots":{"index":"index","follow":"follow","max-snippet":"max-snippet:-1","max-image-preview":"max-image-preview:large","max-video-preview":"max-video-preview:-1"},"canonical":"https:\/\/www.iskreni.net\/trgovina\/product\/protestantino-kolumne-izpod-cavna\/","og_locale":"sl_SI","og_type":"article","og_title":"Protestantino, kolumne izpod \u010cavna - Zavod Iskreni","og_description":"Avtor: Tino Mami\u0107 Zalo\u017eba:\u00a0Adam Leto izdaje: 2014 \u0160tevilo strani: 184  Knjiga kolumen primorskega publicista in zgodovinarja Tina Mami\u0107a.  Gre za izbor najbolj odmevnih besedil iz razli\u010dnih slovenskih medijev (Bonbon, Primorske novice, Demokracija, Ampak \u2026). Ve\u010dina besedil je nastalo v razli\u010dnih \u017eivljenjskih situacijah slehernika. Obi\u010dajni problemi so opisani s \u0161\u010depcem humorja.","og_url":"https:\/\/www.iskreni.net\/trgovina\/product\/protestantino-kolumne-izpod-cavna\/","og_site_name":"Zavod Iskreni","article_modified_time":"2026-01-28T10:49:41+00:00","og_image":[{"width":600,"height":800,"url":"https:\/\/www.iskreni.net\/trgovina\/wp-content\/uploads\/2017\/02\/Protestantino-e1487319651643.jpg","type":"image\/jpeg"}],"twitter_card":"summary_large_image","twitter_misc":{"Est. reading time":"1 minuta"},"schema":{"@context":"https:\/\/schema.org","@graph":[{"@type":"WebPage","@id":"https:\/\/www.iskreni.net\/trgovina\/product\/protestantino-kolumne-izpod-cavna\/","url":"https:\/\/www.iskreni.net\/trgovina\/product\/protestantino-kolumne-izpod-cavna\/","name":"Protestantino, kolumne izpod \u010cavna - Zavod Iskreni","isPartOf":{"@id":"https:\/\/www.iskreni.net\/trgovina\/#website"},"primaryImageOfPage":{"@id":"https:\/\/www.iskreni.net\/trgovina\/product\/protestantino-kolumne-izpod-cavna\/#primaryimage"},"image":{"@id":"https:\/\/www.iskreni.net\/trgovina\/product\/protestantino-kolumne-izpod-cavna\/#primaryimage"},"thumbnailUrl":"https:\/\/www.iskreni.net\/trgovina\/wp-content\/uploads\/2017\/02\/Protestantino-e1487319651643.jpg","datePublished":"2017-02-17T08:15:26+00:00","dateModified":"2026-01-28T10:49:41+00:00","breadcrumb":{"@id":"https:\/\/www.iskreni.net\/trgovina\/product\/protestantino-kolumne-izpod-cavna\/#breadcrumb"},"inLanguage":"sl-SI","potentialAction":[{"@type":"ReadAction","target":["https:\/\/www.iskreni.net\/trgovina\/product\/protestantino-kolumne-izpod-cavna\/"]}]},{"@type":"ImageObject","inLanguage":"sl-SI","@id":"https:\/\/www.iskreni.net\/trgovina\/product\/protestantino-kolumne-izpod-cavna\/#primaryimage","url":"https:\/\/www.iskreni.net\/trgovina\/wp-content\/uploads\/2017\/02\/Protestantino-e1487319651643.jpg","contentUrl":"https:\/\/www.iskreni.net\/trgovina\/wp-content\/uploads\/2017\/02\/Protestantino-e1487319651643.jpg","width":600,"height":800},{"@type":"BreadcrumbList","@id":"https:\/\/www.iskreni.net\/trgovina\/product\/protestantino-kolumne-izpod-cavna\/#breadcrumb","itemListElement":[{"@type":"ListItem","position":1,"name":"Home","item":"https:\/\/www.iskreni.net\/trgovina\/"},{"@type":"ListItem","position":2,"name":"Trgovina","item":"https:\/\/www.iskreni.net\/trgovina\/trgovina\/"},{"@type":"ListItem","position":3,"name":"Protestantino, kolumne izpod \u010cavna"}]},{"@type":"WebSite","@id":"https:\/\/www.iskreni.net\/trgovina\/#website","url":"https:\/\/www.iskreni.net\/trgovina\/","name":"Zavod Iskreni","description":"trgovina","potentialAction":[{"@type":"SearchAction","target":{"@type":"EntryPoint","urlTemplate":"https:\/\/www.iskreni.net\/trgovina\/?s={search_term_string}"},"query-input":{"@type":"PropertyValueSpecification","valueRequired":true,"valueName":"search_term_string"}}],"inLanguage":"sl-SI"}]}},"_links":{"self":[{"href":"https:\/\/www.iskreni.net\/trgovina\/wp-json\/wp\/v2\/product\/3005","targetHints":{"allow":["GET"]}}],"collection":[{"href":"https:\/\/www.iskreni.net\/trgovina\/wp-json\/wp\/v2\/product"}],"about":[{"href":"https:\/\/www.iskreni.net\/trgovina\/wp-json\/wp\/v2\/types\/product"}],"replies":[{"embeddable":true,"href":"https:\/\/www.iskreni.net\/trgovina\/wp-json\/wp\/v2\/comments?post=3005"}],"version-history":[{"count":1,"href":"https:\/\/www.iskreni.net\/trgovina\/wp-json\/wp\/v2\/product\/3005\/revisions"}],"predecessor-version":[{"id":68429,"href":"https:\/\/www.iskreni.net\/trgovina\/wp-json\/wp\/v2\/product\/3005\/revisions\/68429"}],"wp:featuredmedia":[{"embeddable":true,"href":"https:\/\/www.iskreni.net\/trgovina\/wp-json\/wp\/v2\/media\/3006"}],"wp:attachment":[{"href":"https:\/\/www.iskreni.net\/trgovina\/wp-json\/wp\/v2\/media?parent=3005"}],"wp:term":[{"taxonomy":"product_brand","embeddable":true,"href":"https:\/\/www.iskreni.net\/trgovina\/wp-json\/wp\/v2\/product_brand?post=3005"},{"taxonomy":"product_cat","embeddable":true,"href":"https:\/\/www.iskreni.net\/trgovina\/wp-json\/wp\/v2\/product_cat?post=3005"},{"taxonomy":"product_tag","embeddable":true,"href":"https:\/\/www.iskreni.net\/trgovina\/wp-json\/wp\/v2\/product_tag?post=3005"},{"taxonomy":"avtor","embeddable":true,"href":"https:\/\/www.iskreni.net\/trgovina\/wp-json\/wp\/v2\/avtor?post=3005"},{"taxonomy":"zalozba","embeddable":true,"href":"https:\/\/www.iskreni.net\/trgovina\/wp-json\/wp\/v2\/zalozba?post=3005"},{"taxonomy":"vezava","embeddable":true,"href":"https:\/\/www.iskreni.net\/trgovina\/wp-json\/wp\/v2\/vezava?post=3005"}],"curies":[{"name":"wp","href":"https:\/\/api.w.org\/{rel}","templated":true}]}}