{"id":2968,"date":"2017-02-07T14:30:03","date_gmt":"2017-02-07T13:30:03","guid":{"rendered":"https:\/\/www.iskreni.net\/trgovina\/?post_type=product&#038;p=2968"},"modified":"2022-03-12T11:42:56","modified_gmt":"2022-03-12T10:42:56","slug":"bombazna-torbica-s-trakom","status":"publish","type":"product","link":"https:\/\/www.iskreni.net\/trgovina\/product\/bombazna-torbica-s-trakom\/","title":{"rendered":"Bomba\u017ena torbica s trakom"},"content":{"rendered":"<h4>Opis:<\/h4>\n<ul>\n<li>bomba\u017ena torbica s trakom je namenjena shranjevanju vlo\u017ekov<\/li>\n<li>velikost: 28 x 30 cm<\/li>\n<li>zapiranje z zadrgo<\/li>\n<li>vre\u010da ima trak za obe\u0161anje vre\u010de, ki ga lahko uporabite tudi samostojno za su\u0161enje vlo\u017ekov<\/li>\n<\/ul>\n<p><strong>Material:<\/strong><\/p>\n<ul>\n<li>80 % bomba\u017e, 20 % poliester<\/li>\n<\/ul>\n<p><strong>Vzdr\u017eevanje:<\/strong><\/p>\n<ul>\n<li>pralna pri 60 <sup>o<\/sup>C<\/li>\n<\/ul>\n<p><strong>Uporaba:<\/strong><\/p>\n<ul>\n<li>za shranjevanje in prena\u0161anje (\u010distih) vlo\u017ekov<\/li>\n<\/ul>\n","protected":false},"excerpt":{"rendered":"<p>Bomba\u017ena torbica s trakom je namenjena shranjevanju vlo\u017ekov. Ima tudi trak za obe\u0161anje torbice, ki ga lahko uporabite tudi samostojno za su\u0161enje vlo\u017ekov.<\/p>\n","protected":false},"featured_media":2970,"comment_status":"open","ping_status":"closed","template":"","meta":[],"product_brand":[],"product_cat":[83,956],"product_tag":[],"avtor":[],"zalozba":[],"vezava":[],"class_list":{"0":"post-2968","1":"product","2":"type-product","3":"status-publish","4":"has-post-thumbnail","6":"product_cat-izdelki-za-menstruacijo","7":"product_cat-dodatki-izdelki-za-menstruacijo","9":"first","10":"instock","11":"taxable","12":"shipping-taxable","13":"purchasable","14":"product-type-variable"},"yoast_head":"<!-- This site is optimized with the Yoast SEO plugin v26.3 - https:\/\/yoast.com\/wordpress\/plugins\/seo\/ -->\n<title>Bomba\u017ena torbica s trakom - za shranjevanje vlo\u017ekov - trgovina Iskreni<\/title>\n<meta name=\"description\" content=\"Bomba\u017ena torbica s trakom je namenjena shranjevanju vlo\u017ekov. Ima tudi trak za obe\u0161anje torbice, ki ga lahko uporabite tudi samostojno za su\u0161enje vlo\u017ekov.\" \/>\n<meta name=\"robots\" content=\"index, follow, max-snippet:-1, max-image-preview:large, max-video-preview:-1\" \/>\n<link rel=\"canonical\" href=\"https:\/\/www.iskreni.net\/trgovina\/product\/bombazna-torbica-s-trakom\/\" \/>\n<meta property=\"og:locale\" content=\"sl_SI\" \/>\n<meta property=\"og:type\" content=\"article\" \/>\n<meta property=\"og:title\" content=\"Bomba\u017ena torbica s trakom - za shranjevanje vlo\u017ekov - trgovina Iskreni\" \/>\n<meta property=\"og:description\" content=\"Bomba\u017ena torbica s trakom je namenjena shranjevanju vlo\u017ekov. Ima tudi trak za obe\u0161anje torbice, ki ga lahko uporabite tudi samostojno za su\u0161enje vlo\u017ekov.\" \/>\n<meta property=\"og:url\" content=\"https:\/\/www.iskreni.net\/trgovina\/product\/bombazna-torbica-s-trakom\/\" \/>\n<meta property=\"og:site_name\" content=\"Zavod Iskreni\" \/>\n<meta property=\"article:modified_time\" content=\"2022-03-12T10:42:56+00:00\" \/>\n<meta property=\"og:image\" content=\"https:\/\/www.iskreni.net\/trgovina\/wp-content\/uploads\/2017\/02\/594-286-vreca_za_vlozke-4e6a7e9ce18311ff.jpeg\" \/>\n\t<meta property=\"og:image:width\" content=\"505\" \/>\n\t<meta property=\"og:image:height\" content=\"370\" \/>\n\t<meta property=\"og:image:type\" content=\"image\/jpeg\" \/>\n<meta name=\"twitter:card\" content=\"summary_large_image\" \/>\n<script type=\"application\/ld+json\" class=\"yoast-schema-graph\">{\"@context\":\"https:\/\/schema.org\",\"@graph\":[{\"@type\":\"WebPage\",\"@id\":\"https:\/\/www.iskreni.net\/trgovina\/product\/bombazna-torbica-s-trakom\/\",\"url\":\"https:\/\/www.iskreni.net\/trgovina\/product\/bombazna-torbica-s-trakom\/\",\"name\":\"Bomba\u017ena torbica s trakom - za shranjevanje vlo\u017ekov - trgovina Iskreni\",\"isPartOf\":{\"@id\":\"https:\/\/www.iskreni.net\/trgovina\/#website\"},\"primaryImageOfPage\":{\"@id\":\"https:\/\/www.iskreni.net\/trgovina\/product\/bombazna-torbica-s-trakom\/#primaryimage\"},\"image\":{\"@id\":\"https:\/\/www.iskreni.net\/trgovina\/product\/bombazna-torbica-s-trakom\/#primaryimage\"},\"thumbnailUrl\":\"https:\/\/www.iskreni.net\/trgovina\/wp-content\/uploads\/2017\/02\/594-286-vreca_za_vlozke-4e6a7e9ce18311ff.jpeg\",\"datePublished\":\"2017-02-07T13:30:03+00:00\",\"dateModified\":\"2022-03-12T10:42:56+00:00\",\"description\":\"Bomba\u017ena torbica s trakom je namenjena shranjevanju vlo\u017ekov. Ima tudi trak za obe\u0161anje torbice, ki ga lahko uporabite tudi samostojno za su\u0161enje vlo\u017ekov.\",\"breadcrumb\":{\"@id\":\"https:\/\/www.iskreni.net\/trgovina\/product\/bombazna-torbica-s-trakom\/#breadcrumb\"},\"inLanguage\":\"sl-SI\",\"potentialAction\":[{\"@type\":\"ReadAction\",\"target\":[\"https:\/\/www.iskreni.net\/trgovina\/product\/bombazna-torbica-s-trakom\/\"]}]},{\"@type\":\"ImageObject\",\"inLanguage\":\"sl-SI\",\"@id\":\"https:\/\/www.iskreni.net\/trgovina\/product\/bombazna-torbica-s-trakom\/#primaryimage\",\"url\":\"https:\/\/www.iskreni.net\/trgovina\/wp-content\/uploads\/2017\/02\/594-286-vreca_za_vlozke-4e6a7e9ce18311ff.jpeg\",\"contentUrl\":\"https:\/\/www.iskreni.net\/trgovina\/wp-content\/uploads\/2017\/02\/594-286-vreca_za_vlozke-4e6a7e9ce18311ff.jpeg\",\"width\":505,\"height\":370},{\"@type\":\"BreadcrumbList\",\"@id\":\"https:\/\/www.iskreni.net\/trgovina\/product\/bombazna-torbica-s-trakom\/#breadcrumb\",\"itemListElement\":[{\"@type\":\"ListItem\",\"position\":1,\"name\":\"Home\",\"item\":\"https:\/\/www.iskreni.net\/trgovina\/\"},{\"@type\":\"ListItem\",\"position\":2,\"name\":\"Trgovina\",\"item\":\"https:\/\/www.iskreni.net\/trgovina\/trgovina\/\"},{\"@type\":\"ListItem\",\"position\":3,\"name\":\"Bomba\u017ena torbica s trakom\"}]},{\"@type\":\"WebSite\",\"@id\":\"https:\/\/www.iskreni.net\/trgovina\/#website\",\"url\":\"https:\/\/www.iskreni.net\/trgovina\/\",\"name\":\"Zavod Iskreni\",\"description\":\"trgovina\",\"potentialAction\":[{\"@type\":\"SearchAction\",\"target\":{\"@type\":\"EntryPoint\",\"urlTemplate\":\"https:\/\/www.iskreni.net\/trgovina\/?s={search_term_string}\"},\"query-input\":{\"@type\":\"PropertyValueSpecification\",\"valueRequired\":true,\"valueName\":\"search_term_string\"}}],\"inLanguage\":\"sl-SI\"}]}<\/script>\n<!-- \/ Yoast SEO plugin. -->","yoast_head_json":{"title":"Bomba\u017ena torbica s trakom - za shranjevanje vlo\u017ekov - trgovina Iskreni","description":"Bomba\u017ena torbica s trakom je namenjena shranjevanju vlo\u017ekov. Ima tudi trak za obe\u0161anje torbice, ki ga lahko uporabite tudi samostojno za su\u0161enje vlo\u017ekov.","robots":{"index":"index","follow":"follow","max-snippet":"max-snippet:-1","max-image-preview":"max-image-preview:large","max-video-preview":"max-video-preview:-1"},"canonical":"https:\/\/www.iskreni.net\/trgovina\/product\/bombazna-torbica-s-trakom\/","og_locale":"sl_SI","og_type":"article","og_title":"Bomba\u017ena torbica s trakom - za shranjevanje vlo\u017ekov - trgovina Iskreni","og_description":"Bomba\u017ena torbica s trakom je namenjena shranjevanju vlo\u017ekov. Ima tudi trak za obe\u0161anje torbice, ki ga lahko uporabite tudi samostojno za su\u0161enje vlo\u017ekov.","og_url":"https:\/\/www.iskreni.net\/trgovina\/product\/bombazna-torbica-s-trakom\/","og_site_name":"Zavod Iskreni","article_modified_time":"2022-03-12T10:42:56+00:00","og_image":[{"width":505,"height":370,"url":"https:\/\/www.iskreni.net\/trgovina\/wp-content\/uploads\/2017\/02\/594-286-vreca_za_vlozke-4e6a7e9ce18311ff.jpeg","type":"image\/jpeg"}],"twitter_card":"summary_large_image","schema":{"@context":"https:\/\/schema.org","@graph":[{"@type":"WebPage","@id":"https:\/\/www.iskreni.net\/trgovina\/product\/bombazna-torbica-s-trakom\/","url":"https:\/\/www.iskreni.net\/trgovina\/product\/bombazna-torbica-s-trakom\/","name":"Bomba\u017ena torbica s trakom - za shranjevanje vlo\u017ekov - trgovina Iskreni","isPartOf":{"@id":"https:\/\/www.iskreni.net\/trgovina\/#website"},"primaryImageOfPage":{"@id":"https:\/\/www.iskreni.net\/trgovina\/product\/bombazna-torbica-s-trakom\/#primaryimage"},"image":{"@id":"https:\/\/www.iskreni.net\/trgovina\/product\/bombazna-torbica-s-trakom\/#primaryimage"},"thumbnailUrl":"https:\/\/www.iskreni.net\/trgovina\/wp-content\/uploads\/2017\/02\/594-286-vreca_za_vlozke-4e6a7e9ce18311ff.jpeg","datePublished":"2017-02-07T13:30:03+00:00","dateModified":"2022-03-12T10:42:56+00:00","description":"Bomba\u017ena torbica s trakom je namenjena shranjevanju vlo\u017ekov. Ima tudi trak za obe\u0161anje torbice, ki ga lahko uporabite tudi samostojno za su\u0161enje vlo\u017ekov.","breadcrumb":{"@id":"https:\/\/www.iskreni.net\/trgovina\/product\/bombazna-torbica-s-trakom\/#breadcrumb"},"inLanguage":"sl-SI","potentialAction":[{"@type":"ReadAction","target":["https:\/\/www.iskreni.net\/trgovina\/product\/bombazna-torbica-s-trakom\/"]}]},{"@type":"ImageObject","inLanguage":"sl-SI","@id":"https:\/\/www.iskreni.net\/trgovina\/product\/bombazna-torbica-s-trakom\/#primaryimage","url":"https:\/\/www.iskreni.net\/trgovina\/wp-content\/uploads\/2017\/02\/594-286-vreca_za_vlozke-4e6a7e9ce18311ff.jpeg","contentUrl":"https:\/\/www.iskreni.net\/trgovina\/wp-content\/uploads\/2017\/02\/594-286-vreca_za_vlozke-4e6a7e9ce18311ff.jpeg","width":505,"height":370},{"@type":"BreadcrumbList","@id":"https:\/\/www.iskreni.net\/trgovina\/product\/bombazna-torbica-s-trakom\/#breadcrumb","itemListElement":[{"@type":"ListItem","position":1,"name":"Home","item":"https:\/\/www.iskreni.net\/trgovina\/"},{"@type":"ListItem","position":2,"name":"Trgovina","item":"https:\/\/www.iskreni.net\/trgovina\/trgovina\/"},{"@type":"ListItem","position":3,"name":"Bomba\u017ena torbica s trakom"}]},{"@type":"WebSite","@id":"https:\/\/www.iskreni.net\/trgovina\/#website","url":"https:\/\/www.iskreni.net\/trgovina\/","name":"Zavod Iskreni","description":"trgovina","potentialAction":[{"@type":"SearchAction","target":{"@type":"EntryPoint","urlTemplate":"https:\/\/www.iskreni.net\/trgovina\/?s={search_term_string}"},"query-input":{"@type":"PropertyValueSpecification","valueRequired":true,"valueName":"search_term_string"}}],"inLanguage":"sl-SI"}]}},"_links":{"self":[{"href":"https:\/\/www.iskreni.net\/trgovina\/wp-json\/wp\/v2\/product\/2968","targetHints":{"allow":["GET"]}}],"collection":[{"href":"https:\/\/www.iskreni.net\/trgovina\/wp-json\/wp\/v2\/product"}],"about":[{"href":"https:\/\/www.iskreni.net\/trgovina\/wp-json\/wp\/v2\/types\/product"}],"replies":[{"embeddable":true,"href":"https:\/\/www.iskreni.net\/trgovina\/wp-json\/wp\/v2\/comments?post=2968"}],"version-history":[{"count":0,"href":"https:\/\/www.iskreni.net\/trgovina\/wp-json\/wp\/v2\/product\/2968\/revisions"}],"wp:featuredmedia":[{"embeddable":true,"href":"https:\/\/www.iskreni.net\/trgovina\/wp-json\/wp\/v2\/media\/2970"}],"wp:attachment":[{"href":"https:\/\/www.iskreni.net\/trgovina\/wp-json\/wp\/v2\/media?parent=2968"}],"wp:term":[{"taxonomy":"product_brand","embeddable":true,"href":"https:\/\/www.iskreni.net\/trgovina\/wp-json\/wp\/v2\/product_brand?post=2968"},{"taxonomy":"product_cat","embeddable":true,"href":"https:\/\/www.iskreni.net\/trgovina\/wp-json\/wp\/v2\/product_cat?post=2968"},{"taxonomy":"product_tag","embeddable":true,"href":"https:\/\/www.iskreni.net\/trgovina\/wp-json\/wp\/v2\/product_tag?post=2968"},{"taxonomy":"avtor","embeddable":true,"href":"https:\/\/www.iskreni.net\/trgovina\/wp-json\/wp\/v2\/avtor?post=2968"},{"taxonomy":"zalozba","embeddable":true,"href":"https:\/\/www.iskreni.net\/trgovina\/wp-json\/wp\/v2\/zalozba?post=2968"},{"taxonomy":"vezava","embeddable":true,"href":"https:\/\/www.iskreni.net\/trgovina\/wp-json\/wp\/v2\/vezava?post=2968"}],"curies":[{"name":"wp","href":"https:\/\/api.w.org\/{rel}","templated":true}]}}