{"id":2958,"date":"2017-02-07T14:22:16","date_gmt":"2017-02-07T13:22:16","guid":{"rendered":"https:\/\/www.iskreni.net\/trgovina\/?post_type=product&#038;p=2958"},"modified":"2026-04-21T09:41:13","modified_gmt":"2026-04-21T07:41:13","slug":"dvodelna-torbica-m-s-trakom","status":"publish","type":"product","link":"https:\/\/www.iskreni.net\/trgovina\/product\/dvodelna-torbica-m-s-trakom\/","title":{"rendered":"Dvodelna torbica M s trakom"},"content":{"rendered":"<h4>Opis:<\/h4>\n<ul>\n<li>za prena\u0161anje \u017eenskih vlo\u017ekov, ko smo zdoma<\/li>\n<li>ve\u010dji \u017eep je namenjen \u010distim vlo\u017ekom, manj\u0161i pa uporabljenim<\/li>\n<li>oba \u017eepa sta izdelana iz nepremo\u010dljivega materiala<\/li>\n<li>velikost: 14 x 25 cm<\/li>\n<li>zapiranje z zadrgo<\/li>\n<li>vre\u010da ima trak za obe\u0161anje vre\u010de, ki ga lahko uporabite tudi samostojno za su\u0161enje vlo\u017ekov<\/li>\n<\/ul>\n<h4>Material:<\/h4>\n<ul>\n<li>100 % poliester, poliuretanski premaz (motiv pi\u0161\u010dan\u010dki)<\/li>\n<\/ul>\n<h4>Vzdr\u017eevanje:<\/h4>\n<ul>\n<li>motivi\u00a0 pi\u0161\u010dan\u010dki so pralni pri 95 <sup>o<\/sup>C<\/li>\n<\/ul>\n<h4>Uporaba:<\/h4>\n<ul>\n<li>za prena\u0161anje \u010distih ali umazanih vlo\u017ekov<\/li>\n<li>umazane vlo\u017eke \u010dimprej dati iz vre\u010de v mrzlo vodo<\/li>\n<\/ul>\n","protected":false},"excerpt":{"rendered":"<p>Torbica z dvema \u017eepoma (manj\u0161im in ve\u010djim) in trakom je namenjena za prena\u0161anje \u017eenskih vlo\u017ekov, ko smo zdoma.<\/p>\n","protected":false},"featured_media":51684,"comment_status":"open","ping_status":"closed","template":"","meta":[],"product_brand":[],"product_cat":[83,956],"product_tag":[1536,926],"avtor":[],"zalozba":[],"vezava":[],"class_list":{"0":"post-2958","1":"product","2":"type-product","3":"status-publish","4":"has-post-thumbnail","6":"product_cat-izdelki-za-menstruacijo","7":"product_cat-dodatki-izdelki-za-menstruacijo","8":"product_tag-dom-brez-odpadkov","9":"product_tag-pralni-vlozki","11":"first","12":"instock","13":"taxable","14":"shipping-taxable","15":"purchasable","16":"product-type-simple"},"yoast_head":"<!-- This site is optimized with the Yoast SEO plugin v26.3 - https:\/\/yoast.com\/wordpress\/plugins\/seo\/ -->\n<title>Dvodelna torbica M s trakom - za shranjevanje vlo\u017ekov - trgovina Iskreni<\/title>\n<meta name=\"description\" content=\"Dvodelna torbica M s trakom ima manj\u0161i in ve\u010dji \u017eep ter trak. Namenjena je za prena\u0161anje vlo\u017ekov, ko smo zdoma, trak pa lahko uporabite tudi za su\u0161enje.\" \/>\n<meta name=\"robots\" content=\"index, follow, max-snippet:-1, max-image-preview:large, max-video-preview:-1\" \/>\n<link rel=\"canonical\" href=\"https:\/\/www.iskreni.net\/trgovina\/product\/dvodelna-torbica-m-s-trakom\/\" \/>\n<meta property=\"og:locale\" content=\"sl_SI\" \/>\n<meta property=\"og:type\" content=\"article\" \/>\n<meta property=\"og:title\" content=\"Dvodelna torbica M s trakom - za shranjevanje vlo\u017ekov - trgovina Iskreni\" \/>\n<meta property=\"og:description\" content=\"Dvodelna torbica M s trakom ima manj\u0161i in ve\u010dji \u017eep ter trak. Namenjena je za prena\u0161anje vlo\u017ekov, ko smo zdoma, trak pa lahko uporabite tudi za su\u0161enje.\" \/>\n<meta property=\"og:url\" content=\"https:\/\/www.iskreni.net\/trgovina\/product\/dvodelna-torbica-m-s-trakom\/\" \/>\n<meta property=\"og:site_name\" content=\"Zavod Iskreni\" \/>\n<meta property=\"article:modified_time\" content=\"2026-04-21T07:41:13+00:00\" \/>\n<meta property=\"og:image\" content=\"https:\/\/www.iskreni.net\/trgovina\/wp-content\/uploads\/2017\/02\/588-31-torbica_racman_za_vlozke_3-3691d0db87888d66.jpeg\" \/>\n\t<meta property=\"og:image:width\" content=\"370\" \/>\n\t<meta property=\"og:image:height\" content=\"370\" \/>\n\t<meta property=\"og:image:type\" content=\"image\/jpeg\" \/>\n<meta name=\"twitter:card\" content=\"summary_large_image\" \/>\n<meta name=\"twitter:label1\" content=\"Est. reading time\" \/>\n\t<meta name=\"twitter:data1\" content=\"1 minuta\" \/>\n<script type=\"application\/ld+json\" class=\"yoast-schema-graph\">{\"@context\":\"https:\/\/schema.org\",\"@graph\":[{\"@type\":\"WebPage\",\"@id\":\"https:\/\/www.iskreni.net\/trgovina\/product\/dvodelna-torbica-m-s-trakom\/\",\"url\":\"https:\/\/www.iskreni.net\/trgovina\/product\/dvodelna-torbica-m-s-trakom\/\",\"name\":\"Dvodelna torbica M s trakom - za shranjevanje vlo\u017ekov - trgovina Iskreni\",\"isPartOf\":{\"@id\":\"https:\/\/www.iskreni.net\/trgovina\/#website\"},\"primaryImageOfPage\":{\"@id\":\"https:\/\/www.iskreni.net\/trgovina\/product\/dvodelna-torbica-m-s-trakom\/#primaryimage\"},\"image\":{\"@id\":\"https:\/\/www.iskreni.net\/trgovina\/product\/dvodelna-torbica-m-s-trakom\/#primaryimage\"},\"thumbnailUrl\":\"https:\/\/www.iskreni.net\/trgovina\/wp-content\/uploads\/2017\/02\/588-31-torbica_racman_za_vlozke_3-3691d0db87888d66.jpeg\",\"datePublished\":\"2017-02-07T13:22:16+00:00\",\"dateModified\":\"2026-04-21T07:41:13+00:00\",\"description\":\"Dvodelna torbica M s trakom ima manj\u0161i in ve\u010dji \u017eep ter trak. Namenjena je za prena\u0161anje vlo\u017ekov, ko smo zdoma, trak pa lahko uporabite tudi za su\u0161enje.\",\"breadcrumb\":{\"@id\":\"https:\/\/www.iskreni.net\/trgovina\/product\/dvodelna-torbica-m-s-trakom\/#breadcrumb\"},\"inLanguage\":\"sl-SI\",\"potentialAction\":[{\"@type\":\"ReadAction\",\"target\":[\"https:\/\/www.iskreni.net\/trgovina\/product\/dvodelna-torbica-m-s-trakom\/\"]}]},{\"@type\":\"ImageObject\",\"inLanguage\":\"sl-SI\",\"@id\":\"https:\/\/www.iskreni.net\/trgovina\/product\/dvodelna-torbica-m-s-trakom\/#primaryimage\",\"url\":\"https:\/\/www.iskreni.net\/trgovina\/wp-content\/uploads\/2017\/02\/588-31-torbica_racman_za_vlozke_3-3691d0db87888d66.jpeg\",\"contentUrl\":\"https:\/\/www.iskreni.net\/trgovina\/wp-content\/uploads\/2017\/02\/588-31-torbica_racman_za_vlozke_3-3691d0db87888d66.jpeg\",\"width\":370,\"height\":370},{\"@type\":\"BreadcrumbList\",\"@id\":\"https:\/\/www.iskreni.net\/trgovina\/product\/dvodelna-torbica-m-s-trakom\/#breadcrumb\",\"itemListElement\":[{\"@type\":\"ListItem\",\"position\":1,\"name\":\"Home\",\"item\":\"https:\/\/www.iskreni.net\/trgovina\/\"},{\"@type\":\"ListItem\",\"position\":2,\"name\":\"Trgovina\",\"item\":\"https:\/\/www.iskreni.net\/trgovina\/trgovina\/\"},{\"@type\":\"ListItem\",\"position\":3,\"name\":\"Dvodelna torbica M s trakom\"}]},{\"@type\":\"WebSite\",\"@id\":\"https:\/\/www.iskreni.net\/trgovina\/#website\",\"url\":\"https:\/\/www.iskreni.net\/trgovina\/\",\"name\":\"Zavod Iskreni\",\"description\":\"trgovina\",\"potentialAction\":[{\"@type\":\"SearchAction\",\"target\":{\"@type\":\"EntryPoint\",\"urlTemplate\":\"https:\/\/www.iskreni.net\/trgovina\/?s={search_term_string}\"},\"query-input\":{\"@type\":\"PropertyValueSpecification\",\"valueRequired\":true,\"valueName\":\"search_term_string\"}}],\"inLanguage\":\"sl-SI\"}]}<\/script>\n<!-- \/ Yoast SEO plugin. -->","yoast_head_json":{"title":"Dvodelna torbica M s trakom - za shranjevanje vlo\u017ekov - trgovina Iskreni","description":"Dvodelna torbica M s trakom ima manj\u0161i in ve\u010dji \u017eep ter trak. Namenjena je za prena\u0161anje vlo\u017ekov, ko smo zdoma, trak pa lahko uporabite tudi za su\u0161enje.","robots":{"index":"index","follow":"follow","max-snippet":"max-snippet:-1","max-image-preview":"max-image-preview:large","max-video-preview":"max-video-preview:-1"},"canonical":"https:\/\/www.iskreni.net\/trgovina\/product\/dvodelna-torbica-m-s-trakom\/","og_locale":"sl_SI","og_type":"article","og_title":"Dvodelna torbica M s trakom - za shranjevanje vlo\u017ekov - trgovina Iskreni","og_description":"Dvodelna torbica M s trakom ima manj\u0161i in ve\u010dji \u017eep ter trak. Namenjena je za prena\u0161anje vlo\u017ekov, ko smo zdoma, trak pa lahko uporabite tudi za su\u0161enje.","og_url":"https:\/\/www.iskreni.net\/trgovina\/product\/dvodelna-torbica-m-s-trakom\/","og_site_name":"Zavod Iskreni","article_modified_time":"2026-04-21T07:41:13+00:00","og_image":[{"width":370,"height":370,"url":"https:\/\/www.iskreni.net\/trgovina\/wp-content\/uploads\/2017\/02\/588-31-torbica_racman_za_vlozke_3-3691d0db87888d66.jpeg","type":"image\/jpeg"}],"twitter_card":"summary_large_image","twitter_misc":{"Est. reading time":"1 minuta"},"schema":{"@context":"https:\/\/schema.org","@graph":[{"@type":"WebPage","@id":"https:\/\/www.iskreni.net\/trgovina\/product\/dvodelna-torbica-m-s-trakom\/","url":"https:\/\/www.iskreni.net\/trgovina\/product\/dvodelna-torbica-m-s-trakom\/","name":"Dvodelna torbica M s trakom - za shranjevanje vlo\u017ekov - trgovina Iskreni","isPartOf":{"@id":"https:\/\/www.iskreni.net\/trgovina\/#website"},"primaryImageOfPage":{"@id":"https:\/\/www.iskreni.net\/trgovina\/product\/dvodelna-torbica-m-s-trakom\/#primaryimage"},"image":{"@id":"https:\/\/www.iskreni.net\/trgovina\/product\/dvodelna-torbica-m-s-trakom\/#primaryimage"},"thumbnailUrl":"https:\/\/www.iskreni.net\/trgovina\/wp-content\/uploads\/2017\/02\/588-31-torbica_racman_za_vlozke_3-3691d0db87888d66.jpeg","datePublished":"2017-02-07T13:22:16+00:00","dateModified":"2026-04-21T07:41:13+00:00","description":"Dvodelna torbica M s trakom ima manj\u0161i in ve\u010dji \u017eep ter trak. Namenjena je za prena\u0161anje vlo\u017ekov, ko smo zdoma, trak pa lahko uporabite tudi za su\u0161enje.","breadcrumb":{"@id":"https:\/\/www.iskreni.net\/trgovina\/product\/dvodelna-torbica-m-s-trakom\/#breadcrumb"},"inLanguage":"sl-SI","potentialAction":[{"@type":"ReadAction","target":["https:\/\/www.iskreni.net\/trgovina\/product\/dvodelna-torbica-m-s-trakom\/"]}]},{"@type":"ImageObject","inLanguage":"sl-SI","@id":"https:\/\/www.iskreni.net\/trgovina\/product\/dvodelna-torbica-m-s-trakom\/#primaryimage","url":"https:\/\/www.iskreni.net\/trgovina\/wp-content\/uploads\/2017\/02\/588-31-torbica_racman_za_vlozke_3-3691d0db87888d66.jpeg","contentUrl":"https:\/\/www.iskreni.net\/trgovina\/wp-content\/uploads\/2017\/02\/588-31-torbica_racman_za_vlozke_3-3691d0db87888d66.jpeg","width":370,"height":370},{"@type":"BreadcrumbList","@id":"https:\/\/www.iskreni.net\/trgovina\/product\/dvodelna-torbica-m-s-trakom\/#breadcrumb","itemListElement":[{"@type":"ListItem","position":1,"name":"Home","item":"https:\/\/www.iskreni.net\/trgovina\/"},{"@type":"ListItem","position":2,"name":"Trgovina","item":"https:\/\/www.iskreni.net\/trgovina\/trgovina\/"},{"@type":"ListItem","position":3,"name":"Dvodelna torbica M s trakom"}]},{"@type":"WebSite","@id":"https:\/\/www.iskreni.net\/trgovina\/#website","url":"https:\/\/www.iskreni.net\/trgovina\/","name":"Zavod Iskreni","description":"trgovina","potentialAction":[{"@type":"SearchAction","target":{"@type":"EntryPoint","urlTemplate":"https:\/\/www.iskreni.net\/trgovina\/?s={search_term_string}"},"query-input":{"@type":"PropertyValueSpecification","valueRequired":true,"valueName":"search_term_string"}}],"inLanguage":"sl-SI"}]}},"_links":{"self":[{"href":"https:\/\/www.iskreni.net\/trgovina\/wp-json\/wp\/v2\/product\/2958","targetHints":{"allow":["GET"]}}],"collection":[{"href":"https:\/\/www.iskreni.net\/trgovina\/wp-json\/wp\/v2\/product"}],"about":[{"href":"https:\/\/www.iskreni.net\/trgovina\/wp-json\/wp\/v2\/types\/product"}],"replies":[{"embeddable":true,"href":"https:\/\/www.iskreni.net\/trgovina\/wp-json\/wp\/v2\/comments?post=2958"}],"version-history":[{"count":1,"href":"https:\/\/www.iskreni.net\/trgovina\/wp-json\/wp\/v2\/product\/2958\/revisions"}],"predecessor-version":[{"id":51687,"href":"https:\/\/www.iskreni.net\/trgovina\/wp-json\/wp\/v2\/product\/2958\/revisions\/51687"}],"wp:featuredmedia":[{"embeddable":true,"href":"https:\/\/www.iskreni.net\/trgovina\/wp-json\/wp\/v2\/media\/51684"}],"wp:attachment":[{"href":"https:\/\/www.iskreni.net\/trgovina\/wp-json\/wp\/v2\/media?parent=2958"}],"wp:term":[{"taxonomy":"product_brand","embeddable":true,"href":"https:\/\/www.iskreni.net\/trgovina\/wp-json\/wp\/v2\/product_brand?post=2958"},{"taxonomy":"product_cat","embeddable":true,"href":"https:\/\/www.iskreni.net\/trgovina\/wp-json\/wp\/v2\/product_cat?post=2958"},{"taxonomy":"product_tag","embeddable":true,"href":"https:\/\/www.iskreni.net\/trgovina\/wp-json\/wp\/v2\/product_tag?post=2958"},{"taxonomy":"avtor","embeddable":true,"href":"https:\/\/www.iskreni.net\/trgovina\/wp-json\/wp\/v2\/avtor?post=2958"},{"taxonomy":"zalozba","embeddable":true,"href":"https:\/\/www.iskreni.net\/trgovina\/wp-json\/wp\/v2\/zalozba?post=2958"},{"taxonomy":"vezava","embeddable":true,"href":"https:\/\/www.iskreni.net\/trgovina\/wp-json\/wp\/v2\/vezava?post=2958"}],"curies":[{"name":"wp","href":"https:\/\/api.w.org\/{rel}","templated":true}]}}