{"id":2951,"date":"2017-02-07T13:56:19","date_gmt":"2017-02-07T12:56:19","guid":{"rendered":"https:\/\/www.iskreni.net\/trgovina\/?post_type=product&#038;p=2951"},"modified":"2020-03-20T14:54:07","modified_gmt":"2020-03-20T13:54:07","slug":"podaljsek-za-krilca","status":"publish","type":"product","link":"https:\/\/www.iskreni.net\/trgovina\/product\/podaljsek-za-krilca\/","title":{"rendered":"Podalj\u0161ek za krilca"},"content":{"rendered":"","protected":false},"excerpt":{"rendered":"<p>Podalj\u0161ek za krilca je namenjen za la\u017eje zapiranje vlo\u017eka, \u010de so spodnje hla\u010de zelo \u0161iroke. Podalj\u0161ek zapnete na pritiska\u010de krilc.<\/p>\n<p>Opomba: vlo\u017eek na fotografiji ni vklju\u010den v ceno (zgolj za la\u017ejo predstavo uporabe podalj\u0161ka).<\/p>\n","protected":false},"featured_media":2952,"comment_status":"open","ping_status":"closed","template":"","meta":[],"product_brand":[],"product_cat":[83,956],"product_tag":[],"avtor":[],"zalozba":[],"vezava":[],"class_list":{"0":"post-2951","1":"product","2":"type-product","3":"status-publish","4":"has-post-thumbnail","6":"product_cat-izdelki-za-menstruacijo","7":"product_cat-dodatki-izdelki-za-menstruacijo","9":"first","10":"instock","11":"taxable","12":"shipping-taxable","13":"purchasable","14":"product-type-simple"},"yoast_head":"<!-- This site is optimized with the Yoast SEO plugin v26.3 - https:\/\/yoast.com\/wordpress\/plugins\/seo\/ -->\n<title>Podalj\u0161ek za krilca - Zavod Iskreni<\/title>\n<meta name=\"robots\" content=\"index, follow, max-snippet:-1, max-image-preview:large, max-video-preview:-1\" \/>\n<link rel=\"canonical\" href=\"https:\/\/www.iskreni.net\/trgovina\/product\/podaljsek-za-krilca\/\" \/>\n<meta property=\"og:locale\" content=\"sl_SI\" \/>\n<meta property=\"og:type\" content=\"article\" \/>\n<meta property=\"og:title\" content=\"Podalj\u0161ek za krilca - Zavod Iskreni\" \/>\n<meta property=\"og:description\" content=\"Podalj\u0161ek za krilca je namenjen za la\u017eje zapiranje vlo\u017eka, \u010de so spodnje hla\u010de zelo \u0161iroke. Podalj\u0161ek zapnete na pritiska\u010de krilc.  Opomba: vlo\u017eek na fotografiji ni vklju\u010den v ceno (zgolj za la\u017ejo predstavo uporabe podalj\u0161ka).\" \/>\n<meta property=\"og:url\" content=\"https:\/\/www.iskreni.net\/trgovina\/product\/podaljsek-za-krilca\/\" \/>\n<meta property=\"og:site_name\" content=\"Zavod Iskreni\" \/>\n<meta property=\"article:modified_time\" content=\"2020-03-20T13:54:07+00:00\" \/>\n<meta property=\"og:image\" content=\"https:\/\/www.iskreni.net\/trgovina\/wp-content\/uploads\/2017\/02\/597-podaljsek_za_pralne_vlozke-83052aaaecf563d7.jpeg\" \/>\n\t<meta property=\"og:image:width\" content=\"505\" \/>\n\t<meta property=\"og:image:height\" content=\"370\" \/>\n\t<meta property=\"og:image:type\" content=\"image\/jpeg\" \/>\n<meta name=\"twitter:card\" content=\"summary_large_image\" \/>\n<script type=\"application\/ld+json\" class=\"yoast-schema-graph\">{\"@context\":\"https:\/\/schema.org\",\"@graph\":[{\"@type\":\"WebPage\",\"@id\":\"https:\/\/www.iskreni.net\/trgovina\/product\/podaljsek-za-krilca\/\",\"url\":\"https:\/\/www.iskreni.net\/trgovina\/product\/podaljsek-za-krilca\/\",\"name\":\"Podalj\u0161ek za krilca - Zavod Iskreni\",\"isPartOf\":{\"@id\":\"https:\/\/www.iskreni.net\/trgovina\/#website\"},\"primaryImageOfPage\":{\"@id\":\"https:\/\/www.iskreni.net\/trgovina\/product\/podaljsek-za-krilca\/#primaryimage\"},\"image\":{\"@id\":\"https:\/\/www.iskreni.net\/trgovina\/product\/podaljsek-za-krilca\/#primaryimage\"},\"thumbnailUrl\":\"https:\/\/www.iskreni.net\/trgovina\/wp-content\/uploads\/2017\/02\/597-podaljsek_za_pralne_vlozke-83052aaaecf563d7.jpeg\",\"datePublished\":\"2017-02-07T12:56:19+00:00\",\"dateModified\":\"2020-03-20T13:54:07+00:00\",\"breadcrumb\":{\"@id\":\"https:\/\/www.iskreni.net\/trgovina\/product\/podaljsek-za-krilca\/#breadcrumb\"},\"inLanguage\":\"sl-SI\",\"potentialAction\":[{\"@type\":\"ReadAction\",\"target\":[\"https:\/\/www.iskreni.net\/trgovina\/product\/podaljsek-za-krilca\/\"]}]},{\"@type\":\"ImageObject\",\"inLanguage\":\"sl-SI\",\"@id\":\"https:\/\/www.iskreni.net\/trgovina\/product\/podaljsek-za-krilca\/#primaryimage\",\"url\":\"https:\/\/www.iskreni.net\/trgovina\/wp-content\/uploads\/2017\/02\/597-podaljsek_za_pralne_vlozke-83052aaaecf563d7.jpeg\",\"contentUrl\":\"https:\/\/www.iskreni.net\/trgovina\/wp-content\/uploads\/2017\/02\/597-podaljsek_za_pralne_vlozke-83052aaaecf563d7.jpeg\",\"width\":505,\"height\":370},{\"@type\":\"BreadcrumbList\",\"@id\":\"https:\/\/www.iskreni.net\/trgovina\/product\/podaljsek-za-krilca\/#breadcrumb\",\"itemListElement\":[{\"@type\":\"ListItem\",\"position\":1,\"name\":\"Home\",\"item\":\"https:\/\/www.iskreni.net\/trgovina\/\"},{\"@type\":\"ListItem\",\"position\":2,\"name\":\"Trgovina\",\"item\":\"https:\/\/www.iskreni.net\/trgovina\/trgovina\/\"},{\"@type\":\"ListItem\",\"position\":3,\"name\":\"Podalj\u0161ek za krilca\"}]},{\"@type\":\"WebSite\",\"@id\":\"https:\/\/www.iskreni.net\/trgovina\/#website\",\"url\":\"https:\/\/www.iskreni.net\/trgovina\/\",\"name\":\"Zavod Iskreni\",\"description\":\"trgovina\",\"potentialAction\":[{\"@type\":\"SearchAction\",\"target\":{\"@type\":\"EntryPoint\",\"urlTemplate\":\"https:\/\/www.iskreni.net\/trgovina\/?s={search_term_string}\"},\"query-input\":{\"@type\":\"PropertyValueSpecification\",\"valueRequired\":true,\"valueName\":\"search_term_string\"}}],\"inLanguage\":\"sl-SI\"}]}<\/script>\n<!-- \/ Yoast SEO plugin. -->","yoast_head_json":{"title":"Podalj\u0161ek za krilca - Zavod Iskreni","robots":{"index":"index","follow":"follow","max-snippet":"max-snippet:-1","max-image-preview":"max-image-preview:large","max-video-preview":"max-video-preview:-1"},"canonical":"https:\/\/www.iskreni.net\/trgovina\/product\/podaljsek-za-krilca\/","og_locale":"sl_SI","og_type":"article","og_title":"Podalj\u0161ek za krilca - Zavod Iskreni","og_description":"Podalj\u0161ek za krilca je namenjen za la\u017eje zapiranje vlo\u017eka, \u010de so spodnje hla\u010de zelo \u0161iroke. Podalj\u0161ek zapnete na pritiska\u010de krilc.  Opomba: vlo\u017eek na fotografiji ni vklju\u010den v ceno (zgolj za la\u017ejo predstavo uporabe podalj\u0161ka).","og_url":"https:\/\/www.iskreni.net\/trgovina\/product\/podaljsek-za-krilca\/","og_site_name":"Zavod Iskreni","article_modified_time":"2020-03-20T13:54:07+00:00","og_image":[{"width":505,"height":370,"url":"https:\/\/www.iskreni.net\/trgovina\/wp-content\/uploads\/2017\/02\/597-podaljsek_za_pralne_vlozke-83052aaaecf563d7.jpeg","type":"image\/jpeg"}],"twitter_card":"summary_large_image","schema":{"@context":"https:\/\/schema.org","@graph":[{"@type":"WebPage","@id":"https:\/\/www.iskreni.net\/trgovina\/product\/podaljsek-za-krilca\/","url":"https:\/\/www.iskreni.net\/trgovina\/product\/podaljsek-za-krilca\/","name":"Podalj\u0161ek za krilca - Zavod Iskreni","isPartOf":{"@id":"https:\/\/www.iskreni.net\/trgovina\/#website"},"primaryImageOfPage":{"@id":"https:\/\/www.iskreni.net\/trgovina\/product\/podaljsek-za-krilca\/#primaryimage"},"image":{"@id":"https:\/\/www.iskreni.net\/trgovina\/product\/podaljsek-za-krilca\/#primaryimage"},"thumbnailUrl":"https:\/\/www.iskreni.net\/trgovina\/wp-content\/uploads\/2017\/02\/597-podaljsek_za_pralne_vlozke-83052aaaecf563d7.jpeg","datePublished":"2017-02-07T12:56:19+00:00","dateModified":"2020-03-20T13:54:07+00:00","breadcrumb":{"@id":"https:\/\/www.iskreni.net\/trgovina\/product\/podaljsek-za-krilca\/#breadcrumb"},"inLanguage":"sl-SI","potentialAction":[{"@type":"ReadAction","target":["https:\/\/www.iskreni.net\/trgovina\/product\/podaljsek-za-krilca\/"]}]},{"@type":"ImageObject","inLanguage":"sl-SI","@id":"https:\/\/www.iskreni.net\/trgovina\/product\/podaljsek-za-krilca\/#primaryimage","url":"https:\/\/www.iskreni.net\/trgovina\/wp-content\/uploads\/2017\/02\/597-podaljsek_za_pralne_vlozke-83052aaaecf563d7.jpeg","contentUrl":"https:\/\/www.iskreni.net\/trgovina\/wp-content\/uploads\/2017\/02\/597-podaljsek_za_pralne_vlozke-83052aaaecf563d7.jpeg","width":505,"height":370},{"@type":"BreadcrumbList","@id":"https:\/\/www.iskreni.net\/trgovina\/product\/podaljsek-za-krilca\/#breadcrumb","itemListElement":[{"@type":"ListItem","position":1,"name":"Home","item":"https:\/\/www.iskreni.net\/trgovina\/"},{"@type":"ListItem","position":2,"name":"Trgovina","item":"https:\/\/www.iskreni.net\/trgovina\/trgovina\/"},{"@type":"ListItem","position":3,"name":"Podalj\u0161ek za krilca"}]},{"@type":"WebSite","@id":"https:\/\/www.iskreni.net\/trgovina\/#website","url":"https:\/\/www.iskreni.net\/trgovina\/","name":"Zavod Iskreni","description":"trgovina","potentialAction":[{"@type":"SearchAction","target":{"@type":"EntryPoint","urlTemplate":"https:\/\/www.iskreni.net\/trgovina\/?s={search_term_string}"},"query-input":{"@type":"PropertyValueSpecification","valueRequired":true,"valueName":"search_term_string"}}],"inLanguage":"sl-SI"}]}},"_links":{"self":[{"href":"https:\/\/www.iskreni.net\/trgovina\/wp-json\/wp\/v2\/product\/2951","targetHints":{"allow":["GET"]}}],"collection":[{"href":"https:\/\/www.iskreni.net\/trgovina\/wp-json\/wp\/v2\/product"}],"about":[{"href":"https:\/\/www.iskreni.net\/trgovina\/wp-json\/wp\/v2\/types\/product"}],"replies":[{"embeddable":true,"href":"https:\/\/www.iskreni.net\/trgovina\/wp-json\/wp\/v2\/comments?post=2951"}],"version-history":[{"count":0,"href":"https:\/\/www.iskreni.net\/trgovina\/wp-json\/wp\/v2\/product\/2951\/revisions"}],"wp:featuredmedia":[{"embeddable":true,"href":"https:\/\/www.iskreni.net\/trgovina\/wp-json\/wp\/v2\/media\/2952"}],"wp:attachment":[{"href":"https:\/\/www.iskreni.net\/trgovina\/wp-json\/wp\/v2\/media?parent=2951"}],"wp:term":[{"taxonomy":"product_brand","embeddable":true,"href":"https:\/\/www.iskreni.net\/trgovina\/wp-json\/wp\/v2\/product_brand?post=2951"},{"taxonomy":"product_cat","embeddable":true,"href":"https:\/\/www.iskreni.net\/trgovina\/wp-json\/wp\/v2\/product_cat?post=2951"},{"taxonomy":"product_tag","embeddable":true,"href":"https:\/\/www.iskreni.net\/trgovina\/wp-json\/wp\/v2\/product_tag?post=2951"},{"taxonomy":"avtor","embeddable":true,"href":"https:\/\/www.iskreni.net\/trgovina\/wp-json\/wp\/v2\/avtor?post=2951"},{"taxonomy":"zalozba","embeddable":true,"href":"https:\/\/www.iskreni.net\/trgovina\/wp-json\/wp\/v2\/zalozba?post=2951"},{"taxonomy":"vezava","embeddable":true,"href":"https:\/\/www.iskreni.net\/trgovina\/wp-json\/wp\/v2\/vezava?post=2951"}],"curies":[{"name":"wp","href":"https:\/\/api.w.org\/{rel}","templated":true}]}}