{"id":2700,"date":"2016-12-06T16:05:55","date_gmt":"2016-12-06T15:05:55","guid":{"rendered":"https:\/\/www.iskreni.net\/trgovina\/?post_type=product&#038;p=2700"},"modified":"2026-02-20T11:31:53","modified_gmt":"2026-02-20T10:31:53","slug":"trdno-stoj","status":"publish","type":"product","link":"https:\/\/www.iskreni.net\/trgovina\/product\/trdno-stoj\/","title":{"rendered":"Trdno stoj"},"content":{"rendered":"<p><em>Brez rok, brez nog in brez obrambe je bil Nick Vujicic tar\u010da nasilne\u017eev, zaradi \u010desar ve, kaj pomeni, ko se spravljajo nate in te preganjajo naokoli: postane ti slabo, ima\u0161 no\u010dne more in ob\u010dutek, da zate ni upanja.<\/em><\/p>\n<p>&nbsp;<\/p>\n<p>Ugotovi, kako:<\/p>\n<ul>\n<li>spremeniti nasilje v krasno prilo\u017enost (da, resni\u010dno!),<\/li>\n<li>ustvariti varno obmo\u010dje znotraj sebe,<\/li>\n<li>vzpostaviti trdne vrednote, ki jih noben nasilne\u017e ne bo mogel omajati,<\/li>\n<li>opraviti s spletnimi nasilne\u017ei,<\/li>\n<li>postaviti duhovne temelje, da bo\u0161 ob nasilju lahko ostal mo\u010dan,<\/li>\n<li>opazovati svoja \u010dustva ter nadzorovati odziv nanje,<\/li>\n<li>pomagati drugim, ki so \u017ertve nasilja.<\/li>\n<\/ul>\n<p>&nbsp;<\/p>\n<p>NICK VUJICIC je avtor mednarodnih uspe\u0161nic in uspe\u0161nic New York Times-a, evangelist, motivacijski govornik ter vodja neprofitne organizacije Life Without Limbs. V svojih govorih o premagovanju ovir, doseganju sanj in o tem, da nikoli ne obupa\u0161, je Nick navdu\u0161il milijone ljudi vseh starosti po vsem svetu. Po dolgih letih bivanja v Avstraliji \u017eivi Nick sedaj s svojo \u017eeno Kanae in njunim sinim Kiyoshijem v Ju\u017eni Kaliforniji. Obi\u0161\u010di njegovo spletno stran www.NickVujicic.com.<\/p>\n","protected":false},"excerpt":{"rendered":"<p><strong>Prevod:<\/strong> Nina Petelin\u0161ek Munoz<br \/>\n<strong>Leto izdaje:<\/strong> 2016<br \/>\n<strong>\u0160tevilo strani:<\/strong> 218<\/p>\n<p>&nbsp;<\/p>\n<p><strong>Lahko premaga\u0161 nasilje<\/strong> (<em>in druge stvari, ki te vle\u010dejo na dno<\/em>)<\/p>\n<p><strong>Nick Vujicic<\/strong> &#8211; avtor uspe\u0161nice New York Times-a <em>Neustavljiv<\/em><\/p>\n<p>Se soo\u010da\u0161 z ne\u017eeleno pozornostjo nasilne\u017ea? to preizku\u0161njo lahko prestane\u0161, saj ima\u0161 nad svojimi \u010dustvi in \u017eivljenjem veliko ve\u010djo mo\u010d, kot si misli\u0161! Samo vpra\u0161aj Nicka &#8211; \u010dloveka, ki nima rok in nog &#8230; ima pa noro dobro \u017eivljenje.<\/p>\n<p>Nick je zato, ker je &#8216;druga\u010den&#8217;, izkusil vsakovrstno nasilje. Vendar se je nau\u010dil, da mu ni treba igrati nasilne\u017eev igre &#8211; in tebi prav tako ne. V knjigi Trdno stoj Nick predstavlja strategije za razvoj &#8216;obrambnega sistema proti nasiju&#8217;, da bo\u0161 lahko opravil z vsakovrstnimi nasilne\u017ei, tako da svojo mo\u010d gradi\u0161 od znotraj navzven.<\/p>\n<p>&nbsp;<\/p>\n","protected":false},"featured_media":2701,"comment_status":"open","ping_status":"closed","template":"","meta":[],"product_brand":[],"product_cat":[2324,63],"product_tag":[],"avtor":[2693],"zalozba":[2343],"vezava":[],"class_list":{"0":"post-2700","1":"product","2":"type-product","3":"status-publish","4":"has-post-thumbnail","6":"product_cat-duhovnost-in-osebna-rast","7":"product_cat-knjige","8":"avtor-nick-vujicic","9":"zalozba-zazivi-zivljenje","11":"first","12":"instock","13":"taxable","14":"shipping-taxable","15":"purchasable","16":"product-type-variable"},"yoast_head":"<!-- This site is optimized with the Yoast SEO plugin v26.3 - https:\/\/yoast.com\/wordpress\/plugins\/seo\/ -->\n<title>Trdno stoj - Zavod Iskreni<\/title>\n<meta name=\"description\" content=\"Brez rok, brez nog in brez obrambe je bil Nick Vujicic tar\u010da nasilne\u017eev, zaradi \u010desar ve, kaj pomeni, ko se spravljajo nate in te preganjajo naokoli.\" \/>\n<meta name=\"robots\" content=\"index, follow, max-snippet:-1, max-image-preview:large, max-video-preview:-1\" \/>\n<link rel=\"canonical\" href=\"https:\/\/www.iskreni.net\/trgovina\/product\/trdno-stoj\/\" \/>\n<meta property=\"og:locale\" content=\"sl_SI\" \/>\n<meta property=\"og:type\" content=\"article\" \/>\n<meta property=\"og:title\" content=\"Trdno stoj - Zavod Iskreni\" \/>\n<meta property=\"og:description\" content=\"Brez rok, brez nog in brez obrambe je bil Nick Vujicic tar\u010da nasilne\u017eev, zaradi \u010desar ve, kaj pomeni, ko se spravljajo nate in te preganjajo naokoli.\" \/>\n<meta property=\"og:url\" content=\"https:\/\/www.iskreni.net\/trgovina\/product\/trdno-stoj\/\" \/>\n<meta property=\"og:site_name\" content=\"Zavod Iskreni\" \/>\n<meta property=\"article:modified_time\" content=\"2026-02-20T10:31:53+00:00\" \/>\n<meta property=\"og:image\" content=\"https:\/\/www.iskreni.net\/trgovina\/wp-content\/uploads\/2016\/12\/knjiga-trdno-stoj.jpeg\" \/>\n\t<meta property=\"og:image:width\" content=\"427\" \/>\n\t<meta property=\"og:image:height\" content=\"640\" \/>\n\t<meta property=\"og:image:type\" content=\"image\/jpeg\" \/>\n<meta name=\"twitter:card\" content=\"summary_large_image\" \/>\n<meta name=\"twitter:label1\" content=\"Est. reading time\" \/>\n\t<meta name=\"twitter:data1\" content=\"2 minuti\" \/>\n<script type=\"application\/ld+json\" class=\"yoast-schema-graph\">{\"@context\":\"https:\/\/schema.org\",\"@graph\":[{\"@type\":\"WebPage\",\"@id\":\"https:\/\/www.iskreni.net\/trgovina\/product\/trdno-stoj\/\",\"url\":\"https:\/\/www.iskreni.net\/trgovina\/product\/trdno-stoj\/\",\"name\":\"Trdno stoj - Zavod Iskreni\",\"isPartOf\":{\"@id\":\"https:\/\/www.iskreni.net\/trgovina\/#website\"},\"primaryImageOfPage\":{\"@id\":\"https:\/\/www.iskreni.net\/trgovina\/product\/trdno-stoj\/#primaryimage\"},\"image\":{\"@id\":\"https:\/\/www.iskreni.net\/trgovina\/product\/trdno-stoj\/#primaryimage\"},\"thumbnailUrl\":\"https:\/\/www.iskreni.net\/trgovina\/wp-content\/uploads\/2016\/12\/knjiga-trdno-stoj.jpeg\",\"datePublished\":\"2016-12-06T15:05:55+00:00\",\"dateModified\":\"2026-02-20T10:31:53+00:00\",\"description\":\"Brez rok, brez nog in brez obrambe je bil Nick Vujicic tar\u010da nasilne\u017eev, zaradi \u010desar ve, kaj pomeni, ko se spravljajo nate in te preganjajo naokoli.\",\"breadcrumb\":{\"@id\":\"https:\/\/www.iskreni.net\/trgovina\/product\/trdno-stoj\/#breadcrumb\"},\"inLanguage\":\"sl-SI\",\"potentialAction\":[{\"@type\":\"ReadAction\",\"target\":[\"https:\/\/www.iskreni.net\/trgovina\/product\/trdno-stoj\/\"]}]},{\"@type\":\"ImageObject\",\"inLanguage\":\"sl-SI\",\"@id\":\"https:\/\/www.iskreni.net\/trgovina\/product\/trdno-stoj\/#primaryimage\",\"url\":\"https:\/\/www.iskreni.net\/trgovina\/wp-content\/uploads\/2016\/12\/knjiga-trdno-stoj.jpeg\",\"contentUrl\":\"https:\/\/www.iskreni.net\/trgovina\/wp-content\/uploads\/2016\/12\/knjiga-trdno-stoj.jpeg\",\"width\":427,\"height\":640},{\"@type\":\"BreadcrumbList\",\"@id\":\"https:\/\/www.iskreni.net\/trgovina\/product\/trdno-stoj\/#breadcrumb\",\"itemListElement\":[{\"@type\":\"ListItem\",\"position\":1,\"name\":\"Home\",\"item\":\"https:\/\/www.iskreni.net\/trgovina\/\"},{\"@type\":\"ListItem\",\"position\":2,\"name\":\"Trgovina\",\"item\":\"https:\/\/www.iskreni.net\/trgovina\/trgovina\/\"},{\"@type\":\"ListItem\",\"position\":3,\"name\":\"Trdno stoj\"}]},{\"@type\":\"WebSite\",\"@id\":\"https:\/\/www.iskreni.net\/trgovina\/#website\",\"url\":\"https:\/\/www.iskreni.net\/trgovina\/\",\"name\":\"Zavod Iskreni\",\"description\":\"trgovina\",\"potentialAction\":[{\"@type\":\"SearchAction\",\"target\":{\"@type\":\"EntryPoint\",\"urlTemplate\":\"https:\/\/www.iskreni.net\/trgovina\/?s={search_term_string}\"},\"query-input\":{\"@type\":\"PropertyValueSpecification\",\"valueRequired\":true,\"valueName\":\"search_term_string\"}}],\"inLanguage\":\"sl-SI\"}]}<\/script>\n<!-- \/ Yoast SEO plugin. -->","yoast_head_json":{"title":"Trdno stoj - Zavod Iskreni","description":"Brez rok, brez nog in brez obrambe je bil Nick Vujicic tar\u010da nasilne\u017eev, zaradi \u010desar ve, kaj pomeni, ko se spravljajo nate in te preganjajo naokoli.","robots":{"index":"index","follow":"follow","max-snippet":"max-snippet:-1","max-image-preview":"max-image-preview:large","max-video-preview":"max-video-preview:-1"},"canonical":"https:\/\/www.iskreni.net\/trgovina\/product\/trdno-stoj\/","og_locale":"sl_SI","og_type":"article","og_title":"Trdno stoj - Zavod Iskreni","og_description":"Brez rok, brez nog in brez obrambe je bil Nick Vujicic tar\u010da nasilne\u017eev, zaradi \u010desar ve, kaj pomeni, ko se spravljajo nate in te preganjajo naokoli.","og_url":"https:\/\/www.iskreni.net\/trgovina\/product\/trdno-stoj\/","og_site_name":"Zavod Iskreni","article_modified_time":"2026-02-20T10:31:53+00:00","og_image":[{"width":427,"height":640,"url":"https:\/\/www.iskreni.net\/trgovina\/wp-content\/uploads\/2016\/12\/knjiga-trdno-stoj.jpeg","type":"image\/jpeg"}],"twitter_card":"summary_large_image","twitter_misc":{"Est. reading time":"2 minuti"},"schema":{"@context":"https:\/\/schema.org","@graph":[{"@type":"WebPage","@id":"https:\/\/www.iskreni.net\/trgovina\/product\/trdno-stoj\/","url":"https:\/\/www.iskreni.net\/trgovina\/product\/trdno-stoj\/","name":"Trdno stoj - Zavod Iskreni","isPartOf":{"@id":"https:\/\/www.iskreni.net\/trgovina\/#website"},"primaryImageOfPage":{"@id":"https:\/\/www.iskreni.net\/trgovina\/product\/trdno-stoj\/#primaryimage"},"image":{"@id":"https:\/\/www.iskreni.net\/trgovina\/product\/trdno-stoj\/#primaryimage"},"thumbnailUrl":"https:\/\/www.iskreni.net\/trgovina\/wp-content\/uploads\/2016\/12\/knjiga-trdno-stoj.jpeg","datePublished":"2016-12-06T15:05:55+00:00","dateModified":"2026-02-20T10:31:53+00:00","description":"Brez rok, brez nog in brez obrambe je bil Nick Vujicic tar\u010da nasilne\u017eev, zaradi \u010desar ve, kaj pomeni, ko se spravljajo nate in te preganjajo naokoli.","breadcrumb":{"@id":"https:\/\/www.iskreni.net\/trgovina\/product\/trdno-stoj\/#breadcrumb"},"inLanguage":"sl-SI","potentialAction":[{"@type":"ReadAction","target":["https:\/\/www.iskreni.net\/trgovina\/product\/trdno-stoj\/"]}]},{"@type":"ImageObject","inLanguage":"sl-SI","@id":"https:\/\/www.iskreni.net\/trgovina\/product\/trdno-stoj\/#primaryimage","url":"https:\/\/www.iskreni.net\/trgovina\/wp-content\/uploads\/2016\/12\/knjiga-trdno-stoj.jpeg","contentUrl":"https:\/\/www.iskreni.net\/trgovina\/wp-content\/uploads\/2016\/12\/knjiga-trdno-stoj.jpeg","width":427,"height":640},{"@type":"BreadcrumbList","@id":"https:\/\/www.iskreni.net\/trgovina\/product\/trdno-stoj\/#breadcrumb","itemListElement":[{"@type":"ListItem","position":1,"name":"Home","item":"https:\/\/www.iskreni.net\/trgovina\/"},{"@type":"ListItem","position":2,"name":"Trgovina","item":"https:\/\/www.iskreni.net\/trgovina\/trgovina\/"},{"@type":"ListItem","position":3,"name":"Trdno stoj"}]},{"@type":"WebSite","@id":"https:\/\/www.iskreni.net\/trgovina\/#website","url":"https:\/\/www.iskreni.net\/trgovina\/","name":"Zavod Iskreni","description":"trgovina","potentialAction":[{"@type":"SearchAction","target":{"@type":"EntryPoint","urlTemplate":"https:\/\/www.iskreni.net\/trgovina\/?s={search_term_string}"},"query-input":{"@type":"PropertyValueSpecification","valueRequired":true,"valueName":"search_term_string"}}],"inLanguage":"sl-SI"}]}},"_links":{"self":[{"href":"https:\/\/www.iskreni.net\/trgovina\/wp-json\/wp\/v2\/product\/2700","targetHints":{"allow":["GET"]}}],"collection":[{"href":"https:\/\/www.iskreni.net\/trgovina\/wp-json\/wp\/v2\/product"}],"about":[{"href":"https:\/\/www.iskreni.net\/trgovina\/wp-json\/wp\/v2\/types\/product"}],"replies":[{"embeddable":true,"href":"https:\/\/www.iskreni.net\/trgovina\/wp-json\/wp\/v2\/comments?post=2700"}],"version-history":[{"count":3,"href":"https:\/\/www.iskreni.net\/trgovina\/wp-json\/wp\/v2\/product\/2700\/revisions"}],"predecessor-version":[{"id":72700,"href":"https:\/\/www.iskreni.net\/trgovina\/wp-json\/wp\/v2\/product\/2700\/revisions\/72700"}],"wp:featuredmedia":[{"embeddable":true,"href":"https:\/\/www.iskreni.net\/trgovina\/wp-json\/wp\/v2\/media\/2701"}],"wp:attachment":[{"href":"https:\/\/www.iskreni.net\/trgovina\/wp-json\/wp\/v2\/media?parent=2700"}],"wp:term":[{"taxonomy":"product_brand","embeddable":true,"href":"https:\/\/www.iskreni.net\/trgovina\/wp-json\/wp\/v2\/product_brand?post=2700"},{"taxonomy":"product_cat","embeddable":true,"href":"https:\/\/www.iskreni.net\/trgovina\/wp-json\/wp\/v2\/product_cat?post=2700"},{"taxonomy":"product_tag","embeddable":true,"href":"https:\/\/www.iskreni.net\/trgovina\/wp-json\/wp\/v2\/product_tag?post=2700"},{"taxonomy":"avtor","embeddable":true,"href":"https:\/\/www.iskreni.net\/trgovina\/wp-json\/wp\/v2\/avtor?post=2700"},{"taxonomy":"zalozba","embeddable":true,"href":"https:\/\/www.iskreni.net\/trgovina\/wp-json\/wp\/v2\/zalozba?post=2700"},{"taxonomy":"vezava","embeddable":true,"href":"https:\/\/www.iskreni.net\/trgovina\/wp-json\/wp\/v2\/vezava?post=2700"}],"curies":[{"name":"wp","href":"https:\/\/api.w.org\/{rel}","templated":true}]}}