{"id":2535,"date":"2016-11-29T16:08:12","date_gmt":"2016-11-29T15:08:12","guid":{"rendered":"https:\/\/www.iskreni.net\/trgovina\/?post_type=product&#038;p=2535"},"modified":"2023-10-13T14:13:09","modified_gmt":"2023-10-13T12:13:09","slug":"plenicne-predloge-v-skatlici","status":"publish","type":"product","link":"https:\/\/www.iskreni.net\/trgovina\/product\/plenicne-predloge-v-skatlici\/","title":{"rendered":"Pleni\u010dne predloge v \u0161katlici"},"content":{"rendered":"<p><strong>Opis:<\/strong><\/p>\n<ul>\n<li>100 kosov velikosti 36 x 24 cm<\/li>\n<li>z njimi blato s plenice preprosto odstranimo<\/li>\n<li>zelo mehke in tanke, zato primernej\u0161e za tr\u0161e blato<\/li>\n<li>mokroto hitro prepu\u0161\u010dajo v plenico, zato ima otrok ve\u010dji ob\u010dutek suhosti<\/li>\n<li>polo\u017eimo jo na vrh plenice oz. vlo\u017eka<\/li>\n<li>lahko jih uporabljamo tudi za brisanje<\/li>\n<li>po uporabi jih lahko odvr\u017eemo\u00a0med me\u0161ane komunalne odpadke<\/li>\n<\/ul>\n<p><strong>Material:<\/strong><\/p>\n<ul>\n<li>naravna vlakna (viskoza), 80-odstotno biorazgradljivo<\/li>\n<li>23 g\/m2<\/li>\n<\/ul>\n<p><strong>Vzdr\u017eevanje:<\/strong><\/p>\n<ul>\n<li>so razgradljive in namenjene za enkratno uporabo; \u010de so le mokre pa so dovolj mo\u010dne, da jih po \u017eelji nekajkrat lahko tudi operemo z obi\u010dajnim perilom in ponovno uporabimo<\/li>\n<\/ul>\n<p><strong>Poreklo:<\/strong><\/p>\n<ul>\n<li>izdelano v EU<\/li>\n<li>Popolini, Wien<\/li>\n<\/ul>\n","protected":false},"excerpt":{"rendered":"<p><strong>100 kosov<\/strong>. Laj\u0161ajo pranje pokakanih plenic mal\u010dkov<\/p>\n","protected":false},"featured_media":2536,"comment_status":"open","ping_status":"closed","template":"","meta":[],"product_brand":[],"product_cat":[62,69],"product_tag":[],"avtor":[],"zalozba":[],"vezava":[],"class_list":{"0":"post-2535","1":"product","2":"type-product","3":"status-publish","4":"has-post-thumbnail","6":"product_cat-za-najmlajse","7":"product_cat-dodatki","9":"first","10":"onbackorder","11":"taxable","12":"shipping-taxable","13":"purchasable","14":"product-type-simple"},"yoast_head":"<!-- This site is optimized with the Yoast SEO plugin v26.3 - https:\/\/yoast.com\/wordpress\/plugins\/seo\/ -->\n<title>Pleni\u010dne predloge v \u0161katlici - Zavod Iskreni<\/title>\n<meta name=\"robots\" content=\"index, follow, max-snippet:-1, max-image-preview:large, max-video-preview:-1\" \/>\n<link rel=\"canonical\" href=\"https:\/\/www.iskreni.net\/trgovina\/product\/plenicne-predloge-v-skatlici\/\" \/>\n<meta property=\"og:locale\" content=\"sl_SI\" \/>\n<meta property=\"og:type\" content=\"article\" \/>\n<meta property=\"og:title\" content=\"Pleni\u010dne predloge v \u0161katlici - Zavod Iskreni\" \/>\n<meta property=\"og:description\" content=\"100 kosov. Laj\u0161ajo pranje pokakanih plenic mal\u010dkov\" \/>\n<meta property=\"og:url\" content=\"https:\/\/www.iskreni.net\/trgovina\/product\/plenicne-predloge-v-skatlici\/\" \/>\n<meta property=\"og:site_name\" content=\"Zavod Iskreni\" \/>\n<meta property=\"article:modified_time\" content=\"2023-10-13T12:13:09+00:00\" \/>\n<meta property=\"og:image\" content=\"https:\/\/www.iskreni.net\/trgovina\/wp-content\/uploads\/2016\/11\/21-papircek_za_plenice-e356c431f2f42d9b.jpeg\" \/>\n\t<meta property=\"og:image:width\" content=\"800\" \/>\n\t<meta property=\"og:image:height\" content=\"600\" \/>\n\t<meta property=\"og:image:type\" content=\"image\/jpeg\" \/>\n<meta name=\"twitter:card\" content=\"summary_large_image\" \/>\n<meta name=\"twitter:label1\" content=\"Est. reading time\" \/>\n\t<meta name=\"twitter:data1\" content=\"1 minuta\" \/>\n<script type=\"application\/ld+json\" class=\"yoast-schema-graph\">{\"@context\":\"https:\/\/schema.org\",\"@graph\":[{\"@type\":\"WebPage\",\"@id\":\"https:\/\/www.iskreni.net\/trgovina\/product\/plenicne-predloge-v-skatlici\/\",\"url\":\"https:\/\/www.iskreni.net\/trgovina\/product\/plenicne-predloge-v-skatlici\/\",\"name\":\"Pleni\u010dne predloge v \u0161katlici - Zavod Iskreni\",\"isPartOf\":{\"@id\":\"https:\/\/www.iskreni.net\/trgovina\/#website\"},\"primaryImageOfPage\":{\"@id\":\"https:\/\/www.iskreni.net\/trgovina\/product\/plenicne-predloge-v-skatlici\/#primaryimage\"},\"image\":{\"@id\":\"https:\/\/www.iskreni.net\/trgovina\/product\/plenicne-predloge-v-skatlici\/#primaryimage\"},\"thumbnailUrl\":\"https:\/\/www.iskreni.net\/trgovina\/wp-content\/uploads\/2016\/11\/21-papircek_za_plenice-e356c431f2f42d9b.jpeg\",\"datePublished\":\"2016-11-29T15:08:12+00:00\",\"dateModified\":\"2023-10-13T12:13:09+00:00\",\"breadcrumb\":{\"@id\":\"https:\/\/www.iskreni.net\/trgovina\/product\/plenicne-predloge-v-skatlici\/#breadcrumb\"},\"inLanguage\":\"sl-SI\",\"potentialAction\":[{\"@type\":\"ReadAction\",\"target\":[\"https:\/\/www.iskreni.net\/trgovina\/product\/plenicne-predloge-v-skatlici\/\"]}]},{\"@type\":\"ImageObject\",\"inLanguage\":\"sl-SI\",\"@id\":\"https:\/\/www.iskreni.net\/trgovina\/product\/plenicne-predloge-v-skatlici\/#primaryimage\",\"url\":\"https:\/\/www.iskreni.net\/trgovina\/wp-content\/uploads\/2016\/11\/21-papircek_za_plenice-e356c431f2f42d9b.jpeg\",\"contentUrl\":\"https:\/\/www.iskreni.net\/trgovina\/wp-content\/uploads\/2016\/11\/21-papircek_za_plenice-e356c431f2f42d9b.jpeg\",\"width\":800,\"height\":600},{\"@type\":\"BreadcrumbList\",\"@id\":\"https:\/\/www.iskreni.net\/trgovina\/product\/plenicne-predloge-v-skatlici\/#breadcrumb\",\"itemListElement\":[{\"@type\":\"ListItem\",\"position\":1,\"name\":\"Home\",\"item\":\"https:\/\/www.iskreni.net\/trgovina\/\"},{\"@type\":\"ListItem\",\"position\":2,\"name\":\"Trgovina\",\"item\":\"https:\/\/www.iskreni.net\/trgovina\/trgovina\/\"},{\"@type\":\"ListItem\",\"position\":3,\"name\":\"Pleni\u010dne predloge v \u0161katlici\"}]},{\"@type\":\"WebSite\",\"@id\":\"https:\/\/www.iskreni.net\/trgovina\/#website\",\"url\":\"https:\/\/www.iskreni.net\/trgovina\/\",\"name\":\"Zavod Iskreni\",\"description\":\"trgovina\",\"potentialAction\":[{\"@type\":\"SearchAction\",\"target\":{\"@type\":\"EntryPoint\",\"urlTemplate\":\"https:\/\/www.iskreni.net\/trgovina\/?s={search_term_string}\"},\"query-input\":{\"@type\":\"PropertyValueSpecification\",\"valueRequired\":true,\"valueName\":\"search_term_string\"}}],\"inLanguage\":\"sl-SI\"}]}<\/script>\n<!-- \/ Yoast SEO plugin. -->","yoast_head_json":{"title":"Pleni\u010dne predloge v \u0161katlici - Zavod Iskreni","robots":{"index":"index","follow":"follow","max-snippet":"max-snippet:-1","max-image-preview":"max-image-preview:large","max-video-preview":"max-video-preview:-1"},"canonical":"https:\/\/www.iskreni.net\/trgovina\/product\/plenicne-predloge-v-skatlici\/","og_locale":"sl_SI","og_type":"article","og_title":"Pleni\u010dne predloge v \u0161katlici - Zavod Iskreni","og_description":"100 kosov. Laj\u0161ajo pranje pokakanih plenic mal\u010dkov","og_url":"https:\/\/www.iskreni.net\/trgovina\/product\/plenicne-predloge-v-skatlici\/","og_site_name":"Zavod Iskreni","article_modified_time":"2023-10-13T12:13:09+00:00","og_image":[{"width":800,"height":600,"url":"https:\/\/www.iskreni.net\/trgovina\/wp-content\/uploads\/2016\/11\/21-papircek_za_plenice-e356c431f2f42d9b.jpeg","type":"image\/jpeg"}],"twitter_card":"summary_large_image","twitter_misc":{"Est. reading time":"1 minuta"},"schema":{"@context":"https:\/\/schema.org","@graph":[{"@type":"WebPage","@id":"https:\/\/www.iskreni.net\/trgovina\/product\/plenicne-predloge-v-skatlici\/","url":"https:\/\/www.iskreni.net\/trgovina\/product\/plenicne-predloge-v-skatlici\/","name":"Pleni\u010dne predloge v \u0161katlici - Zavod Iskreni","isPartOf":{"@id":"https:\/\/www.iskreni.net\/trgovina\/#website"},"primaryImageOfPage":{"@id":"https:\/\/www.iskreni.net\/trgovina\/product\/plenicne-predloge-v-skatlici\/#primaryimage"},"image":{"@id":"https:\/\/www.iskreni.net\/trgovina\/product\/plenicne-predloge-v-skatlici\/#primaryimage"},"thumbnailUrl":"https:\/\/www.iskreni.net\/trgovina\/wp-content\/uploads\/2016\/11\/21-papircek_za_plenice-e356c431f2f42d9b.jpeg","datePublished":"2016-11-29T15:08:12+00:00","dateModified":"2023-10-13T12:13:09+00:00","breadcrumb":{"@id":"https:\/\/www.iskreni.net\/trgovina\/product\/plenicne-predloge-v-skatlici\/#breadcrumb"},"inLanguage":"sl-SI","potentialAction":[{"@type":"ReadAction","target":["https:\/\/www.iskreni.net\/trgovina\/product\/plenicne-predloge-v-skatlici\/"]}]},{"@type":"ImageObject","inLanguage":"sl-SI","@id":"https:\/\/www.iskreni.net\/trgovina\/product\/plenicne-predloge-v-skatlici\/#primaryimage","url":"https:\/\/www.iskreni.net\/trgovina\/wp-content\/uploads\/2016\/11\/21-papircek_za_plenice-e356c431f2f42d9b.jpeg","contentUrl":"https:\/\/www.iskreni.net\/trgovina\/wp-content\/uploads\/2016\/11\/21-papircek_za_plenice-e356c431f2f42d9b.jpeg","width":800,"height":600},{"@type":"BreadcrumbList","@id":"https:\/\/www.iskreni.net\/trgovina\/product\/plenicne-predloge-v-skatlici\/#breadcrumb","itemListElement":[{"@type":"ListItem","position":1,"name":"Home","item":"https:\/\/www.iskreni.net\/trgovina\/"},{"@type":"ListItem","position":2,"name":"Trgovina","item":"https:\/\/www.iskreni.net\/trgovina\/trgovina\/"},{"@type":"ListItem","position":3,"name":"Pleni\u010dne predloge v \u0161katlici"}]},{"@type":"WebSite","@id":"https:\/\/www.iskreni.net\/trgovina\/#website","url":"https:\/\/www.iskreni.net\/trgovina\/","name":"Zavod Iskreni","description":"trgovina","potentialAction":[{"@type":"SearchAction","target":{"@type":"EntryPoint","urlTemplate":"https:\/\/www.iskreni.net\/trgovina\/?s={search_term_string}"},"query-input":{"@type":"PropertyValueSpecification","valueRequired":true,"valueName":"search_term_string"}}],"inLanguage":"sl-SI"}]}},"_links":{"self":[{"href":"https:\/\/www.iskreni.net\/trgovina\/wp-json\/wp\/v2\/product\/2535","targetHints":{"allow":["GET"]}}],"collection":[{"href":"https:\/\/www.iskreni.net\/trgovina\/wp-json\/wp\/v2\/product"}],"about":[{"href":"https:\/\/www.iskreni.net\/trgovina\/wp-json\/wp\/v2\/types\/product"}],"replies":[{"embeddable":true,"href":"https:\/\/www.iskreni.net\/trgovina\/wp-json\/wp\/v2\/comments?post=2535"}],"version-history":[{"count":2,"href":"https:\/\/www.iskreni.net\/trgovina\/wp-json\/wp\/v2\/product\/2535\/revisions"}],"predecessor-version":[{"id":63586,"href":"https:\/\/www.iskreni.net\/trgovina\/wp-json\/wp\/v2\/product\/2535\/revisions\/63586"}],"wp:featuredmedia":[{"embeddable":true,"href":"https:\/\/www.iskreni.net\/trgovina\/wp-json\/wp\/v2\/media\/2536"}],"wp:attachment":[{"href":"https:\/\/www.iskreni.net\/trgovina\/wp-json\/wp\/v2\/media?parent=2535"}],"wp:term":[{"taxonomy":"product_brand","embeddable":true,"href":"https:\/\/www.iskreni.net\/trgovina\/wp-json\/wp\/v2\/product_brand?post=2535"},{"taxonomy":"product_cat","embeddable":true,"href":"https:\/\/www.iskreni.net\/trgovina\/wp-json\/wp\/v2\/product_cat?post=2535"},{"taxonomy":"product_tag","embeddable":true,"href":"https:\/\/www.iskreni.net\/trgovina\/wp-json\/wp\/v2\/product_tag?post=2535"},{"taxonomy":"avtor","embeddable":true,"href":"https:\/\/www.iskreni.net\/trgovina\/wp-json\/wp\/v2\/avtor?post=2535"},{"taxonomy":"zalozba","embeddable":true,"href":"https:\/\/www.iskreni.net\/trgovina\/wp-json\/wp\/v2\/zalozba?post=2535"},{"taxonomy":"vezava","embeddable":true,"href":"https:\/\/www.iskreni.net\/trgovina\/wp-json\/wp\/v2\/vezava?post=2535"}],"curies":[{"name":"wp","href":"https:\/\/api.w.org\/{rel}","templated":true}]}}