{"id":1754,"date":"2016-11-11T14:06:40","date_gmt":"2016-11-11T13:06:40","guid":{"rendered":"http:\/\/rojstnidan.si\/product\/menstrualna-skodelica-lalicup\/"},"modified":"2026-02-06T14:43:07","modified_gmt":"2026-02-06T13:43:07","slug":"lalicup","status":"publish","type":"product","link":"https:\/\/www.iskreni.net\/trgovina\/product\/lalicup\/","title":{"rendered":"Menstrualna skodelica LaliCup"},"content":{"rendered":"<h4>Zdravju prijazna<\/h4>\n<p>Menstrualna skodelica Lalicup je\u00a0<strong>izdelana iz 100% medicinskega teko\u010dega\u00a0 silikona, ki je kataliziran na osnovi\u00a0platine<\/strong>\u00a0in ne vsebuje lateksa ali \u0161kodljivega BPA. Za razliko od tamponov\u00a0<strong>ne dra\u017ei ali su\u0161i sluznice<\/strong>\u00a0in je dobrodo\u0161la re\u0161itev tudi za \u017eenske, ki imajo pogosto te\u017eave z vnetji, alergijami ali glivi\u010dnimi obolenji.<\/p>\n<p>&nbsp;<\/p>\n<h4>Udobna<\/h4>\n<p>Menstrualno skodelico lahko\u00a0<strong>brezskrbno uporabljate med spanjem, potovanji, \u0161portnimi aktivnostmi in celo plavanjem.<\/strong>\u00a0Skrbno je namre\u010d zasnovana in izdelana iz mehkega medicinskega silikona tako, da ne povzro\u010da neprijetnega ob\u010dutka med aktivnim pre\u017eivljanjem \u010dasa. Tudi\u00a0<strong>vstavljanje je povsem preprosto in ne povzro\u010da neprijetnega ob\u010dutka.<\/strong>\u00a0Zlo\u017eimo jo v manj\u0161o obliko in v no\u017enico vstavimo manj globoko kot obi\u010dajno vstavimo tampon.<\/p>\n<p>&nbsp;<\/p>\n<h4>Zanesljiva<\/h4>\n<p>Z inovativno zasnovano menstrualno skodelico Lalicup ste lahko povsem brezskrbni. Varno in udobno jo na pravem mestu dr\u017ei rahel podtlak, ki se sprosti \u0161ele ob stisku za dno skodelice, ko jo \u017eelite odstraniti<strong>.\u00a0 Oblika in prostornina menstrualne skodelice Lalicup zagotavljata maksimalno u\u010dinkovitost tudi pri mo\u010dnej\u0161ih menstruacijah.<\/strong>\u00a0Na skodelico pa se lahko zanesete tudi med kopanjem in plavanjem, saj bo\u00a0<strong>kot vodni tampon zanesljivo prepre\u010dila vdor vode v no\u017enico<\/strong>.<\/p>\n<p>&nbsp;<\/p>\n<h4>Ekolo\u0161ka<\/h4>\n<p>Stara navada je \u017eelezna srajca \u2013 to \u0161e posebej velja pri higienskih pripomo\u010dkih, ki jih \u017eenske med menstruacijo uporabljamo \u017ee stoletja. Vendarle pa je res, da so tamponi in vlo\u017eki namenjeni enkratni uporabi, zato jih vsaka \u017eenska v svojem \u017eivljenju uporabi in odvr\u017ee na tiso\u010de. Menstrualna skodelica Lalicup je\u00a0<strong>precej bolj ekolo\u0161ka, saj potrebujete le eno, ki jo lahko brezskrbno uporabljate ve\u010d let.<\/strong>\u00a0Po uporabi jo na preprost in hiter na\u010din o\u010distite (tudi na javnih strani\u0161\u010dih) s pomo\u010djo \u010distilnega rob\u010dka ali s plastenko vode kar nad strani\u0161\u010dno \u0161koljko.<\/p>\n<p>&nbsp;<\/p>\n<h4>Cenej\u0161a<\/h4>\n<p>Povpre\u010dna \u017eenska za klasi\u010dne higienske pripomo\u010dke, kot so tamponi in vlo\u017eki, letno porabi od 50 do 120 \u20ac. To pomeni, da se\u00a0<strong>investicija v menstrualno skodelico Lalicup<\/strong>, ki jo lahko brezskrbno uporabljate ve\u010d let,\u00a0<strong>povrne v zgolj 3 mesecih.<\/strong><\/p>\n<p>&nbsp;<\/p>\n<h4>Ali ste vedeli &#8230;<\/h4>\n<ul>\n<li>da povpre\u010dna \u017eenska v \u017eivljenju uporabi in nato zavr\u017ee pribli\u017eno 17.000 tamponov in vlo\u017ekov, kar pomeni ogromno stresnih in nepotrebnih poti v trgovino, velik kup smeti in velik kup ra\u010dunov?<\/li>\n<li>da \u017eenski spolni organi toksi\u010dne snovi absorbirajo hitreje kot katerikoli drug del telesa, zato je higiena spolnih organov klju\u010dnega pomena za zdravje?<\/li>\n<li>da kar 75 % zama\u0161enih odtokov povzro\u010dijo uporabljeni higienski pripomo\u010dki, kot so tamponi in vlo\u017eki?<\/li>\n<li>da so glavni razlog vztrajanja pri klasi\u010dnih higienskih pripomo\u010dkih neosnovani predsodki in pomisleki glede uporabe menstrualnih skodelic?<\/li>\n<li>da se tri \u010detrtine \u017eensk vsaj enkrat v \u017eivljenju sre\u010da z vaginalnim vnetjem in da so pogost vzrok za to klasi\u010dni higienski pripomo\u010dki?<\/li>\n<li>da so menstrualne skodelice izdelane iz medicinskega silikona, ki za razliko od materialov, uporabljenih v klasi\u010dnih higienskih pripomo\u010dkih, ne povzro\u010da alergij?<\/li>\n<li>da moramo tampone v povpre\u010dju menjati vsakih 4 do 8 ur, menstrualno skodelico pa lahko neprekinjeno uporabljamo do 12 ur?<\/li>\n<li>ste vedeli, da se na tamponih zaradi toplega in vla\u017enega okoljav no\u017enici hitreje za\u010dnejo razmno\u017eevati mikroorganizmi, kar lahko v dolo\u010denih primerih privede do sindroma toksi\u010dnega \u0161oka (TSS)?<\/li>\n<\/ul>\n<h4><\/h4>\n<h4>Uporaba:<\/h4>\n<ul>\n<li>za menstruacijo, ne pa za poporodno krvavitev<\/li>\n<li>uporabljamo jo lahko pred prvim spolnim odnosom<\/li>\n<li>primerna tudi za pono\u010di kot pri \u0161portu oz. rekreaciji, tudi v vodi<\/li>\n<li>uporabljamo jo lahko do 15 let<\/li>\n<li>vstavimo jo v no\u017enico, kjer ostaja ume\u0161\u010dena s pomo\u010djo vakuma in no\u017eni\u010dnih mi\u0161ic<\/li>\n<li>praznimo jo nekajkrat na dan, po praznenju jo izperemo z vodo,\u00a0lahko jo steriliziramo, tako da jo v vodi prekuhamo 2\u20135 minut<\/li>\n<li>povr\u0161ina skodelice je povsem gladka, pecelj je raven, zato je \u010di\u0161\u010denje zelo enostavno<\/li>\n<\/ul>\n<p>&nbsp;<\/p>\n<p><strong>Material:<\/strong>\u00a0medicinski silikon<\/p>\n<p>&nbsp;<\/p>\n<p><strong>Izdelana v\u00a0Sloveniji<\/strong><\/p>\n","protected":false},"excerpt":{"rendered":"<div class=\"wpb_column vc_column_container vc_col-sm-6\">\n<div class=\"vc_column-inner \">\n<div class=\"wpb_wrapper\">\n<div class=\"wpb_text_column wpb_content_element vc_custom_1459221497373\">\n<div class=\"wpb_wrapper\">\n<p>Lalicup je menstrualna skodelica \u2013 prva, zasnovana in izdelana v Sloveniji, z mislijo na slovenska dekleta in \u017eenske \u2013\u00a0<strong>ker \u017eelimo, da za\u017eivite lep\u0161e, bolj\u0161e in predvsem bolj udobno \u017eivljenje med menstruacijo.<\/strong><\/p>\n<\/div>\n<\/div>\n<\/div>\n<\/div>\n<\/div>\n<div class=\"wpb_column vc_column_container vc_col-sm-6\">\n<div class=\"vc_column-inner \">\n<div class=\"wpb_wrapper\">\n<div class=\"wpb_text_column wpb_content_element \">\n<div class=\"wpb_wrapper\">\n<p>Menstrualna skodelica Lalicup je zdravju prijazna, udobna, zanesljiva, ekolo\u0161ka in cenej\u0161a alternativa klasi\u010dnim higienskim pripomo\u010dkom, ki jih \u017eenske uporabljamo \u017ee stoletja.<\/p>\n<\/div>\n<\/div>\n<\/div>\n<\/div>\n<\/div>\n","protected":false},"featured_media":74058,"comment_status":"open","ping_status":"closed","template":"","meta":[],"product_brand":[],"product_cat":[83,85],"product_tag":[],"avtor":[],"zalozba":[],"vezava":[],"class_list":{"0":"post-1754","1":"product","2":"type-product","3":"status-publish","4":"has-post-thumbnail","6":"product_cat-izdelki-za-menstruacijo","7":"product_cat-menstrualne-skodelice","8":"pa_velikost-l","9":"pa_velikost-m","10":"pa_velikost-s","12":"first","13":"instock","14":"taxable","15":"shipping-taxable","16":"purchasable","17":"product-type-variable"},"yoast_head":"<!-- This site is optimized with the Yoast SEO plugin v26.3 - https:\/\/yoast.com\/wordpress\/plugins\/seo\/ -->\n<title>Slovenska menstrualna skodelica Lalicup - trgovina Iskreni<\/title>\n<meta name=\"description\" content=\"Menstrualna skodelica Lalicup je odli\u010dna alternativa vlo\u017ekom in tamponom. Slovenski proizvod, izdelan za slovenska dekleta in \u017eenske.\" \/>\n<meta name=\"robots\" content=\"index, follow, max-snippet:-1, max-image-preview:large, max-video-preview:-1\" \/>\n<link rel=\"canonical\" href=\"https:\/\/www.iskreni.net\/trgovina\/product\/lalicup\/\" \/>\n<meta property=\"og:locale\" content=\"sl_SI\" \/>\n<meta property=\"og:type\" content=\"article\" \/>\n<meta property=\"og:title\" content=\"Slovenska menstrualna skodelica Lalicup - trgovina Iskreni\" \/>\n<meta property=\"og:description\" content=\"Menstrualna skodelica Lalicup je odli\u010dna alternativa vlo\u017ekom in tamponom. Slovenski proizvod, izdelan za slovenska dekleta in \u017eenske.\" \/>\n<meta property=\"og:url\" content=\"https:\/\/www.iskreni.net\/trgovina\/product\/lalicup\/\" \/>\n<meta property=\"og:site_name\" content=\"Zavod Iskreni\" \/>\n<meta property=\"article:modified_time\" content=\"2026-02-06T13:43:07+00:00\" \/>\n<meta property=\"og:image\" content=\"https:\/\/www.iskreni.net\/trgovina\/wp-content\/uploads\/2016\/11\/Slike-za-v-spletno-trgovino-43.jpg\" \/>\n\t<meta property=\"og:image:width\" content=\"600\" \/>\n\t<meta property=\"og:image:height\" content=\"600\" \/>\n\t<meta property=\"og:image:type\" content=\"image\/jpeg\" \/>\n<meta name=\"twitter:card\" content=\"summary_large_image\" \/>\n<meta name=\"twitter:label1\" content=\"Est. reading time\" \/>\n\t<meta name=\"twitter:data1\" content=\"4 minute\" \/>\n<script type=\"application\/ld+json\" class=\"yoast-schema-graph\">{\"@context\":\"https:\/\/schema.org\",\"@graph\":[{\"@type\":\"WebPage\",\"@id\":\"https:\/\/www.iskreni.net\/trgovina\/product\/lalicup\/\",\"url\":\"https:\/\/www.iskreni.net\/trgovina\/product\/lalicup\/\",\"name\":\"Slovenska menstrualna skodelica Lalicup - trgovina Iskreni\",\"isPartOf\":{\"@id\":\"https:\/\/www.iskreni.net\/trgovina\/#website\"},\"primaryImageOfPage\":{\"@id\":\"https:\/\/www.iskreni.net\/trgovina\/product\/lalicup\/#primaryimage\"},\"image\":{\"@id\":\"https:\/\/www.iskreni.net\/trgovina\/product\/lalicup\/#primaryimage\"},\"thumbnailUrl\":\"https:\/\/www.iskreni.net\/trgovina\/wp-content\/uploads\/2016\/11\/Slike-za-v-spletno-trgovino-43.jpg\",\"datePublished\":\"2016-11-11T13:06:40+00:00\",\"dateModified\":\"2026-02-06T13:43:07+00:00\",\"description\":\"Menstrualna skodelica Lalicup je odli\u010dna alternativa vlo\u017ekom in tamponom. Slovenski proizvod, izdelan za slovenska dekleta in \u017eenske.\",\"breadcrumb\":{\"@id\":\"https:\/\/www.iskreni.net\/trgovina\/product\/lalicup\/#breadcrumb\"},\"inLanguage\":\"sl-SI\",\"potentialAction\":[{\"@type\":\"ReadAction\",\"target\":[\"https:\/\/www.iskreni.net\/trgovina\/product\/lalicup\/\"]}]},{\"@type\":\"ImageObject\",\"inLanguage\":\"sl-SI\",\"@id\":\"https:\/\/www.iskreni.net\/trgovina\/product\/lalicup\/#primaryimage\",\"url\":\"https:\/\/www.iskreni.net\/trgovina\/wp-content\/uploads\/2016\/11\/Slike-za-v-spletno-trgovino-43.jpg\",\"contentUrl\":\"https:\/\/www.iskreni.net\/trgovina\/wp-content\/uploads\/2016\/11\/Slike-za-v-spletno-trgovino-43.jpg\",\"width\":600,\"height\":600},{\"@type\":\"BreadcrumbList\",\"@id\":\"https:\/\/www.iskreni.net\/trgovina\/product\/lalicup\/#breadcrumb\",\"itemListElement\":[{\"@type\":\"ListItem\",\"position\":1,\"name\":\"Home\",\"item\":\"https:\/\/www.iskreni.net\/trgovina\/\"},{\"@type\":\"ListItem\",\"position\":2,\"name\":\"Trgovina\",\"item\":\"https:\/\/www.iskreni.net\/trgovina\/trgovina\/\"},{\"@type\":\"ListItem\",\"position\":3,\"name\":\"Menstrualna skodelica LaliCup\"}]},{\"@type\":\"WebSite\",\"@id\":\"https:\/\/www.iskreni.net\/trgovina\/#website\",\"url\":\"https:\/\/www.iskreni.net\/trgovina\/\",\"name\":\"Zavod Iskreni\",\"description\":\"trgovina\",\"potentialAction\":[{\"@type\":\"SearchAction\",\"target\":{\"@type\":\"EntryPoint\",\"urlTemplate\":\"https:\/\/www.iskreni.net\/trgovina\/?s={search_term_string}\"},\"query-input\":{\"@type\":\"PropertyValueSpecification\",\"valueRequired\":true,\"valueName\":\"search_term_string\"}}],\"inLanguage\":\"sl-SI\"}]}<\/script>\n<!-- \/ Yoast SEO plugin. -->","yoast_head_json":{"title":"Slovenska menstrualna skodelica Lalicup - trgovina Iskreni","description":"Menstrualna skodelica Lalicup je odli\u010dna alternativa vlo\u017ekom in tamponom. Slovenski proizvod, izdelan za slovenska dekleta in \u017eenske.","robots":{"index":"index","follow":"follow","max-snippet":"max-snippet:-1","max-image-preview":"max-image-preview:large","max-video-preview":"max-video-preview:-1"},"canonical":"https:\/\/www.iskreni.net\/trgovina\/product\/lalicup\/","og_locale":"sl_SI","og_type":"article","og_title":"Slovenska menstrualna skodelica Lalicup - trgovina Iskreni","og_description":"Menstrualna skodelica Lalicup je odli\u010dna alternativa vlo\u017ekom in tamponom. Slovenski proizvod, izdelan za slovenska dekleta in \u017eenske.","og_url":"https:\/\/www.iskreni.net\/trgovina\/product\/lalicup\/","og_site_name":"Zavod Iskreni","article_modified_time":"2026-02-06T13:43:07+00:00","og_image":[{"width":600,"height":600,"url":"https:\/\/www.iskreni.net\/trgovina\/wp-content\/uploads\/2016\/11\/Slike-za-v-spletno-trgovino-43.jpg","type":"image\/jpeg"}],"twitter_card":"summary_large_image","twitter_misc":{"Est. reading time":"4 minute"},"schema":{"@context":"https:\/\/schema.org","@graph":[{"@type":"WebPage","@id":"https:\/\/www.iskreni.net\/trgovina\/product\/lalicup\/","url":"https:\/\/www.iskreni.net\/trgovina\/product\/lalicup\/","name":"Slovenska menstrualna skodelica Lalicup - trgovina Iskreni","isPartOf":{"@id":"https:\/\/www.iskreni.net\/trgovina\/#website"},"primaryImageOfPage":{"@id":"https:\/\/www.iskreni.net\/trgovina\/product\/lalicup\/#primaryimage"},"image":{"@id":"https:\/\/www.iskreni.net\/trgovina\/product\/lalicup\/#primaryimage"},"thumbnailUrl":"https:\/\/www.iskreni.net\/trgovina\/wp-content\/uploads\/2016\/11\/Slike-za-v-spletno-trgovino-43.jpg","datePublished":"2016-11-11T13:06:40+00:00","dateModified":"2026-02-06T13:43:07+00:00","description":"Menstrualna skodelica Lalicup je odli\u010dna alternativa vlo\u017ekom in tamponom. Slovenski proizvod, izdelan za slovenska dekleta in \u017eenske.","breadcrumb":{"@id":"https:\/\/www.iskreni.net\/trgovina\/product\/lalicup\/#breadcrumb"},"inLanguage":"sl-SI","potentialAction":[{"@type":"ReadAction","target":["https:\/\/www.iskreni.net\/trgovina\/product\/lalicup\/"]}]},{"@type":"ImageObject","inLanguage":"sl-SI","@id":"https:\/\/www.iskreni.net\/trgovina\/product\/lalicup\/#primaryimage","url":"https:\/\/www.iskreni.net\/trgovina\/wp-content\/uploads\/2016\/11\/Slike-za-v-spletno-trgovino-43.jpg","contentUrl":"https:\/\/www.iskreni.net\/trgovina\/wp-content\/uploads\/2016\/11\/Slike-za-v-spletno-trgovino-43.jpg","width":600,"height":600},{"@type":"BreadcrumbList","@id":"https:\/\/www.iskreni.net\/trgovina\/product\/lalicup\/#breadcrumb","itemListElement":[{"@type":"ListItem","position":1,"name":"Home","item":"https:\/\/www.iskreni.net\/trgovina\/"},{"@type":"ListItem","position":2,"name":"Trgovina","item":"https:\/\/www.iskreni.net\/trgovina\/trgovina\/"},{"@type":"ListItem","position":3,"name":"Menstrualna skodelica LaliCup"}]},{"@type":"WebSite","@id":"https:\/\/www.iskreni.net\/trgovina\/#website","url":"https:\/\/www.iskreni.net\/trgovina\/","name":"Zavod Iskreni","description":"trgovina","potentialAction":[{"@type":"SearchAction","target":{"@type":"EntryPoint","urlTemplate":"https:\/\/www.iskreni.net\/trgovina\/?s={search_term_string}"},"query-input":{"@type":"PropertyValueSpecification","valueRequired":true,"valueName":"search_term_string"}}],"inLanguage":"sl-SI"}]}},"_links":{"self":[{"href":"https:\/\/www.iskreni.net\/trgovina\/wp-json\/wp\/v2\/product\/1754","targetHints":{"allow":["GET"]}}],"collection":[{"href":"https:\/\/www.iskreni.net\/trgovina\/wp-json\/wp\/v2\/product"}],"about":[{"href":"https:\/\/www.iskreni.net\/trgovina\/wp-json\/wp\/v2\/types\/product"}],"replies":[{"embeddable":true,"href":"https:\/\/www.iskreni.net\/trgovina\/wp-json\/wp\/v2\/comments?post=1754"}],"version-history":[{"count":4,"href":"https:\/\/www.iskreni.net\/trgovina\/wp-json\/wp\/v2\/product\/1754\/revisions"}],"predecessor-version":[{"id":74060,"href":"https:\/\/www.iskreni.net\/trgovina\/wp-json\/wp\/v2\/product\/1754\/revisions\/74060"}],"wp:featuredmedia":[{"embeddable":true,"href":"https:\/\/www.iskreni.net\/trgovina\/wp-json\/wp\/v2\/media\/74058"}],"wp:attachment":[{"href":"https:\/\/www.iskreni.net\/trgovina\/wp-json\/wp\/v2\/media?parent=1754"}],"wp:term":[{"taxonomy":"product_brand","embeddable":true,"href":"https:\/\/www.iskreni.net\/trgovina\/wp-json\/wp\/v2\/product_brand?post=1754"},{"taxonomy":"product_cat","embeddable":true,"href":"https:\/\/www.iskreni.net\/trgovina\/wp-json\/wp\/v2\/product_cat?post=1754"},{"taxonomy":"product_tag","embeddable":true,"href":"https:\/\/www.iskreni.net\/trgovina\/wp-json\/wp\/v2\/product_tag?post=1754"},{"taxonomy":"avtor","embeddable":true,"href":"https:\/\/www.iskreni.net\/trgovina\/wp-json\/wp\/v2\/avtor?post=1754"},{"taxonomy":"zalozba","embeddable":true,"href":"https:\/\/www.iskreni.net\/trgovina\/wp-json\/wp\/v2\/zalozba?post=1754"},{"taxonomy":"vezava","embeddable":true,"href":"https:\/\/www.iskreni.net\/trgovina\/wp-json\/wp\/v2\/vezava?post=1754"}],"curies":[{"name":"wp","href":"https:\/\/api.w.org\/{rel}","templated":true}]}}