{"id":1402,"date":"2016-11-10T12:33:40","date_gmt":"2016-11-10T11:33:40","guid":{"rendered":"http:\/\/rojstnidan.si\/?post_type=product&#038;p=1402"},"modified":"2025-07-30T21:03:46","modified_gmt":"2025-07-30T19:03:46","slug":"vlozek-s-krilci-eko-bombaz","status":"publish","type":"product","link":"https:\/\/www.iskreni.net\/trgovina\/product\/vlozek-s-krilci-eko-bombaz\/","title":{"rendered":"Vlo\u017eek s krilci eko bomba\u017e"},"content":{"rendered":"<p><strong>Dol\u017eina:<\/strong> no\u010dni 27 cm, veliki L 26 cm, srednji M 22 cm in mali S 18 cm<\/p>\n<p><strong>Vzdr\u017eevanje:<\/strong> deklarirano za temperaturo pranja pri 95 <sup>o<\/sup>C, lahko se su\u0161ijo v su\u0161ilnem stroju<\/p>\n<p>&nbsp;<\/p>\n<p><strong>Material:<\/strong><\/p>\n<ul>\n<li>gornja in vmesne plasti: 100 % bomba\u017e, ekolo\u0161ko pridelan (material je izdelan v Nem\u010diji in ima GOTS certifikat)<\/li>\n<li>spodnja nepremo\u010dljiva plast: 70 % bomba\u017e, 30 % poliester, poliuretanski premaz (material je izdelan v Nem\u010diji in ima certifikat Ekotex 100 razred 1)<\/li>\n<\/ul>\n","protected":false},"excerpt":{"rendered":"<p><b>Vlo\u017eek s krilci iz eko bomba\u017ea in z nepremo\u010dljivo plastjo<\/b> je odli\u010dna alternativa vlo\u017ekom in tamponom za enkratno uporabo, prijazna do va\u0161e denarnice, telesa, pa tudi do na\u0161ega planeta.<\/p>\n","protected":false},"featured_media":1407,"comment_status":"open","ping_status":"closed","template":"","meta":[],"product_brand":[],"product_cat":[83,84],"product_tag":[926],"avtor":[],"zalozba":[],"vezava":[],"class_list":{"0":"post-1402","1":"product","2":"type-product","3":"status-publish","4":"has-post-thumbnail","6":"product_cat-izdelki-za-menstruacijo","7":"product_cat-pralni-vlozki","8":"product_tag-pralni-vlozki","9":"pa_velikost-l","10":"pa_velikost-m","11":"pa_velikost-nocni","12":"pa_velikost-s","13":"pa_velikost-xl","15":"first","16":"instock","17":"taxable","18":"shipping-taxable","19":"purchasable","20":"product-type-variable"},"yoast_head":"<!-- This site is optimized with the Yoast SEO plugin v26.3 - https:\/\/yoast.com\/wordpress\/plugins\/seo\/ -->\n<title>Vlo\u017eek s krilci eko bomba\u017e - trgovina Iskreni<\/title>\n<meta name=\"description\" content=\"Vlo\u017eek s krilci iz eko bomba\u017ea je odli\u010dna alternativa vlo\u017ekom in tamponom za enkratno uporabo, prijazna do denarnice, telesa, pa tudi do na\u0161ega planeta.\" \/>\n<meta name=\"robots\" content=\"index, follow, max-snippet:-1, max-image-preview:large, max-video-preview:-1\" \/>\n<link rel=\"canonical\" href=\"https:\/\/www.iskreni.net\/trgovina\/product\/vlozek-s-krilci-eko-bombaz\/\" \/>\n<meta property=\"og:locale\" content=\"sl_SI\" \/>\n<meta property=\"og:type\" content=\"article\" \/>\n<meta property=\"og:title\" content=\"Vlo\u017eek s krilci eko bomba\u017e - trgovina Iskreni\" \/>\n<meta property=\"og:description\" content=\"Vlo\u017eek s krilci iz eko bomba\u017ea je odli\u010dna alternativa vlo\u017ekom in tamponom za enkratno uporabo, prijazna do denarnice, telesa, pa tudi do na\u0161ega planeta.\" \/>\n<meta property=\"og:url\" content=\"https:\/\/www.iskreni.net\/trgovina\/product\/vlozek-s-krilci-eko-bombaz\/\" \/>\n<meta property=\"og:site_name\" content=\"Zavod Iskreni\" \/>\n<meta property=\"article:modified_time\" content=\"2025-07-30T19:03:46+00:00\" \/>\n<meta property=\"og:image\" content=\"https:\/\/www.iskreni.net\/trgovina\/wp-content\/uploads\/2016\/11\/344-vlozki_racman_eko-a2d447e6d1801e03.jpeg\" \/>\n\t<meta property=\"og:image:width\" content=\"493\" \/>\n\t<meta property=\"og:image:height\" content=\"370\" \/>\n\t<meta property=\"og:image:type\" content=\"image\/jpeg\" \/>\n<meta name=\"twitter:card\" content=\"summary_large_image\" \/>\n<meta name=\"twitter:label1\" content=\"Est. reading time\" \/>\n\t<meta name=\"twitter:data1\" content=\"1 minuta\" \/>\n<script type=\"application\/ld+json\" class=\"yoast-schema-graph\">{\"@context\":\"https:\/\/schema.org\",\"@graph\":[{\"@type\":\"WebPage\",\"@id\":\"https:\/\/www.iskreni.net\/trgovina\/product\/vlozek-s-krilci-eko-bombaz\/\",\"url\":\"https:\/\/www.iskreni.net\/trgovina\/product\/vlozek-s-krilci-eko-bombaz\/\",\"name\":\"Vlo\u017eek s krilci eko bomba\u017e - trgovina Iskreni\",\"isPartOf\":{\"@id\":\"https:\/\/www.iskreni.net\/trgovina\/#website\"},\"primaryImageOfPage\":{\"@id\":\"https:\/\/www.iskreni.net\/trgovina\/product\/vlozek-s-krilci-eko-bombaz\/#primaryimage\"},\"image\":{\"@id\":\"https:\/\/www.iskreni.net\/trgovina\/product\/vlozek-s-krilci-eko-bombaz\/#primaryimage\"},\"thumbnailUrl\":\"https:\/\/www.iskreni.net\/trgovina\/wp-content\/uploads\/2016\/11\/344-vlozki_racman_eko-a2d447e6d1801e03.jpeg\",\"datePublished\":\"2016-11-10T11:33:40+00:00\",\"dateModified\":\"2025-07-30T19:03:46+00:00\",\"description\":\"Vlo\u017eek s krilci iz eko bomba\u017ea je odli\u010dna alternativa vlo\u017ekom in tamponom za enkratno uporabo, prijazna do denarnice, telesa, pa tudi do na\u0161ega planeta.\",\"breadcrumb\":{\"@id\":\"https:\/\/www.iskreni.net\/trgovina\/product\/vlozek-s-krilci-eko-bombaz\/#breadcrumb\"},\"inLanguage\":\"sl-SI\",\"potentialAction\":[{\"@type\":\"ReadAction\",\"target\":[\"https:\/\/www.iskreni.net\/trgovina\/product\/vlozek-s-krilci-eko-bombaz\/\"]}]},{\"@type\":\"ImageObject\",\"inLanguage\":\"sl-SI\",\"@id\":\"https:\/\/www.iskreni.net\/trgovina\/product\/vlozek-s-krilci-eko-bombaz\/#primaryimage\",\"url\":\"https:\/\/www.iskreni.net\/trgovina\/wp-content\/uploads\/2016\/11\/344-vlozki_racman_eko-a2d447e6d1801e03.jpeg\",\"contentUrl\":\"https:\/\/www.iskreni.net\/trgovina\/wp-content\/uploads\/2016\/11\/344-vlozki_racman_eko-a2d447e6d1801e03.jpeg\",\"width\":493,\"height\":370},{\"@type\":\"BreadcrumbList\",\"@id\":\"https:\/\/www.iskreni.net\/trgovina\/product\/vlozek-s-krilci-eko-bombaz\/#breadcrumb\",\"itemListElement\":[{\"@type\":\"ListItem\",\"position\":1,\"name\":\"Home\",\"item\":\"https:\/\/www.iskreni.net\/trgovina\/\"},{\"@type\":\"ListItem\",\"position\":2,\"name\":\"Trgovina\",\"item\":\"https:\/\/www.iskreni.net\/trgovina\/trgovina\/\"},{\"@type\":\"ListItem\",\"position\":3,\"name\":\"Vlo\u017eek s krilci eko bomba\u017e\"}]},{\"@type\":\"WebSite\",\"@id\":\"https:\/\/www.iskreni.net\/trgovina\/#website\",\"url\":\"https:\/\/www.iskreni.net\/trgovina\/\",\"name\":\"Zavod Iskreni\",\"description\":\"trgovina\",\"potentialAction\":[{\"@type\":\"SearchAction\",\"target\":{\"@type\":\"EntryPoint\",\"urlTemplate\":\"https:\/\/www.iskreni.net\/trgovina\/?s={search_term_string}\"},\"query-input\":{\"@type\":\"PropertyValueSpecification\",\"valueRequired\":true,\"valueName\":\"search_term_string\"}}],\"inLanguage\":\"sl-SI\"}]}<\/script>\n<!-- \/ Yoast SEO plugin. -->","yoast_head_json":{"title":"Vlo\u017eek s krilci eko bomba\u017e - trgovina Iskreni","description":"Vlo\u017eek s krilci iz eko bomba\u017ea je odli\u010dna alternativa vlo\u017ekom in tamponom za enkratno uporabo, prijazna do denarnice, telesa, pa tudi do na\u0161ega planeta.","robots":{"index":"index","follow":"follow","max-snippet":"max-snippet:-1","max-image-preview":"max-image-preview:large","max-video-preview":"max-video-preview:-1"},"canonical":"https:\/\/www.iskreni.net\/trgovina\/product\/vlozek-s-krilci-eko-bombaz\/","og_locale":"sl_SI","og_type":"article","og_title":"Vlo\u017eek s krilci eko bomba\u017e - trgovina Iskreni","og_description":"Vlo\u017eek s krilci iz eko bomba\u017ea je odli\u010dna alternativa vlo\u017ekom in tamponom za enkratno uporabo, prijazna do denarnice, telesa, pa tudi do na\u0161ega planeta.","og_url":"https:\/\/www.iskreni.net\/trgovina\/product\/vlozek-s-krilci-eko-bombaz\/","og_site_name":"Zavod Iskreni","article_modified_time":"2025-07-30T19:03:46+00:00","og_image":[{"width":493,"height":370,"url":"https:\/\/www.iskreni.net\/trgovina\/wp-content\/uploads\/2016\/11\/344-vlozki_racman_eko-a2d447e6d1801e03.jpeg","type":"image\/jpeg"}],"twitter_card":"summary_large_image","twitter_misc":{"Est. reading time":"1 minuta"},"schema":{"@context":"https:\/\/schema.org","@graph":[{"@type":"WebPage","@id":"https:\/\/www.iskreni.net\/trgovina\/product\/vlozek-s-krilci-eko-bombaz\/","url":"https:\/\/www.iskreni.net\/trgovina\/product\/vlozek-s-krilci-eko-bombaz\/","name":"Vlo\u017eek s krilci eko bomba\u017e - trgovina Iskreni","isPartOf":{"@id":"https:\/\/www.iskreni.net\/trgovina\/#website"},"primaryImageOfPage":{"@id":"https:\/\/www.iskreni.net\/trgovina\/product\/vlozek-s-krilci-eko-bombaz\/#primaryimage"},"image":{"@id":"https:\/\/www.iskreni.net\/trgovina\/product\/vlozek-s-krilci-eko-bombaz\/#primaryimage"},"thumbnailUrl":"https:\/\/www.iskreni.net\/trgovina\/wp-content\/uploads\/2016\/11\/344-vlozki_racman_eko-a2d447e6d1801e03.jpeg","datePublished":"2016-11-10T11:33:40+00:00","dateModified":"2025-07-30T19:03:46+00:00","description":"Vlo\u017eek s krilci iz eko bomba\u017ea je odli\u010dna alternativa vlo\u017ekom in tamponom za enkratno uporabo, prijazna do denarnice, telesa, pa tudi do na\u0161ega planeta.","breadcrumb":{"@id":"https:\/\/www.iskreni.net\/trgovina\/product\/vlozek-s-krilci-eko-bombaz\/#breadcrumb"},"inLanguage":"sl-SI","potentialAction":[{"@type":"ReadAction","target":["https:\/\/www.iskreni.net\/trgovina\/product\/vlozek-s-krilci-eko-bombaz\/"]}]},{"@type":"ImageObject","inLanguage":"sl-SI","@id":"https:\/\/www.iskreni.net\/trgovina\/product\/vlozek-s-krilci-eko-bombaz\/#primaryimage","url":"https:\/\/www.iskreni.net\/trgovina\/wp-content\/uploads\/2016\/11\/344-vlozki_racman_eko-a2d447e6d1801e03.jpeg","contentUrl":"https:\/\/www.iskreni.net\/trgovina\/wp-content\/uploads\/2016\/11\/344-vlozki_racman_eko-a2d447e6d1801e03.jpeg","width":493,"height":370},{"@type":"BreadcrumbList","@id":"https:\/\/www.iskreni.net\/trgovina\/product\/vlozek-s-krilci-eko-bombaz\/#breadcrumb","itemListElement":[{"@type":"ListItem","position":1,"name":"Home","item":"https:\/\/www.iskreni.net\/trgovina\/"},{"@type":"ListItem","position":2,"name":"Trgovina","item":"https:\/\/www.iskreni.net\/trgovina\/trgovina\/"},{"@type":"ListItem","position":3,"name":"Vlo\u017eek s krilci eko bomba\u017e"}]},{"@type":"WebSite","@id":"https:\/\/www.iskreni.net\/trgovina\/#website","url":"https:\/\/www.iskreni.net\/trgovina\/","name":"Zavod Iskreni","description":"trgovina","potentialAction":[{"@type":"SearchAction","target":{"@type":"EntryPoint","urlTemplate":"https:\/\/www.iskreni.net\/trgovina\/?s={search_term_string}"},"query-input":{"@type":"PropertyValueSpecification","valueRequired":true,"valueName":"search_term_string"}}],"inLanguage":"sl-SI"}]}},"_links":{"self":[{"href":"https:\/\/www.iskreni.net\/trgovina\/wp-json\/wp\/v2\/product\/1402","targetHints":{"allow":["GET"]}}],"collection":[{"href":"https:\/\/www.iskreni.net\/trgovina\/wp-json\/wp\/v2\/product"}],"about":[{"href":"https:\/\/www.iskreni.net\/trgovina\/wp-json\/wp\/v2\/types\/product"}],"replies":[{"embeddable":true,"href":"https:\/\/www.iskreni.net\/trgovina\/wp-json\/wp\/v2\/comments?post=1402"}],"version-history":[{"count":2,"href":"https:\/\/www.iskreni.net\/trgovina\/wp-json\/wp\/v2\/product\/1402\/revisions"}],"predecessor-version":[{"id":88428,"href":"https:\/\/www.iskreni.net\/trgovina\/wp-json\/wp\/v2\/product\/1402\/revisions\/88428"}],"wp:featuredmedia":[{"embeddable":true,"href":"https:\/\/www.iskreni.net\/trgovina\/wp-json\/wp\/v2\/media\/1407"}],"wp:attachment":[{"href":"https:\/\/www.iskreni.net\/trgovina\/wp-json\/wp\/v2\/media?parent=1402"}],"wp:term":[{"taxonomy":"product_brand","embeddable":true,"href":"https:\/\/www.iskreni.net\/trgovina\/wp-json\/wp\/v2\/product_brand?post=1402"},{"taxonomy":"product_cat","embeddable":true,"href":"https:\/\/www.iskreni.net\/trgovina\/wp-json\/wp\/v2\/product_cat?post=1402"},{"taxonomy":"product_tag","embeddable":true,"href":"https:\/\/www.iskreni.net\/trgovina\/wp-json\/wp\/v2\/product_tag?post=1402"},{"taxonomy":"avtor","embeddable":true,"href":"https:\/\/www.iskreni.net\/trgovina\/wp-json\/wp\/v2\/avtor?post=1402"},{"taxonomy":"zalozba","embeddable":true,"href":"https:\/\/www.iskreni.net\/trgovina\/wp-json\/wp\/v2\/zalozba?post=1402"},{"taxonomy":"vezava","embeddable":true,"href":"https:\/\/www.iskreni.net\/trgovina\/wp-json\/wp\/v2\/vezava?post=1402"}],"curies":[{"name":"wp","href":"https:\/\/api.w.org\/{rel}","templated":true}]}}