{"id":1318,"date":"2016-11-07T16:25:46","date_gmt":"2016-11-07T15:25:46","guid":{"rendered":"http:\/\/rojstnidan.si\/?post_type=product&#038;p=1318"},"modified":"2025-09-11T10:29:21","modified_gmt":"2025-09-11T08:29:21","slug":"dobra-novica-o-spolnosti-zakonu","status":"publish","type":"product","link":"https:\/\/www.iskreni.net\/trgovina\/product\/dobra-novica-o-spolnosti-zakonu\/","title":{"rendered":"Dobra novica o spolnosti in zakonu"},"content":{"rendered":"<h4>O knjigi Dobra novica o spolnosti in zakonu<\/h4>\n<p><b><i>Odkrita vpra\u0161anja in odgovori o katoli\u0161kem u\u010denju<\/i><\/b><\/p>\n<p>Avtor kot poklicni predavatelj s podro\u010dja cerkvenega nauka o spolnosti in zakonu, na podlagi besedil pape\u017ea Janeza Pavla II., odkriva teme in ugovore, ki se ti\u010dejo najintimnej\u0161ih podro\u010dij \u010dlove\u0161kega \u017eivljenja in pomagajo osmisliti na videz zastarelo ter samovoljno cerkveno moralo.<\/p>\n<p>V knjigi so zbrana vpra\u0161anja in ugovori samskih odraslih, zaro\u010dencev, mladoporo\u010dencev, zakoncev, ki so skupaj deset, dvajset ali celo \u0161tirideset in ve\u010d let, katoli\u010danov, protestantov in neverujo\u010dih; sre\u010dno in nesre\u010dno poro\u010denih ter tistih, ki so izkusili bole\u010dino lo\u010ditve.<\/p>\n<p>Tudi \u010de v knjigi ne boste na\u0161li odgovora na vpra\u0161anje, ki ga imate prav vi, boste lahko pridobili orodje, ki vam bo pomagalo do utemeljenega katoli\u0161kega odgovora.<\/p>\n<p>&nbsp;<\/p>\n<p><a href=\"https:\/\/www.iskreni.net\/trgovina\/wp-content\/uploads\/2022\/09\/dobra-novica-o-spolnosti-in-zakonu.pdf\">Prelistajte knjigo<\/a><\/p>\n<p>&nbsp;<\/p>\n<p>&nbsp;<\/p>\n","protected":false},"excerpt":{"rendered":"<p><strong>Prevajalec:<\/strong> Ana Vogrin\u010di\u010d<br \/>\n<strong>Zbirka:<\/strong> Bo\u017eje okolje<br \/>\n<strong>Leto izdaje:<\/strong> 2012<br \/>\n<strong>\u0160tevilo strani:<\/strong> 224<\/p>\n<p><a href=\"https:\/\/www.iskreni.net\/trgovina\/wp-content\/uploads\/2022\/09\/dobra-novica-o-spolnosti-in-zakonu.pdf\">Prelistajte knjigo<\/a><\/p>\n<p>&nbsp;<\/p>\n","protected":false},"featured_media":2833,"comment_status":"open","ping_status":"closed","template":"","meta":[],"product_brand":[253],"product_cat":[2322,2324,63],"product_tag":[410,1459,1799],"avtor":[2342],"zalozba":[2311],"vezava":[2307],"class_list":{"0":"post-1318","1":"product","2":"type-product","3":"status-publish","4":"has-post-thumbnail","6":"product_brand-druzina","7":"product_cat-druzina-in-odnosi","8":"product_cat-duhovnost-in-osebna-rast","9":"product_cat-knjige","10":"product_tag-poroka","11":"product_tag-spolnost","12":"product_tag-teologija-telesa","13":"avtor-christopher-west","14":"zalozba-druzina","15":"vezava-mehka","17":"first","18":"onbackorder","19":"taxable","20":"shipping-taxable","21":"purchasable","22":"product-type-simple"},"yoast_head":"<!-- This site is optimized with the Yoast SEO plugin v26.3 - https:\/\/yoast.com\/wordpress\/plugins\/seo\/ -->\n<title>Dobra novica o spolnosti in zakonu - Zavod Iskreni<\/title>\n<meta name=\"description\" content=\"Dobra novica o spolnosti in zakonu prina\u0161a raz\u0161irjen pogled na teologijo telesa in na spolnost v zakonu, kot je o njej pripovedoval Janez Pavel II.\" \/>\n<meta name=\"robots\" content=\"index, follow, max-snippet:-1, max-image-preview:large, max-video-preview:-1\" \/>\n<link rel=\"canonical\" href=\"https:\/\/www.iskreni.net\/trgovina\/product\/dobra-novica-o-spolnosti-zakonu\/\" \/>\n<meta property=\"og:locale\" content=\"sl_SI\" \/>\n<meta property=\"og:type\" content=\"article\" \/>\n<meta property=\"og:title\" content=\"Dobra novica o spolnosti in zakonu - Zavod Iskreni\" \/>\n<meta property=\"og:description\" content=\"Dobra novica o spolnosti in zakonu prina\u0161a raz\u0161irjen pogled na teologijo telesa in na spolnost v zakonu, kot je o njej pripovedoval Janez Pavel II.\" \/>\n<meta property=\"og:url\" content=\"https:\/\/www.iskreni.net\/trgovina\/product\/dobra-novica-o-spolnosti-zakonu\/\" \/>\n<meta property=\"og:site_name\" content=\"Zavod Iskreni\" \/>\n<meta property=\"article:modified_time\" content=\"2025-09-11T08:29:21+00:00\" \/>\n<meta property=\"og:image\" content=\"https:\/\/www.iskreni.net\/trgovina\/wp-content\/uploads\/2016\/11\/dobra-novica-o-spolnosti-in-e1482852985584.jpg\" \/>\n\t<meta property=\"og:image:width\" content=\"531\" \/>\n\t<meta property=\"og:image:height\" content=\"512\" \/>\n\t<meta property=\"og:image:type\" content=\"image\/jpeg\" \/>\n<meta name=\"twitter:card\" content=\"summary_large_image\" \/>\n<meta name=\"twitter:label1\" content=\"Est. reading time\" \/>\n\t<meta name=\"twitter:data1\" content=\"1 minuta\" \/>\n<script type=\"application\/ld+json\" class=\"yoast-schema-graph\">{\"@context\":\"https:\/\/schema.org\",\"@graph\":[{\"@type\":\"WebPage\",\"@id\":\"https:\/\/www.iskreni.net\/trgovina\/product\/dobra-novica-o-spolnosti-zakonu\/\",\"url\":\"https:\/\/www.iskreni.net\/trgovina\/product\/dobra-novica-o-spolnosti-zakonu\/\",\"name\":\"Dobra novica o spolnosti in zakonu - Zavod Iskreni\",\"isPartOf\":{\"@id\":\"https:\/\/www.iskreni.net\/trgovina\/#website\"},\"primaryImageOfPage\":{\"@id\":\"https:\/\/www.iskreni.net\/trgovina\/product\/dobra-novica-o-spolnosti-zakonu\/#primaryimage\"},\"image\":{\"@id\":\"https:\/\/www.iskreni.net\/trgovina\/product\/dobra-novica-o-spolnosti-zakonu\/#primaryimage\"},\"thumbnailUrl\":\"https:\/\/www.iskreni.net\/trgovina\/wp-content\/uploads\/2016\/11\/dobra-novica-o-spolnosti-in-e1482852985584.jpg\",\"datePublished\":\"2016-11-07T15:25:46+00:00\",\"dateModified\":\"2025-09-11T08:29:21+00:00\",\"description\":\"Dobra novica o spolnosti in zakonu prina\u0161a raz\u0161irjen pogled na teologijo telesa in na spolnost v zakonu, kot je o njej pripovedoval Janez Pavel II.\",\"breadcrumb\":{\"@id\":\"https:\/\/www.iskreni.net\/trgovina\/product\/dobra-novica-o-spolnosti-zakonu\/#breadcrumb\"},\"inLanguage\":\"sl-SI\",\"potentialAction\":[{\"@type\":\"ReadAction\",\"target\":[\"https:\/\/www.iskreni.net\/trgovina\/product\/dobra-novica-o-spolnosti-zakonu\/\"]}]},{\"@type\":\"ImageObject\",\"inLanguage\":\"sl-SI\",\"@id\":\"https:\/\/www.iskreni.net\/trgovina\/product\/dobra-novica-o-spolnosti-zakonu\/#primaryimage\",\"url\":\"https:\/\/www.iskreni.net\/trgovina\/wp-content\/uploads\/2016\/11\/dobra-novica-o-spolnosti-in-e1482852985584.jpg\",\"contentUrl\":\"https:\/\/www.iskreni.net\/trgovina\/wp-content\/uploads\/2016\/11\/dobra-novica-o-spolnosti-in-e1482852985584.jpg\",\"width\":531,\"height\":512},{\"@type\":\"BreadcrumbList\",\"@id\":\"https:\/\/www.iskreni.net\/trgovina\/product\/dobra-novica-o-spolnosti-zakonu\/#breadcrumb\",\"itemListElement\":[{\"@type\":\"ListItem\",\"position\":1,\"name\":\"Home\",\"item\":\"https:\/\/www.iskreni.net\/trgovina\/\"},{\"@type\":\"ListItem\",\"position\":2,\"name\":\"Trgovina\",\"item\":\"https:\/\/www.iskreni.net\/trgovina\/trgovina\/\"},{\"@type\":\"ListItem\",\"position\":3,\"name\":\"Dobra novica o spolnosti in zakonu\"}]},{\"@type\":\"WebSite\",\"@id\":\"https:\/\/www.iskreni.net\/trgovina\/#website\",\"url\":\"https:\/\/www.iskreni.net\/trgovina\/\",\"name\":\"Zavod Iskreni\",\"description\":\"trgovina\",\"potentialAction\":[{\"@type\":\"SearchAction\",\"target\":{\"@type\":\"EntryPoint\",\"urlTemplate\":\"https:\/\/www.iskreni.net\/trgovina\/?s={search_term_string}\"},\"query-input\":{\"@type\":\"PropertyValueSpecification\",\"valueRequired\":true,\"valueName\":\"search_term_string\"}}],\"inLanguage\":\"sl-SI\"}]}<\/script>\n<!-- \/ Yoast SEO plugin. -->","yoast_head_json":{"title":"Dobra novica o spolnosti in zakonu - Zavod Iskreni","description":"Dobra novica o spolnosti in zakonu prina\u0161a raz\u0161irjen pogled na teologijo telesa in na spolnost v zakonu, kot je o njej pripovedoval Janez Pavel II.","robots":{"index":"index","follow":"follow","max-snippet":"max-snippet:-1","max-image-preview":"max-image-preview:large","max-video-preview":"max-video-preview:-1"},"canonical":"https:\/\/www.iskreni.net\/trgovina\/product\/dobra-novica-o-spolnosti-zakonu\/","og_locale":"sl_SI","og_type":"article","og_title":"Dobra novica o spolnosti in zakonu - Zavod Iskreni","og_description":"Dobra novica o spolnosti in zakonu prina\u0161a raz\u0161irjen pogled na teologijo telesa in na spolnost v zakonu, kot je o njej pripovedoval Janez Pavel II.","og_url":"https:\/\/www.iskreni.net\/trgovina\/product\/dobra-novica-o-spolnosti-zakonu\/","og_site_name":"Zavod Iskreni","article_modified_time":"2025-09-11T08:29:21+00:00","og_image":[{"width":531,"height":512,"url":"https:\/\/www.iskreni.net\/trgovina\/wp-content\/uploads\/2016\/11\/dobra-novica-o-spolnosti-in-e1482852985584.jpg","type":"image\/jpeg"}],"twitter_card":"summary_large_image","twitter_misc":{"Est. reading time":"1 minuta"},"schema":{"@context":"https:\/\/schema.org","@graph":[{"@type":"WebPage","@id":"https:\/\/www.iskreni.net\/trgovina\/product\/dobra-novica-o-spolnosti-zakonu\/","url":"https:\/\/www.iskreni.net\/trgovina\/product\/dobra-novica-o-spolnosti-zakonu\/","name":"Dobra novica o spolnosti in zakonu - Zavod Iskreni","isPartOf":{"@id":"https:\/\/www.iskreni.net\/trgovina\/#website"},"primaryImageOfPage":{"@id":"https:\/\/www.iskreni.net\/trgovina\/product\/dobra-novica-o-spolnosti-zakonu\/#primaryimage"},"image":{"@id":"https:\/\/www.iskreni.net\/trgovina\/product\/dobra-novica-o-spolnosti-zakonu\/#primaryimage"},"thumbnailUrl":"https:\/\/www.iskreni.net\/trgovina\/wp-content\/uploads\/2016\/11\/dobra-novica-o-spolnosti-in-e1482852985584.jpg","datePublished":"2016-11-07T15:25:46+00:00","dateModified":"2025-09-11T08:29:21+00:00","description":"Dobra novica o spolnosti in zakonu prina\u0161a raz\u0161irjen pogled na teologijo telesa in na spolnost v zakonu, kot je o njej pripovedoval Janez Pavel II.","breadcrumb":{"@id":"https:\/\/www.iskreni.net\/trgovina\/product\/dobra-novica-o-spolnosti-zakonu\/#breadcrumb"},"inLanguage":"sl-SI","potentialAction":[{"@type":"ReadAction","target":["https:\/\/www.iskreni.net\/trgovina\/product\/dobra-novica-o-spolnosti-zakonu\/"]}]},{"@type":"ImageObject","inLanguage":"sl-SI","@id":"https:\/\/www.iskreni.net\/trgovina\/product\/dobra-novica-o-spolnosti-zakonu\/#primaryimage","url":"https:\/\/www.iskreni.net\/trgovina\/wp-content\/uploads\/2016\/11\/dobra-novica-o-spolnosti-in-e1482852985584.jpg","contentUrl":"https:\/\/www.iskreni.net\/trgovina\/wp-content\/uploads\/2016\/11\/dobra-novica-o-spolnosti-in-e1482852985584.jpg","width":531,"height":512},{"@type":"BreadcrumbList","@id":"https:\/\/www.iskreni.net\/trgovina\/product\/dobra-novica-o-spolnosti-zakonu\/#breadcrumb","itemListElement":[{"@type":"ListItem","position":1,"name":"Home","item":"https:\/\/www.iskreni.net\/trgovina\/"},{"@type":"ListItem","position":2,"name":"Trgovina","item":"https:\/\/www.iskreni.net\/trgovina\/trgovina\/"},{"@type":"ListItem","position":3,"name":"Dobra novica o spolnosti in zakonu"}]},{"@type":"WebSite","@id":"https:\/\/www.iskreni.net\/trgovina\/#website","url":"https:\/\/www.iskreni.net\/trgovina\/","name":"Zavod Iskreni","description":"trgovina","potentialAction":[{"@type":"SearchAction","target":{"@type":"EntryPoint","urlTemplate":"https:\/\/www.iskreni.net\/trgovina\/?s={search_term_string}"},"query-input":{"@type":"PropertyValueSpecification","valueRequired":true,"valueName":"search_term_string"}}],"inLanguage":"sl-SI"}]}},"_links":{"self":[{"href":"https:\/\/www.iskreni.net\/trgovina\/wp-json\/wp\/v2\/product\/1318","targetHints":{"allow":["GET"]}}],"collection":[{"href":"https:\/\/www.iskreni.net\/trgovina\/wp-json\/wp\/v2\/product"}],"about":[{"href":"https:\/\/www.iskreni.net\/trgovina\/wp-json\/wp\/v2\/types\/product"}],"replies":[{"embeddable":true,"href":"https:\/\/www.iskreni.net\/trgovina\/wp-json\/wp\/v2\/comments?post=1318"}],"version-history":[{"count":4,"href":"https:\/\/www.iskreni.net\/trgovina\/wp-json\/wp\/v2\/product\/1318\/revisions"}],"predecessor-version":[{"id":70138,"href":"https:\/\/www.iskreni.net\/trgovina\/wp-json\/wp\/v2\/product\/1318\/revisions\/70138"}],"wp:featuredmedia":[{"embeddable":true,"href":"https:\/\/www.iskreni.net\/trgovina\/wp-json\/wp\/v2\/media\/2833"}],"wp:attachment":[{"href":"https:\/\/www.iskreni.net\/trgovina\/wp-json\/wp\/v2\/media?parent=1318"}],"wp:term":[{"taxonomy":"product_brand","embeddable":true,"href":"https:\/\/www.iskreni.net\/trgovina\/wp-json\/wp\/v2\/product_brand?post=1318"},{"taxonomy":"product_cat","embeddable":true,"href":"https:\/\/www.iskreni.net\/trgovina\/wp-json\/wp\/v2\/product_cat?post=1318"},{"taxonomy":"product_tag","embeddable":true,"href":"https:\/\/www.iskreni.net\/trgovina\/wp-json\/wp\/v2\/product_tag?post=1318"},{"taxonomy":"avtor","embeddable":true,"href":"https:\/\/www.iskreni.net\/trgovina\/wp-json\/wp\/v2\/avtor?post=1318"},{"taxonomy":"zalozba","embeddable":true,"href":"https:\/\/www.iskreni.net\/trgovina\/wp-json\/wp\/v2\/zalozba?post=1318"},{"taxonomy":"vezava","embeddable":true,"href":"https:\/\/www.iskreni.net\/trgovina\/wp-json\/wp\/v2\/vezava?post=1318"}],"curies":[{"name":"wp","href":"https:\/\/api.w.org\/{rel}","templated":true}]}}