{"id":1310,"date":"2016-11-07T15:53:20","date_gmt":"2016-11-07T14:53:20","guid":{"rendered":"http:\/\/rojstnidan.si\/?post_type=product&#038;p=1310"},"modified":"2024-09-18T08:56:29","modified_gmt":"2024-09-18T06:56:29","slug":"kaj-je-druzina","status":"publish","type":"product","link":"https:\/\/www.iskreni.net\/trgovina\/product\/kaj-je-druzina\/","title":{"rendered":"Kaj je dru\u017eina?"},"content":{"rendered":"<h4>O knjigi <em>Kaj je dru\u017eina?<\/em><\/h4>\n<p>Dru\u017eina se iz osnovne celice dru\u017ebe spreminja v poskusni laboratorij, saj njen razvoj ni ve\u010d posledica spolne razli\u010dnosti, pa\u010d pa neobrzdane mo\u010di tehnologije. Namesto o\u010detov imamo znanstvenike, namesto ljube\u010dih mater steklene epruvete, namesto dru\u017einske mize elektronske tablice. Hadjadjev esej <i>Kaj je dru\u017eina?<\/i> poudarja, da je dru\u017eina po bo\u017eanskem na\u010drtu podrejena naklju\u010dnosti in kot tak\u0161na onkraj vseobsegajo\u010de racionalne kontrole, po kateri hlepi dana\u0161nja dru\u017eba. \u00bbVsi izhajamo iz neke dru\u017eine, vsi nosimo neko dru\u017einsko ime in vsi smo v neki dru\u017eini odra\u0161\u010dali. Dru\u017eina je temelj. In \u010de je temelj, potem dru\u017eine ne moremo ustvariti.\u00ab<\/p>\n<p>&nbsp;<\/p>\n<p><a href=\"https:\/\/www.iskreni.net\/trgovina\/wp-content\/uploads\/2022\/09\/kaj-je-druzina.pdf\">Prelistaj<\/a><\/p>\n","protected":false},"excerpt":{"rendered":"<p><strong>Prevod:<\/strong> Jasmina Rihar<br \/>\n<strong>Leto izdaje:<\/strong> 2015<br \/>\n<strong>\u0160tevilo strani:<\/strong> 152<\/p>\n<h4>Vsi izhajamo iz neke dru\u017eine, vsi nosimo neko dru\u017einsko ime in vsi smo v neki dru\u017eini odra\u0161\u010dali. Dru\u017eina je temelj. In \u010de je temelj, potem dru\u017eine ne moremo ustvariti.<\/h4>\n<p><a href=\"https:\/\/www.iskreni.net\/trgovina\/wp-content\/uploads\/2022\/09\/kaj-je-druzina.pdf\">Prelistaj<\/a><\/p>\n<p>&nbsp;<\/p>\n","protected":false},"featured_media":58922,"comment_status":"open","ping_status":"closed","template":"","meta":[],"product_brand":[253],"product_cat":[2326,2322,63],"product_tag":[1799],"avtor":[2349],"zalozba":[2311],"vezava":[2306],"class_list":{"0":"post-1310","1":"product","2":"type-product","3":"status-publish","4":"has-post-thumbnail","6":"product_brand-druzina","7":"product_cat-druzbena-vprasanja-in-humanistika","8":"product_cat-druzina-in-odnosi","9":"product_cat-knjige","10":"product_tag-teologija-telesa","11":"avtor-fabrice-hadjadj","12":"zalozba-druzina","13":"vezava-trda","15":"first","16":"instock","17":"taxable","18":"shipping-taxable","19":"purchasable","20":"product-type-simple"},"yoast_head":"<!-- This site is optimized with the Yoast SEO plugin v26.3 - https:\/\/yoast.com\/wordpress\/plugins\/seo\/ -->\n<title>Kaj je dru\u017eina? - trgovina Zavod Iskreni<\/title>\n<meta name=\"description\" content=\"Kaj je dru\u017eina? je delo Fabricea Hadjadja, ki poudarja, da je dru\u017eina po bo\u017eanskem na\u010drtu podrejena naklju\u010dnosti in je temelj, ki se ga ne da ustvariti.\" \/>\n<meta name=\"robots\" content=\"index, follow, max-snippet:-1, max-image-preview:large, max-video-preview:-1\" \/>\n<link rel=\"canonical\" href=\"https:\/\/www.iskreni.net\/trgovina\/product\/kaj-je-druzina\/\" \/>\n<meta property=\"og:locale\" content=\"sl_SI\" \/>\n<meta property=\"og:type\" content=\"article\" \/>\n<meta property=\"og:title\" content=\"Kaj je dru\u017eina? - trgovina Zavod Iskreni\" \/>\n<meta property=\"og:description\" content=\"Kaj je dru\u017eina? je delo Fabricea Hadjadja, ki poudarja, da je dru\u017eina po bo\u017eanskem na\u010drtu podrejena naklju\u010dnosti in je temelj, ki se ga ne da ustvariti.\" \/>\n<meta property=\"og:url\" content=\"https:\/\/www.iskreni.net\/trgovina\/product\/kaj-je-druzina\/\" \/>\n<meta property=\"og:site_name\" content=\"Zavod Iskreni\" \/>\n<meta property=\"article:modified_time\" content=\"2024-09-18T06:56:29+00:00\" \/>\n<meta property=\"og:image\" content=\"https:\/\/www.iskreni.net\/trgovina\/wp-content\/uploads\/2016\/11\/Slike-za-v-spletno-trgovino-26.jpg\" \/>\n\t<meta property=\"og:image:width\" content=\"600\" \/>\n\t<meta property=\"og:image:height\" content=\"600\" \/>\n\t<meta property=\"og:image:type\" content=\"image\/jpeg\" \/>\n<meta name=\"twitter:card\" content=\"summary_large_image\" \/>\n<meta name=\"twitter:label1\" content=\"Est. reading time\" \/>\n\t<meta name=\"twitter:data1\" content=\"1 minuta\" \/>\n<script type=\"application\/ld+json\" class=\"yoast-schema-graph\">{\"@context\":\"https:\/\/schema.org\",\"@graph\":[{\"@type\":\"WebPage\",\"@id\":\"https:\/\/www.iskreni.net\/trgovina\/product\/kaj-je-druzina\/\",\"url\":\"https:\/\/www.iskreni.net\/trgovina\/product\/kaj-je-druzina\/\",\"name\":\"Kaj je dru\u017eina? - trgovina Zavod Iskreni\",\"isPartOf\":{\"@id\":\"https:\/\/www.iskreni.net\/trgovina\/#website\"},\"primaryImageOfPage\":{\"@id\":\"https:\/\/www.iskreni.net\/trgovina\/product\/kaj-je-druzina\/#primaryimage\"},\"image\":{\"@id\":\"https:\/\/www.iskreni.net\/trgovina\/product\/kaj-je-druzina\/#primaryimage\"},\"thumbnailUrl\":\"https:\/\/www.iskreni.net\/trgovina\/wp-content\/uploads\/2016\/11\/Slike-za-v-spletno-trgovino-26.jpg\",\"datePublished\":\"2016-11-07T14:53:20+00:00\",\"dateModified\":\"2024-09-18T06:56:29+00:00\",\"description\":\"Kaj je dru\u017eina? je delo Fabricea Hadjadja, ki poudarja, da je dru\u017eina po bo\u017eanskem na\u010drtu podrejena naklju\u010dnosti in je temelj, ki se ga ne da ustvariti.\",\"breadcrumb\":{\"@id\":\"https:\/\/www.iskreni.net\/trgovina\/product\/kaj-je-druzina\/#breadcrumb\"},\"inLanguage\":\"sl-SI\",\"potentialAction\":[{\"@type\":\"ReadAction\",\"target\":[\"https:\/\/www.iskreni.net\/trgovina\/product\/kaj-je-druzina\/\"]}]},{\"@type\":\"ImageObject\",\"inLanguage\":\"sl-SI\",\"@id\":\"https:\/\/www.iskreni.net\/trgovina\/product\/kaj-je-druzina\/#primaryimage\",\"url\":\"https:\/\/www.iskreni.net\/trgovina\/wp-content\/uploads\/2016\/11\/Slike-za-v-spletno-trgovino-26.jpg\",\"contentUrl\":\"https:\/\/www.iskreni.net\/trgovina\/wp-content\/uploads\/2016\/11\/Slike-za-v-spletno-trgovino-26.jpg\",\"width\":600,\"height\":600},{\"@type\":\"BreadcrumbList\",\"@id\":\"https:\/\/www.iskreni.net\/trgovina\/product\/kaj-je-druzina\/#breadcrumb\",\"itemListElement\":[{\"@type\":\"ListItem\",\"position\":1,\"name\":\"Home\",\"item\":\"https:\/\/www.iskreni.net\/trgovina\/\"},{\"@type\":\"ListItem\",\"position\":2,\"name\":\"Trgovina\",\"item\":\"https:\/\/www.iskreni.net\/trgovina\/trgovina\/\"},{\"@type\":\"ListItem\",\"position\":3,\"name\":\"Kaj je dru\u017eina?\"}]},{\"@type\":\"WebSite\",\"@id\":\"https:\/\/www.iskreni.net\/trgovina\/#website\",\"url\":\"https:\/\/www.iskreni.net\/trgovina\/\",\"name\":\"Zavod Iskreni\",\"description\":\"trgovina\",\"potentialAction\":[{\"@type\":\"SearchAction\",\"target\":{\"@type\":\"EntryPoint\",\"urlTemplate\":\"https:\/\/www.iskreni.net\/trgovina\/?s={search_term_string}\"},\"query-input\":{\"@type\":\"PropertyValueSpecification\",\"valueRequired\":true,\"valueName\":\"search_term_string\"}}],\"inLanguage\":\"sl-SI\"}]}<\/script>\n<!-- \/ Yoast SEO plugin. -->","yoast_head_json":{"title":"Kaj je dru\u017eina? - trgovina Zavod Iskreni","description":"Kaj je dru\u017eina? je delo Fabricea Hadjadja, ki poudarja, da je dru\u017eina po bo\u017eanskem na\u010drtu podrejena naklju\u010dnosti in je temelj, ki se ga ne da ustvariti.","robots":{"index":"index","follow":"follow","max-snippet":"max-snippet:-1","max-image-preview":"max-image-preview:large","max-video-preview":"max-video-preview:-1"},"canonical":"https:\/\/www.iskreni.net\/trgovina\/product\/kaj-je-druzina\/","og_locale":"sl_SI","og_type":"article","og_title":"Kaj je dru\u017eina? - trgovina Zavod Iskreni","og_description":"Kaj je dru\u017eina? je delo Fabricea Hadjadja, ki poudarja, da je dru\u017eina po bo\u017eanskem na\u010drtu podrejena naklju\u010dnosti in je temelj, ki se ga ne da ustvariti.","og_url":"https:\/\/www.iskreni.net\/trgovina\/product\/kaj-je-druzina\/","og_site_name":"Zavod Iskreni","article_modified_time":"2024-09-18T06:56:29+00:00","og_image":[{"width":600,"height":600,"url":"https:\/\/www.iskreni.net\/trgovina\/wp-content\/uploads\/2016\/11\/Slike-za-v-spletno-trgovino-26.jpg","type":"image\/jpeg"}],"twitter_card":"summary_large_image","twitter_misc":{"Est. reading time":"1 minuta"},"schema":{"@context":"https:\/\/schema.org","@graph":[{"@type":"WebPage","@id":"https:\/\/www.iskreni.net\/trgovina\/product\/kaj-je-druzina\/","url":"https:\/\/www.iskreni.net\/trgovina\/product\/kaj-je-druzina\/","name":"Kaj je dru\u017eina? - trgovina Zavod Iskreni","isPartOf":{"@id":"https:\/\/www.iskreni.net\/trgovina\/#website"},"primaryImageOfPage":{"@id":"https:\/\/www.iskreni.net\/trgovina\/product\/kaj-je-druzina\/#primaryimage"},"image":{"@id":"https:\/\/www.iskreni.net\/trgovina\/product\/kaj-je-druzina\/#primaryimage"},"thumbnailUrl":"https:\/\/www.iskreni.net\/trgovina\/wp-content\/uploads\/2016\/11\/Slike-za-v-spletno-trgovino-26.jpg","datePublished":"2016-11-07T14:53:20+00:00","dateModified":"2024-09-18T06:56:29+00:00","description":"Kaj je dru\u017eina? je delo Fabricea Hadjadja, ki poudarja, da je dru\u017eina po bo\u017eanskem na\u010drtu podrejena naklju\u010dnosti in je temelj, ki se ga ne da ustvariti.","breadcrumb":{"@id":"https:\/\/www.iskreni.net\/trgovina\/product\/kaj-je-druzina\/#breadcrumb"},"inLanguage":"sl-SI","potentialAction":[{"@type":"ReadAction","target":["https:\/\/www.iskreni.net\/trgovina\/product\/kaj-je-druzina\/"]}]},{"@type":"ImageObject","inLanguage":"sl-SI","@id":"https:\/\/www.iskreni.net\/trgovina\/product\/kaj-je-druzina\/#primaryimage","url":"https:\/\/www.iskreni.net\/trgovina\/wp-content\/uploads\/2016\/11\/Slike-za-v-spletno-trgovino-26.jpg","contentUrl":"https:\/\/www.iskreni.net\/trgovina\/wp-content\/uploads\/2016\/11\/Slike-za-v-spletno-trgovino-26.jpg","width":600,"height":600},{"@type":"BreadcrumbList","@id":"https:\/\/www.iskreni.net\/trgovina\/product\/kaj-je-druzina\/#breadcrumb","itemListElement":[{"@type":"ListItem","position":1,"name":"Home","item":"https:\/\/www.iskreni.net\/trgovina\/"},{"@type":"ListItem","position":2,"name":"Trgovina","item":"https:\/\/www.iskreni.net\/trgovina\/trgovina\/"},{"@type":"ListItem","position":3,"name":"Kaj je dru\u017eina?"}]},{"@type":"WebSite","@id":"https:\/\/www.iskreni.net\/trgovina\/#website","url":"https:\/\/www.iskreni.net\/trgovina\/","name":"Zavod Iskreni","description":"trgovina","potentialAction":[{"@type":"SearchAction","target":{"@type":"EntryPoint","urlTemplate":"https:\/\/www.iskreni.net\/trgovina\/?s={search_term_string}"},"query-input":{"@type":"PropertyValueSpecification","valueRequired":true,"valueName":"search_term_string"}}],"inLanguage":"sl-SI"}]}},"_links":{"self":[{"href":"https:\/\/www.iskreni.net\/trgovina\/wp-json\/wp\/v2\/product\/1310","targetHints":{"allow":["GET"]}}],"collection":[{"href":"https:\/\/www.iskreni.net\/trgovina\/wp-json\/wp\/v2\/product"}],"about":[{"href":"https:\/\/www.iskreni.net\/trgovina\/wp-json\/wp\/v2\/types\/product"}],"replies":[{"embeddable":true,"href":"https:\/\/www.iskreni.net\/trgovina\/wp-json\/wp\/v2\/comments?post=1310"}],"version-history":[{"count":3,"href":"https:\/\/www.iskreni.net\/trgovina\/wp-json\/wp\/v2\/product\/1310\/revisions"}],"predecessor-version":[{"id":70135,"href":"https:\/\/www.iskreni.net\/trgovina\/wp-json\/wp\/v2\/product\/1310\/revisions\/70135"}],"wp:featuredmedia":[{"embeddable":true,"href":"https:\/\/www.iskreni.net\/trgovina\/wp-json\/wp\/v2\/media\/58922"}],"wp:attachment":[{"href":"https:\/\/www.iskreni.net\/trgovina\/wp-json\/wp\/v2\/media?parent=1310"}],"wp:term":[{"taxonomy":"product_brand","embeddable":true,"href":"https:\/\/www.iskreni.net\/trgovina\/wp-json\/wp\/v2\/product_brand?post=1310"},{"taxonomy":"product_cat","embeddable":true,"href":"https:\/\/www.iskreni.net\/trgovina\/wp-json\/wp\/v2\/product_cat?post=1310"},{"taxonomy":"product_tag","embeddable":true,"href":"https:\/\/www.iskreni.net\/trgovina\/wp-json\/wp\/v2\/product_tag?post=1310"},{"taxonomy":"avtor","embeddable":true,"href":"https:\/\/www.iskreni.net\/trgovina\/wp-json\/wp\/v2\/avtor?post=1310"},{"taxonomy":"zalozba","embeddable":true,"href":"https:\/\/www.iskreni.net\/trgovina\/wp-json\/wp\/v2\/zalozba?post=1310"},{"taxonomy":"vezava","embeddable":true,"href":"https:\/\/www.iskreni.net\/trgovina\/wp-json\/wp\/v2\/vezava?post=1310"}],"curies":[{"name":"wp","href":"https:\/\/api.w.org\/{rel}","templated":true}]}}