{"id":1286,"date":"2016-11-04T16:25:52","date_gmt":"2016-11-04T15:25:52","guid":{"rendered":"http:\/\/rojstnidan.si\/?post_type=product&#038;p=1286"},"modified":"2023-10-19T15:12:20","modified_gmt":"2023-10-19T13:12:20","slug":"planinski-izleti-za-4-letne-case-2","status":"publish","type":"product","link":"https:\/\/www.iskreni.net\/trgovina\/product\/planinski-izleti-za-4-letne-case-2\/","title":{"rendered":"Planinski izleti za 4 letne \u010dase 2"},"content":{"rendered":"<p><strong>O knjigi Planinski izleti za 4 letne \u010dase 2<\/strong><\/p>\n<p>Beseda avtorja:<\/p>\n<p>Za tednik Dru\u017eina \u017ee od leta 2003 pripravljam izletni\u0161ke reporta\u017ee po planinskih, pohodni\u0161kih in romarskih poteh. \u010ceprav sem jih v osmih letih in pol napisal \u017ee okrog dvesto, zamisli zanje \u0161e dolgo ne bo zmanjkalo, saj imamo v na\u0161i dr\u017eavi okrog osem tiso\u010d kilometrov ozna\u010denih planinskih poti.<br \/>\nZaradi dobrega odziva na reporta\u017ee smo leta 2007 pripravili njihov izbor in ga objavili v knjigi planinskih izletov za \u0161tiri letne \u010dase. Knjiga je \u017ee pred \u010dasom po\u0161la, zato je tokrat pred vami njeno nadaljevanje z 52 novimi izleti \u2013 z enim za vsak teden v letu.<\/p>\n<p>Tudi tokrat sem se podal v vse slovenske \u0161kofije, opisal nekaj znanih izletni\u0161kih to\u010dk in nekaj takih, za katere morda \u0161e niste sli\u0161ali. V\u010dasih je bila pot tako dolga, da me je tudi v dolgih poletnih dneh na koncu lovila no\u010d, drugi\u010d sem si privo\u0161\u010dil le kratek sprehod, na katerega bi brez bojazni lahko vzel tudi svoje otroke. Vedno pa sem pazil, da so izleti \u010dim bolj ubrani z dogajanjem v naravi.<\/p>\n<p>V uvodu prve knjige planinskih izletov za \u0161tiri letne \u010dase sem ugotavljal, da je moja majhna domovina v resnici zelo velika. V teh \u0161tirih letih se je moje spoznanje o tem \u0161e okrepilo. \u010cim ve\u010d izletov je za mano, tem bolj ugotavljam, kako slabo poznam de\u017eelo, v kateri \u017eivim \u017ee od rojstva.<\/p>\n<p><a href=\"https:\/\/www.iskreni.net\/trgovina\/wp-content\/uploads\/2022\/09\/planinski-izleti-za-4-letne-case-2.pdf\">Pogled v knjigo<\/a><\/p>\n","protected":false},"excerpt":{"rendered":"<p><strong>Leto izdaje:<\/strong> 2011<br \/>\n<strong>\u0160tevilo strani:<\/strong> 232<\/p>\n<h4>En izlet za vsak teden v letu!<\/h4>\n<p><a href=\"https:\/\/www.iskreni.net\/trgovina\/wp-content\/uploads\/2022\/09\/planinski-izleti-za-4-letne-case-2.pdf\">Pogled v knjigo<\/a><\/p>\n<p>&nbsp;<\/p>\n","protected":false},"featured_media":1287,"comment_status":"open","ping_status":"closed","template":"","meta":[],"product_brand":[253],"product_cat":[2327,63],"product_tag":[2388],"avtor":[2511],"zalozba":[2311],"vezava":[2307],"class_list":{"0":"post-1286","1":"product","2":"type-product","3":"status-publish","4":"has-post-thumbnail","6":"product_brand-druzina","7":"product_cat-prirocniki-in-vodniki","8":"product_cat-knjige","9":"product_tag-izleti","10":"avtor-andrej-praznik","11":"zalozba-druzina","12":"vezava-mehka","14":"first","15":"instock","16":"taxable","17":"shipping-taxable","18":"purchasable","19":"product-type-simple"},"yoast_head":"<!-- This site is optimized with the Yoast SEO plugin v26.3 - https:\/\/yoast.com\/wordpress\/plugins\/seo\/ -->\n<title>Planinski izleti za 4 letne \u010dase 2 - Zavod Iskreni<\/title>\n<meta name=\"description\" content=\"Planinski izleti za 4 letne \u010dase 2 ponuja 52 izletov za vsak teden v letu, od dolgih pohodov do kratkih sprehodov, primernih za dru\u017eine z majhnimi otroki.\" \/>\n<meta name=\"robots\" content=\"index, follow, max-snippet:-1, max-image-preview:large, max-video-preview:-1\" \/>\n<link rel=\"canonical\" href=\"https:\/\/www.iskreni.net\/trgovina\/product\/planinski-izleti-za-4-letne-case-2\/\" \/>\n<meta property=\"og:locale\" content=\"sl_SI\" \/>\n<meta property=\"og:type\" content=\"article\" \/>\n<meta property=\"og:title\" content=\"Planinski izleti za 4 letne \u010dase 2 - Zavod Iskreni\" \/>\n<meta property=\"og:description\" content=\"Planinski izleti za 4 letne \u010dase 2 ponuja 52 izletov za vsak teden v letu, od dolgih pohodov do kratkih sprehodov, primernih za dru\u017eine z majhnimi otroki.\" \/>\n<meta property=\"og:url\" content=\"https:\/\/www.iskreni.net\/trgovina\/product\/planinski-izleti-za-4-letne-case-2\/\" \/>\n<meta property=\"og:site_name\" content=\"Zavod Iskreni\" \/>\n<meta property=\"article:modified_time\" content=\"2023-10-19T13:12:20+00:00\" \/>\n<meta property=\"og:image\" content=\"https:\/\/www.iskreni.net\/trgovina\/wp-content\/uploads\/2016\/11\/planiski-2.jpg\" \/>\n\t<meta property=\"og:image:width\" content=\"204\" \/>\n\t<meta property=\"og:image:height\" content=\"307\" \/>\n\t<meta property=\"og:image:type\" content=\"image\/jpeg\" \/>\n<meta name=\"twitter:card\" content=\"summary_large_image\" \/>\n<meta name=\"twitter:label1\" content=\"Est. reading time\" \/>\n\t<meta name=\"twitter:data1\" content=\"2 minuti\" \/>\n<script type=\"application\/ld+json\" class=\"yoast-schema-graph\">{\"@context\":\"https:\/\/schema.org\",\"@graph\":[{\"@type\":\"WebPage\",\"@id\":\"https:\/\/www.iskreni.net\/trgovina\/product\/planinski-izleti-za-4-letne-case-2\/\",\"url\":\"https:\/\/www.iskreni.net\/trgovina\/product\/planinski-izleti-za-4-letne-case-2\/\",\"name\":\"Planinski izleti za 4 letne \u010dase 2 - Zavod Iskreni\",\"isPartOf\":{\"@id\":\"https:\/\/www.iskreni.net\/trgovina\/#website\"},\"primaryImageOfPage\":{\"@id\":\"https:\/\/www.iskreni.net\/trgovina\/product\/planinski-izleti-za-4-letne-case-2\/#primaryimage\"},\"image\":{\"@id\":\"https:\/\/www.iskreni.net\/trgovina\/product\/planinski-izleti-za-4-letne-case-2\/#primaryimage\"},\"thumbnailUrl\":\"https:\/\/www.iskreni.net\/trgovina\/wp-content\/uploads\/2016\/11\/planiski-2.jpg\",\"datePublished\":\"2016-11-04T15:25:52+00:00\",\"dateModified\":\"2023-10-19T13:12:20+00:00\",\"description\":\"Planinski izleti za 4 letne \u010dase 2 ponuja 52 izletov za vsak teden v letu, od dolgih pohodov do kratkih sprehodov, primernih za dru\u017eine z majhnimi otroki.\",\"breadcrumb\":{\"@id\":\"https:\/\/www.iskreni.net\/trgovina\/product\/planinski-izleti-za-4-letne-case-2\/#breadcrumb\"},\"inLanguage\":\"sl-SI\",\"potentialAction\":[{\"@type\":\"ReadAction\",\"target\":[\"https:\/\/www.iskreni.net\/trgovina\/product\/planinski-izleti-za-4-letne-case-2\/\"]}]},{\"@type\":\"ImageObject\",\"inLanguage\":\"sl-SI\",\"@id\":\"https:\/\/www.iskreni.net\/trgovina\/product\/planinski-izleti-za-4-letne-case-2\/#primaryimage\",\"url\":\"https:\/\/www.iskreni.net\/trgovina\/wp-content\/uploads\/2016\/11\/planiski-2.jpg\",\"contentUrl\":\"https:\/\/www.iskreni.net\/trgovina\/wp-content\/uploads\/2016\/11\/planiski-2.jpg\",\"width\":204,\"height\":307},{\"@type\":\"BreadcrumbList\",\"@id\":\"https:\/\/www.iskreni.net\/trgovina\/product\/planinski-izleti-za-4-letne-case-2\/#breadcrumb\",\"itemListElement\":[{\"@type\":\"ListItem\",\"position\":1,\"name\":\"Home\",\"item\":\"https:\/\/www.iskreni.net\/trgovina\/\"},{\"@type\":\"ListItem\",\"position\":2,\"name\":\"Trgovina\",\"item\":\"https:\/\/www.iskreni.net\/trgovina\/trgovina\/\"},{\"@type\":\"ListItem\",\"position\":3,\"name\":\"Planinski izleti za 4 letne \u010dase 2\"}]},{\"@type\":\"WebSite\",\"@id\":\"https:\/\/www.iskreni.net\/trgovina\/#website\",\"url\":\"https:\/\/www.iskreni.net\/trgovina\/\",\"name\":\"Zavod Iskreni\",\"description\":\"trgovina\",\"potentialAction\":[{\"@type\":\"SearchAction\",\"target\":{\"@type\":\"EntryPoint\",\"urlTemplate\":\"https:\/\/www.iskreni.net\/trgovina\/?s={search_term_string}\"},\"query-input\":{\"@type\":\"PropertyValueSpecification\",\"valueRequired\":true,\"valueName\":\"search_term_string\"}}],\"inLanguage\":\"sl-SI\"}]}<\/script>\n<!-- \/ Yoast SEO plugin. -->","yoast_head_json":{"title":"Planinski izleti za 4 letne \u010dase 2 - Zavod Iskreni","description":"Planinski izleti za 4 letne \u010dase 2 ponuja 52 izletov za vsak teden v letu, od dolgih pohodov do kratkih sprehodov, primernih za dru\u017eine z majhnimi otroki.","robots":{"index":"index","follow":"follow","max-snippet":"max-snippet:-1","max-image-preview":"max-image-preview:large","max-video-preview":"max-video-preview:-1"},"canonical":"https:\/\/www.iskreni.net\/trgovina\/product\/planinski-izleti-za-4-letne-case-2\/","og_locale":"sl_SI","og_type":"article","og_title":"Planinski izleti za 4 letne \u010dase 2 - Zavod Iskreni","og_description":"Planinski izleti za 4 letne \u010dase 2 ponuja 52 izletov za vsak teden v letu, od dolgih pohodov do kratkih sprehodov, primernih za dru\u017eine z majhnimi otroki.","og_url":"https:\/\/www.iskreni.net\/trgovina\/product\/planinski-izleti-za-4-letne-case-2\/","og_site_name":"Zavod Iskreni","article_modified_time":"2023-10-19T13:12:20+00:00","og_image":[{"width":204,"height":307,"url":"https:\/\/www.iskreni.net\/trgovina\/wp-content\/uploads\/2016\/11\/planiski-2.jpg","type":"image\/jpeg"}],"twitter_card":"summary_large_image","twitter_misc":{"Est. reading time":"2 minuti"},"schema":{"@context":"https:\/\/schema.org","@graph":[{"@type":"WebPage","@id":"https:\/\/www.iskreni.net\/trgovina\/product\/planinski-izleti-za-4-letne-case-2\/","url":"https:\/\/www.iskreni.net\/trgovina\/product\/planinski-izleti-za-4-letne-case-2\/","name":"Planinski izleti za 4 letne \u010dase 2 - Zavod Iskreni","isPartOf":{"@id":"https:\/\/www.iskreni.net\/trgovina\/#website"},"primaryImageOfPage":{"@id":"https:\/\/www.iskreni.net\/trgovina\/product\/planinski-izleti-za-4-letne-case-2\/#primaryimage"},"image":{"@id":"https:\/\/www.iskreni.net\/trgovina\/product\/planinski-izleti-za-4-letne-case-2\/#primaryimage"},"thumbnailUrl":"https:\/\/www.iskreni.net\/trgovina\/wp-content\/uploads\/2016\/11\/planiski-2.jpg","datePublished":"2016-11-04T15:25:52+00:00","dateModified":"2023-10-19T13:12:20+00:00","description":"Planinski izleti za 4 letne \u010dase 2 ponuja 52 izletov za vsak teden v letu, od dolgih pohodov do kratkih sprehodov, primernih za dru\u017eine z majhnimi otroki.","breadcrumb":{"@id":"https:\/\/www.iskreni.net\/trgovina\/product\/planinski-izleti-za-4-letne-case-2\/#breadcrumb"},"inLanguage":"sl-SI","potentialAction":[{"@type":"ReadAction","target":["https:\/\/www.iskreni.net\/trgovina\/product\/planinski-izleti-za-4-letne-case-2\/"]}]},{"@type":"ImageObject","inLanguage":"sl-SI","@id":"https:\/\/www.iskreni.net\/trgovina\/product\/planinski-izleti-za-4-letne-case-2\/#primaryimage","url":"https:\/\/www.iskreni.net\/trgovina\/wp-content\/uploads\/2016\/11\/planiski-2.jpg","contentUrl":"https:\/\/www.iskreni.net\/trgovina\/wp-content\/uploads\/2016\/11\/planiski-2.jpg","width":204,"height":307},{"@type":"BreadcrumbList","@id":"https:\/\/www.iskreni.net\/trgovina\/product\/planinski-izleti-za-4-letne-case-2\/#breadcrumb","itemListElement":[{"@type":"ListItem","position":1,"name":"Home","item":"https:\/\/www.iskreni.net\/trgovina\/"},{"@type":"ListItem","position":2,"name":"Trgovina","item":"https:\/\/www.iskreni.net\/trgovina\/trgovina\/"},{"@type":"ListItem","position":3,"name":"Planinski izleti za 4 letne \u010dase 2"}]},{"@type":"WebSite","@id":"https:\/\/www.iskreni.net\/trgovina\/#website","url":"https:\/\/www.iskreni.net\/trgovina\/","name":"Zavod Iskreni","description":"trgovina","potentialAction":[{"@type":"SearchAction","target":{"@type":"EntryPoint","urlTemplate":"https:\/\/www.iskreni.net\/trgovina\/?s={search_term_string}"},"query-input":{"@type":"PropertyValueSpecification","valueRequired":true,"valueName":"search_term_string"}}],"inLanguage":"sl-SI"}]}},"_links":{"self":[{"href":"https:\/\/www.iskreni.net\/trgovina\/wp-json\/wp\/v2\/product\/1286","targetHints":{"allow":["GET"]}}],"collection":[{"href":"https:\/\/www.iskreni.net\/trgovina\/wp-json\/wp\/v2\/product"}],"about":[{"href":"https:\/\/www.iskreni.net\/trgovina\/wp-json\/wp\/v2\/types\/product"}],"replies":[{"embeddable":true,"href":"https:\/\/www.iskreni.net\/trgovina\/wp-json\/wp\/v2\/comments?post=1286"}],"version-history":[{"count":4,"href":"https:\/\/www.iskreni.net\/trgovina\/wp-json\/wp\/v2\/product\/1286\/revisions"}],"predecessor-version":[{"id":70129,"href":"https:\/\/www.iskreni.net\/trgovina\/wp-json\/wp\/v2\/product\/1286\/revisions\/70129"}],"wp:featuredmedia":[{"embeddable":true,"href":"https:\/\/www.iskreni.net\/trgovina\/wp-json\/wp\/v2\/media\/1287"}],"wp:attachment":[{"href":"https:\/\/www.iskreni.net\/trgovina\/wp-json\/wp\/v2\/media?parent=1286"}],"wp:term":[{"taxonomy":"product_brand","embeddable":true,"href":"https:\/\/www.iskreni.net\/trgovina\/wp-json\/wp\/v2\/product_brand?post=1286"},{"taxonomy":"product_cat","embeddable":true,"href":"https:\/\/www.iskreni.net\/trgovina\/wp-json\/wp\/v2\/product_cat?post=1286"},{"taxonomy":"product_tag","embeddable":true,"href":"https:\/\/www.iskreni.net\/trgovina\/wp-json\/wp\/v2\/product_tag?post=1286"},{"taxonomy":"avtor","embeddable":true,"href":"https:\/\/www.iskreni.net\/trgovina\/wp-json\/wp\/v2\/avtor?post=1286"},{"taxonomy":"zalozba","embeddable":true,"href":"https:\/\/www.iskreni.net\/trgovina\/wp-json\/wp\/v2\/zalozba?post=1286"},{"taxonomy":"vezava","embeddable":true,"href":"https:\/\/www.iskreni.net\/trgovina\/wp-json\/wp\/v2\/vezava?post=1286"}],"curies":[{"name":"wp","href":"https:\/\/api.w.org\/{rel}","templated":true}]}}