{"id":1258,"date":"2016-11-04T14:23:53","date_gmt":"2016-11-04T13:23:53","guid":{"rendered":"http:\/\/rojstnidan.si\/?post_type=product&#038;p=1258"},"modified":"2025-09-11T10:29:57","modified_gmt":"2025-09-11T08:29:57","slug":"seks-kakrsnega-ne-poznate","status":"publish","type":"product","link":"https:\/\/www.iskreni.net\/trgovina\/product\/seks-kakrsnega-ne-poznate\/","title":{"rendered":"Seks, kakr\u0161nega ne poznate"},"content":{"rendered":"<h4>O knjigi Seks, kakr\u0161nega ne poznate<\/h4>\n<p><b>Za zakonce, ki ljubijo Boga<\/b><\/p>\n<p>Nekateri se spra\u0161ujejo: \u00bbKaj ima Bog opraviti z mojim spolnim \u017eivljenjem?\u00ab Drugi pa si, ko sli\u0161ijo, da je spolni odnos nekaj svetega, takoj predstavljajo, da v njem ne sme biti veselja, vznemirljivih igric, fantazij in privla\u010dnih poz, ki ugajajo zakoncema. Biti mora tako \u017ealosten kot stara cerkvena pesem.<\/p>\n<p>O\u010de Ksawery Knotz zelo enostavno in brez zadr\u017ekov poka\u017ee, da se tako eni kot drugi motijo. \u00bbKaj ima Bog opraviti z mojim spolnim \u017eivljenjem?\u00ab Toda kaj ima Bog opraviti s tvojim zdravjem, denarjem, delom, po\u010ditkom, ljubeznijo, smrtjo? \u010ce nima ni\u010desar, to pomeni, da nisi kristjan!<\/p>\n<p>&nbsp;<\/p>\n<p>&nbsp;<\/p>\n","protected":false},"excerpt":{"rendered":"<p><strong>Avtor:<\/strong>\u00a0Ksawery Knotz<br \/>\n<strong>Prevajalec<\/strong>:\u00a0Klemen Pisk<br \/>\n<strong>Zalo\u017eba:<\/strong> Ognji\u0161\u010de<br \/>\n<strong>Leto izdaje:<\/strong> 2010<br \/>\n<strong>\u0160tevilo strani:<\/strong> 240<\/p>\n<p>&nbsp;<\/p>\n<div class=\"module clearfix\">\n<section class=\"magazine_single\">\n<article>\n<div class=\"article-content\">\n<p>&nbsp;<\/p>\n<\/div>\n<\/article>\n<\/section>\n<\/div>\n","protected":false},"featured_media":1259,"comment_status":"open","ping_status":"closed","template":"","meta":[],"product_brand":[258],"product_cat":[2322,2324,63],"product_tag":[410,1459,1799],"avtor":[],"zalozba":[],"vezava":[],"class_list":{"0":"post-1258","1":"product","2":"type-product","3":"status-publish","4":"has-post-thumbnail","6":"product_brand-druge-zalozbe","7":"product_cat-druzina-in-odnosi","8":"product_cat-duhovnost-in-osebna-rast","9":"product_cat-knjige","10":"product_tag-poroka","11":"product_tag-spolnost","12":"product_tag-teologija-telesa","14":"first","15":"onbackorder","16":"taxable","17":"shipping-taxable","18":"purchasable","19":"product-type-simple"},"yoast_head":"<!-- This site is optimized with the Yoast SEO plugin v26.3 - https:\/\/yoast.com\/wordpress\/plugins\/seo\/ -->\n<title>Seks, kakr\u0161nega ne poznate - trgovina Zavod Iskreni<\/title>\n<meta name=\"description\" content=\"Seks, kakr\u0161nega ne poznate je vodi\u010d, ki ga je napisal o\u010de Ksawery Knotz, ki enostavno in brez zadr\u017ekov poka\u017ee, kaj ima Bog opraviti s spolnim \u017eivljenjem.\" \/>\n<meta name=\"robots\" content=\"index, follow, max-snippet:-1, max-image-preview:large, max-video-preview:-1\" \/>\n<link rel=\"canonical\" href=\"https:\/\/www.iskreni.net\/trgovina\/product\/seks-kakrsnega-ne-poznate\/\" \/>\n<meta property=\"og:locale\" content=\"sl_SI\" \/>\n<meta property=\"og:type\" content=\"article\" \/>\n<meta property=\"og:title\" content=\"Seks, kakr\u0161nega ne poznate - trgovina Zavod Iskreni\" \/>\n<meta property=\"og:description\" content=\"Seks, kakr\u0161nega ne poznate je vodi\u010d, ki ga je napisal o\u010de Ksawery Knotz, ki enostavno in brez zadr\u017ekov poka\u017ee, kaj ima Bog opraviti s spolnim \u017eivljenjem.\" \/>\n<meta property=\"og:url\" content=\"https:\/\/www.iskreni.net\/trgovina\/product\/seks-kakrsnega-ne-poznate\/\" \/>\n<meta property=\"og:site_name\" content=\"Zavod Iskreni\" \/>\n<meta property=\"article:modified_time\" content=\"2025-09-11T08:29:57+00:00\" \/>\n<meta property=\"og:image\" content=\"https:\/\/www.iskreni.net\/trgovina\/wp-content\/uploads\/2016\/11\/Seks_kakrsnega_ne_poznate.jpg\" \/>\n\t<meta property=\"og:image:width\" content=\"174\" \/>\n\t<meta property=\"og:image:height\" content=\"237\" \/>\n\t<meta property=\"og:image:type\" content=\"image\/jpeg\" \/>\n<meta name=\"twitter:card\" content=\"summary_large_image\" \/>\n<meta name=\"twitter:label1\" content=\"Est. reading time\" \/>\n\t<meta name=\"twitter:data1\" content=\"1 minuta\" \/>\n<script type=\"application\/ld+json\" class=\"yoast-schema-graph\">{\"@context\":\"https:\/\/schema.org\",\"@graph\":[{\"@type\":\"WebPage\",\"@id\":\"https:\/\/www.iskreni.net\/trgovina\/product\/seks-kakrsnega-ne-poznate\/\",\"url\":\"https:\/\/www.iskreni.net\/trgovina\/product\/seks-kakrsnega-ne-poznate\/\",\"name\":\"Seks, kakr\u0161nega ne poznate - trgovina Zavod Iskreni\",\"isPartOf\":{\"@id\":\"https:\/\/www.iskreni.net\/trgovina\/#website\"},\"primaryImageOfPage\":{\"@id\":\"https:\/\/www.iskreni.net\/trgovina\/product\/seks-kakrsnega-ne-poznate\/#primaryimage\"},\"image\":{\"@id\":\"https:\/\/www.iskreni.net\/trgovina\/product\/seks-kakrsnega-ne-poznate\/#primaryimage\"},\"thumbnailUrl\":\"https:\/\/www.iskreni.net\/trgovina\/wp-content\/uploads\/2016\/11\/Seks_kakrsnega_ne_poznate.jpg\",\"datePublished\":\"2016-11-04T13:23:53+00:00\",\"dateModified\":\"2025-09-11T08:29:57+00:00\",\"description\":\"Seks, kakr\u0161nega ne poznate je vodi\u010d, ki ga je napisal o\u010de Ksawery Knotz, ki enostavno in brez zadr\u017ekov poka\u017ee, kaj ima Bog opraviti s spolnim \u017eivljenjem.\",\"breadcrumb\":{\"@id\":\"https:\/\/www.iskreni.net\/trgovina\/product\/seks-kakrsnega-ne-poznate\/#breadcrumb\"},\"inLanguage\":\"sl-SI\",\"potentialAction\":[{\"@type\":\"ReadAction\",\"target\":[\"https:\/\/www.iskreni.net\/trgovina\/product\/seks-kakrsnega-ne-poznate\/\"]}]},{\"@type\":\"ImageObject\",\"inLanguage\":\"sl-SI\",\"@id\":\"https:\/\/www.iskreni.net\/trgovina\/product\/seks-kakrsnega-ne-poznate\/#primaryimage\",\"url\":\"https:\/\/www.iskreni.net\/trgovina\/wp-content\/uploads\/2016\/11\/Seks_kakrsnega_ne_poznate.jpg\",\"contentUrl\":\"https:\/\/www.iskreni.net\/trgovina\/wp-content\/uploads\/2016\/11\/Seks_kakrsnega_ne_poznate.jpg\",\"width\":174,\"height\":237},{\"@type\":\"BreadcrumbList\",\"@id\":\"https:\/\/www.iskreni.net\/trgovina\/product\/seks-kakrsnega-ne-poznate\/#breadcrumb\",\"itemListElement\":[{\"@type\":\"ListItem\",\"position\":1,\"name\":\"Home\",\"item\":\"https:\/\/www.iskreni.net\/trgovina\/\"},{\"@type\":\"ListItem\",\"position\":2,\"name\":\"Trgovina\",\"item\":\"https:\/\/www.iskreni.net\/trgovina\/trgovina\/\"},{\"@type\":\"ListItem\",\"position\":3,\"name\":\"Seks, kakr\u0161nega ne poznate\"}]},{\"@type\":\"WebSite\",\"@id\":\"https:\/\/www.iskreni.net\/trgovina\/#website\",\"url\":\"https:\/\/www.iskreni.net\/trgovina\/\",\"name\":\"Zavod Iskreni\",\"description\":\"trgovina\",\"potentialAction\":[{\"@type\":\"SearchAction\",\"target\":{\"@type\":\"EntryPoint\",\"urlTemplate\":\"https:\/\/www.iskreni.net\/trgovina\/?s={search_term_string}\"},\"query-input\":{\"@type\":\"PropertyValueSpecification\",\"valueRequired\":true,\"valueName\":\"search_term_string\"}}],\"inLanguage\":\"sl-SI\"}]}<\/script>\n<!-- \/ Yoast SEO plugin. -->","yoast_head_json":{"title":"Seks, kakr\u0161nega ne poznate - trgovina Zavod Iskreni","description":"Seks, kakr\u0161nega ne poznate je vodi\u010d, ki ga je napisal o\u010de Ksawery Knotz, ki enostavno in brez zadr\u017ekov poka\u017ee, kaj ima Bog opraviti s spolnim \u017eivljenjem.","robots":{"index":"index","follow":"follow","max-snippet":"max-snippet:-1","max-image-preview":"max-image-preview:large","max-video-preview":"max-video-preview:-1"},"canonical":"https:\/\/www.iskreni.net\/trgovina\/product\/seks-kakrsnega-ne-poznate\/","og_locale":"sl_SI","og_type":"article","og_title":"Seks, kakr\u0161nega ne poznate - trgovina Zavod Iskreni","og_description":"Seks, kakr\u0161nega ne poznate je vodi\u010d, ki ga je napisal o\u010de Ksawery Knotz, ki enostavno in brez zadr\u017ekov poka\u017ee, kaj ima Bog opraviti s spolnim \u017eivljenjem.","og_url":"https:\/\/www.iskreni.net\/trgovina\/product\/seks-kakrsnega-ne-poznate\/","og_site_name":"Zavod Iskreni","article_modified_time":"2025-09-11T08:29:57+00:00","og_image":[{"width":174,"height":237,"url":"https:\/\/www.iskreni.net\/trgovina\/wp-content\/uploads\/2016\/11\/Seks_kakrsnega_ne_poznate.jpg","type":"image\/jpeg"}],"twitter_card":"summary_large_image","twitter_misc":{"Est. reading time":"1 minuta"},"schema":{"@context":"https:\/\/schema.org","@graph":[{"@type":"WebPage","@id":"https:\/\/www.iskreni.net\/trgovina\/product\/seks-kakrsnega-ne-poznate\/","url":"https:\/\/www.iskreni.net\/trgovina\/product\/seks-kakrsnega-ne-poznate\/","name":"Seks, kakr\u0161nega ne poznate - trgovina Zavod Iskreni","isPartOf":{"@id":"https:\/\/www.iskreni.net\/trgovina\/#website"},"primaryImageOfPage":{"@id":"https:\/\/www.iskreni.net\/trgovina\/product\/seks-kakrsnega-ne-poznate\/#primaryimage"},"image":{"@id":"https:\/\/www.iskreni.net\/trgovina\/product\/seks-kakrsnega-ne-poznate\/#primaryimage"},"thumbnailUrl":"https:\/\/www.iskreni.net\/trgovina\/wp-content\/uploads\/2016\/11\/Seks_kakrsnega_ne_poznate.jpg","datePublished":"2016-11-04T13:23:53+00:00","dateModified":"2025-09-11T08:29:57+00:00","description":"Seks, kakr\u0161nega ne poznate je vodi\u010d, ki ga je napisal o\u010de Ksawery Knotz, ki enostavno in brez zadr\u017ekov poka\u017ee, kaj ima Bog opraviti s spolnim \u017eivljenjem.","breadcrumb":{"@id":"https:\/\/www.iskreni.net\/trgovina\/product\/seks-kakrsnega-ne-poznate\/#breadcrumb"},"inLanguage":"sl-SI","potentialAction":[{"@type":"ReadAction","target":["https:\/\/www.iskreni.net\/trgovina\/product\/seks-kakrsnega-ne-poznate\/"]}]},{"@type":"ImageObject","inLanguage":"sl-SI","@id":"https:\/\/www.iskreni.net\/trgovina\/product\/seks-kakrsnega-ne-poznate\/#primaryimage","url":"https:\/\/www.iskreni.net\/trgovina\/wp-content\/uploads\/2016\/11\/Seks_kakrsnega_ne_poznate.jpg","contentUrl":"https:\/\/www.iskreni.net\/trgovina\/wp-content\/uploads\/2016\/11\/Seks_kakrsnega_ne_poznate.jpg","width":174,"height":237},{"@type":"BreadcrumbList","@id":"https:\/\/www.iskreni.net\/trgovina\/product\/seks-kakrsnega-ne-poznate\/#breadcrumb","itemListElement":[{"@type":"ListItem","position":1,"name":"Home","item":"https:\/\/www.iskreni.net\/trgovina\/"},{"@type":"ListItem","position":2,"name":"Trgovina","item":"https:\/\/www.iskreni.net\/trgovina\/trgovina\/"},{"@type":"ListItem","position":3,"name":"Seks, kakr\u0161nega ne poznate"}]},{"@type":"WebSite","@id":"https:\/\/www.iskreni.net\/trgovina\/#website","url":"https:\/\/www.iskreni.net\/trgovina\/","name":"Zavod Iskreni","description":"trgovina","potentialAction":[{"@type":"SearchAction","target":{"@type":"EntryPoint","urlTemplate":"https:\/\/www.iskreni.net\/trgovina\/?s={search_term_string}"},"query-input":{"@type":"PropertyValueSpecification","valueRequired":true,"valueName":"search_term_string"}}],"inLanguage":"sl-SI"}]}},"_links":{"self":[{"href":"https:\/\/www.iskreni.net\/trgovina\/wp-json\/wp\/v2\/product\/1258","targetHints":{"allow":["GET"]}}],"collection":[{"href":"https:\/\/www.iskreni.net\/trgovina\/wp-json\/wp\/v2\/product"}],"about":[{"href":"https:\/\/www.iskreni.net\/trgovina\/wp-json\/wp\/v2\/types\/product"}],"replies":[{"embeddable":true,"href":"https:\/\/www.iskreni.net\/trgovina\/wp-json\/wp\/v2\/comments?post=1258"}],"version-history":[{"count":4,"href":"https:\/\/www.iskreni.net\/trgovina\/wp-json\/wp\/v2\/product\/1258\/revisions"}],"predecessor-version":[{"id":58996,"href":"https:\/\/www.iskreni.net\/trgovina\/wp-json\/wp\/v2\/product\/1258\/revisions\/58996"}],"wp:featuredmedia":[{"embeddable":true,"href":"https:\/\/www.iskreni.net\/trgovina\/wp-json\/wp\/v2\/media\/1259"}],"wp:attachment":[{"href":"https:\/\/www.iskreni.net\/trgovina\/wp-json\/wp\/v2\/media?parent=1258"}],"wp:term":[{"taxonomy":"product_brand","embeddable":true,"href":"https:\/\/www.iskreni.net\/trgovina\/wp-json\/wp\/v2\/product_brand?post=1258"},{"taxonomy":"product_cat","embeddable":true,"href":"https:\/\/www.iskreni.net\/trgovina\/wp-json\/wp\/v2\/product_cat?post=1258"},{"taxonomy":"product_tag","embeddable":true,"href":"https:\/\/www.iskreni.net\/trgovina\/wp-json\/wp\/v2\/product_tag?post=1258"},{"taxonomy":"avtor","embeddable":true,"href":"https:\/\/www.iskreni.net\/trgovina\/wp-json\/wp\/v2\/avtor?post=1258"},{"taxonomy":"zalozba","embeddable":true,"href":"https:\/\/www.iskreni.net\/trgovina\/wp-json\/wp\/v2\/zalozba?post=1258"},{"taxonomy":"vezava","embeddable":true,"href":"https:\/\/www.iskreni.net\/trgovina\/wp-json\/wp\/v2\/vezava?post=1258"}],"curies":[{"name":"wp","href":"https:\/\/api.w.org\/{rel}","templated":true}]}}