{"id":1250,"date":"2016-11-04T13:51:41","date_gmt":"2016-11-04T12:51:41","guid":{"rendered":"http:\/\/rojstnidan.si\/?post_type=product&#038;p=1250"},"modified":"2026-04-13T10:31:49","modified_gmt":"2026-04-13T08:31:49","slug":"7-glavnih-grehov","status":"publish","type":"product","link":"https:\/\/www.iskreni.net\/trgovina\/product\/7-glavnih-grehov\/","title":{"rendered":"7 glavnih grehov"},"content":{"rendered":"<h4>O knjigi 7 glavnih grehov:<\/h4>\n<p>Jasna raz\u010dlemba sedmih glavnih grehov in konkretni nasveti, kako se z njimi spoprijeti. Za\u010dinjeno z iskrivimi pogovori med hudi\u010dem in njegovim vajencem. Na koncu vsakega poglavja je greh ponazorjen s kakim filmom, ki vedro zastavlja globlji premislek v dru\u017eini, s prijatelji ali v verou\u010dni sobi \u2026<\/p>\n<p>\u010ce se niste nikoli trikrat zapored posladkali s \u010dokoladno oblitim \u0161panskim vetrcem; \u010de niste nikoli ob\u010dutili, kako vas stiska v grlu od jeze ali kako vas trpin\u010di plamen po\u017eelenja, ko imate pred seboj kako lepo bitje; \u010de vas ni nikoli glodala bridka zavist zaradi kolegove uspe\u0161nosti ali prijatelji\u010dine lepote; \u010de si niste nikoli \u017eeleli nakopi\u010diti ve\u010d denarja, malo ve\u010d, samo \u0161e malo ve\u010d; \u010de niste nikoli izbrali televizijskega programa namesto ve\u010derne molitve, potem, \u017eal, ta knjiga ni za vas. In zato vam iskreno \u010destitava: ker ste popolni ali skoraj popolni. A knjige kljub temu ne vrzite pro\u010d! Podarite jo, saj namre\u010d niste sebi\u010dni. Podarite jo svojemu zakonskemu partnerju, svojim otrokom, prijateljem, kolegom \u2013 vsem nepopolnim bitjem, ki vas obkro\u017eajo. Predvsem pa jo podarite svojemu najve\u010djemu sovra\u017eniku, saj mu bo v najve\u010dji prid.<\/p>\n<p>&nbsp;<\/p>\n<p>&nbsp;<\/p>\n","protected":false},"excerpt":{"rendered":"<p><strong>Avtor prevoda:<\/strong> Marjan Poljanec<br \/>\n<strong>Leto izdaje:<\/strong> 2014<br \/>\n<strong>\u0160tevilo strani:<\/strong> 221<\/p>\n<p><strong>&#8230; in kako zgrabiti bika za roge<\/strong><\/p>\n<h4>PONOVNO NA VOLJO!<\/h4>\n<p>&nbsp;<\/p>\n<p>&nbsp;<\/p>\n","protected":false},"featured_media":1251,"comment_status":"open","ping_status":"closed","template":"","meta":[],"product_brand":[255],"product_cat":[2324,2327,63],"product_tag":[],"avtor":[2608,2607],"zalozba":[2335],"vezava":[2307],"class_list":{"0":"post-1250","1":"product","2":"type-product","3":"status-publish","4":"has-post-thumbnail","6":"product_brand-zalozba-emanuel","7":"product_cat-duhovnost-in-osebna-rast","8":"product_cat-prirocniki-in-vodniki","9":"product_cat-knjige","10":"avtor-luc-adrian","11":"avtor-pascal-ide","12":"zalozba-zalozba-emanuel","13":"vezava-mehka","15":"first","16":"onbackorder","17":"taxable","18":"shipping-taxable","19":"purchasable","20":"product-type-simple"},"yoast_head":"<!-- This site is optimized with the Yoast SEO plugin v26.3 - https:\/\/yoast.com\/wordpress\/plugins\/seo\/ -->\n<title>7 glavnih grehov - Zavod Iskreni<\/title>\n<meta name=\"description\" content=\"7 glavnih grehov je knjiga z jasno raz\u010dlembo 7 glavnih grehov s konkretnimi nasveti, kako se z njimi spoprijeti. Za\u010dinjeno z iskrivimi dvogovori.\" \/>\n<meta name=\"robots\" content=\"index, follow, max-snippet:-1, max-image-preview:large, max-video-preview:-1\" \/>\n<link rel=\"canonical\" href=\"https:\/\/www.iskreni.net\/trgovina\/product\/7-glavnih-grehov\/\" \/>\n<meta property=\"og:locale\" content=\"sl_SI\" \/>\n<meta property=\"og:type\" content=\"article\" \/>\n<meta property=\"og:title\" content=\"7 glavnih grehov - Zavod Iskreni\" \/>\n<meta property=\"og:description\" content=\"7 glavnih grehov je knjiga z jasno raz\u010dlembo 7 glavnih grehov s konkretnimi nasveti, kako se z njimi spoprijeti. Za\u010dinjeno z iskrivimi dvogovori.\" \/>\n<meta property=\"og:url\" content=\"https:\/\/www.iskreni.net\/trgovina\/product\/7-glavnih-grehov\/\" \/>\n<meta property=\"og:site_name\" content=\"Zavod Iskreni\" \/>\n<meta property=\"article:modified_time\" content=\"2026-04-13T08:31:49+00:00\" \/>\n<meta property=\"og:image\" content=\"https:\/\/www.iskreni.net\/trgovina\/wp-content\/uploads\/2016\/11\/Sedem-glavnih-grehov-in-kako-zgrabiti-bika-za-roge.jpg\" \/>\n\t<meta property=\"og:image:width\" content=\"969\" \/>\n\t<meta property=\"og:image:height\" content=\"1300\" \/>\n\t<meta property=\"og:image:type\" content=\"image\/jpeg\" \/>\n<meta name=\"twitter:card\" content=\"summary_large_image\" \/>\n<meta name=\"twitter:label1\" content=\"Est. reading time\" \/>\n\t<meta name=\"twitter:data1\" content=\"2 minuti\" \/>\n<script type=\"application\/ld+json\" class=\"yoast-schema-graph\">{\"@context\":\"https:\/\/schema.org\",\"@graph\":[{\"@type\":\"WebPage\",\"@id\":\"https:\/\/www.iskreni.net\/trgovina\/product\/7-glavnih-grehov\/\",\"url\":\"https:\/\/www.iskreni.net\/trgovina\/product\/7-glavnih-grehov\/\",\"name\":\"7 glavnih grehov - Zavod Iskreni\",\"isPartOf\":{\"@id\":\"https:\/\/www.iskreni.net\/trgovina\/#website\"},\"primaryImageOfPage\":{\"@id\":\"https:\/\/www.iskreni.net\/trgovina\/product\/7-glavnih-grehov\/#primaryimage\"},\"image\":{\"@id\":\"https:\/\/www.iskreni.net\/trgovina\/product\/7-glavnih-grehov\/#primaryimage\"},\"thumbnailUrl\":\"https:\/\/www.iskreni.net\/trgovina\/wp-content\/uploads\/2016\/11\/Sedem-glavnih-grehov-in-kako-zgrabiti-bika-za-roge.jpg\",\"datePublished\":\"2016-11-04T12:51:41+00:00\",\"dateModified\":\"2026-04-13T08:31:49+00:00\",\"description\":\"7 glavnih grehov je knjiga z jasno raz\u010dlembo 7 glavnih grehov s konkretnimi nasveti, kako se z njimi spoprijeti. Za\u010dinjeno z iskrivimi dvogovori.\",\"breadcrumb\":{\"@id\":\"https:\/\/www.iskreni.net\/trgovina\/product\/7-glavnih-grehov\/#breadcrumb\"},\"inLanguage\":\"sl-SI\",\"potentialAction\":[{\"@type\":\"ReadAction\",\"target\":[\"https:\/\/www.iskreni.net\/trgovina\/product\/7-glavnih-grehov\/\"]}]},{\"@type\":\"ImageObject\",\"inLanguage\":\"sl-SI\",\"@id\":\"https:\/\/www.iskreni.net\/trgovina\/product\/7-glavnih-grehov\/#primaryimage\",\"url\":\"https:\/\/www.iskreni.net\/trgovina\/wp-content\/uploads\/2016\/11\/Sedem-glavnih-grehov-in-kako-zgrabiti-bika-za-roge.jpg\",\"contentUrl\":\"https:\/\/www.iskreni.net\/trgovina\/wp-content\/uploads\/2016\/11\/Sedem-glavnih-grehov-in-kako-zgrabiti-bika-za-roge.jpg\",\"width\":969,\"height\":1300},{\"@type\":\"BreadcrumbList\",\"@id\":\"https:\/\/www.iskreni.net\/trgovina\/product\/7-glavnih-grehov\/#breadcrumb\",\"itemListElement\":[{\"@type\":\"ListItem\",\"position\":1,\"name\":\"Home\",\"item\":\"https:\/\/www.iskreni.net\/trgovina\/\"},{\"@type\":\"ListItem\",\"position\":2,\"name\":\"Trgovina\",\"item\":\"https:\/\/www.iskreni.net\/trgovina\/trgovina\/\"},{\"@type\":\"ListItem\",\"position\":3,\"name\":\"7 glavnih grehov\"}]},{\"@type\":\"WebSite\",\"@id\":\"https:\/\/www.iskreni.net\/trgovina\/#website\",\"url\":\"https:\/\/www.iskreni.net\/trgovina\/\",\"name\":\"Zavod Iskreni\",\"description\":\"trgovina\",\"potentialAction\":[{\"@type\":\"SearchAction\",\"target\":{\"@type\":\"EntryPoint\",\"urlTemplate\":\"https:\/\/www.iskreni.net\/trgovina\/?s={search_term_string}\"},\"query-input\":{\"@type\":\"PropertyValueSpecification\",\"valueRequired\":true,\"valueName\":\"search_term_string\"}}],\"inLanguage\":\"sl-SI\"}]}<\/script>\n<!-- \/ Yoast SEO plugin. -->","yoast_head_json":{"title":"7 glavnih grehov - Zavod Iskreni","description":"7 glavnih grehov je knjiga z jasno raz\u010dlembo 7 glavnih grehov s konkretnimi nasveti, kako se z njimi spoprijeti. Za\u010dinjeno z iskrivimi dvogovori.","robots":{"index":"index","follow":"follow","max-snippet":"max-snippet:-1","max-image-preview":"max-image-preview:large","max-video-preview":"max-video-preview:-1"},"canonical":"https:\/\/www.iskreni.net\/trgovina\/product\/7-glavnih-grehov\/","og_locale":"sl_SI","og_type":"article","og_title":"7 glavnih grehov - Zavod Iskreni","og_description":"7 glavnih grehov je knjiga z jasno raz\u010dlembo 7 glavnih grehov s konkretnimi nasveti, kako se z njimi spoprijeti. Za\u010dinjeno z iskrivimi dvogovori.","og_url":"https:\/\/www.iskreni.net\/trgovina\/product\/7-glavnih-grehov\/","og_site_name":"Zavod Iskreni","article_modified_time":"2026-04-13T08:31:49+00:00","og_image":[{"width":969,"height":1300,"url":"https:\/\/www.iskreni.net\/trgovina\/wp-content\/uploads\/2016\/11\/Sedem-glavnih-grehov-in-kako-zgrabiti-bika-za-roge.jpg","type":"image\/jpeg"}],"twitter_card":"summary_large_image","twitter_misc":{"Est. reading time":"2 minuti"},"schema":{"@context":"https:\/\/schema.org","@graph":[{"@type":"WebPage","@id":"https:\/\/www.iskreni.net\/trgovina\/product\/7-glavnih-grehov\/","url":"https:\/\/www.iskreni.net\/trgovina\/product\/7-glavnih-grehov\/","name":"7 glavnih grehov - Zavod Iskreni","isPartOf":{"@id":"https:\/\/www.iskreni.net\/trgovina\/#website"},"primaryImageOfPage":{"@id":"https:\/\/www.iskreni.net\/trgovina\/product\/7-glavnih-grehov\/#primaryimage"},"image":{"@id":"https:\/\/www.iskreni.net\/trgovina\/product\/7-glavnih-grehov\/#primaryimage"},"thumbnailUrl":"https:\/\/www.iskreni.net\/trgovina\/wp-content\/uploads\/2016\/11\/Sedem-glavnih-grehov-in-kako-zgrabiti-bika-za-roge.jpg","datePublished":"2016-11-04T12:51:41+00:00","dateModified":"2026-04-13T08:31:49+00:00","description":"7 glavnih grehov je knjiga z jasno raz\u010dlembo 7 glavnih grehov s konkretnimi nasveti, kako se z njimi spoprijeti. Za\u010dinjeno z iskrivimi dvogovori.","breadcrumb":{"@id":"https:\/\/www.iskreni.net\/trgovina\/product\/7-glavnih-grehov\/#breadcrumb"},"inLanguage":"sl-SI","potentialAction":[{"@type":"ReadAction","target":["https:\/\/www.iskreni.net\/trgovina\/product\/7-glavnih-grehov\/"]}]},{"@type":"ImageObject","inLanguage":"sl-SI","@id":"https:\/\/www.iskreni.net\/trgovina\/product\/7-glavnih-grehov\/#primaryimage","url":"https:\/\/www.iskreni.net\/trgovina\/wp-content\/uploads\/2016\/11\/Sedem-glavnih-grehov-in-kako-zgrabiti-bika-za-roge.jpg","contentUrl":"https:\/\/www.iskreni.net\/trgovina\/wp-content\/uploads\/2016\/11\/Sedem-glavnih-grehov-in-kako-zgrabiti-bika-za-roge.jpg","width":969,"height":1300},{"@type":"BreadcrumbList","@id":"https:\/\/www.iskreni.net\/trgovina\/product\/7-glavnih-grehov\/#breadcrumb","itemListElement":[{"@type":"ListItem","position":1,"name":"Home","item":"https:\/\/www.iskreni.net\/trgovina\/"},{"@type":"ListItem","position":2,"name":"Trgovina","item":"https:\/\/www.iskreni.net\/trgovina\/trgovina\/"},{"@type":"ListItem","position":3,"name":"7 glavnih grehov"}]},{"@type":"WebSite","@id":"https:\/\/www.iskreni.net\/trgovina\/#website","url":"https:\/\/www.iskreni.net\/trgovina\/","name":"Zavod Iskreni","description":"trgovina","potentialAction":[{"@type":"SearchAction","target":{"@type":"EntryPoint","urlTemplate":"https:\/\/www.iskreni.net\/trgovina\/?s={search_term_string}"},"query-input":{"@type":"PropertyValueSpecification","valueRequired":true,"valueName":"search_term_string"}}],"inLanguage":"sl-SI"}]}},"_links":{"self":[{"href":"https:\/\/www.iskreni.net\/trgovina\/wp-json\/wp\/v2\/product\/1250","targetHints":{"allow":["GET"]}}],"collection":[{"href":"https:\/\/www.iskreni.net\/trgovina\/wp-json\/wp\/v2\/product"}],"about":[{"href":"https:\/\/www.iskreni.net\/trgovina\/wp-json\/wp\/v2\/types\/product"}],"replies":[{"embeddable":true,"href":"https:\/\/www.iskreni.net\/trgovina\/wp-json\/wp\/v2\/comments?post=1250"}],"version-history":[{"count":4,"href":"https:\/\/www.iskreni.net\/trgovina\/wp-json\/wp\/v2\/product\/1250\/revisions"}],"predecessor-version":[{"id":70564,"href":"https:\/\/www.iskreni.net\/trgovina\/wp-json\/wp\/v2\/product\/1250\/revisions\/70564"}],"wp:featuredmedia":[{"embeddable":true,"href":"https:\/\/www.iskreni.net\/trgovina\/wp-json\/wp\/v2\/media\/1251"}],"wp:attachment":[{"href":"https:\/\/www.iskreni.net\/trgovina\/wp-json\/wp\/v2\/media?parent=1250"}],"wp:term":[{"taxonomy":"product_brand","embeddable":true,"href":"https:\/\/www.iskreni.net\/trgovina\/wp-json\/wp\/v2\/product_brand?post=1250"},{"taxonomy":"product_cat","embeddable":true,"href":"https:\/\/www.iskreni.net\/trgovina\/wp-json\/wp\/v2\/product_cat?post=1250"},{"taxonomy":"product_tag","embeddable":true,"href":"https:\/\/www.iskreni.net\/trgovina\/wp-json\/wp\/v2\/product_tag?post=1250"},{"taxonomy":"avtor","embeddable":true,"href":"https:\/\/www.iskreni.net\/trgovina\/wp-json\/wp\/v2\/avtor?post=1250"},{"taxonomy":"zalozba","embeddable":true,"href":"https:\/\/www.iskreni.net\/trgovina\/wp-json\/wp\/v2\/zalozba?post=1250"},{"taxonomy":"vezava","embeddable":true,"href":"https:\/\/www.iskreni.net\/trgovina\/wp-json\/wp\/v2\/vezava?post=1250"}],"curies":[{"name":"wp","href":"https:\/\/api.w.org\/{rel}","templated":true}]}}