{"id":1236,"date":"2016-11-04T11:44:32","date_gmt":"2016-11-04T10:44:32","guid":{"rendered":"http:\/\/rojstnidan.si\/?post_type=product&#038;p=1236"},"modified":"2025-09-10T13:45:12","modified_gmt":"2025-09-10T11:45:12","slug":"dragi-papez-francisek","status":"publish","type":"product","link":"https:\/\/www.iskreni.net\/trgovina\/product\/dragi-papez-francisek\/","title":{"rendered":"Dragi pape\u017e Fran\u010di\u0161ek"},"content":{"rendered":"<p>Oblikovno je knjiga zbirka pisem, ki jih otroci pi\u0161ejo svetemu o\u010detu, in pape\u017eevih odgovorov nanje. V knjigi so objavljena <strong>pisma otrok kar 26-ih narodov<\/strong>, med njimi so albanski, sirijski, kitajski, kenijski \u2026 Otrokom, ki pi\u0161ejo pisma, so skupni velika ljubezen do pape\u017ea Fran\u010di\u0161ka in radovednost glede njegovega \u017eivljenja, zaskrbljenost za onstranstvo, mo\u010dan ob\u010dutek za pravi\u010dnost, zavedanje o pomenu dru\u017eine in \u017eelja, da bi bili opa\u017eeni ter sli\u0161ani.\u00a0<strong>Spodbudni pape\u017eevi odgovori<\/strong> potrjujejo njegovo prepri\u010danje, da so otroci prihodnost in da je njihovim glasovom potrebno prisluhniti. Ob vsakem pismu je tudi prijazna otro\u0161ka ilustracija.<\/p>\n<p>Zalo\u017eba Loyola Press je <strong>1. marca 2016<\/strong> objavila knjigo v angle\u0161ki in \u0161panski verziji za Zdru\u017eene dr\u017eave Amerike, obenem pa bo knjiga iz\u0161la v Italiji, \u0160paniji, Mehiki, na Poljskem, v Indoneziji, na Filipinih, v Indiji \u2026 In <strong>v Sloveniji<\/strong>!<\/p>\n","protected":false},"excerpt":{"rendered":"<p><strong>Avtor:<\/strong>\u00a0pape\u017e Fran\u010di\u0161ek in otroci po svetu<br \/>\n<strong>Prevajalec:\u00a0<\/strong>Petra Zajc<br \/>\n<strong>Ilustrator:<\/strong> otroci po svetu<br \/>\n<strong>Leto izdaje:<\/strong> 2016<br \/>\n<strong>\u0160tevilo strani:<\/strong> 71<\/p>\n<p>&nbsp;<\/p>\n<p><strong>Pape\u017e odgovarja na pisma otrok z vsega sveta.<\/strong><\/p>\n<p>\u00bbKadar <strong>vidim otroke<\/strong>, je, kot bi videl <strong>prihodnost<\/strong>,\u00ab pravi <strong>pape\u017e Fran\u010di\u0161ek<\/strong>. Knjiga je pravi <strong>mali katekizem<\/strong>, u\u010dna ura usmiljenja, ljubezni in prijateljstva ter <strong>zbirka najlep\u0161ih pape\u017eevih misli ob vpra\u0161anjih otrok<\/strong>.<\/p>\n<p>Verjamemo, da je knjiga <strong>\u010dudovito darilo<\/strong> za prvoobhajance, nagovorila pa bo tako otroke kot tudi star\u0161e, stare star\u0161e, vzgojitelje, katehete \u2026\u00a0\u010ce bi radi otrokom dali najve\u010d, jih <strong>nau\u010dite ljubiti Boga in bli\u017enjega<\/strong> ter ohranjati navdu\u0161enje nad \u017eivljenjem. \u017delimo, da vam je pri tem v pomo\u010d pri\u010dujo\u010da knjiga. V njej boste na\u0161li preproste odgovore na najte\u017eja \u017eivljenjska vpra\u0161anja.<\/p>\n<p>&nbsp;<\/p>\n","protected":false},"featured_media":2830,"comment_status":"open","ping_status":"closed","template":"","meta":[],"product_brand":[258],"product_cat":[63,135],"product_tag":[1376],"avtor":[2578,2577],"zalozba":[2391],"vezava":[2306],"class_list":{"0":"post-1236","1":"product","2":"type-product","3":"status-publish","4":"has-post-thumbnail","6":"product_brand-druge-zalozbe","7":"product_cat-knjige","8":"product_cat-za-otroke","9":"product_tag-papez-francisek","10":"avtor-papez-francisek","11":"avtor-vec-avtorjev","12":"zalozba-zupnijski-zavod-dravlje","13":"vezava-trda","15":"first","16":"onbackorder","17":"taxable","18":"shipping-taxable","19":"purchasable","20":"product-type-simple"},"yoast_head":"<!-- This site is optimized with the Yoast SEO plugin v26.3 - https:\/\/yoast.com\/wordpress\/plugins\/seo\/ -->\n<title>Dragi pape\u017e Fran\u010di\u0161ek - Zavod Iskreni<\/title>\n<meta name=\"robots\" content=\"index, follow, max-snippet:-1, max-image-preview:large, max-video-preview:-1\" \/>\n<link rel=\"canonical\" href=\"https:\/\/www.iskreni.net\/trgovina\/product\/dragi-papez-francisek\/\" \/>\n<meta property=\"og:locale\" content=\"sl_SI\" \/>\n<meta property=\"og:type\" content=\"article\" \/>\n<meta property=\"og:title\" content=\"Dragi pape\u017e Fran\u010di\u0161ek - Zavod Iskreni\" \/>\n<meta property=\"og:description\" content=\"Avtor:\u00a0pape\u017e Fran\u010di\u0161ek in otroci po svetu Prevajalec:\u00a0Petra Zajc Ilustrator: otroci po svetu Leto izdaje: 2016 \u0160tevilo strani: 71  &nbsp;  Pape\u017e odgovarja na pisma otrok z vsega sveta.  \u00bbKadar vidim otroke, je, kot bi videl prihodnost,\u00ab pravi pape\u017e Fran\u010di\u0161ek. Knjiga je pravi mali katekizem, u\u010dna ura usmiljenja, ljubezni in prijateljstva ter zbirka najlep\u0161ih pape\u017eevih misli ob vpra\u0161anjih otrok.  Verjamemo, da je knjiga \u010dudovito darilo za prvoobhajance, nagovorila pa bo tako otroke kot tudi star\u0161e, stare star\u0161e, vzgojitelje, katehete \u2026\u00a0\u010ce bi radi otrokom dali najve\u010d, jih nau\u010dite ljubiti Boga in bli\u017enjega ter ohranjati navdu\u0161enje nad \u017eivljenjem. \u017delimo, da vam je pri tem v pomo\u010d pri\u010dujo\u010da knjiga. V njej boste na\u0161li preproste odgovore na najte\u017eja \u017eivljenjska vpra\u0161anja.  &nbsp;\" \/>\n<meta property=\"og:url\" content=\"https:\/\/www.iskreni.net\/trgovina\/product\/dragi-papez-francisek\/\" \/>\n<meta property=\"og:site_name\" content=\"Zavod Iskreni\" \/>\n<meta property=\"article:modified_time\" content=\"2025-09-10T11:45:12+00:00\" \/>\n<meta property=\"og:image\" content=\"https:\/\/www.iskreni.net\/trgovina\/wp-content\/uploads\/2016\/11\/JDSJ-Dragi-papez-naslovnica-2.jpg\" \/>\n\t<meta property=\"og:image:width\" content=\"1329\" \/>\n\t<meta property=\"og:image:height\" content=\"1329\" \/>\n\t<meta property=\"og:image:type\" content=\"image\/jpeg\" \/>\n<meta name=\"twitter:card\" content=\"summary_large_image\" \/>\n<meta name=\"twitter:label1\" content=\"Est. reading time\" \/>\n\t<meta name=\"twitter:data1\" content=\"1 minuta\" \/>\n<script type=\"application\/ld+json\" class=\"yoast-schema-graph\">{\"@context\":\"https:\/\/schema.org\",\"@graph\":[{\"@type\":\"WebPage\",\"@id\":\"https:\/\/www.iskreni.net\/trgovina\/product\/dragi-papez-francisek\/\",\"url\":\"https:\/\/www.iskreni.net\/trgovina\/product\/dragi-papez-francisek\/\",\"name\":\"Dragi pape\u017e Fran\u010di\u0161ek - Zavod Iskreni\",\"isPartOf\":{\"@id\":\"https:\/\/www.iskreni.net\/trgovina\/#website\"},\"primaryImageOfPage\":{\"@id\":\"https:\/\/www.iskreni.net\/trgovina\/product\/dragi-papez-francisek\/#primaryimage\"},\"image\":{\"@id\":\"https:\/\/www.iskreni.net\/trgovina\/product\/dragi-papez-francisek\/#primaryimage\"},\"thumbnailUrl\":\"https:\/\/www.iskreni.net\/trgovina\/wp-content\/uploads\/2016\/11\/JDSJ-Dragi-papez-naslovnica-2.jpg\",\"datePublished\":\"2016-11-04T10:44:32+00:00\",\"dateModified\":\"2025-09-10T11:45:12+00:00\",\"breadcrumb\":{\"@id\":\"https:\/\/www.iskreni.net\/trgovina\/product\/dragi-papez-francisek\/#breadcrumb\"},\"inLanguage\":\"sl-SI\",\"potentialAction\":[{\"@type\":\"ReadAction\",\"target\":[\"https:\/\/www.iskreni.net\/trgovina\/product\/dragi-papez-francisek\/\"]}]},{\"@type\":\"ImageObject\",\"inLanguage\":\"sl-SI\",\"@id\":\"https:\/\/www.iskreni.net\/trgovina\/product\/dragi-papez-francisek\/#primaryimage\",\"url\":\"https:\/\/www.iskreni.net\/trgovina\/wp-content\/uploads\/2016\/11\/JDSJ-Dragi-papez-naslovnica-2.jpg\",\"contentUrl\":\"https:\/\/www.iskreni.net\/trgovina\/wp-content\/uploads\/2016\/11\/JDSJ-Dragi-papez-naslovnica-2.jpg\",\"width\":1329,\"height\":1329},{\"@type\":\"BreadcrumbList\",\"@id\":\"https:\/\/www.iskreni.net\/trgovina\/product\/dragi-papez-francisek\/#breadcrumb\",\"itemListElement\":[{\"@type\":\"ListItem\",\"position\":1,\"name\":\"Home\",\"item\":\"https:\/\/www.iskreni.net\/trgovina\/\"},{\"@type\":\"ListItem\",\"position\":2,\"name\":\"Trgovina\",\"item\":\"https:\/\/www.iskreni.net\/trgovina\/trgovina\/\"},{\"@type\":\"ListItem\",\"position\":3,\"name\":\"Dragi pape\u017e Fran\u010di\u0161ek\"}]},{\"@type\":\"WebSite\",\"@id\":\"https:\/\/www.iskreni.net\/trgovina\/#website\",\"url\":\"https:\/\/www.iskreni.net\/trgovina\/\",\"name\":\"Zavod Iskreni\",\"description\":\"trgovina\",\"potentialAction\":[{\"@type\":\"SearchAction\",\"target\":{\"@type\":\"EntryPoint\",\"urlTemplate\":\"https:\/\/www.iskreni.net\/trgovina\/?s={search_term_string}\"},\"query-input\":{\"@type\":\"PropertyValueSpecification\",\"valueRequired\":true,\"valueName\":\"search_term_string\"}}],\"inLanguage\":\"sl-SI\"}]}<\/script>\n<!-- \/ Yoast SEO plugin. -->","yoast_head_json":{"title":"Dragi pape\u017e Fran\u010di\u0161ek - Zavod Iskreni","robots":{"index":"index","follow":"follow","max-snippet":"max-snippet:-1","max-image-preview":"max-image-preview:large","max-video-preview":"max-video-preview:-1"},"canonical":"https:\/\/www.iskreni.net\/trgovina\/product\/dragi-papez-francisek\/","og_locale":"sl_SI","og_type":"article","og_title":"Dragi pape\u017e Fran\u010di\u0161ek - Zavod Iskreni","og_description":"Avtor:\u00a0pape\u017e Fran\u010di\u0161ek in otroci po svetu Prevajalec:\u00a0Petra Zajc Ilustrator: otroci po svetu Leto izdaje: 2016 \u0160tevilo strani: 71  &nbsp;  Pape\u017e odgovarja na pisma otrok z vsega sveta.  \u00bbKadar vidim otroke, je, kot bi videl prihodnost,\u00ab pravi pape\u017e Fran\u010di\u0161ek. Knjiga je pravi mali katekizem, u\u010dna ura usmiljenja, ljubezni in prijateljstva ter zbirka najlep\u0161ih pape\u017eevih misli ob vpra\u0161anjih otrok.  Verjamemo, da je knjiga \u010dudovito darilo za prvoobhajance, nagovorila pa bo tako otroke kot tudi star\u0161e, stare star\u0161e, vzgojitelje, katehete \u2026\u00a0\u010ce bi radi otrokom dali najve\u010d, jih nau\u010dite ljubiti Boga in bli\u017enjega ter ohranjati navdu\u0161enje nad \u017eivljenjem. \u017delimo, da vam je pri tem v pomo\u010d pri\u010dujo\u010da knjiga. V njej boste na\u0161li preproste odgovore na najte\u017eja \u017eivljenjska vpra\u0161anja.  &nbsp;","og_url":"https:\/\/www.iskreni.net\/trgovina\/product\/dragi-papez-francisek\/","og_site_name":"Zavod Iskreni","article_modified_time":"2025-09-10T11:45:12+00:00","og_image":[{"width":1329,"height":1329,"url":"https:\/\/www.iskreni.net\/trgovina\/wp-content\/uploads\/2016\/11\/JDSJ-Dragi-papez-naslovnica-2.jpg","type":"image\/jpeg"}],"twitter_card":"summary_large_image","twitter_misc":{"Est. reading time":"1 minuta"},"schema":{"@context":"https:\/\/schema.org","@graph":[{"@type":"WebPage","@id":"https:\/\/www.iskreni.net\/trgovina\/product\/dragi-papez-francisek\/","url":"https:\/\/www.iskreni.net\/trgovina\/product\/dragi-papez-francisek\/","name":"Dragi pape\u017e Fran\u010di\u0161ek - Zavod Iskreni","isPartOf":{"@id":"https:\/\/www.iskreni.net\/trgovina\/#website"},"primaryImageOfPage":{"@id":"https:\/\/www.iskreni.net\/trgovina\/product\/dragi-papez-francisek\/#primaryimage"},"image":{"@id":"https:\/\/www.iskreni.net\/trgovina\/product\/dragi-papez-francisek\/#primaryimage"},"thumbnailUrl":"https:\/\/www.iskreni.net\/trgovina\/wp-content\/uploads\/2016\/11\/JDSJ-Dragi-papez-naslovnica-2.jpg","datePublished":"2016-11-04T10:44:32+00:00","dateModified":"2025-09-10T11:45:12+00:00","breadcrumb":{"@id":"https:\/\/www.iskreni.net\/trgovina\/product\/dragi-papez-francisek\/#breadcrumb"},"inLanguage":"sl-SI","potentialAction":[{"@type":"ReadAction","target":["https:\/\/www.iskreni.net\/trgovina\/product\/dragi-papez-francisek\/"]}]},{"@type":"ImageObject","inLanguage":"sl-SI","@id":"https:\/\/www.iskreni.net\/trgovina\/product\/dragi-papez-francisek\/#primaryimage","url":"https:\/\/www.iskreni.net\/trgovina\/wp-content\/uploads\/2016\/11\/JDSJ-Dragi-papez-naslovnica-2.jpg","contentUrl":"https:\/\/www.iskreni.net\/trgovina\/wp-content\/uploads\/2016\/11\/JDSJ-Dragi-papez-naslovnica-2.jpg","width":1329,"height":1329},{"@type":"BreadcrumbList","@id":"https:\/\/www.iskreni.net\/trgovina\/product\/dragi-papez-francisek\/#breadcrumb","itemListElement":[{"@type":"ListItem","position":1,"name":"Home","item":"https:\/\/www.iskreni.net\/trgovina\/"},{"@type":"ListItem","position":2,"name":"Trgovina","item":"https:\/\/www.iskreni.net\/trgovina\/trgovina\/"},{"@type":"ListItem","position":3,"name":"Dragi pape\u017e Fran\u010di\u0161ek"}]},{"@type":"WebSite","@id":"https:\/\/www.iskreni.net\/trgovina\/#website","url":"https:\/\/www.iskreni.net\/trgovina\/","name":"Zavod Iskreni","description":"trgovina","potentialAction":[{"@type":"SearchAction","target":{"@type":"EntryPoint","urlTemplate":"https:\/\/www.iskreni.net\/trgovina\/?s={search_term_string}"},"query-input":{"@type":"PropertyValueSpecification","valueRequired":true,"valueName":"search_term_string"}}],"inLanguage":"sl-SI"}]}},"_links":{"self":[{"href":"https:\/\/www.iskreni.net\/trgovina\/wp-json\/wp\/v2\/product\/1236","targetHints":{"allow":["GET"]}}],"collection":[{"href":"https:\/\/www.iskreni.net\/trgovina\/wp-json\/wp\/v2\/product"}],"about":[{"href":"https:\/\/www.iskreni.net\/trgovina\/wp-json\/wp\/v2\/types\/product"}],"replies":[{"embeddable":true,"href":"https:\/\/www.iskreni.net\/trgovina\/wp-json\/wp\/v2\/comments?post=1236"}],"version-history":[{"count":3,"href":"https:\/\/www.iskreni.net\/trgovina\/wp-json\/wp\/v2\/product\/1236\/revisions"}],"predecessor-version":[{"id":72697,"href":"https:\/\/www.iskreni.net\/trgovina\/wp-json\/wp\/v2\/product\/1236\/revisions\/72697"}],"wp:featuredmedia":[{"embeddable":true,"href":"https:\/\/www.iskreni.net\/trgovina\/wp-json\/wp\/v2\/media\/2830"}],"wp:attachment":[{"href":"https:\/\/www.iskreni.net\/trgovina\/wp-json\/wp\/v2\/media?parent=1236"}],"wp:term":[{"taxonomy":"product_brand","embeddable":true,"href":"https:\/\/www.iskreni.net\/trgovina\/wp-json\/wp\/v2\/product_brand?post=1236"},{"taxonomy":"product_cat","embeddable":true,"href":"https:\/\/www.iskreni.net\/trgovina\/wp-json\/wp\/v2\/product_cat?post=1236"},{"taxonomy":"product_tag","embeddable":true,"href":"https:\/\/www.iskreni.net\/trgovina\/wp-json\/wp\/v2\/product_tag?post=1236"},{"taxonomy":"avtor","embeddable":true,"href":"https:\/\/www.iskreni.net\/trgovina\/wp-json\/wp\/v2\/avtor?post=1236"},{"taxonomy":"zalozba","embeddable":true,"href":"https:\/\/www.iskreni.net\/trgovina\/wp-json\/wp\/v2\/zalozba?post=1236"},{"taxonomy":"vezava","embeddable":true,"href":"https:\/\/www.iskreni.net\/trgovina\/wp-json\/wp\/v2\/vezava?post=1236"}],"curies":[{"name":"wp","href":"https:\/\/api.w.org\/{rel}","templated":true}]}}