{"id":1234,"date":"2016-11-04T11:29:55","date_gmt":"2016-11-04T10:29:55","guid":{"rendered":"http:\/\/rojstnidan.si\/?post_type=product&#038;p=1234"},"modified":"2023-11-02T16:04:34","modified_gmt":"2023-11-02T15:04:34","slug":"duhovnik-med-prostitutkami","status":"publish","type":"product","link":"https:\/\/www.iskreni.net\/trgovina\/product\/duhovnik-med-prostitutkami\/","title":{"rendered":"Duhovnik med prostitutkami"},"content":{"rendered":"<h4>O knjigi <em>Duhovnik med prostitutkami<\/em><\/h4>\n<p>Francoski pater Jean-Philippe je eden izmed tistih oznanjevalcev vere, ki so svoje \u017eivljenje posvetili ljudem z obrobja dru\u017ebe. V pari\u0161kem Bulonjskem gozdu vsi poznajo njegov avtodom, ki vselej z odprtimi vrati sprejema mo\u0161ke in \u017eenske, \u2018prijatelje no\u010di\u2019. Prostor\u010dek miru in topline, pa tudi kapela na kolesih, v kateri se govori o dobroti, lepoti in resnici.<\/p>\n<p>V tej knjigi opisuje svoje te\u017eko otro\u0161tvo, star\u0161e, ki so ga zanemarjali, odnose v dru\u017eini, s star\u0161i, bratom in sestro, \u0161olske dni in vajeni\u0161ko dobo, ko se je u\u010dil za peka. Iskreno pove, kako zelo te\u017eko se je u\u010dil v \u0161oli, opisuje vse stranpoti, na katerih se je zna\u0161el, iskanje identitete, stike z dekleti, be\u017ene zaljubljenosti.<\/p>\n<p>V tovarni Peugeot, kjer se je zaposlil, je spoznal pravo prijateljstvo in vrednote katoli\u0161ke vere, ki jo je prej zavra\u010dal. Profesorji na univerzi, kjer je \u0161tudiral teologijo in filozofijo, so zbudili njegov um, naravno radovednost in zanimanje za svet in duhovna vpra\u0161anja.<\/p>\n<p>Kot duhovnik je najprej delal z ljudmi s posebnimi potrebami, nato z odvisniki in zaporniki in slednji\u010d s prostitutkami na obrobju Pariza. To je pretresljivo pri\u010devanje o trpljenju najbolj preziranih, ki jih je na\u0161a dru\u017eba potisnila na rob ali zavrgla, a jim pater Jean-Philippe dobrotljivo in so\u010dutno prisluhne, pomaga, stoji ob strani in jim s tem vra\u010da dostojanstvo bo\u017ejih otrok.<\/p>\n<p>Na vpra\u0161anje, kateri je najstarej\u0161i poklic, pater odgovarja &#8211; biti mama. O\u0161vrkne dvoli\u010dnost, sprenevedanje, zatiskanje o\u010di pred trpljenjem in udobje &#8220;spodobnih&#8221; kristjanov in prostodu\u0161no prizna, da v delu njegove du\u0161e prebiva komunist.<\/p>\n<p>Pi\u0161e tudi o svoji duhovni poti in oblikovanju zna\u010daja. Nekdaj divji uli\u010dni otrok, prestra\u0161en, jezljiv in nezaupljiv zaradi slabih izku\u0161enj, se je postopoma nau\u010dil ravnati mirno in premi\u0161ljeno, \u0161e vedno pa v\u010dasih potrebuje psiholo\u0161ko pomo\u010d. Njegovo res odli\u010dno pisanje odlikujeta tudi iskrivost in igriv humor.<\/p>\n<p>&nbsp;<\/p>\n<p><a href=\"https:\/\/www.iskreni.net\/trgovina\/wp-content\/uploads\/2022\/09\/Duhovnik-med-prostitutkami-izsek-za-splet.pdf\">Prelistajte knjigo<\/a><\/p>\n<p>&nbsp;<\/p>\n<p><iframe title=\"Duhovnik med prostitutkami: Jean Philippe Chauveau\" width=\"640\" height=\"360\" src=\"https:\/\/www.youtube.com\/embed\/VnL-omM6re8?feature=oembed\" frameborder=\"0\" allow=\"accelerometer; autoplay; clipboard-write; encrypted-media; gyroscope; picture-in-picture; web-share\" referrerpolicy=\"strict-origin-when-cross-origin\" allowfullscreen><\/iframe><\/p>\n<p>&nbsp;<\/p>\n","protected":false},"excerpt":{"rendered":"<p><strong>Prevajalec: <\/strong>Marija \u0160eme<br \/>\n<strong>Leto izdaje:<\/strong> 2015<br \/>\n<strong>\u0160tevilo strani:<\/strong> 264<\/p>\n<h4><strong>Podnevi zaporni\u0161ki duhovnik, pono\u010di spovednik prostitutk. Izjemno pri\u010devanje o upanju, ki bo va\u0161e zakoreninjene predstave postavilo na glavo!<\/strong><\/h4>\n<p><a href=\"https:\/\/www.iskreni.net\/trgovina\/wp-content\/uploads\/2022\/09\/Duhovnik-med-prostitutkami-izsek-za-splet.pdf\">Prelistajte knjigo<\/a><\/p>\n","protected":false},"featured_media":1235,"comment_status":"open","ping_status":"closed","template":"","meta":[],"product_brand":[255],"product_cat":[2324,63],"product_tag":[],"avtor":[2606],"zalozba":[2335],"vezava":[2307],"class_list":{"0":"post-1234","1":"product","2":"type-product","3":"status-publish","4":"has-post-thumbnail","6":"product_brand-zalozba-emanuel","7":"product_cat-duhovnost-in-osebna-rast","8":"product_cat-knjige","9":"avtor-p-jean-philippe-chauveau","10":"zalozba-zalozba-emanuel","11":"vezava-mehka","13":"first","14":"instock","15":"taxable","16":"shipping-taxable","17":"purchasable","18":"product-type-simple"},"yoast_head":"<!-- This site is optimized with the Yoast SEO plugin v26.3 - https:\/\/yoast.com\/wordpress\/plugins\/seo\/ -->\n<title>Duhovnik med prostitutkami - trgovina Zavod Iskreni<\/title>\n<meta name=\"description\" content=\"Duhovnik med prostitutkami je izjemno pri\u010devanje duhovnika, ki je podnevi zaporni\u0161ki duhovnik, pono\u010di spovednik prostituk.\" \/>\n<meta name=\"robots\" content=\"index, follow, max-snippet:-1, max-image-preview:large, max-video-preview:-1\" \/>\n<link rel=\"canonical\" href=\"https:\/\/www.iskreni.net\/trgovina\/product\/duhovnik-med-prostitutkami\/\" \/>\n<meta property=\"og:locale\" content=\"sl_SI\" \/>\n<meta property=\"og:type\" content=\"article\" \/>\n<meta property=\"og:title\" content=\"Duhovnik med prostitutkami - trgovina Zavod Iskreni\" \/>\n<meta property=\"og:description\" content=\"Duhovnik med prostitutkami je izjemno pri\u010devanje duhovnika, ki je podnevi zaporni\u0161ki duhovnik, pono\u010di spovednik prostituk.\" \/>\n<meta property=\"og:url\" content=\"https:\/\/www.iskreni.net\/trgovina\/product\/duhovnik-med-prostitutkami\/\" \/>\n<meta property=\"og:site_name\" content=\"Zavod Iskreni\" \/>\n<meta property=\"article:modified_time\" content=\"2023-11-02T15:04:34+00:00\" \/>\n<meta property=\"og:image\" content=\"https:\/\/www.iskreni.net\/trgovina\/wp-content\/uploads\/2016\/11\/Duhovnik-med-prostitutkami.jpg\" \/>\n\t<meta property=\"og:image:width\" content=\"915\" \/>\n\t<meta property=\"og:image:height\" content=\"1300\" \/>\n\t<meta property=\"og:image:type\" content=\"image\/jpeg\" \/>\n<meta name=\"twitter:card\" content=\"summary_large_image\" \/>\n<meta name=\"twitter:label1\" content=\"Est. reading time\" \/>\n\t<meta name=\"twitter:data1\" content=\"2 minuti\" \/>\n<script type=\"application\/ld+json\" class=\"yoast-schema-graph\">{\"@context\":\"https:\/\/schema.org\",\"@graph\":[{\"@type\":\"WebPage\",\"@id\":\"https:\/\/www.iskreni.net\/trgovina\/product\/duhovnik-med-prostitutkami\/\",\"url\":\"https:\/\/www.iskreni.net\/trgovina\/product\/duhovnik-med-prostitutkami\/\",\"name\":\"Duhovnik med prostitutkami - trgovina Zavod Iskreni\",\"isPartOf\":{\"@id\":\"https:\/\/www.iskreni.net\/trgovina\/#website\"},\"primaryImageOfPage\":{\"@id\":\"https:\/\/www.iskreni.net\/trgovina\/product\/duhovnik-med-prostitutkami\/#primaryimage\"},\"image\":{\"@id\":\"https:\/\/www.iskreni.net\/trgovina\/product\/duhovnik-med-prostitutkami\/#primaryimage\"},\"thumbnailUrl\":\"https:\/\/www.iskreni.net\/trgovina\/wp-content\/uploads\/2016\/11\/Duhovnik-med-prostitutkami.jpg\",\"datePublished\":\"2016-11-04T10:29:55+00:00\",\"dateModified\":\"2023-11-02T15:04:34+00:00\",\"description\":\"Duhovnik med prostitutkami je izjemno pri\u010devanje duhovnika, ki je podnevi zaporni\u0161ki duhovnik, pono\u010di spovednik prostituk.\",\"breadcrumb\":{\"@id\":\"https:\/\/www.iskreni.net\/trgovina\/product\/duhovnik-med-prostitutkami\/#breadcrumb\"},\"inLanguage\":\"sl-SI\",\"potentialAction\":[{\"@type\":\"ReadAction\",\"target\":[\"https:\/\/www.iskreni.net\/trgovina\/product\/duhovnik-med-prostitutkami\/\"]}]},{\"@type\":\"ImageObject\",\"inLanguage\":\"sl-SI\",\"@id\":\"https:\/\/www.iskreni.net\/trgovina\/product\/duhovnik-med-prostitutkami\/#primaryimage\",\"url\":\"https:\/\/www.iskreni.net\/trgovina\/wp-content\/uploads\/2016\/11\/Duhovnik-med-prostitutkami.jpg\",\"contentUrl\":\"https:\/\/www.iskreni.net\/trgovina\/wp-content\/uploads\/2016\/11\/Duhovnik-med-prostitutkami.jpg\",\"width\":915,\"height\":1300},{\"@type\":\"BreadcrumbList\",\"@id\":\"https:\/\/www.iskreni.net\/trgovina\/product\/duhovnik-med-prostitutkami\/#breadcrumb\",\"itemListElement\":[{\"@type\":\"ListItem\",\"position\":1,\"name\":\"Home\",\"item\":\"https:\/\/www.iskreni.net\/trgovina\/\"},{\"@type\":\"ListItem\",\"position\":2,\"name\":\"Trgovina\",\"item\":\"https:\/\/www.iskreni.net\/trgovina\/trgovina\/\"},{\"@type\":\"ListItem\",\"position\":3,\"name\":\"Duhovnik med prostitutkami\"}]},{\"@type\":\"WebSite\",\"@id\":\"https:\/\/www.iskreni.net\/trgovina\/#website\",\"url\":\"https:\/\/www.iskreni.net\/trgovina\/\",\"name\":\"Zavod Iskreni\",\"description\":\"trgovina\",\"potentialAction\":[{\"@type\":\"SearchAction\",\"target\":{\"@type\":\"EntryPoint\",\"urlTemplate\":\"https:\/\/www.iskreni.net\/trgovina\/?s={search_term_string}\"},\"query-input\":{\"@type\":\"PropertyValueSpecification\",\"valueRequired\":true,\"valueName\":\"search_term_string\"}}],\"inLanguage\":\"sl-SI\"}]}<\/script>\n<!-- \/ Yoast SEO plugin. -->","yoast_head_json":{"title":"Duhovnik med prostitutkami - trgovina Zavod Iskreni","description":"Duhovnik med prostitutkami je izjemno pri\u010devanje duhovnika, ki je podnevi zaporni\u0161ki duhovnik, pono\u010di spovednik prostituk.","robots":{"index":"index","follow":"follow","max-snippet":"max-snippet:-1","max-image-preview":"max-image-preview:large","max-video-preview":"max-video-preview:-1"},"canonical":"https:\/\/www.iskreni.net\/trgovina\/product\/duhovnik-med-prostitutkami\/","og_locale":"sl_SI","og_type":"article","og_title":"Duhovnik med prostitutkami - trgovina Zavod Iskreni","og_description":"Duhovnik med prostitutkami je izjemno pri\u010devanje duhovnika, ki je podnevi zaporni\u0161ki duhovnik, pono\u010di spovednik prostituk.","og_url":"https:\/\/www.iskreni.net\/trgovina\/product\/duhovnik-med-prostitutkami\/","og_site_name":"Zavod Iskreni","article_modified_time":"2023-11-02T15:04:34+00:00","og_image":[{"width":915,"height":1300,"url":"https:\/\/www.iskreni.net\/trgovina\/wp-content\/uploads\/2016\/11\/Duhovnik-med-prostitutkami.jpg","type":"image\/jpeg"}],"twitter_card":"summary_large_image","twitter_misc":{"Est. reading time":"2 minuti"},"schema":{"@context":"https:\/\/schema.org","@graph":[{"@type":"WebPage","@id":"https:\/\/www.iskreni.net\/trgovina\/product\/duhovnik-med-prostitutkami\/","url":"https:\/\/www.iskreni.net\/trgovina\/product\/duhovnik-med-prostitutkami\/","name":"Duhovnik med prostitutkami - trgovina Zavod Iskreni","isPartOf":{"@id":"https:\/\/www.iskreni.net\/trgovina\/#website"},"primaryImageOfPage":{"@id":"https:\/\/www.iskreni.net\/trgovina\/product\/duhovnik-med-prostitutkami\/#primaryimage"},"image":{"@id":"https:\/\/www.iskreni.net\/trgovina\/product\/duhovnik-med-prostitutkami\/#primaryimage"},"thumbnailUrl":"https:\/\/www.iskreni.net\/trgovina\/wp-content\/uploads\/2016\/11\/Duhovnik-med-prostitutkami.jpg","datePublished":"2016-11-04T10:29:55+00:00","dateModified":"2023-11-02T15:04:34+00:00","description":"Duhovnik med prostitutkami je izjemno pri\u010devanje duhovnika, ki je podnevi zaporni\u0161ki duhovnik, pono\u010di spovednik prostituk.","breadcrumb":{"@id":"https:\/\/www.iskreni.net\/trgovina\/product\/duhovnik-med-prostitutkami\/#breadcrumb"},"inLanguage":"sl-SI","potentialAction":[{"@type":"ReadAction","target":["https:\/\/www.iskreni.net\/trgovina\/product\/duhovnik-med-prostitutkami\/"]}]},{"@type":"ImageObject","inLanguage":"sl-SI","@id":"https:\/\/www.iskreni.net\/trgovina\/product\/duhovnik-med-prostitutkami\/#primaryimage","url":"https:\/\/www.iskreni.net\/trgovina\/wp-content\/uploads\/2016\/11\/Duhovnik-med-prostitutkami.jpg","contentUrl":"https:\/\/www.iskreni.net\/trgovina\/wp-content\/uploads\/2016\/11\/Duhovnik-med-prostitutkami.jpg","width":915,"height":1300},{"@type":"BreadcrumbList","@id":"https:\/\/www.iskreni.net\/trgovina\/product\/duhovnik-med-prostitutkami\/#breadcrumb","itemListElement":[{"@type":"ListItem","position":1,"name":"Home","item":"https:\/\/www.iskreni.net\/trgovina\/"},{"@type":"ListItem","position":2,"name":"Trgovina","item":"https:\/\/www.iskreni.net\/trgovina\/trgovina\/"},{"@type":"ListItem","position":3,"name":"Duhovnik med prostitutkami"}]},{"@type":"WebSite","@id":"https:\/\/www.iskreni.net\/trgovina\/#website","url":"https:\/\/www.iskreni.net\/trgovina\/","name":"Zavod Iskreni","description":"trgovina","potentialAction":[{"@type":"SearchAction","target":{"@type":"EntryPoint","urlTemplate":"https:\/\/www.iskreni.net\/trgovina\/?s={search_term_string}"},"query-input":{"@type":"PropertyValueSpecification","valueRequired":true,"valueName":"search_term_string"}}],"inLanguage":"sl-SI"}]}},"_links":{"self":[{"href":"https:\/\/www.iskreni.net\/trgovina\/wp-json\/wp\/v2\/product\/1234","targetHints":{"allow":["GET"]}}],"collection":[{"href":"https:\/\/www.iskreni.net\/trgovina\/wp-json\/wp\/v2\/product"}],"about":[{"href":"https:\/\/www.iskreni.net\/trgovina\/wp-json\/wp\/v2\/types\/product"}],"replies":[{"embeddable":true,"href":"https:\/\/www.iskreni.net\/trgovina\/wp-json\/wp\/v2\/comments?post=1234"}],"version-history":[{"count":6,"href":"https:\/\/www.iskreni.net\/trgovina\/wp-json\/wp\/v2\/product\/1234\/revisions"}],"predecessor-version":[{"id":70563,"href":"https:\/\/www.iskreni.net\/trgovina\/wp-json\/wp\/v2\/product\/1234\/revisions\/70563"}],"wp:featuredmedia":[{"embeddable":true,"href":"https:\/\/www.iskreni.net\/trgovina\/wp-json\/wp\/v2\/media\/1235"}],"wp:attachment":[{"href":"https:\/\/www.iskreni.net\/trgovina\/wp-json\/wp\/v2\/media?parent=1234"}],"wp:term":[{"taxonomy":"product_brand","embeddable":true,"href":"https:\/\/www.iskreni.net\/trgovina\/wp-json\/wp\/v2\/product_brand?post=1234"},{"taxonomy":"product_cat","embeddable":true,"href":"https:\/\/www.iskreni.net\/trgovina\/wp-json\/wp\/v2\/product_cat?post=1234"},{"taxonomy":"product_tag","embeddable":true,"href":"https:\/\/www.iskreni.net\/trgovina\/wp-json\/wp\/v2\/product_tag?post=1234"},{"taxonomy":"avtor","embeddable":true,"href":"https:\/\/www.iskreni.net\/trgovina\/wp-json\/wp\/v2\/avtor?post=1234"},{"taxonomy":"zalozba","embeddable":true,"href":"https:\/\/www.iskreni.net\/trgovina\/wp-json\/wp\/v2\/zalozba?post=1234"},{"taxonomy":"vezava","embeddable":true,"href":"https:\/\/www.iskreni.net\/trgovina\/wp-json\/wp\/v2\/vezava?post=1234"}],"curies":[{"name":"wp","href":"https:\/\/api.w.org\/{rel}","templated":true}]}}