{"id":1221,"date":"2016-11-03T16:20:08","date_gmt":"2016-11-03T15:20:08","guid":{"rendered":"http:\/\/rojstnidan.si\/?post_type=product&#038;p=1221"},"modified":"2024-05-09T11:07:10","modified_gmt":"2024-05-09T09:07:10","slug":"kuhinja-v-dvoje","status":"publish","type":"product","link":"https:\/\/www.iskreni.net\/trgovina\/product\/kuhinja-v-dvoje\/","title":{"rendered":"Kuhinja v dvoje"},"content":{"rendered":"<h4>O knjigi <em>Kuhinja v dvoje<\/em>:<\/h4>\n<p>Kuhinja v dvoje je kuharska knjiga za pare, s katero \u017eelijo avtorji odpihniti \u2018nebodigatreba\u2019 prepri\u010danje, da je kuhanje zahtevno in dolgo\u010dasno opravilo. Kuhanje v dvoje je krasen na\u010din, kako la\u017eje najti in ohraniti veselje do ustvarjanja v kuhinji in je odli\u010dna prilo\u017enost za poglabljanje medsebojnega odnosa.<\/p>\n<p>Knjiga je napisana v dvojini, zato nagovarja predvsem pare. Namenjena je \u0161e posebej mladim, ki za\u010denjajo skupno pot v lastnem gospodinjstvu, saj \u017eeli pomagati pri za\u010detni\u0161ki zadregi za \u0161tedilnikom hkrati pa spodbuja vse pare k spro\u0161\u010denemu in igrivemu ustvarjanju v dvoje.<\/p>\n<p>Izbor receptov obsega zajtrke, predjedi, prigrizke, juhe, solate, glavne jedi ter sladice in pija\u010de. Poleg jedi evropske in mediteranske kuhinje bodo bralci v njej na\u0161li tudi eksoti\u010dne jedi iz razli\u010dnih koncev sveta. Recepti so jasni in enostavni in zato izvedljivi tudi za kuharsko manj izku\u0161ene, hkrati pa knjiga predstavlja vir kuharskih navdihov za razli\u010dne prilo\u017enosti, s katerimi se sre\u010dujejo pari \u2013 od hitrega kosila do slavnostne ve\u010derje, praznovanja ali zabave.<\/p>\n","protected":false},"excerpt":{"rendered":"<div class=\"product-description\">\n<h4><strong>Navdihujo\u010di recepti za skupno ustvarjanje v kuhinji.<\/strong><\/h4>\n<p>&nbsp;<\/p>\n<p><strong>Avtor:\u00a0<\/strong>Valena, Male\u017ei\u010d in drugi<br \/>\n<strong>Zalo\u017eba:<\/strong> Samozal. J. Valena<br \/>\n<strong>Leto izdaje:<\/strong> 2015<br \/>\n<strong>\u0160tevilo strani: <\/strong>178<\/p>\n<p>&nbsp;<\/p>\n<p>&nbsp;<\/p>\n<\/div>\n<p>&nbsp;<\/p>\n","protected":false},"featured_media":1222,"comment_status":"open","ping_status":"closed","template":"","meta":[],"product_brand":[258],"product_cat":[2327,63],"product_tag":[468,410,1663],"avtor":[],"zalozba":[],"vezava":[],"class_list":{"0":"post-1221","1":"product","2":"type-product","3":"status-publish","4":"has-post-thumbnail","6":"product_brand-druge-zalozbe","7":"product_cat-prirocniki-in-vodniki","8":"product_cat-knjige","9":"product_tag-hrana","10":"product_tag-poroka","11":"product_tag-recepti","13":"first","14":"instock","15":"taxable","16":"shipping-taxable","17":"purchasable","18":"product-type-simple"},"yoast_head":"<!-- This site is optimized with the Yoast SEO plugin v26.3 - https:\/\/yoast.com\/wordpress\/plugins\/seo\/ -->\n<title>Kuhinja v dvoje - trgovina Iskreni<\/title>\n<meta name=\"description\" content=\"Kuhinja v dvoje je prikupen dru\u017einsko-prijateljski kuharski priro\u010dnik, ki vabi in spodbuja k skupnemu ustvarjanju v kuhinji.\" \/>\n<meta name=\"robots\" content=\"index, follow, max-snippet:-1, max-image-preview:large, max-video-preview:-1\" \/>\n<link rel=\"canonical\" href=\"https:\/\/www.iskreni.net\/trgovina\/product\/kuhinja-v-dvoje\/\" \/>\n<meta property=\"og:locale\" content=\"sl_SI\" \/>\n<meta property=\"og:type\" content=\"article\" \/>\n<meta property=\"og:title\" content=\"Kuhinja v dvoje - trgovina Iskreni\" \/>\n<meta property=\"og:description\" content=\"Kuhinja v dvoje je prikupen dru\u017einsko-prijateljski kuharski priro\u010dnik, ki vabi in spodbuja k skupnemu ustvarjanju v kuhinji.\" \/>\n<meta property=\"og:url\" content=\"https:\/\/www.iskreni.net\/trgovina\/product\/kuhinja-v-dvoje\/\" \/>\n<meta property=\"og:site_name\" content=\"Zavod Iskreni\" \/>\n<meta property=\"article:modified_time\" content=\"2024-05-09T09:07:10+00:00\" \/>\n<meta property=\"og:image\" content=\"https:\/\/www.iskreni.net\/trgovina\/wp-content\/uploads\/2016\/11\/page-00001.jpg\" \/>\n\t<meta property=\"og:image:width\" content=\"1024\" \/>\n\t<meta property=\"og:image:height\" content=\"1280\" \/>\n\t<meta property=\"og:image:type\" content=\"image\/jpeg\" \/>\n<meta name=\"twitter:card\" content=\"summary_large_image\" \/>\n<meta name=\"twitter:label1\" content=\"Est. reading time\" \/>\n\t<meta name=\"twitter:data1\" content=\"2 minuti\" \/>\n<script type=\"application\/ld+json\" class=\"yoast-schema-graph\">{\"@context\":\"https:\/\/schema.org\",\"@graph\":[{\"@type\":\"WebPage\",\"@id\":\"https:\/\/www.iskreni.net\/trgovina\/product\/kuhinja-v-dvoje\/\",\"url\":\"https:\/\/www.iskreni.net\/trgovina\/product\/kuhinja-v-dvoje\/\",\"name\":\"Kuhinja v dvoje - trgovina Iskreni\",\"isPartOf\":{\"@id\":\"https:\/\/www.iskreni.net\/trgovina\/#website\"},\"primaryImageOfPage\":{\"@id\":\"https:\/\/www.iskreni.net\/trgovina\/product\/kuhinja-v-dvoje\/#primaryimage\"},\"image\":{\"@id\":\"https:\/\/www.iskreni.net\/trgovina\/product\/kuhinja-v-dvoje\/#primaryimage\"},\"thumbnailUrl\":\"https:\/\/www.iskreni.net\/trgovina\/wp-content\/uploads\/2016\/11\/page-00001.jpg\",\"datePublished\":\"2016-11-03T15:20:08+00:00\",\"dateModified\":\"2024-05-09T09:07:10+00:00\",\"description\":\"Kuhinja v dvoje je prikupen dru\u017einsko-prijateljski kuharski priro\u010dnik, ki vabi in spodbuja k skupnemu ustvarjanju v kuhinji.\",\"breadcrumb\":{\"@id\":\"https:\/\/www.iskreni.net\/trgovina\/product\/kuhinja-v-dvoje\/#breadcrumb\"},\"inLanguage\":\"sl-SI\",\"potentialAction\":[{\"@type\":\"ReadAction\",\"target\":[\"https:\/\/www.iskreni.net\/trgovina\/product\/kuhinja-v-dvoje\/\"]}]},{\"@type\":\"ImageObject\",\"inLanguage\":\"sl-SI\",\"@id\":\"https:\/\/www.iskreni.net\/trgovina\/product\/kuhinja-v-dvoje\/#primaryimage\",\"url\":\"https:\/\/www.iskreni.net\/trgovina\/wp-content\/uploads\/2016\/11\/page-00001.jpg\",\"contentUrl\":\"https:\/\/www.iskreni.net\/trgovina\/wp-content\/uploads\/2016\/11\/page-00001.jpg\",\"width\":1024,\"height\":1280},{\"@type\":\"BreadcrumbList\",\"@id\":\"https:\/\/www.iskreni.net\/trgovina\/product\/kuhinja-v-dvoje\/#breadcrumb\",\"itemListElement\":[{\"@type\":\"ListItem\",\"position\":1,\"name\":\"Home\",\"item\":\"https:\/\/www.iskreni.net\/trgovina\/\"},{\"@type\":\"ListItem\",\"position\":2,\"name\":\"Trgovina\",\"item\":\"https:\/\/www.iskreni.net\/trgovina\/trgovina\/\"},{\"@type\":\"ListItem\",\"position\":3,\"name\":\"Kuhinja v dvoje\"}]},{\"@type\":\"WebSite\",\"@id\":\"https:\/\/www.iskreni.net\/trgovina\/#website\",\"url\":\"https:\/\/www.iskreni.net\/trgovina\/\",\"name\":\"Zavod Iskreni\",\"description\":\"trgovina\",\"potentialAction\":[{\"@type\":\"SearchAction\",\"target\":{\"@type\":\"EntryPoint\",\"urlTemplate\":\"https:\/\/www.iskreni.net\/trgovina\/?s={search_term_string}\"},\"query-input\":{\"@type\":\"PropertyValueSpecification\",\"valueRequired\":true,\"valueName\":\"search_term_string\"}}],\"inLanguage\":\"sl-SI\"}]}<\/script>\n<!-- \/ Yoast SEO plugin. -->","yoast_head_json":{"title":"Kuhinja v dvoje - trgovina Iskreni","description":"Kuhinja v dvoje je prikupen dru\u017einsko-prijateljski kuharski priro\u010dnik, ki vabi in spodbuja k skupnemu ustvarjanju v kuhinji.","robots":{"index":"index","follow":"follow","max-snippet":"max-snippet:-1","max-image-preview":"max-image-preview:large","max-video-preview":"max-video-preview:-1"},"canonical":"https:\/\/www.iskreni.net\/trgovina\/product\/kuhinja-v-dvoje\/","og_locale":"sl_SI","og_type":"article","og_title":"Kuhinja v dvoje - trgovina Iskreni","og_description":"Kuhinja v dvoje je prikupen dru\u017einsko-prijateljski kuharski priro\u010dnik, ki vabi in spodbuja k skupnemu ustvarjanju v kuhinji.","og_url":"https:\/\/www.iskreni.net\/trgovina\/product\/kuhinja-v-dvoje\/","og_site_name":"Zavod Iskreni","article_modified_time":"2024-05-09T09:07:10+00:00","og_image":[{"width":1024,"height":1280,"url":"https:\/\/www.iskreni.net\/trgovina\/wp-content\/uploads\/2016\/11\/page-00001.jpg","type":"image\/jpeg"}],"twitter_card":"summary_large_image","twitter_misc":{"Est. reading time":"2 minuti"},"schema":{"@context":"https:\/\/schema.org","@graph":[{"@type":"WebPage","@id":"https:\/\/www.iskreni.net\/trgovina\/product\/kuhinja-v-dvoje\/","url":"https:\/\/www.iskreni.net\/trgovina\/product\/kuhinja-v-dvoje\/","name":"Kuhinja v dvoje - trgovina Iskreni","isPartOf":{"@id":"https:\/\/www.iskreni.net\/trgovina\/#website"},"primaryImageOfPage":{"@id":"https:\/\/www.iskreni.net\/trgovina\/product\/kuhinja-v-dvoje\/#primaryimage"},"image":{"@id":"https:\/\/www.iskreni.net\/trgovina\/product\/kuhinja-v-dvoje\/#primaryimage"},"thumbnailUrl":"https:\/\/www.iskreni.net\/trgovina\/wp-content\/uploads\/2016\/11\/page-00001.jpg","datePublished":"2016-11-03T15:20:08+00:00","dateModified":"2024-05-09T09:07:10+00:00","description":"Kuhinja v dvoje je prikupen dru\u017einsko-prijateljski kuharski priro\u010dnik, ki vabi in spodbuja k skupnemu ustvarjanju v kuhinji.","breadcrumb":{"@id":"https:\/\/www.iskreni.net\/trgovina\/product\/kuhinja-v-dvoje\/#breadcrumb"},"inLanguage":"sl-SI","potentialAction":[{"@type":"ReadAction","target":["https:\/\/www.iskreni.net\/trgovina\/product\/kuhinja-v-dvoje\/"]}]},{"@type":"ImageObject","inLanguage":"sl-SI","@id":"https:\/\/www.iskreni.net\/trgovina\/product\/kuhinja-v-dvoje\/#primaryimage","url":"https:\/\/www.iskreni.net\/trgovina\/wp-content\/uploads\/2016\/11\/page-00001.jpg","contentUrl":"https:\/\/www.iskreni.net\/trgovina\/wp-content\/uploads\/2016\/11\/page-00001.jpg","width":1024,"height":1280},{"@type":"BreadcrumbList","@id":"https:\/\/www.iskreni.net\/trgovina\/product\/kuhinja-v-dvoje\/#breadcrumb","itemListElement":[{"@type":"ListItem","position":1,"name":"Home","item":"https:\/\/www.iskreni.net\/trgovina\/"},{"@type":"ListItem","position":2,"name":"Trgovina","item":"https:\/\/www.iskreni.net\/trgovina\/trgovina\/"},{"@type":"ListItem","position":3,"name":"Kuhinja v dvoje"}]},{"@type":"WebSite","@id":"https:\/\/www.iskreni.net\/trgovina\/#website","url":"https:\/\/www.iskreni.net\/trgovina\/","name":"Zavod Iskreni","description":"trgovina","potentialAction":[{"@type":"SearchAction","target":{"@type":"EntryPoint","urlTemplate":"https:\/\/www.iskreni.net\/trgovina\/?s={search_term_string}"},"query-input":{"@type":"PropertyValueSpecification","valueRequired":true,"valueName":"search_term_string"}}],"inLanguage":"sl-SI"}]}},"_links":{"self":[{"href":"https:\/\/www.iskreni.net\/trgovina\/wp-json\/wp\/v2\/product\/1221","targetHints":{"allow":["GET"]}}],"collection":[{"href":"https:\/\/www.iskreni.net\/trgovina\/wp-json\/wp\/v2\/product"}],"about":[{"href":"https:\/\/www.iskreni.net\/trgovina\/wp-json\/wp\/v2\/types\/product"}],"replies":[{"embeddable":true,"href":"https:\/\/www.iskreni.net\/trgovina\/wp-json\/wp\/v2\/comments?post=1221"}],"version-history":[{"count":2,"href":"https:\/\/www.iskreni.net\/trgovina\/wp-json\/wp\/v2\/product\/1221\/revisions"}],"predecessor-version":[{"id":58911,"href":"https:\/\/www.iskreni.net\/trgovina\/wp-json\/wp\/v2\/product\/1221\/revisions\/58911"}],"wp:featuredmedia":[{"embeddable":true,"href":"https:\/\/www.iskreni.net\/trgovina\/wp-json\/wp\/v2\/media\/1222"}],"wp:attachment":[{"href":"https:\/\/www.iskreni.net\/trgovina\/wp-json\/wp\/v2\/media?parent=1221"}],"wp:term":[{"taxonomy":"product_brand","embeddable":true,"href":"https:\/\/www.iskreni.net\/trgovina\/wp-json\/wp\/v2\/product_brand?post=1221"},{"taxonomy":"product_cat","embeddable":true,"href":"https:\/\/www.iskreni.net\/trgovina\/wp-json\/wp\/v2\/product_cat?post=1221"},{"taxonomy":"product_tag","embeddable":true,"href":"https:\/\/www.iskreni.net\/trgovina\/wp-json\/wp\/v2\/product_tag?post=1221"},{"taxonomy":"avtor","embeddable":true,"href":"https:\/\/www.iskreni.net\/trgovina\/wp-json\/wp\/v2\/avtor?post=1221"},{"taxonomy":"zalozba","embeddable":true,"href":"https:\/\/www.iskreni.net\/trgovina\/wp-json\/wp\/v2\/zalozba?post=1221"},{"taxonomy":"vezava","embeddable":true,"href":"https:\/\/www.iskreni.net\/trgovina\/wp-json\/wp\/v2\/vezava?post=1221"}],"curies":[{"name":"wp","href":"https:\/\/api.w.org\/{rel}","templated":true}]}}